{"id":53029,"date":"2026-04-20T13:06:34","date_gmt":"2026-04-20T11:06:34","guid":{"rendered":"https:\/\/laguiole.com\/produit\/laguiole-mustard-yellow-grain-luxe-leather-case-elegant-accessory-with-french-flag\/"},"modified":"2026-04-20T13:06:34","modified_gmt":"2026-04-20T11:06:34","slug":"laguiole-mustard-yellow-grain-luxe-leather-case-elegant-accessory-with-french-flag","status":"publish","type":"product","link":"https:\/\/laguiole.com\/en\/produit\/laguiole-mustard-yellow-grain-luxe-leather-case-elegant-accessory-with-french-flag\/","title":{"rendered":"Laguiole Mustard Yellow Grain Luxe leather case \u2013 Elegant accessory with French flag"},"content":{"rendered":"<h2 data-section-id=\"1tlak4w\" data-start=\"169\" data-end=\"238\">Mustard yellow luxury grained leather sheath \u2013 For Laguiole knives 10 to 12 cm<\/h2>\n<p data-start=\"240\" data-end=\"540\">Give your knife elegant and luminous protection with this <strong data-start=\"309\" data-end=\"343\">yellow luxury grained leather sheath<\/strong>. Designed for <strong data-start=\"360\" data-end=\"415\">Laguiole knives and folding knives from 10 to 12 cm<\/strong>, it perfectly combines style, safety and practicality. Plus, it fits easily into a bag for everyday use.  <\/p>\n<hr data-start=\"542\" data-end=\"545\">\n<h3 data-section-id=\"16vzty3\" data-start=\"547\" data-end=\"604\">\u2728 A high-end leather case with neat finishes<\/h3>\n<p data-start=\"605\" data-end=\"790\">First of all, this case is made of <strong data-start=\"644\" data-end=\"667\">premium grained leather<\/strong>. Its texture is natural, soft and pleasant to the touch. In addition, it does not have any paint or artificial finishes.  <\/p>\n<p data-start=\"792\" data-end=\"1017\">Then, <strong data-start=\"805\" data-end=\"831\">the tone-on-tone topstitching<\/strong> reinforces the solidity while providing an elegant finish. In addition, the interior is <strong data-start=\"926\" data-end=\"948\">fully lined<\/strong>. This way, your knife remains protected against scratches and impacts.  <\/p>\n<p data-start=\"1019\" data-end=\"1210\">Finally, the <strong data-start=\"1029\" data-end=\"1046\">leather flap<\/strong> ensures a secure fit. It also reveals a distinctive detail: \ud83c\uddeb\ud83c\uddf7 <strong data-start=\"1125\" data-end=\"1170\">a discreet French flag under the flap<\/strong>, a symbol of quality and know-how. <\/p>\n<hr data-start=\"1212\" data-end=\"1215\">\n<h3 data-section-id=\"puguyp\" data-start=\"1217\" data-end=\"1262\">\ud83c\udfa8 A bright and elegant yellow colour<\/h3>\n<p data-start=\"1263\" data-end=\"1443\">This model is distinguished by its <strong data-start=\"1294\" data-end=\"1311\">mustard yellow color.<\/strong> Luminous, original and refined, it brings a touch of character to your knife. However, it remains easy to associate.  <\/p>\n<p data-start=\"1445\" data-end=\"1504\">Indeed, it goes perfectly with handles made of:<\/p>\n<ul data-start=\"1505\" data-end=\"1556\">\n<li data-section-id=\"53yh0f\" data-start=\"1505\" data-end=\"1517\"><strong data-start=\"1507\" data-end=\"1515\">Wood<\/strong><\/li>\n<li data-section-id=\"144sscd\" data-start=\"1518\" data-end=\"1531\"><strong data-start=\"1520\" data-end=\"1529\">horn<\/strong><\/li>\n<li data-section-id=\"24dwm7\" data-start=\"1532\" data-end=\"1556\"><strong data-start=\"1534\" data-end=\"1554\">Mineral matter<\/strong><\/li>\n<\/ul>\n<p data-start=\"1558\" data-end=\"1720\">Thus, this case creates an elegant contrast or a natural harmony depending on the knife. Plus, its bright hue makes it easy to <strong data-start=\"1678\" data-end=\"1719\">spot the case in a bag<\/strong>. <\/p>\n<hr data-start=\"1722\" data-end=\"1725\">\n<h3 data-section-id=\"1wfbwex\" data-start=\"1727\" data-end=\"1762\">\ud83d\udd2a Knife Compatibility<\/h3>\n<p data-start=\"1763\" data-end=\"1801\">This case is perfectly suited for:<\/p>\n<ul data-start=\"1803\" data-end=\"1948\">\n<li data-section-id=\"69jf5g\" data-start=\"1803\" data-end=\"1859\"><strong data-start=\"1805\" data-end=\"1857\">Laguiole knives (Layol \/ Layeux) from 10 to 12 cm<\/strong><\/li>\n<li data-section-id=\"1uzoclq\" data-start=\"1860\" data-end=\"1905\"><strong data-start=\"1862\" data-end=\"1903\">Double plate knives up to 12 cm<\/strong><\/li>\n<li data-section-id=\"13ehzfc\" data-start=\"1906\" data-end=\"1948\"><strong data-start=\"1908\" data-end=\"1946\">two-piece knives up to 12 cm<\/strong><\/li>\n<li data-section-id=\"13ehzfc\" data-start=\"1906\" data-end=\"1948\"><strong>Sommeliers<\/strong><\/li>\n<li data-section-id=\"13ehzfc\" data-start=\"1906\" data-end=\"1948\"><strong>cigar cutter<\/strong><\/li>\n<\/ul>\n<p data-start=\"1950\" data-end=\"1989\">On the other hand, it is not suitable for:<\/p>\n<ul data-start=\"1990\" data-end=\"2066\">\n<li data-section-id=\"ksyvq3\" data-start=\"1990\" data-end=\"2019\">knives over 12 cm<\/li>\n<li data-section-id=\"xnoonq\" data-start=\"2020\" data-end=\"2066\">Hunting knives with thick handles<\/li>\n<\/ul>\n<hr data-start=\"2068\" data-end=\"2071\">\n<h3 data-section-id=\"1krxnv8\" data-start=\"2073\" data-end=\"2111\">\ud83c\udfaf A practical case for everyday use<\/h3>\n<p data-start=\"2112\" data-end=\"2282\">Thanks to its compact size, this case is easy to carry. It is <strong data-start=\"2182\" data-end=\"2221\">ideal for storage in a bag<\/strong>. This way, your knife remains protected in all circumstances.  <\/p>\n<p data-start=\"2284\" data-end=\"2390\">However, it is less suitable for carrying in a pocket. It prioritizes safety and comfort on the go. <\/p>\n<hr data-start=\"2392\" data-end=\"2395\">\n<h3 data-section-id=\"1mor4d9\" data-start=\"2397\" data-end=\"2440\">\ud83d\udcbc A chic and durable leather accessory<\/h3>\n<p data-start=\"2441\" data-end=\"2698\">In summary, this <strong data-start=\"2456\" data-end=\"2489\">luxury mustard yellow Laguiole leather case<\/strong> combines aesthetics and robustness. It is aimed at demanding enthusiasts who are looking for a <strong data-start=\"2577\" data-end=\"2605\">high-end<\/strong>, practical and durable accessory. This way, you enhance your knife while protecting it effectively.  <\/p>\n","protected":false},"excerpt":{"rendered":"<p>Luxury case grained leather bag<br \/>\nColors: Mustard Yellow<br \/>\nSingle flap closure without pressure<br \/>\nNo belt<br \/>\nloop French flag at the edge of the case under the flap<br \/>\nTone-on-tone<br \/>\nstitching Fully lined leather<br \/>\nVery pleasant touch<\/p>\n<p>Length: 14cm flap closed<br \/>\nTotal width: 5cm<br \/>\nInterior width: 4cm<\/p>\n<p><strong>Suitable for all Laguiole knives up to 12 cm including double plates and 2-piece knives (with corkscrew) as well as sommeliers and cigar cutters<\/strong><\/p>\n<p>Not suitable for knives over 12cm or hunting types.<\/p>\n","protected":false},"featured_media":53160,"template":"","meta":{"_acf_changed":false,"_monsterinsights_skip_tracking":false,"_monsterinsights_sitenote_active":false,"_monsterinsights_sitenote_note":"","_monsterinsights_sitenote_category":0},"product_brand":[],"product_cat":[160],"product_tag":[],"class_list":{"0":"post-53029","1":"product","2":"type-product","3":"status-publish","4":"has-post-thumbnail","6":"product_cat-leather-cases","7":"pa_etuis-cuir-pour-10-cm-en-2","8":"pa_etuis-cuir-pour-11-12-cm-en","9":"pa_etuis-cuir-pour-couteau-avec-sommelier","10":"pa_etuis-cuir-pour-knife-with-corkscrew","11":"pa_etuis-cuir-pour-laguiole-en-2","12":"pa_etuis-cuir-pour-corkscrew-en","13":"tm-no-options","16":"instock","17":"taxable","18":"shipping-taxable","19":"purchasable","20":"product-type-simple"},"supplier_id":null,"supplier_sku":"","barcode":null,"atum_controlled":true,"out_stock_date":null,"out_stock_threshold":null,"inheritable":false,"inbound_stock":0,"stock_on_hold":0,"sold_today":0,"sales_last_days":0,"reserved_stock":0,"customer_returns":0,"warehouse_damage":0,"lost_in_post":0,"other_logs":0,"out_stock_days":0,"lost_sales":0,"has_location":false,"update_date":"2026-04-28T00:42:15","atum_locations":[],"atum_stock_status":"instock","restock_status":false,"low_stock_amount":"","sales_update_date":"2026-04-28T00:42:15","calc_backorders":null,"acf":[],"yoast_head":"<!-- This site is optimized with the Yoast SEO plugin v27.3 - https:\/\/yoast.com\/product\/yoast-seo-wordpress\/ -->\n<title>Laguiole leather case France<\/title>\n<meta name=\"description\" content=\"Laguiole Mustard Yellow Luxury Leather Case 10\u201312 cm \ud83c\uddeb\ud83c\uddf7 \u2013 Lined, Resistant, Secure Flap. Perfect with wood, horn or mineral. High-end\" \/>\n<meta name=\"robots\" content=\"index, follow, max-snippet:-1, max-image-preview:large, max-video-preview:-1\" \/>\n<link rel=\"canonical\" href=\"https:\/\/laguiole.com\/en\/produit\/laguiole-mustard-yellow-grain-luxe-leather-case-elegant-accessory-with-french-flag\/\" \/>\n<meta property=\"og:locale\" content=\"en_US\" \/>\n<meta property=\"og:type\" content=\"article\" \/>\n<meta property=\"og:title\" content=\"Laguiole leather case France\" \/>\n<meta property=\"og:description\" content=\"Laguiole Mustard Yellow Luxury Leather Case 10\u201312 cm \ud83c\uddeb\ud83c\uddf7 \u2013 Lined, Resistant, Secure Flap. Perfect with wood, horn or mineral. High-end\" \/>\n<meta property=\"og:url\" content=\"https:\/\/laguiole.com\/en\/produit\/laguiole-mustard-yellow-grain-luxe-leather-case-elegant-accessory-with-french-flag\/\" \/>\n<meta property=\"og:site_name\" content=\"Laguiole.com \u00ae\" \/>\n<meta property=\"article:publisher\" content=\"https:\/\/www.facebook.com\/laguiolecom\/\" \/>\n<meta property=\"og:image\" content=\"https:\/\/laguiole.com\/wp-content\/uploads\/2026\/04\/Etui_cuire_jaune_Max_Capedebarthes_00-corrige.jpg\" \/>\n\t<meta property=\"og:image:width\" content=\"1033\" \/>\n\t<meta property=\"og:image:height\" content=\"1033\" \/>\n\t<meta property=\"og:image:type\" content=\"image\/jpeg\" \/>\n<meta name=\"twitter:card\" content=\"summary_large_image\" \/>\n<meta name=\"twitter:label1\" content=\"Est. reading time\" \/>\n\t<meta name=\"twitter:data1\" content=\"2 minutes\" \/>\n<script type=\"application\/ld+json\" class=\"yoast-schema-graph\">{\"@context\":\"https:\\\/\\\/schema.org\",\"@graph\":[{\"@type\":\"WebPage\",\"@id\":\"https:\\\/\\\/laguiole.com\\\/en\\\/produit\\\/laguiole-mustard-yellow-grain-luxe-leather-case-elegant-accessory-with-french-flag\\\/\",\"url\":\"https:\\\/\\\/laguiole.com\\\/en\\\/produit\\\/laguiole-mustard-yellow-grain-luxe-leather-case-elegant-accessory-with-french-flag\\\/\",\"name\":\"Laguiole leather case France\",\"isPartOf\":{\"@id\":\"https:\\\/\\\/laguiole.com\\\/en\\\/#website\"},\"primaryImageOfPage\":{\"@id\":\"https:\\\/\\\/laguiole.com\\\/en\\\/produit\\\/laguiole-mustard-yellow-grain-luxe-leather-case-elegant-accessory-with-french-flag\\\/#primaryimage\"},\"image\":{\"@id\":\"https:\\\/\\\/laguiole.com\\\/en\\\/produit\\\/laguiole-mustard-yellow-grain-luxe-leather-case-elegant-accessory-with-french-flag\\\/#primaryimage\"},\"thumbnailUrl\":\"https:\\\/\\\/laguiole.com\\\/wp-content\\\/uploads\\\/2026\\\/04\\\/Etui_cuire_jaune_Max_Capedebarthes_00-corrige.jpg\",\"datePublished\":\"2026-04-20T11:06:34+00:00\",\"description\":\"Laguiole Mustard Yellow Luxury Leather Case 10\u201312 cm \ud83c\uddeb\ud83c\uddf7 \u2013 Lined, Resistant, Secure Flap. Perfect with wood, horn or mineral. High-end\",\"breadcrumb\":{\"@id\":\"https:\\\/\\\/laguiole.com\\\/en\\\/produit\\\/laguiole-mustard-yellow-grain-luxe-leather-case-elegant-accessory-with-french-flag\\\/#breadcrumb\"},\"inLanguage\":\"en-US\",\"potentialAction\":[{\"@type\":\"ReadAction\",\"target\":[\"https:\\\/\\\/laguiole.com\\\/en\\\/produit\\\/laguiole-mustard-yellow-grain-luxe-leather-case-elegant-accessory-with-french-flag\\\/\"]}]},{\"@type\":\"ImageObject\",\"inLanguage\":\"en-US\",\"@id\":\"https:\\\/\\\/laguiole.com\\\/en\\\/produit\\\/laguiole-mustard-yellow-grain-luxe-leather-case-elegant-accessory-with-french-flag\\\/#primaryimage\",\"url\":\"https:\\\/\\\/laguiole.com\\\/wp-content\\\/uploads\\\/2026\\\/04\\\/Etui_cuire_jaune_Max_Capedebarthes_00-corrige.jpg\",\"contentUrl\":\"https:\\\/\\\/laguiole.com\\\/wp-content\\\/uploads\\\/2026\\\/04\\\/Etui_cuire_jaune_Max_Capedebarthes_00-corrige.jpg\",\"width\":1033,\"height\":1033,\"caption\":\"\u00c9tui cuir Laguiole Jaune Moutarde grain\u00e9 Luxe \u2013 Accessoire \u00e9l\u00e9gant avec drapeau fran\u00e7ais\"},{\"@type\":\"BreadcrumbList\",\"@id\":\"https:\\\/\\\/laguiole.com\\\/en\\\/produit\\\/laguiole-mustard-yellow-grain-luxe-leather-case-elegant-accessory-with-french-flag\\\/#breadcrumb\",\"itemListElement\":[{\"@type\":\"ListItem\",\"position\":1,\"name\":\"Accueil\",\"item\":\"https:\\\/\\\/laguiole.com\\\/en\\\/\"},{\"@type\":\"ListItem\",\"position\":2,\"name\":\"Shop\",\"item\":\"https:\\\/\\\/laguiole.com\\\/en\\\/shop\\\/\"},{\"@type\":\"ListItem\",\"position\":3,\"name\":\"Laguiole Mustard Yellow Grain Luxe leather case \u2013 Elegant accessory with French flag\"}]},{\"@type\":\"WebSite\",\"@id\":\"https:\\\/\\\/laguiole.com\\\/en\\\/#website\",\"url\":\"https:\\\/\\\/laguiole.com\\\/en\\\/\",\"name\":\"Laguiole.com\",\"description\":\"Laguiole - Couteau laguiole, Chateau Laguiole, Laguiole en Aubrac, Forge de Laguiole\",\"publisher\":{\"@id\":\"https:\\\/\\\/laguiole.com\\\/en\\\/#organization\"},\"potentialAction\":[{\"@type\":\"SearchAction\",\"target\":{\"@type\":\"EntryPoint\",\"urlTemplate\":\"https:\\\/\\\/laguiole.com\\\/en\\\/?s={search_term_string}\"},\"query-input\":{\"@type\":\"PropertyValueSpecification\",\"valueRequired\":true,\"valueName\":\"search_term_string\"}}],\"inLanguage\":\"en-US\"},{\"@type\":\"Organization\",\"@id\":\"https:\\\/\\\/laguiole.com\\\/en\\\/#organization\",\"name\":\"Laguiole.com\",\"url\":\"https:\\\/\\\/laguiole.com\\\/en\\\/\",\"logo\":{\"@type\":\"ImageObject\",\"inLanguage\":\"en-US\",\"@id\":\"https:\\\/\\\/laguiole.com\\\/en\\\/#\\\/schema\\\/logo\\\/image\\\/\",\"url\":\"https:\\\/\\\/laguiole.com\\\/wp-content\\\/uploads\\\/2021\\\/02\\\/logo_laguiole.com-horizontal.jpg\",\"contentUrl\":\"https:\\\/\\\/laguiole.com\\\/wp-content\\\/uploads\\\/2021\\\/02\\\/logo_laguiole.com-horizontal.jpg\",\"width\":490,\"height\":156,\"caption\":\"Laguiole.com\"},\"image\":{\"@id\":\"https:\\\/\\\/laguiole.com\\\/en\\\/#\\\/schema\\\/logo\\\/image\\\/\"},\"sameAs\":[\"https:\\\/\\\/www.facebook.com\\\/laguiolecom\\\/\",\"https:\\\/\\\/www.instagram.com\\\/laguiolecom\\\/\",\"https:\\\/\\\/www.youtube.com\\\/@laguiolecom\\\/videos\"]}]}<\/script>\n<!-- \/ Yoast SEO plugin. -->","yoast_head_json":{"title":"Laguiole leather case France","description":"Laguiole Mustard Yellow Luxury Leather Case 10\u201312 cm \ud83c\uddeb\ud83c\uddf7 \u2013 Lined, Resistant, Secure Flap. Perfect with wood, horn or mineral. High-end","robots":{"index":"index","follow":"follow","max-snippet":"max-snippet:-1","max-image-preview":"max-image-preview:large","max-video-preview":"max-video-preview:-1"},"canonical":"https:\/\/laguiole.com\/en\/produit\/laguiole-mustard-yellow-grain-luxe-leather-case-elegant-accessory-with-french-flag\/","og_locale":"en_US","og_type":"article","og_title":"Laguiole leather case France","og_description":"Laguiole Mustard Yellow Luxury Leather Case 10\u201312 cm \ud83c\uddeb\ud83c\uddf7 \u2013 Lined, Resistant, Secure Flap. Perfect with wood, horn or mineral. High-end","og_url":"https:\/\/laguiole.com\/en\/produit\/laguiole-mustard-yellow-grain-luxe-leather-case-elegant-accessory-with-french-flag\/","og_site_name":"Laguiole.com \u00ae","article_publisher":"https:\/\/www.facebook.com\/laguiolecom\/","og_image":[{"width":1033,"height":1033,"url":"https:\/\/laguiole.com\/wp-content\/uploads\/2026\/04\/Etui_cuire_jaune_Max_Capedebarthes_00-corrige.jpg","type":"image\/jpeg"}],"twitter_card":"summary_large_image","twitter_misc":{"Est. reading time":"2 minutes"},"schema":{"@context":"https:\/\/schema.org","@graph":[{"@type":"WebPage","@id":"https:\/\/laguiole.com\/en\/produit\/laguiole-mustard-yellow-grain-luxe-leather-case-elegant-accessory-with-french-flag\/","url":"https:\/\/laguiole.com\/en\/produit\/laguiole-mustard-yellow-grain-luxe-leather-case-elegant-accessory-with-french-flag\/","name":"Laguiole leather case France","isPartOf":{"@id":"https:\/\/laguiole.com\/en\/#website"},"primaryImageOfPage":{"@id":"https:\/\/laguiole.com\/en\/produit\/laguiole-mustard-yellow-grain-luxe-leather-case-elegant-accessory-with-french-flag\/#primaryimage"},"image":{"@id":"https:\/\/laguiole.com\/en\/produit\/laguiole-mustard-yellow-grain-luxe-leather-case-elegant-accessory-with-french-flag\/#primaryimage"},"thumbnailUrl":"https:\/\/laguiole.com\/wp-content\/uploads\/2026\/04\/Etui_cuire_jaune_Max_Capedebarthes_00-corrige.jpg","datePublished":"2026-04-20T11:06:34+00:00","description":"Laguiole Mustard Yellow Luxury Leather Case 10\u201312 cm \ud83c\uddeb\ud83c\uddf7 \u2013 Lined, Resistant, Secure Flap. Perfect with wood, horn or mineral. High-end","breadcrumb":{"@id":"https:\/\/laguiole.com\/en\/produit\/laguiole-mustard-yellow-grain-luxe-leather-case-elegant-accessory-with-french-flag\/#breadcrumb"},"inLanguage":"en-US","potentialAction":[{"@type":"ReadAction","target":["https:\/\/laguiole.com\/en\/produit\/laguiole-mustard-yellow-grain-luxe-leather-case-elegant-accessory-with-french-flag\/"]}]},{"@type":"ImageObject","inLanguage":"en-US","@id":"https:\/\/laguiole.com\/en\/produit\/laguiole-mustard-yellow-grain-luxe-leather-case-elegant-accessory-with-french-flag\/#primaryimage","url":"https:\/\/laguiole.com\/wp-content\/uploads\/2026\/04\/Etui_cuire_jaune_Max_Capedebarthes_00-corrige.jpg","contentUrl":"https:\/\/laguiole.com\/wp-content\/uploads\/2026\/04\/Etui_cuire_jaune_Max_Capedebarthes_00-corrige.jpg","width":1033,"height":1033,"caption":"\u00c9tui cuir Laguiole Jaune Moutarde grain\u00e9 Luxe \u2013 Accessoire \u00e9l\u00e9gant avec drapeau fran\u00e7ais"},{"@type":"BreadcrumbList","@id":"https:\/\/laguiole.com\/en\/produit\/laguiole-mustard-yellow-grain-luxe-leather-case-elegant-accessory-with-french-flag\/#breadcrumb","itemListElement":[{"@type":"ListItem","position":1,"name":"Accueil","item":"https:\/\/laguiole.com\/en\/"},{"@type":"ListItem","position":2,"name":"Shop","item":"https:\/\/laguiole.com\/en\/shop\/"},{"@type":"ListItem","position":3,"name":"Laguiole Mustard Yellow Grain Luxe leather case \u2013 Elegant accessory with French flag"}]},{"@type":"WebSite","@id":"https:\/\/laguiole.com\/en\/#website","url":"https:\/\/laguiole.com\/en\/","name":"Laguiole.com","description":"Laguiole - Couteau laguiole, Chateau Laguiole, Laguiole en Aubrac, Forge de Laguiole","publisher":{"@id":"https:\/\/laguiole.com\/en\/#organization"},"potentialAction":[{"@type":"SearchAction","target":{"@type":"EntryPoint","urlTemplate":"https:\/\/laguiole.com\/en\/?s={search_term_string}"},"query-input":{"@type":"PropertyValueSpecification","valueRequired":true,"valueName":"search_term_string"}}],"inLanguage":"en-US"},{"@type":"Organization","@id":"https:\/\/laguiole.com\/en\/#organization","name":"Laguiole.com","url":"https:\/\/laguiole.com\/en\/","logo":{"@type":"ImageObject","inLanguage":"en-US","@id":"https:\/\/laguiole.com\/en\/#\/schema\/logo\/image\/","url":"https:\/\/laguiole.com\/wp-content\/uploads\/2021\/02\/logo_laguiole.com-horizontal.jpg","contentUrl":"https:\/\/laguiole.com\/wp-content\/uploads\/2021\/02\/logo_laguiole.com-horizontal.jpg","width":490,"height":156,"caption":"Laguiole.com"},"image":{"@id":"https:\/\/laguiole.com\/en\/#\/schema\/logo\/image\/"},"sameAs":["https:\/\/www.facebook.com\/laguiolecom\/","https:\/\/www.instagram.com\/laguiolecom\/","https:\/\/www.youtube.com\/@laguiolecom\/videos"]}]}},"_links":{"self":[{"href":"https:\/\/laguiole.com\/en\/wp-json\/wp\/v2\/product\/53029","targetHints":{"allow":["GET"]}}],"collection":[{"href":"https:\/\/laguiole.com\/en\/wp-json\/wp\/v2\/product"}],"about":[{"href":"https:\/\/laguiole.com\/en\/wp-json\/wp\/v2\/types\/product"}],"version-history":[{"count":0,"href":"https:\/\/laguiole.com\/en\/wp-json\/wp\/v2\/product\/53029\/revisions"}],"wp:featuredmedia":[{"embeddable":true,"href":"https:\/\/laguiole.com\/en\/wp-json\/wp\/v2\/media\/53160"}],"wp:attachment":[{"href":"https:\/\/laguiole.com\/en\/wp-json\/wp\/v2\/media?parent=53029"}],"wp:term":[{"taxonomy":"product_brand","embeddable":true,"href":"https:\/\/laguiole.com\/en\/wp-json\/wp\/v2\/product_brand?post=53029"},{"taxonomy":"product_cat","embeddable":true,"href":"https:\/\/laguiole.com\/en\/wp-json\/wp\/v2\/product_cat?post=53029"},{"taxonomy":"product_tag","embeddable":true,"href":"https:\/\/laguiole.com\/en\/wp-json\/wp\/v2\/product_tag?post=53029"}],"curies":[{"name":"wp","href":"https:\/\/api.w.org\/{rel}","templated":true}]}}