{"id":53027,"date":"2026-04-21T17:17:01","date_gmt":"2026-04-21T15:17:01","guid":{"rendered":"https:\/\/laguiole.com\/produit\/laguiole-fushia-rose-grained-luxe-leather-case-elegant-accessory-with-french-flag\/"},"modified":"2026-04-21T17:17:01","modified_gmt":"2026-04-21T15:17:01","slug":"laguiole-fushia-rose-grained-luxe-leather-case-elegant-accessory-with-french-flag","status":"publish","type":"product","link":"https:\/\/laguiole.com\/en\/produit\/laguiole-fushia-rose-grained-luxe-leather-case-elegant-accessory-with-french-flag\/","title":{"rendered":"Laguiole Fushia Rose Grained Luxe Leather Case \u2013 Elegant accessory with French flag"},"content":{"rendered":"<h2 data-section-id=\"16vfg7h\" data-start=\"0\" data-end=\"76\">Fuchsia pink luxury grained leather sheath \u2013 For Laguiole knives 9 to 12 cm<\/h2>\n<p data-start=\"78\" data-end=\"412\">Give your knife protection that is both elegant and bold with this fuchsia pink luxury grained leather sheath. Designed for Laguiole knives and folding knives from 9 to 12 cm, it perfectly combines style, safety and practicality. Its size also makes it easy to slip into a bag for everyday use.  <\/p>\n<hr data-start=\"414\" data-end=\"417\">\n<h3 data-section-id=\"r46akz\" data-start=\"419\" data-end=\"475\">\u2728 A high-end leather case with refined finishes<\/h3>\n<p data-start=\"477\" data-end=\"691\">First and foremost, this case is made of premium grained leather, known for its natural, supple texture that is pleasant to the touch. It has no paint or artificial finishes, guaranteeing an authentic look. <\/p>\n<p data-start=\"693\" data-end=\"909\">In addition, the tone-on-tone stitching reinforces its solidity while providing a touch of discreet elegance. The interior, fully lined, effectively protects your knife against scratches and small bumps. <\/p>\n<p data-start=\"911\" data-end=\"1096\">Finally, the leather flap ensures a secure closure. It also reveals a distinctive detail: \ud83c\uddeb\ud83c\uddf7 a discreet French flag under the flap, a symbol of quality and craftsmanship. <\/p>\n<hr data-start=\"1098\" data-end=\"1101\">\n<h3 data-section-id=\"10nkw4t\" data-start=\"1103\" data-end=\"1156\">\ud83c\udfa8 A vibrant and sophisticated fuchsia pink colour<\/h3>\n<p data-start=\"1158\" data-end=\"1336\">This model is distinguished by its fuchsia pink color. Bright, modern and refined at the same time, it brings a real touch of character to your knife while remaining elegant. <\/p>\n<p data-start=\"1338\" data-end=\"1388\">It goes harmoniously with sleeves made of:<\/p>\n<ul data-start=\"1390\" data-end=\"1431\">\n<li data-section-id=\"1c4um1r\" data-start=\"1390\" data-end=\"1398\">Wood<\/li>\n<li data-section-id=\"23sgsd\" data-start=\"1399\" data-end=\"1408\">horn<\/li>\n<li data-section-id=\"9txh1b\" data-start=\"1409\" data-end=\"1431\">Mineral materials<\/li>\n<\/ul>\n<p data-start=\"1433\" data-end=\"1605\">Thus, this case creates either a bold contrast or a subtle harmony depending on the style of the knife. Its bright shade also makes it easy to spot in a bag. <\/p>\n<hr data-start=\"1607\" data-end=\"1610\">\n<h3 data-section-id=\"2h5521\" data-start=\"1612\" data-end=\"1645\">\ud83d\udd2a Knife Compatibility<\/h3>\n<p data-start=\"1647\" data-end=\"1685\">This case is perfectly suited for:<\/p>\n<ul data-start=\"1687\" data-end=\"1853\">\n<li data-section-id=\"18ogbuc\" data-start=\"1687\" data-end=\"1739\">Laguiole knives from 9 to 12 cm<\/li>\n<li data-section-id=\"1cnx39q\" data-start=\"1740\" data-end=\"1781\">Double plate knives up to 12 cm<\/li>\n<li data-section-id=\"1ij2za0\" data-start=\"1782\" data-end=\"1820\">two-piece knives up to 12 cm<\/li>\n<li data-section-id=\"xtclps\" data-start=\"1821\" data-end=\"1835\">Sommeliers<\/li>\n<li data-section-id=\"1x1740x\" data-start=\"1836\" data-end=\"1853\">Cigar cutters<\/li>\n<\/ul>\n<p data-start=\"1855\" data-end=\"1892\">On the other hand, it is not suitable for:<\/p>\n<ul data-start=\"1894\" data-end=\"1970\">\n<li data-section-id=\"ksyvq3\" data-start=\"1894\" data-end=\"1923\">knives over 12 cm<\/li>\n<li data-section-id=\"xnoonq\" data-start=\"1924\" data-end=\"1970\">Hunting knives with thick handles<\/li>\n<\/ul>\n<hr data-start=\"1972\" data-end=\"1975\">\n<h3 data-section-id=\"1y1f3mc\" data-start=\"1977\" data-end=\"2013\">\ud83c\udfaf A practical case for everyday use<\/h3>\n<p data-start=\"2015\" data-end=\"2191\">Thanks to its compact size, this case is easy to carry and ideal for storage in a bag. It effectively protects your knife when you are on the move. <\/p>\n<p data-start=\"2193\" data-end=\"2308\">However, it is less suitable for carrying in a pocket, prioritizing safety and comfort of use above all.<\/p>\n<hr data-start=\"2310\" data-end=\"2313\">\n<h3 data-section-id=\"nekj4t\" data-start=\"2315\" data-end=\"2356\">\ud83d\udcbc A chic and durable leather accessory<\/h3>\n<p data-start=\"2358\" data-end=\"2561\">In summary, this luxury fuchsia pink Laguiole leather case combines aesthetics, robustness and practicality. It is aimed at discerning enthusiasts looking for a high-end, durable and distinctive accessory. <\/p>\n<p data-start=\"2563\" data-end=\"2645\" data-is-last-node=\"\" data-is-only-node=\"\">This way, you highlight your knife while ensuring its optimal protection.<\/p>\n","protected":false},"excerpt":{"rendered":"<p>Luxury Grained Leather Bag<br \/>\nCase Color: Fushia<br \/>\nPink Simple flap closure without snapping<br \/>\nNo belt<br \/>\nloop French flag at the edge of the case under the flap<br \/>\nTone-on-tone<br \/>\nstitching Fully lined leather<br \/>\nVery pleasant touch<\/p>\n<p>Length: 14cm flap closed<br \/>\nTotal width: 5cm<br \/>\nInterior width: 4cm<\/p>\n<p><strong>Suitable for all Laguiole knives up to 12 cm including double plates and 2-piece knives (with corkscrew) as well as sommeliers and cigar cutters<\/strong><\/p>\n<p>Not suitable for knives over 12cm or hunting types.<\/p>\n","protected":false},"featured_media":53175,"template":"","meta":{"_acf_changed":false,"_monsterinsights_skip_tracking":false,"_monsterinsights_sitenote_active":false,"_monsterinsights_sitenote_note":"","_monsterinsights_sitenote_category":0},"product_brand":[],"product_cat":[160],"product_tag":[],"class_list":{"0":"post-53027","1":"product","2":"type-product","3":"status-publish","4":"has-post-thumbnail","6":"product_cat-leather-cases","7":"pa_etuis-cuir-pour-10-cm-en-2","8":"pa_etuis-cuir-pour-11-12-cm-en","9":"pa_etuis-cuir-pour-knife-with-corkscrew","10":"pa_etuis-cuir-pour-couteau-avec-sommelier","11":"pa_etuis-cuir-pour-laguiole-en-2","12":"pa_etuis-cuir-pour-corkscrew-en","13":"tm-no-options","16":"instock","17":"taxable","18":"shipping-taxable","19":"purchasable","20":"product-type-simple"},"supplier_id":null,"supplier_sku":"","barcode":null,"atum_controlled":true,"out_stock_date":null,"out_stock_threshold":null,"inheritable":false,"inbound_stock":0,"stock_on_hold":0,"sold_today":0,"sales_last_days":0,"reserved_stock":0,"customer_returns":0,"warehouse_damage":0,"lost_in_post":0,"other_logs":0,"out_stock_days":0,"lost_sales":0,"has_location":false,"update_date":"2026-04-28T00:42:15","atum_locations":[],"atum_stock_status":"instock","restock_status":false,"low_stock_amount":"","sales_update_date":"2026-04-28T00:42:14","calc_backorders":null,"acf":[],"yoast_head":"<!-- This site is optimized with the Yoast SEO plugin v27.3 - https:\/\/yoast.com\/product\/yoast-seo-wordpress\/ -->\n<title>Laguiole leather case France<\/title>\n<meta name=\"description\" content=\"Laguiole Luxury Beige Leather Case 10\u201312 cm \ud83c\uddeb\ud83c\uddf7 \u2013 Instant elegance! Lined, resistant, secure flap. Perfect with wood, horn or mineral. High-end\" \/>\n<meta name=\"robots\" content=\"index, follow, max-snippet:-1, max-image-preview:large, max-video-preview:-1\" \/>\n<link rel=\"canonical\" href=\"https:\/\/laguiole.com\/en\/produit\/laguiole-fushia-rose-grained-luxe-leather-case-elegant-accessory-with-french-flag\/\" \/>\n<meta property=\"og:locale\" content=\"en_US\" \/>\n<meta property=\"og:type\" content=\"article\" \/>\n<meta property=\"og:title\" content=\"Laguiole leather case France\" \/>\n<meta property=\"og:description\" content=\"Laguiole Luxury Beige Leather Case 10\u201312 cm \ud83c\uddeb\ud83c\uddf7 \u2013 Instant elegance! Lined, resistant, secure flap. Perfect with wood, horn or mineral. High-end\" \/>\n<meta property=\"og:url\" content=\"https:\/\/laguiole.com\/en\/produit\/laguiole-fushia-rose-grained-luxe-leather-case-elegant-accessory-with-french-flag\/\" \/>\n<meta property=\"og:site_name\" content=\"Laguiole.com \u00ae\" \/>\n<meta property=\"article:publisher\" content=\"https:\/\/www.facebook.com\/laguiolecom\/\" \/>\n<meta property=\"og:image\" content=\"https:\/\/laguiole.com\/wp-content\/uploads\/2026\/04\/Etui_cuire_rose_Max_Capedebarthes_00-corrige.jpg\" \/>\n\t<meta property=\"og:image:width\" content=\"1033\" \/>\n\t<meta property=\"og:image:height\" content=\"1033\" \/>\n\t<meta property=\"og:image:type\" content=\"image\/jpeg\" \/>\n<meta name=\"twitter:card\" content=\"summary_large_image\" \/>\n<meta name=\"twitter:label1\" content=\"Est. reading time\" \/>\n\t<meta name=\"twitter:data1\" content=\"2 minutes\" \/>\n<script type=\"application\/ld+json\" class=\"yoast-schema-graph\">{\"@context\":\"https:\\\/\\\/schema.org\",\"@graph\":[{\"@type\":\"WebPage\",\"@id\":\"https:\\\/\\\/laguiole.com\\\/en\\\/produit\\\/laguiole-fushia-rose-grained-luxe-leather-case-elegant-accessory-with-french-flag\\\/\",\"url\":\"https:\\\/\\\/laguiole.com\\\/en\\\/produit\\\/laguiole-fushia-rose-grained-luxe-leather-case-elegant-accessory-with-french-flag\\\/\",\"name\":\"Laguiole leather case France\",\"isPartOf\":{\"@id\":\"https:\\\/\\\/laguiole.com\\\/en\\\/#website\"},\"primaryImageOfPage\":{\"@id\":\"https:\\\/\\\/laguiole.com\\\/en\\\/produit\\\/laguiole-fushia-rose-grained-luxe-leather-case-elegant-accessory-with-french-flag\\\/#primaryimage\"},\"image\":{\"@id\":\"https:\\\/\\\/laguiole.com\\\/en\\\/produit\\\/laguiole-fushia-rose-grained-luxe-leather-case-elegant-accessory-with-french-flag\\\/#primaryimage\"},\"thumbnailUrl\":\"https:\\\/\\\/laguiole.com\\\/wp-content\\\/uploads\\\/2026\\\/04\\\/Etui_cuire_rose_Max_Capedebarthes_00-corrige.jpg\",\"datePublished\":\"2026-04-21T15:17:01+00:00\",\"description\":\"Laguiole Luxury Beige Leather Case 10\u201312 cm \ud83c\uddeb\ud83c\uddf7 \u2013 Instant elegance! Lined, resistant, secure flap. Perfect with wood, horn or mineral. High-end\",\"breadcrumb\":{\"@id\":\"https:\\\/\\\/laguiole.com\\\/en\\\/produit\\\/laguiole-fushia-rose-grained-luxe-leather-case-elegant-accessory-with-french-flag\\\/#breadcrumb\"},\"inLanguage\":\"en-US\",\"potentialAction\":[{\"@type\":\"ReadAction\",\"target\":[\"https:\\\/\\\/laguiole.com\\\/en\\\/produit\\\/laguiole-fushia-rose-grained-luxe-leather-case-elegant-accessory-with-french-flag\\\/\"]}]},{\"@type\":\"ImageObject\",\"inLanguage\":\"en-US\",\"@id\":\"https:\\\/\\\/laguiole.com\\\/en\\\/produit\\\/laguiole-fushia-rose-grained-luxe-leather-case-elegant-accessory-with-french-flag\\\/#primaryimage\",\"url\":\"https:\\\/\\\/laguiole.com\\\/wp-content\\\/uploads\\\/2026\\\/04\\\/Etui_cuire_rose_Max_Capedebarthes_00-corrige.jpg\",\"contentUrl\":\"https:\\\/\\\/laguiole.com\\\/wp-content\\\/uploads\\\/2026\\\/04\\\/Etui_cuire_rose_Max_Capedebarthes_00-corrige.jpg\",\"width\":1033,\"height\":1033,\"caption\":\"\u00c9tui cuir Laguiole Rose Fushia grain\u00e9 Luxe \u2013 Accessoire \u00e9l\u00e9gant avec drapeau fran\u00e7ais\"},{\"@type\":\"BreadcrumbList\",\"@id\":\"https:\\\/\\\/laguiole.com\\\/en\\\/produit\\\/laguiole-fushia-rose-grained-luxe-leather-case-elegant-accessory-with-french-flag\\\/#breadcrumb\",\"itemListElement\":[{\"@type\":\"ListItem\",\"position\":1,\"name\":\"Accueil\",\"item\":\"https:\\\/\\\/laguiole.com\\\/en\\\/\"},{\"@type\":\"ListItem\",\"position\":2,\"name\":\"Shop\",\"item\":\"https:\\\/\\\/laguiole.com\\\/en\\\/shop\\\/\"},{\"@type\":\"ListItem\",\"position\":3,\"name\":\"Laguiole Fushia Rose Grained Luxe Leather Case \u2013 Elegant accessory with French flag\"}]},{\"@type\":\"WebSite\",\"@id\":\"https:\\\/\\\/laguiole.com\\\/en\\\/#website\",\"url\":\"https:\\\/\\\/laguiole.com\\\/en\\\/\",\"name\":\"Laguiole.com\",\"description\":\"Laguiole - Couteau laguiole, Chateau Laguiole, Laguiole en Aubrac, Forge de Laguiole\",\"publisher\":{\"@id\":\"https:\\\/\\\/laguiole.com\\\/en\\\/#organization\"},\"potentialAction\":[{\"@type\":\"SearchAction\",\"target\":{\"@type\":\"EntryPoint\",\"urlTemplate\":\"https:\\\/\\\/laguiole.com\\\/en\\\/?s={search_term_string}\"},\"query-input\":{\"@type\":\"PropertyValueSpecification\",\"valueRequired\":true,\"valueName\":\"search_term_string\"}}],\"inLanguage\":\"en-US\"},{\"@type\":\"Organization\",\"@id\":\"https:\\\/\\\/laguiole.com\\\/en\\\/#organization\",\"name\":\"Laguiole.com\",\"url\":\"https:\\\/\\\/laguiole.com\\\/en\\\/\",\"logo\":{\"@type\":\"ImageObject\",\"inLanguage\":\"en-US\",\"@id\":\"https:\\\/\\\/laguiole.com\\\/en\\\/#\\\/schema\\\/logo\\\/image\\\/\",\"url\":\"https:\\\/\\\/laguiole.com\\\/wp-content\\\/uploads\\\/2021\\\/02\\\/logo_laguiole.com-horizontal.jpg\",\"contentUrl\":\"https:\\\/\\\/laguiole.com\\\/wp-content\\\/uploads\\\/2021\\\/02\\\/logo_laguiole.com-horizontal.jpg\",\"width\":490,\"height\":156,\"caption\":\"Laguiole.com\"},\"image\":{\"@id\":\"https:\\\/\\\/laguiole.com\\\/en\\\/#\\\/schema\\\/logo\\\/image\\\/\"},\"sameAs\":[\"https:\\\/\\\/www.facebook.com\\\/laguiolecom\\\/\",\"https:\\\/\\\/www.instagram.com\\\/laguiolecom\\\/\",\"https:\\\/\\\/www.youtube.com\\\/@laguiolecom\\\/videos\"]}]}<\/script>\n<!-- \/ Yoast SEO plugin. -->","yoast_head_json":{"title":"Laguiole leather case France","description":"Laguiole Luxury Beige Leather Case 10\u201312 cm \ud83c\uddeb\ud83c\uddf7 \u2013 Instant elegance! Lined, resistant, secure flap. Perfect with wood, horn or mineral. High-end","robots":{"index":"index","follow":"follow","max-snippet":"max-snippet:-1","max-image-preview":"max-image-preview:large","max-video-preview":"max-video-preview:-1"},"canonical":"https:\/\/laguiole.com\/en\/produit\/laguiole-fushia-rose-grained-luxe-leather-case-elegant-accessory-with-french-flag\/","og_locale":"en_US","og_type":"article","og_title":"Laguiole leather case France","og_description":"Laguiole Luxury Beige Leather Case 10\u201312 cm \ud83c\uddeb\ud83c\uddf7 \u2013 Instant elegance! Lined, resistant, secure flap. Perfect with wood, horn or mineral. High-end","og_url":"https:\/\/laguiole.com\/en\/produit\/laguiole-fushia-rose-grained-luxe-leather-case-elegant-accessory-with-french-flag\/","og_site_name":"Laguiole.com \u00ae","article_publisher":"https:\/\/www.facebook.com\/laguiolecom\/","og_image":[{"width":1033,"height":1033,"url":"https:\/\/laguiole.com\/wp-content\/uploads\/2026\/04\/Etui_cuire_rose_Max_Capedebarthes_00-corrige.jpg","type":"image\/jpeg"}],"twitter_card":"summary_large_image","twitter_misc":{"Est. reading time":"2 minutes"},"schema":{"@context":"https:\/\/schema.org","@graph":[{"@type":"WebPage","@id":"https:\/\/laguiole.com\/en\/produit\/laguiole-fushia-rose-grained-luxe-leather-case-elegant-accessory-with-french-flag\/","url":"https:\/\/laguiole.com\/en\/produit\/laguiole-fushia-rose-grained-luxe-leather-case-elegant-accessory-with-french-flag\/","name":"Laguiole leather case France","isPartOf":{"@id":"https:\/\/laguiole.com\/en\/#website"},"primaryImageOfPage":{"@id":"https:\/\/laguiole.com\/en\/produit\/laguiole-fushia-rose-grained-luxe-leather-case-elegant-accessory-with-french-flag\/#primaryimage"},"image":{"@id":"https:\/\/laguiole.com\/en\/produit\/laguiole-fushia-rose-grained-luxe-leather-case-elegant-accessory-with-french-flag\/#primaryimage"},"thumbnailUrl":"https:\/\/laguiole.com\/wp-content\/uploads\/2026\/04\/Etui_cuire_rose_Max_Capedebarthes_00-corrige.jpg","datePublished":"2026-04-21T15:17:01+00:00","description":"Laguiole Luxury Beige Leather Case 10\u201312 cm \ud83c\uddeb\ud83c\uddf7 \u2013 Instant elegance! Lined, resistant, secure flap. Perfect with wood, horn or mineral. High-end","breadcrumb":{"@id":"https:\/\/laguiole.com\/en\/produit\/laguiole-fushia-rose-grained-luxe-leather-case-elegant-accessory-with-french-flag\/#breadcrumb"},"inLanguage":"en-US","potentialAction":[{"@type":"ReadAction","target":["https:\/\/laguiole.com\/en\/produit\/laguiole-fushia-rose-grained-luxe-leather-case-elegant-accessory-with-french-flag\/"]}]},{"@type":"ImageObject","inLanguage":"en-US","@id":"https:\/\/laguiole.com\/en\/produit\/laguiole-fushia-rose-grained-luxe-leather-case-elegant-accessory-with-french-flag\/#primaryimage","url":"https:\/\/laguiole.com\/wp-content\/uploads\/2026\/04\/Etui_cuire_rose_Max_Capedebarthes_00-corrige.jpg","contentUrl":"https:\/\/laguiole.com\/wp-content\/uploads\/2026\/04\/Etui_cuire_rose_Max_Capedebarthes_00-corrige.jpg","width":1033,"height":1033,"caption":"\u00c9tui cuir Laguiole Rose Fushia grain\u00e9 Luxe \u2013 Accessoire \u00e9l\u00e9gant avec drapeau fran\u00e7ais"},{"@type":"BreadcrumbList","@id":"https:\/\/laguiole.com\/en\/produit\/laguiole-fushia-rose-grained-luxe-leather-case-elegant-accessory-with-french-flag\/#breadcrumb","itemListElement":[{"@type":"ListItem","position":1,"name":"Accueil","item":"https:\/\/laguiole.com\/en\/"},{"@type":"ListItem","position":2,"name":"Shop","item":"https:\/\/laguiole.com\/en\/shop\/"},{"@type":"ListItem","position":3,"name":"Laguiole Fushia Rose Grained Luxe Leather Case \u2013 Elegant accessory with French flag"}]},{"@type":"WebSite","@id":"https:\/\/laguiole.com\/en\/#website","url":"https:\/\/laguiole.com\/en\/","name":"Laguiole.com","description":"Laguiole - Couteau laguiole, Chateau Laguiole, Laguiole en Aubrac, Forge de Laguiole","publisher":{"@id":"https:\/\/laguiole.com\/en\/#organization"},"potentialAction":[{"@type":"SearchAction","target":{"@type":"EntryPoint","urlTemplate":"https:\/\/laguiole.com\/en\/?s={search_term_string}"},"query-input":{"@type":"PropertyValueSpecification","valueRequired":true,"valueName":"search_term_string"}}],"inLanguage":"en-US"},{"@type":"Organization","@id":"https:\/\/laguiole.com\/en\/#organization","name":"Laguiole.com","url":"https:\/\/laguiole.com\/en\/","logo":{"@type":"ImageObject","inLanguage":"en-US","@id":"https:\/\/laguiole.com\/en\/#\/schema\/logo\/image\/","url":"https:\/\/laguiole.com\/wp-content\/uploads\/2021\/02\/logo_laguiole.com-horizontal.jpg","contentUrl":"https:\/\/laguiole.com\/wp-content\/uploads\/2021\/02\/logo_laguiole.com-horizontal.jpg","width":490,"height":156,"caption":"Laguiole.com"},"image":{"@id":"https:\/\/laguiole.com\/en\/#\/schema\/logo\/image\/"},"sameAs":["https:\/\/www.facebook.com\/laguiolecom\/","https:\/\/www.instagram.com\/laguiolecom\/","https:\/\/www.youtube.com\/@laguiolecom\/videos"]}]}},"_links":{"self":[{"href":"https:\/\/laguiole.com\/en\/wp-json\/wp\/v2\/product\/53027","targetHints":{"allow":["GET"]}}],"collection":[{"href":"https:\/\/laguiole.com\/en\/wp-json\/wp\/v2\/product"}],"about":[{"href":"https:\/\/laguiole.com\/en\/wp-json\/wp\/v2\/types\/product"}],"version-history":[{"count":0,"href":"https:\/\/laguiole.com\/en\/wp-json\/wp\/v2\/product\/53027\/revisions"}],"wp:featuredmedia":[{"embeddable":true,"href":"https:\/\/laguiole.com\/en\/wp-json\/wp\/v2\/media\/53175"}],"wp:attachment":[{"href":"https:\/\/laguiole.com\/en\/wp-json\/wp\/v2\/media?parent=53027"}],"wp:term":[{"taxonomy":"product_brand","embeddable":true,"href":"https:\/\/laguiole.com\/en\/wp-json\/wp\/v2\/product_brand?post=53027"},{"taxonomy":"product_cat","embeddable":true,"href":"https:\/\/laguiole.com\/en\/wp-json\/wp\/v2\/product_cat?post=53027"},{"taxonomy":"product_tag","embeddable":true,"href":"https:\/\/laguiole.com\/en\/wp-json\/wp\/v2\/product_tag?post=53027"}],"curies":[{"name":"wp","href":"https:\/\/api.w.org\/{rel}","templated":true}]}}