{"id":52996,"date":"2026-04-21T17:39:19","date_gmt":"2026-04-21T15:39:19","guid":{"rendered":"https:\/\/laguiole.com\/produit\/laguiole-olive-green-grained-luxury-leather-case-elegant-accessory-with-french-flag\/"},"modified":"2026-04-21T17:39:19","modified_gmt":"2026-04-21T15:39:19","slug":"laguiole-olive-green-grained-luxury-leather-case-elegant-accessory-with-french-flag","status":"publish","type":"product","link":"https:\/\/laguiole.com\/en\/produit\/laguiole-olive-green-grained-luxury-leather-case-elegant-accessory-with-french-flag\/","title":{"rendered":"Laguiole Olive Green Grained Luxury Leather Case \u2013 Elegant accessory with French flag"},"content":{"rendered":"<h2 data-section-id=\"2u2s2x\" data-start=\"0\" data-end=\"74\">Olive green luxury grained leather sheath \u2013 For Laguiole knives 9 to 12 cm<\/h2>\n<p data-start=\"76\" data-end=\"416\">Give your knife elegant and natural protection with this olive green luxury grained leather sheath. Designed especially for Laguiole knives and folding knives from 9 to 12 cm, it combines style, safety and practicality with the right quality. In addition, thanks to its designed format, it fits easily into a bag for everyday use.  <\/p>\n<hr data-start=\"418\" data-end=\"421\">\n<h3 data-section-id=\"g5elsr\" data-start=\"423\" data-end=\"478\">\u2728 A high-end leather case with neat finishes<\/h3>\n<p data-start=\"480\" data-end=\"727\">First of all, this case is made of premium grained leather, known for its natural, supple texture that is particularly pleasant to the touch. In addition, it does not feature any paint or artificial finishes, which enhances its authenticity. <\/p>\n<p data-start=\"729\" data-end=\"1028\">Then, the tone-on-tone topstitching not only consolidates the whole, but also provides an elegant and discreet finish. In addition, the interior is fully lined, which effectively protects your knife against scratches as well as small bumps in everyday life. <\/p>\n<p data-start=\"1030\" data-end=\"1223\">Finally, the leather flap ensures a secure and practical fit. In addition, it reveals a distinctive detail: \ud83c\uddeb\ud83c\uddf7 a discreet French flag under the flap, a symbol of quality and know-how. <\/p>\n<hr data-start=\"1225\" data-end=\"1228\">\n<h3 data-section-id=\"1n9r7t3\" data-start=\"1230\" data-end=\"1275\">\ud83c\udfa8 A sober and refined olive green colour<\/h3>\n<p data-start=\"1277\" data-end=\"1516\">This model is distinguished by its olive green color. Sober, natural and timeless at the same time, it gives your knife an elegant and authentic look. Plus, this nature-inspired shade easily blends in with different styles.  <\/p>\n<p data-start=\"1518\" data-end=\"1577\">Indeed, it harmonizes perfectly with necks made of:<\/p>\n<ul data-start=\"1579\" data-end=\"1620\">\n<li data-section-id=\"1c4um1r\" data-start=\"1579\" data-end=\"1587\">Wood<\/li>\n<li data-section-id=\"23sgsd\" data-start=\"1588\" data-end=\"1597\">horn<\/li>\n<li data-section-id=\"9txh1b\" data-start=\"1598\" data-end=\"1620\">carbon<\/li>\n<\/ul>\n<p data-start=\"1622\" data-end=\"1890\">Thus, depending on the knife, this case can create a natural continuity or, on the contrary, a subtle and refined contrast. Therefore, it remains a versatile and aesthetically pleasing choice. Finally, its soft shade also makes it easy to spot without being too conspicuous.  <\/p>\n<hr data-start=\"1892\" data-end=\"1895\">\n<h3 data-section-id=\"2h5521\" data-start=\"1897\" data-end=\"1930\">\ud83d\udd2a Knife Compatibility<\/h3>\n<p data-start=\"1932\" data-end=\"1970\">This case is perfectly suited for:<\/p>\n<ul data-start=\"1972\" data-end=\"2138\">\n<li data-section-id=\"18ogbuc\" data-start=\"1972\" data-end=\"2024\">Laguiole knives from 9 to 12 cm<\/li>\n<li data-section-id=\"1cnx39q\" data-start=\"2025\" data-end=\"2066\">Double plate knives up to 12 cm<\/li>\n<li data-section-id=\"1ij2za0\" data-start=\"2067\" data-end=\"2105\">two-piece knives up to 12 cm<\/li>\n<li data-section-id=\"xtclps\" data-start=\"2106\" data-end=\"2120\">Sommeliers<\/li>\n<li data-section-id=\"1x1740x\" data-start=\"2121\" data-end=\"2138\">Cigar cutters<\/li>\n<\/ul>\n<p data-start=\"2140\" data-end=\"2177\">On the other hand, it is not suitable for:<\/p>\n<ul data-start=\"2179\" data-end=\"2255\">\n<li data-section-id=\"ksyvq3\" data-start=\"2179\" data-end=\"2208\">knives over 12 cm<\/li>\n<li data-section-id=\"xnoonq\" data-start=\"2209\" data-end=\"2255\">Hunting knives with thick handles<\/li>\n<\/ul>\n<hr data-start=\"2257\" data-end=\"2260\">\n<h3 data-section-id=\"1y1f3mc\" data-start=\"2262\" data-end=\"2298\">\ud83c\udfaf A practical case for everyday use<\/h3>\n<p data-start=\"2300\" data-end=\"2467\">Thanks to its compact size, this case is easy to carry and naturally fits in a bag. This way, your knife remains protected in all circumstances. <\/p>\n<p data-start=\"2469\" data-end=\"2610\">However, it is less suitable for carrying in a pocket. Indeed, it prioritizes safety and comfort when traveling. <\/p>\n<hr data-start=\"2612\" data-end=\"2615\">\n<h3 data-section-id=\"nekj4t\" data-start=\"2617\" data-end=\"2658\">\ud83d\udcbc A chic and durable leather accessory<\/h3>\n<p data-start=\"2660\" data-end=\"2876\">In short, this luxury olive green Laguiole leather case harmoniously combines aesthetics, robustness and practicality. It is aimed at demanding enthusiasts looking for an accessory that is both high-end, durable and elegant. <\/p>\n<p data-start=\"2878\" data-end=\"2982\" data-is-last-node=\"\" data-is-only-node=\"\">By choosing this sheath, you enhance your knife while ensuring reliable and long-lasting protection.<\/p>\n","protected":false},"excerpt":{"rendered":"<p>Luxury Grained Leather Bag<br \/>\nCase Colors: Olive Green<br \/>\nSimple flap closure without pressure<br \/>\nNo belt<br \/>\nloop French flag at the edge of the case under the flap<br \/>\nTone-on-tone<br \/>\nstitching Fully lined leather<br \/>\nVery pleasant touch<\/p>\n<p>Length: 14cm flap closed<br \/>\nTotal width: 5cm<br \/>\nInterior width: 4cm<\/p>\n<p><strong>Suitable for all Laguiole knives up to 12 cm including double plates and 2-piece knives (with corkscrew) as well as sommeliers and cigar cutters<\/strong><\/p>\n<p>Not suitable for knives over 12cm or hunting types.<\/p>\n","protected":false},"featured_media":52959,"template":"","meta":{"_acf_changed":false,"_monsterinsights_skip_tracking":false,"_monsterinsights_sitenote_active":false,"_monsterinsights_sitenote_note":"","_monsterinsights_sitenote_category":0},"product_brand":[],"product_cat":[160],"product_tag":[],"class_list":{"0":"post-52996","1":"product","2":"type-product","3":"status-publish","4":"has-post-thumbnail","6":"product_cat-leather-cases","7":"pa_etuis-cuir-pour-10-cm-en-2","8":"pa_etuis-cuir-pour-11-12-cm-en","9":"pa_etuis-cuir-pour-couteau-avec-sommelier","10":"pa_etuis-cuir-pour-knife-with-corkscrew","11":"pa_etuis-cuir-pour-laguiole-en-2","12":"pa_etuis-cuir-pour-corkscrew-en","13":"tm-no-options","16":"instock","17":"taxable","18":"shipping-taxable","19":"purchasable","20":"product-type-simple"},"supplier_id":null,"supplier_sku":"","barcode":null,"atum_controlled":true,"out_stock_date":null,"out_stock_threshold":null,"inheritable":false,"inbound_stock":0,"stock_on_hold":0,"sold_today":0,"sales_last_days":0,"reserved_stock":0,"customer_returns":0,"warehouse_damage":0,"lost_in_post":0,"other_logs":0,"out_stock_days":0,"lost_sales":0,"has_location":false,"update_date":"2026-04-28T00:42:13","atum_locations":[],"atum_stock_status":"instock","restock_status":false,"low_stock_amount":"","sales_update_date":"2026-04-28T00:42:13","calc_backorders":null,"acf":[],"yoast_head":"<!-- This site is optimized with the Yoast SEO plugin v27.3 - https:\/\/yoast.com\/product\/yoast-seo-wordpress\/ -->\n<title>Laguiole leather case France<\/title>\n<meta name=\"description\" content=\"Laguiole Luxury Beige Leather Case 10\u201312 cm \ud83c\uddeb\ud83c\uddf7 \u2013 Instant elegance! Lined, resistant, secure flap. Perfect with wood, horn or mineral. High-end\" \/>\n<meta name=\"robots\" content=\"index, follow, max-snippet:-1, max-image-preview:large, max-video-preview:-1\" \/>\n<link rel=\"canonical\" href=\"https:\/\/laguiole.com\/en\/produit\/laguiole-olive-green-grained-luxury-leather-case-elegant-accessory-with-french-flag\/\" \/>\n<meta property=\"og:locale\" content=\"en_US\" \/>\n<meta property=\"og:type\" content=\"article\" \/>\n<meta property=\"og:title\" content=\"Laguiole leather case France\" \/>\n<meta property=\"og:description\" content=\"Laguiole Luxury Beige Leather Case 10\u201312 cm \ud83c\uddeb\ud83c\uddf7 \u2013 Instant elegance! Lined, resistant, secure flap. Perfect with wood, horn or mineral. High-end\" \/>\n<meta property=\"og:url\" content=\"https:\/\/laguiole.com\/en\/produit\/laguiole-olive-green-grained-luxury-leather-case-elegant-accessory-with-french-flag\/\" \/>\n<meta property=\"og:site_name\" content=\"Laguiole.com \u00ae\" \/>\n<meta property=\"article:publisher\" content=\"https:\/\/www.facebook.com\/laguiolecom\/\" \/>\n<meta property=\"og:image\" content=\"https:\/\/laguiole.com\/wp-content\/uploads\/2023\/07\/Etui_cuire_vert_olive_Max_Capedebarthes_00.jpg\" \/>\n\t<meta property=\"og:image:width\" content=\"1033\" \/>\n\t<meta property=\"og:image:height\" content=\"1033\" \/>\n\t<meta property=\"og:image:type\" content=\"image\/jpeg\" \/>\n<meta name=\"twitter:card\" content=\"summary_large_image\" \/>\n<meta name=\"twitter:label1\" content=\"Est. reading time\" \/>\n\t<meta name=\"twitter:data1\" content=\"2 minutes\" \/>\n<script type=\"application\/ld+json\" class=\"yoast-schema-graph\">{\"@context\":\"https:\\\/\\\/schema.org\",\"@graph\":[{\"@type\":\"WebPage\",\"@id\":\"https:\\\/\\\/laguiole.com\\\/en\\\/produit\\\/laguiole-olive-green-grained-luxury-leather-case-elegant-accessory-with-french-flag\\\/\",\"url\":\"https:\\\/\\\/laguiole.com\\\/en\\\/produit\\\/laguiole-olive-green-grained-luxury-leather-case-elegant-accessory-with-french-flag\\\/\",\"name\":\"Laguiole leather case France\",\"isPartOf\":{\"@id\":\"https:\\\/\\\/laguiole.com\\\/en\\\/#website\"},\"primaryImageOfPage\":{\"@id\":\"https:\\\/\\\/laguiole.com\\\/en\\\/produit\\\/laguiole-olive-green-grained-luxury-leather-case-elegant-accessory-with-french-flag\\\/#primaryimage\"},\"image\":{\"@id\":\"https:\\\/\\\/laguiole.com\\\/en\\\/produit\\\/laguiole-olive-green-grained-luxury-leather-case-elegant-accessory-with-french-flag\\\/#primaryimage\"},\"thumbnailUrl\":\"https:\\\/\\\/laguiole.com\\\/wp-content\\\/uploads\\\/2023\\\/07\\\/Etui_cuire_vert_olive_Max_Capedebarthes_00.jpg\",\"datePublished\":\"2026-04-21T15:39:19+00:00\",\"description\":\"Laguiole Luxury Beige Leather Case 10\u201312 cm \ud83c\uddeb\ud83c\uddf7 \u2013 Instant elegance! Lined, resistant, secure flap. Perfect with wood, horn or mineral. High-end\",\"breadcrumb\":{\"@id\":\"https:\\\/\\\/laguiole.com\\\/en\\\/produit\\\/laguiole-olive-green-grained-luxury-leather-case-elegant-accessory-with-french-flag\\\/#breadcrumb\"},\"inLanguage\":\"en-US\",\"potentialAction\":[{\"@type\":\"ReadAction\",\"target\":[\"https:\\\/\\\/laguiole.com\\\/en\\\/produit\\\/laguiole-olive-green-grained-luxury-leather-case-elegant-accessory-with-french-flag\\\/\"]}]},{\"@type\":\"ImageObject\",\"inLanguage\":\"en-US\",\"@id\":\"https:\\\/\\\/laguiole.com\\\/en\\\/produit\\\/laguiole-olive-green-grained-luxury-leather-case-elegant-accessory-with-french-flag\\\/#primaryimage\",\"url\":\"https:\\\/\\\/laguiole.com\\\/wp-content\\\/uploads\\\/2023\\\/07\\\/Etui_cuire_vert_olive_Max_Capedebarthes_00.jpg\",\"contentUrl\":\"https:\\\/\\\/laguiole.com\\\/wp-content\\\/uploads\\\/2023\\\/07\\\/Etui_cuire_vert_olive_Max_Capedebarthes_00.jpg\",\"width\":1033,\"height\":1033,\"caption\":\"\u00c9tui cuir Laguiole Vert Olive grain\u00e9 Luxe \u2013 Accessoire \u00e9l\u00e9gant avec drapeau fran\u00e7ais\"},{\"@type\":\"BreadcrumbList\",\"@id\":\"https:\\\/\\\/laguiole.com\\\/en\\\/produit\\\/laguiole-olive-green-grained-luxury-leather-case-elegant-accessory-with-french-flag\\\/#breadcrumb\",\"itemListElement\":[{\"@type\":\"ListItem\",\"position\":1,\"name\":\"Accueil\",\"item\":\"https:\\\/\\\/laguiole.com\\\/en\\\/\"},{\"@type\":\"ListItem\",\"position\":2,\"name\":\"Shop\",\"item\":\"https:\\\/\\\/laguiole.com\\\/en\\\/shop\\\/\"},{\"@type\":\"ListItem\",\"position\":3,\"name\":\"Laguiole Olive Green Grained Luxury Leather Case \u2013 Elegant accessory with French flag\"}]},{\"@type\":\"WebSite\",\"@id\":\"https:\\\/\\\/laguiole.com\\\/en\\\/#website\",\"url\":\"https:\\\/\\\/laguiole.com\\\/en\\\/\",\"name\":\"Laguiole.com\",\"description\":\"Laguiole - Couteau laguiole, Chateau Laguiole, Laguiole en Aubrac, Forge de Laguiole\",\"publisher\":{\"@id\":\"https:\\\/\\\/laguiole.com\\\/en\\\/#organization\"},\"potentialAction\":[{\"@type\":\"SearchAction\",\"target\":{\"@type\":\"EntryPoint\",\"urlTemplate\":\"https:\\\/\\\/laguiole.com\\\/en\\\/?s={search_term_string}\"},\"query-input\":{\"@type\":\"PropertyValueSpecification\",\"valueRequired\":true,\"valueName\":\"search_term_string\"}}],\"inLanguage\":\"en-US\"},{\"@type\":\"Organization\",\"@id\":\"https:\\\/\\\/laguiole.com\\\/en\\\/#organization\",\"name\":\"Laguiole.com\",\"url\":\"https:\\\/\\\/laguiole.com\\\/en\\\/\",\"logo\":{\"@type\":\"ImageObject\",\"inLanguage\":\"en-US\",\"@id\":\"https:\\\/\\\/laguiole.com\\\/en\\\/#\\\/schema\\\/logo\\\/image\\\/\",\"url\":\"https:\\\/\\\/laguiole.com\\\/wp-content\\\/uploads\\\/2021\\\/02\\\/logo_laguiole.com-horizontal.jpg\",\"contentUrl\":\"https:\\\/\\\/laguiole.com\\\/wp-content\\\/uploads\\\/2021\\\/02\\\/logo_laguiole.com-horizontal.jpg\",\"width\":490,\"height\":156,\"caption\":\"Laguiole.com\"},\"image\":{\"@id\":\"https:\\\/\\\/laguiole.com\\\/en\\\/#\\\/schema\\\/logo\\\/image\\\/\"},\"sameAs\":[\"https:\\\/\\\/www.facebook.com\\\/laguiolecom\\\/\",\"https:\\\/\\\/www.instagram.com\\\/laguiolecom\\\/\",\"https:\\\/\\\/www.youtube.com\\\/@laguiolecom\\\/videos\"]}]}<\/script>\n<!-- \/ Yoast SEO plugin. -->","yoast_head_json":{"title":"Laguiole leather case France","description":"Laguiole Luxury Beige Leather Case 10\u201312 cm \ud83c\uddeb\ud83c\uddf7 \u2013 Instant elegance! Lined, resistant, secure flap. Perfect with wood, horn or mineral. High-end","robots":{"index":"index","follow":"follow","max-snippet":"max-snippet:-1","max-image-preview":"max-image-preview:large","max-video-preview":"max-video-preview:-1"},"canonical":"https:\/\/laguiole.com\/en\/produit\/laguiole-olive-green-grained-luxury-leather-case-elegant-accessory-with-french-flag\/","og_locale":"en_US","og_type":"article","og_title":"Laguiole leather case France","og_description":"Laguiole Luxury Beige Leather Case 10\u201312 cm \ud83c\uddeb\ud83c\uddf7 \u2013 Instant elegance! Lined, resistant, secure flap. Perfect with wood, horn or mineral. High-end","og_url":"https:\/\/laguiole.com\/en\/produit\/laguiole-olive-green-grained-luxury-leather-case-elegant-accessory-with-french-flag\/","og_site_name":"Laguiole.com \u00ae","article_publisher":"https:\/\/www.facebook.com\/laguiolecom\/","og_image":[{"width":1033,"height":1033,"url":"https:\/\/laguiole.com\/wp-content\/uploads\/2023\/07\/Etui_cuire_vert_olive_Max_Capedebarthes_00.jpg","type":"image\/jpeg"}],"twitter_card":"summary_large_image","twitter_misc":{"Est. reading time":"2 minutes"},"schema":{"@context":"https:\/\/schema.org","@graph":[{"@type":"WebPage","@id":"https:\/\/laguiole.com\/en\/produit\/laguiole-olive-green-grained-luxury-leather-case-elegant-accessory-with-french-flag\/","url":"https:\/\/laguiole.com\/en\/produit\/laguiole-olive-green-grained-luxury-leather-case-elegant-accessory-with-french-flag\/","name":"Laguiole leather case France","isPartOf":{"@id":"https:\/\/laguiole.com\/en\/#website"},"primaryImageOfPage":{"@id":"https:\/\/laguiole.com\/en\/produit\/laguiole-olive-green-grained-luxury-leather-case-elegant-accessory-with-french-flag\/#primaryimage"},"image":{"@id":"https:\/\/laguiole.com\/en\/produit\/laguiole-olive-green-grained-luxury-leather-case-elegant-accessory-with-french-flag\/#primaryimage"},"thumbnailUrl":"https:\/\/laguiole.com\/wp-content\/uploads\/2023\/07\/Etui_cuire_vert_olive_Max_Capedebarthes_00.jpg","datePublished":"2026-04-21T15:39:19+00:00","description":"Laguiole Luxury Beige Leather Case 10\u201312 cm \ud83c\uddeb\ud83c\uddf7 \u2013 Instant elegance! Lined, resistant, secure flap. Perfect with wood, horn or mineral. High-end","breadcrumb":{"@id":"https:\/\/laguiole.com\/en\/produit\/laguiole-olive-green-grained-luxury-leather-case-elegant-accessory-with-french-flag\/#breadcrumb"},"inLanguage":"en-US","potentialAction":[{"@type":"ReadAction","target":["https:\/\/laguiole.com\/en\/produit\/laguiole-olive-green-grained-luxury-leather-case-elegant-accessory-with-french-flag\/"]}]},{"@type":"ImageObject","inLanguage":"en-US","@id":"https:\/\/laguiole.com\/en\/produit\/laguiole-olive-green-grained-luxury-leather-case-elegant-accessory-with-french-flag\/#primaryimage","url":"https:\/\/laguiole.com\/wp-content\/uploads\/2023\/07\/Etui_cuire_vert_olive_Max_Capedebarthes_00.jpg","contentUrl":"https:\/\/laguiole.com\/wp-content\/uploads\/2023\/07\/Etui_cuire_vert_olive_Max_Capedebarthes_00.jpg","width":1033,"height":1033,"caption":"\u00c9tui cuir Laguiole Vert Olive grain\u00e9 Luxe \u2013 Accessoire \u00e9l\u00e9gant avec drapeau fran\u00e7ais"},{"@type":"BreadcrumbList","@id":"https:\/\/laguiole.com\/en\/produit\/laguiole-olive-green-grained-luxury-leather-case-elegant-accessory-with-french-flag\/#breadcrumb","itemListElement":[{"@type":"ListItem","position":1,"name":"Accueil","item":"https:\/\/laguiole.com\/en\/"},{"@type":"ListItem","position":2,"name":"Shop","item":"https:\/\/laguiole.com\/en\/shop\/"},{"@type":"ListItem","position":3,"name":"Laguiole Olive Green Grained Luxury Leather Case \u2013 Elegant accessory with French flag"}]},{"@type":"WebSite","@id":"https:\/\/laguiole.com\/en\/#website","url":"https:\/\/laguiole.com\/en\/","name":"Laguiole.com","description":"Laguiole - Couteau laguiole, Chateau Laguiole, Laguiole en Aubrac, Forge de Laguiole","publisher":{"@id":"https:\/\/laguiole.com\/en\/#organization"},"potentialAction":[{"@type":"SearchAction","target":{"@type":"EntryPoint","urlTemplate":"https:\/\/laguiole.com\/en\/?s={search_term_string}"},"query-input":{"@type":"PropertyValueSpecification","valueRequired":true,"valueName":"search_term_string"}}],"inLanguage":"en-US"},{"@type":"Organization","@id":"https:\/\/laguiole.com\/en\/#organization","name":"Laguiole.com","url":"https:\/\/laguiole.com\/en\/","logo":{"@type":"ImageObject","inLanguage":"en-US","@id":"https:\/\/laguiole.com\/en\/#\/schema\/logo\/image\/","url":"https:\/\/laguiole.com\/wp-content\/uploads\/2021\/02\/logo_laguiole.com-horizontal.jpg","contentUrl":"https:\/\/laguiole.com\/wp-content\/uploads\/2021\/02\/logo_laguiole.com-horizontal.jpg","width":490,"height":156,"caption":"Laguiole.com"},"image":{"@id":"https:\/\/laguiole.com\/en\/#\/schema\/logo\/image\/"},"sameAs":["https:\/\/www.facebook.com\/laguiolecom\/","https:\/\/www.instagram.com\/laguiolecom\/","https:\/\/www.youtube.com\/@laguiolecom\/videos"]}]}},"_links":{"self":[{"href":"https:\/\/laguiole.com\/en\/wp-json\/wp\/v2\/product\/52996","targetHints":{"allow":["GET"]}}],"collection":[{"href":"https:\/\/laguiole.com\/en\/wp-json\/wp\/v2\/product"}],"about":[{"href":"https:\/\/laguiole.com\/en\/wp-json\/wp\/v2\/types\/product"}],"version-history":[{"count":0,"href":"https:\/\/laguiole.com\/en\/wp-json\/wp\/v2\/product\/52996\/revisions"}],"wp:featuredmedia":[{"embeddable":true,"href":"https:\/\/laguiole.com\/en\/wp-json\/wp\/v2\/media\/52959"}],"wp:attachment":[{"href":"https:\/\/laguiole.com\/en\/wp-json\/wp\/v2\/media?parent=52996"}],"wp:term":[{"taxonomy":"product_brand","embeddable":true,"href":"https:\/\/laguiole.com\/en\/wp-json\/wp\/v2\/product_brand?post=52996"},{"taxonomy":"product_cat","embeddable":true,"href":"https:\/\/laguiole.com\/en\/wp-json\/wp\/v2\/product_cat?post=52996"},{"taxonomy":"product_tag","embeddable":true,"href":"https:\/\/laguiole.com\/en\/wp-json\/wp\/v2\/product_tag?post=52996"}],"curies":[{"name":"wp","href":"https:\/\/api.w.org\/{rel}","templated":true}]}}