{"id":51878,"date":"2026-03-25T17:40:15","date_gmt":"2026-03-25T16:40:15","guid":{"rendered":"https:\/\/laguiole.com\/?post_type=product&#038;p=51878"},"modified":"2026-05-13T19:28:00","modified_gmt":"2026-05-13T17:28:00","slug":"laguiole-aubrac-knife-1-piece-12cm-double-plates-and-spring-guilloche-by-hand-rams-crust-handle-2-hammered-bolsters-shiny-stainless-steel-damascus-blade","status":"publish","type":"product","link":"https:\/\/laguiole.com\/en\/produit\/laguiole-aubrac-knife-1-piece-12cm-double-plates-and-spring-guilloche-by-hand-rams-crust-handle-2-hammered-bolsters-shiny-stainless-steel-damascus-blade\/","title":{"rendered":"Laguiole Aubrac Knife 1 piece 12cm Double Plates and Spring Guilloch\u00e9 by hand Ram&#8217;s Crust handle 2 Hammered Bolsters Shiny Stainless Steel Damascus blade"},"content":{"rendered":"<p class=\"\" data-start=\"230\" data-end=\"418\">This Laguiole folding knife in Aubrac in Ram&#8217;s Crust embodies the excellence of French artisanal cutlery, combining <strong data-start=\"339\" data-end=\"365\">noble materials<\/strong>, <strong data-start=\"367\" data-end=\"388\">rustic elegance<\/strong> and <strong data-start=\"392\" data-end=\"417\">exceptional finishes<\/strong>.<\/p>\n<p class=\"\" data-start=\"420\" data-end=\"830\">The <strong data-start=\"423\" data-end=\"453\">ram&#8217;s crust handle<\/strong>, selected for its raw and organic appearance, gives each knife a <strong data-start=\"528\" data-end=\"548\">unique character<\/strong>, marked by deep textures and living material. Its naturally irregular and ribbed surface evokes the animal strength and authenticity of craftsmanship. It is a rare and sought-after material, appreciated by connoisseurs for its feel, patina and uniqueness.<\/p>\n<p class=\"\" data-start=\"832\" data-end=\"1110\">The <strong data-start=\"836\" data-end=\"879\">plates and the shiny stainless steel spring<\/strong> are <strong data-start=\"885\" data-end=\"921\">entirely guilloch\u00e9 by hand<\/strong>, revealing a goldsmith&#8217;s work in every detail. This refined d\u00e9cor underlines the level of craftsmanship of the workshop and adds a real aesthetic dimension to the whole.<\/p>\n<p class=\"\" data-start=\"1112\" data-end=\"1400\">The <strong data-start=\"1116\" data-end=\"1147\">two shiny hammered stainless steel bolsters<\/strong> visually punctuate the silhouette of the knife and accentuate its <strong data-start=\"1251\" data-end=\"1278\">robust and sophisticated<\/strong> look. The <strong data-start=\"1283\" data-end=\"1296\">hammering<\/strong>, made by hand, gives a subtle relief to the metal and creates elegant and dynamic plays of light.<\/p>\n<p class=\"\" data-start=\"1402\" data-end=\"1625\">The piece is topped with a <strong data-start=\"1429\" data-end=\"1446\">forged fly<\/strong>, an emblematic element of traditional Laguiole, here worked with finesse and character. It harmoniously extends the spring, bringing balance and coherence to the whole.<\/p>\n<p class=\"\" data-start=\"1627\" data-end=\"1915\">The <strong data-start=\"1630\" data-end=\"1645\">cluster blade, a<\/strong> true technical jewel, is forged from multiple layers of steel, revealing a unique wavy pattern to each knife. It combines <strong data-start=\"1786\" data-end=\"1809\">excellent cutting<\/strong>, <strong data-start=\"1811\" data-end=\"1821\">hardness<\/strong>, and <strong data-start=\"1826\" data-end=\"1849\">mineral aesthetics<\/strong>, making each piece an object as efficient as it is fascinating.<\/p>\n<p class=\"\" data-start=\"1917\" data-end=\"2143\">This knife is aimed at <strong data-start=\"1942\" data-end=\"1971\">demanding collectors<\/strong>, lovers of fine cutlery and those looking for a singular piece, <strong data-start=\"2062\" data-end=\"2142\">both powerful, elegant and deeply rooted in the artisanal tradition<\/strong>.<\/p>\n","protected":false},"excerpt":{"rendered":"<p>Laguiole knife in Aubrac 1 piece<br \/>\nRam&#8217;s<br \/>\nCrust handle Double guilloch\u00e9 plates in shiny<br \/>\nstainless steel hand Guilloch\u00e9<br \/>\nspring 2 hammered bolsters in shiny<br \/>\nstainless steel Damascus<br \/>\nblade Forged fly in shiny stainless steel<\/p>\n<p>Length of the knife closed: 12 cm<br \/>\nLength of the blade: 10 cm<br \/>\nLength of the knife open: 22 cm<\/p>\n<p><b><u>Video of the Laguiole Ram&#8217;s Crust Knife \u2013 Double Plates &amp; Damascus Blade<\/u><\/b><\/p>\n<p>Let yourself be transported to the heart of the authentic know-how of Laguiole in Aubrac with this video dedicated to the Ram&#8217;s Crust \u2013 Double Plates &amp; Damascus Blade knife.<br \/>\nThis exceptional piece immediately seduces with the singular texture of its ram&#8217;s split handle, a noble material whose natural depth reveals a unique character. The hammered bolsters in shiny stainless steel bring a touch of light and relief, underlining the strong identity of this model.<br \/>\nThe hand-guilloch\u00e9 spring and plates bear witness to a craft of rare finesse, while the Damascus steel blade, a true work of forge, reveals its delicate undulations like a living motif.<br \/>\nLet your senses linger on every detail and imagine this prestigious knife in your hands, combining power, elegance and tradition in a perfectly mastered balance.<\/p>\n<p><iframe src=\"https:\/\/www.youtube.com\/embed\/fEp-vOK8sao?rel=0&amp;autoplay=1\" width=\"400\" height=\"225\" frameborder=\"0\" allowfullscreen=\"allowfullscreen\"><\/iframe><\/p>\n","protected":false},"featured_media":52011,"template":"","meta":{"_acf_changed":false,"_monsterinsights_skip_tracking":false,"_monsterinsights_sitenote_active":false,"_monsterinsights_sitenote_note":"","_monsterinsights_sitenote_category":0},"product_brand":[],"product_cat":[156,465,833],"product_tag":[],"class_list":{"0":"post-51878","1":"product","2":"type-product","3":"status-publish","4":"has-post-thumbnail","6":"product_cat-folding-knives","7":"product_cat-laguiole","8":"product_cat-prestige","9":"pa_composition-couteau-blade","10":"pa_finition-brusheden","11":"pa_lame-damasen","12":"pa_manche-en-bois-iron-wooden","13":"pa_marque-laguiole-en-aubracfr","14":"pa_mitres-2-bolters","15":"pa_mitres-brushed-stainless-steel","16":"pa_mouche-forged","17":"pa_platines-double-plates0","18":"pa_platines-guillochees0","19":"pa_ressort-handcarved","20":"pa_taille-du-manche-12-cm0","21":"tm-no-options","24":"instock","25":"taxable","26":"shipping-taxable","27":"purchasable","28":"product-type-simple"},"supplier_id":null,"supplier_sku":"","barcode":null,"atum_controlled":true,"out_stock_date":null,"out_stock_threshold":null,"inheritable":false,"inbound_stock":0,"stock_on_hold":0,"sold_today":0,"sales_last_days":0,"reserved_stock":0,"customer_returns":0,"warehouse_damage":0,"lost_in_post":0,"other_logs":0,"out_stock_days":0,"lost_sales":0,"has_location":false,"update_date":"2026-05-14T01:04:24","atum_locations":[],"atum_stock_status":"instock","restock_status":false,"low_stock_amount":"","sales_update_date":"2026-05-14T01:04:24","calc_backorders":0,"acf":[],"yoast_head":"<!-- This site is optimized with the Yoast SEO plugin v27.3 - https:\/\/yoast.com\/product\/yoast-seo-wordpress\/ -->\n<title>Laguiole Aubrac Knife 1 piece 12cm Double Plates and Spring Guilloch\u00e9 by hand Ram&#039;s Crust handle 2 Hammered Bolsters Shiny Stainless Steel Damascus blade - Laguiole.com \u00ae<\/title>\n<meta name=\"description\" content=\"The ram&#039;s crust handle, selected for its raw and organic appearance, gives each knife a unique character\" \/>\n<meta name=\"robots\" content=\"index, follow, max-snippet:-1, max-image-preview:large, max-video-preview:-1\" \/>\n<link rel=\"canonical\" href=\"https:\/\/laguiole.com\/en\/produit\/laguiole-aubrac-knife-1-piece-12cm-double-plates-and-spring-guilloche-by-hand-rams-crust-handle-2-hammered-bolsters-shiny-stainless-steel-damascus-blade\/\" \/>\n<meta property=\"og:locale\" content=\"en_US\" \/>\n<meta property=\"og:type\" content=\"article\" \/>\n<meta property=\"og:title\" content=\"Laguiole Aubrac Knife 1 piece 12cm Double Plates and Spring Guilloch\u00e9 by hand Ram&#039;s Crust handle 2 Hammered Bolsters Shiny Stainless Steel Damascus blade - Laguiole.com \u00ae\" \/>\n<meta property=\"og:description\" content=\"The ram&#039;s crust handle, selected for its raw and organic appearance, gives each knife a unique character\" \/>\n<meta property=\"og:url\" content=\"https:\/\/laguiole.com\/en\/produit\/laguiole-aubrac-knife-1-piece-12cm-double-plates-and-spring-guilloche-by-hand-rams-crust-handle-2-hammered-bolsters-shiny-stainless-steel-damascus-blade\/\" \/>\n<meta property=\"og:site_name\" content=\"Laguiole.com \u00ae\" \/>\n<meta property=\"article:publisher\" content=\"https:\/\/www.facebook.com\/laguiolecom\/\" \/>\n<meta property=\"article:modified_time\" content=\"2026-05-13T17:28:00+00:00\" \/>\n<meta property=\"og:image\" content=\"https:\/\/laguiole.com\/wp-content\/uploads\/2026\/03\/Couteau_Laguiole_en_Aubrac_Double_Platines_et_Ressort_Guilloches_Manche_Croute_de_Belier_2_Mitres_Martelees_Inox_Brillant_Lame_Damas_Num_3_00.jpg\" \/>\n\t<meta property=\"og:image:width\" content=\"1033\" \/>\n\t<meta property=\"og:image:height\" content=\"1033\" \/>\n\t<meta property=\"og:image:type\" content=\"image\/jpeg\" \/>\n<meta name=\"twitter:card\" content=\"summary_large_image\" \/>\n<meta name=\"twitter:label1\" content=\"Est. reading time\" \/>\n\t<meta name=\"twitter:data1\" content=\"2 minutes\" \/>\n<script type=\"application\/ld+json\" class=\"yoast-schema-graph\">{\"@context\":\"https:\\\/\\\/schema.org\",\"@graph\":[{\"@type\":\"WebPage\",\"@id\":\"https:\\\/\\\/laguiole.com\\\/en\\\/produit\\\/laguiole-aubrac-knife-1-piece-12cm-double-plates-and-spring-guilloche-by-hand-rams-crust-handle-2-hammered-bolsters-shiny-stainless-steel-damascus-blade\\\/\",\"url\":\"https:\\\/\\\/laguiole.com\\\/en\\\/produit\\\/laguiole-aubrac-knife-1-piece-12cm-double-plates-and-spring-guilloche-by-hand-rams-crust-handle-2-hammered-bolsters-shiny-stainless-steel-damascus-blade\\\/\",\"name\":\"Laguiole Aubrac Knife 1 piece 12cm Double Plates and Spring Guilloch\u00e9 by hand Ram's Crust handle 2 Hammered Bolsters Shiny Stainless Steel Damascus blade - Laguiole.com \u00ae\",\"isPartOf\":{\"@id\":\"https:\\\/\\\/laguiole.com\\\/en\\\/#website\"},\"primaryImageOfPage\":{\"@id\":\"https:\\\/\\\/laguiole.com\\\/en\\\/produit\\\/laguiole-aubrac-knife-1-piece-12cm-double-plates-and-spring-guilloche-by-hand-rams-crust-handle-2-hammered-bolsters-shiny-stainless-steel-damascus-blade\\\/#primaryimage\"},\"image\":{\"@id\":\"https:\\\/\\\/laguiole.com\\\/en\\\/produit\\\/laguiole-aubrac-knife-1-piece-12cm-double-plates-and-spring-guilloche-by-hand-rams-crust-handle-2-hammered-bolsters-shiny-stainless-steel-damascus-blade\\\/#primaryimage\"},\"thumbnailUrl\":\"https:\\\/\\\/laguiole.com\\\/wp-content\\\/uploads\\\/2026\\\/03\\\/Couteau_Laguiole_en_Aubrac_Double_Platines_et_Ressort_Guilloches_Manche_Croute_de_Belier_2_Mitres_Martelees_Inox_Brillant_Lame_Damas_Num_3_00.jpg\",\"datePublished\":\"2026-03-25T16:40:15+00:00\",\"dateModified\":\"2026-05-13T17:28:00+00:00\",\"description\":\"The ram's crust handle, selected for its raw and organic appearance, gives each knife a unique character\",\"breadcrumb\":{\"@id\":\"https:\\\/\\\/laguiole.com\\\/en\\\/produit\\\/laguiole-aubrac-knife-1-piece-12cm-double-plates-and-spring-guilloche-by-hand-rams-crust-handle-2-hammered-bolsters-shiny-stainless-steel-damascus-blade\\\/#breadcrumb\"},\"inLanguage\":\"en-US\",\"potentialAction\":[{\"@type\":\"ReadAction\",\"target\":[\"https:\\\/\\\/laguiole.com\\\/en\\\/produit\\\/laguiole-aubrac-knife-1-piece-12cm-double-plates-and-spring-guilloche-by-hand-rams-crust-handle-2-hammered-bolsters-shiny-stainless-steel-damascus-blade\\\/\"]}]},{\"@type\":\"ImageObject\",\"inLanguage\":\"en-US\",\"@id\":\"https:\\\/\\\/laguiole.com\\\/en\\\/produit\\\/laguiole-aubrac-knife-1-piece-12cm-double-plates-and-spring-guilloche-by-hand-rams-crust-handle-2-hammered-bolsters-shiny-stainless-steel-damascus-blade\\\/#primaryimage\",\"url\":\"https:\\\/\\\/laguiole.com\\\/wp-content\\\/uploads\\\/2026\\\/03\\\/Couteau_Laguiole_en_Aubrac_Double_Platines_et_Ressort_Guilloches_Manche_Croute_de_Belier_2_Mitres_Martelees_Inox_Brillant_Lame_Damas_Num_3_00.jpg\",\"contentUrl\":\"https:\\\/\\\/laguiole.com\\\/wp-content\\\/uploads\\\/2026\\\/03\\\/Couteau_Laguiole_en_Aubrac_Double_Platines_et_Ressort_Guilloches_Manche_Croute_de_Belier_2_Mitres_Martelees_Inox_Brillant_Lame_Damas_Num_3_00.jpg\",\"width\":1033,\"height\":1033,\"caption\":\"Couteau Laguiole en Aubrac 1 pi\u00e8ce 12cm Double Platines et Ressort Guilloch\u00e9s \u00e0 la main Manche en Croute de B\u00e9lier 2 Mitres Martel\u00e9es Inox Brillant Lame Damas N\u00b03\"},{\"@type\":\"BreadcrumbList\",\"@id\":\"https:\\\/\\\/laguiole.com\\\/en\\\/produit\\\/laguiole-aubrac-knife-1-piece-12cm-double-plates-and-spring-guilloche-by-hand-rams-crust-handle-2-hammered-bolsters-shiny-stainless-steel-damascus-blade\\\/#breadcrumb\",\"itemListElement\":[{\"@type\":\"ListItem\",\"position\":1,\"name\":\"Accueil\",\"item\":\"https:\\\/\\\/laguiole.com\\\/en\\\/\"},{\"@type\":\"ListItem\",\"position\":2,\"name\":\"Shop\",\"item\":\"https:\\\/\\\/laguiole.com\\\/en\\\/shop\\\/\"},{\"@type\":\"ListItem\",\"position\":3,\"name\":\"Laguiole Aubrac Knife 1 piece 12cm Double Plates and Spring Guilloch\u00e9 by hand Ram&#8217;s Crust handle 2 Hammered Bolsters Shiny Stainless Steel Damascus blade\"}]},{\"@type\":\"WebSite\",\"@id\":\"https:\\\/\\\/laguiole.com\\\/en\\\/#website\",\"url\":\"https:\\\/\\\/laguiole.com\\\/en\\\/\",\"name\":\"Laguiole.com\",\"description\":\"Laguiole - Couteau laguiole, Chateau Laguiole, Laguiole en Aubrac, Forge de Laguiole\",\"publisher\":{\"@id\":\"https:\\\/\\\/laguiole.com\\\/en\\\/#organization\"},\"potentialAction\":[{\"@type\":\"SearchAction\",\"target\":{\"@type\":\"EntryPoint\",\"urlTemplate\":\"https:\\\/\\\/laguiole.com\\\/en\\\/?s={search_term_string}\"},\"query-input\":{\"@type\":\"PropertyValueSpecification\",\"valueRequired\":true,\"valueName\":\"search_term_string\"}}],\"inLanguage\":\"en-US\"},{\"@type\":\"Organization\",\"@id\":\"https:\\\/\\\/laguiole.com\\\/en\\\/#organization\",\"name\":\"Laguiole.com\",\"url\":\"https:\\\/\\\/laguiole.com\\\/en\\\/\",\"logo\":{\"@type\":\"ImageObject\",\"inLanguage\":\"en-US\",\"@id\":\"https:\\\/\\\/laguiole.com\\\/en\\\/#\\\/schema\\\/logo\\\/image\\\/\",\"url\":\"https:\\\/\\\/laguiole.com\\\/wp-content\\\/uploads\\\/2021\\\/02\\\/logo_laguiole.com-horizontal.jpg\",\"contentUrl\":\"https:\\\/\\\/laguiole.com\\\/wp-content\\\/uploads\\\/2021\\\/02\\\/logo_laguiole.com-horizontal.jpg\",\"width\":490,\"height\":156,\"caption\":\"Laguiole.com\"},\"image\":{\"@id\":\"https:\\\/\\\/laguiole.com\\\/en\\\/#\\\/schema\\\/logo\\\/image\\\/\"},\"sameAs\":[\"https:\\\/\\\/www.facebook.com\\\/laguiolecom\\\/\",\"https:\\\/\\\/www.instagram.com\\\/laguiolecom\\\/\",\"https:\\\/\\\/www.youtube.com\\\/@laguiolecom\\\/videos\"]}]}<\/script>\n<!-- \/ Yoast SEO plugin. -->","yoast_head_json":{"title":"Laguiole Aubrac Knife 1 piece 12cm Double Plates and Spring Guilloch\u00e9 by hand Ram's Crust handle 2 Hammered Bolsters Shiny Stainless Steel Damascus blade - Laguiole.com \u00ae","description":"The ram's crust handle, selected for its raw and organic appearance, gives each knife a unique character","robots":{"index":"index","follow":"follow","max-snippet":"max-snippet:-1","max-image-preview":"max-image-preview:large","max-video-preview":"max-video-preview:-1"},"canonical":"https:\/\/laguiole.com\/en\/produit\/laguiole-aubrac-knife-1-piece-12cm-double-plates-and-spring-guilloche-by-hand-rams-crust-handle-2-hammered-bolsters-shiny-stainless-steel-damascus-blade\/","og_locale":"en_US","og_type":"article","og_title":"Laguiole Aubrac Knife 1 piece 12cm Double Plates and Spring Guilloch\u00e9 by hand Ram's Crust handle 2 Hammered Bolsters Shiny Stainless Steel Damascus blade - Laguiole.com \u00ae","og_description":"The ram's crust handle, selected for its raw and organic appearance, gives each knife a unique character","og_url":"https:\/\/laguiole.com\/en\/produit\/laguiole-aubrac-knife-1-piece-12cm-double-plates-and-spring-guilloche-by-hand-rams-crust-handle-2-hammered-bolsters-shiny-stainless-steel-damascus-blade\/","og_site_name":"Laguiole.com \u00ae","article_publisher":"https:\/\/www.facebook.com\/laguiolecom\/","article_modified_time":"2026-05-13T17:28:00+00:00","og_image":[{"width":1033,"height":1033,"url":"https:\/\/laguiole.com\/wp-content\/uploads\/2026\/03\/Couteau_Laguiole_en_Aubrac_Double_Platines_et_Ressort_Guilloches_Manche_Croute_de_Belier_2_Mitres_Martelees_Inox_Brillant_Lame_Damas_Num_3_00.jpg","type":"image\/jpeg"}],"twitter_card":"summary_large_image","twitter_misc":{"Est. reading time":"2 minutes"},"schema":{"@context":"https:\/\/schema.org","@graph":[{"@type":"WebPage","@id":"https:\/\/laguiole.com\/en\/produit\/laguiole-aubrac-knife-1-piece-12cm-double-plates-and-spring-guilloche-by-hand-rams-crust-handle-2-hammered-bolsters-shiny-stainless-steel-damascus-blade\/","url":"https:\/\/laguiole.com\/en\/produit\/laguiole-aubrac-knife-1-piece-12cm-double-plates-and-spring-guilloche-by-hand-rams-crust-handle-2-hammered-bolsters-shiny-stainless-steel-damascus-blade\/","name":"Laguiole Aubrac Knife 1 piece 12cm Double Plates and Spring Guilloch\u00e9 by hand Ram's Crust handle 2 Hammered Bolsters Shiny Stainless Steel Damascus blade - Laguiole.com \u00ae","isPartOf":{"@id":"https:\/\/laguiole.com\/en\/#website"},"primaryImageOfPage":{"@id":"https:\/\/laguiole.com\/en\/produit\/laguiole-aubrac-knife-1-piece-12cm-double-plates-and-spring-guilloche-by-hand-rams-crust-handle-2-hammered-bolsters-shiny-stainless-steel-damascus-blade\/#primaryimage"},"image":{"@id":"https:\/\/laguiole.com\/en\/produit\/laguiole-aubrac-knife-1-piece-12cm-double-plates-and-spring-guilloche-by-hand-rams-crust-handle-2-hammered-bolsters-shiny-stainless-steel-damascus-blade\/#primaryimage"},"thumbnailUrl":"https:\/\/laguiole.com\/wp-content\/uploads\/2026\/03\/Couteau_Laguiole_en_Aubrac_Double_Platines_et_Ressort_Guilloches_Manche_Croute_de_Belier_2_Mitres_Martelees_Inox_Brillant_Lame_Damas_Num_3_00.jpg","datePublished":"2026-03-25T16:40:15+00:00","dateModified":"2026-05-13T17:28:00+00:00","description":"The ram's crust handle, selected for its raw and organic appearance, gives each knife a unique character","breadcrumb":{"@id":"https:\/\/laguiole.com\/en\/produit\/laguiole-aubrac-knife-1-piece-12cm-double-plates-and-spring-guilloche-by-hand-rams-crust-handle-2-hammered-bolsters-shiny-stainless-steel-damascus-blade\/#breadcrumb"},"inLanguage":"en-US","potentialAction":[{"@type":"ReadAction","target":["https:\/\/laguiole.com\/en\/produit\/laguiole-aubrac-knife-1-piece-12cm-double-plates-and-spring-guilloche-by-hand-rams-crust-handle-2-hammered-bolsters-shiny-stainless-steel-damascus-blade\/"]}]},{"@type":"ImageObject","inLanguage":"en-US","@id":"https:\/\/laguiole.com\/en\/produit\/laguiole-aubrac-knife-1-piece-12cm-double-plates-and-spring-guilloche-by-hand-rams-crust-handle-2-hammered-bolsters-shiny-stainless-steel-damascus-blade\/#primaryimage","url":"https:\/\/laguiole.com\/wp-content\/uploads\/2026\/03\/Couteau_Laguiole_en_Aubrac_Double_Platines_et_Ressort_Guilloches_Manche_Croute_de_Belier_2_Mitres_Martelees_Inox_Brillant_Lame_Damas_Num_3_00.jpg","contentUrl":"https:\/\/laguiole.com\/wp-content\/uploads\/2026\/03\/Couteau_Laguiole_en_Aubrac_Double_Platines_et_Ressort_Guilloches_Manche_Croute_de_Belier_2_Mitres_Martelees_Inox_Brillant_Lame_Damas_Num_3_00.jpg","width":1033,"height":1033,"caption":"Couteau Laguiole en Aubrac 1 pi\u00e8ce 12cm Double Platines et Ressort Guilloch\u00e9s \u00e0 la main Manche en Croute de B\u00e9lier 2 Mitres Martel\u00e9es Inox Brillant Lame Damas N\u00b03"},{"@type":"BreadcrumbList","@id":"https:\/\/laguiole.com\/en\/produit\/laguiole-aubrac-knife-1-piece-12cm-double-plates-and-spring-guilloche-by-hand-rams-crust-handle-2-hammered-bolsters-shiny-stainless-steel-damascus-blade\/#breadcrumb","itemListElement":[{"@type":"ListItem","position":1,"name":"Accueil","item":"https:\/\/laguiole.com\/en\/"},{"@type":"ListItem","position":2,"name":"Shop","item":"https:\/\/laguiole.com\/en\/shop\/"},{"@type":"ListItem","position":3,"name":"Laguiole Aubrac Knife 1 piece 12cm Double Plates and Spring Guilloch\u00e9 by hand Ram&#8217;s Crust handle 2 Hammered Bolsters Shiny Stainless Steel Damascus blade"}]},{"@type":"WebSite","@id":"https:\/\/laguiole.com\/en\/#website","url":"https:\/\/laguiole.com\/en\/","name":"Laguiole.com","description":"Laguiole - Couteau laguiole, Chateau Laguiole, Laguiole en Aubrac, Forge de Laguiole","publisher":{"@id":"https:\/\/laguiole.com\/en\/#organization"},"potentialAction":[{"@type":"SearchAction","target":{"@type":"EntryPoint","urlTemplate":"https:\/\/laguiole.com\/en\/?s={search_term_string}"},"query-input":{"@type":"PropertyValueSpecification","valueRequired":true,"valueName":"search_term_string"}}],"inLanguage":"en-US"},{"@type":"Organization","@id":"https:\/\/laguiole.com\/en\/#organization","name":"Laguiole.com","url":"https:\/\/laguiole.com\/en\/","logo":{"@type":"ImageObject","inLanguage":"en-US","@id":"https:\/\/laguiole.com\/en\/#\/schema\/logo\/image\/","url":"https:\/\/laguiole.com\/wp-content\/uploads\/2021\/02\/logo_laguiole.com-horizontal.jpg","contentUrl":"https:\/\/laguiole.com\/wp-content\/uploads\/2021\/02\/logo_laguiole.com-horizontal.jpg","width":490,"height":156,"caption":"Laguiole.com"},"image":{"@id":"https:\/\/laguiole.com\/en\/#\/schema\/logo\/image\/"},"sameAs":["https:\/\/www.facebook.com\/laguiolecom\/","https:\/\/www.instagram.com\/laguiolecom\/","https:\/\/www.youtube.com\/@laguiolecom\/videos"]}]}},"_links":{"self":[{"href":"https:\/\/laguiole.com\/en\/wp-json\/wp\/v2\/product\/51878","targetHints":{"allow":["GET"]}}],"collection":[{"href":"https:\/\/laguiole.com\/en\/wp-json\/wp\/v2\/product"}],"about":[{"href":"https:\/\/laguiole.com\/en\/wp-json\/wp\/v2\/types\/product"}],"version-history":[{"count":1,"href":"https:\/\/laguiole.com\/en\/wp-json\/wp\/v2\/product\/51878\/revisions"}],"predecessor-version":[{"id":53903,"href":"https:\/\/laguiole.com\/en\/wp-json\/wp\/v2\/product\/51878\/revisions\/53903"}],"wp:featuredmedia":[{"embeddable":true,"href":"https:\/\/laguiole.com\/en\/wp-json\/wp\/v2\/media\/52011"}],"wp:attachment":[{"href":"https:\/\/laguiole.com\/en\/wp-json\/wp\/v2\/media?parent=51878"}],"wp:term":[{"taxonomy":"product_brand","embeddable":true,"href":"https:\/\/laguiole.com\/en\/wp-json\/wp\/v2\/product_brand?post=51878"},{"taxonomy":"product_cat","embeddable":true,"href":"https:\/\/laguiole.com\/en\/wp-json\/wp\/v2\/product_cat?post=51878"},{"taxonomy":"product_tag","embeddable":true,"href":"https:\/\/laguiole.com\/en\/wp-json\/wp\/v2\/product_tag?post=51878"}],"curies":[{"name":"wp","href":"https:\/\/api.w.org\/{rel}","templated":true}]}}