{"id":51834,"date":"2026-03-25T16:18:25","date_gmt":"2026-03-25T15:18:25","guid":{"rendered":"https:\/\/laguiole.com\/?post_type=product&#038;p=51834"},"modified":"2026-05-13T19:46:51","modified_gmt":"2026-05-13T17:46:51","slug":"prestige-forge-de-laguiole-rambaud-knife-read-bolster-carbon-fiber-handle-double-plates-silex-finishing","status":"publish","type":"product","link":"https:\/\/laguiole.com\/en\/produit\/prestige-forge-de-laguiole-rambaud-knife-read-bolster-carbon-fiber-handle-double-plates-silex-finishing\/","title":{"rendered":"Prestige Forge de Laguiole Rambaud Knife Read Bolster Carbon Fiber handle Double Plates SILEX Finishing"},"content":{"rendered":"","protected":false},"excerpt":{"rendered":"<p>Prestige Forge de Laguiole Folding Knife St\u00e9phane Rambaud<br \/>\nCarbon Fiber Handle<br \/>\nsigned by Cutler St\u00e9phane Rambaud inside<br \/>\nHandle Size 12cm<br \/>\nHand-guilloch\u00e9 double plates<br \/>\nHammered Spring<br \/>\n1 Hammered brushed stainless steel back bolster<br \/>\nT12 stainless steel blade Hammered on the top to the tip<br \/>\nStylized Bee Forged and Chiselled by Hand<br \/>\nPackaging: gift box with certificate of authenticity<br \/>\nLength of the knife closed 12cm<br \/>\nLength of the open knife 22 cm<br \/>\nUnique piece<br \/>\n<iframe src=\"https:\/\/www.youtube.com\/embed\/S3We3Ldba8k?rel=0&amp;autoplay=1\" width=\"560\" height=\"315\" frameborder=\"0\" allowfullscreen=\"allowfullscreen\"><\/iframe><\/p>\n","protected":false},"featured_media":51836,"template":"","meta":{"_acf_changed":false,"_monsterinsights_skip_tracking":false,"_monsterinsights_sitenote_active":false,"_monsterinsights_sitenote_note":"","_monsterinsights_sitenote_category":0},"product_brand":[],"product_cat":[4717,156,465,833],"product_tag":[],"class_list":{"0":"post-51834","1":"product","2":"type-product","3":"status-publish","4":"has-post-thumbnail","6":"product_cat-spring-engrave","7":"product_cat-folding-knives","8":"product_cat-laguiole","9":"product_cat-prestige","10":"pa_composition-couteau-blade","11":"pa_finition-brusheden","12":"pa_lame-brushed-stainless-steelen","13":"pa_manche-en-matiere-moderne-carbon-fiber","14":"pa_marque-laguiole-en-aubracfr","15":"pa_mitres-full-handle","16":"pa_mouche-forged","17":"pa_mouche-prestigious","18":"pa_platines-guillochees0","19":"pa_platines-single-plate0","20":"pa_ressort-handcarved","21":"pa_ressort-to-personalize-laser-engraving","22":"pa_taille-du-manche-12-cm0","23":"tm-has-options","26":"instock","27":"taxable","28":"shipping-taxable","29":"purchasable","30":"product-type-simple"},"supplier_id":null,"supplier_sku":"","barcode":null,"atum_controlled":true,"out_stock_date":null,"out_stock_threshold":null,"inheritable":false,"inbound_stock":0,"stock_on_hold":0,"sold_today":0,"sales_last_days":0,"reserved_stock":0,"customer_returns":0,"warehouse_damage":0,"lost_in_post":0,"other_logs":0,"out_stock_days":0,"lost_sales":0,"has_location":false,"update_date":"2026-05-14T01:04:27","atum_locations":[],"atum_stock_status":"instock","restock_status":false,"low_stock_amount":"","sales_update_date":"2026-05-14T01:04:27","calc_backorders":0,"acf":[],"yoast_head":"<!-- This site is optimized with the Yoast SEO plugin v27.6 - https:\/\/yoast.com\/product\/yoast-seo-wordpress\/ -->\n<title>Prestige Forge de Laguiole Rambaud Knife Read Bolster Carbon Fiber handle Double Plates SILEX Finishing - Laguiole.com \u00ae<\/title>\n<meta name=\"robots\" content=\"index, follow, max-snippet:-1, max-image-preview:large, max-video-preview:-1\" \/>\n<link rel=\"canonical\" href=\"https:\/\/laguiole.com\/en\/produit\/prestige-forge-de-laguiole-rambaud-knife-read-bolster-carbon-fiber-handle-double-plates-silex-finishing\/\" \/>\n<meta property=\"og:locale\" content=\"en_US\" \/>\n<meta property=\"og:type\" content=\"article\" \/>\n<meta property=\"og:title\" content=\"Prestige Forge de Laguiole Rambaud Knife Read Bolster Carbon Fiber handle Double Plates SILEX Finishing - Laguiole.com \u00ae\" \/>\n<meta property=\"og:description\" content=\"Prestige Forge de Laguiole Folding Knife St\u00e9phane Rambaud Carbon Fiber Handle signed by Cutler St\u00e9phane Rambaud inside Handle Size 12cm Hand-guilloch\u00e9 double plates Hammered Spring 1 Hammered brushed stainless steel back bolster T12 stainless steel blade Hammered on the top to the tip Stylized Bee Forged and Chiselled by Hand Packaging: gift box with certificate of authenticity Length of the knife closed 12cm Length of the open knife 22 cm Unique piece\" \/>\n<meta property=\"og:url\" content=\"https:\/\/laguiole.com\/en\/produit\/prestige-forge-de-laguiole-rambaud-knife-read-bolster-carbon-fiber-handle-double-plates-silex-finishing\/\" \/>\n<meta property=\"og:site_name\" content=\"Laguiole.com \u00ae\" \/>\n<meta property=\"article:publisher\" content=\"https:\/\/www.facebook.com\/laguiolecom\/\" \/>\n<meta property=\"article:modified_time\" content=\"2026-05-13T17:46:51+00:00\" \/>\n<meta property=\"og:image\" content=\"https:\/\/laguiole.com\/wp-content\/uploads\/2025\/12\/Couteau_Laguiole_en_Aubrac_mouche_relief_rivets_laiton_00.jpg\" \/>\n\t<meta property=\"og:image:width\" content=\"1033\" \/>\n\t<meta property=\"og:image:height\" content=\"1033\" \/>\n\t<meta property=\"og:image:type\" content=\"image\/jpeg\" \/>\n<meta name=\"twitter:card\" content=\"summary_large_image\" \/>\n<meta name=\"twitter:label1\" content=\"Est. reading time\" \/>\n\t<meta name=\"twitter:data1\" content=\"1 minute\" \/>\n<script type=\"application\/ld+json\" class=\"yoast-schema-graph\">{\"@context\":\"https:\\\/\\\/schema.org\",\"@graph\":[{\"@type\":\"WebPage\",\"@id\":\"https:\\\/\\\/laguiole.com\\\/en\\\/produit\\\/prestige-forge-de-laguiole-rambaud-knife-read-bolster-carbon-fiber-handle-double-plates-silex-finishing\\\/\",\"url\":\"https:\\\/\\\/laguiole.com\\\/en\\\/produit\\\/prestige-forge-de-laguiole-rambaud-knife-read-bolster-carbon-fiber-handle-double-plates-silex-finishing\\\/\",\"name\":\"Prestige Forge de Laguiole Rambaud Knife Read Bolster Carbon Fiber handle Double Plates SILEX Finishing - Laguiole.com \u00ae\",\"isPartOf\":{\"@id\":\"https:\\\/\\\/laguiole.com\\\/en\\\/#website\"},\"primaryImageOfPage\":{\"@id\":\"https:\\\/\\\/laguiole.com\\\/en\\\/produit\\\/prestige-forge-de-laguiole-rambaud-knife-read-bolster-carbon-fiber-handle-double-plates-silex-finishing\\\/#primaryimage\"},\"image\":{\"@id\":\"https:\\\/\\\/laguiole.com\\\/en\\\/produit\\\/prestige-forge-de-laguiole-rambaud-knife-read-bolster-carbon-fiber-handle-double-plates-silex-finishing\\\/#primaryimage\"},\"thumbnailUrl\":\"https:\\\/\\\/laguiole.com\\\/wp-content\\\/uploads\\\/2025\\\/12\\\/Couteau_Laguiole_en_Aubrac_mouche_relief_rivets_laiton_00.jpg\",\"datePublished\":\"2026-03-25T15:18:25+00:00\",\"dateModified\":\"2026-05-13T17:46:51+00:00\",\"breadcrumb\":{\"@id\":\"https:\\\/\\\/laguiole.com\\\/en\\\/produit\\\/prestige-forge-de-laguiole-rambaud-knife-read-bolster-carbon-fiber-handle-double-plates-silex-finishing\\\/#breadcrumb\"},\"inLanguage\":\"en-US\",\"potentialAction\":[{\"@type\":\"ReadAction\",\"target\":[\"https:\\\/\\\/laguiole.com\\\/en\\\/produit\\\/prestige-forge-de-laguiole-rambaud-knife-read-bolster-carbon-fiber-handle-double-plates-silex-finishing\\\/\"]}]},{\"@type\":\"ImageObject\",\"inLanguage\":\"en-US\",\"@id\":\"https:\\\/\\\/laguiole.com\\\/en\\\/produit\\\/prestige-forge-de-laguiole-rambaud-knife-read-bolster-carbon-fiber-handle-double-plates-silex-finishing\\\/#primaryimage\",\"url\":\"https:\\\/\\\/laguiole.com\\\/wp-content\\\/uploads\\\/2025\\\/12\\\/Couteau_Laguiole_en_Aubrac_mouche_relief_rivets_laiton_00.jpg\",\"contentUrl\":\"https:\\\/\\\/laguiole.com\\\/wp-content\\\/uploads\\\/2025\\\/12\\\/Couteau_Laguiole_en_Aubrac_mouche_relief_rivets_laiton_00.jpg\",\"width\":1033,\"height\":1033,\"caption\":\"Couteau Laguiole en Aubrac mouche relief rivets laiton\"},{\"@type\":\"BreadcrumbList\",\"@id\":\"https:\\\/\\\/laguiole.com\\\/en\\\/produit\\\/prestige-forge-de-laguiole-rambaud-knife-read-bolster-carbon-fiber-handle-double-plates-silex-finishing\\\/#breadcrumb\",\"itemListElement\":[{\"@type\":\"ListItem\",\"position\":1,\"name\":\"Accueil\",\"item\":\"https:\\\/\\\/laguiole.com\\\/en\\\/\"},{\"@type\":\"ListItem\",\"position\":2,\"name\":\"Shop\",\"item\":\"https:\\\/\\\/laguiole.com\\\/en\\\/shop\\\/\"},{\"@type\":\"ListItem\",\"position\":3,\"name\":\"Prestige Forge de Laguiole Rambaud Knife Read Bolster Carbon Fiber handle Double Plates SILEX Finishing\"}]},{\"@type\":\"WebSite\",\"@id\":\"https:\\\/\\\/laguiole.com\\\/en\\\/#website\",\"url\":\"https:\\\/\\\/laguiole.com\\\/en\\\/\",\"name\":\"Laguiole.com\",\"description\":\"Laguiole - Couteau laguiole, Chateau Laguiole, Laguiole en Aubrac, Forge de Laguiole\",\"publisher\":{\"@id\":\"https:\\\/\\\/laguiole.com\\\/en\\\/#organization\"},\"potentialAction\":[{\"@type\":\"SearchAction\",\"target\":{\"@type\":\"EntryPoint\",\"urlTemplate\":\"https:\\\/\\\/laguiole.com\\\/en\\\/?s={search_term_string}\"},\"query-input\":{\"@type\":\"PropertyValueSpecification\",\"valueRequired\":true,\"valueName\":\"search_term_string\"}}],\"inLanguage\":\"en-US\"},{\"@type\":\"Organization\",\"@id\":\"https:\\\/\\\/laguiole.com\\\/en\\\/#organization\",\"name\":\"Laguiole.com\",\"url\":\"https:\\\/\\\/laguiole.com\\\/en\\\/\",\"logo\":{\"@type\":\"ImageObject\",\"inLanguage\":\"en-US\",\"@id\":\"https:\\\/\\\/laguiole.com\\\/en\\\/#\\\/schema\\\/logo\\\/image\\\/\",\"url\":\"https:\\\/\\\/laguiole.com\\\/wp-content\\\/uploads\\\/2021\\\/02\\\/logo_laguiole.com-horizontal.jpg\",\"contentUrl\":\"https:\\\/\\\/laguiole.com\\\/wp-content\\\/uploads\\\/2021\\\/02\\\/logo_laguiole.com-horizontal.jpg\",\"width\":490,\"height\":156,\"caption\":\"Laguiole.com\"},\"image\":{\"@id\":\"https:\\\/\\\/laguiole.com\\\/en\\\/#\\\/schema\\\/logo\\\/image\\\/\"},\"sameAs\":[\"https:\\\/\\\/www.facebook.com\\\/laguiolecom\\\/\",\"https:\\\/\\\/www.instagram.com\\\/laguiolecom\\\/\",\"https:\\\/\\\/www.youtube.com\\\/@laguiolecom\\\/videos\"]}]}<\/script>\n<!-- \/ Yoast SEO plugin. -->","yoast_head_json":{"title":"Prestige Forge de Laguiole Rambaud Knife Read Bolster Carbon Fiber handle Double Plates SILEX Finishing - Laguiole.com \u00ae","robots":{"index":"index","follow":"follow","max-snippet":"max-snippet:-1","max-image-preview":"max-image-preview:large","max-video-preview":"max-video-preview:-1"},"canonical":"https:\/\/laguiole.com\/en\/produit\/prestige-forge-de-laguiole-rambaud-knife-read-bolster-carbon-fiber-handle-double-plates-silex-finishing\/","og_locale":"en_US","og_type":"article","og_title":"Prestige Forge de Laguiole Rambaud Knife Read Bolster Carbon Fiber handle Double Plates SILEX Finishing - Laguiole.com \u00ae","og_description":"Prestige Forge de Laguiole Folding Knife St\u00e9phane Rambaud Carbon Fiber Handle signed by Cutler St\u00e9phane Rambaud inside Handle Size 12cm Hand-guilloch\u00e9 double plates Hammered Spring 1 Hammered brushed stainless steel back bolster T12 stainless steel blade Hammered on the top to the tip Stylized Bee Forged and Chiselled by Hand Packaging: gift box with certificate of authenticity Length of the knife closed 12cm Length of the open knife 22 cm Unique piece","og_url":"https:\/\/laguiole.com\/en\/produit\/prestige-forge-de-laguiole-rambaud-knife-read-bolster-carbon-fiber-handle-double-plates-silex-finishing\/","og_site_name":"Laguiole.com \u00ae","article_publisher":"https:\/\/www.facebook.com\/laguiolecom\/","article_modified_time":"2026-05-13T17:46:51+00:00","og_image":[{"width":1033,"height":1033,"url":"https:\/\/laguiole.com\/wp-content\/uploads\/2025\/12\/Couteau_Laguiole_en_Aubrac_mouche_relief_rivets_laiton_00.jpg","type":"image\/jpeg"}],"twitter_card":"summary_large_image","twitter_misc":{"Est. reading time":"1 minute"},"schema":{"@context":"https:\/\/schema.org","@graph":[{"@type":"WebPage","@id":"https:\/\/laguiole.com\/en\/produit\/prestige-forge-de-laguiole-rambaud-knife-read-bolster-carbon-fiber-handle-double-plates-silex-finishing\/","url":"https:\/\/laguiole.com\/en\/produit\/prestige-forge-de-laguiole-rambaud-knife-read-bolster-carbon-fiber-handle-double-plates-silex-finishing\/","name":"Prestige Forge de Laguiole Rambaud Knife Read Bolster Carbon Fiber handle Double Plates SILEX Finishing - Laguiole.com \u00ae","isPartOf":{"@id":"https:\/\/laguiole.com\/en\/#website"},"primaryImageOfPage":{"@id":"https:\/\/laguiole.com\/en\/produit\/prestige-forge-de-laguiole-rambaud-knife-read-bolster-carbon-fiber-handle-double-plates-silex-finishing\/#primaryimage"},"image":{"@id":"https:\/\/laguiole.com\/en\/produit\/prestige-forge-de-laguiole-rambaud-knife-read-bolster-carbon-fiber-handle-double-plates-silex-finishing\/#primaryimage"},"thumbnailUrl":"https:\/\/laguiole.com\/wp-content\/uploads\/2025\/12\/Couteau_Laguiole_en_Aubrac_mouche_relief_rivets_laiton_00.jpg","datePublished":"2026-03-25T15:18:25+00:00","dateModified":"2026-05-13T17:46:51+00:00","breadcrumb":{"@id":"https:\/\/laguiole.com\/en\/produit\/prestige-forge-de-laguiole-rambaud-knife-read-bolster-carbon-fiber-handle-double-plates-silex-finishing\/#breadcrumb"},"inLanguage":"en-US","potentialAction":[{"@type":"ReadAction","target":["https:\/\/laguiole.com\/en\/produit\/prestige-forge-de-laguiole-rambaud-knife-read-bolster-carbon-fiber-handle-double-plates-silex-finishing\/"]}]},{"@type":"ImageObject","inLanguage":"en-US","@id":"https:\/\/laguiole.com\/en\/produit\/prestige-forge-de-laguiole-rambaud-knife-read-bolster-carbon-fiber-handle-double-plates-silex-finishing\/#primaryimage","url":"https:\/\/laguiole.com\/wp-content\/uploads\/2025\/12\/Couteau_Laguiole_en_Aubrac_mouche_relief_rivets_laiton_00.jpg","contentUrl":"https:\/\/laguiole.com\/wp-content\/uploads\/2025\/12\/Couteau_Laguiole_en_Aubrac_mouche_relief_rivets_laiton_00.jpg","width":1033,"height":1033,"caption":"Couteau Laguiole en Aubrac mouche relief rivets laiton"},{"@type":"BreadcrumbList","@id":"https:\/\/laguiole.com\/en\/produit\/prestige-forge-de-laguiole-rambaud-knife-read-bolster-carbon-fiber-handle-double-plates-silex-finishing\/#breadcrumb","itemListElement":[{"@type":"ListItem","position":1,"name":"Accueil","item":"https:\/\/laguiole.com\/en\/"},{"@type":"ListItem","position":2,"name":"Shop","item":"https:\/\/laguiole.com\/en\/shop\/"},{"@type":"ListItem","position":3,"name":"Prestige Forge de Laguiole Rambaud Knife Read Bolster Carbon Fiber handle Double Plates SILEX Finishing"}]},{"@type":"WebSite","@id":"https:\/\/laguiole.com\/en\/#website","url":"https:\/\/laguiole.com\/en\/","name":"Laguiole.com","description":"Laguiole - Couteau laguiole, Chateau Laguiole, Laguiole en Aubrac, Forge de Laguiole","publisher":{"@id":"https:\/\/laguiole.com\/en\/#organization"},"potentialAction":[{"@type":"SearchAction","target":{"@type":"EntryPoint","urlTemplate":"https:\/\/laguiole.com\/en\/?s={search_term_string}"},"query-input":{"@type":"PropertyValueSpecification","valueRequired":true,"valueName":"search_term_string"}}],"inLanguage":"en-US"},{"@type":"Organization","@id":"https:\/\/laguiole.com\/en\/#organization","name":"Laguiole.com","url":"https:\/\/laguiole.com\/en\/","logo":{"@type":"ImageObject","inLanguage":"en-US","@id":"https:\/\/laguiole.com\/en\/#\/schema\/logo\/image\/","url":"https:\/\/laguiole.com\/wp-content\/uploads\/2021\/02\/logo_laguiole.com-horizontal.jpg","contentUrl":"https:\/\/laguiole.com\/wp-content\/uploads\/2021\/02\/logo_laguiole.com-horizontal.jpg","width":490,"height":156,"caption":"Laguiole.com"},"image":{"@id":"https:\/\/laguiole.com\/en\/#\/schema\/logo\/image\/"},"sameAs":["https:\/\/www.facebook.com\/laguiolecom\/","https:\/\/www.instagram.com\/laguiolecom\/","https:\/\/www.youtube.com\/@laguiolecom\/videos"]}]}},"_links":{"self":[{"href":"https:\/\/laguiole.com\/en\/wp-json\/wp\/v2\/product\/51834","targetHints":{"allow":["GET"]}}],"collection":[{"href":"https:\/\/laguiole.com\/en\/wp-json\/wp\/v2\/product"}],"about":[{"href":"https:\/\/laguiole.com\/en\/wp-json\/wp\/v2\/types\/product"}],"version-history":[{"count":2,"href":"https:\/\/laguiole.com\/en\/wp-json\/wp\/v2\/product\/51834\/revisions"}],"predecessor-version":[{"id":53916,"href":"https:\/\/laguiole.com\/en\/wp-json\/wp\/v2\/product\/51834\/revisions\/53916"}],"wp:featuredmedia":[{"embeddable":true,"href":"https:\/\/laguiole.com\/en\/wp-json\/wp\/v2\/media\/51836"}],"wp:attachment":[{"href":"https:\/\/laguiole.com\/en\/wp-json\/wp\/v2\/media?parent=51834"}],"wp:term":[{"taxonomy":"product_brand","embeddable":true,"href":"https:\/\/laguiole.com\/en\/wp-json\/wp\/v2\/product_brand?post=51834"},{"taxonomy":"product_cat","embeddable":true,"href":"https:\/\/laguiole.com\/en\/wp-json\/wp\/v2\/product_cat?post=51834"},{"taxonomy":"product_tag","embeddable":true,"href":"https:\/\/laguiole.com\/en\/wp-json\/wp\/v2\/product_tag?post=51834"}],"curies":[{"name":"wp","href":"https:\/\/api.w.org\/{rel}","templated":true}]}}