{"id":51734,"date":"2026-03-25T11:07:24","date_gmt":"2026-03-25T10:07:24","guid":{"rendered":"https:\/\/laguiole.com\/?post_type=product&#038;p=51734"},"modified":"2026-05-13T20:04:50","modified_gmt":"2026-05-13T18:04:50","slug":"laguiole-folding-knife-in-aubrac-le-pastourelle-in-aubrac-wood-full-handle-guilloche-plates-fly-from-aubrac-forged-and-chiseled-by-hand-brushed-stainless-steel-finish-3","status":"publish","type":"product","link":"https:\/\/laguiole.com\/en\/produit\/laguiole-folding-knife-in-aubrac-le-pastourelle-in-aubrac-wood-full-handle-guilloche-plates-fly-from-aubrac-forged-and-chiseled-by-hand-brushed-stainless-steel-finish-3\/","title":{"rendered":"Laguiole Folding Knife in Aubrac &#8220;Le Pastourelle&#8221; in Aubrac Wood Full Handle Guilloch\u00e9 Plates Fly from Aubrac forged and chiseled by hand Brushed stainless steel finish"},"content":{"rendered":"<h2 data-start=\"153\" data-end=\"209\"><strong data-start=\"156\" data-end=\"209\">Le Pastourelle \u2013 Laguiole folding knife in Aubrac<\/strong><\/h2>\n<p data-start=\"211\" data-end=\"456\">Discover <strong data-start=\"221\" data-end=\"239\">Le Pastourelle<\/strong>, an <strong data-start=\"244\" data-end=\"284\">artisanal folding knife from Aubrac<\/strong>, designed with respect for regional cutlery traditions. This <strong data-start=\"350\" data-end=\"369\">Laguiole knife<\/strong> embodies the authenticity, know-how and sober elegance of knives with character.<\/p>\n<h3 data-start=\"458\" data-end=\"498\"><strong data-start=\"462\" data-end=\"498\">A full handle in Aubrac wood<\/strong><\/h3>\n<p data-start=\"499\" data-end=\"754\">The <strong data-start=\"502\" data-end=\"535\">full handle in Aubrac wood<\/strong> offers a natural and warm grip. Selected for its robustness and aesthetics, this wood gives each knife a unique vein, making <strong data-start=\"699\" data-end=\"717\">Le Pastourelle<\/strong> a singular and authentic piece.<\/p>\n<h3 data-start=\"756\" data-end=\"811\"><strong data-start=\"760\" data-end=\"811\">Guilloch\u00e9 plates and customizable spring<\/strong><\/h3>\n<p data-start=\"812\" data-end=\"1073\">The <strong data-start=\"816\" data-end=\"848\">simple guilloch\u00e9 plates<\/strong> underline the craftsmanship with discretion and refinement. The <strong data-start=\"916\" data-end=\"933\">smooth<\/strong>, deliberately refined spring allows the <strong data-start=\"967\" data-end=\"998\">customization of the knife<\/strong>, ideal for creating a unique model or an <strong data-start=\"1040\" data-end=\"1072\">exceptional handcrafted gift<\/strong>.<\/p>\n<h3 data-start=\"1075\" data-end=\"1115\"><strong data-start=\"1079\" data-end=\"1115\">Hand-forged Aubrac fly<\/strong><\/h3>\n<p data-start=\"1116\" data-end=\"1314\">The <strong data-start=\"1119\" data-end=\"1138\">Aubrac fly<\/strong>, forged and finely worked, brings an elegant and traditional signature. It bears witness to the attention to detail and pays tribute to the cutlery heritage of Aubrac.<\/p>\n<h3 data-start=\"1316\" data-end=\"1362\"><strong data-start=\"1320\" data-end=\"1362\">An artisanal and durable folding knife<\/strong><\/h3>\n<p data-start=\"1363\" data-end=\"1606\">Functional, elegant and timeless, <strong data-start=\"1399\" data-end=\"1417\">Le Pastourelle<\/strong> is a <strong data-start=\"1425\" data-end=\"1461\">Laguiole folding knife in Aubrac<\/strong> designed to last. It is aimed at <strong data-start=\"1509\" data-end=\"1541\">lovers of French artisanal knives<\/strong>, attached to quality, tradition and customization.<\/p>\n<p data-start=\"1608\" data-end=\"1693\"><strong data-start=\"1608\" data-end=\"1626\">The Pastourelle<\/strong>, a folding knife that carries the soul of Aubrac in every detail.<\/p>\n","protected":false},"excerpt":{"rendered":"<p>Laguiole folding knife in Aubrac &#8220;Le Pastourelle&#8221;<br \/>\nFull handle in Aubrac wood<br \/>\nFly from Aubrac forged and chiseled by hand<br \/>\nSimple guilloch\u00e9 plates in brushed<br \/>\nstainless steel Smooth and customizable spring<br \/>\nStainless steel sandwick blade 12C27<br \/>\nBlade size 10 cm<br \/>\nHandle size 12 cm<br \/>\nSize open knife 22cm<\/p>\n<p><strong data-start=\"527\" data-end=\"545\">The Pastourelle<\/strong> is a <strong data-start=\"553\" data-end=\"589\">Laguiole folding knife in Aubrac<\/strong> with a sober and authentic design. Its <strong data-start=\"626\" data-end=\"664\">solid Aubrac wood handle<\/strong>, <strong data-start=\"670\" data-end=\"694\">guilloch\u00e9 plates<\/strong>, <strong data-start=\"700\" data-end=\"733\">customizable smooth spring<\/strong> and <strong data-start=\"740\" data-end=\"766\">forged Aubrac fly<\/strong> make it an elegant and durable handcrafted knife, faithful to the traditions of Aubrac.<\/p>\n","protected":false},"featured_media":49440,"template":"","meta":{"_acf_changed":false,"_monsterinsights_skip_tracking":false,"_monsterinsights_sitenote_active":false,"_monsterinsights_sitenote_note":"","_monsterinsights_sitenote_category":0},"product_brand":[],"product_cat":[5892,4717,465,835],"product_tag":[5895],"class_list":{"0":"post-51734","1":"product","2":"type-product","3":"status-publish","4":"has-post-thumbnail","6":"product_cat-non-categorise","7":"product_cat-spring-engrave","8":"product_cat-laguiole","9":"product_cat-the-specials","10":"product_tag-springengraving","11":"pa_composition-couteau-blade","12":"pa_finition-brusheden","13":"pa_lame-brushed-stainless-steelen","14":"pa_manche-en-matiere-animale-horn-tip0","15":"pa_mitres-full-handle","16":"pa_platines-guillochees0","17":"pa_platines-single-plate0","18":"pa_ressort-smooth","19":"pa_ressort-to-personalize-laser-engraving","20":"pa_taille-du-manche-12-cm0","21":"tm-has-options","24":"instock","25":"taxable","26":"shipping-taxable","27":"purchasable","28":"product-type-simple"},"supplier_id":null,"supplier_sku":"","barcode":null,"atum_controlled":true,"out_stock_date":null,"out_stock_threshold":null,"inheritable":false,"inbound_stock":0,"stock_on_hold":0,"sold_today":0,"sales_last_days":0,"reserved_stock":0,"customer_returns":0,"warehouse_damage":0,"lost_in_post":0,"other_logs":0,"out_stock_days":0,"lost_sales":0,"has_location":false,"update_date":"2026-05-14T01:04:30","atum_locations":[],"atum_stock_status":"instock","restock_status":false,"low_stock_amount":"","sales_update_date":"2026-05-14T01:04:30","calc_backorders":0,"acf":[],"yoast_head":"<!-- This site is optimized with the Yoast SEO plugin v27.3 - https:\/\/yoast.com\/product\/yoast-seo-wordpress\/ -->\n<title>folding-knife-laguiole-aubrac-pastourelle<\/title>\n<meta name=\"description\" content=\"Laguiole folding knife in Aubrac, full handle in Aubrac wood, guilloch\u00e9 plates, forged Aubrac fly. Customizable handcrafted design.\" \/>\n<meta name=\"robots\" content=\"index, follow, max-snippet:-1, max-image-preview:large, max-video-preview:-1\" \/>\n<link rel=\"canonical\" href=\"https:\/\/laguiole.com\/en\/produit\/laguiole-folding-knife-in-aubrac-le-pastourelle-in-aubrac-wood-full-handle-guilloche-plates-fly-from-aubrac-forged-and-chiseled-by-hand-brushed-stainless-steel-finish-3\/\" \/>\n<meta property=\"og:locale\" content=\"en_US\" \/>\n<meta property=\"og:type\" content=\"article\" \/>\n<meta property=\"og:title\" content=\"folding-knife-laguiole-aubrac-pastourelle\" \/>\n<meta property=\"og:description\" content=\"Laguiole folding knife in Aubrac, full handle in Aubrac wood, guilloch\u00e9 plates, forged Aubrac fly. Customizable handcrafted design.\" \/>\n<meta property=\"og:url\" content=\"https:\/\/laguiole.com\/en\/produit\/laguiole-folding-knife-in-aubrac-le-pastourelle-in-aubrac-wood-full-handle-guilloche-plates-fly-from-aubrac-forged-and-chiseled-by-hand-brushed-stainless-steel-finish-3\/\" \/>\n<meta property=\"og:site_name\" content=\"Laguiole.com \u00ae\" \/>\n<meta property=\"article:publisher\" content=\"https:\/\/www.facebook.com\/laguiolecom\/\" \/>\n<meta property=\"article:modified_time\" content=\"2026-05-13T18:04:50+00:00\" \/>\n<meta property=\"og:image\" content=\"https:\/\/laguiole.com\/wp-content\/uploads\/2024\/11\/Couteau_Laguiole_en_Aubrac_Plein_manche_pointe_de_corne_platine_guilloche_mouche_ciselee_00.jpg\" \/>\n\t<meta property=\"og:image:width\" content=\"1033\" \/>\n\t<meta property=\"og:image:height\" content=\"1033\" \/>\n\t<meta property=\"og:image:type\" content=\"image\/jpeg\" \/>\n<meta name=\"twitter:card\" content=\"summary_large_image\" \/>\n<meta name=\"twitter:label1\" content=\"Est. reading time\" \/>\n\t<meta name=\"twitter:data1\" content=\"2 minutes\" \/>\n<script type=\"application\/ld+json\" class=\"yoast-schema-graph\">{\"@context\":\"https:\\\/\\\/schema.org\",\"@graph\":[{\"@type\":\"WebPage\",\"@id\":\"https:\\\/\\\/laguiole.com\\\/en\\\/produit\\\/laguiole-folding-knife-in-aubrac-le-pastourelle-in-aubrac-wood-full-handle-guilloche-plates-fly-from-aubrac-forged-and-chiseled-by-hand-brushed-stainless-steel-finish-3\\\/\",\"url\":\"https:\\\/\\\/laguiole.com\\\/en\\\/produit\\\/laguiole-folding-knife-in-aubrac-le-pastourelle-in-aubrac-wood-full-handle-guilloche-plates-fly-from-aubrac-forged-and-chiseled-by-hand-brushed-stainless-steel-finish-3\\\/\",\"name\":\"folding-knife-laguiole-aubrac-pastourelle\",\"isPartOf\":{\"@id\":\"https:\\\/\\\/laguiole.com\\\/en\\\/#website\"},\"primaryImageOfPage\":{\"@id\":\"https:\\\/\\\/laguiole.com\\\/en\\\/produit\\\/laguiole-folding-knife-in-aubrac-le-pastourelle-in-aubrac-wood-full-handle-guilloche-plates-fly-from-aubrac-forged-and-chiseled-by-hand-brushed-stainless-steel-finish-3\\\/#primaryimage\"},\"image\":{\"@id\":\"https:\\\/\\\/laguiole.com\\\/en\\\/produit\\\/laguiole-folding-knife-in-aubrac-le-pastourelle-in-aubrac-wood-full-handle-guilloche-plates-fly-from-aubrac-forged-and-chiseled-by-hand-brushed-stainless-steel-finish-3\\\/#primaryimage\"},\"thumbnailUrl\":\"https:\\\/\\\/laguiole.com\\\/wp-content\\\/uploads\\\/2024\\\/11\\\/Couteau_Laguiole_en_Aubrac_Plein_manche_pointe_de_corne_platine_guilloche_mouche_ciselee_00.jpg\",\"datePublished\":\"2026-03-25T10:07:24+00:00\",\"dateModified\":\"2026-05-13T18:04:50+00:00\",\"description\":\"Laguiole folding knife in Aubrac, full handle in Aubrac wood, guilloch\u00e9 plates, forged Aubrac fly. Customizable handcrafted design.\",\"breadcrumb\":{\"@id\":\"https:\\\/\\\/laguiole.com\\\/en\\\/produit\\\/laguiole-folding-knife-in-aubrac-le-pastourelle-in-aubrac-wood-full-handle-guilloche-plates-fly-from-aubrac-forged-and-chiseled-by-hand-brushed-stainless-steel-finish-3\\\/#breadcrumb\"},\"inLanguage\":\"en-US\",\"potentialAction\":[{\"@type\":\"ReadAction\",\"target\":[\"https:\\\/\\\/laguiole.com\\\/en\\\/produit\\\/laguiole-folding-knife-in-aubrac-le-pastourelle-in-aubrac-wood-full-handle-guilloche-plates-fly-from-aubrac-forged-and-chiseled-by-hand-brushed-stainless-steel-finish-3\\\/\"]}]},{\"@type\":\"ImageObject\",\"inLanguage\":\"en-US\",\"@id\":\"https:\\\/\\\/laguiole.com\\\/en\\\/produit\\\/laguiole-folding-knife-in-aubrac-le-pastourelle-in-aubrac-wood-full-handle-guilloche-plates-fly-from-aubrac-forged-and-chiseled-by-hand-brushed-stainless-steel-finish-3\\\/#primaryimage\",\"url\":\"https:\\\/\\\/laguiole.com\\\/wp-content\\\/uploads\\\/2024\\\/11\\\/Couteau_Laguiole_en_Aubrac_Plein_manche_pointe_de_corne_platine_guilloche_mouche_ciselee_00.jpg\",\"contentUrl\":\"https:\\\/\\\/laguiole.com\\\/wp-content\\\/uploads\\\/2024\\\/11\\\/Couteau_Laguiole_en_Aubrac_Plein_manche_pointe_de_corne_platine_guilloche_mouche_ciselee_00.jpg\",\"width\":1033,\"height\":1033,\"caption\":\"Couteau Laguiole en Aubrac 1 pi\u00e8ce 12cm Plein Manche Pointe de corne platine guilloch\u00e9 mouche cisel\u00e9e\"},{\"@type\":\"BreadcrumbList\",\"@id\":\"https:\\\/\\\/laguiole.com\\\/en\\\/produit\\\/laguiole-folding-knife-in-aubrac-le-pastourelle-in-aubrac-wood-full-handle-guilloche-plates-fly-from-aubrac-forged-and-chiseled-by-hand-brushed-stainless-steel-finish-3\\\/#breadcrumb\",\"itemListElement\":[{\"@type\":\"ListItem\",\"position\":1,\"name\":\"Accueil\",\"item\":\"https:\\\/\\\/laguiole.com\\\/en\\\/\"},{\"@type\":\"ListItem\",\"position\":2,\"name\":\"Shop\",\"item\":\"https:\\\/\\\/laguiole.com\\\/en\\\/shop\\\/\"},{\"@type\":\"ListItem\",\"position\":3,\"name\":\"Laguiole Folding Knife in Aubrac &#8220;Le Pastourelle&#8221; in Aubrac Wood Full Handle Guilloch\u00e9 Plates Fly from Aubrac forged and chiseled by hand Brushed stainless steel finish\"}]},{\"@type\":\"WebSite\",\"@id\":\"https:\\\/\\\/laguiole.com\\\/en\\\/#website\",\"url\":\"https:\\\/\\\/laguiole.com\\\/en\\\/\",\"name\":\"Laguiole.com\",\"description\":\"Laguiole - Couteau laguiole, Chateau Laguiole, Laguiole en Aubrac, Forge de Laguiole\",\"publisher\":{\"@id\":\"https:\\\/\\\/laguiole.com\\\/en\\\/#organization\"},\"potentialAction\":[{\"@type\":\"SearchAction\",\"target\":{\"@type\":\"EntryPoint\",\"urlTemplate\":\"https:\\\/\\\/laguiole.com\\\/en\\\/?s={search_term_string}\"},\"query-input\":{\"@type\":\"PropertyValueSpecification\",\"valueRequired\":true,\"valueName\":\"search_term_string\"}}],\"inLanguage\":\"en-US\"},{\"@type\":\"Organization\",\"@id\":\"https:\\\/\\\/laguiole.com\\\/en\\\/#organization\",\"name\":\"Laguiole.com\",\"url\":\"https:\\\/\\\/laguiole.com\\\/en\\\/\",\"logo\":{\"@type\":\"ImageObject\",\"inLanguage\":\"en-US\",\"@id\":\"https:\\\/\\\/laguiole.com\\\/en\\\/#\\\/schema\\\/logo\\\/image\\\/\",\"url\":\"https:\\\/\\\/laguiole.com\\\/wp-content\\\/uploads\\\/2021\\\/02\\\/logo_laguiole.com-horizontal.jpg\",\"contentUrl\":\"https:\\\/\\\/laguiole.com\\\/wp-content\\\/uploads\\\/2021\\\/02\\\/logo_laguiole.com-horizontal.jpg\",\"width\":490,\"height\":156,\"caption\":\"Laguiole.com\"},\"image\":{\"@id\":\"https:\\\/\\\/laguiole.com\\\/en\\\/#\\\/schema\\\/logo\\\/image\\\/\"},\"sameAs\":[\"https:\\\/\\\/www.facebook.com\\\/laguiolecom\\\/\",\"https:\\\/\\\/www.instagram.com\\\/laguiolecom\\\/\",\"https:\\\/\\\/www.youtube.com\\\/@laguiolecom\\\/videos\"]}]}<\/script>\n<!-- \/ Yoast SEO plugin. -->","yoast_head_json":{"title":"folding-knife-laguiole-aubrac-pastourelle","description":"Laguiole folding knife in Aubrac, full handle in Aubrac wood, guilloch\u00e9 plates, forged Aubrac fly. Customizable handcrafted design.","robots":{"index":"index","follow":"follow","max-snippet":"max-snippet:-1","max-image-preview":"max-image-preview:large","max-video-preview":"max-video-preview:-1"},"canonical":"https:\/\/laguiole.com\/en\/produit\/laguiole-folding-knife-in-aubrac-le-pastourelle-in-aubrac-wood-full-handle-guilloche-plates-fly-from-aubrac-forged-and-chiseled-by-hand-brushed-stainless-steel-finish-3\/","og_locale":"en_US","og_type":"article","og_title":"folding-knife-laguiole-aubrac-pastourelle","og_description":"Laguiole folding knife in Aubrac, full handle in Aubrac wood, guilloch\u00e9 plates, forged Aubrac fly. Customizable handcrafted design.","og_url":"https:\/\/laguiole.com\/en\/produit\/laguiole-folding-knife-in-aubrac-le-pastourelle-in-aubrac-wood-full-handle-guilloche-plates-fly-from-aubrac-forged-and-chiseled-by-hand-brushed-stainless-steel-finish-3\/","og_site_name":"Laguiole.com \u00ae","article_publisher":"https:\/\/www.facebook.com\/laguiolecom\/","article_modified_time":"2026-05-13T18:04:50+00:00","og_image":[{"width":1033,"height":1033,"url":"https:\/\/laguiole.com\/wp-content\/uploads\/2024\/11\/Couteau_Laguiole_en_Aubrac_Plein_manche_pointe_de_corne_platine_guilloche_mouche_ciselee_00.jpg","type":"image\/jpeg"}],"twitter_card":"summary_large_image","twitter_misc":{"Est. reading time":"2 minutes"},"schema":{"@context":"https:\/\/schema.org","@graph":[{"@type":"WebPage","@id":"https:\/\/laguiole.com\/en\/produit\/laguiole-folding-knife-in-aubrac-le-pastourelle-in-aubrac-wood-full-handle-guilloche-plates-fly-from-aubrac-forged-and-chiseled-by-hand-brushed-stainless-steel-finish-3\/","url":"https:\/\/laguiole.com\/en\/produit\/laguiole-folding-knife-in-aubrac-le-pastourelle-in-aubrac-wood-full-handle-guilloche-plates-fly-from-aubrac-forged-and-chiseled-by-hand-brushed-stainless-steel-finish-3\/","name":"folding-knife-laguiole-aubrac-pastourelle","isPartOf":{"@id":"https:\/\/laguiole.com\/en\/#website"},"primaryImageOfPage":{"@id":"https:\/\/laguiole.com\/en\/produit\/laguiole-folding-knife-in-aubrac-le-pastourelle-in-aubrac-wood-full-handle-guilloche-plates-fly-from-aubrac-forged-and-chiseled-by-hand-brushed-stainless-steel-finish-3\/#primaryimage"},"image":{"@id":"https:\/\/laguiole.com\/en\/produit\/laguiole-folding-knife-in-aubrac-le-pastourelle-in-aubrac-wood-full-handle-guilloche-plates-fly-from-aubrac-forged-and-chiseled-by-hand-brushed-stainless-steel-finish-3\/#primaryimage"},"thumbnailUrl":"https:\/\/laguiole.com\/wp-content\/uploads\/2024\/11\/Couteau_Laguiole_en_Aubrac_Plein_manche_pointe_de_corne_platine_guilloche_mouche_ciselee_00.jpg","datePublished":"2026-03-25T10:07:24+00:00","dateModified":"2026-05-13T18:04:50+00:00","description":"Laguiole folding knife in Aubrac, full handle in Aubrac wood, guilloch\u00e9 plates, forged Aubrac fly. Customizable handcrafted design.","breadcrumb":{"@id":"https:\/\/laguiole.com\/en\/produit\/laguiole-folding-knife-in-aubrac-le-pastourelle-in-aubrac-wood-full-handle-guilloche-plates-fly-from-aubrac-forged-and-chiseled-by-hand-brushed-stainless-steel-finish-3\/#breadcrumb"},"inLanguage":"en-US","potentialAction":[{"@type":"ReadAction","target":["https:\/\/laguiole.com\/en\/produit\/laguiole-folding-knife-in-aubrac-le-pastourelle-in-aubrac-wood-full-handle-guilloche-plates-fly-from-aubrac-forged-and-chiseled-by-hand-brushed-stainless-steel-finish-3\/"]}]},{"@type":"ImageObject","inLanguage":"en-US","@id":"https:\/\/laguiole.com\/en\/produit\/laguiole-folding-knife-in-aubrac-le-pastourelle-in-aubrac-wood-full-handle-guilloche-plates-fly-from-aubrac-forged-and-chiseled-by-hand-brushed-stainless-steel-finish-3\/#primaryimage","url":"https:\/\/laguiole.com\/wp-content\/uploads\/2024\/11\/Couteau_Laguiole_en_Aubrac_Plein_manche_pointe_de_corne_platine_guilloche_mouche_ciselee_00.jpg","contentUrl":"https:\/\/laguiole.com\/wp-content\/uploads\/2024\/11\/Couteau_Laguiole_en_Aubrac_Plein_manche_pointe_de_corne_platine_guilloche_mouche_ciselee_00.jpg","width":1033,"height":1033,"caption":"Couteau Laguiole en Aubrac 1 pi\u00e8ce 12cm Plein Manche Pointe de corne platine guilloch\u00e9 mouche cisel\u00e9e"},{"@type":"BreadcrumbList","@id":"https:\/\/laguiole.com\/en\/produit\/laguiole-folding-knife-in-aubrac-le-pastourelle-in-aubrac-wood-full-handle-guilloche-plates-fly-from-aubrac-forged-and-chiseled-by-hand-brushed-stainless-steel-finish-3\/#breadcrumb","itemListElement":[{"@type":"ListItem","position":1,"name":"Accueil","item":"https:\/\/laguiole.com\/en\/"},{"@type":"ListItem","position":2,"name":"Shop","item":"https:\/\/laguiole.com\/en\/shop\/"},{"@type":"ListItem","position":3,"name":"Laguiole Folding Knife in Aubrac &#8220;Le Pastourelle&#8221; in Aubrac Wood Full Handle Guilloch\u00e9 Plates Fly from Aubrac forged and chiseled by hand Brushed stainless steel finish"}]},{"@type":"WebSite","@id":"https:\/\/laguiole.com\/en\/#website","url":"https:\/\/laguiole.com\/en\/","name":"Laguiole.com","description":"Laguiole - Couteau laguiole, Chateau Laguiole, Laguiole en Aubrac, Forge de Laguiole","publisher":{"@id":"https:\/\/laguiole.com\/en\/#organization"},"potentialAction":[{"@type":"SearchAction","target":{"@type":"EntryPoint","urlTemplate":"https:\/\/laguiole.com\/en\/?s={search_term_string}"},"query-input":{"@type":"PropertyValueSpecification","valueRequired":true,"valueName":"search_term_string"}}],"inLanguage":"en-US"},{"@type":"Organization","@id":"https:\/\/laguiole.com\/en\/#organization","name":"Laguiole.com","url":"https:\/\/laguiole.com\/en\/","logo":{"@type":"ImageObject","inLanguage":"en-US","@id":"https:\/\/laguiole.com\/en\/#\/schema\/logo\/image\/","url":"https:\/\/laguiole.com\/wp-content\/uploads\/2021\/02\/logo_laguiole.com-horizontal.jpg","contentUrl":"https:\/\/laguiole.com\/wp-content\/uploads\/2021\/02\/logo_laguiole.com-horizontal.jpg","width":490,"height":156,"caption":"Laguiole.com"},"image":{"@id":"https:\/\/laguiole.com\/en\/#\/schema\/logo\/image\/"},"sameAs":["https:\/\/www.facebook.com\/laguiolecom\/","https:\/\/www.instagram.com\/laguiolecom\/","https:\/\/www.youtube.com\/@laguiolecom\/videos"]}]}},"_links":{"self":[{"href":"https:\/\/laguiole.com\/en\/wp-json\/wp\/v2\/product\/51734","targetHints":{"allow":["GET"]}}],"collection":[{"href":"https:\/\/laguiole.com\/en\/wp-json\/wp\/v2\/product"}],"about":[{"href":"https:\/\/laguiole.com\/en\/wp-json\/wp\/v2\/types\/product"}],"version-history":[{"count":1,"href":"https:\/\/laguiole.com\/en\/wp-json\/wp\/v2\/product\/51734\/revisions"}],"predecessor-version":[{"id":53925,"href":"https:\/\/laguiole.com\/en\/wp-json\/wp\/v2\/product\/51734\/revisions\/53925"}],"wp:featuredmedia":[{"embeddable":true,"href":"https:\/\/laguiole.com\/en\/wp-json\/wp\/v2\/media\/49440"}],"wp:attachment":[{"href":"https:\/\/laguiole.com\/en\/wp-json\/wp\/v2\/media?parent=51734"}],"wp:term":[{"taxonomy":"product_brand","embeddable":true,"href":"https:\/\/laguiole.com\/en\/wp-json\/wp\/v2\/product_brand?post=51734"},{"taxonomy":"product_cat","embeddable":true,"href":"https:\/\/laguiole.com\/en\/wp-json\/wp\/v2\/product_cat?post=51734"},{"taxonomy":"product_tag","embeddable":true,"href":"https:\/\/laguiole.com\/en\/wp-json\/wp\/v2\/product_tag?post=51734"}],"curies":[{"name":"wp","href":"https:\/\/api.w.org\/{rel}","templated":true}]}}