{"id":51003,"date":"2026-03-10T16:24:26","date_gmt":"2026-03-10T15:24:26","guid":{"rendered":"https:\/\/laguiole.com\/?post_type=product&#038;p=51003"},"modified":"2026-03-10T16:54:51","modified_gmt":"2026-03-10T15:54:51","slug":"laguiole-aubrac-knife-1-piece-12cm-full-handle-in-aubrac-wood-beaded-plates-guilloche-spring-damascus-blade-balbach-mouche-prestige-n12-copie","status":"publish","type":"product","link":"https:\/\/laguiole.com\/en\/produit\/laguiole-aubrac-knife-1-piece-12cm-full-handle-in-aubrac-wood-beaded-plates-guilloche-spring-damascus-blade-balbach-mouche-prestige-n12-copie\/","title":{"rendered":"Laguiole Aubrac Knife 1 piece 12cm Full handle in Aubrac wood Hand-guilloch\u00e9 spring with insert Stainless steel ring in the center Damascus Fly blade Stylized Prestige Unique piece"},"content":{"rendered":"<h1 data-section-id=\"tkxnoc\" data-start=\"658\" data-end=\"720\">Artisan knife with full handle in Aubrac wood \u2013 Unique piece<\/h1>\n<p data-start=\"722\" data-end=\"985\">Discover an <strong data-start=\"735\" data-end=\"768\">exceptional handcrafted knife<\/strong>, entirely <strong data-start=\"782\" data-end=\"837\">handcrafted by a French master knifemaker<\/strong>. This technical knife combines noble materials with traditional know-how to give birth to a piece that is as elegant as it is efficient. <\/p>\n<p data-start=\"987\" data-end=\"1255\">First and foremost, the cutler <strong data-start=\"1012\" data-end=\"1079\">designs, shapes and assembles this knife from start to finish<\/strong> in his workshop. A single person carries out each manufacturing step. Thanks to this meticulous work, every detail reflects the passion and high standards of French craftsmanship.  <\/p>\n<hr data-start=\"1257\" data-end=\"1260\">\n<h1 data-section-id=\"swomb3\" data-start=\"1262\" data-end=\"1304\">The handle \u2013 The nobility of Aubrac wood<\/h1>\n<p data-start=\"1306\" data-end=\"1428\">First of all, the cutler selects <strong data-start=\"1345\" data-end=\"1365\">Aubrac wood<\/strong>, a natural material appreciated for its robustness and beauty.<\/p>\n<p data-start=\"1430\" data-end=\"1660\">This wood reveals <strong data-start=\"1445\" data-end=\"1480\">a rich and authentic vein<\/strong>, where natural lines draw unique patterns. These variations give the neck a lively and warm character. Thus, each piece of wood has its own identity.  <\/p>\n<p data-start=\"1662\" data-end=\"1781\">Then, the cutler shapes the knife into a <strong data-start=\"1706\" data-end=\"1722\">full handle<\/strong>, which reinforces the solidity and balance of the whole.<\/p>\n<p data-start=\"1783\" data-end=\"1969\">In the center of the handle, it incorporates <strong data-start=\"1815\" data-end=\"1836\">a stainless steel ring<\/strong> that brings a modern and elegant touch. This detail underlines the precision of the work and creates a harmonious contrast with the wood. <\/p>\n<p data-start=\"1971\" data-end=\"2155\">Unlike traditional models, <strong data-start=\"2012\" data-end=\"2090\">this knife does not feature a shepherd&#8217;s cross on the left side of the handle<\/strong>, giving it a more sleek and contemporary aesthetic.<\/p>\n<hr data-start=\"2157\" data-end=\"2160\">\n<h1 data-section-id=\"hyaxns\" data-start=\"2162\" data-end=\"2210\">The spring \u2013 Precision craftsmanship<\/h1>\n<p data-start=\"2212\" data-end=\"2358\">Then, the cutler makes <strong data-start=\"2242\" data-end=\"2273\">a shiny stainless steel spring<\/strong>, which he <strong data-start=\"2281\" data-end=\"2316\">guilloch\u00e9 entirely by hand<\/strong>. This work requires patience and mastery. <\/p>\n<p data-start=\"2360\" data-end=\"2470\">The guilloch\u00e9 brings relief and finesse to the knife. It also reveals the cutler&#8217;s artisanal signature. <\/p>\n<p data-start=\"2472\" data-end=\"2618\">At the top of the spring, he forges <strong data-start=\"2503\" data-end=\"2526\">a stylized fly<\/strong>. Then, he <strong data-start=\"2540\" data-end=\"2560\">chiseled it by hand<\/strong> to give it an elegant relief and a distinctive style. <\/p>\n<hr data-start=\"2620\" data-end=\"2623\">\n<h1 data-section-id=\"iufzth\" data-start=\"2625\" data-end=\"2655\">The Blade \u2013 The Beauty of Damascus<\/h1>\n<p data-start=\"2657\" data-end=\"2714\">Finally, the cutler <strong data-start=\"2686\" data-end=\"2713\">installs a damascus steel blade<\/strong>.<\/p>\n<p data-start=\"2716\" data-end=\"2950\">Damascus is distinguished by <strong data-start=\"2742\" data-end=\"2772\">its unique wavy patterns<\/strong>, created by the layering and forging of different layers of steel. This traditional technique gives the blade <strong data-start=\"2895\" data-end=\"2949\">strength, flexibility and exceptional aesthetics<\/strong>. <\/p>\n<p data-start=\"2952\" data-end=\"3033\">Each damask blade has <strong data-start=\"2984\" data-end=\"3004\">a unique design<\/strong>, comparable to an imprint.<\/p>\n<hr data-start=\"3035\" data-end=\"3038\">\n<h1 data-section-id=\"1ibb59h\" data-start=\"3040\" data-end=\"3099\">A creation entirely made by a master cutler<\/h1>\n<p data-start=\"3101\" data-end=\"3273\">From start to finish, <strong data-start=\"3120\" data-end=\"3184\">a single master cutler carries out each step of the manufacturing process<\/strong>. He chooses the materials, shapes the pieces and makes all the finishes by hand. <\/p>\n<p data-start=\"3275\" data-end=\"3383\">Then, he adjusts and assembles the elements precisely in order to obtain a perfectly balanced knife.<\/p>\n<p data-start=\"3385\" data-end=\"3536\">Thanks to this complete craftsmanship, this knife becomes <strong data-start=\"3442\" data-end=\"3493\">a true creation of French cutlery<\/strong>, both technical, elegant and durable.<\/p>\n<hr data-start=\"3538\" data-end=\"3541\">\n<h1 data-section-id=\"myslhq\" data-start=\"3543\" data-end=\"3561\">Features<\/h1>\n<ul data-start=\"3563\" data-end=\"4035\">\n<li data-section-id=\"189rq0r\" data-start=\"3563\" data-end=\"3608\">\n<p data-start=\"3565\" data-end=\"3608\"><strong data-start=\"3565\" data-end=\"3575\">Type:<\/strong> Full-handle craft knife<\/p>\n<\/li>\n<li data-section-id=\"11fkwfs\" data-start=\"3609\" data-end=\"3652\">\n<p data-start=\"3611\" data-end=\"3652\"><strong data-start=\"3611\" data-end=\"3628\">Manufacture:<\/strong> entirely handmade<\/p>\n<\/li>\n<li data-section-id=\"12fe7kk\" data-start=\"3653\" data-end=\"3698\">\n<p data-start=\"3655\" data-end=\"3698\"><strong data-start=\"3655\" data-end=\"3670\">Cutler:<\/strong> French master cutler<\/p>\n<\/li>\n<li data-section-id=\"16eqkaa\" data-start=\"3699\" data-end=\"3729\">\n<p data-start=\"3701\" data-end=\"3729\"><strong data-start=\"3701\" data-end=\"3713\">Handle:<\/strong> Aubrac wood<\/p>\n<\/li>\n<li data-section-id=\"n1zvst\" data-start=\"3730\" data-end=\"3765\">\n<p data-start=\"3732\" data-end=\"3765\"><strong data-start=\"3732\" data-end=\"3750\">Construction:<\/strong> Full Handle<\/p>\n<\/li>\n<li data-section-id=\"zgdayr\" data-start=\"3766\" data-end=\"3813\">\n<p data-start=\"3768\" data-end=\"3813\"><strong data-start=\"3768\" data-end=\"3780\">Insert:<\/strong> stainless steel ring in the center of the handle<\/p>\n<\/li>\n<li data-section-id=\"74hbel\" data-start=\"3814\" data-end=\"3861\">\n<p data-start=\"3816\" data-end=\"3861\"><strong data-start=\"3816\" data-end=\"3830\">Plates:<\/strong> single glossy stainless steel plate<\/p>\n<\/li>\n<li data-section-id=\"1row06m\" data-start=\"3862\" data-end=\"3913\">\n<p data-start=\"3864\" data-end=\"3913\"><strong data-start=\"3864\" data-end=\"3877\">Spring:<\/strong> hand-guilloch\u00e9 shiny stainless steel<\/p>\n<\/li>\n<li data-section-id=\"17c3j3h\" data-start=\"3914\" data-end=\"3974\">\n<p data-start=\"3916\" data-end=\"3974\"><strong data-start=\"3916\" data-end=\"3928\">Mouche:<\/strong> stylized fly forged and chiseled by hand<\/p>\n<\/li>\n<li data-section-id=\"11auir5\" data-start=\"3975\" data-end=\"4001\">\n<p data-start=\"3977\" data-end=\"4001\"><strong data-start=\"3977\" data-end=\"3987\">Blade:<\/strong> Damascus steel<\/p>\n<\/li>\n<li data-section-id=\"1gleer7\" data-start=\"4002\" data-end=\"4035\">\n<p data-start=\"4004\" data-end=\"4035\"><strong data-start=\"4004\" data-end=\"4025\">Shepherd&#8217;s Cross:<\/strong> absent<\/p>\n<\/li>\n<\/ul>\n<hr data-start=\"4037\" data-end=\"4040\">\n<p data-start=\"4042\" data-end=\"4242\">\u2714 <strong data-start=\"4044\" data-end=\"4080\">Handcrafted in France<\/strong><br data-start=\"4080\" data-end=\"4083\">\u2714 <strong data-start=\"4085\" data-end=\"4118\">Entirely handmade work<\/strong><br data-start=\"4118\" data-end=\"4121\">\u2714 <strong data-start=\"4123\" data-end=\"4144\">Single Damascus Blade<\/strong><br data-start=\"4144\" data-end=\"4147\">\u2714 <strong data-start=\"4149\" data-end=\"4181\">Noble and durable materials<\/strong><br data-start=\"4181\" data-end=\"4184\">\u2714 <strong data-start=\"4186\" data-end=\"4242\">Object of character for lovers of fine cutlery<\/strong><\/p>\n","protected":false},"excerpt":{"rendered":"<p>Laguiole Folding Knife in Aubrac Unique Damascus<br \/>\nBlade with Tab for Opening<br \/>\nFull Handle in Aubrac Wood with insert of a Shiny Stainless Steel Ring in the Center<br \/>\nPrestige Fly Forged, Stylized and Chiseled by Hand<br \/>\nForged and Guilloch\u00e9 Spring Hand in Shiny<br \/>\nStainless Steel Single Plate in Shiny<br \/>\nStainless Steel No Shepherd&#8217;s Cross on the left side of the knife.<\/p>\n<p>Length of the knife closed: 12 cm<br \/>\nLength of the blade: 10 cm<br \/>\nLength of the knife open: 22 cm<\/p>\n","protected":false},"featured_media":51235,"template":"","meta":{"_acf_changed":false,"_monsterinsights_skip_tracking":false,"_monsterinsights_sitenote_active":false,"_monsterinsights_sitenote_note":"","_monsterinsights_sitenote_category":0},"product_brand":[],"product_cat":[156,465,833],"product_tag":[],"class_list":{"0":"post-51003","1":"product","2":"type-product","3":"status-publish","4":"has-post-thumbnail","6":"product_cat-folding-knives","7":"product_cat-laguiole","8":"product_cat-prestige","9":"pa_composition-couteau-blade","10":"pa_finition-shiny","11":"pa_lame-damasen","12":"pa_manche-en-bois-aubrac-wooden","13":"pa_marque-laguiole-en-aubracfr","14":"pa_mitres-full-handle","15":"pa_mouche-forged","16":"pa_mouche-prestigious","17":"pa_platines-single-plate0","18":"pa_ressort-handcarved","19":"pa_taille-du-manche-12-cm0","20":"tm-has-options","23":"instock","24":"taxable","25":"shipping-taxable","26":"purchasable","27":"product-type-simple"},"supplier_id":null,"supplier_sku":"","barcode":null,"atum_controlled":true,"out_stock_date":null,"out_stock_threshold":null,"inheritable":false,"inbound_stock":0,"stock_on_hold":0,"sold_today":0,"sales_last_days":0,"reserved_stock":0,"customer_returns":0,"warehouse_damage":0,"lost_in_post":0,"other_logs":0,"out_stock_days":0,"lost_sales":0,"has_location":false,"update_date":"2026-05-08T00:51:13","atum_locations":[],"atum_stock_status":"instock","restock_status":false,"low_stock_amount":"","sales_update_date":"2026-05-08T00:51:13","calc_backorders":0,"acf":[],"yoast_head":"<!-- This site is optimized with the Yoast SEO plugin v27.3 - https:\/\/yoast.com\/product\/yoast-seo-wordpress\/ -->\n<title>Damascus blade handmade knife \u2013 handmade Aubrac wood<\/title>\n<meta name=\"description\" content=\"Artisan Damascus blade knife in Aubrac wood Artisanal. Guilloch\u00e9 spring, stainless steel ring and forged fly for a unique creation.\" \/>\n<meta name=\"robots\" content=\"index, follow, max-snippet:-1, max-image-preview:large, max-video-preview:-1\" \/>\n<link rel=\"canonical\" href=\"https:\/\/laguiole.com\/en\/produit\/laguiole-aubrac-knife-1-piece-12cm-full-handle-in-aubrac-wood-beaded-plates-guilloche-spring-damascus-blade-balbach-mouche-prestige-n12-copie\/\" \/>\n<meta property=\"og:locale\" content=\"en_US\" \/>\n<meta property=\"og:type\" content=\"article\" \/>\n<meta property=\"og:title\" content=\"Damascus blade handmade knife \u2013 handmade Aubrac wood\" \/>\n<meta property=\"og:description\" content=\"Artisan Damascus blade knife in Aubrac wood Artisanal. Guilloch\u00e9 spring, stainless steel ring and forged fly for a unique creation.\" \/>\n<meta property=\"og:url\" content=\"https:\/\/laguiole.com\/en\/produit\/laguiole-aubrac-knife-1-piece-12cm-full-handle-in-aubrac-wood-beaded-plates-guilloche-spring-damascus-blade-balbach-mouche-prestige-n12-copie\/\" \/>\n<meta property=\"og:site_name\" content=\"Laguiole.com \u00ae\" \/>\n<meta property=\"article:publisher\" content=\"https:\/\/www.facebook.com\/laguiolecom\/\" \/>\n<meta property=\"article:modified_time\" content=\"2026-03-10T15:54:51+00:00\" \/>\n<meta property=\"og:image\" content=\"https:\/\/laguiole.com\/wp-content\/uploads\/2023\/08\/logo_laguiole_com_\u00ae_300dpi_Noir_et_Blanc.jpg\" \/>\n\t<meta property=\"og:image:width\" content=\"1920\" \/>\n\t<meta property=\"og:image:height\" content=\"854\" \/>\n\t<meta property=\"og:image:type\" content=\"image\/jpeg\" \/>\n<meta name=\"twitter:card\" content=\"summary_large_image\" \/>\n<meta name=\"twitter:label1\" content=\"Est. reading time\" \/>\n\t<meta name=\"twitter:data1\" content=\"1 minute\" \/>\n<script type=\"application\/ld+json\" class=\"yoast-schema-graph\">{\"@context\":\"https:\\\/\\\/schema.org\",\"@graph\":[{\"@type\":\"WebPage\",\"@id\":\"https:\\\/\\\/laguiole.com\\\/en\\\/produit\\\/laguiole-aubrac-knife-1-piece-12cm-full-handle-in-aubrac-wood-beaded-plates-guilloche-spring-damascus-blade-balbach-mouche-prestige-n12-copie\\\/\",\"url\":\"https:\\\/\\\/laguiole.com\\\/en\\\/produit\\\/laguiole-aubrac-knife-1-piece-12cm-full-handle-in-aubrac-wood-beaded-plates-guilloche-spring-damascus-blade-balbach-mouche-prestige-n12-copie\\\/\",\"name\":\"Damascus blade handmade knife \u2013 handmade Aubrac wood\",\"isPartOf\":{\"@id\":\"https:\\\/\\\/laguiole.com\\\/en\\\/#website\"},\"primaryImageOfPage\":{\"@id\":\"https:\\\/\\\/laguiole.com\\\/en\\\/produit\\\/laguiole-aubrac-knife-1-piece-12cm-full-handle-in-aubrac-wood-beaded-plates-guilloche-spring-damascus-blade-balbach-mouche-prestige-n12-copie\\\/#primaryimage\"},\"image\":{\"@id\":\"https:\\\/\\\/laguiole.com\\\/en\\\/produit\\\/laguiole-aubrac-knife-1-piece-12cm-full-handle-in-aubrac-wood-beaded-plates-guilloche-spring-damascus-blade-balbach-mouche-prestige-n12-copie\\\/#primaryimage\"},\"thumbnailUrl\":\"https:\\\/\\\/laguiole.com\\\/wp-content\\\/uploads\\\/2026\\\/03\\\/Couteau_Laguiole_en_Aubrac_Plein_Manche_Bois_Aubrac_Ressort_Guilloche_insert_Bague_inox_au_centre_Lame_Damas_Mouche_Prestige_Stylisee_Piece_Unique_00.jpg\",\"datePublished\":\"2026-03-10T15:24:26+00:00\",\"dateModified\":\"2026-03-10T15:54:51+00:00\",\"description\":\"Artisan Damascus blade knife in Aubrac wood Artisanal. Guilloch\u00e9 spring, stainless steel ring and forged fly for a unique creation.\",\"breadcrumb\":{\"@id\":\"https:\\\/\\\/laguiole.com\\\/en\\\/produit\\\/laguiole-aubrac-knife-1-piece-12cm-full-handle-in-aubrac-wood-beaded-plates-guilloche-spring-damascus-blade-balbach-mouche-prestige-n12-copie\\\/#breadcrumb\"},\"inLanguage\":\"en-US\",\"potentialAction\":[{\"@type\":\"ReadAction\",\"target\":[\"https:\\\/\\\/laguiole.com\\\/en\\\/produit\\\/laguiole-aubrac-knife-1-piece-12cm-full-handle-in-aubrac-wood-beaded-plates-guilloche-spring-damascus-blade-balbach-mouche-prestige-n12-copie\\\/\"]}]},{\"@type\":\"ImageObject\",\"inLanguage\":\"en-US\",\"@id\":\"https:\\\/\\\/laguiole.com\\\/en\\\/produit\\\/laguiole-aubrac-knife-1-piece-12cm-full-handle-in-aubrac-wood-beaded-plates-guilloche-spring-damascus-blade-balbach-mouche-prestige-n12-copie\\\/#primaryimage\",\"url\":\"https:\\\/\\\/laguiole.com\\\/wp-content\\\/uploads\\\/2026\\\/03\\\/Couteau_Laguiole_en_Aubrac_Plein_Manche_Bois_Aubrac_Ressort_Guilloche_insert_Bague_inox_au_centre_Lame_Damas_Mouche_Prestige_Stylisee_Piece_Unique_00.jpg\",\"contentUrl\":\"https:\\\/\\\/laguiole.com\\\/wp-content\\\/uploads\\\/2026\\\/03\\\/Couteau_Laguiole_en_Aubrac_Plein_Manche_Bois_Aubrac_Ressort_Guilloche_insert_Bague_inox_au_centre_Lame_Damas_Mouche_Prestige_Stylisee_Piece_Unique_00.jpg\",\"width\":1033,\"height\":1033,\"caption\":\"Couteau Laguiole en Aubrac 1 pi\u00e8ce 12cm Plein Manche en Bois d\u2019Aubrac Ressort Guilloch\u00e9 \u00e0 la main avec insert Bague inox au centre Lame Damas Mouche Prestige Stylis\u00e9e Pi\u00e8ce Unique\"},{\"@type\":\"BreadcrumbList\",\"@id\":\"https:\\\/\\\/laguiole.com\\\/en\\\/produit\\\/laguiole-aubrac-knife-1-piece-12cm-full-handle-in-aubrac-wood-beaded-plates-guilloche-spring-damascus-blade-balbach-mouche-prestige-n12-copie\\\/#breadcrumb\",\"itemListElement\":[{\"@type\":\"ListItem\",\"position\":1,\"name\":\"Accueil\",\"item\":\"https:\\\/\\\/laguiole.com\\\/en\\\/\"},{\"@type\":\"ListItem\",\"position\":2,\"name\":\"Shop\",\"item\":\"https:\\\/\\\/laguiole.com\\\/en\\\/shop\\\/\"},{\"@type\":\"ListItem\",\"position\":3,\"name\":\"Laguiole Aubrac Knife 1 piece 12cm Full handle in Aubrac wood Hand-guilloch\u00e9 spring with insert Stainless steel ring in the center Damascus Fly blade Stylized Prestige Unique piece\"}]},{\"@type\":\"WebSite\",\"@id\":\"https:\\\/\\\/laguiole.com\\\/en\\\/#website\",\"url\":\"https:\\\/\\\/laguiole.com\\\/en\\\/\",\"name\":\"Laguiole.com\",\"description\":\"Laguiole - Couteau laguiole, Chateau Laguiole, Laguiole en Aubrac, Forge de Laguiole\",\"publisher\":{\"@id\":\"https:\\\/\\\/laguiole.com\\\/en\\\/#organization\"},\"potentialAction\":[{\"@type\":\"SearchAction\",\"target\":{\"@type\":\"EntryPoint\",\"urlTemplate\":\"https:\\\/\\\/laguiole.com\\\/en\\\/?s={search_term_string}\"},\"query-input\":{\"@type\":\"PropertyValueSpecification\",\"valueRequired\":true,\"valueName\":\"search_term_string\"}}],\"inLanguage\":\"en-US\"},{\"@type\":\"Organization\",\"@id\":\"https:\\\/\\\/laguiole.com\\\/en\\\/#organization\",\"name\":\"Laguiole.com\",\"url\":\"https:\\\/\\\/laguiole.com\\\/en\\\/\",\"logo\":{\"@type\":\"ImageObject\",\"inLanguage\":\"en-US\",\"@id\":\"https:\\\/\\\/laguiole.com\\\/en\\\/#\\\/schema\\\/logo\\\/image\\\/\",\"url\":\"https:\\\/\\\/laguiole.com\\\/wp-content\\\/uploads\\\/2021\\\/02\\\/logo_laguiole.com-horizontal.jpg\",\"contentUrl\":\"https:\\\/\\\/laguiole.com\\\/wp-content\\\/uploads\\\/2021\\\/02\\\/logo_laguiole.com-horizontal.jpg\",\"width\":490,\"height\":156,\"caption\":\"Laguiole.com\"},\"image\":{\"@id\":\"https:\\\/\\\/laguiole.com\\\/en\\\/#\\\/schema\\\/logo\\\/image\\\/\"},\"sameAs\":[\"https:\\\/\\\/www.facebook.com\\\/laguiolecom\\\/\",\"https:\\\/\\\/www.instagram.com\\\/laguiolecom\\\/\",\"https:\\\/\\\/www.youtube.com\\\/@laguiolecom\\\/videos\"]}]}<\/script>\n<!-- \/ Yoast SEO plugin. -->","yoast_head_json":{"title":"Damascus blade handmade knife \u2013 handmade Aubrac wood","description":"Artisan Damascus blade knife in Aubrac wood Artisanal. Guilloch\u00e9 spring, stainless steel ring and forged fly for a unique creation.","robots":{"index":"index","follow":"follow","max-snippet":"max-snippet:-1","max-image-preview":"max-image-preview:large","max-video-preview":"max-video-preview:-1"},"canonical":"https:\/\/laguiole.com\/en\/produit\/laguiole-aubrac-knife-1-piece-12cm-full-handle-in-aubrac-wood-beaded-plates-guilloche-spring-damascus-blade-balbach-mouche-prestige-n12-copie\/","og_locale":"en_US","og_type":"article","og_title":"Damascus blade handmade knife \u2013 handmade Aubrac wood","og_description":"Artisan Damascus blade knife in Aubrac wood Artisanal. Guilloch\u00e9 spring, stainless steel ring and forged fly for a unique creation.","og_url":"https:\/\/laguiole.com\/en\/produit\/laguiole-aubrac-knife-1-piece-12cm-full-handle-in-aubrac-wood-beaded-plates-guilloche-spring-damascus-blade-balbach-mouche-prestige-n12-copie\/","og_site_name":"Laguiole.com \u00ae","article_publisher":"https:\/\/www.facebook.com\/laguiolecom\/","article_modified_time":"2026-03-10T15:54:51+00:00","og_image":[{"width":1920,"height":854,"url":"https:\/\/laguiole.com\/wp-content\/uploads\/2023\/08\/logo_laguiole_com_\u00ae_300dpi_Noir_et_Blanc.jpg","type":"image\/jpeg"}],"twitter_card":"summary_large_image","twitter_misc":{"Est. reading time":"1 minute"},"schema":{"@context":"https:\/\/schema.org","@graph":[{"@type":"WebPage","@id":"https:\/\/laguiole.com\/en\/produit\/laguiole-aubrac-knife-1-piece-12cm-full-handle-in-aubrac-wood-beaded-plates-guilloche-spring-damascus-blade-balbach-mouche-prestige-n12-copie\/","url":"https:\/\/laguiole.com\/en\/produit\/laguiole-aubrac-knife-1-piece-12cm-full-handle-in-aubrac-wood-beaded-plates-guilloche-spring-damascus-blade-balbach-mouche-prestige-n12-copie\/","name":"Damascus blade handmade knife \u2013 handmade Aubrac wood","isPartOf":{"@id":"https:\/\/laguiole.com\/en\/#website"},"primaryImageOfPage":{"@id":"https:\/\/laguiole.com\/en\/produit\/laguiole-aubrac-knife-1-piece-12cm-full-handle-in-aubrac-wood-beaded-plates-guilloche-spring-damascus-blade-balbach-mouche-prestige-n12-copie\/#primaryimage"},"image":{"@id":"https:\/\/laguiole.com\/en\/produit\/laguiole-aubrac-knife-1-piece-12cm-full-handle-in-aubrac-wood-beaded-plates-guilloche-spring-damascus-blade-balbach-mouche-prestige-n12-copie\/#primaryimage"},"thumbnailUrl":"https:\/\/laguiole.com\/wp-content\/uploads\/2026\/03\/Couteau_Laguiole_en_Aubrac_Plein_Manche_Bois_Aubrac_Ressort_Guilloche_insert_Bague_inox_au_centre_Lame_Damas_Mouche_Prestige_Stylisee_Piece_Unique_00.jpg","datePublished":"2026-03-10T15:24:26+00:00","dateModified":"2026-03-10T15:54:51+00:00","description":"Artisan Damascus blade knife in Aubrac wood Artisanal. Guilloch\u00e9 spring, stainless steel ring and forged fly for a unique creation.","breadcrumb":{"@id":"https:\/\/laguiole.com\/en\/produit\/laguiole-aubrac-knife-1-piece-12cm-full-handle-in-aubrac-wood-beaded-plates-guilloche-spring-damascus-blade-balbach-mouche-prestige-n12-copie\/#breadcrumb"},"inLanguage":"en-US","potentialAction":[{"@type":"ReadAction","target":["https:\/\/laguiole.com\/en\/produit\/laguiole-aubrac-knife-1-piece-12cm-full-handle-in-aubrac-wood-beaded-plates-guilloche-spring-damascus-blade-balbach-mouche-prestige-n12-copie\/"]}]},{"@type":"ImageObject","inLanguage":"en-US","@id":"https:\/\/laguiole.com\/en\/produit\/laguiole-aubrac-knife-1-piece-12cm-full-handle-in-aubrac-wood-beaded-plates-guilloche-spring-damascus-blade-balbach-mouche-prestige-n12-copie\/#primaryimage","url":"https:\/\/laguiole.com\/wp-content\/uploads\/2026\/03\/Couteau_Laguiole_en_Aubrac_Plein_Manche_Bois_Aubrac_Ressort_Guilloche_insert_Bague_inox_au_centre_Lame_Damas_Mouche_Prestige_Stylisee_Piece_Unique_00.jpg","contentUrl":"https:\/\/laguiole.com\/wp-content\/uploads\/2026\/03\/Couteau_Laguiole_en_Aubrac_Plein_Manche_Bois_Aubrac_Ressort_Guilloche_insert_Bague_inox_au_centre_Lame_Damas_Mouche_Prestige_Stylisee_Piece_Unique_00.jpg","width":1033,"height":1033,"caption":"Couteau Laguiole en Aubrac 1 pi\u00e8ce 12cm Plein Manche en Bois d\u2019Aubrac Ressort Guilloch\u00e9 \u00e0 la main avec insert Bague inox au centre Lame Damas Mouche Prestige Stylis\u00e9e Pi\u00e8ce Unique"},{"@type":"BreadcrumbList","@id":"https:\/\/laguiole.com\/en\/produit\/laguiole-aubrac-knife-1-piece-12cm-full-handle-in-aubrac-wood-beaded-plates-guilloche-spring-damascus-blade-balbach-mouche-prestige-n12-copie\/#breadcrumb","itemListElement":[{"@type":"ListItem","position":1,"name":"Accueil","item":"https:\/\/laguiole.com\/en\/"},{"@type":"ListItem","position":2,"name":"Shop","item":"https:\/\/laguiole.com\/en\/shop\/"},{"@type":"ListItem","position":3,"name":"Laguiole Aubrac Knife 1 piece 12cm Full handle in Aubrac wood Hand-guilloch\u00e9 spring with insert Stainless steel ring in the center Damascus Fly blade Stylized Prestige Unique piece"}]},{"@type":"WebSite","@id":"https:\/\/laguiole.com\/en\/#website","url":"https:\/\/laguiole.com\/en\/","name":"Laguiole.com","description":"Laguiole - Couteau laguiole, Chateau Laguiole, Laguiole en Aubrac, Forge de Laguiole","publisher":{"@id":"https:\/\/laguiole.com\/en\/#organization"},"potentialAction":[{"@type":"SearchAction","target":{"@type":"EntryPoint","urlTemplate":"https:\/\/laguiole.com\/en\/?s={search_term_string}"},"query-input":{"@type":"PropertyValueSpecification","valueRequired":true,"valueName":"search_term_string"}}],"inLanguage":"en-US"},{"@type":"Organization","@id":"https:\/\/laguiole.com\/en\/#organization","name":"Laguiole.com","url":"https:\/\/laguiole.com\/en\/","logo":{"@type":"ImageObject","inLanguage":"en-US","@id":"https:\/\/laguiole.com\/en\/#\/schema\/logo\/image\/","url":"https:\/\/laguiole.com\/wp-content\/uploads\/2021\/02\/logo_laguiole.com-horizontal.jpg","contentUrl":"https:\/\/laguiole.com\/wp-content\/uploads\/2021\/02\/logo_laguiole.com-horizontal.jpg","width":490,"height":156,"caption":"Laguiole.com"},"image":{"@id":"https:\/\/laguiole.com\/en\/#\/schema\/logo\/image\/"},"sameAs":["https:\/\/www.facebook.com\/laguiolecom\/","https:\/\/www.instagram.com\/laguiolecom\/","https:\/\/www.youtube.com\/@laguiolecom\/videos"]}]}},"_links":{"self":[{"href":"https:\/\/laguiole.com\/en\/wp-json\/wp\/v2\/product\/51003","targetHints":{"allow":["GET"]}}],"collection":[{"href":"https:\/\/laguiole.com\/en\/wp-json\/wp\/v2\/product"}],"about":[{"href":"https:\/\/laguiole.com\/en\/wp-json\/wp\/v2\/types\/product"}],"version-history":[{"count":1,"href":"https:\/\/laguiole.com\/en\/wp-json\/wp\/v2\/product\/51003\/revisions"}],"predecessor-version":[{"id":51006,"href":"https:\/\/laguiole.com\/en\/wp-json\/wp\/v2\/product\/51003\/revisions\/51006"}],"wp:featuredmedia":[{"embeddable":true,"href":"https:\/\/laguiole.com\/en\/wp-json\/wp\/v2\/media\/51235"}],"wp:attachment":[{"href":"https:\/\/laguiole.com\/en\/wp-json\/wp\/v2\/media?parent=51003"}],"wp:term":[{"taxonomy":"product_brand","embeddable":true,"href":"https:\/\/laguiole.com\/en\/wp-json\/wp\/v2\/product_brand?post=51003"},{"taxonomy":"product_cat","embeddable":true,"href":"https:\/\/laguiole.com\/en\/wp-json\/wp\/v2\/product_cat?post=51003"},{"taxonomy":"product_tag","embeddable":true,"href":"https:\/\/laguiole.com\/en\/wp-json\/wp\/v2\/product_tag?post=51003"}],"curies":[{"name":"wp","href":"https:\/\/api.w.org\/{rel}","templated":true}]}}