{"id":50987,"date":"2026-03-10T13:08:12","date_gmt":"2026-03-10T12:08:12","guid":{"rendered":"https:\/\/laguiole.com\/?post_type=product&#038;p=50987"},"modified":"2026-03-10T18:02:08","modified_gmt":"2026-03-10T17:02:08","slug":"laguiole-knife-in-aubrac-1-piece-12-cm-full-handle-in-juniper-spring-and-guilloche-brass-plates-fly-prestige-unique-piece","status":"publish","type":"product","link":"https:\/\/laguiole.com\/en\/produit\/laguiole-knife-in-aubrac-1-piece-12-cm-full-handle-in-juniper-spring-and-guilloche-brass-plates-fly-prestige-unique-piece\/","title":{"rendered":"Laguiole Knife in Aubrac 1 Piece 12 cm Full Handle in Orange Elderberry Burl Spring Nicely handcarved  Mouche Prestige UNIQUE PIECE"},"content":{"rendered":"<h1 data-section-id=\"1mfrbgj\" data-start=\"636\" data-end=\"709\">Laguiole knife unique piece 12 cm \u2013 elderberry burl handle<\/h1>\n<p data-start=\"711\" data-end=\"930\">Discover this <strong data-start=\"724\" data-end=\"766\">unique 12 cm Laguiole knife<\/strong>, entirely <strong data-start=\"780\" data-end=\"825\">handcrafted by a master cutler<\/strong>. The dimension of <strong data-start=\"843\" data-end=\"894\">12 cm corresponds to the length of the closed knife<\/strong>, an elegant and balanced size.<\/p>\n<p data-start=\"932\" data-end=\"1184\">First and foremost, this knife is <strong data-start=\"959\" data-end=\"1000\">a true one-of-a-kind handcrafted piece<\/strong>. The cutler <strong data-start=\"1015\" data-end=\"1077\">designs, shapes and assembles it entirely by hand<\/strong> in his workshop. Thus, this model <strong data-start=\"1113\" data-end=\"1141\">will never be reproduced<\/strong>. It therefore exists <strong data-start=\"1158\" data-end=\"1183\">in a single copy<\/strong>.<\/p>\n<p data-start=\"1186\" data-end=\"1310\">This knife is aimed at cutlery enthusiasts and collectors who are looking for <strong data-start=\"1276\" data-end=\"1309\">a rare and authentic piece<\/strong>.<\/p>\n<hr data-start=\"1312\" data-end=\"1315\" \/>\n<h2 data-section-id=\"16qhe3i\" data-start=\"1317\" data-end=\"1368\">An exceptional handle in orange elderberry burl<\/h2>\n<p data-start=\"1370\" data-end=\"1609\">First of all, the cutler selects an <strong data-start=\"1413\" data-end=\"1439\">orange elderberry burl<\/strong>, a rare and particularly aesthetic wood. This magnifying glass features <strong data-start=\"1507\" data-end=\"1538\">a rich, natural veining<\/strong>, blending <strong data-start=\"1551\" data-end=\"1608\">deep orange hues and light beige shades<\/strong>.<\/p>\n<p data-start=\"1611\" data-end=\"1755\">Thanks to these natural contrasts, each sleeve reveals <strong data-start=\"1665\" data-end=\"1685\">a unique design<\/strong>. The wood thus gives the knife <strong data-start=\"1720\" data-end=\"1754\">warmth, character and elegance<\/strong>.<\/p>\n<hr data-start=\"1757\" data-end=\"1760\" \/>\n<h2 data-section-id=\"vilnb8\" data-start=\"1762\" data-end=\"1811\">A hand-guilloch\u00e9 spring of great finesse<\/h2>\n<p data-start=\"1813\" data-end=\"1950\">Then, the cutler makes a <strong data-start=\"1846\" data-end=\"1890\">stainless steel spring with a satin brushed finish<\/strong>. He <strong data-start=\"1895\" data-end=\"1949\">then guilloch\u00e9 the spring entirely by hand<\/strong>.<\/p>\n<p data-start=\"1952\" data-end=\"2143\">The decoration represents <strong data-start=\"1972\" data-end=\"2013\">an elegant ribbon accompanied by bubbles<\/strong>, which lead to <strong data-start=\"2035\" data-end=\"2077\">a finely worked central flower<\/strong>. This pattern gives the knife <strong data-start=\"2105\" data-end=\"2142\">a refined artistic signature<\/strong>.<\/p>\n<p data-start=\"2145\" data-end=\"2280\">In addition, the spring has a <strong data-start=\"2182\" data-end=\"2195\">false black<\/strong>, which highlights the reliefs of the guilloch\u00e9 and accentuates the depth of the decoration.<\/p>\n<hr data-start=\"2282\" data-end=\"2285\" \/>\n<h2 data-section-id=\"1pfq711\" data-start=\"2287\" data-end=\"2332\">A forged and very elaborate floral fly<\/h2>\n<p data-start=\"2334\" data-end=\"2481\">At the top of the spring, the cutler forges a <strong data-start=\"2379\" data-end=\"2423\">particularly elaborate floral fly<\/strong>. He <strong data-start=\"2431\" data-end=\"2480\">shapes and works it entirely by hand<\/strong>.<\/p>\n<p data-start=\"2483\" data-end=\"2667\">Then, he applies a <strong data-start=\"2508\" data-end=\"2528\">satin finish<\/strong>, which emphasizes the volumes and finesse of the work. This forged fly gives the knife <strong data-start=\"2620\" data-end=\"2666\">a strong personality and elegant style<\/strong>.<\/p>\n<hr data-start=\"2669\" data-end=\"2672\" \/>\n<h2 data-section-id=\"1va39a5\" data-start=\"2674\" data-end=\"2710\">Sober and elegant finishes<\/h2>\n<p data-start=\"2712\" data-end=\"2896\">The knife has <strong data-start=\"2731\" data-end=\"2763\">simple stainless steel plates<\/strong>, with a <strong data-start=\"2774\" data-end=\"2802\">satin brushed finish<\/strong>. This finish brings a sober and modern touch that perfectly highlights the neck.<\/p>\n<p data-start=\"2898\" data-end=\"3039\">The <strong data-start=\"2901\" data-end=\"2943\">satin brushed stainless steel blade<\/strong> completes the set with elegance. It offers <strong data-start=\"3000\" data-end=\"3038\">strength, durability and aesthetics<\/strong> at the same time.<\/p>\n<p data-start=\"3041\" data-end=\"3202\">Unlike some traditional models, <strong data-start=\"3089\" data-end=\"3152\">this knife does not feature a shepherd&#8217;s cross on the handle<\/strong>, which reinforces its sleek and contemporary style.<\/p>\n<hr data-start=\"3204\" data-end=\"3207\" \/>\n<h2 data-section-id=\"8rhd33\" data-start=\"3209\" data-end=\"3249\">A true unique handcrafted piece<\/h2>\n<p data-start=\"3251\" data-end=\"3403\">This knife is <strong data-start=\"3266\" data-end=\"3318\">entirely made by a single master cutler<\/strong>. He selects the materials, shapes each piece and makes all the finishes.<\/p>\n<p data-start=\"3405\" data-end=\"3513\">Then, he adjusts and assembles the elements precisely in order to obtain a perfectly balanced knife.<\/p>\n<p data-start=\"3515\" data-end=\"3639\">Thanks to this complete craftsmanship, this model becomes <strong data-start=\"3571\" data-end=\"3603\">an authentic one-of-a-kind piece<\/strong>, which <strong data-start=\"3609\" data-end=\"3638\">will never be reproduced<\/strong>.<\/p>\n<hr data-start=\"3641\" data-end=\"3644\" \/>\n<h2 data-section-id=\"1qr1bd9\" data-start=\"3646\" data-end=\"3665\">Features<\/h2>\n<ul data-start=\"3667\" data-end=\"4248\">\n<li data-section-id=\"1mv7ubh\" data-start=\"3667\" data-end=\"3721\">\n<p data-start=\"3669\" data-end=\"3721\"><strong data-start=\"3669\" data-end=\"3679\">Type:<\/strong> Laguiole knife made in a unique piece<\/p>\n<\/li>\n<li data-section-id=\"k7za47\" data-start=\"3722\" data-end=\"3752\">\n<p data-start=\"3724\" data-end=\"3752\"><strong data-start=\"3724\" data-end=\"3744\">Closed length:<\/strong> 12 cm<\/p>\n<\/li>\n<li data-section-id=\"11fkwfs\" data-start=\"3753\" data-end=\"3796\">\n<p data-start=\"3755\" data-end=\"3796\"><strong data-start=\"3755\" data-end=\"3772\">Manufacture:<\/strong> entirely handmade<\/p>\n<\/li>\n<li data-section-id=\"ny3ubg\" data-start=\"3797\" data-end=\"3845\">\n<p data-start=\"3799\" data-end=\"3845\"><strong data-start=\"3799\" data-end=\"3815\">Copy:<\/strong> unique piece not reproduced<\/p>\n<\/li>\n<li data-section-id=\"12tdamh\" data-start=\"3846\" data-end=\"3885\">\n<p data-start=\"3848\" data-end=\"3885\"><strong data-start=\"3848\" data-end=\"3860\">Handle:<\/strong> orange elderberry burl<\/p>\n<\/li>\n<li data-section-id=\"r09afw\" data-start=\"3886\" data-end=\"3933\">\n<p data-start=\"3888\" data-end=\"3933\"><strong data-start=\"3888\" data-end=\"3901\">Veining:<\/strong> shades of orange and light beige<\/p>\n<\/li>\n<li data-section-id=\"1cu93cg\" data-start=\"3934\" data-end=\"3982\">\n<p data-start=\"3936\" data-end=\"3982\"><strong data-start=\"3936\" data-end=\"3950\">Plates:<\/strong> stainless steel satin brushed finish<\/p>\n<\/li>\n<li data-section-id=\"jmno7g\" data-start=\"3983\" data-end=\"4059\">\n<p data-start=\"3985\" data-end=\"4059\"><strong data-start=\"3985\" data-end=\"3998\">Spring:<\/strong> hand-guilloch\u00e9 stainless steel, ribbon pattern, bubbles and central flower<\/p>\n<\/li>\n<li data-section-id=\"1c1tovc\" data-start=\"4060\" data-end=\"4096\">\n<p data-start=\"4062\" data-end=\"4096\"><strong data-start=\"4062\" data-end=\"4084\">Spring Finish:<\/strong> Faux Black<\/p>\n<\/li>\n<li data-section-id=\"1weqvu5\" data-start=\"4097\" data-end=\"4168\">\n<p data-start=\"4099\" data-end=\"4168\"><strong data-start=\"4099\" data-end=\"4111\">Fly:<\/strong> Forged floral fly, very elaborate, satin finish<\/p>\n<\/li>\n<li data-section-id=\"pgw7v6\" data-start=\"4169\" data-end=\"4214\">\n<p data-start=\"4171\" data-end=\"4214\"><strong data-start=\"4171\" data-end=\"4181\">Blade:<\/strong> satin brushed stainless steel<\/p>\n<\/li>\n<li data-section-id=\"1gleer7\" data-start=\"4215\" data-end=\"4248\">\n<p data-start=\"4217\" data-end=\"4248\"><strong data-start=\"4217\" data-end=\"4238\">Shepherd&#8217;s Cross:<\/strong> absent<\/p>\n<\/li>\n<\/ul>\n<hr data-start=\"4250\" data-end=\"4253\" \/>\n<p data-start=\"4255\" data-end=\"4424\">\u2714 <strong data-start=\"4257\" data-end=\"4284\">Unique handcrafted piece<\/strong><br data-start=\"4284\" data-end=\"4287\" \/>\u2714 <strong data-start=\"4289\" data-end=\"4327\">Entirely handmade<\/strong><br data-start=\"4327\" data-end=\"4330\" \/>\u2714 <strong data-start=\"4332\" data-end=\"4364\">Creation of a master cutler<\/strong><br data-start=\"4364\" data-end=\"4367\" \/>\u2714 <strong data-start=\"4369\" data-end=\"4396\">Rare and aesthetic wood<\/strong><br data-start=\"4396\" data-end=\"4399\" \/>\u2714 <strong data-start=\"4401\" data-end=\"4424\">Collectible<\/strong><\/p>\n","protected":false},"excerpt":{"rendered":"<p>Laguiole Folding Knife in Aubrac<br \/>\nOrange Burl<br \/>\nHandle Stainless Steel Blade with Satin<br \/>\nFinish Full Handle<br \/>\nNo Shepherd&#8217;s Cross on the Left Side of the Knife<br \/>\nHand-Guilloch\u00e9 Spring in Brushed Stainless Steel on a Background of Ribbons and Bubbles<br \/>\nSimple Stainless Steel Plates with Satin<br \/>\nFinish Floral and Stylized Fly Prestige Handcrafted<\/p>\n<p>Handle Length 12 cm<br \/>\nBlade Length 10 cm<br \/>\nTotal Length of Open Knife 22 cm<\/p>\n<p>Delivered in a Laguiole oak box in Aubrac with certificate<br \/>\nPersonalization possible on the blade<\/p>\n<p>PIECE UNIQUE<\/p>\n","protected":false},"featured_media":51214,"template":"","meta":{"_acf_changed":false,"_monsterinsights_skip_tracking":false,"_monsterinsights_sitenote_active":false,"_monsterinsights_sitenote_note":"","_monsterinsights_sitenote_category":0},"product_brand":[],"product_cat":[156,465,833],"product_tag":[5895],"class_list":{"0":"post-50987","1":"product","2":"type-product","3":"status-publish","4":"has-post-thumbnail","6":"product_cat-folding-knives","7":"product_cat-laguiole","8":"product_cat-prestige","9":"product_tag-springengraving","10":"pa_composition-couteau-blade","11":"pa_finition-brusheden","12":"pa_lame-brushed-stainless-steelen","13":"pa_manche-en-bois-loupe-de-sureauen","14":"pa_marque-laguiole-en-aubracfr","15":"pa_mitres-full-handle","16":"pa_mouche-forged","17":"pa_mouche-prestigious","18":"pa_platines-single-plate0","19":"pa_ressort-handcarved","20":"pa_taille-du-manche-12-cm0","21":"tm-has-options","24":"outofstock","25":"taxable","26":"shipping-taxable","27":"purchasable","28":"product-type-simple"},"supplier_id":null,"supplier_sku":"","barcode":null,"atum_controlled":true,"out_stock_date":"2026-03-26 16:04:36","out_stock_threshold":null,"inheritable":false,"inbound_stock":0,"stock_on_hold":0,"sold_today":0,"sales_last_days":0,"reserved_stock":0,"customer_returns":0,"warehouse_damage":0,"lost_in_post":0,"other_logs":0,"out_stock_days":32,"lost_sales":0,"has_location":false,"update_date":"2026-04-28T00:36:07","atum_locations":[],"atum_stock_status":"outofstock","restock_status":false,"low_stock_amount":"","sales_update_date":"2026-04-28T00:36:07","calc_backorders":null,"acf":[],"yoast_head":"<!-- This site is optimized with the Yoast SEO plugin v27.3 - https:\/\/yoast.com\/product\/yoast-seo-wordpress\/ -->\n<title>Unique piece \u2013 Elderburl handle, prestige chiseled fly<\/title>\n<meta name=\"description\" content=\"Laguiole knife unique 12 cm in orange elderberry burl. Hand guilloch\u00e9 spring with ribbon, bubbles and flower pattern. Forged Floral Fly.\" \/>\n<meta name=\"robots\" content=\"index, follow, max-snippet:-1, max-image-preview:large, max-video-preview:-1\" \/>\n<link rel=\"canonical\" href=\"https:\/\/laguiole.com\/en\/produit\/laguiole-knife-in-aubrac-1-piece-12-cm-full-handle-in-juniper-spring-and-guilloche-brass-plates-fly-prestige-unique-piece\/\" \/>\n<meta property=\"og:locale\" content=\"en_US\" \/>\n<meta property=\"og:type\" content=\"article\" \/>\n<meta property=\"og:title\" content=\"Unique piece \u2013 Elderburl handle, prestige chiseled fly\" \/>\n<meta property=\"og:description\" content=\"Laguiole knife unique 12 cm in orange elderberry burl. Hand guilloch\u00e9 spring with ribbon, bubbles and flower pattern. Forged Floral Fly.\" \/>\n<meta property=\"og:url\" content=\"https:\/\/laguiole.com\/en\/produit\/laguiole-knife-in-aubrac-1-piece-12-cm-full-handle-in-juniper-spring-and-guilloche-brass-plates-fly-prestige-unique-piece\/\" \/>\n<meta property=\"og:site_name\" content=\"Laguiole.com \u00ae\" \/>\n<meta property=\"article:publisher\" content=\"https:\/\/www.facebook.com\/laguiolecom\/\" \/>\n<meta property=\"article:modified_time\" content=\"2026-03-10T17:02:08+00:00\" \/>\n<meta property=\"og:image\" content=\"https:\/\/laguiole.com\/wp-content\/uploads\/2023\/08\/logo_laguiole_com_\u00ae_300dpi_Noir_et_Blanc.jpg\" \/>\n\t<meta property=\"og:image:width\" content=\"1920\" \/>\n\t<meta property=\"og:image:height\" content=\"854\" \/>\n\t<meta property=\"og:image:type\" content=\"image\/jpeg\" \/>\n<meta name=\"twitter:card\" content=\"summary_large_image\" \/>\n<meta name=\"twitter:label1\" content=\"Est. reading time\" \/>\n\t<meta name=\"twitter:data1\" content=\"3 minutes\" \/>\n<script type=\"application\/ld+json\" class=\"yoast-schema-graph\">{\"@context\":\"https:\\\/\\\/schema.org\",\"@graph\":[{\"@type\":\"WebPage\",\"@id\":\"https:\\\/\\\/laguiole.com\\\/en\\\/produit\\\/laguiole-knife-in-aubrac-1-piece-12-cm-full-handle-in-juniper-spring-and-guilloche-brass-plates-fly-prestige-unique-piece\\\/\",\"url\":\"https:\\\/\\\/laguiole.com\\\/en\\\/produit\\\/laguiole-knife-in-aubrac-1-piece-12-cm-full-handle-in-juniper-spring-and-guilloche-brass-plates-fly-prestige-unique-piece\\\/\",\"name\":\"Unique piece \u2013 Elderburl handle, prestige chiseled fly\",\"isPartOf\":{\"@id\":\"https:\\\/\\\/laguiole.com\\\/en\\\/#website\"},\"primaryImageOfPage\":{\"@id\":\"https:\\\/\\\/laguiole.com\\\/en\\\/produit\\\/laguiole-knife-in-aubrac-1-piece-12-cm-full-handle-in-juniper-spring-and-guilloche-brass-plates-fly-prestige-unique-piece\\\/#primaryimage\"},\"image\":{\"@id\":\"https:\\\/\\\/laguiole.com\\\/en\\\/produit\\\/laguiole-knife-in-aubrac-1-piece-12-cm-full-handle-in-juniper-spring-and-guilloche-brass-plates-fly-prestige-unique-piece\\\/#primaryimage\"},\"thumbnailUrl\":\"https:\\\/\\\/laguiole.com\\\/wp-content\\\/uploads\\\/2026\\\/03\\\/Couteau_Laguiole_en_Aubrac_Plein_Manche_en_Loupe_de_Sureau_Orange_Ressort_guilloche_Mouche_Prestige_PIECE_UNIQUE_00.jpg\",\"datePublished\":\"2026-03-10T12:08:12+00:00\",\"dateModified\":\"2026-03-10T17:02:08+00:00\",\"description\":\"Laguiole knife unique 12 cm in orange elderberry burl. Hand guilloch\u00e9 spring with ribbon, bubbles and flower pattern. Forged Floral Fly.\",\"breadcrumb\":{\"@id\":\"https:\\\/\\\/laguiole.com\\\/en\\\/produit\\\/laguiole-knife-in-aubrac-1-piece-12-cm-full-handle-in-juniper-spring-and-guilloche-brass-plates-fly-prestige-unique-piece\\\/#breadcrumb\"},\"inLanguage\":\"en-US\",\"potentialAction\":[{\"@type\":\"ReadAction\",\"target\":[\"https:\\\/\\\/laguiole.com\\\/en\\\/produit\\\/laguiole-knife-in-aubrac-1-piece-12-cm-full-handle-in-juniper-spring-and-guilloche-brass-plates-fly-prestige-unique-piece\\\/\"]}]},{\"@type\":\"ImageObject\",\"inLanguage\":\"en-US\",\"@id\":\"https:\\\/\\\/laguiole.com\\\/en\\\/produit\\\/laguiole-knife-in-aubrac-1-piece-12-cm-full-handle-in-juniper-spring-and-guilloche-brass-plates-fly-prestige-unique-piece\\\/#primaryimage\",\"url\":\"https:\\\/\\\/laguiole.com\\\/wp-content\\\/uploads\\\/2026\\\/03\\\/Couteau_Laguiole_en_Aubrac_Plein_Manche_en_Loupe_de_Sureau_Orange_Ressort_guilloche_Mouche_Prestige_PIECE_UNIQUE_00.jpg\",\"contentUrl\":\"https:\\\/\\\/laguiole.com\\\/wp-content\\\/uploads\\\/2026\\\/03\\\/Couteau_Laguiole_en_Aubrac_Plein_Manche_en_Loupe_de_Sureau_Orange_Ressort_guilloche_Mouche_Prestige_PIECE_UNIQUE_00.jpg\",\"width\":1033,\"height\":1033,\"caption\":\"Couteau Laguiole en Aubrac 1 Pi\u00e8ce 12 cm Plein Manche en Loupe de Sureau Orange Ressort Joliment guilloch\u00e9 \u00e0 la main Mouche Prestige PIECE UNIQUE\"},{\"@type\":\"BreadcrumbList\",\"@id\":\"https:\\\/\\\/laguiole.com\\\/en\\\/produit\\\/laguiole-knife-in-aubrac-1-piece-12-cm-full-handle-in-juniper-spring-and-guilloche-brass-plates-fly-prestige-unique-piece\\\/#breadcrumb\",\"itemListElement\":[{\"@type\":\"ListItem\",\"position\":1,\"name\":\"Accueil\",\"item\":\"https:\\\/\\\/laguiole.com\\\/en\\\/\"},{\"@type\":\"ListItem\",\"position\":2,\"name\":\"Shop\",\"item\":\"https:\\\/\\\/laguiole.com\\\/en\\\/shop\\\/\"},{\"@type\":\"ListItem\",\"position\":3,\"name\":\"Laguiole Knife in Aubrac 1 Piece 12 cm Full Handle in Orange Elderberry Burl Spring Nicely handcarved Mouche Prestige UNIQUE PIECE\"}]},{\"@type\":\"WebSite\",\"@id\":\"https:\\\/\\\/laguiole.com\\\/en\\\/#website\",\"url\":\"https:\\\/\\\/laguiole.com\\\/en\\\/\",\"name\":\"Laguiole.com\",\"description\":\"Laguiole - Couteau laguiole, Chateau Laguiole, Laguiole en Aubrac, Forge de Laguiole\",\"publisher\":{\"@id\":\"https:\\\/\\\/laguiole.com\\\/en\\\/#organization\"},\"potentialAction\":[{\"@type\":\"SearchAction\",\"target\":{\"@type\":\"EntryPoint\",\"urlTemplate\":\"https:\\\/\\\/laguiole.com\\\/en\\\/?s={search_term_string}\"},\"query-input\":{\"@type\":\"PropertyValueSpecification\",\"valueRequired\":true,\"valueName\":\"search_term_string\"}}],\"inLanguage\":\"en-US\"},{\"@type\":\"Organization\",\"@id\":\"https:\\\/\\\/laguiole.com\\\/en\\\/#organization\",\"name\":\"Laguiole.com\",\"url\":\"https:\\\/\\\/laguiole.com\\\/en\\\/\",\"logo\":{\"@type\":\"ImageObject\",\"inLanguage\":\"en-US\",\"@id\":\"https:\\\/\\\/laguiole.com\\\/en\\\/#\\\/schema\\\/logo\\\/image\\\/\",\"url\":\"https:\\\/\\\/laguiole.com\\\/wp-content\\\/uploads\\\/2021\\\/02\\\/logo_laguiole.com-horizontal.jpg\",\"contentUrl\":\"https:\\\/\\\/laguiole.com\\\/wp-content\\\/uploads\\\/2021\\\/02\\\/logo_laguiole.com-horizontal.jpg\",\"width\":490,\"height\":156,\"caption\":\"Laguiole.com\"},\"image\":{\"@id\":\"https:\\\/\\\/laguiole.com\\\/en\\\/#\\\/schema\\\/logo\\\/image\\\/\"},\"sameAs\":[\"https:\\\/\\\/www.facebook.com\\\/laguiolecom\\\/\",\"https:\\\/\\\/www.instagram.com\\\/laguiolecom\\\/\",\"https:\\\/\\\/www.youtube.com\\\/@laguiolecom\\\/videos\"]}]}<\/script>\n<!-- \/ Yoast SEO plugin. -->","yoast_head_json":{"title":"Unique piece \u2013 Elderburl handle, prestige chiseled fly","description":"Laguiole knife unique 12 cm in orange elderberry burl. Hand guilloch\u00e9 spring with ribbon, bubbles and flower pattern. Forged Floral Fly.","robots":{"index":"index","follow":"follow","max-snippet":"max-snippet:-1","max-image-preview":"max-image-preview:large","max-video-preview":"max-video-preview:-1"},"canonical":"https:\/\/laguiole.com\/en\/produit\/laguiole-knife-in-aubrac-1-piece-12-cm-full-handle-in-juniper-spring-and-guilloche-brass-plates-fly-prestige-unique-piece\/","og_locale":"en_US","og_type":"article","og_title":"Unique piece \u2013 Elderburl handle, prestige chiseled fly","og_description":"Laguiole knife unique 12 cm in orange elderberry burl. Hand guilloch\u00e9 spring with ribbon, bubbles and flower pattern. Forged Floral Fly.","og_url":"https:\/\/laguiole.com\/en\/produit\/laguiole-knife-in-aubrac-1-piece-12-cm-full-handle-in-juniper-spring-and-guilloche-brass-plates-fly-prestige-unique-piece\/","og_site_name":"Laguiole.com \u00ae","article_publisher":"https:\/\/www.facebook.com\/laguiolecom\/","article_modified_time":"2026-03-10T17:02:08+00:00","og_image":[{"width":1920,"height":854,"url":"https:\/\/laguiole.com\/wp-content\/uploads\/2023\/08\/logo_laguiole_com_\u00ae_300dpi_Noir_et_Blanc.jpg","type":"image\/jpeg"}],"twitter_card":"summary_large_image","twitter_misc":{"Est. reading time":"3 minutes"},"schema":{"@context":"https:\/\/schema.org","@graph":[{"@type":"WebPage","@id":"https:\/\/laguiole.com\/en\/produit\/laguiole-knife-in-aubrac-1-piece-12-cm-full-handle-in-juniper-spring-and-guilloche-brass-plates-fly-prestige-unique-piece\/","url":"https:\/\/laguiole.com\/en\/produit\/laguiole-knife-in-aubrac-1-piece-12-cm-full-handle-in-juniper-spring-and-guilloche-brass-plates-fly-prestige-unique-piece\/","name":"Unique piece \u2013 Elderburl handle, prestige chiseled fly","isPartOf":{"@id":"https:\/\/laguiole.com\/en\/#website"},"primaryImageOfPage":{"@id":"https:\/\/laguiole.com\/en\/produit\/laguiole-knife-in-aubrac-1-piece-12-cm-full-handle-in-juniper-spring-and-guilloche-brass-plates-fly-prestige-unique-piece\/#primaryimage"},"image":{"@id":"https:\/\/laguiole.com\/en\/produit\/laguiole-knife-in-aubrac-1-piece-12-cm-full-handle-in-juniper-spring-and-guilloche-brass-plates-fly-prestige-unique-piece\/#primaryimage"},"thumbnailUrl":"https:\/\/laguiole.com\/wp-content\/uploads\/2026\/03\/Couteau_Laguiole_en_Aubrac_Plein_Manche_en_Loupe_de_Sureau_Orange_Ressort_guilloche_Mouche_Prestige_PIECE_UNIQUE_00.jpg","datePublished":"2026-03-10T12:08:12+00:00","dateModified":"2026-03-10T17:02:08+00:00","description":"Laguiole knife unique 12 cm in orange elderberry burl. Hand guilloch\u00e9 spring with ribbon, bubbles and flower pattern. Forged Floral Fly.","breadcrumb":{"@id":"https:\/\/laguiole.com\/en\/produit\/laguiole-knife-in-aubrac-1-piece-12-cm-full-handle-in-juniper-spring-and-guilloche-brass-plates-fly-prestige-unique-piece\/#breadcrumb"},"inLanguage":"en-US","potentialAction":[{"@type":"ReadAction","target":["https:\/\/laguiole.com\/en\/produit\/laguiole-knife-in-aubrac-1-piece-12-cm-full-handle-in-juniper-spring-and-guilloche-brass-plates-fly-prestige-unique-piece\/"]}]},{"@type":"ImageObject","inLanguage":"en-US","@id":"https:\/\/laguiole.com\/en\/produit\/laguiole-knife-in-aubrac-1-piece-12-cm-full-handle-in-juniper-spring-and-guilloche-brass-plates-fly-prestige-unique-piece\/#primaryimage","url":"https:\/\/laguiole.com\/wp-content\/uploads\/2026\/03\/Couteau_Laguiole_en_Aubrac_Plein_Manche_en_Loupe_de_Sureau_Orange_Ressort_guilloche_Mouche_Prestige_PIECE_UNIQUE_00.jpg","contentUrl":"https:\/\/laguiole.com\/wp-content\/uploads\/2026\/03\/Couteau_Laguiole_en_Aubrac_Plein_Manche_en_Loupe_de_Sureau_Orange_Ressort_guilloche_Mouche_Prestige_PIECE_UNIQUE_00.jpg","width":1033,"height":1033,"caption":"Couteau Laguiole en Aubrac 1 Pi\u00e8ce 12 cm Plein Manche en Loupe de Sureau Orange Ressort Joliment guilloch\u00e9 \u00e0 la main Mouche Prestige PIECE UNIQUE"},{"@type":"BreadcrumbList","@id":"https:\/\/laguiole.com\/en\/produit\/laguiole-knife-in-aubrac-1-piece-12-cm-full-handle-in-juniper-spring-and-guilloche-brass-plates-fly-prestige-unique-piece\/#breadcrumb","itemListElement":[{"@type":"ListItem","position":1,"name":"Accueil","item":"https:\/\/laguiole.com\/en\/"},{"@type":"ListItem","position":2,"name":"Shop","item":"https:\/\/laguiole.com\/en\/shop\/"},{"@type":"ListItem","position":3,"name":"Laguiole Knife in Aubrac 1 Piece 12 cm Full Handle in Orange Elderberry Burl Spring Nicely handcarved Mouche Prestige UNIQUE PIECE"}]},{"@type":"WebSite","@id":"https:\/\/laguiole.com\/en\/#website","url":"https:\/\/laguiole.com\/en\/","name":"Laguiole.com","description":"Laguiole - Couteau laguiole, Chateau Laguiole, Laguiole en Aubrac, Forge de Laguiole","publisher":{"@id":"https:\/\/laguiole.com\/en\/#organization"},"potentialAction":[{"@type":"SearchAction","target":{"@type":"EntryPoint","urlTemplate":"https:\/\/laguiole.com\/en\/?s={search_term_string}"},"query-input":{"@type":"PropertyValueSpecification","valueRequired":true,"valueName":"search_term_string"}}],"inLanguage":"en-US"},{"@type":"Organization","@id":"https:\/\/laguiole.com\/en\/#organization","name":"Laguiole.com","url":"https:\/\/laguiole.com\/en\/","logo":{"@type":"ImageObject","inLanguage":"en-US","@id":"https:\/\/laguiole.com\/en\/#\/schema\/logo\/image\/","url":"https:\/\/laguiole.com\/wp-content\/uploads\/2021\/02\/logo_laguiole.com-horizontal.jpg","contentUrl":"https:\/\/laguiole.com\/wp-content\/uploads\/2021\/02\/logo_laguiole.com-horizontal.jpg","width":490,"height":156,"caption":"Laguiole.com"},"image":{"@id":"https:\/\/laguiole.com\/en\/#\/schema\/logo\/image\/"},"sameAs":["https:\/\/www.facebook.com\/laguiolecom\/","https:\/\/www.instagram.com\/laguiolecom\/","https:\/\/www.youtube.com\/@laguiolecom\/videos"]}]}},"_links":{"self":[{"href":"https:\/\/laguiole.com\/en\/wp-json\/wp\/v2\/product\/50987","targetHints":{"allow":["GET"]}}],"collection":[{"href":"https:\/\/laguiole.com\/en\/wp-json\/wp\/v2\/product"}],"about":[{"href":"https:\/\/laguiole.com\/en\/wp-json\/wp\/v2\/types\/product"}],"version-history":[{"count":3,"href":"https:\/\/laguiole.com\/en\/wp-json\/wp\/v2\/product\/50987\/revisions"}],"predecessor-version":[{"id":51036,"href":"https:\/\/laguiole.com\/en\/wp-json\/wp\/v2\/product\/50987\/revisions\/51036"}],"wp:featuredmedia":[{"embeddable":true,"href":"https:\/\/laguiole.com\/en\/wp-json\/wp\/v2\/media\/51214"}],"wp:attachment":[{"href":"https:\/\/laguiole.com\/en\/wp-json\/wp\/v2\/media?parent=50987"}],"wp:term":[{"taxonomy":"product_brand","embeddable":true,"href":"https:\/\/laguiole.com\/en\/wp-json\/wp\/v2\/product_brand?post=50987"},{"taxonomy":"product_cat","embeddable":true,"href":"https:\/\/laguiole.com\/en\/wp-json\/wp\/v2\/product_cat?post=50987"},{"taxonomy":"product_tag","embeddable":true,"href":"https:\/\/laguiole.com\/en\/wp-json\/wp\/v2\/product_tag?post=50987"}],"curies":[{"name":"wp","href":"https:\/\/api.w.org\/{rel}","templated":true}]}}