{"id":50955,"date":"2026-03-09T19:33:10","date_gmt":"2026-03-09T18:33:10","guid":{"rendered":"https:\/\/laguiole.com\/?post_type=product&#038;p=50955"},"modified":"2026-05-04T12:47:10","modified_gmt":"2026-05-04T10:47:10","slug":"forge-de-laguiole-table-spoons-in-glossy-stainless-steel-elegance-range-set-of-6-copie","status":"publish","type":"product","link":"https:\/\/laguiole.com\/en\/produit\/forge-de-laguiole-table-spoons-in-glossy-stainless-steel-elegance-range-set-of-6-copie\/","title":{"rendered":"Forge de Laguiole Table Teaspoons in Stainless Steel with Satin Finish Elegance Range (Set of 6)"},"content":{"rendered":"<hr data-start=\"182\" data-end=\"185\">\n<h2 data-section-id=\"16j57sx\" data-start=\"0\" data-end=\"77\">Forge de Laguiole Coffee Spoons or Dessert Satin Stainless Steel Finish \u2013 Elegance Range<\/h2>\n<h3 data-section-id=\"17jnaet\" data-start=\"79\" data-end=\"122\">Sleek design for an elegant table<\/h3>\n<p data-start=\"123\" data-end=\"516\">The <strong data-start=\"127\" data-end=\"217\">Forge de Laguiole teaspoons or dessert spoons with satin stainless steel finish \u2013 Elegance range<\/strong> combine <strong data-start=\"228\" data-end=\"275\">minimalist design and French know-how<\/strong>. Their fine and balanced line immediately brings <strong data-start=\"329\" data-end=\"383\">a contemporary and refined touch to your table<\/strong>. Thanks to their simple style, these spoons can be easily integrated into any table setting, from the most classic to the most modern.  <\/p>\n<h3 data-section-id=\"1413s7t\" data-start=\"518\" data-end=\"564\">Solid and durable one-piece construction<\/h3>\n<p data-start=\"565\" data-end=\"826\">Forge de Laguiole manufactures each spoon <strong data-start=\"608\" data-end=\"648\">from a single block of stainless steel<\/strong>. This <strong data-start=\"685\" data-end=\"719\">one-piece design guarantees strength, hygiene and longevity<\/strong>. The absence of assemblies or screws reinforces the strength of the cover and preserves <strong data-start=\"800\" data-end=\"825\">the purity of the line<\/strong>.  <\/p>\n<p data-start=\"828\" data-end=\"976\">Thus, these spoons offer a <strong data-start=\"860\" data-end=\"924\">perfect balance between aesthetics and manufacturing quality<\/strong>, faithful to the requirements of French tableware.<\/p>\n<h3 data-section-id=\"1njfc5l\" data-start=\"978\" data-end=\"1034\">The satin stainless steel finish: soft and modern elegance<\/h3>\n<p data-start=\"1035\" data-end=\"1237\">These spoons are distinguished by their <strong data-start=\"1073\" data-end=\"1098\">satin finish<\/strong>, which is highly appreciated for its discreet elegance. Craftsmen achieve this finish by <strong data-start=\"1190\" data-end=\"1236\">brushing the stainless steel very finely<\/strong>. <\/p>\n<p data-start=\"1239\" data-end=\"1490\">This process creates a <strong data-start=\"1267\" data-end=\"1315\">slightly matte surface that is soft and silky to the touch<\/strong>. Unlike a glossy finish, satin stainless steel <strong data-start=\"1371\" data-end=\"1413\">diffuses light without an intense reflection<\/strong>. It also limits the visibility of everyday traces and micro-scratches.  <\/p>\n<p data-start=\"1492\" data-end=\"1611\">Thanks to this <strong data-start=\"1511\" data-end=\"1532\">modern and subtle<\/strong> look, these <strong data-start=\"1558\" data-end=\"1585\">spoons bring sobriety and refinement<\/strong> to your tableware.<\/p>\n<h3 data-section-id=\"qzq2de\" data-start=\"1613\" data-end=\"1662\">A spoon that is pleasant to use on a daily basis<\/h3>\n<p data-start=\"1663\" data-end=\"1901\">The <strong data-start=\"1666\" data-end=\"1707\">supple and balanced shape of the vat<\/strong> offers a comfortable tasting. It makes it easy to enjoy <strong data-start=\"1778\" data-end=\"1811\">a coffee, tea or dessert<\/strong>. Its simple and ergonomic design guarantees <strong data-start=\"1855\" data-end=\"1900\">a natural and pleasant grip<\/strong>.  <\/p>\n<p data-start=\"1903\" data-end=\"2014\">These spoons are therefore the perfect accompaniment <strong data-start=\"1947\" data-end=\"2013\">to everyday gourmet moments as well as more elegant meals<\/strong>.<\/p>\n<h3 data-section-id=\"pfwglr\" data-start=\"2016\" data-end=\"2066\">Perfect harmony with other cutlery<\/h3>\n<p data-start=\"2067\" data-end=\"2379\">The <strong data-start=\"2071\" data-end=\"2130\">Forge de Laguiole Elegance satin stainless steel teaspoons<\/strong> are naturally combined with <strong data-start=\"2162\" data-end=\"2232\">the forks and tablespoons of the same Elegance range<\/strong>. They also go well with <strong data-start=\"2266\" data-end=\"2299\">many table knives<\/strong>, making for <strong data-start=\"2327\" data-end=\"2378\">a harmonious and timeless cutlery set<\/strong>. <\/p>\n<h3 data-section-id=\"mggasu\" data-start=\"2381\" data-end=\"2417\">Practical and stylish storage<\/h3>\n<p data-start=\"2418\" data-end=\"2587\">Forge de Laguiole delivers these spoons <strong data-start=\"2456\" data-end=\"2503\">in an elegant and practical fabric pouch<\/strong>. This pouch has <strong data-start=\"2524\" data-end=\"2557\">six individual compartments<\/strong> that protect each place setting. <\/p>\n<p data-start=\"2589\" data-end=\"2851\">You can then <strong data-start=\"2609\" data-end=\"2663\">roll up the bag and close it with a tie tie<\/strong>. This system effectively protects cutlery while remaining simple to use. It is <strong data-start=\"2751\" data-end=\"2786\">easy to store in a drawer<\/strong> and takes <strong data-start=\"2796\" data-end=\"2850\">up much less space than a traditional box<\/strong>.  <\/p>\n<h3 data-section-id=\"14vpqnp\" data-start=\"2853\" data-end=\"2887\">Cutlery designed to last<\/h3>\n<p data-start=\"2888\" data-end=\"3199\">The <strong data-start=\"2892\" data-end=\"2970\">Forge de Laguiole satin stainless steel \u2013 Elegance range coffee spoons or dessert seduce<\/strong> with <strong data-start=\"2985\" data-end=\"3057\">their sobriety, their quality of manufacture and their timeless design<\/strong>.<\/p>\n<p data-start=\"2888\" data-end=\"3199\">They perfectly complement the forks and tablespoons from the same collection to create <strong data-start=\"3163\" data-end=\"3198\">an elegant and cohesive table<\/strong>.<\/p>\n","protected":false},"excerpt":{"rendered":"<p>Set of 6 table spoons Forge de Laguiole Elegance Range in stainless steel Satin<br \/>\nfinish Flat handle all stainless steel satin<br \/>\nfinish Total size of the Teaspoons: 18 cm<br \/>\nForged in one piece, refined and elegant<\/p>\n","protected":false},"featured_media":51077,"template":"","meta":{"_acf_changed":false,"_monsterinsights_skip_tracking":false,"_monsterinsights_sitenote_active":false,"_monsterinsights_sitenote_note":"","_monsterinsights_sitenote_category":0},"product_brand":[],"product_cat":[821,851],"product_tag":[],"class_list":{"0":"post-50955","1":"product","2":"type-product","3":"status-publish","4":"has-post-thumbnail","6":"product_cat-table-cutlery","7":"product_cat-spoons","8":"pa_conditionnement-set-de-6-piecesen","9":"pa_finition-brusheden","10":"pa_finition-mateen","11":"pa_manche-en-matiere-moderne-full-brushed-stainless-steel","12":"pa_marque-forge-de-laguiole","13":"pa_mitres-full-handle","14":"tm-no-options","17":"instock","18":"taxable","19":"shipping-taxable","20":"purchasable","21":"product-type-simple"},"supplier_id":null,"supplier_sku":"","barcode":null,"atum_controlled":true,"out_stock_date":null,"out_stock_threshold":null,"inheritable":false,"inbound_stock":0,"stock_on_hold":0,"sold_today":0,"sales_last_days":0,"reserved_stock":0,"customer_returns":0,"warehouse_damage":0,"lost_in_post":0,"other_logs":0,"out_stock_days":0,"lost_sales":0,"has_location":false,"update_date":"2026-05-07T00:53:33","atum_locations":[],"atum_stock_status":"instock","restock_status":false,"low_stock_amount":"","sales_update_date":"2026-05-07T00:53:33","calc_backorders":0,"acf":[],"yoast_head":"<!-- This site is optimized with the Yoast SEO plugin v27.3 - https:\/\/yoast.com\/product\/yoast-seo-wordpress\/ -->\n<title>Forge de Laguiole Elegance Teaspoons \u2013<\/title>\n<meta name=\"description\" content=\"Forge de Laguiole single-piece satin stainless steel teaspoon. Elegant matte satin finish, sleek design and practical storage in a fabric pouch.\" \/>\n<meta name=\"robots\" content=\"index, follow, max-snippet:-1, max-image-preview:large, max-video-preview:-1\" \/>\n<link rel=\"canonical\" href=\"https:\/\/laguiole.com\/en\/produit\/forge-de-laguiole-table-spoons-in-glossy-stainless-steel-elegance-range-set-of-6-copie\/\" \/>\n<meta property=\"og:locale\" content=\"en_US\" \/>\n<meta property=\"og:type\" content=\"article\" \/>\n<meta property=\"og:title\" content=\"Forge de Laguiole Elegance Teaspoons \u2013\" \/>\n<meta property=\"og:description\" content=\"Forge de Laguiole single-piece satin stainless steel teaspoon. Elegant matte satin finish, sleek design and practical storage in a fabric pouch.\" \/>\n<meta property=\"og:url\" content=\"https:\/\/laguiole.com\/en\/produit\/forge-de-laguiole-table-spoons-in-glossy-stainless-steel-elegance-range-set-of-6-copie\/\" \/>\n<meta property=\"og:site_name\" content=\"Laguiole.com \u00ae\" \/>\n<meta property=\"article:publisher\" content=\"https:\/\/www.facebook.com\/laguiolecom\/\" \/>\n<meta property=\"article:modified_time\" content=\"2026-05-04T10:47:10+00:00\" \/>\n<meta property=\"og:image\" content=\"https:\/\/laguiole.com\/wp-content\/uploads\/2023\/08\/logo_laguiole_com_\u00ae_300dpi_Noir_et_Blanc.jpg\" \/>\n\t<meta property=\"og:image:width\" content=\"1920\" \/>\n\t<meta property=\"og:image:height\" content=\"854\" \/>\n\t<meta property=\"og:image:type\" content=\"image\/jpeg\" \/>\n<meta name=\"twitter:card\" content=\"summary_large_image\" \/>\n<meta name=\"twitter:label1\" content=\"Est. reading time\" \/>\n\t<meta name=\"twitter:data1\" content=\"2 minutes\" \/>\n<script type=\"application\/ld+json\" class=\"yoast-schema-graph\">{\"@context\":\"https:\\\/\\\/schema.org\",\"@graph\":[{\"@type\":\"WebPage\",\"@id\":\"https:\\\/\\\/laguiole.com\\\/en\\\/produit\\\/forge-de-laguiole-table-spoons-in-glossy-stainless-steel-elegance-range-set-of-6-copie\\\/\",\"url\":\"https:\\\/\\\/laguiole.com\\\/en\\\/produit\\\/forge-de-laguiole-table-spoons-in-glossy-stainless-steel-elegance-range-set-of-6-copie\\\/\",\"name\":\"Forge de Laguiole Elegance Teaspoons \u2013\",\"isPartOf\":{\"@id\":\"https:\\\/\\\/laguiole.com\\\/en\\\/#website\"},\"primaryImageOfPage\":{\"@id\":\"https:\\\/\\\/laguiole.com\\\/en\\\/produit\\\/forge-de-laguiole-table-spoons-in-glossy-stainless-steel-elegance-range-set-of-6-copie\\\/#primaryimage\"},\"image\":{\"@id\":\"https:\\\/\\\/laguiole.com\\\/en\\\/produit\\\/forge-de-laguiole-table-spoons-in-glossy-stainless-steel-elegance-range-set-of-6-copie\\\/#primaryimage\"},\"thumbnailUrl\":\"https:\\\/\\\/laguiole.com\\\/wp-content\\\/uploads\\\/2026\\\/03\\\/Cuilleres_a_Cafe_de_table_Forge_de_Laguiole_en_Inox_Finition_Satinee_Gamme_Elegance_Set_de_6_00.jpg\",\"datePublished\":\"2026-03-09T18:33:10+00:00\",\"dateModified\":\"2026-05-04T10:47:10+00:00\",\"description\":\"Forge de Laguiole single-piece satin stainless steel teaspoon. Elegant matte satin finish, sleek design and practical storage in a fabric pouch.\",\"breadcrumb\":{\"@id\":\"https:\\\/\\\/laguiole.com\\\/en\\\/produit\\\/forge-de-laguiole-table-spoons-in-glossy-stainless-steel-elegance-range-set-of-6-copie\\\/#breadcrumb\"},\"inLanguage\":\"en-US\",\"potentialAction\":[{\"@type\":\"ReadAction\",\"target\":[\"https:\\\/\\\/laguiole.com\\\/en\\\/produit\\\/forge-de-laguiole-table-spoons-in-glossy-stainless-steel-elegance-range-set-of-6-copie\\\/\"]}]},{\"@type\":\"ImageObject\",\"inLanguage\":\"en-US\",\"@id\":\"https:\\\/\\\/laguiole.com\\\/en\\\/produit\\\/forge-de-laguiole-table-spoons-in-glossy-stainless-steel-elegance-range-set-of-6-copie\\\/#primaryimage\",\"url\":\"https:\\\/\\\/laguiole.com\\\/wp-content\\\/uploads\\\/2026\\\/03\\\/Cuilleres_a_Cafe_de_table_Forge_de_Laguiole_en_Inox_Finition_Satinee_Gamme_Elegance_Set_de_6_00.jpg\",\"contentUrl\":\"https:\\\/\\\/laguiole.com\\\/wp-content\\\/uploads\\\/2026\\\/03\\\/Cuilleres_a_Cafe_de_table_Forge_de_Laguiole_en_Inox_Finition_Satinee_Gamme_Elegance_Set_de_6_00.jpg\",\"width\":1033,\"height\":1033,\"caption\":\"Cuill\u00e8res \u00e0 Caf\u00e9 de table Forge de Laguiole en Inox Finition Satin\u00e9e Gamme El\u00e9gance (Set de 6)\"},{\"@type\":\"BreadcrumbList\",\"@id\":\"https:\\\/\\\/laguiole.com\\\/en\\\/produit\\\/forge-de-laguiole-table-spoons-in-glossy-stainless-steel-elegance-range-set-of-6-copie\\\/#breadcrumb\",\"itemListElement\":[{\"@type\":\"ListItem\",\"position\":1,\"name\":\"Accueil\",\"item\":\"https:\\\/\\\/laguiole.com\\\/en\\\/\"},{\"@type\":\"ListItem\",\"position\":2,\"name\":\"Shop\",\"item\":\"https:\\\/\\\/laguiole.com\\\/en\\\/shop\\\/\"},{\"@type\":\"ListItem\",\"position\":3,\"name\":\"Forge de Laguiole Table Teaspoons in Stainless Steel with Satin Finish Elegance Range (Set of 6)\"}]},{\"@type\":\"WebSite\",\"@id\":\"https:\\\/\\\/laguiole.com\\\/en\\\/#website\",\"url\":\"https:\\\/\\\/laguiole.com\\\/en\\\/\",\"name\":\"Laguiole.com\",\"description\":\"Laguiole - Couteau laguiole, Chateau Laguiole, Laguiole en Aubrac, Forge de Laguiole\",\"publisher\":{\"@id\":\"https:\\\/\\\/laguiole.com\\\/en\\\/#organization\"},\"potentialAction\":[{\"@type\":\"SearchAction\",\"target\":{\"@type\":\"EntryPoint\",\"urlTemplate\":\"https:\\\/\\\/laguiole.com\\\/en\\\/?s={search_term_string}\"},\"query-input\":{\"@type\":\"PropertyValueSpecification\",\"valueRequired\":true,\"valueName\":\"search_term_string\"}}],\"inLanguage\":\"en-US\"},{\"@type\":\"Organization\",\"@id\":\"https:\\\/\\\/laguiole.com\\\/en\\\/#organization\",\"name\":\"Laguiole.com\",\"url\":\"https:\\\/\\\/laguiole.com\\\/en\\\/\",\"logo\":{\"@type\":\"ImageObject\",\"inLanguage\":\"en-US\",\"@id\":\"https:\\\/\\\/laguiole.com\\\/en\\\/#\\\/schema\\\/logo\\\/image\\\/\",\"url\":\"https:\\\/\\\/laguiole.com\\\/wp-content\\\/uploads\\\/2021\\\/02\\\/logo_laguiole.com-horizontal.jpg\",\"contentUrl\":\"https:\\\/\\\/laguiole.com\\\/wp-content\\\/uploads\\\/2021\\\/02\\\/logo_laguiole.com-horizontal.jpg\",\"width\":490,\"height\":156,\"caption\":\"Laguiole.com\"},\"image\":{\"@id\":\"https:\\\/\\\/laguiole.com\\\/en\\\/#\\\/schema\\\/logo\\\/image\\\/\"},\"sameAs\":[\"https:\\\/\\\/www.facebook.com\\\/laguiolecom\\\/\",\"https:\\\/\\\/www.instagram.com\\\/laguiolecom\\\/\",\"https:\\\/\\\/www.youtube.com\\\/@laguiolecom\\\/videos\"]}]}<\/script>\n<!-- \/ Yoast SEO plugin. -->","yoast_head_json":{"title":"Forge de Laguiole Elegance Teaspoons \u2013","description":"Forge de Laguiole single-piece satin stainless steel teaspoon. Elegant matte satin finish, sleek design and practical storage in a fabric pouch.","robots":{"index":"index","follow":"follow","max-snippet":"max-snippet:-1","max-image-preview":"max-image-preview:large","max-video-preview":"max-video-preview:-1"},"canonical":"https:\/\/laguiole.com\/en\/produit\/forge-de-laguiole-table-spoons-in-glossy-stainless-steel-elegance-range-set-of-6-copie\/","og_locale":"en_US","og_type":"article","og_title":"Forge de Laguiole Elegance Teaspoons \u2013","og_description":"Forge de Laguiole single-piece satin stainless steel teaspoon. Elegant matte satin finish, sleek design and practical storage in a fabric pouch.","og_url":"https:\/\/laguiole.com\/en\/produit\/forge-de-laguiole-table-spoons-in-glossy-stainless-steel-elegance-range-set-of-6-copie\/","og_site_name":"Laguiole.com \u00ae","article_publisher":"https:\/\/www.facebook.com\/laguiolecom\/","article_modified_time":"2026-05-04T10:47:10+00:00","og_image":[{"width":1920,"height":854,"url":"https:\/\/laguiole.com\/wp-content\/uploads\/2023\/08\/logo_laguiole_com_\u00ae_300dpi_Noir_et_Blanc.jpg","type":"image\/jpeg"}],"twitter_card":"summary_large_image","twitter_misc":{"Est. reading time":"2 minutes"},"schema":{"@context":"https:\/\/schema.org","@graph":[{"@type":"WebPage","@id":"https:\/\/laguiole.com\/en\/produit\/forge-de-laguiole-table-spoons-in-glossy-stainless-steel-elegance-range-set-of-6-copie\/","url":"https:\/\/laguiole.com\/en\/produit\/forge-de-laguiole-table-spoons-in-glossy-stainless-steel-elegance-range-set-of-6-copie\/","name":"Forge de Laguiole Elegance Teaspoons \u2013","isPartOf":{"@id":"https:\/\/laguiole.com\/en\/#website"},"primaryImageOfPage":{"@id":"https:\/\/laguiole.com\/en\/produit\/forge-de-laguiole-table-spoons-in-glossy-stainless-steel-elegance-range-set-of-6-copie\/#primaryimage"},"image":{"@id":"https:\/\/laguiole.com\/en\/produit\/forge-de-laguiole-table-spoons-in-glossy-stainless-steel-elegance-range-set-of-6-copie\/#primaryimage"},"thumbnailUrl":"https:\/\/laguiole.com\/wp-content\/uploads\/2026\/03\/Cuilleres_a_Cafe_de_table_Forge_de_Laguiole_en_Inox_Finition_Satinee_Gamme_Elegance_Set_de_6_00.jpg","datePublished":"2026-03-09T18:33:10+00:00","dateModified":"2026-05-04T10:47:10+00:00","description":"Forge de Laguiole single-piece satin stainless steel teaspoon. Elegant matte satin finish, sleek design and practical storage in a fabric pouch.","breadcrumb":{"@id":"https:\/\/laguiole.com\/en\/produit\/forge-de-laguiole-table-spoons-in-glossy-stainless-steel-elegance-range-set-of-6-copie\/#breadcrumb"},"inLanguage":"en-US","potentialAction":[{"@type":"ReadAction","target":["https:\/\/laguiole.com\/en\/produit\/forge-de-laguiole-table-spoons-in-glossy-stainless-steel-elegance-range-set-of-6-copie\/"]}]},{"@type":"ImageObject","inLanguage":"en-US","@id":"https:\/\/laguiole.com\/en\/produit\/forge-de-laguiole-table-spoons-in-glossy-stainless-steel-elegance-range-set-of-6-copie\/#primaryimage","url":"https:\/\/laguiole.com\/wp-content\/uploads\/2026\/03\/Cuilleres_a_Cafe_de_table_Forge_de_Laguiole_en_Inox_Finition_Satinee_Gamme_Elegance_Set_de_6_00.jpg","contentUrl":"https:\/\/laguiole.com\/wp-content\/uploads\/2026\/03\/Cuilleres_a_Cafe_de_table_Forge_de_Laguiole_en_Inox_Finition_Satinee_Gamme_Elegance_Set_de_6_00.jpg","width":1033,"height":1033,"caption":"Cuill\u00e8res \u00e0 Caf\u00e9 de table Forge de Laguiole en Inox Finition Satin\u00e9e Gamme El\u00e9gance (Set de 6)"},{"@type":"BreadcrumbList","@id":"https:\/\/laguiole.com\/en\/produit\/forge-de-laguiole-table-spoons-in-glossy-stainless-steel-elegance-range-set-of-6-copie\/#breadcrumb","itemListElement":[{"@type":"ListItem","position":1,"name":"Accueil","item":"https:\/\/laguiole.com\/en\/"},{"@type":"ListItem","position":2,"name":"Shop","item":"https:\/\/laguiole.com\/en\/shop\/"},{"@type":"ListItem","position":3,"name":"Forge de Laguiole Table Teaspoons in Stainless Steel with Satin Finish Elegance Range (Set of 6)"}]},{"@type":"WebSite","@id":"https:\/\/laguiole.com\/en\/#website","url":"https:\/\/laguiole.com\/en\/","name":"Laguiole.com","description":"Laguiole - Couteau laguiole, Chateau Laguiole, Laguiole en Aubrac, Forge de Laguiole","publisher":{"@id":"https:\/\/laguiole.com\/en\/#organization"},"potentialAction":[{"@type":"SearchAction","target":{"@type":"EntryPoint","urlTemplate":"https:\/\/laguiole.com\/en\/?s={search_term_string}"},"query-input":{"@type":"PropertyValueSpecification","valueRequired":true,"valueName":"search_term_string"}}],"inLanguage":"en-US"},{"@type":"Organization","@id":"https:\/\/laguiole.com\/en\/#organization","name":"Laguiole.com","url":"https:\/\/laguiole.com\/en\/","logo":{"@type":"ImageObject","inLanguage":"en-US","@id":"https:\/\/laguiole.com\/en\/#\/schema\/logo\/image\/","url":"https:\/\/laguiole.com\/wp-content\/uploads\/2021\/02\/logo_laguiole.com-horizontal.jpg","contentUrl":"https:\/\/laguiole.com\/wp-content\/uploads\/2021\/02\/logo_laguiole.com-horizontal.jpg","width":490,"height":156,"caption":"Laguiole.com"},"image":{"@id":"https:\/\/laguiole.com\/en\/#\/schema\/logo\/image\/"},"sameAs":["https:\/\/www.facebook.com\/laguiolecom\/","https:\/\/www.instagram.com\/laguiolecom\/","https:\/\/www.youtube.com\/@laguiolecom\/videos"]}]}},"_links":{"self":[{"href":"https:\/\/laguiole.com\/en\/wp-json\/wp\/v2\/product\/50955","targetHints":{"allow":["GET"]}}],"collection":[{"href":"https:\/\/laguiole.com\/en\/wp-json\/wp\/v2\/product"}],"about":[{"href":"https:\/\/laguiole.com\/en\/wp-json\/wp\/v2\/types\/product"}],"version-history":[{"count":1,"href":"https:\/\/laguiole.com\/en\/wp-json\/wp\/v2\/product\/50955\/revisions"}],"predecessor-version":[{"id":50958,"href":"https:\/\/laguiole.com\/en\/wp-json\/wp\/v2\/product\/50955\/revisions\/50958"}],"wp:featuredmedia":[{"embeddable":true,"href":"https:\/\/laguiole.com\/en\/wp-json\/wp\/v2\/media\/51077"}],"wp:attachment":[{"href":"https:\/\/laguiole.com\/en\/wp-json\/wp\/v2\/media?parent=50955"}],"wp:term":[{"taxonomy":"product_brand","embeddable":true,"href":"https:\/\/laguiole.com\/en\/wp-json\/wp\/v2\/product_brand?post=50955"},{"taxonomy":"product_cat","embeddable":true,"href":"https:\/\/laguiole.com\/en\/wp-json\/wp\/v2\/product_cat?post=50955"},{"taxonomy":"product_tag","embeddable":true,"href":"https:\/\/laguiole.com\/en\/wp-json\/wp\/v2\/product_tag?post=50955"}],"curies":[{"name":"wp","href":"https:\/\/api.w.org\/{rel}","templated":true}]}}