{"id":50929,"date":"2026-03-09T13:59:22","date_gmt":"2026-03-09T12:59:22","guid":{"rendered":"https:\/\/laguiole.com\/?post_type=product&#038;p=50929"},"modified":"2026-05-04T12:47:10","modified_gmt":"2026-05-04T10:47:10","slug":"tablespoons-forge-de-laguiole-in-shiny-stainless-steel-elegance-range-set-of-6-copie","status":"publish","type":"product","link":"https:\/\/laguiole.com\/en\/produit\/tablespoons-forge-de-laguiole-in-shiny-stainless-steel-elegance-range-set-of-6-copie\/","title":{"rendered":"Forge de Laguiole Table Spoons in Glossy Stainless Steel Elegance Range (Set of 6)"},"content":{"rendered":"<hr data-start=\"182\" data-end=\"185\">\n<h2 data-section-id=\"3r3n2k\" data-start=\"0\" data-end=\"64\">Forge de Laguiole Teaspoons \u2013 Elegance Range<\/h2>\n<p data-start=\"66\" data-end=\"300\"><strong data-start=\"70\" data-end=\"148\">Laguiole&#8217;s Forge teaspoons \u2013 Elegance range<\/strong> combine <strong data-start=\"159\" data-end=\"209\">sleek design, finesse and French know-how<\/strong>. Their simple and harmonious line immediately brings an elegant touch to your table. <\/p>\n<p data-start=\"302\" data-end=\"575\">First of all, their design impresses with its <strong data-start=\"341\" data-end=\"367\">high purity of form<\/strong>. Each spoon is made <strong data-start=\"399\" data-end=\"446\">from a single block of shiny stainless steel<\/strong>. This one-piece construction ensures <strong data-start=\"539\" data-end=\"574\">strength, hygiene and durability<\/strong> at the same time.  <\/p>\n<p data-start=\"577\" data-end=\"878\">Secondly, the <strong data-start=\"589\" data-end=\"630\">soft and balanced shape of the tank<\/strong> offers excellent comfort of use. It allows for a pleasant tasting, whether for dessert, coffee or tea. Thanks to their <strong data-start=\"772\" data-end=\"794\">minimalist design<\/strong>, these spoons fit naturally into any style of table setting.  <\/p>\n<p data-start=\"880\" data-end=\"1074\">In addition, the <strong data-start=\"892\" data-end=\"923\">shiny polished stainless steel finish<\/strong> brings shine and refinement. It captures the light and enhances your dinner service, both in everyday life and during more elegant meals. <\/p>\n<p data-start=\"1076\" data-end=\"1317\">In addition, these <strong data-start=\"1094\" data-end=\"1144\">Forge de Laguiole Elegance coffee spoons<\/strong> go easily with <strong data-start=\"1172\" data-end=\"1233\">many styles of knives and table forks<\/strong>. This allows you to put together a coherent, elegant and timeless cutlery set. <\/p>\n<p data-start=\"1319\" data-end=\"1602\">Like the other cutlery in the range, these spoons come <strong data-start=\"1377\" data-end=\"1432\">in a practical and elegant fabric pouch<\/strong>. It has <strong data-start=\"1452\" data-end=\"1485\">six individual compartments<\/strong> to store each spoon separately. Then, the pouch <strong data-start=\"1545\" data-end=\"1601\">is easily rolled up and closed with a tie to tie<\/strong>.  <\/p>\n<p data-start=\"1604\" data-end=\"1819\">This storage system has several advantages. On the one hand, it <strong data-start=\"1673\" data-end=\"1697\">protects the cutlery<\/strong>. On the other hand, it <strong data-start=\"1716\" data-end=\"1755\">fits easily into a drawer<\/strong>, while taking <strong data-start=\"1773\" data-end=\"1818\">up less space than a traditional box<\/strong>.  <\/p>\n<p data-start=\"1821\" data-end=\"2081\">Finally, the <strong data-start=\"1832\" data-end=\"1900\">Forge de Laguiole teaspoons \u2013 Elegance range<\/strong> seduce with their <strong data-start=\"1920\" data-end=\"1977\">sobriety, finesse and quality of manufacture<\/strong>. They perfectly complement a refined table and elegantly accompany every gourmet moment. <\/p>\n<p data-start=\"1821\" data-end=\"2081\">Complete with the tablespoons and forks from the Elegance Range from Forge de Laguiole.<\/p>\n","protected":false},"excerpt":{"rendered":"<p>Set of 6 table spoons Forge de Laguiole Elegance Range in Shiny<br \/>\nStainless Steel Flat Handle All Shiny<br \/>\nStainless Steel Total Size of the Teaspoons: 18 cm<br \/>\nForged in one piece, sleek and elegant<\/p>\n","protected":false},"featured_media":51107,"template":"","meta":{"_acf_changed":false,"_monsterinsights_skip_tracking":false,"_monsterinsights_sitenote_active":false,"_monsterinsights_sitenote_note":"","_monsterinsights_sitenote_category":0},"product_brand":[],"product_cat":[821,851],"product_tag":[],"class_list":{"0":"post-50929","1":"product","2":"type-product","3":"status-publish","4":"has-post-thumbnail","6":"product_cat-table-cutlery","7":"product_cat-spoons","8":"pa_conditionnement-set-de-6-piecesen","9":"pa_finition-shiny","10":"pa_manche-en-matiere-moderne-full-shiny-stainless-steel","11":"pa_marque-forge-de-laguiole","12":"pa_mitres-full-handle","13":"tm-no-options","16":"instock","17":"taxable","18":"shipping-taxable","19":"purchasable","20":"product-type-simple"},"supplier_id":null,"supplier_sku":"","barcode":null,"atum_controlled":true,"out_stock_date":null,"out_stock_threshold":null,"inheritable":false,"inbound_stock":0,"stock_on_hold":0,"sold_today":0,"sales_last_days":0,"reserved_stock":0,"customer_returns":0,"warehouse_damage":0,"lost_in_post":0,"other_logs":0,"out_stock_days":0,"lost_sales":0,"has_location":false,"update_date":"2026-05-07T00:53:33","atum_locations":[],"atum_stock_status":"instock","restock_status":false,"low_stock_amount":"","sales_update_date":"2026-05-07T00:53:33","calc_backorders":0,"acf":[],"yoast_head":"<!-- This site is optimized with the Yoast SEO plugin v27.3 - https:\/\/yoast.com\/product\/yoast-seo-wordpress\/ -->\n<title>Forge de Laguiole Elegance Dessert Spoons \u2013<\/title>\n<meta name=\"description\" content=\"Forge de Laguiole Elegance table dessert spoons in one-piece shiny stainless steel. Sleek design, delivered in a practical pouch for an elegant table.\" \/>\n<meta name=\"robots\" content=\"index, follow, max-snippet:-1, max-image-preview:large, max-video-preview:-1\" \/>\n<link rel=\"canonical\" href=\"https:\/\/laguiole.com\/en\/produit\/tablespoons-forge-de-laguiole-in-shiny-stainless-steel-elegance-range-set-of-6-copie\/\" \/>\n<meta property=\"og:locale\" content=\"en_US\" \/>\n<meta property=\"og:type\" content=\"article\" \/>\n<meta property=\"og:title\" content=\"Forge de Laguiole Elegance Dessert Spoons \u2013\" \/>\n<meta property=\"og:description\" content=\"Forge de Laguiole Elegance table dessert spoons in one-piece shiny stainless steel. Sleek design, delivered in a practical pouch for an elegant table.\" \/>\n<meta property=\"og:url\" content=\"https:\/\/laguiole.com\/en\/produit\/tablespoons-forge-de-laguiole-in-shiny-stainless-steel-elegance-range-set-of-6-copie\/\" \/>\n<meta property=\"og:site_name\" content=\"Laguiole.com \u00ae\" \/>\n<meta property=\"article:publisher\" content=\"https:\/\/www.facebook.com\/laguiolecom\/\" \/>\n<meta property=\"article:modified_time\" content=\"2026-05-04T10:47:10+00:00\" \/>\n<meta property=\"og:image\" content=\"https:\/\/laguiole.com\/wp-content\/uploads\/2023\/08\/logo_laguiole_com_\u00ae_300dpi_Noir_et_Blanc.jpg\" \/>\n\t<meta property=\"og:image:width\" content=\"1920\" \/>\n\t<meta property=\"og:image:height\" content=\"854\" \/>\n\t<meta property=\"og:image:type\" content=\"image\/jpeg\" \/>\n<meta name=\"twitter:card\" content=\"summary_large_image\" \/>\n<meta name=\"twitter:label1\" content=\"Est. reading time\" \/>\n\t<meta name=\"twitter:data1\" content=\"1 minute\" \/>\n<script type=\"application\/ld+json\" class=\"yoast-schema-graph\">{\"@context\":\"https:\\\/\\\/schema.org\",\"@graph\":[{\"@type\":\"WebPage\",\"@id\":\"https:\\\/\\\/laguiole.com\\\/en\\\/produit\\\/tablespoons-forge-de-laguiole-in-shiny-stainless-steel-elegance-range-set-of-6-copie\\\/\",\"url\":\"https:\\\/\\\/laguiole.com\\\/en\\\/produit\\\/tablespoons-forge-de-laguiole-in-shiny-stainless-steel-elegance-range-set-of-6-copie\\\/\",\"name\":\"Forge de Laguiole Elegance Dessert Spoons \u2013\",\"isPartOf\":{\"@id\":\"https:\\\/\\\/laguiole.com\\\/en\\\/#website\"},\"primaryImageOfPage\":{\"@id\":\"https:\\\/\\\/laguiole.com\\\/en\\\/produit\\\/tablespoons-forge-de-laguiole-in-shiny-stainless-steel-elegance-range-set-of-6-copie\\\/#primaryimage\"},\"image\":{\"@id\":\"https:\\\/\\\/laguiole.com\\\/en\\\/produit\\\/tablespoons-forge-de-laguiole-in-shiny-stainless-steel-elegance-range-set-of-6-copie\\\/#primaryimage\"},\"thumbnailUrl\":\"https:\\\/\\\/laguiole.com\\\/wp-content\\\/uploads\\\/2026\\\/03\\\/Cuilleres_a_Cafe_de_table_Forge_de_Laguiole_en_Inox_Finition_Brillante_Gamme_Elegance_Set_de_6_00.jpg\",\"datePublished\":\"2026-03-09T12:59:22+00:00\",\"dateModified\":\"2026-05-04T10:47:10+00:00\",\"description\":\"Forge de Laguiole Elegance table dessert spoons in one-piece shiny stainless steel. Sleek design, delivered in a practical pouch for an elegant table.\",\"breadcrumb\":{\"@id\":\"https:\\\/\\\/laguiole.com\\\/en\\\/produit\\\/tablespoons-forge-de-laguiole-in-shiny-stainless-steel-elegance-range-set-of-6-copie\\\/#breadcrumb\"},\"inLanguage\":\"en-US\",\"potentialAction\":[{\"@type\":\"ReadAction\",\"target\":[\"https:\\\/\\\/laguiole.com\\\/en\\\/produit\\\/tablespoons-forge-de-laguiole-in-shiny-stainless-steel-elegance-range-set-of-6-copie\\\/\"]}]},{\"@type\":\"ImageObject\",\"inLanguage\":\"en-US\",\"@id\":\"https:\\\/\\\/laguiole.com\\\/en\\\/produit\\\/tablespoons-forge-de-laguiole-in-shiny-stainless-steel-elegance-range-set-of-6-copie\\\/#primaryimage\",\"url\":\"https:\\\/\\\/laguiole.com\\\/wp-content\\\/uploads\\\/2026\\\/03\\\/Cuilleres_a_Cafe_de_table_Forge_de_Laguiole_en_Inox_Finition_Brillante_Gamme_Elegance_Set_de_6_00.jpg\",\"contentUrl\":\"https:\\\/\\\/laguiole.com\\\/wp-content\\\/uploads\\\/2026\\\/03\\\/Cuilleres_a_Cafe_de_table_Forge_de_Laguiole_en_Inox_Finition_Brillante_Gamme_Elegance_Set_de_6_00.jpg\",\"width\":1033,\"height\":1033,\"caption\":\"Cuill\u00e8res \u00e0 Caf\u00e9 de table Forge de Laguiole en Inox Brillant Gamme El\u00e9gance (Set de 6)\"},{\"@type\":\"BreadcrumbList\",\"@id\":\"https:\\\/\\\/laguiole.com\\\/en\\\/produit\\\/tablespoons-forge-de-laguiole-in-shiny-stainless-steel-elegance-range-set-of-6-copie\\\/#breadcrumb\",\"itemListElement\":[{\"@type\":\"ListItem\",\"position\":1,\"name\":\"Accueil\",\"item\":\"https:\\\/\\\/laguiole.com\\\/en\\\/\"},{\"@type\":\"ListItem\",\"position\":2,\"name\":\"Shop\",\"item\":\"https:\\\/\\\/laguiole.com\\\/en\\\/shop\\\/\"},{\"@type\":\"ListItem\",\"position\":3,\"name\":\"Forge de Laguiole Table Spoons in Glossy Stainless Steel Elegance Range (Set of 6)\"}]},{\"@type\":\"WebSite\",\"@id\":\"https:\\\/\\\/laguiole.com\\\/en\\\/#website\",\"url\":\"https:\\\/\\\/laguiole.com\\\/en\\\/\",\"name\":\"Laguiole.com\",\"description\":\"Laguiole - Couteau laguiole, Chateau Laguiole, Laguiole en Aubrac, Forge de Laguiole\",\"publisher\":{\"@id\":\"https:\\\/\\\/laguiole.com\\\/en\\\/#organization\"},\"potentialAction\":[{\"@type\":\"SearchAction\",\"target\":{\"@type\":\"EntryPoint\",\"urlTemplate\":\"https:\\\/\\\/laguiole.com\\\/en\\\/?s={search_term_string}\"},\"query-input\":{\"@type\":\"PropertyValueSpecification\",\"valueRequired\":true,\"valueName\":\"search_term_string\"}}],\"inLanguage\":\"en-US\"},{\"@type\":\"Organization\",\"@id\":\"https:\\\/\\\/laguiole.com\\\/en\\\/#organization\",\"name\":\"Laguiole.com\",\"url\":\"https:\\\/\\\/laguiole.com\\\/en\\\/\",\"logo\":{\"@type\":\"ImageObject\",\"inLanguage\":\"en-US\",\"@id\":\"https:\\\/\\\/laguiole.com\\\/en\\\/#\\\/schema\\\/logo\\\/image\\\/\",\"url\":\"https:\\\/\\\/laguiole.com\\\/wp-content\\\/uploads\\\/2021\\\/02\\\/logo_laguiole.com-horizontal.jpg\",\"contentUrl\":\"https:\\\/\\\/laguiole.com\\\/wp-content\\\/uploads\\\/2021\\\/02\\\/logo_laguiole.com-horizontal.jpg\",\"width\":490,\"height\":156,\"caption\":\"Laguiole.com\"},\"image\":{\"@id\":\"https:\\\/\\\/laguiole.com\\\/en\\\/#\\\/schema\\\/logo\\\/image\\\/\"},\"sameAs\":[\"https:\\\/\\\/www.facebook.com\\\/laguiolecom\\\/\",\"https:\\\/\\\/www.instagram.com\\\/laguiolecom\\\/\",\"https:\\\/\\\/www.youtube.com\\\/@laguiolecom\\\/videos\"]}]}<\/script>\n<!-- \/ Yoast SEO plugin. -->","yoast_head_json":{"title":"Forge de Laguiole Elegance Dessert Spoons \u2013","description":"Forge de Laguiole Elegance table dessert spoons in one-piece shiny stainless steel. Sleek design, delivered in a practical pouch for an elegant table.","robots":{"index":"index","follow":"follow","max-snippet":"max-snippet:-1","max-image-preview":"max-image-preview:large","max-video-preview":"max-video-preview:-1"},"canonical":"https:\/\/laguiole.com\/en\/produit\/tablespoons-forge-de-laguiole-in-shiny-stainless-steel-elegance-range-set-of-6-copie\/","og_locale":"en_US","og_type":"article","og_title":"Forge de Laguiole Elegance Dessert Spoons \u2013","og_description":"Forge de Laguiole Elegance table dessert spoons in one-piece shiny stainless steel. Sleek design, delivered in a practical pouch for an elegant table.","og_url":"https:\/\/laguiole.com\/en\/produit\/tablespoons-forge-de-laguiole-in-shiny-stainless-steel-elegance-range-set-of-6-copie\/","og_site_name":"Laguiole.com \u00ae","article_publisher":"https:\/\/www.facebook.com\/laguiolecom\/","article_modified_time":"2026-05-04T10:47:10+00:00","og_image":[{"width":1920,"height":854,"url":"https:\/\/laguiole.com\/wp-content\/uploads\/2023\/08\/logo_laguiole_com_\u00ae_300dpi_Noir_et_Blanc.jpg","type":"image\/jpeg"}],"twitter_card":"summary_large_image","twitter_misc":{"Est. reading time":"1 minute"},"schema":{"@context":"https:\/\/schema.org","@graph":[{"@type":"WebPage","@id":"https:\/\/laguiole.com\/en\/produit\/tablespoons-forge-de-laguiole-in-shiny-stainless-steel-elegance-range-set-of-6-copie\/","url":"https:\/\/laguiole.com\/en\/produit\/tablespoons-forge-de-laguiole-in-shiny-stainless-steel-elegance-range-set-of-6-copie\/","name":"Forge de Laguiole Elegance Dessert Spoons \u2013","isPartOf":{"@id":"https:\/\/laguiole.com\/en\/#website"},"primaryImageOfPage":{"@id":"https:\/\/laguiole.com\/en\/produit\/tablespoons-forge-de-laguiole-in-shiny-stainless-steel-elegance-range-set-of-6-copie\/#primaryimage"},"image":{"@id":"https:\/\/laguiole.com\/en\/produit\/tablespoons-forge-de-laguiole-in-shiny-stainless-steel-elegance-range-set-of-6-copie\/#primaryimage"},"thumbnailUrl":"https:\/\/laguiole.com\/wp-content\/uploads\/2026\/03\/Cuilleres_a_Cafe_de_table_Forge_de_Laguiole_en_Inox_Finition_Brillante_Gamme_Elegance_Set_de_6_00.jpg","datePublished":"2026-03-09T12:59:22+00:00","dateModified":"2026-05-04T10:47:10+00:00","description":"Forge de Laguiole Elegance table dessert spoons in one-piece shiny stainless steel. Sleek design, delivered in a practical pouch for an elegant table.","breadcrumb":{"@id":"https:\/\/laguiole.com\/en\/produit\/tablespoons-forge-de-laguiole-in-shiny-stainless-steel-elegance-range-set-of-6-copie\/#breadcrumb"},"inLanguage":"en-US","potentialAction":[{"@type":"ReadAction","target":["https:\/\/laguiole.com\/en\/produit\/tablespoons-forge-de-laguiole-in-shiny-stainless-steel-elegance-range-set-of-6-copie\/"]}]},{"@type":"ImageObject","inLanguage":"en-US","@id":"https:\/\/laguiole.com\/en\/produit\/tablespoons-forge-de-laguiole-in-shiny-stainless-steel-elegance-range-set-of-6-copie\/#primaryimage","url":"https:\/\/laguiole.com\/wp-content\/uploads\/2026\/03\/Cuilleres_a_Cafe_de_table_Forge_de_Laguiole_en_Inox_Finition_Brillante_Gamme_Elegance_Set_de_6_00.jpg","contentUrl":"https:\/\/laguiole.com\/wp-content\/uploads\/2026\/03\/Cuilleres_a_Cafe_de_table_Forge_de_Laguiole_en_Inox_Finition_Brillante_Gamme_Elegance_Set_de_6_00.jpg","width":1033,"height":1033,"caption":"Cuill\u00e8res \u00e0 Caf\u00e9 de table Forge de Laguiole en Inox Brillant Gamme El\u00e9gance (Set de 6)"},{"@type":"BreadcrumbList","@id":"https:\/\/laguiole.com\/en\/produit\/tablespoons-forge-de-laguiole-in-shiny-stainless-steel-elegance-range-set-of-6-copie\/#breadcrumb","itemListElement":[{"@type":"ListItem","position":1,"name":"Accueil","item":"https:\/\/laguiole.com\/en\/"},{"@type":"ListItem","position":2,"name":"Shop","item":"https:\/\/laguiole.com\/en\/shop\/"},{"@type":"ListItem","position":3,"name":"Forge de Laguiole Table Spoons in Glossy Stainless Steel Elegance Range (Set of 6)"}]},{"@type":"WebSite","@id":"https:\/\/laguiole.com\/en\/#website","url":"https:\/\/laguiole.com\/en\/","name":"Laguiole.com","description":"Laguiole - Couteau laguiole, Chateau Laguiole, Laguiole en Aubrac, Forge de Laguiole","publisher":{"@id":"https:\/\/laguiole.com\/en\/#organization"},"potentialAction":[{"@type":"SearchAction","target":{"@type":"EntryPoint","urlTemplate":"https:\/\/laguiole.com\/en\/?s={search_term_string}"},"query-input":{"@type":"PropertyValueSpecification","valueRequired":true,"valueName":"search_term_string"}}],"inLanguage":"en-US"},{"@type":"Organization","@id":"https:\/\/laguiole.com\/en\/#organization","name":"Laguiole.com","url":"https:\/\/laguiole.com\/en\/","logo":{"@type":"ImageObject","inLanguage":"en-US","@id":"https:\/\/laguiole.com\/en\/#\/schema\/logo\/image\/","url":"https:\/\/laguiole.com\/wp-content\/uploads\/2021\/02\/logo_laguiole.com-horizontal.jpg","contentUrl":"https:\/\/laguiole.com\/wp-content\/uploads\/2021\/02\/logo_laguiole.com-horizontal.jpg","width":490,"height":156,"caption":"Laguiole.com"},"image":{"@id":"https:\/\/laguiole.com\/en\/#\/schema\/logo\/image\/"},"sameAs":["https:\/\/www.facebook.com\/laguiolecom\/","https:\/\/www.instagram.com\/laguiolecom\/","https:\/\/www.youtube.com\/@laguiolecom\/videos"]}]}},"_links":{"self":[{"href":"https:\/\/laguiole.com\/en\/wp-json\/wp\/v2\/product\/50929","targetHints":{"allow":["GET"]}}],"collection":[{"href":"https:\/\/laguiole.com\/en\/wp-json\/wp\/v2\/product"}],"about":[{"href":"https:\/\/laguiole.com\/en\/wp-json\/wp\/v2\/types\/product"}],"version-history":[{"count":2,"href":"https:\/\/laguiole.com\/en\/wp-json\/wp\/v2\/product\/50929\/revisions"}],"predecessor-version":[{"id":50936,"href":"https:\/\/laguiole.com\/en\/wp-json\/wp\/v2\/product\/50929\/revisions\/50936"}],"wp:featuredmedia":[{"embeddable":true,"href":"https:\/\/laguiole.com\/en\/wp-json\/wp\/v2\/media\/51107"}],"wp:attachment":[{"href":"https:\/\/laguiole.com\/en\/wp-json\/wp\/v2\/media?parent=50929"}],"wp:term":[{"taxonomy":"product_brand","embeddable":true,"href":"https:\/\/laguiole.com\/en\/wp-json\/wp\/v2\/product_brand?post=50929"},{"taxonomy":"product_cat","embeddable":true,"href":"https:\/\/laguiole.com\/en\/wp-json\/wp\/v2\/product_cat?post=50929"},{"taxonomy":"product_tag","embeddable":true,"href":"https:\/\/laguiole.com\/en\/wp-json\/wp\/v2\/product_tag?post=50929"}],"curies":[{"name":"wp","href":"https:\/\/api.w.org\/{rel}","templated":true}]}}