{"id":49706,"date":"2026-02-08T13:56:22","date_gmt":"2026-02-08T12:56:22","guid":{"rendered":"https:\/\/laguiole.com\/?post_type=product&#038;p=49706"},"modified":"2026-05-13T20:24:14","modified_gmt":"2026-05-13T18:24:14","slug":"laguiole-12-piece-cutlery-set-in-aubrac-in-olivewood","status":"publish","type":"product","link":"https:\/\/laguiole.com\/en\/produit\/laguiole-12-piece-cutlery-set-in-aubrac-in-olivewood\/","title":{"rendered":"Laguiole 12-piece cutlery set in Aubrac in Olivewood"},"content":{"rendered":"<hr data-start=\"356\" data-end=\"359\" \/>\n<h3 data-start=\"576\" data-end=\"617\">Laguiole olive tree cutlery set 12 pieces<\/h3>\n<p data-start=\"618\" data-end=\"678\"><strong data-start=\"618\" data-end=\"678\">The authenticity of Laguiole, shaped in the heart of its land<\/strong><\/p>\n<p data-start=\"680\" data-end=\"999\">This Laguiole 12-piece cutlery set with <strong data-start=\"729\" data-end=\"747\">olive wood<\/strong> handles celebrates above all authentic and deep-rooted French craftsmanship. Indeed, Laguiole en Aubrac craftsmen make each piece in the <strong data-start=\"893\" data-end=\"913\">Laguiole area<\/strong>, in Laguiole-en-Aubrac, the very place where the tradition of the real Laguiole knife was born.<\/p>\n<p data-start=\"1001\" data-end=\"1230\">Thus, this ensemble is not content to be inspired by the Laguiole: it is a faithful and legitimate expression of it. These cutlery are <strong data-start=\"1134\" data-end=\"1175\">real Laguiole table knives<\/strong>, designed, assembled and finished according to the rules of the art.<\/p>\n<hr data-start=\"1232\" data-end=\"1235\" \/>\n<h3 data-start=\"1237\" data-end=\"1280\">An essential set, built to last<\/h3>\n<p data-start=\"1282\" data-end=\"1695\">This set consists of <strong data-start=\"1309\" data-end=\"1340\">6 knives and 6 forks<\/strong>, perfectly balanced. Each piece fits naturally into the table and accompanies both everyday meals and more exceptional moments of sharing.<br data-start=\"1509\" data-end=\"1512\" \/>In addition, the craftsmen pay special attention to ergonomics. They thus create cutlery that is pleasant to hold, precise in the gesture and comfortable to use.<\/p>\n<hr data-start=\"1697\" data-end=\"1700\" \/>\n<h3 data-start=\"1702\" data-end=\"1755\">Olive wood: warmth, light and character<\/h3>\n<p data-start=\"1757\" data-end=\"2041\"><strong data-start=\"1760\" data-end=\"1778\">Olive wood<\/strong> is a natural choice. First of all, it seduces with its <strong data-start=\"1849\" data-end=\"1883\">unique and contrasting veins<\/strong>, true natural signatures. Then, its golden and amber shades capture the light and instantly evoke the South, the sun and conviviality.<\/p>\n<p data-start=\"2043\" data-end=\"2331\">In addition, the olive tree offers excellent density and resistance. Thanks to this, it is ideally suited for the manufacture of high-end cutlery. Finally, its soft and silky touch enhances the pleasure of use and gives each piece a unique character.<\/p>\n<hr data-start=\"2333\" data-end=\"2336\" \/>\n<h3 data-start=\"2338\" data-end=\"2376\">The high standards of Laguiole craftsmanship<\/h3>\n<p data-start=\"2378\" data-end=\"2620\">The Laguiole craftsmen in Aubrac make each knife and fork <strong data-start=\"2457\" data-end=\"2482\">entirely by hand<\/strong>. They adjust, assemble and polish each part with precision to ensure a flawless finish and remarkable longevity.<\/p>\n<p data-start=\"2622\" data-end=\"2876\">They select <strong data-start=\"2643\" data-end=\"2674\">a quality stainless steel<\/strong>, known for its resistance and resistance over time. In addition, the <strong data-start=\"2742\" data-end=\"2770\">famous Laguiole bee<\/strong>, a historical emblem, adorns each cutlery and unequivocally attests to its authenticity and origin.<\/p>\n<hr data-start=\"2878\" data-end=\"2881\" \/>\n<h3 data-start=\"2883\" data-end=\"2924\">A housewife faithful to the spirit of the South<\/h3>\n<p data-start=\"2926\" data-end=\"3147\">Thus, this Laguiole cutlery set in olive wood embodies a warm and sincere art of living. She evokes sunny meals, large tables, generous plates and moments shared without haste.<\/p>\n<p data-start=\"3149\" data-end=\"3312\">Finally, it is aimed at those who are looking for <strong data-start=\"3208\" data-end=\"3266\">sustainable, authentic cutlery made in France<\/strong>, which carries meaning, tradition and emotion.<\/p>\n<hr data-start=\"3314\" data-end=\"3317\" \/>\n<h3 data-start=\"3319\" data-end=\"3332\">Maintenance<\/h3>\n<p data-start=\"3334\" data-end=\"3388\">To preserve the natural beauty of olive wood:<\/p>\n<ul data-start=\"3390\" data-end=\"3518\">\n<li data-start=\"3390\" data-end=\"3420\">\n<p data-start=\"3392\" data-end=\"3420\">Hand wash only<\/p>\n<\/li>\n<li data-start=\"3421\" data-end=\"3459\">\n<p data-start=\"3423\" data-end=\"3459\">Wipe immediately after washing<\/p>\n<\/li>\n<li data-start=\"3460\" data-end=\"3489\">\n<p data-start=\"3462\" data-end=\"3489\">Never let it soak<\/p>\n<\/li>\n<li data-start=\"3490\" data-end=\"3518\">\n<p data-start=\"3492\" data-end=\"3518\">Avoid the dishwasher<\/p>\n<\/li>\n<\/ul>\n","protected":false},"excerpt":{"rendered":"<p>Laguiole cutlery set 12 pieces<br \/>\nHandles: Olivewood<br \/>\nLaguiole cutlery set 12 pieces including:<\/p>\n<p>&#8211; 6 table<br \/>\nknives- 6 table<\/p>\n<p>forks Laguiole high-end handcrafted in Aubrac<\/p>\n","protected":false},"featured_media":51422,"template":"","meta":{"_acf_changed":false,"_monsterinsights_skip_tracking":false,"_monsterinsights_sitenote_active":false,"_monsterinsights_sitenote_note":"","_monsterinsights_sitenote_category":0},"product_brand":[],"product_cat":[821,853],"product_tag":[],"class_list":{"0":"post-49706","1":"product","2":"type-product","3":"status-publish","4":"has-post-thumbnail","6":"product_cat-table-cutlery","7":"product_cat-canteen-of-cutlery","8":"pa_manche-en-bois-olivewooden","9":"pa_marque-laguiole-en-aubracfr","10":"pa_mitres-2-bolters","11":"pa_mitres-brushed-stainless-steel","12":"tm-has-options","15":"instock","16":"taxable","17":"shipping-taxable","18":"purchasable","19":"product-type-simple"},"supplier_id":null,"supplier_sku":"","barcode":null,"atum_controlled":true,"out_stock_date":null,"out_stock_threshold":null,"inheritable":false,"inbound_stock":0,"stock_on_hold":0,"sold_today":0,"sales_last_days":0,"reserved_stock":0,"customer_returns":0,"warehouse_damage":0,"lost_in_post":0,"other_logs":0,"out_stock_days":0,"lost_sales":0,"has_location":false,"update_date":"2026-05-14T01:04:32","atum_locations":[],"atum_stock_status":"instock","restock_status":false,"low_stock_amount":"","sales_update_date":"2026-05-14T01:04:32","calc_backorders":0,"acf":[],"yoast_head":"<!-- This site is optimized with the Yoast SEO plugin v27.3 - https:\/\/yoast.com\/product\/yoast-seo-wordpress\/ -->\n<title>Laguiole olive tree cutlery set 12 pieces \u2013 French craftsmanship<\/title>\n<meta name=\"description\" content=\"Discover the Laguiole olive tree cutlery set 12 pieces, handcrafted in France, in the Laguiole area. Table knives made of solar and warm wood.\" \/>\n<meta name=\"robots\" content=\"index, follow, max-snippet:-1, max-image-preview:large, max-video-preview:-1\" \/>\n<link rel=\"canonical\" href=\"https:\/\/laguiole.com\/en\/produit\/laguiole-12-piece-cutlery-set-in-aubrac-in-olivewood\/\" \/>\n<meta property=\"og:locale\" content=\"en_US\" \/>\n<meta property=\"og:type\" content=\"article\" \/>\n<meta property=\"og:title\" content=\"The southern sun invites itself to the table \u2600\ufe0f\ud83e\uded2\" \/>\n<meta property=\"og:description\" content=\"Laguiole craftsmen shape this 12-piece cutlery set in olive wood in the heart of the Laguiole area.They create real Laguiole table knives, authentic, durable and profoundly French. Each veining tells the story of the South, each meal becomes a moment of sharing.\" \/>\n<meta property=\"og:url\" content=\"https:\/\/laguiole.com\/en\/produit\/laguiole-12-piece-cutlery-set-in-aubrac-in-olivewood\/\" \/>\n<meta property=\"og:site_name\" content=\"Laguiole.com \u00ae\" \/>\n<meta property=\"article:publisher\" content=\"https:\/\/www.facebook.com\/laguiolecom\/\" \/>\n<meta property=\"article:modified_time\" content=\"2026-05-13T18:24:14+00:00\" \/>\n<meta property=\"og:image\" content=\"https:\/\/laguiole.com\/wp-content\/uploads\/2026\/02\/Menagere_12_pieces_Laguiole_en_Aubrac_en_Olivier_00.jpg\" \/>\n\t<meta property=\"og:image:width\" content=\"1033\" \/>\n\t<meta property=\"og:image:height\" content=\"1033\" \/>\n\t<meta property=\"og:image:type\" content=\"image\/jpeg\" \/>\n<meta name=\"twitter:card\" content=\"summary_large_image\" \/>\n<meta name=\"twitter:label1\" content=\"Est. reading time\" \/>\n\t<meta name=\"twitter:data1\" content=\"3 minutes\" \/>\n<script type=\"application\/ld+json\" class=\"yoast-schema-graph\">{\"@context\":\"https:\\\/\\\/schema.org\",\"@graph\":[{\"@type\":\"WebPage\",\"@id\":\"https:\\\/\\\/laguiole.com\\\/en\\\/produit\\\/laguiole-12-piece-cutlery-set-in-aubrac-in-olivewood\\\/\",\"url\":\"https:\\\/\\\/laguiole.com\\\/en\\\/produit\\\/laguiole-12-piece-cutlery-set-in-aubrac-in-olivewood\\\/\",\"name\":\"Laguiole olive tree cutlery set 12 pieces \u2013 French craftsmanship\",\"isPartOf\":{\"@id\":\"https:\\\/\\\/laguiole.com\\\/en\\\/#website\"},\"primaryImageOfPage\":{\"@id\":\"https:\\\/\\\/laguiole.com\\\/en\\\/produit\\\/laguiole-12-piece-cutlery-set-in-aubrac-in-olivewood\\\/#primaryimage\"},\"image\":{\"@id\":\"https:\\\/\\\/laguiole.com\\\/en\\\/produit\\\/laguiole-12-piece-cutlery-set-in-aubrac-in-olivewood\\\/#primaryimage\"},\"thumbnailUrl\":\"https:\\\/\\\/laguiole.com\\\/wp-content\\\/uploads\\\/2026\\\/02\\\/Menagere_12_pieces_Laguiole_en_Aubrac_en_Olivier_00.jpg\",\"datePublished\":\"2026-02-08T12:56:22+00:00\",\"dateModified\":\"2026-05-13T18:24:14+00:00\",\"description\":\"Discover the Laguiole olive tree cutlery set 12 pieces, handcrafted in France, in the Laguiole area. Table knives made of solar and warm wood.\",\"breadcrumb\":{\"@id\":\"https:\\\/\\\/laguiole.com\\\/en\\\/produit\\\/laguiole-12-piece-cutlery-set-in-aubrac-in-olivewood\\\/#breadcrumb\"},\"inLanguage\":\"en-US\",\"potentialAction\":[{\"@type\":\"ReadAction\",\"target\":[\"https:\\\/\\\/laguiole.com\\\/en\\\/produit\\\/laguiole-12-piece-cutlery-set-in-aubrac-in-olivewood\\\/\"]}]},{\"@type\":\"ImageObject\",\"inLanguage\":\"en-US\",\"@id\":\"https:\\\/\\\/laguiole.com\\\/en\\\/produit\\\/laguiole-12-piece-cutlery-set-in-aubrac-in-olivewood\\\/#primaryimage\",\"url\":\"https:\\\/\\\/laguiole.com\\\/wp-content\\\/uploads\\\/2026\\\/02\\\/Menagere_12_pieces_Laguiole_en_Aubrac_en_Olivier_00.jpg\",\"contentUrl\":\"https:\\\/\\\/laguiole.com\\\/wp-content\\\/uploads\\\/2026\\\/02\\\/Menagere_12_pieces_Laguiole_en_Aubrac_en_Olivier_00.jpg\",\"width\":1033,\"height\":1033,\"caption\":\"M\u00e9nag\u00e8re 12 pi\u00e8ces Laguiole en Aubrac en Olivier\"},{\"@type\":\"BreadcrumbList\",\"@id\":\"https:\\\/\\\/laguiole.com\\\/en\\\/produit\\\/laguiole-12-piece-cutlery-set-in-aubrac-in-olivewood\\\/#breadcrumb\",\"itemListElement\":[{\"@type\":\"ListItem\",\"position\":1,\"name\":\"Accueil\",\"item\":\"https:\\\/\\\/laguiole.com\\\/en\\\/\"},{\"@type\":\"ListItem\",\"position\":2,\"name\":\"Shop\",\"item\":\"https:\\\/\\\/laguiole.com\\\/en\\\/shop\\\/\"},{\"@type\":\"ListItem\",\"position\":3,\"name\":\"Laguiole 12-piece cutlery set in Aubrac in Olivewood\"}]},{\"@type\":\"WebSite\",\"@id\":\"https:\\\/\\\/laguiole.com\\\/en\\\/#website\",\"url\":\"https:\\\/\\\/laguiole.com\\\/en\\\/\",\"name\":\"Laguiole.com\",\"description\":\"Laguiole - Couteau laguiole, Chateau Laguiole, Laguiole en Aubrac, Forge de Laguiole\",\"publisher\":{\"@id\":\"https:\\\/\\\/laguiole.com\\\/en\\\/#organization\"},\"potentialAction\":[{\"@type\":\"SearchAction\",\"target\":{\"@type\":\"EntryPoint\",\"urlTemplate\":\"https:\\\/\\\/laguiole.com\\\/en\\\/?s={search_term_string}\"},\"query-input\":{\"@type\":\"PropertyValueSpecification\",\"valueRequired\":true,\"valueName\":\"search_term_string\"}}],\"inLanguage\":\"en-US\"},{\"@type\":\"Organization\",\"@id\":\"https:\\\/\\\/laguiole.com\\\/en\\\/#organization\",\"name\":\"Laguiole.com\",\"url\":\"https:\\\/\\\/laguiole.com\\\/en\\\/\",\"logo\":{\"@type\":\"ImageObject\",\"inLanguage\":\"en-US\",\"@id\":\"https:\\\/\\\/laguiole.com\\\/en\\\/#\\\/schema\\\/logo\\\/image\\\/\",\"url\":\"https:\\\/\\\/laguiole.com\\\/wp-content\\\/uploads\\\/2021\\\/02\\\/logo_laguiole.com-horizontal.jpg\",\"contentUrl\":\"https:\\\/\\\/laguiole.com\\\/wp-content\\\/uploads\\\/2021\\\/02\\\/logo_laguiole.com-horizontal.jpg\",\"width\":490,\"height\":156,\"caption\":\"Laguiole.com\"},\"image\":{\"@id\":\"https:\\\/\\\/laguiole.com\\\/en\\\/#\\\/schema\\\/logo\\\/image\\\/\"},\"sameAs\":[\"https:\\\/\\\/www.facebook.com\\\/laguiolecom\\\/\",\"https:\\\/\\\/www.instagram.com\\\/laguiolecom\\\/\",\"https:\\\/\\\/www.youtube.com\\\/@laguiolecom\\\/videos\"]}]}<\/script>\n<!-- \/ Yoast SEO plugin. -->","yoast_head_json":{"title":"Laguiole olive tree cutlery set 12 pieces \u2013 French craftsmanship","description":"Discover the Laguiole olive tree cutlery set 12 pieces, handcrafted in France, in the Laguiole area. Table knives made of solar and warm wood.","robots":{"index":"index","follow":"follow","max-snippet":"max-snippet:-1","max-image-preview":"max-image-preview:large","max-video-preview":"max-video-preview:-1"},"canonical":"https:\/\/laguiole.com\/en\/produit\/laguiole-12-piece-cutlery-set-in-aubrac-in-olivewood\/","og_locale":"en_US","og_type":"article","og_title":"The southern sun invites itself to the table \u2600\ufe0f\ud83e\uded2","og_description":"Laguiole craftsmen shape this 12-piece cutlery set in olive wood in the heart of the Laguiole area.They create real Laguiole table knives, authentic, durable and profoundly French. Each veining tells the story of the South, each meal becomes a moment of sharing.","og_url":"https:\/\/laguiole.com\/en\/produit\/laguiole-12-piece-cutlery-set-in-aubrac-in-olivewood\/","og_site_name":"Laguiole.com \u00ae","article_publisher":"https:\/\/www.facebook.com\/laguiolecom\/","article_modified_time":"2026-05-13T18:24:14+00:00","og_image":[{"width":1033,"height":1033,"url":"https:\/\/laguiole.com\/wp-content\/uploads\/2026\/02\/Menagere_12_pieces_Laguiole_en_Aubrac_en_Olivier_00.jpg","type":"image\/jpeg"}],"twitter_card":"summary_large_image","twitter_misc":{"Est. reading time":"3 minutes"},"schema":{"@context":"https:\/\/schema.org","@graph":[{"@type":"WebPage","@id":"https:\/\/laguiole.com\/en\/produit\/laguiole-12-piece-cutlery-set-in-aubrac-in-olivewood\/","url":"https:\/\/laguiole.com\/en\/produit\/laguiole-12-piece-cutlery-set-in-aubrac-in-olivewood\/","name":"Laguiole olive tree cutlery set 12 pieces \u2013 French craftsmanship","isPartOf":{"@id":"https:\/\/laguiole.com\/en\/#website"},"primaryImageOfPage":{"@id":"https:\/\/laguiole.com\/en\/produit\/laguiole-12-piece-cutlery-set-in-aubrac-in-olivewood\/#primaryimage"},"image":{"@id":"https:\/\/laguiole.com\/en\/produit\/laguiole-12-piece-cutlery-set-in-aubrac-in-olivewood\/#primaryimage"},"thumbnailUrl":"https:\/\/laguiole.com\/wp-content\/uploads\/2026\/02\/Menagere_12_pieces_Laguiole_en_Aubrac_en_Olivier_00.jpg","datePublished":"2026-02-08T12:56:22+00:00","dateModified":"2026-05-13T18:24:14+00:00","description":"Discover the Laguiole olive tree cutlery set 12 pieces, handcrafted in France, in the Laguiole area. Table knives made of solar and warm wood.","breadcrumb":{"@id":"https:\/\/laguiole.com\/en\/produit\/laguiole-12-piece-cutlery-set-in-aubrac-in-olivewood\/#breadcrumb"},"inLanguage":"en-US","potentialAction":[{"@type":"ReadAction","target":["https:\/\/laguiole.com\/en\/produit\/laguiole-12-piece-cutlery-set-in-aubrac-in-olivewood\/"]}]},{"@type":"ImageObject","inLanguage":"en-US","@id":"https:\/\/laguiole.com\/en\/produit\/laguiole-12-piece-cutlery-set-in-aubrac-in-olivewood\/#primaryimage","url":"https:\/\/laguiole.com\/wp-content\/uploads\/2026\/02\/Menagere_12_pieces_Laguiole_en_Aubrac_en_Olivier_00.jpg","contentUrl":"https:\/\/laguiole.com\/wp-content\/uploads\/2026\/02\/Menagere_12_pieces_Laguiole_en_Aubrac_en_Olivier_00.jpg","width":1033,"height":1033,"caption":"M\u00e9nag\u00e8re 12 pi\u00e8ces Laguiole en Aubrac en Olivier"},{"@type":"BreadcrumbList","@id":"https:\/\/laguiole.com\/en\/produit\/laguiole-12-piece-cutlery-set-in-aubrac-in-olivewood\/#breadcrumb","itemListElement":[{"@type":"ListItem","position":1,"name":"Accueil","item":"https:\/\/laguiole.com\/en\/"},{"@type":"ListItem","position":2,"name":"Shop","item":"https:\/\/laguiole.com\/en\/shop\/"},{"@type":"ListItem","position":3,"name":"Laguiole 12-piece cutlery set in Aubrac in Olivewood"}]},{"@type":"WebSite","@id":"https:\/\/laguiole.com\/en\/#website","url":"https:\/\/laguiole.com\/en\/","name":"Laguiole.com","description":"Laguiole - Couteau laguiole, Chateau Laguiole, Laguiole en Aubrac, Forge de Laguiole","publisher":{"@id":"https:\/\/laguiole.com\/en\/#organization"},"potentialAction":[{"@type":"SearchAction","target":{"@type":"EntryPoint","urlTemplate":"https:\/\/laguiole.com\/en\/?s={search_term_string}"},"query-input":{"@type":"PropertyValueSpecification","valueRequired":true,"valueName":"search_term_string"}}],"inLanguage":"en-US"},{"@type":"Organization","@id":"https:\/\/laguiole.com\/en\/#organization","name":"Laguiole.com","url":"https:\/\/laguiole.com\/en\/","logo":{"@type":"ImageObject","inLanguage":"en-US","@id":"https:\/\/laguiole.com\/en\/#\/schema\/logo\/image\/","url":"https:\/\/laguiole.com\/wp-content\/uploads\/2021\/02\/logo_laguiole.com-horizontal.jpg","contentUrl":"https:\/\/laguiole.com\/wp-content\/uploads\/2021\/02\/logo_laguiole.com-horizontal.jpg","width":490,"height":156,"caption":"Laguiole.com"},"image":{"@id":"https:\/\/laguiole.com\/en\/#\/schema\/logo\/image\/"},"sameAs":["https:\/\/www.facebook.com\/laguiolecom\/","https:\/\/www.instagram.com\/laguiolecom\/","https:\/\/www.youtube.com\/@laguiolecom\/videos"]}]}},"_links":{"self":[{"href":"https:\/\/laguiole.com\/en\/wp-json\/wp\/v2\/product\/49706","targetHints":{"allow":["GET"]}}],"collection":[{"href":"https:\/\/laguiole.com\/en\/wp-json\/wp\/v2\/product"}],"about":[{"href":"https:\/\/laguiole.com\/en\/wp-json\/wp\/v2\/types\/product"}],"version-history":[{"count":2,"href":"https:\/\/laguiole.com\/en\/wp-json\/wp\/v2\/product\/49706\/revisions"}],"predecessor-version":[{"id":53937,"href":"https:\/\/laguiole.com\/en\/wp-json\/wp\/v2\/product\/49706\/revisions\/53937"}],"wp:featuredmedia":[{"embeddable":true,"href":"https:\/\/laguiole.com\/en\/wp-json\/wp\/v2\/media\/51422"}],"wp:attachment":[{"href":"https:\/\/laguiole.com\/en\/wp-json\/wp\/v2\/media?parent=49706"}],"wp:term":[{"taxonomy":"product_brand","embeddable":true,"href":"https:\/\/laguiole.com\/en\/wp-json\/wp\/v2\/product_brand?post=49706"},{"taxonomy":"product_cat","embeddable":true,"href":"https:\/\/laguiole.com\/en\/wp-json\/wp\/v2\/product_cat?post=49706"},{"taxonomy":"product_tag","embeddable":true,"href":"https:\/\/laguiole.com\/en\/wp-json\/wp\/v2\/product_tag?post=49706"}],"curies":[{"name":"wp","href":"https:\/\/api.w.org\/{rel}","templated":true}]}}