{"id":44452,"date":"2025-11-04T14:16:13","date_gmt":"2025-11-04T13:16:13","guid":{"rendered":"https:\/\/laguiole.com\/?post_type=product&#038;p=44452"},"modified":"2026-02-08T21:20:31","modified_gmt":"2026-02-08T20:20:31","slug":"sommelier-laguiole-en-aubrac-ressort-and-hancarved-plates-with-prestige-fly-n9-oak-barrel","status":"publish","type":"product","link":"https:\/\/laguiole.com\/en\/produit\/sommelier-laguiole-en-aubrac-ressort-and-hancarved-plates-with-prestige-fly-n9-oak-barrel\/","title":{"rendered":"Laguiole Prestige Sommelier in Aubrac Spring and Guilloch\u00e9 Plates and Knife Fly Prestige Chiseled N\u00b06 Ebony Glossy Finish"},"content":{"rendered":"<p>Your Laguiole Sommelier in Aubrac is made by the Laguiole en Aubrac artisanal factory.<br \/>\nFly forged and entirely chiseled by hand<br \/>\nHand-guilloch\u00e9 spring, shiny<\/p>\n<p>stainless steel bolsters Please note that we use materials of natural origin and we draw your attention to the fact that the appearance of our products may vary for the same support.<br \/>\nThis is what makes each finished product different.<br \/>\nOur photos are therefore not contractual.<\/p>\n","protected":false},"excerpt":{"rendered":"<p>Laguiole en Aubrac sommelier Corkscrew and small Bottle opener<br \/>\nknife Handle: Ebony<br \/>\nFly Prestige N\u00b06<br \/>\nPlates: Guilloch\u00e9 in Shiny<br \/>\nStainless Steel Spring: Guilloch\u00e9 in Shiny Stainless<br \/>\nSteel Bolsters: 2 Shiny<br \/>\nStainless Steel Spiral: 5 turns<br \/>\nBottle opener knife: Guilloch\u00e9 in Stainless Steel Brilliant<br \/>\nFly Prestige chiseled by hand<\/p>\n","protected":false},"featured_media":44636,"template":"","meta":{"_acf_changed":false,"_monsterinsights_skip_tracking":false,"_monsterinsights_sitenote_active":false,"_monsterinsights_sitenote_note":"","_monsterinsights_sitenote_category":0},"product_brand":[],"product_cat":[819],"product_tag":[],"class_list":{"0":"post-44452","1":"product","2":"type-product","3":"status-publish","4":"has-post-thumbnail","6":"product_cat-corkscrews","7":"pa_finition-shiny","8":"pa_manche-en-bois-ebonyen","9":"pa_marque-laguiole-en-aubracfr","10":"pa_mitres-2-bolters","11":"pa_mitres-shiny-stainless-steel","12":"pa_mouche-prestigious","13":"pa_platines-guillochees0","14":"pa_ressort-handcarved","15":"tm-has-options","18":"instock","19":"taxable","20":"shipping-taxable","21":"purchasable","22":"product-type-simple"},"supplier_id":null,"supplier_sku":"","barcode":null,"atum_controlled":true,"out_stock_date":null,"out_stock_threshold":null,"inheritable":false,"inbound_stock":0,"stock_on_hold":0,"sold_today":0,"sales_last_days":0,"reserved_stock":0,"customer_returns":0,"warehouse_damage":0,"lost_in_post":0,"other_logs":0,"out_stock_days":0,"lost_sales":0,"has_location":false,"update_date":"2026-04-30T00:41:04","atum_locations":[],"atum_stock_status":"instock","restock_status":false,"low_stock_amount":"","sales_update_date":"2026-04-30T00:41:04","calc_backorders":0,"acf":[],"yoast_head":"<!-- This site is optimized with the Yoast SEO plugin v27.3 - https:\/\/yoast.com\/product\/yoast-seo-wordpress\/ -->\n<title>Laguiole Prestige Sommelier in Aubrac Spring and Guilloch\u00e9 Plates and Knife Fly Prestige Chiseled N\u00b06 Ebony Glossy Finish - Laguiole.com \u00ae<\/title>\n<meta name=\"robots\" content=\"index, follow, max-snippet:-1, max-image-preview:large, max-video-preview:-1\" \/>\n<link rel=\"canonical\" href=\"https:\/\/laguiole.com\/en\/produit\/sommelier-laguiole-en-aubrac-ressort-and-hancarved-plates-with-prestige-fly-n9-oak-barrel\/\" \/>\n<meta property=\"og:locale\" content=\"en_US\" \/>\n<meta property=\"og:type\" content=\"article\" \/>\n<meta property=\"og:title\" content=\"Laguiole Prestige Sommelier in Aubrac Spring and Guilloch\u00e9 Plates and Knife Fly Prestige Chiseled N\u00b06 Ebony Glossy Finish - Laguiole.com \u00ae\" \/>\n<meta property=\"og:description\" content=\"Laguiole en Aubrac sommelier Corkscrew and small Bottle opener knife Handle: Ebony Fly Prestige N\u00b06 Plates: Guilloch\u00e9 in Shiny Stainless Steel Spring: Guilloch\u00e9 in Shiny Stainless Steel Bolsters: 2 Shiny Stainless Steel Spiral: 5 turns Bottle opener knife: Guilloch\u00e9 in Stainless Steel Brilliant Fly Prestige chiseled by hand\" \/>\n<meta property=\"og:url\" content=\"https:\/\/laguiole.com\/en\/produit\/sommelier-laguiole-en-aubrac-ressort-and-hancarved-plates-with-prestige-fly-n9-oak-barrel\/\" \/>\n<meta property=\"og:site_name\" content=\"Laguiole.com \u00ae\" \/>\n<meta property=\"article:publisher\" content=\"https:\/\/www.facebook.com\/laguiolecom\/\" \/>\n<meta property=\"article:modified_time\" content=\"2026-02-08T20:20:31+00:00\" \/>\n<meta property=\"og:image\" content=\"https:\/\/laguiole.com\/wp-content\/uploads\/2025\/11\/Sommelier_Prestige_Laguiole_en_Aubrac_Ressort_Platines_Couteau_Guilloches_Mouche_Prestige_ciselee_Ebene_Brillant_00.jpg\" \/>\n\t<meta property=\"og:image:width\" content=\"1033\" \/>\n\t<meta property=\"og:image:height\" content=\"1033\" \/>\n\t<meta property=\"og:image:type\" content=\"image\/jpeg\" \/>\n<meta name=\"twitter:card\" content=\"summary_large_image\" \/>\n<meta name=\"twitter:label1\" content=\"Est. reading time\" \/>\n\t<meta name=\"twitter:data1\" content=\"1 minute\" \/>\n<script type=\"application\/ld+json\" class=\"yoast-schema-graph\">{\"@context\":\"https:\\\/\\\/schema.org\",\"@graph\":[{\"@type\":\"WebPage\",\"@id\":\"https:\\\/\\\/laguiole.com\\\/en\\\/produit\\\/sommelier-laguiole-en-aubrac-ressort-and-hancarved-plates-with-prestige-fly-n9-oak-barrel\\\/\",\"url\":\"https:\\\/\\\/laguiole.com\\\/en\\\/produit\\\/sommelier-laguiole-en-aubrac-ressort-and-hancarved-plates-with-prestige-fly-n9-oak-barrel\\\/\",\"name\":\"Laguiole Prestige Sommelier in Aubrac Spring and Guilloch\u00e9 Plates and Knife Fly Prestige Chiseled N\u00b06 Ebony Glossy Finish - Laguiole.com \u00ae\",\"isPartOf\":{\"@id\":\"https:\\\/\\\/laguiole.com\\\/en\\\/#website\"},\"primaryImageOfPage\":{\"@id\":\"https:\\\/\\\/laguiole.com\\\/en\\\/produit\\\/sommelier-laguiole-en-aubrac-ressort-and-hancarved-plates-with-prestige-fly-n9-oak-barrel\\\/#primaryimage\"},\"image\":{\"@id\":\"https:\\\/\\\/laguiole.com\\\/en\\\/produit\\\/sommelier-laguiole-en-aubrac-ressort-and-hancarved-plates-with-prestige-fly-n9-oak-barrel\\\/#primaryimage\"},\"thumbnailUrl\":\"https:\\\/\\\/laguiole.com\\\/wp-content\\\/uploads\\\/2025\\\/11\\\/Sommelier_Prestige_Laguiole_en_Aubrac_Ressort_Platines_Couteau_Guilloches_Mouche_Prestige_ciselee_Ebene_Brillant_00.jpg\",\"datePublished\":\"2025-11-04T13:16:13+00:00\",\"dateModified\":\"2026-02-08T20:20:31+00:00\",\"breadcrumb\":{\"@id\":\"https:\\\/\\\/laguiole.com\\\/en\\\/produit\\\/sommelier-laguiole-en-aubrac-ressort-and-hancarved-plates-with-prestige-fly-n9-oak-barrel\\\/#breadcrumb\"},\"inLanguage\":\"en-US\",\"potentialAction\":[{\"@type\":\"ReadAction\",\"target\":[\"https:\\\/\\\/laguiole.com\\\/en\\\/produit\\\/sommelier-laguiole-en-aubrac-ressort-and-hancarved-plates-with-prestige-fly-n9-oak-barrel\\\/\"]}]},{\"@type\":\"ImageObject\",\"inLanguage\":\"en-US\",\"@id\":\"https:\\\/\\\/laguiole.com\\\/en\\\/produit\\\/sommelier-laguiole-en-aubrac-ressort-and-hancarved-plates-with-prestige-fly-n9-oak-barrel\\\/#primaryimage\",\"url\":\"https:\\\/\\\/laguiole.com\\\/wp-content\\\/uploads\\\/2025\\\/11\\\/Sommelier_Prestige_Laguiole_en_Aubrac_Ressort_Platines_Couteau_Guilloches_Mouche_Prestige_ciselee_Ebene_Brillant_00.jpg\",\"contentUrl\":\"https:\\\/\\\/laguiole.com\\\/wp-content\\\/uploads\\\/2025\\\/11\\\/Sommelier_Prestige_Laguiole_en_Aubrac_Ressort_Platines_Couteau_Guilloches_Mouche_Prestige_ciselee_Ebene_Brillant_00.jpg\",\"width\":1033,\"height\":1033,\"caption\":\"Laguiole Prestige Sommelier in Aubrac Spring and Guilloch\u00e9 Plates and Knife Prestige Fly Chiseled Ebony Glossy Finish\"},{\"@type\":\"BreadcrumbList\",\"@id\":\"https:\\\/\\\/laguiole.com\\\/en\\\/produit\\\/sommelier-laguiole-en-aubrac-ressort-and-hancarved-plates-with-prestige-fly-n9-oak-barrel\\\/#breadcrumb\",\"itemListElement\":[{\"@type\":\"ListItem\",\"position\":1,\"name\":\"Accueil\",\"item\":\"https:\\\/\\\/laguiole.com\\\/en\\\/\"},{\"@type\":\"ListItem\",\"position\":2,\"name\":\"Shop\",\"item\":\"https:\\\/\\\/laguiole.com\\\/en\\\/shop\\\/\"},{\"@type\":\"ListItem\",\"position\":3,\"name\":\"Laguiole Prestige Sommelier in Aubrac Spring and Guilloch\u00e9 Plates and Knife Fly Prestige Chiseled N\u00b06 Ebony Glossy Finish\"}]},{\"@type\":\"WebSite\",\"@id\":\"https:\\\/\\\/laguiole.com\\\/en\\\/#website\",\"url\":\"https:\\\/\\\/laguiole.com\\\/en\\\/\",\"name\":\"Laguiole.com\",\"description\":\"Laguiole - Couteau laguiole, Chateau Laguiole, Laguiole en Aubrac, Forge de Laguiole\",\"publisher\":{\"@id\":\"https:\\\/\\\/laguiole.com\\\/en\\\/#organization\"},\"potentialAction\":[{\"@type\":\"SearchAction\",\"target\":{\"@type\":\"EntryPoint\",\"urlTemplate\":\"https:\\\/\\\/laguiole.com\\\/en\\\/?s={search_term_string}\"},\"query-input\":{\"@type\":\"PropertyValueSpecification\",\"valueRequired\":true,\"valueName\":\"search_term_string\"}}],\"inLanguage\":\"en-US\"},{\"@type\":\"Organization\",\"@id\":\"https:\\\/\\\/laguiole.com\\\/en\\\/#organization\",\"name\":\"Laguiole.com\",\"url\":\"https:\\\/\\\/laguiole.com\\\/en\\\/\",\"logo\":{\"@type\":\"ImageObject\",\"inLanguage\":\"en-US\",\"@id\":\"https:\\\/\\\/laguiole.com\\\/en\\\/#\\\/schema\\\/logo\\\/image\\\/\",\"url\":\"https:\\\/\\\/laguiole.com\\\/wp-content\\\/uploads\\\/2021\\\/02\\\/logo_laguiole.com-horizontal.jpg\",\"contentUrl\":\"https:\\\/\\\/laguiole.com\\\/wp-content\\\/uploads\\\/2021\\\/02\\\/logo_laguiole.com-horizontal.jpg\",\"width\":490,\"height\":156,\"caption\":\"Laguiole.com\"},\"image\":{\"@id\":\"https:\\\/\\\/laguiole.com\\\/en\\\/#\\\/schema\\\/logo\\\/image\\\/\"},\"sameAs\":[\"https:\\\/\\\/www.facebook.com\\\/laguiolecom\\\/\",\"https:\\\/\\\/www.instagram.com\\\/laguiolecom\\\/\",\"https:\\\/\\\/www.youtube.com\\\/@laguiolecom\\\/videos\"]}]}<\/script>\n<!-- \/ Yoast SEO plugin. -->","yoast_head_json":{"title":"Laguiole Prestige Sommelier in Aubrac Spring and Guilloch\u00e9 Plates and Knife Fly Prestige Chiseled N\u00b06 Ebony Glossy Finish - Laguiole.com \u00ae","robots":{"index":"index","follow":"follow","max-snippet":"max-snippet:-1","max-image-preview":"max-image-preview:large","max-video-preview":"max-video-preview:-1"},"canonical":"https:\/\/laguiole.com\/en\/produit\/sommelier-laguiole-en-aubrac-ressort-and-hancarved-plates-with-prestige-fly-n9-oak-barrel\/","og_locale":"en_US","og_type":"article","og_title":"Laguiole Prestige Sommelier in Aubrac Spring and Guilloch\u00e9 Plates and Knife Fly Prestige Chiseled N\u00b06 Ebony Glossy Finish - Laguiole.com \u00ae","og_description":"Laguiole en Aubrac sommelier Corkscrew and small Bottle opener knife Handle: Ebony Fly Prestige N\u00b06 Plates: Guilloch\u00e9 in Shiny Stainless Steel Spring: Guilloch\u00e9 in Shiny Stainless Steel Bolsters: 2 Shiny Stainless Steel Spiral: 5 turns Bottle opener knife: Guilloch\u00e9 in Stainless Steel Brilliant Fly Prestige chiseled by hand","og_url":"https:\/\/laguiole.com\/en\/produit\/sommelier-laguiole-en-aubrac-ressort-and-hancarved-plates-with-prestige-fly-n9-oak-barrel\/","og_site_name":"Laguiole.com \u00ae","article_publisher":"https:\/\/www.facebook.com\/laguiolecom\/","article_modified_time":"2026-02-08T20:20:31+00:00","og_image":[{"width":1033,"height":1033,"url":"https:\/\/laguiole.com\/wp-content\/uploads\/2025\/11\/Sommelier_Prestige_Laguiole_en_Aubrac_Ressort_Platines_Couteau_Guilloches_Mouche_Prestige_ciselee_Ebene_Brillant_00.jpg","type":"image\/jpeg"}],"twitter_card":"summary_large_image","twitter_misc":{"Est. reading time":"1 minute"},"schema":{"@context":"https:\/\/schema.org","@graph":[{"@type":"WebPage","@id":"https:\/\/laguiole.com\/en\/produit\/sommelier-laguiole-en-aubrac-ressort-and-hancarved-plates-with-prestige-fly-n9-oak-barrel\/","url":"https:\/\/laguiole.com\/en\/produit\/sommelier-laguiole-en-aubrac-ressort-and-hancarved-plates-with-prestige-fly-n9-oak-barrel\/","name":"Laguiole Prestige Sommelier in Aubrac Spring and Guilloch\u00e9 Plates and Knife Fly Prestige Chiseled N\u00b06 Ebony Glossy Finish - Laguiole.com \u00ae","isPartOf":{"@id":"https:\/\/laguiole.com\/en\/#website"},"primaryImageOfPage":{"@id":"https:\/\/laguiole.com\/en\/produit\/sommelier-laguiole-en-aubrac-ressort-and-hancarved-plates-with-prestige-fly-n9-oak-barrel\/#primaryimage"},"image":{"@id":"https:\/\/laguiole.com\/en\/produit\/sommelier-laguiole-en-aubrac-ressort-and-hancarved-plates-with-prestige-fly-n9-oak-barrel\/#primaryimage"},"thumbnailUrl":"https:\/\/laguiole.com\/wp-content\/uploads\/2025\/11\/Sommelier_Prestige_Laguiole_en_Aubrac_Ressort_Platines_Couteau_Guilloches_Mouche_Prestige_ciselee_Ebene_Brillant_00.jpg","datePublished":"2025-11-04T13:16:13+00:00","dateModified":"2026-02-08T20:20:31+00:00","breadcrumb":{"@id":"https:\/\/laguiole.com\/en\/produit\/sommelier-laguiole-en-aubrac-ressort-and-hancarved-plates-with-prestige-fly-n9-oak-barrel\/#breadcrumb"},"inLanguage":"en-US","potentialAction":[{"@type":"ReadAction","target":["https:\/\/laguiole.com\/en\/produit\/sommelier-laguiole-en-aubrac-ressort-and-hancarved-plates-with-prestige-fly-n9-oak-barrel\/"]}]},{"@type":"ImageObject","inLanguage":"en-US","@id":"https:\/\/laguiole.com\/en\/produit\/sommelier-laguiole-en-aubrac-ressort-and-hancarved-plates-with-prestige-fly-n9-oak-barrel\/#primaryimage","url":"https:\/\/laguiole.com\/wp-content\/uploads\/2025\/11\/Sommelier_Prestige_Laguiole_en_Aubrac_Ressort_Platines_Couteau_Guilloches_Mouche_Prestige_ciselee_Ebene_Brillant_00.jpg","contentUrl":"https:\/\/laguiole.com\/wp-content\/uploads\/2025\/11\/Sommelier_Prestige_Laguiole_en_Aubrac_Ressort_Platines_Couteau_Guilloches_Mouche_Prestige_ciselee_Ebene_Brillant_00.jpg","width":1033,"height":1033,"caption":"Laguiole Prestige Sommelier in Aubrac Spring and Guilloch\u00e9 Plates and Knife Prestige Fly Chiseled Ebony Glossy Finish"},{"@type":"BreadcrumbList","@id":"https:\/\/laguiole.com\/en\/produit\/sommelier-laguiole-en-aubrac-ressort-and-hancarved-plates-with-prestige-fly-n9-oak-barrel\/#breadcrumb","itemListElement":[{"@type":"ListItem","position":1,"name":"Accueil","item":"https:\/\/laguiole.com\/en\/"},{"@type":"ListItem","position":2,"name":"Shop","item":"https:\/\/laguiole.com\/en\/shop\/"},{"@type":"ListItem","position":3,"name":"Laguiole Prestige Sommelier in Aubrac Spring and Guilloch\u00e9 Plates and Knife Fly Prestige Chiseled N\u00b06 Ebony Glossy Finish"}]},{"@type":"WebSite","@id":"https:\/\/laguiole.com\/en\/#website","url":"https:\/\/laguiole.com\/en\/","name":"Laguiole.com","description":"Laguiole - Couteau laguiole, Chateau Laguiole, Laguiole en Aubrac, Forge de Laguiole","publisher":{"@id":"https:\/\/laguiole.com\/en\/#organization"},"potentialAction":[{"@type":"SearchAction","target":{"@type":"EntryPoint","urlTemplate":"https:\/\/laguiole.com\/en\/?s={search_term_string}"},"query-input":{"@type":"PropertyValueSpecification","valueRequired":true,"valueName":"search_term_string"}}],"inLanguage":"en-US"},{"@type":"Organization","@id":"https:\/\/laguiole.com\/en\/#organization","name":"Laguiole.com","url":"https:\/\/laguiole.com\/en\/","logo":{"@type":"ImageObject","inLanguage":"en-US","@id":"https:\/\/laguiole.com\/en\/#\/schema\/logo\/image\/","url":"https:\/\/laguiole.com\/wp-content\/uploads\/2021\/02\/logo_laguiole.com-horizontal.jpg","contentUrl":"https:\/\/laguiole.com\/wp-content\/uploads\/2021\/02\/logo_laguiole.com-horizontal.jpg","width":490,"height":156,"caption":"Laguiole.com"},"image":{"@id":"https:\/\/laguiole.com\/en\/#\/schema\/logo\/image\/"},"sameAs":["https:\/\/www.facebook.com\/laguiolecom\/","https:\/\/www.instagram.com\/laguiolecom\/","https:\/\/www.youtube.com\/@laguiolecom\/videos"]}]}},"_links":{"self":[{"href":"https:\/\/laguiole.com\/en\/wp-json\/wp\/v2\/product\/44452","targetHints":{"allow":["GET"]}}],"collection":[{"href":"https:\/\/laguiole.com\/en\/wp-json\/wp\/v2\/product"}],"about":[{"href":"https:\/\/laguiole.com\/en\/wp-json\/wp\/v2\/types\/product"}],"version-history":[{"count":3,"href":"https:\/\/laguiole.com\/en\/wp-json\/wp\/v2\/product\/44452\/revisions"}],"predecessor-version":[{"id":49767,"href":"https:\/\/laguiole.com\/en\/wp-json\/wp\/v2\/product\/44452\/revisions\/49767"}],"wp:featuredmedia":[{"embeddable":true,"href":"https:\/\/laguiole.com\/en\/wp-json\/wp\/v2\/media\/44636"}],"wp:attachment":[{"href":"https:\/\/laguiole.com\/en\/wp-json\/wp\/v2\/media?parent=44452"}],"wp:term":[{"taxonomy":"product_brand","embeddable":true,"href":"https:\/\/laguiole.com\/en\/wp-json\/wp\/v2\/product_brand?post=44452"},{"taxonomy":"product_cat","embeddable":true,"href":"https:\/\/laguiole.com\/en\/wp-json\/wp\/v2\/product_cat?post=44452"},{"taxonomy":"product_tag","embeddable":true,"href":"https:\/\/laguiole.com\/en\/wp-json\/wp\/v2\/product_tag?post=44452"}],"curies":[{"name":"wp","href":"https:\/\/api.w.org\/{rel}","templated":true}]}}