{"id":28356,"date":"2025-05-25T21:07:34","date_gmt":"2025-05-25T19:07:34","guid":{"rendered":"https:\/\/laguiole.com\/?post_type=product&#038;p=28356"},"modified":"2026-04-02T13:41:16","modified_gmt":"2026-04-02T11:41:16","slug":"laguiole-arbalete-knife-pearly-blue-acrylic-handle-1-piece-1-shiny-stainless-steel-bolster-11cm","status":"publish","type":"product","link":"https:\/\/laguiole.com\/en\/produit\/laguiole-arbalete-knife-pearly-blue-acrylic-handle-1-piece-1-shiny-stainless-steel-bolster-11cm\/","title":{"rendered":"Laguiole Arbalete Knife Pearly Blue Acrylic Handle 1 Piece 1 Shiny Stainless Steel Bolster 11cm"},"content":{"rendered":"<p data-start=\"52\" data-end=\"149\">This small <strong data-start=\"63\" data-end=\"98\">Laguiole Arbal\u00e8te folding knife<\/strong> is an 11 cm gem, combining elegance and character.<\/p>\n<p data-start=\"151\" data-end=\"317\">Its handle, made of acrylic Pearly Blue hues and enhanced by iridescent reflections, captures light with a rare intensity, making each piece truly unique.<\/p>\n<p data-start=\"319\" data-end=\"431\">The welded fly perfectly complements the finely guilloch\u00e9 spring, showcasing the meticulous attention to detail.<\/p>\n<p data-start=\"433\" data-end=\"554\">This <strong data-start=\"438\" data-end=\"465\">Laguiole Arbal\u00e8te knife<\/strong> is designed for those who seek a tool that is practical, aesthetic, and rich in history.<\/p>\n<p data-start=\"556\" data-end=\"675\">Compact and refined, it easily slips into a bag or pocket, ready to accompany you everywhere with style and confidence.<\/p>\n<p data-start=\"677\" data-end=\"773\">Treat yourself to this small treasure of craftsmanship, a true signature of Arbal\u00e8te excellence.<\/p>\n","protected":false},"excerpt":{"rendered":"<p>Laguiole Arbal\u00e8te folding knife<br \/>\nPearly Blue Acrylic handle<br \/>\nShiny stainless steel blade (12C27)<br \/>\n1 Shiny stainless steel bolster<br \/>\nWelded fly<br \/>\nCarved spring<br \/>\nBlade length 9cm<br \/>\nClosed knife length 11cm<br \/>\nOpen knife length 20cm<\/p>\n","protected":false},"featured_media":43627,"template":"","meta":{"_acf_changed":false,"_monsterinsights_skip_tracking":false,"_monsterinsights_sitenote_active":false,"_monsterinsights_sitenote_note":"","_monsterinsights_sitenote_category":0},"product_brand":[],"product_cat":[156,465,3774],"product_tag":[],"class_list":{"0":"post-28356","1":"product","2":"type-product","3":"status-publish","4":"has-post-thumbnail","6":"product_cat-folding-knives","7":"product_cat-laguiole","8":"product_cat-the-traditional-with-and-without-corkscrew","9":"pa_composition-couteau-blade","10":"pa_finition-shiny","11":"pa_lame-shiny-stainless-steelen","12":"pa_manche-en-matiere-moderne-acrylic0","13":"pa_marque-laguiole-arbalete","14":"pa_mitres-1-bolster","15":"pa_mitres-shiny-stainless-steel","16":"pa_mouche-welded","17":"pa_platines-single-plate0","18":"pa_ressort-handcarved","19":"pa_taille-du-manche-11-cm0","20":"tm-has-options","23":"instock","24":"taxable","25":"shipping-taxable","26":"purchasable","27":"product-type-simple"},"supplier_id":null,"supplier_sku":"","barcode":null,"atum_controlled":true,"out_stock_date":null,"out_stock_threshold":null,"inheritable":false,"inbound_stock":0,"stock_on_hold":0,"sold_today":0,"sales_last_days":0,"reserved_stock":0,"customer_returns":0,"warehouse_damage":0,"lost_in_post":0,"other_logs":0,"out_stock_days":0,"lost_sales":0,"has_location":false,"update_date":"2026-04-28T00:39:08","atum_locations":[],"atum_stock_status":"instock","restock_status":false,"low_stock_amount":"","sales_update_date":"2026-04-28T00:39:08","calc_backorders":0,"acf":[],"yoast_head":"<!-- This site is optimized with the Yoast SEO plugin v27.3 - https:\/\/yoast.com\/product\/yoast-seo-wordpress\/ -->\n<title>Laguiole Arbalete Knife Pearly Blue Acrylic Handle 1 Piece 1 Shiny Stainless Steel Bolster 11cm - Laguiole.com \u00ae<\/title>\n<meta name=\"description\" content=\"This Laguiole Arbal\u00e8te folding knife is a true ode to feminine delicacy and elegance.\" \/>\n<meta name=\"robots\" content=\"index, follow, max-snippet:-1, max-image-preview:large, max-video-preview:-1\" \/>\n<link rel=\"canonical\" href=\"https:\/\/laguiole.com\/en\/produit\/laguiole-arbalete-knife-pearly-blue-acrylic-handle-1-piece-1-shiny-stainless-steel-bolster-11cm\/\" \/>\n<meta property=\"og:locale\" content=\"en_US\" \/>\n<meta property=\"og:type\" content=\"article\" \/>\n<meta property=\"og:title\" content=\"Laguiole Arbalete Knife Pearly Blue Acrylic Handle 1 Piece 1 Shiny Stainless Steel Bolster 11cm - Laguiole.com \u00ae\" \/>\n<meta property=\"og:description\" content=\"This Laguiole Arbal\u00e8te folding knife is a true ode to feminine delicacy and elegance.\" \/>\n<meta property=\"og:url\" content=\"https:\/\/laguiole.com\/en\/produit\/laguiole-arbalete-knife-pearly-blue-acrylic-handle-1-piece-1-shiny-stainless-steel-bolster-11cm\/\" \/>\n<meta property=\"og:site_name\" content=\"Laguiole.com \u00ae\" \/>\n<meta property=\"article:publisher\" content=\"https:\/\/www.facebook.com\/laguiolecom\/\" \/>\n<meta property=\"article:modified_time\" content=\"2026-04-02T11:41:16+00:00\" \/>\n<meta property=\"og:image\" content=\"https:\/\/laguiole.com\/wp-content\/uploads\/2023\/08\/logo_laguiole_com_\u00ae_300dpi_Noir_et_Blanc.jpg\" \/>\n\t<meta property=\"og:image:width\" content=\"1920\" \/>\n\t<meta property=\"og:image:height\" content=\"854\" \/>\n\t<meta property=\"og:image:type\" content=\"image\/jpeg\" \/>\n<meta name=\"twitter:card\" content=\"summary_large_image\" \/>\n<meta name=\"twitter:label1\" content=\"Est. reading time\" \/>\n\t<meta name=\"twitter:data1\" content=\"1 minute\" \/>\n<script type=\"application\/ld+json\" class=\"yoast-schema-graph\">{\"@context\":\"https:\\\/\\\/schema.org\",\"@graph\":[{\"@type\":\"WebPage\",\"@id\":\"https:\\\/\\\/laguiole.com\\\/en\\\/produit\\\/laguiole-arbalete-knife-pearly-blue-acrylic-handle-1-piece-1-shiny-stainless-steel-bolster-11cm\\\/\",\"url\":\"https:\\\/\\\/laguiole.com\\\/en\\\/produit\\\/laguiole-arbalete-knife-pearly-blue-acrylic-handle-1-piece-1-shiny-stainless-steel-bolster-11cm\\\/\",\"name\":\"Laguiole Arbalete Knife Pearly Blue Acrylic Handle 1 Piece 1 Shiny Stainless Steel Bolster 11cm - Laguiole.com \u00ae\",\"isPartOf\":{\"@id\":\"https:\\\/\\\/laguiole.com\\\/en\\\/#website\"},\"primaryImageOfPage\":{\"@id\":\"https:\\\/\\\/laguiole.com\\\/en\\\/produit\\\/laguiole-arbalete-knife-pearly-blue-acrylic-handle-1-piece-1-shiny-stainless-steel-bolster-11cm\\\/#primaryimage\"},\"image\":{\"@id\":\"https:\\\/\\\/laguiole.com\\\/en\\\/produit\\\/laguiole-arbalete-knife-pearly-blue-acrylic-handle-1-piece-1-shiny-stainless-steel-bolster-11cm\\\/#primaryimage\"},\"thumbnailUrl\":\"https:\\\/\\\/laguiole.com\\\/wp-content\\\/uploads\\\/2025\\\/05\\\/Arbalete_Manche_Acrylique_Bleu_Nacre_1_Piece_1_Mitre_Inox_Brillant_11cm_00.jpg\",\"datePublished\":\"2025-05-25T19:07:34+00:00\",\"dateModified\":\"2026-04-02T11:41:16+00:00\",\"description\":\"This Laguiole Arbal\u00e8te folding knife is a true ode to feminine delicacy and elegance.\",\"breadcrumb\":{\"@id\":\"https:\\\/\\\/laguiole.com\\\/en\\\/produit\\\/laguiole-arbalete-knife-pearly-blue-acrylic-handle-1-piece-1-shiny-stainless-steel-bolster-11cm\\\/#breadcrumb\"},\"inLanguage\":\"en-US\",\"potentialAction\":[{\"@type\":\"ReadAction\",\"target\":[\"https:\\\/\\\/laguiole.com\\\/en\\\/produit\\\/laguiole-arbalete-knife-pearly-blue-acrylic-handle-1-piece-1-shiny-stainless-steel-bolster-11cm\\\/\"]}]},{\"@type\":\"ImageObject\",\"inLanguage\":\"en-US\",\"@id\":\"https:\\\/\\\/laguiole.com\\\/en\\\/produit\\\/laguiole-arbalete-knife-pearly-blue-acrylic-handle-1-piece-1-shiny-stainless-steel-bolster-11cm\\\/#primaryimage\",\"url\":\"https:\\\/\\\/laguiole.com\\\/wp-content\\\/uploads\\\/2025\\\/05\\\/Arbalete_Manche_Acrylique_Bleu_Nacre_1_Piece_1_Mitre_Inox_Brillant_11cm_00.jpg\",\"contentUrl\":\"https:\\\/\\\/laguiole.com\\\/wp-content\\\/uploads\\\/2025\\\/05\\\/Arbalete_Manche_Acrylique_Bleu_Nacre_1_Piece_1_Mitre_Inox_Brillant_11cm_00.jpg\",\"width\":1033,\"height\":1033,\"caption\":\"Couteau Laguiole Arbal\u00e8te Manche en Acrylique Bleu Nacr\u00e9 1 Pi\u00e8ce 1 Mitre en Inox Brillant 11cm\"},{\"@type\":\"BreadcrumbList\",\"@id\":\"https:\\\/\\\/laguiole.com\\\/en\\\/produit\\\/laguiole-arbalete-knife-pearly-blue-acrylic-handle-1-piece-1-shiny-stainless-steel-bolster-11cm\\\/#breadcrumb\",\"itemListElement\":[{\"@type\":\"ListItem\",\"position\":1,\"name\":\"Accueil\",\"item\":\"https:\\\/\\\/laguiole.com\\\/en\\\/\"},{\"@type\":\"ListItem\",\"position\":2,\"name\":\"Shop\",\"item\":\"https:\\\/\\\/laguiole.com\\\/en\\\/shop\\\/\"},{\"@type\":\"ListItem\",\"position\":3,\"name\":\"Laguiole Arbalete Knife Pearly Blue Acrylic Handle 1 Piece 1 Shiny Stainless Steel Bolster 11cm\"}]},{\"@type\":\"WebSite\",\"@id\":\"https:\\\/\\\/laguiole.com\\\/en\\\/#website\",\"url\":\"https:\\\/\\\/laguiole.com\\\/en\\\/\",\"name\":\"Laguiole.com\",\"description\":\"Laguiole - Couteau laguiole, Chateau Laguiole, Laguiole en Aubrac, Forge de Laguiole\",\"publisher\":{\"@id\":\"https:\\\/\\\/laguiole.com\\\/en\\\/#organization\"},\"potentialAction\":[{\"@type\":\"SearchAction\",\"target\":{\"@type\":\"EntryPoint\",\"urlTemplate\":\"https:\\\/\\\/laguiole.com\\\/en\\\/?s={search_term_string}\"},\"query-input\":{\"@type\":\"PropertyValueSpecification\",\"valueRequired\":true,\"valueName\":\"search_term_string\"}}],\"inLanguage\":\"en-US\"},{\"@type\":\"Organization\",\"@id\":\"https:\\\/\\\/laguiole.com\\\/en\\\/#organization\",\"name\":\"Laguiole.com\",\"url\":\"https:\\\/\\\/laguiole.com\\\/en\\\/\",\"logo\":{\"@type\":\"ImageObject\",\"inLanguage\":\"en-US\",\"@id\":\"https:\\\/\\\/laguiole.com\\\/en\\\/#\\\/schema\\\/logo\\\/image\\\/\",\"url\":\"https:\\\/\\\/laguiole.com\\\/wp-content\\\/uploads\\\/2021\\\/02\\\/logo_laguiole.com-horizontal.jpg\",\"contentUrl\":\"https:\\\/\\\/laguiole.com\\\/wp-content\\\/uploads\\\/2021\\\/02\\\/logo_laguiole.com-horizontal.jpg\",\"width\":490,\"height\":156,\"caption\":\"Laguiole.com\"},\"image\":{\"@id\":\"https:\\\/\\\/laguiole.com\\\/en\\\/#\\\/schema\\\/logo\\\/image\\\/\"},\"sameAs\":[\"https:\\\/\\\/www.facebook.com\\\/laguiolecom\\\/\",\"https:\\\/\\\/www.instagram.com\\\/laguiolecom\\\/\",\"https:\\\/\\\/www.youtube.com\\\/@laguiolecom\\\/videos\"]}]}<\/script>\n<!-- \/ Yoast SEO plugin. -->","yoast_head_json":{"title":"Laguiole Arbalete Knife Pearly Blue Acrylic Handle 1 Piece 1 Shiny Stainless Steel Bolster 11cm - Laguiole.com \u00ae","description":"This Laguiole Arbal\u00e8te folding knife is a true ode to feminine delicacy and elegance.","robots":{"index":"index","follow":"follow","max-snippet":"max-snippet:-1","max-image-preview":"max-image-preview:large","max-video-preview":"max-video-preview:-1"},"canonical":"https:\/\/laguiole.com\/en\/produit\/laguiole-arbalete-knife-pearly-blue-acrylic-handle-1-piece-1-shiny-stainless-steel-bolster-11cm\/","og_locale":"en_US","og_type":"article","og_title":"Laguiole Arbalete Knife Pearly Blue Acrylic Handle 1 Piece 1 Shiny Stainless Steel Bolster 11cm - Laguiole.com \u00ae","og_description":"This Laguiole Arbal\u00e8te folding knife is a true ode to feminine delicacy and elegance.","og_url":"https:\/\/laguiole.com\/en\/produit\/laguiole-arbalete-knife-pearly-blue-acrylic-handle-1-piece-1-shiny-stainless-steel-bolster-11cm\/","og_site_name":"Laguiole.com \u00ae","article_publisher":"https:\/\/www.facebook.com\/laguiolecom\/","article_modified_time":"2026-04-02T11:41:16+00:00","og_image":[{"width":1920,"height":854,"url":"https:\/\/laguiole.com\/wp-content\/uploads\/2023\/08\/logo_laguiole_com_\u00ae_300dpi_Noir_et_Blanc.jpg","type":"image\/jpeg"}],"twitter_card":"summary_large_image","twitter_misc":{"Est. reading time":"1 minute"},"schema":{"@context":"https:\/\/schema.org","@graph":[{"@type":"WebPage","@id":"https:\/\/laguiole.com\/en\/produit\/laguiole-arbalete-knife-pearly-blue-acrylic-handle-1-piece-1-shiny-stainless-steel-bolster-11cm\/","url":"https:\/\/laguiole.com\/en\/produit\/laguiole-arbalete-knife-pearly-blue-acrylic-handle-1-piece-1-shiny-stainless-steel-bolster-11cm\/","name":"Laguiole Arbalete Knife Pearly Blue Acrylic Handle 1 Piece 1 Shiny Stainless Steel Bolster 11cm - Laguiole.com \u00ae","isPartOf":{"@id":"https:\/\/laguiole.com\/en\/#website"},"primaryImageOfPage":{"@id":"https:\/\/laguiole.com\/en\/produit\/laguiole-arbalete-knife-pearly-blue-acrylic-handle-1-piece-1-shiny-stainless-steel-bolster-11cm\/#primaryimage"},"image":{"@id":"https:\/\/laguiole.com\/en\/produit\/laguiole-arbalete-knife-pearly-blue-acrylic-handle-1-piece-1-shiny-stainless-steel-bolster-11cm\/#primaryimage"},"thumbnailUrl":"https:\/\/laguiole.com\/wp-content\/uploads\/2025\/05\/Arbalete_Manche_Acrylique_Bleu_Nacre_1_Piece_1_Mitre_Inox_Brillant_11cm_00.jpg","datePublished":"2025-05-25T19:07:34+00:00","dateModified":"2026-04-02T11:41:16+00:00","description":"This Laguiole Arbal\u00e8te folding knife is a true ode to feminine delicacy and elegance.","breadcrumb":{"@id":"https:\/\/laguiole.com\/en\/produit\/laguiole-arbalete-knife-pearly-blue-acrylic-handle-1-piece-1-shiny-stainless-steel-bolster-11cm\/#breadcrumb"},"inLanguage":"en-US","potentialAction":[{"@type":"ReadAction","target":["https:\/\/laguiole.com\/en\/produit\/laguiole-arbalete-knife-pearly-blue-acrylic-handle-1-piece-1-shiny-stainless-steel-bolster-11cm\/"]}]},{"@type":"ImageObject","inLanguage":"en-US","@id":"https:\/\/laguiole.com\/en\/produit\/laguiole-arbalete-knife-pearly-blue-acrylic-handle-1-piece-1-shiny-stainless-steel-bolster-11cm\/#primaryimage","url":"https:\/\/laguiole.com\/wp-content\/uploads\/2025\/05\/Arbalete_Manche_Acrylique_Bleu_Nacre_1_Piece_1_Mitre_Inox_Brillant_11cm_00.jpg","contentUrl":"https:\/\/laguiole.com\/wp-content\/uploads\/2025\/05\/Arbalete_Manche_Acrylique_Bleu_Nacre_1_Piece_1_Mitre_Inox_Brillant_11cm_00.jpg","width":1033,"height":1033,"caption":"Couteau Laguiole Arbal\u00e8te Manche en Acrylique Bleu Nacr\u00e9 1 Pi\u00e8ce 1 Mitre en Inox Brillant 11cm"},{"@type":"BreadcrumbList","@id":"https:\/\/laguiole.com\/en\/produit\/laguiole-arbalete-knife-pearly-blue-acrylic-handle-1-piece-1-shiny-stainless-steel-bolster-11cm\/#breadcrumb","itemListElement":[{"@type":"ListItem","position":1,"name":"Accueil","item":"https:\/\/laguiole.com\/en\/"},{"@type":"ListItem","position":2,"name":"Shop","item":"https:\/\/laguiole.com\/en\/shop\/"},{"@type":"ListItem","position":3,"name":"Laguiole Arbalete Knife Pearly Blue Acrylic Handle 1 Piece 1 Shiny Stainless Steel Bolster 11cm"}]},{"@type":"WebSite","@id":"https:\/\/laguiole.com\/en\/#website","url":"https:\/\/laguiole.com\/en\/","name":"Laguiole.com","description":"Laguiole - Couteau laguiole, Chateau Laguiole, Laguiole en Aubrac, Forge de Laguiole","publisher":{"@id":"https:\/\/laguiole.com\/en\/#organization"},"potentialAction":[{"@type":"SearchAction","target":{"@type":"EntryPoint","urlTemplate":"https:\/\/laguiole.com\/en\/?s={search_term_string}"},"query-input":{"@type":"PropertyValueSpecification","valueRequired":true,"valueName":"search_term_string"}}],"inLanguage":"en-US"},{"@type":"Organization","@id":"https:\/\/laguiole.com\/en\/#organization","name":"Laguiole.com","url":"https:\/\/laguiole.com\/en\/","logo":{"@type":"ImageObject","inLanguage":"en-US","@id":"https:\/\/laguiole.com\/en\/#\/schema\/logo\/image\/","url":"https:\/\/laguiole.com\/wp-content\/uploads\/2021\/02\/logo_laguiole.com-horizontal.jpg","contentUrl":"https:\/\/laguiole.com\/wp-content\/uploads\/2021\/02\/logo_laguiole.com-horizontal.jpg","width":490,"height":156,"caption":"Laguiole.com"},"image":{"@id":"https:\/\/laguiole.com\/en\/#\/schema\/logo\/image\/"},"sameAs":["https:\/\/www.facebook.com\/laguiolecom\/","https:\/\/www.instagram.com\/laguiolecom\/","https:\/\/www.youtube.com\/@laguiolecom\/videos"]}]}},"_links":{"self":[{"href":"https:\/\/laguiole.com\/en\/wp-json\/wp\/v2\/product\/28356","targetHints":{"allow":["GET"]}}],"collection":[{"href":"https:\/\/laguiole.com\/en\/wp-json\/wp\/v2\/product"}],"about":[{"href":"https:\/\/laguiole.com\/en\/wp-json\/wp\/v2\/types\/product"}],"version-history":[{"count":1,"href":"https:\/\/laguiole.com\/en\/wp-json\/wp\/v2\/product\/28356\/revisions"}],"predecessor-version":[{"id":28358,"href":"https:\/\/laguiole.com\/en\/wp-json\/wp\/v2\/product\/28356\/revisions\/28358"}],"wp:featuredmedia":[{"embeddable":true,"href":"https:\/\/laguiole.com\/en\/wp-json\/wp\/v2\/media\/43627"}],"wp:attachment":[{"href":"https:\/\/laguiole.com\/en\/wp-json\/wp\/v2\/media?parent=28356"}],"wp:term":[{"taxonomy":"product_brand","embeddable":true,"href":"https:\/\/laguiole.com\/en\/wp-json\/wp\/v2\/product_brand?post=28356"},{"taxonomy":"product_cat","embeddable":true,"href":"https:\/\/laguiole.com\/en\/wp-json\/wp\/v2\/product_cat?post=28356"},{"taxonomy":"product_tag","embeddable":true,"href":"https:\/\/laguiole.com\/en\/wp-json\/wp\/v2\/product_tag?post=28356"}],"curies":[{"name":"wp","href":"https:\/\/api.w.org\/{rel}","templated":true}]}}