{"id":26882,"date":"2025-03-20T13:22:30","date_gmt":"2025-03-20T12:22:30","guid":{"rendered":"https:\/\/laguiole.com\/?post_type=product&#038;p=26882"},"modified":"2025-05-09T13:58:29","modified_gmt":"2025-05-09T11:58:29","slug":"laguiole-en-aubrac-mixed-horn-coffee-or-dessert-spoons-set-of-6","status":"publish","type":"product","link":"https:\/\/laguiole.com\/en\/produit\/laguiole-en-aubrac-mixed-horn-coffee-or-dessert-spoons-set-of-6\/","title":{"rendered":"Laguiole en Aubrac Mixed Horn Coffee or Dessert Spoons (Set of 6)"},"content":{"rendered":"","protected":false},"excerpt":{"rendered":"<p>Set of 6 Laguiole en Aubrac Coffee or Dessert Spoons<br \/>\nHandle: Mixed Horn, Deer Antler, Bone, Ram&#8217;s Crust, Buffalo, Buffalo Crust, Horn Tip<br \/>\nHandle Size: 9 cm<br \/>\nBolsters: 2 Polished Stainless Steel<br \/>\nTotal Spoon Size: 18 cm<br \/>\nHand-Engraved<\/p>\n","protected":false},"featured_media":27043,"template":"","meta":{"_acf_changed":false,"_monsterinsights_skip_tracking":false,"_monsterinsights_sitenote_active":false,"_monsterinsights_sitenote_note":"","_monsterinsights_sitenote_category":0},"product_brand":[],"product_cat":[821,851],"product_tag":[],"class_list":{"0":"post-26882","1":"product","2":"type-product","3":"status-publish","4":"has-post-thumbnail","6":"product_cat-table-cutlery","7":"product_cat-spoons","8":"pa_conditionnement-set-de-6-piecesen","9":"pa_finition-shiny","10":"pa_manche-en-matiere-animale-stag-horn0","11":"pa_manche-en-matiere-animale-bone0","12":"pa_manche-en-matiere-animale-buffle0","13":"pa_manche-en-matiere-animale-buffalo-crust0","14":"pa_manche-en-matiere-animale-horn-tip0","15":"pa_manche-en-matiere-animale-ram-crust0","16":"pa_marque-laguiole-en-aubracfr","17":"pa_mitres-2-bolters","18":"pa_mitres-shiny-stainless-steel","19":"tm-no-options","22":"onbackorder","23":"taxable","24":"shipping-taxable","25":"purchasable","26":"product-type-simple"},"supplier_id":null,"supplier_sku":"","barcode":null,"atum_controlled":true,"out_stock_date":"2025-03-20 13:22:30","out_stock_threshold":null,"inheritable":false,"inbound_stock":0,"stock_on_hold":0,"sold_today":0,"sales_last_days":0,"reserved_stock":0,"customer_returns":0,"warehouse_damage":0,"lost_in_post":0,"other_logs":0,"out_stock_days":403,"lost_sales":0,"has_location":false,"update_date":"2026-04-28T00:38:37","atum_locations":[],"atum_stock_status":"onbackorder","restock_status":false,"low_stock_amount":"","sales_update_date":"2026-04-28T00:38:37","calc_backorders":0,"acf":[],"yoast_head":"<!-- This site is optimized with the Yoast SEO plugin v27.3 - https:\/\/yoast.com\/product\/yoast-seo-wordpress\/ -->\n<title>Laguiole en Aubrac Mixed Horn Coffee or Dessert Spoons (Set of 6) - Laguiole.com \u00ae<\/title>\n<meta name=\"robots\" content=\"index, follow, max-snippet:-1, max-image-preview:large, max-video-preview:-1\" \/>\n<link rel=\"canonical\" href=\"https:\/\/laguiole.com\/en\/produit\/laguiole-en-aubrac-mixed-horn-coffee-or-dessert-spoons-set-of-6\/\" \/>\n<meta property=\"og:locale\" content=\"en_US\" \/>\n<meta property=\"og:type\" content=\"article\" \/>\n<meta property=\"og:title\" content=\"Laguiole en Aubrac Mixed Horn Coffee or Dessert Spoons (Set of 6) - Laguiole.com \u00ae\" \/>\n<meta property=\"og:description\" content=\"Set of 6 Laguiole en Aubrac Coffee or Dessert Spoons Handle: Mixed Horn, Deer Antler, Bone, Ram&#039;s Crust, Buffalo, Buffalo Crust, Horn Tip Handle Size: 9 cm Bolsters: 2 Polished Stainless Steel Total Spoon Size: 18 cm Hand-Engraved\" \/>\n<meta property=\"og:url\" content=\"https:\/\/laguiole.com\/en\/produit\/laguiole-en-aubrac-mixed-horn-coffee-or-dessert-spoons-set-of-6\/\" \/>\n<meta property=\"og:site_name\" content=\"Laguiole.com \u00ae\" \/>\n<meta property=\"article:publisher\" content=\"https:\/\/www.facebook.com\/laguiolecom\/\" \/>\n<meta property=\"article:modified_time\" content=\"2025-05-09T11:58:29+00:00\" \/>\n<meta property=\"og:image\" content=\"https:\/\/laguiole.com\/wp-content\/uploads\/2023\/08\/logo_laguiole_com_\u00ae_300dpi_Noir_et_Blanc.jpg\" \/>\n\t<meta property=\"og:image:width\" content=\"1920\" \/>\n\t<meta property=\"og:image:height\" content=\"854\" \/>\n\t<meta property=\"og:image:type\" content=\"image\/jpeg\" \/>\n<meta name=\"twitter:card\" content=\"summary_large_image\" \/>\n<script type=\"application\/ld+json\" class=\"yoast-schema-graph\">{\"@context\":\"https:\\\/\\\/schema.org\",\"@graph\":[{\"@type\":\"WebPage\",\"@id\":\"https:\\\/\\\/laguiole.com\\\/en\\\/produit\\\/laguiole-en-aubrac-mixed-horn-coffee-or-dessert-spoons-set-of-6\\\/\",\"url\":\"https:\\\/\\\/laguiole.com\\\/en\\\/produit\\\/laguiole-en-aubrac-mixed-horn-coffee-or-dessert-spoons-set-of-6\\\/\",\"name\":\"Laguiole en Aubrac Mixed Horn Coffee or Dessert Spoons (Set of 6) - Laguiole.com \u00ae\",\"isPartOf\":{\"@id\":\"https:\\\/\\\/laguiole.com\\\/en\\\/#website\"},\"primaryImageOfPage\":{\"@id\":\"https:\\\/\\\/laguiole.com\\\/en\\\/produit\\\/laguiole-en-aubrac-mixed-horn-coffee-or-dessert-spoons-set-of-6\\\/#primaryimage\"},\"image\":{\"@id\":\"https:\\\/\\\/laguiole.com\\\/en\\\/produit\\\/laguiole-en-aubrac-mixed-horn-coffee-or-dessert-spoons-set-of-6\\\/#primaryimage\"},\"thumbnailUrl\":\"https:\\\/\\\/laguiole.com\\\/wp-content\\\/uploads\\\/2025\\\/03\\\/Cuilleres_Cafe_ou_Dessert_de_table_Laguiole_en_Aubrac_Cornes_MixtesSet_de_6_00.jpg\",\"datePublished\":\"2025-03-20T12:22:30+00:00\",\"dateModified\":\"2025-05-09T11:58:29+00:00\",\"breadcrumb\":{\"@id\":\"https:\\\/\\\/laguiole.com\\\/en\\\/produit\\\/laguiole-en-aubrac-mixed-horn-coffee-or-dessert-spoons-set-of-6\\\/#breadcrumb\"},\"inLanguage\":\"en-US\",\"potentialAction\":[{\"@type\":\"ReadAction\",\"target\":[\"https:\\\/\\\/laguiole.com\\\/en\\\/produit\\\/laguiole-en-aubrac-mixed-horn-coffee-or-dessert-spoons-set-of-6\\\/\"]}]},{\"@type\":\"ImageObject\",\"inLanguage\":\"en-US\",\"@id\":\"https:\\\/\\\/laguiole.com\\\/en\\\/produit\\\/laguiole-en-aubrac-mixed-horn-coffee-or-dessert-spoons-set-of-6\\\/#primaryimage\",\"url\":\"https:\\\/\\\/laguiole.com\\\/wp-content\\\/uploads\\\/2025\\\/03\\\/Cuilleres_Cafe_ou_Dessert_de_table_Laguiole_en_Aubrac_Cornes_MixtesSet_de_6_00.jpg\",\"contentUrl\":\"https:\\\/\\\/laguiole.com\\\/wp-content\\\/uploads\\\/2025\\\/03\\\/Cuilleres_Cafe_ou_Dessert_de_table_Laguiole_en_Aubrac_Cornes_MixtesSet_de_6_00.jpg\",\"width\":1033,\"height\":1033,\"caption\":\"Cuill\u00e8res \u00e0 Caf\u00e9 ou Dessert de table Laguiole en Aubrac Cornes Mixtes (Set de 6)\"},{\"@type\":\"BreadcrumbList\",\"@id\":\"https:\\\/\\\/laguiole.com\\\/en\\\/produit\\\/laguiole-en-aubrac-mixed-horn-coffee-or-dessert-spoons-set-of-6\\\/#breadcrumb\",\"itemListElement\":[{\"@type\":\"ListItem\",\"position\":1,\"name\":\"Accueil\",\"item\":\"https:\\\/\\\/laguiole.com\\\/en\\\/\"},{\"@type\":\"ListItem\",\"position\":2,\"name\":\"Shop\",\"item\":\"https:\\\/\\\/laguiole.com\\\/en\\\/shop\\\/\"},{\"@type\":\"ListItem\",\"position\":3,\"name\":\"Laguiole en Aubrac Mixed Horn Coffee or Dessert Spoons (Set of 6)\"}]},{\"@type\":\"WebSite\",\"@id\":\"https:\\\/\\\/laguiole.com\\\/en\\\/#website\",\"url\":\"https:\\\/\\\/laguiole.com\\\/en\\\/\",\"name\":\"Laguiole.com\",\"description\":\"Laguiole - Couteau laguiole, Chateau Laguiole, Laguiole en Aubrac, Forge de Laguiole\",\"publisher\":{\"@id\":\"https:\\\/\\\/laguiole.com\\\/en\\\/#organization\"},\"potentialAction\":[{\"@type\":\"SearchAction\",\"target\":{\"@type\":\"EntryPoint\",\"urlTemplate\":\"https:\\\/\\\/laguiole.com\\\/en\\\/?s={search_term_string}\"},\"query-input\":{\"@type\":\"PropertyValueSpecification\",\"valueRequired\":true,\"valueName\":\"search_term_string\"}}],\"inLanguage\":\"en-US\"},{\"@type\":\"Organization\",\"@id\":\"https:\\\/\\\/laguiole.com\\\/en\\\/#organization\",\"name\":\"Laguiole.com\",\"url\":\"https:\\\/\\\/laguiole.com\\\/en\\\/\",\"logo\":{\"@type\":\"ImageObject\",\"inLanguage\":\"en-US\",\"@id\":\"https:\\\/\\\/laguiole.com\\\/en\\\/#\\\/schema\\\/logo\\\/image\\\/\",\"url\":\"https:\\\/\\\/laguiole.com\\\/wp-content\\\/uploads\\\/2021\\\/02\\\/logo_laguiole.com-horizontal.jpg\",\"contentUrl\":\"https:\\\/\\\/laguiole.com\\\/wp-content\\\/uploads\\\/2021\\\/02\\\/logo_laguiole.com-horizontal.jpg\",\"width\":490,\"height\":156,\"caption\":\"Laguiole.com\"},\"image\":{\"@id\":\"https:\\\/\\\/laguiole.com\\\/en\\\/#\\\/schema\\\/logo\\\/image\\\/\"},\"sameAs\":[\"https:\\\/\\\/www.facebook.com\\\/laguiolecom\\\/\",\"https:\\\/\\\/www.instagram.com\\\/laguiolecom\\\/\",\"https:\\\/\\\/www.youtube.com\\\/@laguiolecom\\\/videos\"]}]}<\/script>\n<!-- \/ Yoast SEO plugin. -->","yoast_head_json":{"title":"Laguiole en Aubrac Mixed Horn Coffee or Dessert Spoons (Set of 6) - Laguiole.com \u00ae","robots":{"index":"index","follow":"follow","max-snippet":"max-snippet:-1","max-image-preview":"max-image-preview:large","max-video-preview":"max-video-preview:-1"},"canonical":"https:\/\/laguiole.com\/en\/produit\/laguiole-en-aubrac-mixed-horn-coffee-or-dessert-spoons-set-of-6\/","og_locale":"en_US","og_type":"article","og_title":"Laguiole en Aubrac Mixed Horn Coffee or Dessert Spoons (Set of 6) - Laguiole.com \u00ae","og_description":"Set of 6 Laguiole en Aubrac Coffee or Dessert Spoons Handle: Mixed Horn, Deer Antler, Bone, Ram's Crust, Buffalo, Buffalo Crust, Horn Tip Handle Size: 9 cm Bolsters: 2 Polished Stainless Steel Total Spoon Size: 18 cm Hand-Engraved","og_url":"https:\/\/laguiole.com\/en\/produit\/laguiole-en-aubrac-mixed-horn-coffee-or-dessert-spoons-set-of-6\/","og_site_name":"Laguiole.com \u00ae","article_publisher":"https:\/\/www.facebook.com\/laguiolecom\/","article_modified_time":"2025-05-09T11:58:29+00:00","og_image":[{"width":1920,"height":854,"url":"https:\/\/laguiole.com\/wp-content\/uploads\/2023\/08\/logo_laguiole_com_\u00ae_300dpi_Noir_et_Blanc.jpg","type":"image\/jpeg"}],"twitter_card":"summary_large_image","schema":{"@context":"https:\/\/schema.org","@graph":[{"@type":"WebPage","@id":"https:\/\/laguiole.com\/en\/produit\/laguiole-en-aubrac-mixed-horn-coffee-or-dessert-spoons-set-of-6\/","url":"https:\/\/laguiole.com\/en\/produit\/laguiole-en-aubrac-mixed-horn-coffee-or-dessert-spoons-set-of-6\/","name":"Laguiole en Aubrac Mixed Horn Coffee or Dessert Spoons (Set of 6) - Laguiole.com \u00ae","isPartOf":{"@id":"https:\/\/laguiole.com\/en\/#website"},"primaryImageOfPage":{"@id":"https:\/\/laguiole.com\/en\/produit\/laguiole-en-aubrac-mixed-horn-coffee-or-dessert-spoons-set-of-6\/#primaryimage"},"image":{"@id":"https:\/\/laguiole.com\/en\/produit\/laguiole-en-aubrac-mixed-horn-coffee-or-dessert-spoons-set-of-6\/#primaryimage"},"thumbnailUrl":"https:\/\/laguiole.com\/wp-content\/uploads\/2025\/03\/Cuilleres_Cafe_ou_Dessert_de_table_Laguiole_en_Aubrac_Cornes_MixtesSet_de_6_00.jpg","datePublished":"2025-03-20T12:22:30+00:00","dateModified":"2025-05-09T11:58:29+00:00","breadcrumb":{"@id":"https:\/\/laguiole.com\/en\/produit\/laguiole-en-aubrac-mixed-horn-coffee-or-dessert-spoons-set-of-6\/#breadcrumb"},"inLanguage":"en-US","potentialAction":[{"@type":"ReadAction","target":["https:\/\/laguiole.com\/en\/produit\/laguiole-en-aubrac-mixed-horn-coffee-or-dessert-spoons-set-of-6\/"]}]},{"@type":"ImageObject","inLanguage":"en-US","@id":"https:\/\/laguiole.com\/en\/produit\/laguiole-en-aubrac-mixed-horn-coffee-or-dessert-spoons-set-of-6\/#primaryimage","url":"https:\/\/laguiole.com\/wp-content\/uploads\/2025\/03\/Cuilleres_Cafe_ou_Dessert_de_table_Laguiole_en_Aubrac_Cornes_MixtesSet_de_6_00.jpg","contentUrl":"https:\/\/laguiole.com\/wp-content\/uploads\/2025\/03\/Cuilleres_Cafe_ou_Dessert_de_table_Laguiole_en_Aubrac_Cornes_MixtesSet_de_6_00.jpg","width":1033,"height":1033,"caption":"Cuill\u00e8res \u00e0 Caf\u00e9 ou Dessert de table Laguiole en Aubrac Cornes Mixtes (Set de 6)"},{"@type":"BreadcrumbList","@id":"https:\/\/laguiole.com\/en\/produit\/laguiole-en-aubrac-mixed-horn-coffee-or-dessert-spoons-set-of-6\/#breadcrumb","itemListElement":[{"@type":"ListItem","position":1,"name":"Accueil","item":"https:\/\/laguiole.com\/en\/"},{"@type":"ListItem","position":2,"name":"Shop","item":"https:\/\/laguiole.com\/en\/shop\/"},{"@type":"ListItem","position":3,"name":"Laguiole en Aubrac Mixed Horn Coffee or Dessert Spoons (Set of 6)"}]},{"@type":"WebSite","@id":"https:\/\/laguiole.com\/en\/#website","url":"https:\/\/laguiole.com\/en\/","name":"Laguiole.com","description":"Laguiole - Couteau laguiole, Chateau Laguiole, Laguiole en Aubrac, Forge de Laguiole","publisher":{"@id":"https:\/\/laguiole.com\/en\/#organization"},"potentialAction":[{"@type":"SearchAction","target":{"@type":"EntryPoint","urlTemplate":"https:\/\/laguiole.com\/en\/?s={search_term_string}"},"query-input":{"@type":"PropertyValueSpecification","valueRequired":true,"valueName":"search_term_string"}}],"inLanguage":"en-US"},{"@type":"Organization","@id":"https:\/\/laguiole.com\/en\/#organization","name":"Laguiole.com","url":"https:\/\/laguiole.com\/en\/","logo":{"@type":"ImageObject","inLanguage":"en-US","@id":"https:\/\/laguiole.com\/en\/#\/schema\/logo\/image\/","url":"https:\/\/laguiole.com\/wp-content\/uploads\/2021\/02\/logo_laguiole.com-horizontal.jpg","contentUrl":"https:\/\/laguiole.com\/wp-content\/uploads\/2021\/02\/logo_laguiole.com-horizontal.jpg","width":490,"height":156,"caption":"Laguiole.com"},"image":{"@id":"https:\/\/laguiole.com\/en\/#\/schema\/logo\/image\/"},"sameAs":["https:\/\/www.facebook.com\/laguiolecom\/","https:\/\/www.instagram.com\/laguiolecom\/","https:\/\/www.youtube.com\/@laguiolecom\/videos"]}]}},"_links":{"self":[{"href":"https:\/\/laguiole.com\/en\/wp-json\/wp\/v2\/product\/26882","targetHints":{"allow":["GET"]}}],"collection":[{"href":"https:\/\/laguiole.com\/en\/wp-json\/wp\/v2\/product"}],"about":[{"href":"https:\/\/laguiole.com\/en\/wp-json\/wp\/v2\/types\/product"}],"version-history":[{"count":2,"href":"https:\/\/laguiole.com\/en\/wp-json\/wp\/v2\/product\/26882\/revisions"}],"predecessor-version":[{"id":26885,"href":"https:\/\/laguiole.com\/en\/wp-json\/wp\/v2\/product\/26882\/revisions\/26885"}],"wp:featuredmedia":[{"embeddable":true,"href":"https:\/\/laguiole.com\/en\/wp-json\/wp\/v2\/media\/27043"}],"wp:attachment":[{"href":"https:\/\/laguiole.com\/en\/wp-json\/wp\/v2\/media?parent=26882"}],"wp:term":[{"taxonomy":"product_brand","embeddable":true,"href":"https:\/\/laguiole.com\/en\/wp-json\/wp\/v2\/product_brand?post=26882"},{"taxonomy":"product_cat","embeddable":true,"href":"https:\/\/laguiole.com\/en\/wp-json\/wp\/v2\/product_cat?post=26882"},{"taxonomy":"product_tag","embeddable":true,"href":"https:\/\/laguiole.com\/en\/wp-json\/wp\/v2\/product_tag?post=26882"}],"curies":[{"name":"wp","href":"https:\/\/api.w.org\/{rel}","templated":true}]}}