{"id":22992,"date":"2024-10-31T14:21:31","date_gmt":"2024-10-31T13:21:31","guid":{"rendered":"https:\/\/laguiole.com\/?post_type=product&#038;p=22992"},"modified":"2024-11-27T19:53:34","modified_gmt":"2024-11-27T18:53:34","slug":"laguiole-en-aubrac-knife-1-piece-12cm-walnut-burr-handle-2-brushed-stainless-steel-bolsters-spring-and-hand-guilloche-plates-prestige-fly","status":"publish","type":"product","link":"https:\/\/laguiole.com\/en\/produit\/laguiole-en-aubrac-knife-1-piece-12cm-walnut-burr-handle-2-brushed-stainless-steel-bolsters-spring-and-hand-guilloche-plates-prestige-fly\/","title":{"rendered":"Laguiole en Aubrac knife 1 piece 12cm Walnut burr handle 2 brushed Stainless Steel Bolsters Spring and hand-guilloch\u00e9 plates Prestige Fly"},"content":{"rendered":"<p>Your Laguiole knife is made entirely by the Laguiole artisanal factory in Aubrac.<br \/>\nThe blades, spring, massive brushed stainless steel bolsters and nails are made at the Laguiole forge in Aubrac.<\/p>\n<p>&nbsp;<\/p>\n","protected":false},"excerpt":{"rendered":"<pre id=\"tw-target-text\" class=\"tw-data-text tw-text-large tw-ta\" dir=\"ltr\" data-placeholder=\"Traduction\" data-ved=\"2ahUKEwjTo_KTvLiJAxVFTqQEHd-nLrMQ3ewLegQICRAU\" aria-label=\"Texte traduit\u00a0: Laguiole en Aubrac Folding Knife 1 Piece Walnut Burl Handle 2 Brushed stainless steel bolsters Handle size: 12cm 12C27MOD Brushed Stainless Steel Blade Hand-worked Prestige forged fly Hand-guilloch\u00e9 spring and plate Length of closed knife: 12 cm Blade length: 10 cm Length of open knife: 22 cm\"><span class=\"Y2IQFc\" lang=\"en\">Laguiole en Aubrac Folding Knife 1 Piece\r\nWalnut Burl Handle\r\n2 Brushed stainless steel bolsters\r\nHandle size: 12cm\r\n12C27MOD Brushed Stainless Steel Blade\r\nHand-worked Prestige forged fly\r\nHand-guilloch\u00e9 spring and plate\r\nLength of closed knife: 12 cm\r\nBlade length: 10 cm\r\nLength of open knife: 22 cm<\/span><\/pre>\n","protected":false},"featured_media":24451,"template":"","meta":{"_acf_changed":false,"_monsterinsights_skip_tracking":false,"_monsterinsights_sitenote_active":false,"_monsterinsights_sitenote_note":"","_monsterinsights_sitenote_category":0},"product_brand":[],"product_cat":[156,465,3774],"product_tag":[],"class_list":{"0":"post-22992","1":"product","2":"type-product","3":"status-publish","4":"has-post-thumbnail","6":"product_cat-folding-knives","7":"product_cat-laguiole","8":"product_cat-the-traditional-with-and-without-corkscrew","9":"pa_composition-couteau-blade","10":"pa_lame-brushed-stainless-steelen","11":"pa_manche-en-bois-walnuten","12":"pa_marque-laguiole-en-aubracfr","13":"pa_mitres-2-bolters","14":"pa_mitres-brushed-stainless-steel","15":"pa_mouche-forged","16":"pa_mouche-prestigious","17":"pa_platines-guillochees0","18":"pa_platines-single-plate0","19":"pa_ressort-handcarved","20":"pa_taille-du-manche-12-cm0","21":"tm-has-options","24":"instock","25":"taxable","26":"shipping-taxable","27":"purchasable","28":"product-type-simple"},"supplier_id":null,"supplier_sku":"","barcode":null,"atum_controlled":true,"out_stock_date":null,"out_stock_threshold":null,"inheritable":false,"inbound_stock":null,"stock_on_hold":0,"sold_today":0,"sales_last_days":0,"reserved_stock":null,"customer_returns":null,"warehouse_damage":null,"lost_in_post":null,"other_logs":null,"out_stock_days":0,"lost_sales":0,"has_location":false,"update_date":"2026-04-28T00:38:09","atum_locations":[],"atum_stock_status":"instock","restock_status":false,"low_stock_amount":"","sales_update_date":"2026-04-28T00:38:09","calc_backorders":0,"acf":[],"yoast_head":"<!-- This site is optimized with the Yoast SEO plugin v27.3 - https:\/\/yoast.com\/product\/yoast-seo-wordpress\/ -->\n<title>Laguiole en Aubrac knife 1 piece 12cm Walnut burr handle 2 brushed Stainless Steel Bolsters Spring and hand-guilloch\u00e9 plates Prestige Fly - Laguiole.com \u00ae<\/title>\n<meta name=\"robots\" content=\"index, follow, max-snippet:-1, max-image-preview:large, max-video-preview:-1\" \/>\n<link rel=\"canonical\" href=\"https:\/\/laguiole.com\/en\/produit\/laguiole-en-aubrac-knife-1-piece-12cm-walnut-burr-handle-2-brushed-stainless-steel-bolsters-spring-and-hand-guilloche-plates-prestige-fly\/\" \/>\n<meta property=\"og:locale\" content=\"en_US\" \/>\n<meta property=\"og:type\" content=\"article\" \/>\n<meta property=\"og:title\" content=\"Laguiole en Aubrac knife 1 piece 12cm Walnut burr handle 2 brushed Stainless Steel Bolsters Spring and hand-guilloch\u00e9 plates Prestige Fly - Laguiole.com \u00ae\" \/>\n<meta property=\"og:description\" content=\"Laguiole en Aubrac Folding Knife 1 Piece Walnut Burl Handle 2 Brushed stainless steel bolsters Handle size: 12cm 12C27MOD Brushed Stainless Steel Blade Hand-worked Prestige forged fly Hand-guilloch\u00e9 spring and plate Length of closed knife: 12 cm Blade length: 10 cm Length of open knife: 22 cm\" \/>\n<meta property=\"og:url\" content=\"https:\/\/laguiole.com\/en\/produit\/laguiole-en-aubrac-knife-1-piece-12cm-walnut-burr-handle-2-brushed-stainless-steel-bolsters-spring-and-hand-guilloche-plates-prestige-fly\/\" \/>\n<meta property=\"og:site_name\" content=\"Laguiole.com \u00ae\" \/>\n<meta property=\"article:publisher\" content=\"https:\/\/www.facebook.com\/laguiolecom\/\" \/>\n<meta property=\"article:modified_time\" content=\"2024-11-27T18:53:34+00:00\" \/>\n<meta property=\"og:image\" content=\"https:\/\/laguiole.com\/wp-content\/uploads\/2024\/10\/Couteau_Laguiole_en_Aubrac_1_piece_12cm_Manche_en_Loupe_de_Noyer_2_Mitres_Inox_Brosse_Ressort_et_Platines_guilloches_main_Mouche_Prestige_00.jpg\" \/>\n\t<meta property=\"og:image:width\" content=\"1033\" \/>\n\t<meta property=\"og:image:height\" content=\"1033\" \/>\n\t<meta property=\"og:image:type\" content=\"image\/jpeg\" \/>\n<meta name=\"twitter:card\" content=\"summary_large_image\" \/>\n<meta name=\"twitter:label1\" content=\"Est. reading time\" \/>\n\t<meta name=\"twitter:data1\" content=\"1 minute\" \/>\n<script type=\"application\/ld+json\" class=\"yoast-schema-graph\">{\"@context\":\"https:\\\/\\\/schema.org\",\"@graph\":[{\"@type\":\"WebPage\",\"@id\":\"https:\\\/\\\/laguiole.com\\\/en\\\/produit\\\/laguiole-en-aubrac-knife-1-piece-12cm-walnut-burr-handle-2-brushed-stainless-steel-bolsters-spring-and-hand-guilloche-plates-prestige-fly\\\/\",\"url\":\"https:\\\/\\\/laguiole.com\\\/en\\\/produit\\\/laguiole-en-aubrac-knife-1-piece-12cm-walnut-burr-handle-2-brushed-stainless-steel-bolsters-spring-and-hand-guilloche-plates-prestige-fly\\\/\",\"name\":\"Laguiole en Aubrac knife 1 piece 12cm Walnut burr handle 2 brushed Stainless Steel Bolsters Spring and hand-guilloch\u00e9 plates Prestige Fly - Laguiole.com \u00ae\",\"isPartOf\":{\"@id\":\"https:\\\/\\\/laguiole.com\\\/en\\\/#website\"},\"primaryImageOfPage\":{\"@id\":\"https:\\\/\\\/laguiole.com\\\/en\\\/produit\\\/laguiole-en-aubrac-knife-1-piece-12cm-walnut-burr-handle-2-brushed-stainless-steel-bolsters-spring-and-hand-guilloche-plates-prestige-fly\\\/#primaryimage\"},\"image\":{\"@id\":\"https:\\\/\\\/laguiole.com\\\/en\\\/produit\\\/laguiole-en-aubrac-knife-1-piece-12cm-walnut-burr-handle-2-brushed-stainless-steel-bolsters-spring-and-hand-guilloche-plates-prestige-fly\\\/#primaryimage\"},\"thumbnailUrl\":\"https:\\\/\\\/laguiole.com\\\/wp-content\\\/uploads\\\/2024\\\/10\\\/Couteau_Laguiole_en_Aubrac_1_piece_12cm_Manche_en_Loupe_de_Noyer_2_Mitres_Inox_Brosse_Ressort_et_Platines_guilloches_main_Mouche_Prestige_00.jpg\",\"datePublished\":\"2024-10-31T13:21:31+00:00\",\"dateModified\":\"2024-11-27T18:53:34+00:00\",\"breadcrumb\":{\"@id\":\"https:\\\/\\\/laguiole.com\\\/en\\\/produit\\\/laguiole-en-aubrac-knife-1-piece-12cm-walnut-burr-handle-2-brushed-stainless-steel-bolsters-spring-and-hand-guilloche-plates-prestige-fly\\\/#breadcrumb\"},\"inLanguage\":\"en-US\",\"potentialAction\":[{\"@type\":\"ReadAction\",\"target\":[\"https:\\\/\\\/laguiole.com\\\/en\\\/produit\\\/laguiole-en-aubrac-knife-1-piece-12cm-walnut-burr-handle-2-brushed-stainless-steel-bolsters-spring-and-hand-guilloche-plates-prestige-fly\\\/\"]}]},{\"@type\":\"ImageObject\",\"inLanguage\":\"en-US\",\"@id\":\"https:\\\/\\\/laguiole.com\\\/en\\\/produit\\\/laguiole-en-aubrac-knife-1-piece-12cm-walnut-burr-handle-2-brushed-stainless-steel-bolsters-spring-and-hand-guilloche-plates-prestige-fly\\\/#primaryimage\",\"url\":\"https:\\\/\\\/laguiole.com\\\/wp-content\\\/uploads\\\/2024\\\/10\\\/Couteau_Laguiole_en_Aubrac_1_piece_12cm_Manche_en_Loupe_de_Noyer_2_Mitres_Inox_Brosse_Ressort_et_Platines_guilloches_main_Mouche_Prestige_00.jpg\",\"contentUrl\":\"https:\\\/\\\/laguiole.com\\\/wp-content\\\/uploads\\\/2024\\\/10\\\/Couteau_Laguiole_en_Aubrac_1_piece_12cm_Manche_en_Loupe_de_Noyer_2_Mitres_Inox_Brosse_Ressort_et_Platines_guilloches_main_Mouche_Prestige_00.jpg\",\"width\":1033,\"height\":1033,\"caption\":\"Couteau Laguiole en Aubrac 1 pi\u00e8ce 12cm Manche en Loupe de Noyer 2 Mitres Inox Bross\u00e9 Ressort et Platines guilloch\u00e9s main Mouche Prestige\"},{\"@type\":\"BreadcrumbList\",\"@id\":\"https:\\\/\\\/laguiole.com\\\/en\\\/produit\\\/laguiole-en-aubrac-knife-1-piece-12cm-walnut-burr-handle-2-brushed-stainless-steel-bolsters-spring-and-hand-guilloche-plates-prestige-fly\\\/#breadcrumb\",\"itemListElement\":[{\"@type\":\"ListItem\",\"position\":1,\"name\":\"Accueil\",\"item\":\"https:\\\/\\\/laguiole.com\\\/en\\\/\"},{\"@type\":\"ListItem\",\"position\":2,\"name\":\"Shop\",\"item\":\"https:\\\/\\\/laguiole.com\\\/en\\\/shop\\\/\"},{\"@type\":\"ListItem\",\"position\":3,\"name\":\"Laguiole en Aubrac knife 1 piece 12cm Walnut burr handle 2 brushed Stainless Steel Bolsters Spring and hand-guilloch\u00e9 plates Prestige Fly\"}]},{\"@type\":\"WebSite\",\"@id\":\"https:\\\/\\\/laguiole.com\\\/en\\\/#website\",\"url\":\"https:\\\/\\\/laguiole.com\\\/en\\\/\",\"name\":\"Laguiole.com\",\"description\":\"Laguiole - Couteau laguiole, Chateau Laguiole, Laguiole en Aubrac, Forge de Laguiole\",\"publisher\":{\"@id\":\"https:\\\/\\\/laguiole.com\\\/en\\\/#organization\"},\"potentialAction\":[{\"@type\":\"SearchAction\",\"target\":{\"@type\":\"EntryPoint\",\"urlTemplate\":\"https:\\\/\\\/laguiole.com\\\/en\\\/?s={search_term_string}\"},\"query-input\":{\"@type\":\"PropertyValueSpecification\",\"valueRequired\":true,\"valueName\":\"search_term_string\"}}],\"inLanguage\":\"en-US\"},{\"@type\":\"Organization\",\"@id\":\"https:\\\/\\\/laguiole.com\\\/en\\\/#organization\",\"name\":\"Laguiole.com\",\"url\":\"https:\\\/\\\/laguiole.com\\\/en\\\/\",\"logo\":{\"@type\":\"ImageObject\",\"inLanguage\":\"en-US\",\"@id\":\"https:\\\/\\\/laguiole.com\\\/en\\\/#\\\/schema\\\/logo\\\/image\\\/\",\"url\":\"https:\\\/\\\/laguiole.com\\\/wp-content\\\/uploads\\\/2021\\\/02\\\/logo_laguiole.com-horizontal.jpg\",\"contentUrl\":\"https:\\\/\\\/laguiole.com\\\/wp-content\\\/uploads\\\/2021\\\/02\\\/logo_laguiole.com-horizontal.jpg\",\"width\":490,\"height\":156,\"caption\":\"Laguiole.com\"},\"image\":{\"@id\":\"https:\\\/\\\/laguiole.com\\\/en\\\/#\\\/schema\\\/logo\\\/image\\\/\"},\"sameAs\":[\"https:\\\/\\\/www.facebook.com\\\/laguiolecom\\\/\",\"https:\\\/\\\/www.instagram.com\\\/laguiolecom\\\/\",\"https:\\\/\\\/www.youtube.com\\\/@laguiolecom\\\/videos\"]}]}<\/script>\n<!-- \/ Yoast SEO plugin. -->","yoast_head_json":{"title":"Laguiole en Aubrac knife 1 piece 12cm Walnut burr handle 2 brushed Stainless Steel Bolsters Spring and hand-guilloch\u00e9 plates Prestige Fly - Laguiole.com \u00ae","robots":{"index":"index","follow":"follow","max-snippet":"max-snippet:-1","max-image-preview":"max-image-preview:large","max-video-preview":"max-video-preview:-1"},"canonical":"https:\/\/laguiole.com\/en\/produit\/laguiole-en-aubrac-knife-1-piece-12cm-walnut-burr-handle-2-brushed-stainless-steel-bolsters-spring-and-hand-guilloche-plates-prestige-fly\/","og_locale":"en_US","og_type":"article","og_title":"Laguiole en Aubrac knife 1 piece 12cm Walnut burr handle 2 brushed Stainless Steel Bolsters Spring and hand-guilloch\u00e9 plates Prestige Fly - Laguiole.com \u00ae","og_description":"Laguiole en Aubrac Folding Knife 1 Piece Walnut Burl Handle 2 Brushed stainless steel bolsters Handle size: 12cm 12C27MOD Brushed Stainless Steel Blade Hand-worked Prestige forged fly Hand-guilloch\u00e9 spring and plate Length of closed knife: 12 cm Blade length: 10 cm Length of open knife: 22 cm","og_url":"https:\/\/laguiole.com\/en\/produit\/laguiole-en-aubrac-knife-1-piece-12cm-walnut-burr-handle-2-brushed-stainless-steel-bolsters-spring-and-hand-guilloche-plates-prestige-fly\/","og_site_name":"Laguiole.com \u00ae","article_publisher":"https:\/\/www.facebook.com\/laguiolecom\/","article_modified_time":"2024-11-27T18:53:34+00:00","og_image":[{"width":1033,"height":1033,"url":"https:\/\/laguiole.com\/wp-content\/uploads\/2024\/10\/Couteau_Laguiole_en_Aubrac_1_piece_12cm_Manche_en_Loupe_de_Noyer_2_Mitres_Inox_Brosse_Ressort_et_Platines_guilloches_main_Mouche_Prestige_00.jpg","type":"image\/jpeg"}],"twitter_card":"summary_large_image","twitter_misc":{"Est. reading time":"1 minute"},"schema":{"@context":"https:\/\/schema.org","@graph":[{"@type":"WebPage","@id":"https:\/\/laguiole.com\/en\/produit\/laguiole-en-aubrac-knife-1-piece-12cm-walnut-burr-handle-2-brushed-stainless-steel-bolsters-spring-and-hand-guilloche-plates-prestige-fly\/","url":"https:\/\/laguiole.com\/en\/produit\/laguiole-en-aubrac-knife-1-piece-12cm-walnut-burr-handle-2-brushed-stainless-steel-bolsters-spring-and-hand-guilloche-plates-prestige-fly\/","name":"Laguiole en Aubrac knife 1 piece 12cm Walnut burr handle 2 brushed Stainless Steel Bolsters Spring and hand-guilloch\u00e9 plates Prestige Fly - Laguiole.com \u00ae","isPartOf":{"@id":"https:\/\/laguiole.com\/en\/#website"},"primaryImageOfPage":{"@id":"https:\/\/laguiole.com\/en\/produit\/laguiole-en-aubrac-knife-1-piece-12cm-walnut-burr-handle-2-brushed-stainless-steel-bolsters-spring-and-hand-guilloche-plates-prestige-fly\/#primaryimage"},"image":{"@id":"https:\/\/laguiole.com\/en\/produit\/laguiole-en-aubrac-knife-1-piece-12cm-walnut-burr-handle-2-brushed-stainless-steel-bolsters-spring-and-hand-guilloche-plates-prestige-fly\/#primaryimage"},"thumbnailUrl":"https:\/\/laguiole.com\/wp-content\/uploads\/2024\/10\/Couteau_Laguiole_en_Aubrac_1_piece_12cm_Manche_en_Loupe_de_Noyer_2_Mitres_Inox_Brosse_Ressort_et_Platines_guilloches_main_Mouche_Prestige_00.jpg","datePublished":"2024-10-31T13:21:31+00:00","dateModified":"2024-11-27T18:53:34+00:00","breadcrumb":{"@id":"https:\/\/laguiole.com\/en\/produit\/laguiole-en-aubrac-knife-1-piece-12cm-walnut-burr-handle-2-brushed-stainless-steel-bolsters-spring-and-hand-guilloche-plates-prestige-fly\/#breadcrumb"},"inLanguage":"en-US","potentialAction":[{"@type":"ReadAction","target":["https:\/\/laguiole.com\/en\/produit\/laguiole-en-aubrac-knife-1-piece-12cm-walnut-burr-handle-2-brushed-stainless-steel-bolsters-spring-and-hand-guilloche-plates-prestige-fly\/"]}]},{"@type":"ImageObject","inLanguage":"en-US","@id":"https:\/\/laguiole.com\/en\/produit\/laguiole-en-aubrac-knife-1-piece-12cm-walnut-burr-handle-2-brushed-stainless-steel-bolsters-spring-and-hand-guilloche-plates-prestige-fly\/#primaryimage","url":"https:\/\/laguiole.com\/wp-content\/uploads\/2024\/10\/Couteau_Laguiole_en_Aubrac_1_piece_12cm_Manche_en_Loupe_de_Noyer_2_Mitres_Inox_Brosse_Ressort_et_Platines_guilloches_main_Mouche_Prestige_00.jpg","contentUrl":"https:\/\/laguiole.com\/wp-content\/uploads\/2024\/10\/Couteau_Laguiole_en_Aubrac_1_piece_12cm_Manche_en_Loupe_de_Noyer_2_Mitres_Inox_Brosse_Ressort_et_Platines_guilloches_main_Mouche_Prestige_00.jpg","width":1033,"height":1033,"caption":"Couteau Laguiole en Aubrac 1 pi\u00e8ce 12cm Manche en Loupe de Noyer 2 Mitres Inox Bross\u00e9 Ressort et Platines guilloch\u00e9s main Mouche Prestige"},{"@type":"BreadcrumbList","@id":"https:\/\/laguiole.com\/en\/produit\/laguiole-en-aubrac-knife-1-piece-12cm-walnut-burr-handle-2-brushed-stainless-steel-bolsters-spring-and-hand-guilloche-plates-prestige-fly\/#breadcrumb","itemListElement":[{"@type":"ListItem","position":1,"name":"Accueil","item":"https:\/\/laguiole.com\/en\/"},{"@type":"ListItem","position":2,"name":"Shop","item":"https:\/\/laguiole.com\/en\/shop\/"},{"@type":"ListItem","position":3,"name":"Laguiole en Aubrac knife 1 piece 12cm Walnut burr handle 2 brushed Stainless Steel Bolsters Spring and hand-guilloch\u00e9 plates Prestige Fly"}]},{"@type":"WebSite","@id":"https:\/\/laguiole.com\/en\/#website","url":"https:\/\/laguiole.com\/en\/","name":"Laguiole.com","description":"Laguiole - Couteau laguiole, Chateau Laguiole, Laguiole en Aubrac, Forge de Laguiole","publisher":{"@id":"https:\/\/laguiole.com\/en\/#organization"},"potentialAction":[{"@type":"SearchAction","target":{"@type":"EntryPoint","urlTemplate":"https:\/\/laguiole.com\/en\/?s={search_term_string}"},"query-input":{"@type":"PropertyValueSpecification","valueRequired":true,"valueName":"search_term_string"}}],"inLanguage":"en-US"},{"@type":"Organization","@id":"https:\/\/laguiole.com\/en\/#organization","name":"Laguiole.com","url":"https:\/\/laguiole.com\/en\/","logo":{"@type":"ImageObject","inLanguage":"en-US","@id":"https:\/\/laguiole.com\/en\/#\/schema\/logo\/image\/","url":"https:\/\/laguiole.com\/wp-content\/uploads\/2021\/02\/logo_laguiole.com-horizontal.jpg","contentUrl":"https:\/\/laguiole.com\/wp-content\/uploads\/2021\/02\/logo_laguiole.com-horizontal.jpg","width":490,"height":156,"caption":"Laguiole.com"},"image":{"@id":"https:\/\/laguiole.com\/en\/#\/schema\/logo\/image\/"},"sameAs":["https:\/\/www.facebook.com\/laguiolecom\/","https:\/\/www.instagram.com\/laguiolecom\/","https:\/\/www.youtube.com\/@laguiolecom\/videos"]}]}},"_links":{"self":[{"href":"https:\/\/laguiole.com\/en\/wp-json\/wp\/v2\/product\/22992","targetHints":{"allow":["GET"]}}],"collection":[{"href":"https:\/\/laguiole.com\/en\/wp-json\/wp\/v2\/product"}],"about":[{"href":"https:\/\/laguiole.com\/en\/wp-json\/wp\/v2\/types\/product"}],"version-history":[{"count":3,"href":"https:\/\/laguiole.com\/en\/wp-json\/wp\/v2\/product\/22992\/revisions"}],"predecessor-version":[{"id":22996,"href":"https:\/\/laguiole.com\/en\/wp-json\/wp\/v2\/product\/22992\/revisions\/22996"}],"wp:featuredmedia":[{"embeddable":true,"href":"https:\/\/laguiole.com\/en\/wp-json\/wp\/v2\/media\/24451"}],"wp:attachment":[{"href":"https:\/\/laguiole.com\/en\/wp-json\/wp\/v2\/media?parent=22992"}],"wp:term":[{"taxonomy":"product_brand","embeddable":true,"href":"https:\/\/laguiole.com\/en\/wp-json\/wp\/v2\/product_brand?post=22992"},{"taxonomy":"product_cat","embeddable":true,"href":"https:\/\/laguiole.com\/en\/wp-json\/wp\/v2\/product_cat?post=22992"},{"taxonomy":"product_tag","embeddable":true,"href":"https:\/\/laguiole.com\/en\/wp-json\/wp\/v2\/product_tag?post=22992"}],"curies":[{"name":"wp","href":"https:\/\/api.w.org\/{rel}","templated":true}]}}