{"id":22929,"date":"2024-10-30T13:35:41","date_gmt":"2024-10-30T12:35:41","guid":{"rendered":"https:\/\/laguiole.com\/?post_type=product&#038;p=22929"},"modified":"2026-02-19T15:55:02","modified_gmt":"2026-02-19T14:55:02","slug":"laguiole-en-aubrac-knife-1-piece-12cm-morta-handle-double-plates-and-guilloche-spring-2-bolsters-prestige-forged-fly-brushed-finish","status":"publish","type":"product","link":"https:\/\/laguiole.com\/en\/produit\/laguiole-en-aubrac-knife-1-piece-12cm-morta-handle-double-plates-and-guilloche-spring-2-bolsters-prestige-forged-fly-brushed-finish\/","title":{"rendered":"Laguiole Aubrac Knife 1 piece 12cm Morta Handle Double Guilloch\u00e9 plates and spring 2 bolsters Prestige Forged Fly Brushed finish"},"content":{"rendered":"<p>Your Laguiole knife is made by the Laguiole artisanal factory in Aubrac.<br \/>\nThe blades, springs, solid stainless steel bolsters and nails are made at the Laguiole forge in Aubrac.<\/p>\n<p>&nbsp;<\/p>\n","protected":false},"excerpt":{"rendered":"<p>Laguiole Folding Knife in Aubrac Double Plates<br \/>\nBlade Brushed Stainless Steel 12C27MOD<br \/>\nMorta<br \/>\nHandle 2 Bolsters Brushed<br \/>\nStainless Steel Fly Forged and Chiseled by Hand in Brushed<br \/>\nStainless Steel Forged and Guilloch\u00e9 Spring Forged and Guilloch\u00e9 Hand Brushed<br \/>\nStainless Steel Double Guilloch\u00e9 Plates Brushed Stainless<br \/>\nSteel Hand Length of Knife Closed: 12 cm<br \/>\nLength of Blade: 10 cm<br \/>\nLength of Knife Open:  22 cm<\/p>\n","protected":false},"featured_media":45324,"template":"","meta":{"_acf_changed":false,"_monsterinsights_skip_tracking":false,"_monsterinsights_sitenote_active":false,"_monsterinsights_sitenote_note":"","_monsterinsights_sitenote_category":0},"product_brand":[],"product_cat":[156,465,835],"product_tag":[],"class_list":{"0":"post-22929","1":"product","2":"type-product","3":"status-publish","4":"has-post-thumbnail","6":"product_cat-folding-knives","7":"product_cat-laguiole","8":"product_cat-the-specials","9":"pa_composition-couteau-blade","10":"pa_finition-brusheden","11":"pa_lame-brushed-stainless-steelen","12":"pa_manche-en-bois-mortaen","13":"pa_marque-laguiole-en-aubracfr","14":"pa_mitres-2-bolters","15":"pa_mitres-brushed-stainless-steel","16":"pa_mouche-forged","17":"pa_mouche-prestigious","18":"pa_platines-double-plates0","19":"pa_platines-guillochees0","20":"pa_ressort-handcarved","21":"pa_taille-du-manche-12-cm0","22":"tm-has-options","25":"instock","26":"taxable","27":"shipping-taxable","28":"purchasable","29":"product-type-simple"},"supplier_id":null,"supplier_sku":"","barcode":null,"atum_controlled":true,"out_stock_date":null,"out_stock_threshold":null,"inheritable":false,"inbound_stock":0,"stock_on_hold":0,"sold_today":0,"sales_last_days":0,"reserved_stock":0,"customer_returns":0,"warehouse_damage":0,"lost_in_post":0,"other_logs":0,"out_stock_days":0,"lost_sales":0,"has_location":false,"update_date":"2026-04-28T00:36:14","atum_locations":[],"atum_stock_status":"instock","restock_status":false,"low_stock_amount":"","sales_update_date":"2026-04-28T00:36:14","calc_backorders":0,"acf":[],"yoast_head":"<!-- This site is optimized with the Yoast SEO plugin v27.3 - https:\/\/yoast.com\/product\/yoast-seo-wordpress\/ -->\n<title>Laguiole Aubrac Knife 1 piece 12cm Morta Handle Double Guilloch\u00e9 plates and spring 2 bolsters Prestige Forged Fly Brushed finish - Laguiole.com \u00ae<\/title>\n<meta name=\"robots\" content=\"index, follow, max-snippet:-1, max-image-preview:large, max-video-preview:-1\" \/>\n<link rel=\"canonical\" href=\"https:\/\/laguiole.com\/en\/produit\/laguiole-en-aubrac-knife-1-piece-12cm-morta-handle-double-plates-and-guilloche-spring-2-bolsters-prestige-forged-fly-brushed-finish\/\" \/>\n<meta property=\"og:locale\" content=\"en_US\" \/>\n<meta property=\"og:type\" content=\"article\" \/>\n<meta property=\"og:title\" content=\"Laguiole Aubrac Knife 1 piece 12cm Morta Handle Double Guilloch\u00e9 plates and spring 2 bolsters Prestige Forged Fly Brushed finish - Laguiole.com \u00ae\" \/>\n<meta property=\"og:description\" content=\"Laguiole Folding Knife in Aubrac Double Plates Blade Brushed Stainless Steel 12C27MOD Morta Handle 2 Bolsters Brushed Stainless Steel Fly Forged and Chiseled by Hand in Brushed Stainless Steel Forged and Guilloch\u00e9 Spring Forged and Guilloch\u00e9 Hand Brushed Stainless Steel Double Guilloch\u00e9 Plates Brushed Stainless Steel Hand Length of Knife Closed: 12 cm Length of Blade: 10 cm Length of Knife Open: 22 cm\" \/>\n<meta property=\"og:url\" content=\"https:\/\/laguiole.com\/en\/produit\/laguiole-en-aubrac-knife-1-piece-12cm-morta-handle-double-plates-and-guilloche-spring-2-bolsters-prestige-forged-fly-brushed-finish\/\" \/>\n<meta property=\"og:site_name\" content=\"Laguiole.com \u00ae\" \/>\n<meta property=\"article:publisher\" content=\"https:\/\/www.facebook.com\/laguiolecom\/\" \/>\n<meta property=\"article:modified_time\" content=\"2026-02-19T14:55:02+00:00\" \/>\n<meta property=\"og:image\" content=\"https:\/\/laguiole.com\/wp-content\/uploads\/2024\/10\/Couteau_Laguiole_en_Aubrac_1_piece_12cm_Manche_en_Morta_Double_Platines_00.jpg\" \/>\n\t<meta property=\"og:image:width\" content=\"1057\" \/>\n\t<meta property=\"og:image:height\" content=\"1057\" \/>\n\t<meta property=\"og:image:type\" content=\"image\/jpeg\" \/>\n<meta name=\"twitter:card\" content=\"summary_large_image\" \/>\n<meta name=\"twitter:label1\" content=\"Est. reading time\" \/>\n\t<meta name=\"twitter:data1\" content=\"1 minute\" \/>\n<script type=\"application\/ld+json\" class=\"yoast-schema-graph\">{\"@context\":\"https:\\\/\\\/schema.org\",\"@graph\":[{\"@type\":\"WebPage\",\"@id\":\"https:\\\/\\\/laguiole.com\\\/en\\\/produit\\\/laguiole-en-aubrac-knife-1-piece-12cm-morta-handle-double-plates-and-guilloche-spring-2-bolsters-prestige-forged-fly-brushed-finish\\\/\",\"url\":\"https:\\\/\\\/laguiole.com\\\/en\\\/produit\\\/laguiole-en-aubrac-knife-1-piece-12cm-morta-handle-double-plates-and-guilloche-spring-2-bolsters-prestige-forged-fly-brushed-finish\\\/\",\"name\":\"Laguiole Aubrac Knife 1 piece 12cm Morta Handle Double Guilloch\u00e9 plates and spring 2 bolsters Prestige Forged Fly Brushed finish - Laguiole.com \u00ae\",\"isPartOf\":{\"@id\":\"https:\\\/\\\/laguiole.com\\\/en\\\/#website\"},\"primaryImageOfPage\":{\"@id\":\"https:\\\/\\\/laguiole.com\\\/en\\\/produit\\\/laguiole-en-aubrac-knife-1-piece-12cm-morta-handle-double-plates-and-guilloche-spring-2-bolsters-prestige-forged-fly-brushed-finish\\\/#primaryimage\"},\"image\":{\"@id\":\"https:\\\/\\\/laguiole.com\\\/en\\\/produit\\\/laguiole-en-aubrac-knife-1-piece-12cm-morta-handle-double-plates-and-guilloche-spring-2-bolsters-prestige-forged-fly-brushed-finish\\\/#primaryimage\"},\"thumbnailUrl\":\"https:\\\/\\\/laguiole.com\\\/wp-content\\\/uploads\\\/2024\\\/10\\\/Couteau_Laguiole_en_Aubrac_1_piece_12cm_Manche_en_Morta_Double_Platines_00.jpg\",\"datePublished\":\"2024-10-30T12:35:41+00:00\",\"dateModified\":\"2026-02-19T14:55:02+00:00\",\"breadcrumb\":{\"@id\":\"https:\\\/\\\/laguiole.com\\\/en\\\/produit\\\/laguiole-en-aubrac-knife-1-piece-12cm-morta-handle-double-plates-and-guilloche-spring-2-bolsters-prestige-forged-fly-brushed-finish\\\/#breadcrumb\"},\"inLanguage\":\"en-US\",\"potentialAction\":[{\"@type\":\"ReadAction\",\"target\":[\"https:\\\/\\\/laguiole.com\\\/en\\\/produit\\\/laguiole-en-aubrac-knife-1-piece-12cm-morta-handle-double-plates-and-guilloche-spring-2-bolsters-prestige-forged-fly-brushed-finish\\\/\"]}]},{\"@type\":\"ImageObject\",\"inLanguage\":\"en-US\",\"@id\":\"https:\\\/\\\/laguiole.com\\\/en\\\/produit\\\/laguiole-en-aubrac-knife-1-piece-12cm-morta-handle-double-plates-and-guilloche-spring-2-bolsters-prestige-forged-fly-brushed-finish\\\/#primaryimage\",\"url\":\"https:\\\/\\\/laguiole.com\\\/wp-content\\\/uploads\\\/2024\\\/10\\\/Couteau_Laguiole_en_Aubrac_1_piece_12cm_Manche_en_Morta_Double_Platines_00.jpg\",\"contentUrl\":\"https:\\\/\\\/laguiole.com\\\/wp-content\\\/uploads\\\/2024\\\/10\\\/Couteau_Laguiole_en_Aubrac_1_piece_12cm_Manche_en_Morta_Double_Platines_00.jpg\",\"width\":1057,\"height\":1057,\"caption\":\"Laguiole Aubrac Knife 1 piece 12cm Morta Handle Double Guilloch\u00e9 plates and spring 2 bolsters Prestige Forged Fly Brushed finish\"},{\"@type\":\"BreadcrumbList\",\"@id\":\"https:\\\/\\\/laguiole.com\\\/en\\\/produit\\\/laguiole-en-aubrac-knife-1-piece-12cm-morta-handle-double-plates-and-guilloche-spring-2-bolsters-prestige-forged-fly-brushed-finish\\\/#breadcrumb\",\"itemListElement\":[{\"@type\":\"ListItem\",\"position\":1,\"name\":\"Accueil\",\"item\":\"https:\\\/\\\/laguiole.com\\\/en\\\/\"},{\"@type\":\"ListItem\",\"position\":2,\"name\":\"Shop\",\"item\":\"https:\\\/\\\/laguiole.com\\\/en\\\/shop\\\/\"},{\"@type\":\"ListItem\",\"position\":3,\"name\":\"Laguiole Aubrac Knife 1 piece 12cm Morta Handle Double Guilloch\u00e9 plates and spring 2 bolsters Prestige Forged Fly Brushed finish\"}]},{\"@type\":\"WebSite\",\"@id\":\"https:\\\/\\\/laguiole.com\\\/en\\\/#website\",\"url\":\"https:\\\/\\\/laguiole.com\\\/en\\\/\",\"name\":\"Laguiole.com\",\"description\":\"Laguiole - Couteau laguiole, Chateau Laguiole, Laguiole en Aubrac, Forge de Laguiole\",\"publisher\":{\"@id\":\"https:\\\/\\\/laguiole.com\\\/en\\\/#organization\"},\"potentialAction\":[{\"@type\":\"SearchAction\",\"target\":{\"@type\":\"EntryPoint\",\"urlTemplate\":\"https:\\\/\\\/laguiole.com\\\/en\\\/?s={search_term_string}\"},\"query-input\":{\"@type\":\"PropertyValueSpecification\",\"valueRequired\":true,\"valueName\":\"search_term_string\"}}],\"inLanguage\":\"en-US\"},{\"@type\":\"Organization\",\"@id\":\"https:\\\/\\\/laguiole.com\\\/en\\\/#organization\",\"name\":\"Laguiole.com\",\"url\":\"https:\\\/\\\/laguiole.com\\\/en\\\/\",\"logo\":{\"@type\":\"ImageObject\",\"inLanguage\":\"en-US\",\"@id\":\"https:\\\/\\\/laguiole.com\\\/en\\\/#\\\/schema\\\/logo\\\/image\\\/\",\"url\":\"https:\\\/\\\/laguiole.com\\\/wp-content\\\/uploads\\\/2021\\\/02\\\/logo_laguiole.com-horizontal.jpg\",\"contentUrl\":\"https:\\\/\\\/laguiole.com\\\/wp-content\\\/uploads\\\/2021\\\/02\\\/logo_laguiole.com-horizontal.jpg\",\"width\":490,\"height\":156,\"caption\":\"Laguiole.com\"},\"image\":{\"@id\":\"https:\\\/\\\/laguiole.com\\\/en\\\/#\\\/schema\\\/logo\\\/image\\\/\"},\"sameAs\":[\"https:\\\/\\\/www.facebook.com\\\/laguiolecom\\\/\",\"https:\\\/\\\/www.instagram.com\\\/laguiolecom\\\/\",\"https:\\\/\\\/www.youtube.com\\\/@laguiolecom\\\/videos\"]}]}<\/script>\n<!-- \/ Yoast SEO plugin. -->","yoast_head_json":{"title":"Laguiole Aubrac Knife 1 piece 12cm Morta Handle Double Guilloch\u00e9 plates and spring 2 bolsters Prestige Forged Fly Brushed finish - Laguiole.com \u00ae","robots":{"index":"index","follow":"follow","max-snippet":"max-snippet:-1","max-image-preview":"max-image-preview:large","max-video-preview":"max-video-preview:-1"},"canonical":"https:\/\/laguiole.com\/en\/produit\/laguiole-en-aubrac-knife-1-piece-12cm-morta-handle-double-plates-and-guilloche-spring-2-bolsters-prestige-forged-fly-brushed-finish\/","og_locale":"en_US","og_type":"article","og_title":"Laguiole Aubrac Knife 1 piece 12cm Morta Handle Double Guilloch\u00e9 plates and spring 2 bolsters Prestige Forged Fly Brushed finish - Laguiole.com \u00ae","og_description":"Laguiole Folding Knife in Aubrac Double Plates Blade Brushed Stainless Steel 12C27MOD Morta Handle 2 Bolsters Brushed Stainless Steel Fly Forged and Chiseled by Hand in Brushed Stainless Steel Forged and Guilloch\u00e9 Spring Forged and Guilloch\u00e9 Hand Brushed Stainless Steel Double Guilloch\u00e9 Plates Brushed Stainless Steel Hand Length of Knife Closed: 12 cm Length of Blade: 10 cm Length of Knife Open: 22 cm","og_url":"https:\/\/laguiole.com\/en\/produit\/laguiole-en-aubrac-knife-1-piece-12cm-morta-handle-double-plates-and-guilloche-spring-2-bolsters-prestige-forged-fly-brushed-finish\/","og_site_name":"Laguiole.com \u00ae","article_publisher":"https:\/\/www.facebook.com\/laguiolecom\/","article_modified_time":"2026-02-19T14:55:02+00:00","og_image":[{"width":1057,"height":1057,"url":"https:\/\/laguiole.com\/wp-content\/uploads\/2024\/10\/Couteau_Laguiole_en_Aubrac_1_piece_12cm_Manche_en_Morta_Double_Platines_00.jpg","type":"image\/jpeg"}],"twitter_card":"summary_large_image","twitter_misc":{"Est. reading time":"1 minute"},"schema":{"@context":"https:\/\/schema.org","@graph":[{"@type":"WebPage","@id":"https:\/\/laguiole.com\/en\/produit\/laguiole-en-aubrac-knife-1-piece-12cm-morta-handle-double-plates-and-guilloche-spring-2-bolsters-prestige-forged-fly-brushed-finish\/","url":"https:\/\/laguiole.com\/en\/produit\/laguiole-en-aubrac-knife-1-piece-12cm-morta-handle-double-plates-and-guilloche-spring-2-bolsters-prestige-forged-fly-brushed-finish\/","name":"Laguiole Aubrac Knife 1 piece 12cm Morta Handle Double Guilloch\u00e9 plates and spring 2 bolsters Prestige Forged Fly Brushed finish - Laguiole.com \u00ae","isPartOf":{"@id":"https:\/\/laguiole.com\/en\/#website"},"primaryImageOfPage":{"@id":"https:\/\/laguiole.com\/en\/produit\/laguiole-en-aubrac-knife-1-piece-12cm-morta-handle-double-plates-and-guilloche-spring-2-bolsters-prestige-forged-fly-brushed-finish\/#primaryimage"},"image":{"@id":"https:\/\/laguiole.com\/en\/produit\/laguiole-en-aubrac-knife-1-piece-12cm-morta-handle-double-plates-and-guilloche-spring-2-bolsters-prestige-forged-fly-brushed-finish\/#primaryimage"},"thumbnailUrl":"https:\/\/laguiole.com\/wp-content\/uploads\/2024\/10\/Couteau_Laguiole_en_Aubrac_1_piece_12cm_Manche_en_Morta_Double_Platines_00.jpg","datePublished":"2024-10-30T12:35:41+00:00","dateModified":"2026-02-19T14:55:02+00:00","breadcrumb":{"@id":"https:\/\/laguiole.com\/en\/produit\/laguiole-en-aubrac-knife-1-piece-12cm-morta-handle-double-plates-and-guilloche-spring-2-bolsters-prestige-forged-fly-brushed-finish\/#breadcrumb"},"inLanguage":"en-US","potentialAction":[{"@type":"ReadAction","target":["https:\/\/laguiole.com\/en\/produit\/laguiole-en-aubrac-knife-1-piece-12cm-morta-handle-double-plates-and-guilloche-spring-2-bolsters-prestige-forged-fly-brushed-finish\/"]}]},{"@type":"ImageObject","inLanguage":"en-US","@id":"https:\/\/laguiole.com\/en\/produit\/laguiole-en-aubrac-knife-1-piece-12cm-morta-handle-double-plates-and-guilloche-spring-2-bolsters-prestige-forged-fly-brushed-finish\/#primaryimage","url":"https:\/\/laguiole.com\/wp-content\/uploads\/2024\/10\/Couteau_Laguiole_en_Aubrac_1_piece_12cm_Manche_en_Morta_Double_Platines_00.jpg","contentUrl":"https:\/\/laguiole.com\/wp-content\/uploads\/2024\/10\/Couteau_Laguiole_en_Aubrac_1_piece_12cm_Manche_en_Morta_Double_Platines_00.jpg","width":1057,"height":1057,"caption":"Laguiole Aubrac Knife 1 piece 12cm Morta Handle Double Guilloch\u00e9 plates and spring 2 bolsters Prestige Forged Fly Brushed finish"},{"@type":"BreadcrumbList","@id":"https:\/\/laguiole.com\/en\/produit\/laguiole-en-aubrac-knife-1-piece-12cm-morta-handle-double-plates-and-guilloche-spring-2-bolsters-prestige-forged-fly-brushed-finish\/#breadcrumb","itemListElement":[{"@type":"ListItem","position":1,"name":"Accueil","item":"https:\/\/laguiole.com\/en\/"},{"@type":"ListItem","position":2,"name":"Shop","item":"https:\/\/laguiole.com\/en\/shop\/"},{"@type":"ListItem","position":3,"name":"Laguiole Aubrac Knife 1 piece 12cm Morta Handle Double Guilloch\u00e9 plates and spring 2 bolsters Prestige Forged Fly Brushed finish"}]},{"@type":"WebSite","@id":"https:\/\/laguiole.com\/en\/#website","url":"https:\/\/laguiole.com\/en\/","name":"Laguiole.com","description":"Laguiole - Couteau laguiole, Chateau Laguiole, Laguiole en Aubrac, Forge de Laguiole","publisher":{"@id":"https:\/\/laguiole.com\/en\/#organization"},"potentialAction":[{"@type":"SearchAction","target":{"@type":"EntryPoint","urlTemplate":"https:\/\/laguiole.com\/en\/?s={search_term_string}"},"query-input":{"@type":"PropertyValueSpecification","valueRequired":true,"valueName":"search_term_string"}}],"inLanguage":"en-US"},{"@type":"Organization","@id":"https:\/\/laguiole.com\/en\/#organization","name":"Laguiole.com","url":"https:\/\/laguiole.com\/en\/","logo":{"@type":"ImageObject","inLanguage":"en-US","@id":"https:\/\/laguiole.com\/en\/#\/schema\/logo\/image\/","url":"https:\/\/laguiole.com\/wp-content\/uploads\/2021\/02\/logo_laguiole.com-horizontal.jpg","contentUrl":"https:\/\/laguiole.com\/wp-content\/uploads\/2021\/02\/logo_laguiole.com-horizontal.jpg","width":490,"height":156,"caption":"Laguiole.com"},"image":{"@id":"https:\/\/laguiole.com\/en\/#\/schema\/logo\/image\/"},"sameAs":["https:\/\/www.facebook.com\/laguiolecom\/","https:\/\/www.instagram.com\/laguiolecom\/","https:\/\/www.youtube.com\/@laguiolecom\/videos"]}]}},"_links":{"self":[{"href":"https:\/\/laguiole.com\/en\/wp-json\/wp\/v2\/product\/22929","targetHints":{"allow":["GET"]}}],"collection":[{"href":"https:\/\/laguiole.com\/en\/wp-json\/wp\/v2\/product"}],"about":[{"href":"https:\/\/laguiole.com\/en\/wp-json\/wp\/v2\/types\/product"}],"version-history":[{"count":3,"href":"https:\/\/laguiole.com\/en\/wp-json\/wp\/v2\/product\/22929\/revisions"}],"predecessor-version":[{"id":50099,"href":"https:\/\/laguiole.com\/en\/wp-json\/wp\/v2\/product\/22929\/revisions\/50099"}],"wp:featuredmedia":[{"embeddable":true,"href":"https:\/\/laguiole.com\/en\/wp-json\/wp\/v2\/media\/45324"}],"wp:attachment":[{"href":"https:\/\/laguiole.com\/en\/wp-json\/wp\/v2\/media?parent=22929"}],"wp:term":[{"taxonomy":"product_brand","embeddable":true,"href":"https:\/\/laguiole.com\/en\/wp-json\/wp\/v2\/product_brand?post=22929"},{"taxonomy":"product_cat","embeddable":true,"href":"https:\/\/laguiole.com\/en\/wp-json\/wp\/v2\/product_cat?post=22929"},{"taxonomy":"product_tag","embeddable":true,"href":"https:\/\/laguiole.com\/en\/wp-json\/wp\/v2\/product_tag?post=22929"}],"curies":[{"name":"wp","href":"https:\/\/api.w.org\/{rel}","templated":true}]}}