{"id":20906,"date":"2024-06-01T21:50:37","date_gmt":"2024-06-01T19:50:37","guid":{"rendered":"https:\/\/laguiole.com\/?post_type=product&#038;p=20906"},"modified":"2024-10-23T17:33:44","modified_gmt":"2024-10-23T15:33:44","slug":"the-20-20-folding-knife-full-red-stained-stabilized-oak-handle-11cm-customizable-smooth-spring","status":"publish","type":"product","link":"https:\/\/laguiole.com\/en\/produit\/the-20-20-folding-knife-full-red-stained-stabilized-oak-handle-11cm-customizable-smooth-spring\/","title":{"rendered":"The 20\/20 Folding Knife Full Red Stained Stabilized Oak Handle 11cm Customizable Smooth Spring"},"content":{"rendered":"<p>The &#8220;20\/20&#8221; knife is distinguished by its very simple and refined shape. Its rectilinear design, its full handle and its visible screws reflect a contemporary and current aesthetic, in perfect harmony with modern trends.<br \/>\nIt is a thin and light knife that fits more easily in a pocket.<br \/>\nThe shape of the blade changes from usual blade shapes.<br \/>\nIt is not sharp like a \u201cLaguiole\u201d.<br \/>\nThis form offers new possibilities, such as spreading butter on toast.<br \/>\nVery good grip, original and modern knife suitable for men and women!<\/p>\n","protected":false},"excerpt":{"rendered":"<p>Le 20\/20 Folding Knife by Le Fid\u00e8le<br \/>\nFull Handle Red Stained Stabilized Oak<br \/>\nHandle Customizable by engraving on blade and\/or spring<br \/>\nHandle length 10.8 cm Width 4mm<br \/>\n12C27 stainless steel blade, straight shape and rounded tip<br \/>\nBlade length 9.2 cm Blade width 2.5 mm<br \/>\nWeight of the 20\/20: 89 grams<\/p>\n","protected":false},"featured_media":20936,"template":"","meta":{"_acf_changed":false,"_monsterinsights_skip_tracking":false,"_monsterinsights_sitenote_active":false,"_monsterinsights_sitenote_note":"","_monsterinsights_sitenote_category":0},"product_brand":[],"product_cat":[4717,156,4543],"product_tag":[5895],"class_list":{"0":"post-20906","1":"product","2":"type-product","3":"status-publish","4":"has-post-thumbnail","6":"product_cat-spring-engrave","7":"product_cat-folding-knives","8":"product_cat-20-20-folding-knives","9":"product_tag-springengraving","10":"pa_manche-en-bois-oaken","11":"pa_marque-le-fidele","12":"pa_mitres-full-handle","13":"pa_platines-single-plate0","14":"pa_ressort-smooth","15":"pa_ressort-to-personalize-laser-engraving","16":"tm-has-options","19":"instock","20":"taxable","21":"shipping-taxable","22":"purchasable","23":"product-type-simple"},"supplier_id":null,"supplier_sku":"","barcode":null,"atum_controlled":true,"out_stock_date":null,"out_stock_threshold":null,"inheritable":false,"inbound_stock":0,"stock_on_hold":0,"sold_today":0,"sales_last_days":0,"reserved_stock":0,"customer_returns":0,"warehouse_damage":0,"lost_in_post":0,"other_logs":0,"out_stock_days":0,"lost_sales":0,"has_location":false,"update_date":"2026-04-28T00:38:16","atum_locations":[],"atum_stock_status":"instock","restock_status":false,"low_stock_amount":"","sales_update_date":"2026-04-28T00:38:15","calc_backorders":null,"acf":[],"yoast_head":"<!-- This site is optimized with the Yoast SEO plugin v27.3 - https:\/\/yoast.com\/product\/yoast-seo-wordpress\/ -->\n<title>The 20\/20 Folding Knife Full Red Stained Stabilized Oak Handle 11cm Customizable Smooth Spring - Laguiole.com \u00ae<\/title>\n<meta name=\"robots\" content=\"index, follow, max-snippet:-1, max-image-preview:large, max-video-preview:-1\" \/>\n<link rel=\"canonical\" href=\"https:\/\/laguiole.com\/en\/produit\/the-20-20-folding-knife-full-red-stained-stabilized-oak-handle-11cm-customizable-smooth-spring\/\" \/>\n<meta property=\"og:locale\" content=\"en_US\" \/>\n<meta property=\"og:type\" content=\"article\" \/>\n<meta property=\"og:title\" content=\"The 20\/20 Folding Knife Full Red Stained Stabilized Oak Handle 11cm Customizable Smooth Spring - Laguiole.com \u00ae\" \/>\n<meta property=\"og:description\" content=\"Le 20\/20 Folding Knife by Le Fid\u00e8le Full Handle Red Stained Stabilized Oak Handle Customizable by engraving on blade and\/or spring Handle length 10.8 cm Width 4mm 12C27 stainless steel blade, straight shape and rounded tip Blade length 9.2 cm Blade width 2.5 mm Weight of the 20\/20: 89 grams\" \/>\n<meta property=\"og:url\" content=\"https:\/\/laguiole.com\/en\/produit\/the-20-20-folding-knife-full-red-stained-stabilized-oak-handle-11cm-customizable-smooth-spring\/\" \/>\n<meta property=\"og:site_name\" content=\"Laguiole.com \u00ae\" \/>\n<meta property=\"article:publisher\" content=\"https:\/\/www.facebook.com\/laguiolecom\/\" \/>\n<meta property=\"article:modified_time\" content=\"2024-10-23T15:33:44+00:00\" \/>\n<meta property=\"og:image\" content=\"https:\/\/laguiole.com\/wp-content\/uploads\/2024\/06\/Le_2020_Couteau_Pliant_Plein_Manche_Chene_Stabilise_Teinte_Rouge_11cm_Ressort__Lisse_Personnalisable_00.jpg\" \/>\n\t<meta property=\"og:image:width\" content=\"1033\" \/>\n\t<meta property=\"og:image:height\" content=\"1033\" \/>\n\t<meta property=\"og:image:type\" content=\"image\/jpeg\" \/>\n<meta name=\"twitter:card\" content=\"summary_large_image\" \/>\n<meta name=\"twitter:label1\" content=\"Est. reading time\" \/>\n\t<meta name=\"twitter:data1\" content=\"1 minute\" \/>\n<script type=\"application\/ld+json\" class=\"yoast-schema-graph\">{\"@context\":\"https:\\\/\\\/schema.org\",\"@graph\":[{\"@type\":\"WebPage\",\"@id\":\"https:\\\/\\\/laguiole.com\\\/en\\\/produit\\\/the-20-20-folding-knife-full-red-stained-stabilized-oak-handle-11cm-customizable-smooth-spring\\\/\",\"url\":\"https:\\\/\\\/laguiole.com\\\/en\\\/produit\\\/the-20-20-folding-knife-full-red-stained-stabilized-oak-handle-11cm-customizable-smooth-spring\\\/\",\"name\":\"The 20\\\/20 Folding Knife Full Red Stained Stabilized Oak Handle 11cm Customizable Smooth Spring - Laguiole.com \u00ae\",\"isPartOf\":{\"@id\":\"https:\\\/\\\/laguiole.com\\\/en\\\/#website\"},\"primaryImageOfPage\":{\"@id\":\"https:\\\/\\\/laguiole.com\\\/en\\\/produit\\\/the-20-20-folding-knife-full-red-stained-stabilized-oak-handle-11cm-customizable-smooth-spring\\\/#primaryimage\"},\"image\":{\"@id\":\"https:\\\/\\\/laguiole.com\\\/en\\\/produit\\\/the-20-20-folding-knife-full-red-stained-stabilized-oak-handle-11cm-customizable-smooth-spring\\\/#primaryimage\"},\"thumbnailUrl\":\"https:\\\/\\\/laguiole.com\\\/wp-content\\\/uploads\\\/2024\\\/06\\\/Le_2020_Couteau_Pliant_Plein_Manche_Chene_Stabilise_Teinte_Rouge_11cm_Ressort__Lisse_Personnalisable_00.jpg\",\"datePublished\":\"2024-06-01T19:50:37+00:00\",\"dateModified\":\"2024-10-23T15:33:44+00:00\",\"breadcrumb\":{\"@id\":\"https:\\\/\\\/laguiole.com\\\/en\\\/produit\\\/the-20-20-folding-knife-full-red-stained-stabilized-oak-handle-11cm-customizable-smooth-spring\\\/#breadcrumb\"},\"inLanguage\":\"en-US\",\"potentialAction\":[{\"@type\":\"ReadAction\",\"target\":[\"https:\\\/\\\/laguiole.com\\\/en\\\/produit\\\/the-20-20-folding-knife-full-red-stained-stabilized-oak-handle-11cm-customizable-smooth-spring\\\/\"]}]},{\"@type\":\"ImageObject\",\"inLanguage\":\"en-US\",\"@id\":\"https:\\\/\\\/laguiole.com\\\/en\\\/produit\\\/the-20-20-folding-knife-full-red-stained-stabilized-oak-handle-11cm-customizable-smooth-spring\\\/#primaryimage\",\"url\":\"https:\\\/\\\/laguiole.com\\\/wp-content\\\/uploads\\\/2024\\\/06\\\/Le_2020_Couteau_Pliant_Plein_Manche_Chene_Stabilise_Teinte_Rouge_11cm_Ressort__Lisse_Personnalisable_00.jpg\",\"contentUrl\":\"https:\\\/\\\/laguiole.com\\\/wp-content\\\/uploads\\\/2024\\\/06\\\/Le_2020_Couteau_Pliant_Plein_Manche_Chene_Stabilise_Teinte_Rouge_11cm_Ressort__Lisse_Personnalisable_00.jpg\",\"width\":1033,\"height\":1033,\"caption\":\"Le 20\\\/20 Couteau Pliant Plein Manche Ch\u00eane Stabilis\u00e9 Teint\u00e9 Rouge 11cm Ressort Lisse Personnalisable\"},{\"@type\":\"BreadcrumbList\",\"@id\":\"https:\\\/\\\/laguiole.com\\\/en\\\/produit\\\/the-20-20-folding-knife-full-red-stained-stabilized-oak-handle-11cm-customizable-smooth-spring\\\/#breadcrumb\",\"itemListElement\":[{\"@type\":\"ListItem\",\"position\":1,\"name\":\"Accueil\",\"item\":\"https:\\\/\\\/laguiole.com\\\/en\\\/\"},{\"@type\":\"ListItem\",\"position\":2,\"name\":\"Shop\",\"item\":\"https:\\\/\\\/laguiole.com\\\/en\\\/shop\\\/\"},{\"@type\":\"ListItem\",\"position\":3,\"name\":\"The 20\\\/20 Folding Knife Full Red Stained Stabilized Oak Handle 11cm Customizable Smooth Spring\"}]},{\"@type\":\"WebSite\",\"@id\":\"https:\\\/\\\/laguiole.com\\\/en\\\/#website\",\"url\":\"https:\\\/\\\/laguiole.com\\\/en\\\/\",\"name\":\"Laguiole.com\",\"description\":\"Laguiole - Couteau laguiole, Chateau Laguiole, Laguiole en Aubrac, Forge de Laguiole\",\"publisher\":{\"@id\":\"https:\\\/\\\/laguiole.com\\\/en\\\/#organization\"},\"potentialAction\":[{\"@type\":\"SearchAction\",\"target\":{\"@type\":\"EntryPoint\",\"urlTemplate\":\"https:\\\/\\\/laguiole.com\\\/en\\\/?s={search_term_string}\"},\"query-input\":{\"@type\":\"PropertyValueSpecification\",\"valueRequired\":true,\"valueName\":\"search_term_string\"}}],\"inLanguage\":\"en-US\"},{\"@type\":\"Organization\",\"@id\":\"https:\\\/\\\/laguiole.com\\\/en\\\/#organization\",\"name\":\"Laguiole.com\",\"url\":\"https:\\\/\\\/laguiole.com\\\/en\\\/\",\"logo\":{\"@type\":\"ImageObject\",\"inLanguage\":\"en-US\",\"@id\":\"https:\\\/\\\/laguiole.com\\\/en\\\/#\\\/schema\\\/logo\\\/image\\\/\",\"url\":\"https:\\\/\\\/laguiole.com\\\/wp-content\\\/uploads\\\/2021\\\/02\\\/logo_laguiole.com-horizontal.jpg\",\"contentUrl\":\"https:\\\/\\\/laguiole.com\\\/wp-content\\\/uploads\\\/2021\\\/02\\\/logo_laguiole.com-horizontal.jpg\",\"width\":490,\"height\":156,\"caption\":\"Laguiole.com\"},\"image\":{\"@id\":\"https:\\\/\\\/laguiole.com\\\/en\\\/#\\\/schema\\\/logo\\\/image\\\/\"},\"sameAs\":[\"https:\\\/\\\/www.facebook.com\\\/laguiolecom\\\/\",\"https:\\\/\\\/www.instagram.com\\\/laguiolecom\\\/\",\"https:\\\/\\\/www.youtube.com\\\/@laguiolecom\\\/videos\"]}]}<\/script>\n<!-- \/ Yoast SEO plugin. -->","yoast_head_json":{"title":"The 20\/20 Folding Knife Full Red Stained Stabilized Oak Handle 11cm Customizable Smooth Spring - Laguiole.com \u00ae","robots":{"index":"index","follow":"follow","max-snippet":"max-snippet:-1","max-image-preview":"max-image-preview:large","max-video-preview":"max-video-preview:-1"},"canonical":"https:\/\/laguiole.com\/en\/produit\/the-20-20-folding-knife-full-red-stained-stabilized-oak-handle-11cm-customizable-smooth-spring\/","og_locale":"en_US","og_type":"article","og_title":"The 20\/20 Folding Knife Full Red Stained Stabilized Oak Handle 11cm Customizable Smooth Spring - Laguiole.com \u00ae","og_description":"Le 20\/20 Folding Knife by Le Fid\u00e8le Full Handle Red Stained Stabilized Oak Handle Customizable by engraving on blade and\/or spring Handle length 10.8 cm Width 4mm 12C27 stainless steel blade, straight shape and rounded tip Blade length 9.2 cm Blade width 2.5 mm Weight of the 20\/20: 89 grams","og_url":"https:\/\/laguiole.com\/en\/produit\/the-20-20-folding-knife-full-red-stained-stabilized-oak-handle-11cm-customizable-smooth-spring\/","og_site_name":"Laguiole.com \u00ae","article_publisher":"https:\/\/www.facebook.com\/laguiolecom\/","article_modified_time":"2024-10-23T15:33:44+00:00","og_image":[{"width":1033,"height":1033,"url":"https:\/\/laguiole.com\/wp-content\/uploads\/2024\/06\/Le_2020_Couteau_Pliant_Plein_Manche_Chene_Stabilise_Teinte_Rouge_11cm_Ressort__Lisse_Personnalisable_00.jpg","type":"image\/jpeg"}],"twitter_card":"summary_large_image","twitter_misc":{"Est. reading time":"1 minute"},"schema":{"@context":"https:\/\/schema.org","@graph":[{"@type":"WebPage","@id":"https:\/\/laguiole.com\/en\/produit\/the-20-20-folding-knife-full-red-stained-stabilized-oak-handle-11cm-customizable-smooth-spring\/","url":"https:\/\/laguiole.com\/en\/produit\/the-20-20-folding-knife-full-red-stained-stabilized-oak-handle-11cm-customizable-smooth-spring\/","name":"The 20\/20 Folding Knife Full Red Stained Stabilized Oak Handle 11cm Customizable Smooth Spring - Laguiole.com \u00ae","isPartOf":{"@id":"https:\/\/laguiole.com\/en\/#website"},"primaryImageOfPage":{"@id":"https:\/\/laguiole.com\/en\/produit\/the-20-20-folding-knife-full-red-stained-stabilized-oak-handle-11cm-customizable-smooth-spring\/#primaryimage"},"image":{"@id":"https:\/\/laguiole.com\/en\/produit\/the-20-20-folding-knife-full-red-stained-stabilized-oak-handle-11cm-customizable-smooth-spring\/#primaryimage"},"thumbnailUrl":"https:\/\/laguiole.com\/wp-content\/uploads\/2024\/06\/Le_2020_Couteau_Pliant_Plein_Manche_Chene_Stabilise_Teinte_Rouge_11cm_Ressort__Lisse_Personnalisable_00.jpg","datePublished":"2024-06-01T19:50:37+00:00","dateModified":"2024-10-23T15:33:44+00:00","breadcrumb":{"@id":"https:\/\/laguiole.com\/en\/produit\/the-20-20-folding-knife-full-red-stained-stabilized-oak-handle-11cm-customizable-smooth-spring\/#breadcrumb"},"inLanguage":"en-US","potentialAction":[{"@type":"ReadAction","target":["https:\/\/laguiole.com\/en\/produit\/the-20-20-folding-knife-full-red-stained-stabilized-oak-handle-11cm-customizable-smooth-spring\/"]}]},{"@type":"ImageObject","inLanguage":"en-US","@id":"https:\/\/laguiole.com\/en\/produit\/the-20-20-folding-knife-full-red-stained-stabilized-oak-handle-11cm-customizable-smooth-spring\/#primaryimage","url":"https:\/\/laguiole.com\/wp-content\/uploads\/2024\/06\/Le_2020_Couteau_Pliant_Plein_Manche_Chene_Stabilise_Teinte_Rouge_11cm_Ressort__Lisse_Personnalisable_00.jpg","contentUrl":"https:\/\/laguiole.com\/wp-content\/uploads\/2024\/06\/Le_2020_Couteau_Pliant_Plein_Manche_Chene_Stabilise_Teinte_Rouge_11cm_Ressort__Lisse_Personnalisable_00.jpg","width":1033,"height":1033,"caption":"Le 20\/20 Couteau Pliant Plein Manche Ch\u00eane Stabilis\u00e9 Teint\u00e9 Rouge 11cm Ressort Lisse Personnalisable"},{"@type":"BreadcrumbList","@id":"https:\/\/laguiole.com\/en\/produit\/the-20-20-folding-knife-full-red-stained-stabilized-oak-handle-11cm-customizable-smooth-spring\/#breadcrumb","itemListElement":[{"@type":"ListItem","position":1,"name":"Accueil","item":"https:\/\/laguiole.com\/en\/"},{"@type":"ListItem","position":2,"name":"Shop","item":"https:\/\/laguiole.com\/en\/shop\/"},{"@type":"ListItem","position":3,"name":"The 20\/20 Folding Knife Full Red Stained Stabilized Oak Handle 11cm Customizable Smooth Spring"}]},{"@type":"WebSite","@id":"https:\/\/laguiole.com\/en\/#website","url":"https:\/\/laguiole.com\/en\/","name":"Laguiole.com","description":"Laguiole - Couteau laguiole, Chateau Laguiole, Laguiole en Aubrac, Forge de Laguiole","publisher":{"@id":"https:\/\/laguiole.com\/en\/#organization"},"potentialAction":[{"@type":"SearchAction","target":{"@type":"EntryPoint","urlTemplate":"https:\/\/laguiole.com\/en\/?s={search_term_string}"},"query-input":{"@type":"PropertyValueSpecification","valueRequired":true,"valueName":"search_term_string"}}],"inLanguage":"en-US"},{"@type":"Organization","@id":"https:\/\/laguiole.com\/en\/#organization","name":"Laguiole.com","url":"https:\/\/laguiole.com\/en\/","logo":{"@type":"ImageObject","inLanguage":"en-US","@id":"https:\/\/laguiole.com\/en\/#\/schema\/logo\/image\/","url":"https:\/\/laguiole.com\/wp-content\/uploads\/2021\/02\/logo_laguiole.com-horizontal.jpg","contentUrl":"https:\/\/laguiole.com\/wp-content\/uploads\/2021\/02\/logo_laguiole.com-horizontal.jpg","width":490,"height":156,"caption":"Laguiole.com"},"image":{"@id":"https:\/\/laguiole.com\/en\/#\/schema\/logo\/image\/"},"sameAs":["https:\/\/www.facebook.com\/laguiolecom\/","https:\/\/www.instagram.com\/laguiolecom\/","https:\/\/www.youtube.com\/@laguiolecom\/videos"]}]}},"_links":{"self":[{"href":"https:\/\/laguiole.com\/en\/wp-json\/wp\/v2\/product\/20906","targetHints":{"allow":["GET"]}}],"collection":[{"href":"https:\/\/laguiole.com\/en\/wp-json\/wp\/v2\/product"}],"about":[{"href":"https:\/\/laguiole.com\/en\/wp-json\/wp\/v2\/types\/product"}],"version-history":[{"count":2,"href":"https:\/\/laguiole.com\/en\/wp-json\/wp\/v2\/product\/20906\/revisions"}],"predecessor-version":[{"id":21015,"href":"https:\/\/laguiole.com\/en\/wp-json\/wp\/v2\/product\/20906\/revisions\/21015"}],"wp:featuredmedia":[{"embeddable":true,"href":"https:\/\/laguiole.com\/en\/wp-json\/wp\/v2\/media\/20936"}],"wp:attachment":[{"href":"https:\/\/laguiole.com\/en\/wp-json\/wp\/v2\/media?parent=20906"}],"wp:term":[{"taxonomy":"product_brand","embeddable":true,"href":"https:\/\/laguiole.com\/en\/wp-json\/wp\/v2\/product_brand?post=20906"},{"taxonomy":"product_cat","embeddable":true,"href":"https:\/\/laguiole.com\/en\/wp-json\/wp\/v2\/product_cat?post=20906"},{"taxonomy":"product_tag","embeddable":true,"href":"https:\/\/laguiole.com\/en\/wp-json\/wp\/v2\/product_tag?post=20906"}],"curies":[{"name":"wp","href":"https:\/\/api.w.org\/{rel}","templated":true}]}}