{"id":20237,"date":"2024-04-27T16:58:58","date_gmt":"2024-04-27T14:58:58","guid":{"rendered":"https:\/\/laguiole.com\/?post_type=product&#038;p=20237"},"modified":"2024-11-21T20:24:48","modified_gmt":"2024-11-21T19:24:48","slug":"laguiole-en-aubrac-knife-1-piece-12-cm-double-carbon-plates-glittery-pearly-blue-2-brushed-stainless-steel-bolsters-brushed-stainless-steel-blade-num3","status":"publish","type":"product","link":"https:\/\/laguiole.com\/en\/produit\/laguiole-en-aubrac-knife-1-piece-12-cm-double-carbon-plates-glittery-pearly-blue-2-brushed-stainless-steel-bolsters-brushed-stainless-steel-blade-num3\/","title":{"rendered":"Laguiole en Aubrac Knife 1 Piece 12 cm Double Carbon Plates Glittery Pearly Blue 2 Brushed Stainless Steel Bolsters Brushed Stainless Steel Blade Num3"},"content":{"rendered":"","protected":false},"excerpt":{"rendered":"<p>Laguiole en Aubrac Folding Knife N\u00b03<br \/>\nCarbon handle with blue pearly sequin inlay<br \/>\n2 Brushed Stainless Steel Bolsters<br \/>\nBrushed 12c27 stainless steel blade<br \/>\nHand Carved spring<br \/>\nDouble Hand Forged and Chiseled Brushed Stainless Steel Plates<br \/>\nForged Fly made by hand<br \/>\nBlade length 10cm<br \/>\nLength of closed knife 12cm<br \/>\nLength of open knife 22 cm<br \/>\nUnique piece<\/p>\n","protected":false},"featured_media":20254,"template":"","meta":{"_acf_changed":false,"_monsterinsights_skip_tracking":false,"_monsterinsights_sitenote_active":false,"_monsterinsights_sitenote_note":"","_monsterinsights_sitenote_category":0},"product_brand":[],"product_cat":[156,465,835],"product_tag":[],"class_list":{"0":"post-20237","1":"product","2":"type-product","3":"status-publish","4":"has-post-thumbnail","6":"product_cat-folding-knives","7":"product_cat-laguiole","8":"product_cat-the-specials","9":"pa_composition-couteau-blade","10":"pa_finition-brusheden","11":"pa_lame-brushed-stainless-steelen","12":"pa_manche-en-matiere-moderne-carbon-fiber","13":"pa_marque-laguiole-en-aubracfr","14":"pa_mitres-2-bolters","15":"pa_mitres-brushed-stainless-steel","16":"pa_mouche-forged","17":"pa_mouche-prestigious","18":"pa_platines-double-plates0","19":"pa_platines-guillochees0","20":"pa_ressort-handcarved","21":"pa_taille-du-manche-12-cm0","22":"tm-has-options","25":"instock","26":"taxable","27":"shipping-taxable","28":"purchasable","29":"product-type-simple"},"supplier_id":null,"supplier_sku":"","barcode":null,"atum_controlled":true,"out_stock_date":null,"out_stock_threshold":null,"inheritable":false,"inbound_stock":0,"stock_on_hold":0,"sold_today":0,"sales_last_days":0,"reserved_stock":0,"customer_returns":0,"warehouse_damage":0,"lost_in_post":0,"other_logs":0,"out_stock_days":0,"lost_sales":0,"has_location":false,"update_date":"2026-04-28T00:38:19","atum_locations":[],"atum_stock_status":"instock","restock_status":false,"low_stock_amount":"","sales_update_date":"2026-04-28T00:38:19","calc_backorders":0,"acf":[],"yoast_head":"<!-- This site is optimized with the Yoast SEO plugin v27.3 - https:\/\/yoast.com\/product\/yoast-seo-wordpress\/ -->\n<title>Laguiole en Aubrac Knife 1 Piece 12 cm Double Carbon Plates Glittery Pearly Blue 2 Brushed Stainless Steel Bolsters Brushed Stainless Steel Blade Num3 - Laguiole.com \u00ae<\/title>\n<meta name=\"robots\" content=\"index, follow, max-snippet:-1, max-image-preview:large, max-video-preview:-1\" \/>\n<link rel=\"canonical\" href=\"https:\/\/laguiole.com\/en\/produit\/laguiole-en-aubrac-knife-1-piece-12-cm-double-carbon-plates-glittery-pearly-blue-2-brushed-stainless-steel-bolsters-brushed-stainless-steel-blade-num3\/\" \/>\n<meta property=\"og:locale\" content=\"en_US\" \/>\n<meta property=\"og:type\" content=\"article\" \/>\n<meta property=\"og:title\" content=\"Laguiole en Aubrac Knife 1 Piece 12 cm Double Carbon Plates Glittery Pearly Blue 2 Brushed Stainless Steel Bolsters Brushed Stainless Steel Blade Num3 - Laguiole.com \u00ae\" \/>\n<meta property=\"og:description\" content=\"Laguiole en Aubrac Folding Knife N\u00b03 Carbon handle with blue pearly sequin inlay 2 Brushed Stainless Steel Bolsters Brushed 12c27 stainless steel blade Hand Carved spring Double Hand Forged and Chiseled Brushed Stainless Steel Plates Forged Fly made by hand Blade length 10cm Length of closed knife 12cm Length of open knife 22 cm Unique piece\" \/>\n<meta property=\"og:url\" content=\"https:\/\/laguiole.com\/en\/produit\/laguiole-en-aubrac-knife-1-piece-12-cm-double-carbon-plates-glittery-pearly-blue-2-brushed-stainless-steel-bolsters-brushed-stainless-steel-blade-num3\/\" \/>\n<meta property=\"og:site_name\" content=\"Laguiole.com \u00ae\" \/>\n<meta property=\"article:publisher\" content=\"https:\/\/www.facebook.com\/laguiolecom\/\" \/>\n<meta property=\"article:modified_time\" content=\"2024-11-21T19:24:48+00:00\" \/>\n<meta property=\"og:image\" content=\"https:\/\/laguiole.com\/wp-content\/uploads\/2024\/04\/Couteau_Laguiole_en_Aubrac_1_Piece_12_cm_Double_Platines_Carbone_Paillete_Bleu_Nacre_2_Mitres_Inox_Brosse_Lame_Inox_Brosse_Num3_00.jpg\" \/>\n\t<meta property=\"og:image:width\" content=\"1057\" \/>\n\t<meta property=\"og:image:height\" content=\"1057\" \/>\n\t<meta property=\"og:image:type\" content=\"image\/jpeg\" \/>\n<meta name=\"twitter:card\" content=\"summary_large_image\" \/>\n<script type=\"application\/ld+json\" class=\"yoast-schema-graph\">{\"@context\":\"https:\\\/\\\/schema.org\",\"@graph\":[{\"@type\":\"WebPage\",\"@id\":\"https:\\\/\\\/laguiole.com\\\/en\\\/produit\\\/laguiole-en-aubrac-knife-1-piece-12-cm-double-carbon-plates-glittery-pearly-blue-2-brushed-stainless-steel-bolsters-brushed-stainless-steel-blade-num3\\\/\",\"url\":\"https:\\\/\\\/laguiole.com\\\/en\\\/produit\\\/laguiole-en-aubrac-knife-1-piece-12-cm-double-carbon-plates-glittery-pearly-blue-2-brushed-stainless-steel-bolsters-brushed-stainless-steel-blade-num3\\\/\",\"name\":\"Laguiole en Aubrac Knife 1 Piece 12 cm Double Carbon Plates Glittery Pearly Blue 2 Brushed Stainless Steel Bolsters Brushed Stainless Steel Blade Num3 - Laguiole.com \u00ae\",\"isPartOf\":{\"@id\":\"https:\\\/\\\/laguiole.com\\\/en\\\/#website\"},\"primaryImageOfPage\":{\"@id\":\"https:\\\/\\\/laguiole.com\\\/en\\\/produit\\\/laguiole-en-aubrac-knife-1-piece-12-cm-double-carbon-plates-glittery-pearly-blue-2-brushed-stainless-steel-bolsters-brushed-stainless-steel-blade-num3\\\/#primaryimage\"},\"image\":{\"@id\":\"https:\\\/\\\/laguiole.com\\\/en\\\/produit\\\/laguiole-en-aubrac-knife-1-piece-12-cm-double-carbon-plates-glittery-pearly-blue-2-brushed-stainless-steel-bolsters-brushed-stainless-steel-blade-num3\\\/#primaryimage\"},\"thumbnailUrl\":\"https:\\\/\\\/laguiole.com\\\/wp-content\\\/uploads\\\/2024\\\/04\\\/Couteau_Laguiole_en_Aubrac_1_Piece_12_cm_Double_Platines_Carbone_Paillete_Bleu_Nacre_2_Mitres_Inox_Brosse_Lame_Inox_Brosse_Num3_00.jpg\",\"datePublished\":\"2024-04-27T14:58:58+00:00\",\"dateModified\":\"2024-11-21T19:24:48+00:00\",\"breadcrumb\":{\"@id\":\"https:\\\/\\\/laguiole.com\\\/en\\\/produit\\\/laguiole-en-aubrac-knife-1-piece-12-cm-double-carbon-plates-glittery-pearly-blue-2-brushed-stainless-steel-bolsters-brushed-stainless-steel-blade-num3\\\/#breadcrumb\"},\"inLanguage\":\"en-US\",\"potentialAction\":[{\"@type\":\"ReadAction\",\"target\":[\"https:\\\/\\\/laguiole.com\\\/en\\\/produit\\\/laguiole-en-aubrac-knife-1-piece-12-cm-double-carbon-plates-glittery-pearly-blue-2-brushed-stainless-steel-bolsters-brushed-stainless-steel-blade-num3\\\/\"]}]},{\"@type\":\"ImageObject\",\"inLanguage\":\"en-US\",\"@id\":\"https:\\\/\\\/laguiole.com\\\/en\\\/produit\\\/laguiole-en-aubrac-knife-1-piece-12-cm-double-carbon-plates-glittery-pearly-blue-2-brushed-stainless-steel-bolsters-brushed-stainless-steel-blade-num3\\\/#primaryimage\",\"url\":\"https:\\\/\\\/laguiole.com\\\/wp-content\\\/uploads\\\/2024\\\/04\\\/Couteau_Laguiole_en_Aubrac_1_Piece_12_cm_Double_Platines_Carbone_Paillete_Bleu_Nacre_2_Mitres_Inox_Brosse_Lame_Inox_Brosse_Num3_00.jpg\",\"contentUrl\":\"https:\\\/\\\/laguiole.com\\\/wp-content\\\/uploads\\\/2024\\\/04\\\/Couteau_Laguiole_en_Aubrac_1_Piece_12_cm_Double_Platines_Carbone_Paillete_Bleu_Nacre_2_Mitres_Inox_Brosse_Lame_Inox_Brosse_Num3_00.jpg\",\"width\":1057,\"height\":1057,\"caption\":\"Couteau Laguiole en Aubrac 1 Pi\u00e8ce 12 cm Double Platines Carbone Paillet\u00e9 Bleu Nacr\u00e9 2 Mitres Inox Bross\u00e9 Lame Inox Bross\u00e9 Num3\"},{\"@type\":\"BreadcrumbList\",\"@id\":\"https:\\\/\\\/laguiole.com\\\/en\\\/produit\\\/laguiole-en-aubrac-knife-1-piece-12-cm-double-carbon-plates-glittery-pearly-blue-2-brushed-stainless-steel-bolsters-brushed-stainless-steel-blade-num3\\\/#breadcrumb\",\"itemListElement\":[{\"@type\":\"ListItem\",\"position\":1,\"name\":\"Accueil\",\"item\":\"https:\\\/\\\/laguiole.com\\\/en\\\/\"},{\"@type\":\"ListItem\",\"position\":2,\"name\":\"Shop\",\"item\":\"https:\\\/\\\/laguiole.com\\\/en\\\/shop\\\/\"},{\"@type\":\"ListItem\",\"position\":3,\"name\":\"Laguiole en Aubrac Knife 1 Piece 12 cm Double Carbon Plates Glittery Pearly Blue 2 Brushed Stainless Steel Bolsters Brushed Stainless Steel Blade Num3\"}]},{\"@type\":\"WebSite\",\"@id\":\"https:\\\/\\\/laguiole.com\\\/en\\\/#website\",\"url\":\"https:\\\/\\\/laguiole.com\\\/en\\\/\",\"name\":\"Laguiole.com\",\"description\":\"Laguiole - Couteau laguiole, Chateau Laguiole, Laguiole en Aubrac, Forge de Laguiole\",\"publisher\":{\"@id\":\"https:\\\/\\\/laguiole.com\\\/en\\\/#organization\"},\"potentialAction\":[{\"@type\":\"SearchAction\",\"target\":{\"@type\":\"EntryPoint\",\"urlTemplate\":\"https:\\\/\\\/laguiole.com\\\/en\\\/?s={search_term_string}\"},\"query-input\":{\"@type\":\"PropertyValueSpecification\",\"valueRequired\":true,\"valueName\":\"search_term_string\"}}],\"inLanguage\":\"en-US\"},{\"@type\":\"Organization\",\"@id\":\"https:\\\/\\\/laguiole.com\\\/en\\\/#organization\",\"name\":\"Laguiole.com\",\"url\":\"https:\\\/\\\/laguiole.com\\\/en\\\/\",\"logo\":{\"@type\":\"ImageObject\",\"inLanguage\":\"en-US\",\"@id\":\"https:\\\/\\\/laguiole.com\\\/en\\\/#\\\/schema\\\/logo\\\/image\\\/\",\"url\":\"https:\\\/\\\/laguiole.com\\\/wp-content\\\/uploads\\\/2021\\\/02\\\/logo_laguiole.com-horizontal.jpg\",\"contentUrl\":\"https:\\\/\\\/laguiole.com\\\/wp-content\\\/uploads\\\/2021\\\/02\\\/logo_laguiole.com-horizontal.jpg\",\"width\":490,\"height\":156,\"caption\":\"Laguiole.com\"},\"image\":{\"@id\":\"https:\\\/\\\/laguiole.com\\\/en\\\/#\\\/schema\\\/logo\\\/image\\\/\"},\"sameAs\":[\"https:\\\/\\\/www.facebook.com\\\/laguiolecom\\\/\",\"https:\\\/\\\/www.instagram.com\\\/laguiolecom\\\/\",\"https:\\\/\\\/www.youtube.com\\\/@laguiolecom\\\/videos\"]}]}<\/script>\n<!-- \/ Yoast SEO plugin. -->","yoast_head_json":{"title":"Laguiole en Aubrac Knife 1 Piece 12 cm Double Carbon Plates Glittery Pearly Blue 2 Brushed Stainless Steel Bolsters Brushed Stainless Steel Blade Num3 - Laguiole.com \u00ae","robots":{"index":"index","follow":"follow","max-snippet":"max-snippet:-1","max-image-preview":"max-image-preview:large","max-video-preview":"max-video-preview:-1"},"canonical":"https:\/\/laguiole.com\/en\/produit\/laguiole-en-aubrac-knife-1-piece-12-cm-double-carbon-plates-glittery-pearly-blue-2-brushed-stainless-steel-bolsters-brushed-stainless-steel-blade-num3\/","og_locale":"en_US","og_type":"article","og_title":"Laguiole en Aubrac Knife 1 Piece 12 cm Double Carbon Plates Glittery Pearly Blue 2 Brushed Stainless Steel Bolsters Brushed Stainless Steel Blade Num3 - Laguiole.com \u00ae","og_description":"Laguiole en Aubrac Folding Knife N\u00b03 Carbon handle with blue pearly sequin inlay 2 Brushed Stainless Steel Bolsters Brushed 12c27 stainless steel blade Hand Carved spring Double Hand Forged and Chiseled Brushed Stainless Steel Plates Forged Fly made by hand Blade length 10cm Length of closed knife 12cm Length of open knife 22 cm Unique piece","og_url":"https:\/\/laguiole.com\/en\/produit\/laguiole-en-aubrac-knife-1-piece-12-cm-double-carbon-plates-glittery-pearly-blue-2-brushed-stainless-steel-bolsters-brushed-stainless-steel-blade-num3\/","og_site_name":"Laguiole.com \u00ae","article_publisher":"https:\/\/www.facebook.com\/laguiolecom\/","article_modified_time":"2024-11-21T19:24:48+00:00","og_image":[{"width":1057,"height":1057,"url":"https:\/\/laguiole.com\/wp-content\/uploads\/2024\/04\/Couteau_Laguiole_en_Aubrac_1_Piece_12_cm_Double_Platines_Carbone_Paillete_Bleu_Nacre_2_Mitres_Inox_Brosse_Lame_Inox_Brosse_Num3_00.jpg","type":"image\/jpeg"}],"twitter_card":"summary_large_image","schema":{"@context":"https:\/\/schema.org","@graph":[{"@type":"WebPage","@id":"https:\/\/laguiole.com\/en\/produit\/laguiole-en-aubrac-knife-1-piece-12-cm-double-carbon-plates-glittery-pearly-blue-2-brushed-stainless-steel-bolsters-brushed-stainless-steel-blade-num3\/","url":"https:\/\/laguiole.com\/en\/produit\/laguiole-en-aubrac-knife-1-piece-12-cm-double-carbon-plates-glittery-pearly-blue-2-brushed-stainless-steel-bolsters-brushed-stainless-steel-blade-num3\/","name":"Laguiole en Aubrac Knife 1 Piece 12 cm Double Carbon Plates Glittery Pearly Blue 2 Brushed Stainless Steel Bolsters Brushed Stainless Steel Blade Num3 - Laguiole.com \u00ae","isPartOf":{"@id":"https:\/\/laguiole.com\/en\/#website"},"primaryImageOfPage":{"@id":"https:\/\/laguiole.com\/en\/produit\/laguiole-en-aubrac-knife-1-piece-12-cm-double-carbon-plates-glittery-pearly-blue-2-brushed-stainless-steel-bolsters-brushed-stainless-steel-blade-num3\/#primaryimage"},"image":{"@id":"https:\/\/laguiole.com\/en\/produit\/laguiole-en-aubrac-knife-1-piece-12-cm-double-carbon-plates-glittery-pearly-blue-2-brushed-stainless-steel-bolsters-brushed-stainless-steel-blade-num3\/#primaryimage"},"thumbnailUrl":"https:\/\/laguiole.com\/wp-content\/uploads\/2024\/04\/Couteau_Laguiole_en_Aubrac_1_Piece_12_cm_Double_Platines_Carbone_Paillete_Bleu_Nacre_2_Mitres_Inox_Brosse_Lame_Inox_Brosse_Num3_00.jpg","datePublished":"2024-04-27T14:58:58+00:00","dateModified":"2024-11-21T19:24:48+00:00","breadcrumb":{"@id":"https:\/\/laguiole.com\/en\/produit\/laguiole-en-aubrac-knife-1-piece-12-cm-double-carbon-plates-glittery-pearly-blue-2-brushed-stainless-steel-bolsters-brushed-stainless-steel-blade-num3\/#breadcrumb"},"inLanguage":"en-US","potentialAction":[{"@type":"ReadAction","target":["https:\/\/laguiole.com\/en\/produit\/laguiole-en-aubrac-knife-1-piece-12-cm-double-carbon-plates-glittery-pearly-blue-2-brushed-stainless-steel-bolsters-brushed-stainless-steel-blade-num3\/"]}]},{"@type":"ImageObject","inLanguage":"en-US","@id":"https:\/\/laguiole.com\/en\/produit\/laguiole-en-aubrac-knife-1-piece-12-cm-double-carbon-plates-glittery-pearly-blue-2-brushed-stainless-steel-bolsters-brushed-stainless-steel-blade-num3\/#primaryimage","url":"https:\/\/laguiole.com\/wp-content\/uploads\/2024\/04\/Couteau_Laguiole_en_Aubrac_1_Piece_12_cm_Double_Platines_Carbone_Paillete_Bleu_Nacre_2_Mitres_Inox_Brosse_Lame_Inox_Brosse_Num3_00.jpg","contentUrl":"https:\/\/laguiole.com\/wp-content\/uploads\/2024\/04\/Couteau_Laguiole_en_Aubrac_1_Piece_12_cm_Double_Platines_Carbone_Paillete_Bleu_Nacre_2_Mitres_Inox_Brosse_Lame_Inox_Brosse_Num3_00.jpg","width":1057,"height":1057,"caption":"Couteau Laguiole en Aubrac 1 Pi\u00e8ce 12 cm Double Platines Carbone Paillet\u00e9 Bleu Nacr\u00e9 2 Mitres Inox Bross\u00e9 Lame Inox Bross\u00e9 Num3"},{"@type":"BreadcrumbList","@id":"https:\/\/laguiole.com\/en\/produit\/laguiole-en-aubrac-knife-1-piece-12-cm-double-carbon-plates-glittery-pearly-blue-2-brushed-stainless-steel-bolsters-brushed-stainless-steel-blade-num3\/#breadcrumb","itemListElement":[{"@type":"ListItem","position":1,"name":"Accueil","item":"https:\/\/laguiole.com\/en\/"},{"@type":"ListItem","position":2,"name":"Shop","item":"https:\/\/laguiole.com\/en\/shop\/"},{"@type":"ListItem","position":3,"name":"Laguiole en Aubrac Knife 1 Piece 12 cm Double Carbon Plates Glittery Pearly Blue 2 Brushed Stainless Steel Bolsters Brushed Stainless Steel Blade Num3"}]},{"@type":"WebSite","@id":"https:\/\/laguiole.com\/en\/#website","url":"https:\/\/laguiole.com\/en\/","name":"Laguiole.com","description":"Laguiole - Couteau laguiole, Chateau Laguiole, Laguiole en Aubrac, Forge de Laguiole","publisher":{"@id":"https:\/\/laguiole.com\/en\/#organization"},"potentialAction":[{"@type":"SearchAction","target":{"@type":"EntryPoint","urlTemplate":"https:\/\/laguiole.com\/en\/?s={search_term_string}"},"query-input":{"@type":"PropertyValueSpecification","valueRequired":true,"valueName":"search_term_string"}}],"inLanguage":"en-US"},{"@type":"Organization","@id":"https:\/\/laguiole.com\/en\/#organization","name":"Laguiole.com","url":"https:\/\/laguiole.com\/en\/","logo":{"@type":"ImageObject","inLanguage":"en-US","@id":"https:\/\/laguiole.com\/en\/#\/schema\/logo\/image\/","url":"https:\/\/laguiole.com\/wp-content\/uploads\/2021\/02\/logo_laguiole.com-horizontal.jpg","contentUrl":"https:\/\/laguiole.com\/wp-content\/uploads\/2021\/02\/logo_laguiole.com-horizontal.jpg","width":490,"height":156,"caption":"Laguiole.com"},"image":{"@id":"https:\/\/laguiole.com\/en\/#\/schema\/logo\/image\/"},"sameAs":["https:\/\/www.facebook.com\/laguiolecom\/","https:\/\/www.instagram.com\/laguiolecom\/","https:\/\/www.youtube.com\/@laguiolecom\/videos"]}]}},"_links":{"self":[{"href":"https:\/\/laguiole.com\/en\/wp-json\/wp\/v2\/product\/20237","targetHints":{"allow":["GET"]}}],"collection":[{"href":"https:\/\/laguiole.com\/en\/wp-json\/wp\/v2\/product"}],"about":[{"href":"https:\/\/laguiole.com\/en\/wp-json\/wp\/v2\/types\/product"}],"version-history":[{"count":2,"href":"https:\/\/laguiole.com\/en\/wp-json\/wp\/v2\/product\/20237\/revisions"}],"predecessor-version":[{"id":20327,"href":"https:\/\/laguiole.com\/en\/wp-json\/wp\/v2\/product\/20237\/revisions\/20327"}],"wp:featuredmedia":[{"embeddable":true,"href":"https:\/\/laguiole.com\/en\/wp-json\/wp\/v2\/media\/20254"}],"wp:attachment":[{"href":"https:\/\/laguiole.com\/en\/wp-json\/wp\/v2\/media?parent=20237"}],"wp:term":[{"taxonomy":"product_brand","embeddable":true,"href":"https:\/\/laguiole.com\/en\/wp-json\/wp\/v2\/product_brand?post=20237"},{"taxonomy":"product_cat","embeddable":true,"href":"https:\/\/laguiole.com\/en\/wp-json\/wp\/v2\/product_cat?post=20237"},{"taxonomy":"product_tag","embeddable":true,"href":"https:\/\/laguiole.com\/en\/wp-json\/wp\/v2\/product_tag?post=20237"}],"curies":[{"name":"wp","href":"https:\/\/api.w.org\/{rel}","templated":true}]}}