{"id":12026,"date":"2023-08-23T18:07:27","date_gmt":"2023-08-23T16:07:27","guid":{"rendered":"https:\/\/laguiole.com\/?post_type=product&#038;p=12026"},"modified":"2024-10-23T16:48:57","modified_gmt":"2024-10-23T14:48:57","slug":"laguiole-en-aubrac-knife-1-piece-12-cm-full-handle-in-poplar-burr-chiselled-central-bolster-in-brushed-stainless-steel","status":"publish","type":"product","link":"https:\/\/laguiole.com\/en\/produit\/laguiole-en-aubrac-knife-1-piece-12-cm-full-handle-in-poplar-burr-chiselled-central-bolster-in-brushed-stainless-steel\/","title":{"rendered":"Laguiole en Aubrac Knife 1 Piece 12 cm Full Handle in Poplar Burr Chiselled Central Bolster in Brushed Stainless Steel"},"content":{"rendered":"<p>Shape of the handle is very unique for the Crocus knife which gives a very good grip of the knife<\/p>\n","protected":false},"excerpt":{"rendered":"<p>Laguiole en Aubrac Folding Knife<br \/>\nBrown Poplar Burl Handle<br \/>\nFull Handle<br \/>\nBlade 12C27 MOD Brushed Stainless Steel with Miter<br \/>\nSpring Finely Chiseled by Hand in Stainless Steel Brushed in part and Customizable by Laser Engraving also<br \/>\nHand Forged and Chiselled Brushed Stainless Steel Plates<br \/>\nCentral stainless steel bolster Finely brushed Hand-chiseled Floral guillochage<br \/>\nFly: Handmade Forged Stylized Bee Decoration<br \/>\nUnique piece<br \/>\nBlade length 10cm<br \/>\nLength of the knife closed 12cm<br \/>\nLength of the open knife 22 cm<\/p>\n","protected":false},"featured_media":12266,"template":"","meta":{"_acf_changed":false,"_monsterinsights_skip_tracking":false,"_monsterinsights_sitenote_active":false,"_monsterinsights_sitenote_note":"","_monsterinsights_sitenote_category":0},"product_brand":[],"product_cat":[4717,156,465,833],"product_tag":[5895],"class_list":{"0":"post-12026","1":"product","2":"type-product","3":"status-publish","4":"has-post-thumbnail","6":"product_cat-spring-engrave","7":"product_cat-folding-knives","8":"product_cat-laguiole","9":"product_cat-prestige","10":"product_tag-springengraving","11":"pa_composition-couteau-blade","12":"pa_finition-brusheden","13":"pa_lame-brushed-stainless-steelen","14":"pa_manche-en-bois-poplaren","15":"pa_marque-laguiole-en-aubracfr","16":"pa_mitres-central-bolster","17":"pa_mitres-chiselled","18":"pa_mouche-forged","19":"pa_mouche-prestigious","20":"pa_platines-guillochees0","21":"pa_platines-single-plate0","22":"pa_ressort-smooth","23":"pa_ressort-to-personalize-laser-engraving","24":"pa_taille-du-manche-12-cm0","25":"tm-has-options","28":"instock","29":"taxable","30":"shipping-taxable","31":"purchasable","32":"product-type-simple"},"supplier_id":null,"supplier_sku":"","barcode":null,"atum_controlled":true,"out_stock_date":null,"out_stock_threshold":null,"inheritable":false,"inbound_stock":0,"stock_on_hold":0,"sold_today":0,"sales_last_days":0,"reserved_stock":0,"customer_returns":0,"warehouse_damage":0,"lost_in_post":0,"other_logs":0,"out_stock_days":0,"lost_sales":0,"has_location":false,"update_date":"2026-05-02T00:44:02","atum_locations":[],"atum_stock_status":"instock","restock_status":false,"low_stock_amount":"","sales_update_date":"2026-05-02T00:44:02","calc_backorders":0,"acf":[],"yoast_head":"<!-- This site is optimized with the Yoast SEO plugin v27.3 - https:\/\/yoast.com\/product\/yoast-seo-wordpress\/ -->\n<title>Laguiole en Aubrac Knife 1 Piece 12 cm Full Handle in Poplar Burr Chiselled Central Bolster in Brushed Stainless Steel - Laguiole.com \u00ae<\/title>\n<meta name=\"robots\" content=\"index, follow, max-snippet:-1, max-image-preview:large, max-video-preview:-1\" \/>\n<link rel=\"canonical\" href=\"https:\/\/laguiole.com\/en\/produit\/laguiole-en-aubrac-knife-1-piece-12-cm-full-handle-in-poplar-burr-chiselled-central-bolster-in-brushed-stainless-steel\/\" \/>\n<meta property=\"og:locale\" content=\"en_US\" \/>\n<meta property=\"og:type\" content=\"article\" \/>\n<meta property=\"og:title\" content=\"Laguiole en Aubrac Knife 1 Piece 12 cm Full Handle in Poplar Burr Chiselled Central Bolster in Brushed Stainless Steel - Laguiole.com \u00ae\" \/>\n<meta property=\"og:description\" content=\"Laguiole en Aubrac Folding Knife Brown Poplar Burl Handle Full Handle Blade 12C27 MOD Brushed Stainless Steel with Miter Spring Finely Chiseled by Hand in Stainless Steel Brushed in part and Customizable by Laser Engraving also Hand Forged and Chiselled Brushed Stainless Steel Plates Central stainless steel bolster Finely brushed Hand-chiseled Floral guillochage Fly: Handmade Forged Stylized Bee Decoration Unique piece Blade length 10cm Length of the knife closed 12cm Length of the open knife 22 cm\" \/>\n<meta property=\"og:url\" content=\"https:\/\/laguiole.com\/en\/produit\/laguiole-en-aubrac-knife-1-piece-12-cm-full-handle-in-poplar-burr-chiselled-central-bolster-in-brushed-stainless-steel\/\" \/>\n<meta property=\"og:site_name\" content=\"Laguiole.com \u00ae\" \/>\n<meta property=\"article:publisher\" content=\"https:\/\/www.facebook.com\/laguiolecom\/\" \/>\n<meta property=\"article:modified_time\" content=\"2024-10-23T14:48:57+00:00\" \/>\n<meta property=\"og:image\" content=\"https:\/\/laguiole.com\/wp-content\/uploads\/2023\/08\/Couteau_Laguiole_en_Aubrac_1_Piece_12_cm_Plein_Manche_en_Loupe_de_Peuplier_Mitre_Centrale_Ciselee_en_Inox_Brosse_00.jpg\" \/>\n\t<meta property=\"og:image:width\" content=\"1033\" \/>\n\t<meta property=\"og:image:height\" content=\"1033\" \/>\n\t<meta property=\"og:image:type\" content=\"image\/jpeg\" \/>\n<meta name=\"twitter:card\" content=\"summary_large_image\" \/>\n<script type=\"application\/ld+json\" class=\"yoast-schema-graph\">{\"@context\":\"https:\\\/\\\/schema.org\",\"@graph\":[{\"@type\":\"WebPage\",\"@id\":\"https:\\\/\\\/laguiole.com\\\/en\\\/produit\\\/laguiole-en-aubrac-knife-1-piece-12-cm-full-handle-in-poplar-burr-chiselled-central-bolster-in-brushed-stainless-steel\\\/\",\"url\":\"https:\\\/\\\/laguiole.com\\\/en\\\/produit\\\/laguiole-en-aubrac-knife-1-piece-12-cm-full-handle-in-poplar-burr-chiselled-central-bolster-in-brushed-stainless-steel\\\/\",\"name\":\"Laguiole en Aubrac Knife 1 Piece 12 cm Full Handle in Poplar Burr Chiselled Central Bolster in Brushed Stainless Steel - Laguiole.com \u00ae\",\"isPartOf\":{\"@id\":\"https:\\\/\\\/laguiole.com\\\/en\\\/#website\"},\"primaryImageOfPage\":{\"@id\":\"https:\\\/\\\/laguiole.com\\\/en\\\/produit\\\/laguiole-en-aubrac-knife-1-piece-12-cm-full-handle-in-poplar-burr-chiselled-central-bolster-in-brushed-stainless-steel\\\/#primaryimage\"},\"image\":{\"@id\":\"https:\\\/\\\/laguiole.com\\\/en\\\/produit\\\/laguiole-en-aubrac-knife-1-piece-12-cm-full-handle-in-poplar-burr-chiselled-central-bolster-in-brushed-stainless-steel\\\/#primaryimage\"},\"thumbnailUrl\":\"https:\\\/\\\/laguiole.com\\\/wp-content\\\/uploads\\\/2023\\\/08\\\/Couteau_Laguiole_en_Aubrac_1_Piece_12_cm_Plein_Manche_en_Loupe_de_Peuplier_Mitre_Centrale_Ciselee_en_Inox_Brosse_00.jpg\",\"datePublished\":\"2023-08-23T16:07:27+00:00\",\"dateModified\":\"2024-10-23T14:48:57+00:00\",\"breadcrumb\":{\"@id\":\"https:\\\/\\\/laguiole.com\\\/en\\\/produit\\\/laguiole-en-aubrac-knife-1-piece-12-cm-full-handle-in-poplar-burr-chiselled-central-bolster-in-brushed-stainless-steel\\\/#breadcrumb\"},\"inLanguage\":\"en-US\",\"potentialAction\":[{\"@type\":\"ReadAction\",\"target\":[\"https:\\\/\\\/laguiole.com\\\/en\\\/produit\\\/laguiole-en-aubrac-knife-1-piece-12-cm-full-handle-in-poplar-burr-chiselled-central-bolster-in-brushed-stainless-steel\\\/\"]}]},{\"@type\":\"ImageObject\",\"inLanguage\":\"en-US\",\"@id\":\"https:\\\/\\\/laguiole.com\\\/en\\\/produit\\\/laguiole-en-aubrac-knife-1-piece-12-cm-full-handle-in-poplar-burr-chiselled-central-bolster-in-brushed-stainless-steel\\\/#primaryimage\",\"url\":\"https:\\\/\\\/laguiole.com\\\/wp-content\\\/uploads\\\/2023\\\/08\\\/Couteau_Laguiole_en_Aubrac_1_Piece_12_cm_Plein_Manche_en_Loupe_de_Peuplier_Mitre_Centrale_Ciselee_en_Inox_Brosse_00.jpg\",\"contentUrl\":\"https:\\\/\\\/laguiole.com\\\/wp-content\\\/uploads\\\/2023\\\/08\\\/Couteau_Laguiole_en_Aubrac_1_Piece_12_cm_Plein_Manche_en_Loupe_de_Peuplier_Mitre_Centrale_Ciselee_en_Inox_Brosse_00.jpg\",\"width\":1033,\"height\":1033,\"caption\":\"Couteau Laguiole en Aubrac 1 Pi\u00e8ce 12 cm Plein Manche en Loupe de Peuplier Mitre Centrale Cisel\u00e9e en Inox Bross\u00e9\"},{\"@type\":\"BreadcrumbList\",\"@id\":\"https:\\\/\\\/laguiole.com\\\/en\\\/produit\\\/laguiole-en-aubrac-knife-1-piece-12-cm-full-handle-in-poplar-burr-chiselled-central-bolster-in-brushed-stainless-steel\\\/#breadcrumb\",\"itemListElement\":[{\"@type\":\"ListItem\",\"position\":1,\"name\":\"Accueil\",\"item\":\"https:\\\/\\\/laguiole.com\\\/en\\\/\"},{\"@type\":\"ListItem\",\"position\":2,\"name\":\"Shop\",\"item\":\"https:\\\/\\\/laguiole.com\\\/en\\\/shop\\\/\"},{\"@type\":\"ListItem\",\"position\":3,\"name\":\"Laguiole en Aubrac Knife 1 Piece 12 cm Full Handle in Poplar Burr Chiselled Central Bolster in Brushed Stainless Steel\"}]},{\"@type\":\"WebSite\",\"@id\":\"https:\\\/\\\/laguiole.com\\\/en\\\/#website\",\"url\":\"https:\\\/\\\/laguiole.com\\\/en\\\/\",\"name\":\"Laguiole.com\",\"description\":\"Laguiole - Couteau laguiole, Chateau Laguiole, Laguiole en Aubrac, Forge de Laguiole\",\"publisher\":{\"@id\":\"https:\\\/\\\/laguiole.com\\\/en\\\/#organization\"},\"potentialAction\":[{\"@type\":\"SearchAction\",\"target\":{\"@type\":\"EntryPoint\",\"urlTemplate\":\"https:\\\/\\\/laguiole.com\\\/en\\\/?s={search_term_string}\"},\"query-input\":{\"@type\":\"PropertyValueSpecification\",\"valueRequired\":true,\"valueName\":\"search_term_string\"}}],\"inLanguage\":\"en-US\"},{\"@type\":\"Organization\",\"@id\":\"https:\\\/\\\/laguiole.com\\\/en\\\/#organization\",\"name\":\"Laguiole.com\",\"url\":\"https:\\\/\\\/laguiole.com\\\/en\\\/\",\"logo\":{\"@type\":\"ImageObject\",\"inLanguage\":\"en-US\",\"@id\":\"https:\\\/\\\/laguiole.com\\\/en\\\/#\\\/schema\\\/logo\\\/image\\\/\",\"url\":\"https:\\\/\\\/laguiole.com\\\/wp-content\\\/uploads\\\/2021\\\/02\\\/logo_laguiole.com-horizontal.jpg\",\"contentUrl\":\"https:\\\/\\\/laguiole.com\\\/wp-content\\\/uploads\\\/2021\\\/02\\\/logo_laguiole.com-horizontal.jpg\",\"width\":490,\"height\":156,\"caption\":\"Laguiole.com\"},\"image\":{\"@id\":\"https:\\\/\\\/laguiole.com\\\/en\\\/#\\\/schema\\\/logo\\\/image\\\/\"},\"sameAs\":[\"https:\\\/\\\/www.facebook.com\\\/laguiolecom\\\/\",\"https:\\\/\\\/www.instagram.com\\\/laguiolecom\\\/\",\"https:\\\/\\\/www.youtube.com\\\/@laguiolecom\\\/videos\"]}]}<\/script>\n<!-- \/ Yoast SEO plugin. -->","yoast_head_json":{"title":"Laguiole en Aubrac Knife 1 Piece 12 cm Full Handle in Poplar Burr Chiselled Central Bolster in Brushed Stainless Steel - Laguiole.com \u00ae","robots":{"index":"index","follow":"follow","max-snippet":"max-snippet:-1","max-image-preview":"max-image-preview:large","max-video-preview":"max-video-preview:-1"},"canonical":"https:\/\/laguiole.com\/en\/produit\/laguiole-en-aubrac-knife-1-piece-12-cm-full-handle-in-poplar-burr-chiselled-central-bolster-in-brushed-stainless-steel\/","og_locale":"en_US","og_type":"article","og_title":"Laguiole en Aubrac Knife 1 Piece 12 cm Full Handle in Poplar Burr Chiselled Central Bolster in Brushed Stainless Steel - Laguiole.com \u00ae","og_description":"Laguiole en Aubrac Folding Knife Brown Poplar Burl Handle Full Handle Blade 12C27 MOD Brushed Stainless Steel with Miter Spring Finely Chiseled by Hand in Stainless Steel Brushed in part and Customizable by Laser Engraving also Hand Forged and Chiselled Brushed Stainless Steel Plates Central stainless steel bolster Finely brushed Hand-chiseled Floral guillochage Fly: Handmade Forged Stylized Bee Decoration Unique piece Blade length 10cm Length of the knife closed 12cm Length of the open knife 22 cm","og_url":"https:\/\/laguiole.com\/en\/produit\/laguiole-en-aubrac-knife-1-piece-12-cm-full-handle-in-poplar-burr-chiselled-central-bolster-in-brushed-stainless-steel\/","og_site_name":"Laguiole.com \u00ae","article_publisher":"https:\/\/www.facebook.com\/laguiolecom\/","article_modified_time":"2024-10-23T14:48:57+00:00","og_image":[{"width":1033,"height":1033,"url":"https:\/\/laguiole.com\/wp-content\/uploads\/2023\/08\/Couteau_Laguiole_en_Aubrac_1_Piece_12_cm_Plein_Manche_en_Loupe_de_Peuplier_Mitre_Centrale_Ciselee_en_Inox_Brosse_00.jpg","type":"image\/jpeg"}],"twitter_card":"summary_large_image","schema":{"@context":"https:\/\/schema.org","@graph":[{"@type":"WebPage","@id":"https:\/\/laguiole.com\/en\/produit\/laguiole-en-aubrac-knife-1-piece-12-cm-full-handle-in-poplar-burr-chiselled-central-bolster-in-brushed-stainless-steel\/","url":"https:\/\/laguiole.com\/en\/produit\/laguiole-en-aubrac-knife-1-piece-12-cm-full-handle-in-poplar-burr-chiselled-central-bolster-in-brushed-stainless-steel\/","name":"Laguiole en Aubrac Knife 1 Piece 12 cm Full Handle in Poplar Burr Chiselled Central Bolster in Brushed Stainless Steel - Laguiole.com \u00ae","isPartOf":{"@id":"https:\/\/laguiole.com\/en\/#website"},"primaryImageOfPage":{"@id":"https:\/\/laguiole.com\/en\/produit\/laguiole-en-aubrac-knife-1-piece-12-cm-full-handle-in-poplar-burr-chiselled-central-bolster-in-brushed-stainless-steel\/#primaryimage"},"image":{"@id":"https:\/\/laguiole.com\/en\/produit\/laguiole-en-aubrac-knife-1-piece-12-cm-full-handle-in-poplar-burr-chiselled-central-bolster-in-brushed-stainless-steel\/#primaryimage"},"thumbnailUrl":"https:\/\/laguiole.com\/wp-content\/uploads\/2023\/08\/Couteau_Laguiole_en_Aubrac_1_Piece_12_cm_Plein_Manche_en_Loupe_de_Peuplier_Mitre_Centrale_Ciselee_en_Inox_Brosse_00.jpg","datePublished":"2023-08-23T16:07:27+00:00","dateModified":"2024-10-23T14:48:57+00:00","breadcrumb":{"@id":"https:\/\/laguiole.com\/en\/produit\/laguiole-en-aubrac-knife-1-piece-12-cm-full-handle-in-poplar-burr-chiselled-central-bolster-in-brushed-stainless-steel\/#breadcrumb"},"inLanguage":"en-US","potentialAction":[{"@type":"ReadAction","target":["https:\/\/laguiole.com\/en\/produit\/laguiole-en-aubrac-knife-1-piece-12-cm-full-handle-in-poplar-burr-chiselled-central-bolster-in-brushed-stainless-steel\/"]}]},{"@type":"ImageObject","inLanguage":"en-US","@id":"https:\/\/laguiole.com\/en\/produit\/laguiole-en-aubrac-knife-1-piece-12-cm-full-handle-in-poplar-burr-chiselled-central-bolster-in-brushed-stainless-steel\/#primaryimage","url":"https:\/\/laguiole.com\/wp-content\/uploads\/2023\/08\/Couteau_Laguiole_en_Aubrac_1_Piece_12_cm_Plein_Manche_en_Loupe_de_Peuplier_Mitre_Centrale_Ciselee_en_Inox_Brosse_00.jpg","contentUrl":"https:\/\/laguiole.com\/wp-content\/uploads\/2023\/08\/Couteau_Laguiole_en_Aubrac_1_Piece_12_cm_Plein_Manche_en_Loupe_de_Peuplier_Mitre_Centrale_Ciselee_en_Inox_Brosse_00.jpg","width":1033,"height":1033,"caption":"Couteau Laguiole en Aubrac 1 Pi\u00e8ce 12 cm Plein Manche en Loupe de Peuplier Mitre Centrale Cisel\u00e9e en Inox Bross\u00e9"},{"@type":"BreadcrumbList","@id":"https:\/\/laguiole.com\/en\/produit\/laguiole-en-aubrac-knife-1-piece-12-cm-full-handle-in-poplar-burr-chiselled-central-bolster-in-brushed-stainless-steel\/#breadcrumb","itemListElement":[{"@type":"ListItem","position":1,"name":"Accueil","item":"https:\/\/laguiole.com\/en\/"},{"@type":"ListItem","position":2,"name":"Shop","item":"https:\/\/laguiole.com\/en\/shop\/"},{"@type":"ListItem","position":3,"name":"Laguiole en Aubrac Knife 1 Piece 12 cm Full Handle in Poplar Burr Chiselled Central Bolster in Brushed Stainless Steel"}]},{"@type":"WebSite","@id":"https:\/\/laguiole.com\/en\/#website","url":"https:\/\/laguiole.com\/en\/","name":"Laguiole.com","description":"Laguiole - Couteau laguiole, Chateau Laguiole, Laguiole en Aubrac, Forge de Laguiole","publisher":{"@id":"https:\/\/laguiole.com\/en\/#organization"},"potentialAction":[{"@type":"SearchAction","target":{"@type":"EntryPoint","urlTemplate":"https:\/\/laguiole.com\/en\/?s={search_term_string}"},"query-input":{"@type":"PropertyValueSpecification","valueRequired":true,"valueName":"search_term_string"}}],"inLanguage":"en-US"},{"@type":"Organization","@id":"https:\/\/laguiole.com\/en\/#organization","name":"Laguiole.com","url":"https:\/\/laguiole.com\/en\/","logo":{"@type":"ImageObject","inLanguage":"en-US","@id":"https:\/\/laguiole.com\/en\/#\/schema\/logo\/image\/","url":"https:\/\/laguiole.com\/wp-content\/uploads\/2021\/02\/logo_laguiole.com-horizontal.jpg","contentUrl":"https:\/\/laguiole.com\/wp-content\/uploads\/2021\/02\/logo_laguiole.com-horizontal.jpg","width":490,"height":156,"caption":"Laguiole.com"},"image":{"@id":"https:\/\/laguiole.com\/en\/#\/schema\/logo\/image\/"},"sameAs":["https:\/\/www.facebook.com\/laguiolecom\/","https:\/\/www.instagram.com\/laguiolecom\/","https:\/\/www.youtube.com\/@laguiolecom\/videos"]}]}},"_links":{"self":[{"href":"https:\/\/laguiole.com\/en\/wp-json\/wp\/v2\/product\/12026","targetHints":{"allow":["GET"]}}],"collection":[{"href":"https:\/\/laguiole.com\/en\/wp-json\/wp\/v2\/product"}],"about":[{"href":"https:\/\/laguiole.com\/en\/wp-json\/wp\/v2\/types\/product"}],"version-history":[{"count":0,"href":"https:\/\/laguiole.com\/en\/wp-json\/wp\/v2\/product\/12026\/revisions"}],"wp:featuredmedia":[{"embeddable":true,"href":"https:\/\/laguiole.com\/en\/wp-json\/wp\/v2\/media\/12266"}],"wp:attachment":[{"href":"https:\/\/laguiole.com\/en\/wp-json\/wp\/v2\/media?parent=12026"}],"wp:term":[{"taxonomy":"product_brand","embeddable":true,"href":"https:\/\/laguiole.com\/en\/wp-json\/wp\/v2\/product_brand?post=12026"},{"taxonomy":"product_cat","embeddable":true,"href":"https:\/\/laguiole.com\/en\/wp-json\/wp\/v2\/product_cat?post=12026"},{"taxonomy":"product_tag","embeddable":true,"href":"https:\/\/laguiole.com\/en\/wp-json\/wp\/v2\/product_tag?post=12026"}],"curies":[{"name":"wp","href":"https:\/\/api.w.org\/{rel}","templated":true}]}}