{"id":11855,"date":"2023-08-18T12:42:57","date_gmt":"2023-08-18T10:42:57","guid":{"rendered":"https:\/\/laguiole.com\/?post_type=product&#038;p=11855"},"modified":"2025-01-01T21:53:06","modified_gmt":"2025-01-01T20:53:06","slug":"laguiole-en-aubrac-knife-1-piece-12cm-ebony-2-shiny-stainless-steel-bolsters-guilloche-plates-and-spring-shiny-finish","status":"publish","type":"product","link":"https:\/\/laguiole.com\/en\/produit\/laguiole-en-aubrac-knife-1-piece-12cm-ebony-2-shiny-stainless-steel-bolsters-guilloche-plates-and-spring-shiny-finish\/","title":{"rendered":"Laguiole en Aubrac knife 1 piece 12cm Ebony 2 Shiny Stainless Steel Bolsters Guilloche Plates and Spring Shiny Finish"},"content":{"rendered":"<p>Your Laguiole knife is made by the artisanal Laguiole en Aubrac factory.<br \/>\nThe blades, springs, massive stainless steel bolsters and nails are made at the Laguiole en Aubrac forge.<\/p>\n<p>Please note, we use materials of natural origin and we draw your attention to the fact that the appearance of our products may vary for the same support.<br \/>\nThis is what makes each finished product different.<br \/>\nOur photos are not contractual.<\/p>\n","protected":false},"excerpt":{"rendered":"<p>Laguiole en Aubrac Folding Knife<br \/>\n12C27 Shiny Stainless Steel Blade with Miter<br \/>\nEbony handle<br \/>\n2 Shiny Stainless Steel Bolsters<br \/>\nFly Forged and Chiselled by Hand<br \/>\nHand forged and guilloch\u00e9 spring in shiny stainless steel<br \/>\nSingle Hand Guilloche Plates in Shiny Stainless Steel<br \/>\nLength of the closed knife: 12 cm<br \/>\nBlade length: 10cm<br \/>\nLength of the open knife: 22 cm<\/p>\n","protected":false},"featured_media":13673,"template":"","meta":{"_acf_changed":false,"_monsterinsights_skip_tracking":false,"_monsterinsights_sitenote_active":false,"_monsterinsights_sitenote_note":"","_monsterinsights_sitenote_category":0},"product_brand":[],"product_cat":[156,465,3774],"product_tag":[],"class_list":{"0":"post-11855","1":"product","2":"type-product","3":"status-publish","4":"has-post-thumbnail","6":"product_cat-folding-knives","7":"product_cat-laguiole","8":"product_cat-the-traditional-with-and-without-corkscrew","9":"pa_composition-couteau-blade","10":"pa_finition-shiny","11":"pa_lame-shiny-stainless-steelen","12":"pa_manche-en-bois-ebonyen","13":"pa_marque-laguiole-en-aubracfr","14":"pa_mitres-2-bolters","15":"pa_mitres-shiny-stainless-steel","16":"pa_mouche-forged","17":"pa_platines-laiton0","18":"pa_platines-guillochees0","19":"pa_ressort-handcarved","20":"pa_taille-du-manche-12-cm0","21":"tm-has-options","24":"onbackorder","25":"taxable","26":"shipping-taxable","27":"purchasable","28":"product-type-simple"},"supplier_id":null,"supplier_sku":"","barcode":null,"atum_controlled":true,"out_stock_date":"2025-01-01 21:53:06","out_stock_threshold":null,"inheritable":false,"inbound_stock":0,"stock_on_hold":0,"sold_today":0,"sales_last_days":0,"reserved_stock":0,"customer_returns":0,"warehouse_damage":0,"lost_in_post":0,"other_logs":0,"out_stock_days":481,"lost_sales":0,"has_location":false,"update_date":"2026-04-28T00:39:12","atum_locations":[],"atum_stock_status":"onbackorder","restock_status":false,"low_stock_amount":"","sales_update_date":"2026-04-28T00:39:12","calc_backorders":0,"acf":[],"yoast_head":"<!-- This site is optimized with the Yoast SEO plugin v27.3 - https:\/\/yoast.com\/product\/yoast-seo-wordpress\/ -->\n<title>Laguiole en Aubrac knife 1 piece 12cm Ebony 2 Shiny Stainless Steel Bolsters Guilloche Plates and Spring Shiny Finish - Laguiole.com \u00ae<\/title>\n<meta name=\"robots\" content=\"index, follow, max-snippet:-1, max-image-preview:large, max-video-preview:-1\" \/>\n<link rel=\"canonical\" href=\"https:\/\/laguiole.com\/en\/produit\/laguiole-en-aubrac-knife-1-piece-12cm-ebony-2-shiny-stainless-steel-bolsters-guilloche-plates-and-spring-shiny-finish\/\" \/>\n<meta property=\"og:locale\" content=\"en_US\" \/>\n<meta property=\"og:type\" content=\"article\" \/>\n<meta property=\"og:title\" content=\"Laguiole en Aubrac knife 1 piece 12cm Ebony 2 Shiny Stainless Steel Bolsters Guilloche Plates and Spring Shiny Finish - Laguiole.com \u00ae\" \/>\n<meta property=\"og:description\" content=\"Laguiole en Aubrac Folding Knife 12C27 Shiny Stainless Steel Blade with Miter Ebony handle 2 Shiny Stainless Steel Bolsters Fly Forged and Chiselled by Hand Hand forged and guilloch\u00e9 spring in shiny stainless steel Single Hand Guilloche Plates in Shiny Stainless Steel Length of the closed knife: 12 cm Blade length: 10cm Length of the open knife: 22 cm\" \/>\n<meta property=\"og:url\" content=\"https:\/\/laguiole.com\/en\/produit\/laguiole-en-aubrac-knife-1-piece-12cm-ebony-2-shiny-stainless-steel-bolsters-guilloche-plates-and-spring-shiny-finish\/\" \/>\n<meta property=\"og:site_name\" content=\"Laguiole.com \u00ae\" \/>\n<meta property=\"article:publisher\" content=\"https:\/\/www.facebook.com\/laguiolecom\/\" \/>\n<meta property=\"article:modified_time\" content=\"2025-01-01T20:53:06+00:00\" \/>\n<meta property=\"og:image\" content=\"https:\/\/laguiole.com\/wp-content\/uploads\/2023\/08\/Couteau_Laguiole_en_Aubrac_1_piece_12cm_Ebene_2_Mitres_Inox_Brillant_Platines_et_Ressort_Guilloches_Finition_Brillante_00.jpg\" \/>\n\t<meta property=\"og:image:width\" content=\"1033\" \/>\n\t<meta property=\"og:image:height\" content=\"1033\" \/>\n\t<meta property=\"og:image:type\" content=\"image\/jpeg\" \/>\n<meta name=\"twitter:card\" content=\"summary_large_image\" \/>\n<script type=\"application\/ld+json\" class=\"yoast-schema-graph\">{\"@context\":\"https:\\\/\\\/schema.org\",\"@graph\":[{\"@type\":\"WebPage\",\"@id\":\"https:\\\/\\\/laguiole.com\\\/en\\\/produit\\\/laguiole-en-aubrac-knife-1-piece-12cm-ebony-2-shiny-stainless-steel-bolsters-guilloche-plates-and-spring-shiny-finish\\\/\",\"url\":\"https:\\\/\\\/laguiole.com\\\/en\\\/produit\\\/laguiole-en-aubrac-knife-1-piece-12cm-ebony-2-shiny-stainless-steel-bolsters-guilloche-plates-and-spring-shiny-finish\\\/\",\"name\":\"Laguiole en Aubrac knife 1 piece 12cm Ebony 2 Shiny Stainless Steel Bolsters Guilloche Plates and Spring Shiny Finish - Laguiole.com \u00ae\",\"isPartOf\":{\"@id\":\"https:\\\/\\\/laguiole.com\\\/en\\\/#website\"},\"primaryImageOfPage\":{\"@id\":\"https:\\\/\\\/laguiole.com\\\/en\\\/produit\\\/laguiole-en-aubrac-knife-1-piece-12cm-ebony-2-shiny-stainless-steel-bolsters-guilloche-plates-and-spring-shiny-finish\\\/#primaryimage\"},\"image\":{\"@id\":\"https:\\\/\\\/laguiole.com\\\/en\\\/produit\\\/laguiole-en-aubrac-knife-1-piece-12cm-ebony-2-shiny-stainless-steel-bolsters-guilloche-plates-and-spring-shiny-finish\\\/#primaryimage\"},\"thumbnailUrl\":\"https:\\\/\\\/laguiole.com\\\/wp-content\\\/uploads\\\/2023\\\/08\\\/Couteau_Laguiole_en_Aubrac_1_piece_12cm_Ebene_2_Mitres_Inox_Brillant_Platines_et_Ressort_Guilloches_Finition_Brillante_00.jpg\",\"datePublished\":\"2023-08-18T10:42:57+00:00\",\"dateModified\":\"2025-01-01T20:53:06+00:00\",\"breadcrumb\":{\"@id\":\"https:\\\/\\\/laguiole.com\\\/en\\\/produit\\\/laguiole-en-aubrac-knife-1-piece-12cm-ebony-2-shiny-stainless-steel-bolsters-guilloche-plates-and-spring-shiny-finish\\\/#breadcrumb\"},\"inLanguage\":\"en-US\",\"potentialAction\":[{\"@type\":\"ReadAction\",\"target\":[\"https:\\\/\\\/laguiole.com\\\/en\\\/produit\\\/laguiole-en-aubrac-knife-1-piece-12cm-ebony-2-shiny-stainless-steel-bolsters-guilloche-plates-and-spring-shiny-finish\\\/\"]}]},{\"@type\":\"ImageObject\",\"inLanguage\":\"en-US\",\"@id\":\"https:\\\/\\\/laguiole.com\\\/en\\\/produit\\\/laguiole-en-aubrac-knife-1-piece-12cm-ebony-2-shiny-stainless-steel-bolsters-guilloche-plates-and-spring-shiny-finish\\\/#primaryimage\",\"url\":\"https:\\\/\\\/laguiole.com\\\/wp-content\\\/uploads\\\/2023\\\/08\\\/Couteau_Laguiole_en_Aubrac_1_piece_12cm_Ebene_2_Mitres_Inox_Brillant_Platines_et_Ressort_Guilloches_Finition_Brillante_00.jpg\",\"contentUrl\":\"https:\\\/\\\/laguiole.com\\\/wp-content\\\/uploads\\\/2023\\\/08\\\/Couteau_Laguiole_en_Aubrac_1_piece_12cm_Ebene_2_Mitres_Inox_Brillant_Platines_et_Ressort_Guilloches_Finition_Brillante_00.jpg\",\"width\":1033,\"height\":1033,\"caption\":\"Couteau Laguiole en Aubrac 1 pi\u00e8ce 12cm Eb\u00e8ne 2 Mitres Inox Brillant Platines et Ressort Guilloch\u00e9s Finition Brillante\"},{\"@type\":\"BreadcrumbList\",\"@id\":\"https:\\\/\\\/laguiole.com\\\/en\\\/produit\\\/laguiole-en-aubrac-knife-1-piece-12cm-ebony-2-shiny-stainless-steel-bolsters-guilloche-plates-and-spring-shiny-finish\\\/#breadcrumb\",\"itemListElement\":[{\"@type\":\"ListItem\",\"position\":1,\"name\":\"Accueil\",\"item\":\"https:\\\/\\\/laguiole.com\\\/en\\\/\"},{\"@type\":\"ListItem\",\"position\":2,\"name\":\"Shop\",\"item\":\"https:\\\/\\\/laguiole.com\\\/en\\\/shop\\\/\"},{\"@type\":\"ListItem\",\"position\":3,\"name\":\"Laguiole en Aubrac knife 1 piece 12cm Ebony 2 Shiny Stainless Steel Bolsters Guilloche Plates and Spring Shiny Finish\"}]},{\"@type\":\"WebSite\",\"@id\":\"https:\\\/\\\/laguiole.com\\\/en\\\/#website\",\"url\":\"https:\\\/\\\/laguiole.com\\\/en\\\/\",\"name\":\"Laguiole.com\",\"description\":\"Laguiole - Couteau laguiole, Chateau Laguiole, Laguiole en Aubrac, Forge de Laguiole\",\"publisher\":{\"@id\":\"https:\\\/\\\/laguiole.com\\\/en\\\/#organization\"},\"potentialAction\":[{\"@type\":\"SearchAction\",\"target\":{\"@type\":\"EntryPoint\",\"urlTemplate\":\"https:\\\/\\\/laguiole.com\\\/en\\\/?s={search_term_string}\"},\"query-input\":{\"@type\":\"PropertyValueSpecification\",\"valueRequired\":true,\"valueName\":\"search_term_string\"}}],\"inLanguage\":\"en-US\"},{\"@type\":\"Organization\",\"@id\":\"https:\\\/\\\/laguiole.com\\\/en\\\/#organization\",\"name\":\"Laguiole.com\",\"url\":\"https:\\\/\\\/laguiole.com\\\/en\\\/\",\"logo\":{\"@type\":\"ImageObject\",\"inLanguage\":\"en-US\",\"@id\":\"https:\\\/\\\/laguiole.com\\\/en\\\/#\\\/schema\\\/logo\\\/image\\\/\",\"url\":\"https:\\\/\\\/laguiole.com\\\/wp-content\\\/uploads\\\/2021\\\/02\\\/logo_laguiole.com-horizontal.jpg\",\"contentUrl\":\"https:\\\/\\\/laguiole.com\\\/wp-content\\\/uploads\\\/2021\\\/02\\\/logo_laguiole.com-horizontal.jpg\",\"width\":490,\"height\":156,\"caption\":\"Laguiole.com\"},\"image\":{\"@id\":\"https:\\\/\\\/laguiole.com\\\/en\\\/#\\\/schema\\\/logo\\\/image\\\/\"},\"sameAs\":[\"https:\\\/\\\/www.facebook.com\\\/laguiolecom\\\/\",\"https:\\\/\\\/www.instagram.com\\\/laguiolecom\\\/\",\"https:\\\/\\\/www.youtube.com\\\/@laguiolecom\\\/videos\"]}]}<\/script>\n<!-- \/ Yoast SEO plugin. -->","yoast_head_json":{"title":"Laguiole en Aubrac knife 1 piece 12cm Ebony 2 Shiny Stainless Steel Bolsters Guilloche Plates and Spring Shiny Finish - Laguiole.com \u00ae","robots":{"index":"index","follow":"follow","max-snippet":"max-snippet:-1","max-image-preview":"max-image-preview:large","max-video-preview":"max-video-preview:-1"},"canonical":"https:\/\/laguiole.com\/en\/produit\/laguiole-en-aubrac-knife-1-piece-12cm-ebony-2-shiny-stainless-steel-bolsters-guilloche-plates-and-spring-shiny-finish\/","og_locale":"en_US","og_type":"article","og_title":"Laguiole en Aubrac knife 1 piece 12cm Ebony 2 Shiny Stainless Steel Bolsters Guilloche Plates and Spring Shiny Finish - Laguiole.com \u00ae","og_description":"Laguiole en Aubrac Folding Knife 12C27 Shiny Stainless Steel Blade with Miter Ebony handle 2 Shiny Stainless Steel Bolsters Fly Forged and Chiselled by Hand Hand forged and guilloch\u00e9 spring in shiny stainless steel Single Hand Guilloche Plates in Shiny Stainless Steel Length of the closed knife: 12 cm Blade length: 10cm Length of the open knife: 22 cm","og_url":"https:\/\/laguiole.com\/en\/produit\/laguiole-en-aubrac-knife-1-piece-12cm-ebony-2-shiny-stainless-steel-bolsters-guilloche-plates-and-spring-shiny-finish\/","og_site_name":"Laguiole.com \u00ae","article_publisher":"https:\/\/www.facebook.com\/laguiolecom\/","article_modified_time":"2025-01-01T20:53:06+00:00","og_image":[{"width":1033,"height":1033,"url":"https:\/\/laguiole.com\/wp-content\/uploads\/2023\/08\/Couteau_Laguiole_en_Aubrac_1_piece_12cm_Ebene_2_Mitres_Inox_Brillant_Platines_et_Ressort_Guilloches_Finition_Brillante_00.jpg","type":"image\/jpeg"}],"twitter_card":"summary_large_image","schema":{"@context":"https:\/\/schema.org","@graph":[{"@type":"WebPage","@id":"https:\/\/laguiole.com\/en\/produit\/laguiole-en-aubrac-knife-1-piece-12cm-ebony-2-shiny-stainless-steel-bolsters-guilloche-plates-and-spring-shiny-finish\/","url":"https:\/\/laguiole.com\/en\/produit\/laguiole-en-aubrac-knife-1-piece-12cm-ebony-2-shiny-stainless-steel-bolsters-guilloche-plates-and-spring-shiny-finish\/","name":"Laguiole en Aubrac knife 1 piece 12cm Ebony 2 Shiny Stainless Steel Bolsters Guilloche Plates and Spring Shiny Finish - Laguiole.com \u00ae","isPartOf":{"@id":"https:\/\/laguiole.com\/en\/#website"},"primaryImageOfPage":{"@id":"https:\/\/laguiole.com\/en\/produit\/laguiole-en-aubrac-knife-1-piece-12cm-ebony-2-shiny-stainless-steel-bolsters-guilloche-plates-and-spring-shiny-finish\/#primaryimage"},"image":{"@id":"https:\/\/laguiole.com\/en\/produit\/laguiole-en-aubrac-knife-1-piece-12cm-ebony-2-shiny-stainless-steel-bolsters-guilloche-plates-and-spring-shiny-finish\/#primaryimage"},"thumbnailUrl":"https:\/\/laguiole.com\/wp-content\/uploads\/2023\/08\/Couteau_Laguiole_en_Aubrac_1_piece_12cm_Ebene_2_Mitres_Inox_Brillant_Platines_et_Ressort_Guilloches_Finition_Brillante_00.jpg","datePublished":"2023-08-18T10:42:57+00:00","dateModified":"2025-01-01T20:53:06+00:00","breadcrumb":{"@id":"https:\/\/laguiole.com\/en\/produit\/laguiole-en-aubrac-knife-1-piece-12cm-ebony-2-shiny-stainless-steel-bolsters-guilloche-plates-and-spring-shiny-finish\/#breadcrumb"},"inLanguage":"en-US","potentialAction":[{"@type":"ReadAction","target":["https:\/\/laguiole.com\/en\/produit\/laguiole-en-aubrac-knife-1-piece-12cm-ebony-2-shiny-stainless-steel-bolsters-guilloche-plates-and-spring-shiny-finish\/"]}]},{"@type":"ImageObject","inLanguage":"en-US","@id":"https:\/\/laguiole.com\/en\/produit\/laguiole-en-aubrac-knife-1-piece-12cm-ebony-2-shiny-stainless-steel-bolsters-guilloche-plates-and-spring-shiny-finish\/#primaryimage","url":"https:\/\/laguiole.com\/wp-content\/uploads\/2023\/08\/Couteau_Laguiole_en_Aubrac_1_piece_12cm_Ebene_2_Mitres_Inox_Brillant_Platines_et_Ressort_Guilloches_Finition_Brillante_00.jpg","contentUrl":"https:\/\/laguiole.com\/wp-content\/uploads\/2023\/08\/Couteau_Laguiole_en_Aubrac_1_piece_12cm_Ebene_2_Mitres_Inox_Brillant_Platines_et_Ressort_Guilloches_Finition_Brillante_00.jpg","width":1033,"height":1033,"caption":"Couteau Laguiole en Aubrac 1 pi\u00e8ce 12cm Eb\u00e8ne 2 Mitres Inox Brillant Platines et Ressort Guilloch\u00e9s Finition Brillante"},{"@type":"BreadcrumbList","@id":"https:\/\/laguiole.com\/en\/produit\/laguiole-en-aubrac-knife-1-piece-12cm-ebony-2-shiny-stainless-steel-bolsters-guilloche-plates-and-spring-shiny-finish\/#breadcrumb","itemListElement":[{"@type":"ListItem","position":1,"name":"Accueil","item":"https:\/\/laguiole.com\/en\/"},{"@type":"ListItem","position":2,"name":"Shop","item":"https:\/\/laguiole.com\/en\/shop\/"},{"@type":"ListItem","position":3,"name":"Laguiole en Aubrac knife 1 piece 12cm Ebony 2 Shiny Stainless Steel Bolsters Guilloche Plates and Spring Shiny Finish"}]},{"@type":"WebSite","@id":"https:\/\/laguiole.com\/en\/#website","url":"https:\/\/laguiole.com\/en\/","name":"Laguiole.com","description":"Laguiole - Couteau laguiole, Chateau Laguiole, Laguiole en Aubrac, Forge de Laguiole","publisher":{"@id":"https:\/\/laguiole.com\/en\/#organization"},"potentialAction":[{"@type":"SearchAction","target":{"@type":"EntryPoint","urlTemplate":"https:\/\/laguiole.com\/en\/?s={search_term_string}"},"query-input":{"@type":"PropertyValueSpecification","valueRequired":true,"valueName":"search_term_string"}}],"inLanguage":"en-US"},{"@type":"Organization","@id":"https:\/\/laguiole.com\/en\/#organization","name":"Laguiole.com","url":"https:\/\/laguiole.com\/en\/","logo":{"@type":"ImageObject","inLanguage":"en-US","@id":"https:\/\/laguiole.com\/en\/#\/schema\/logo\/image\/","url":"https:\/\/laguiole.com\/wp-content\/uploads\/2021\/02\/logo_laguiole.com-horizontal.jpg","contentUrl":"https:\/\/laguiole.com\/wp-content\/uploads\/2021\/02\/logo_laguiole.com-horizontal.jpg","width":490,"height":156,"caption":"Laguiole.com"},"image":{"@id":"https:\/\/laguiole.com\/en\/#\/schema\/logo\/image\/"},"sameAs":["https:\/\/www.facebook.com\/laguiolecom\/","https:\/\/www.instagram.com\/laguiolecom\/","https:\/\/www.youtube.com\/@laguiolecom\/videos"]}]}},"_links":{"self":[{"href":"https:\/\/laguiole.com\/en\/wp-json\/wp\/v2\/product\/11855","targetHints":{"allow":["GET"]}}],"collection":[{"href":"https:\/\/laguiole.com\/en\/wp-json\/wp\/v2\/product"}],"about":[{"href":"https:\/\/laguiole.com\/en\/wp-json\/wp\/v2\/types\/product"}],"version-history":[{"count":0,"href":"https:\/\/laguiole.com\/en\/wp-json\/wp\/v2\/product\/11855\/revisions"}],"wp:featuredmedia":[{"embeddable":true,"href":"https:\/\/laguiole.com\/en\/wp-json\/wp\/v2\/media\/13673"}],"wp:attachment":[{"href":"https:\/\/laguiole.com\/en\/wp-json\/wp\/v2\/media?parent=11855"}],"wp:term":[{"taxonomy":"product_brand","embeddable":true,"href":"https:\/\/laguiole.com\/en\/wp-json\/wp\/v2\/product_brand?post=11855"},{"taxonomy":"product_cat","embeddable":true,"href":"https:\/\/laguiole.com\/en\/wp-json\/wp\/v2\/product_cat?post=11855"},{"taxonomy":"product_tag","embeddable":true,"href":"https:\/\/laguiole.com\/en\/wp-json\/wp\/v2\/product_tag?post=11855"}],"curies":[{"name":"wp","href":"https:\/\/api.w.org\/{rel}","templated":true}]}}