{"id":10886,"date":"2023-07-29T23:57:20","date_gmt":"2023-07-29T21:57:20","guid":{"rendered":"https:\/\/laguiole.com\/?post_type=product&#038;p=10886"},"modified":"2024-10-23T16:43:21","modified_gmt":"2024-10-23T14:43:21","slug":"laguiole-en-aubrac-straight-knife-1-piece-13-cm-juniper-full-handle-brushed-stainless-steel-blade","status":"publish","type":"product","link":"https:\/\/laguiole.com\/en\/produit\/laguiole-en-aubrac-straight-knife-1-piece-13-cm-juniper-full-handle-brushed-stainless-steel-blade\/","title":{"rendered":"Laguiole en Aubrac Straight Knife 1 Piece 13 cm Juniper Full Handle Brushed Stainless Steel Blade"},"content":{"rendered":"","protected":false},"excerpt":{"rendered":"<p>Laguiole en Aubrac Folding Knife Couteau Grande Taille 13cm<br \/>\nJuniper Handle<br \/>\nFull Handle<br \/>\nSpring Forged and Carved by hand<br \/>\nBrushed Stainless Steel Blade with Tab<br \/>\nBrass plates<br \/>\nBlade length 11cm<br \/>\nLength of the knife closed 13cm<br \/>\nLength of the open knife 24cm<\/p>\n","protected":false},"featured_media":12399,"template":"","meta":{"_acf_changed":false,"_monsterinsights_skip_tracking":false,"_monsterinsights_sitenote_active":false,"_monsterinsights_sitenote_note":"","_monsterinsights_sitenote_category":0},"product_brand":[],"product_cat":[156,465,835],"product_tag":[],"class_list":{"0":"post-10886","1":"product","2":"type-product","3":"status-publish","4":"has-post-thumbnail","6":"product_cat-folding-knives","7":"product_cat-laguiole","8":"product_cat-the-specials","9":"pa_composition-couteau-blade","10":"pa_finition-brusheden","11":"pa_lame-brushed-stainless-steelen","12":"pa_manche-en-bois-juniper-en","13":"pa_marque-laguiole-en-aubracfr","14":"pa_mitres-full-handle","15":"pa_mouche-forged","16":"pa_platines-laiton0","17":"pa_platines-single-plate0","18":"pa_ressort-handcarved","19":"pa_taille-du-manche-13-cm","20":"tm-has-options","23":"instock","24":"taxable","25":"shipping-taxable","26":"purchasable","27":"product-type-simple"},"supplier_id":null,"supplier_sku":"","barcode":null,"atum_controlled":true,"out_stock_date":null,"out_stock_threshold":null,"inheritable":false,"inbound_stock":null,"stock_on_hold":0,"sold_today":0,"sales_last_days":0,"reserved_stock":null,"customer_returns":null,"warehouse_damage":null,"lost_in_post":null,"other_logs":null,"out_stock_days":0,"lost_sales":0,"has_location":null,"update_date":"2026-04-29T00:38:44","atum_locations":[],"atum_stock_status":"instock","restock_status":false,"low_stock_amount":"","sales_update_date":"2026-04-29T00:38:44","calc_backorders":0,"acf":[],"yoast_head":"<!-- This site is optimized with the Yoast SEO plugin v27.3 - https:\/\/yoast.com\/product\/yoast-seo-wordpress\/ -->\n<title>Laguiole en Aubrac Straight Knife 1 Piece 13 cm Juniper Full Handle Brushed Stainless Steel Blade - Laguiole.com \u00ae<\/title>\n<meta name=\"robots\" content=\"index, follow, max-snippet:-1, max-image-preview:large, max-video-preview:-1\" \/>\n<link rel=\"canonical\" href=\"https:\/\/laguiole.com\/en\/produit\/laguiole-en-aubrac-straight-knife-1-piece-13-cm-juniper-full-handle-brushed-stainless-steel-blade\/\" \/>\n<meta property=\"og:locale\" content=\"en_US\" \/>\n<meta property=\"og:type\" content=\"article\" \/>\n<meta property=\"og:title\" content=\"Laguiole en Aubrac Straight Knife 1 Piece 13 cm Juniper Full Handle Brushed Stainless Steel Blade - Laguiole.com \u00ae\" \/>\n<meta property=\"og:description\" content=\"Laguiole en Aubrac Folding Knife Couteau Grande Taille 13cm Juniper Handle Full Handle Spring Forged and Carved by hand Brushed Stainless Steel Blade with Tab Brass plates Blade length 11cm Length of the knife closed 13cm Length of the open knife 24cm\" \/>\n<meta property=\"og:url\" content=\"https:\/\/laguiole.com\/en\/produit\/laguiole-en-aubrac-straight-knife-1-piece-13-cm-juniper-full-handle-brushed-stainless-steel-blade\/\" \/>\n<meta property=\"og:site_name\" content=\"Laguiole.com \u00ae\" \/>\n<meta property=\"article:publisher\" content=\"https:\/\/www.facebook.com\/laguiolecom\/\" \/>\n<meta property=\"article:modified_time\" content=\"2024-10-23T14:43:21+00:00\" \/>\n<meta property=\"og:image\" content=\"https:\/\/laguiole.com\/wp-content\/uploads\/2023\/07\/Couteau_Laguiole_en_Aubrac_Droit_1_Piece_13_cm_Genevrier_Plein_Manche_Lame_Inox_Brosse_00.jpg\" \/>\n\t<meta property=\"og:image:width\" content=\"1033\" \/>\n\t<meta property=\"og:image:height\" content=\"1033\" \/>\n\t<meta property=\"og:image:type\" content=\"image\/jpeg\" \/>\n<meta name=\"twitter:card\" content=\"summary_large_image\" \/>\n<script type=\"application\/ld+json\" class=\"yoast-schema-graph\">{\"@context\":\"https:\\\/\\\/schema.org\",\"@graph\":[{\"@type\":\"WebPage\",\"@id\":\"https:\\\/\\\/laguiole.com\\\/en\\\/produit\\\/laguiole-en-aubrac-straight-knife-1-piece-13-cm-juniper-full-handle-brushed-stainless-steel-blade\\\/\",\"url\":\"https:\\\/\\\/laguiole.com\\\/en\\\/produit\\\/laguiole-en-aubrac-straight-knife-1-piece-13-cm-juniper-full-handle-brushed-stainless-steel-blade\\\/\",\"name\":\"Laguiole en Aubrac Straight Knife 1 Piece 13 cm Juniper Full Handle Brushed Stainless Steel Blade - Laguiole.com \u00ae\",\"isPartOf\":{\"@id\":\"https:\\\/\\\/laguiole.com\\\/en\\\/#website\"},\"primaryImageOfPage\":{\"@id\":\"https:\\\/\\\/laguiole.com\\\/en\\\/produit\\\/laguiole-en-aubrac-straight-knife-1-piece-13-cm-juniper-full-handle-brushed-stainless-steel-blade\\\/#primaryimage\"},\"image\":{\"@id\":\"https:\\\/\\\/laguiole.com\\\/en\\\/produit\\\/laguiole-en-aubrac-straight-knife-1-piece-13-cm-juniper-full-handle-brushed-stainless-steel-blade\\\/#primaryimage\"},\"thumbnailUrl\":\"https:\\\/\\\/laguiole.com\\\/wp-content\\\/uploads\\\/2023\\\/07\\\/Couteau_Laguiole_en_Aubrac_Droit_1_Piece_13_cm_Genevrier_Plein_Manche_Lame_Inox_Brosse_00.jpg\",\"datePublished\":\"2023-07-29T21:57:20+00:00\",\"dateModified\":\"2024-10-23T14:43:21+00:00\",\"breadcrumb\":{\"@id\":\"https:\\\/\\\/laguiole.com\\\/en\\\/produit\\\/laguiole-en-aubrac-straight-knife-1-piece-13-cm-juniper-full-handle-brushed-stainless-steel-blade\\\/#breadcrumb\"},\"inLanguage\":\"en-US\",\"potentialAction\":[{\"@type\":\"ReadAction\",\"target\":[\"https:\\\/\\\/laguiole.com\\\/en\\\/produit\\\/laguiole-en-aubrac-straight-knife-1-piece-13-cm-juniper-full-handle-brushed-stainless-steel-blade\\\/\"]}]},{\"@type\":\"ImageObject\",\"inLanguage\":\"en-US\",\"@id\":\"https:\\\/\\\/laguiole.com\\\/en\\\/produit\\\/laguiole-en-aubrac-straight-knife-1-piece-13-cm-juniper-full-handle-brushed-stainless-steel-blade\\\/#primaryimage\",\"url\":\"https:\\\/\\\/laguiole.com\\\/wp-content\\\/uploads\\\/2023\\\/07\\\/Couteau_Laguiole_en_Aubrac_Droit_1_Piece_13_cm_Genevrier_Plein_Manche_Lame_Inox_Brosse_00.jpg\",\"contentUrl\":\"https:\\\/\\\/laguiole.com\\\/wp-content\\\/uploads\\\/2023\\\/07\\\/Couteau_Laguiole_en_Aubrac_Droit_1_Piece_13_cm_Genevrier_Plein_Manche_Lame_Inox_Brosse_00.jpg\",\"width\":1033,\"height\":1033,\"caption\":\"Couteau Laguiole en Aubrac Droit 1 Pi\u00e8ce 13 cm Gen\u00e9vrier Plein Manche Lame Inox Bross\u00e9\"},{\"@type\":\"BreadcrumbList\",\"@id\":\"https:\\\/\\\/laguiole.com\\\/en\\\/produit\\\/laguiole-en-aubrac-straight-knife-1-piece-13-cm-juniper-full-handle-brushed-stainless-steel-blade\\\/#breadcrumb\",\"itemListElement\":[{\"@type\":\"ListItem\",\"position\":1,\"name\":\"Accueil\",\"item\":\"https:\\\/\\\/laguiole.com\\\/en\\\/\"},{\"@type\":\"ListItem\",\"position\":2,\"name\":\"Shop\",\"item\":\"https:\\\/\\\/laguiole.com\\\/en\\\/shop\\\/\"},{\"@type\":\"ListItem\",\"position\":3,\"name\":\"Laguiole en Aubrac Straight Knife 1 Piece 13 cm Juniper Full Handle Brushed Stainless Steel Blade\"}]},{\"@type\":\"WebSite\",\"@id\":\"https:\\\/\\\/laguiole.com\\\/en\\\/#website\",\"url\":\"https:\\\/\\\/laguiole.com\\\/en\\\/\",\"name\":\"Laguiole.com\",\"description\":\"Laguiole - Couteau laguiole, Chateau Laguiole, Laguiole en Aubrac, Forge de Laguiole\",\"publisher\":{\"@id\":\"https:\\\/\\\/laguiole.com\\\/en\\\/#organization\"},\"potentialAction\":[{\"@type\":\"SearchAction\",\"target\":{\"@type\":\"EntryPoint\",\"urlTemplate\":\"https:\\\/\\\/laguiole.com\\\/en\\\/?s={search_term_string}\"},\"query-input\":{\"@type\":\"PropertyValueSpecification\",\"valueRequired\":true,\"valueName\":\"search_term_string\"}}],\"inLanguage\":\"en-US\"},{\"@type\":\"Organization\",\"@id\":\"https:\\\/\\\/laguiole.com\\\/en\\\/#organization\",\"name\":\"Laguiole.com\",\"url\":\"https:\\\/\\\/laguiole.com\\\/en\\\/\",\"logo\":{\"@type\":\"ImageObject\",\"inLanguage\":\"en-US\",\"@id\":\"https:\\\/\\\/laguiole.com\\\/en\\\/#\\\/schema\\\/logo\\\/image\\\/\",\"url\":\"https:\\\/\\\/laguiole.com\\\/wp-content\\\/uploads\\\/2021\\\/02\\\/logo_laguiole.com-horizontal.jpg\",\"contentUrl\":\"https:\\\/\\\/laguiole.com\\\/wp-content\\\/uploads\\\/2021\\\/02\\\/logo_laguiole.com-horizontal.jpg\",\"width\":490,\"height\":156,\"caption\":\"Laguiole.com\"},\"image\":{\"@id\":\"https:\\\/\\\/laguiole.com\\\/en\\\/#\\\/schema\\\/logo\\\/image\\\/\"},\"sameAs\":[\"https:\\\/\\\/www.facebook.com\\\/laguiolecom\\\/\",\"https:\\\/\\\/www.instagram.com\\\/laguiolecom\\\/\",\"https:\\\/\\\/www.youtube.com\\\/@laguiolecom\\\/videos\"]}]}<\/script>\n<!-- \/ Yoast SEO plugin. -->","yoast_head_json":{"title":"Laguiole en Aubrac Straight Knife 1 Piece 13 cm Juniper Full Handle Brushed Stainless Steel Blade - Laguiole.com \u00ae","robots":{"index":"index","follow":"follow","max-snippet":"max-snippet:-1","max-image-preview":"max-image-preview:large","max-video-preview":"max-video-preview:-1"},"canonical":"https:\/\/laguiole.com\/en\/produit\/laguiole-en-aubrac-straight-knife-1-piece-13-cm-juniper-full-handle-brushed-stainless-steel-blade\/","og_locale":"en_US","og_type":"article","og_title":"Laguiole en Aubrac Straight Knife 1 Piece 13 cm Juniper Full Handle Brushed Stainless Steel Blade - Laguiole.com \u00ae","og_description":"Laguiole en Aubrac Folding Knife Couteau Grande Taille 13cm Juniper Handle Full Handle Spring Forged and Carved by hand Brushed Stainless Steel Blade with Tab Brass plates Blade length 11cm Length of the knife closed 13cm Length of the open knife 24cm","og_url":"https:\/\/laguiole.com\/en\/produit\/laguiole-en-aubrac-straight-knife-1-piece-13-cm-juniper-full-handle-brushed-stainless-steel-blade\/","og_site_name":"Laguiole.com \u00ae","article_publisher":"https:\/\/www.facebook.com\/laguiolecom\/","article_modified_time":"2024-10-23T14:43:21+00:00","og_image":[{"width":1033,"height":1033,"url":"https:\/\/laguiole.com\/wp-content\/uploads\/2023\/07\/Couteau_Laguiole_en_Aubrac_Droit_1_Piece_13_cm_Genevrier_Plein_Manche_Lame_Inox_Brosse_00.jpg","type":"image\/jpeg"}],"twitter_card":"summary_large_image","schema":{"@context":"https:\/\/schema.org","@graph":[{"@type":"WebPage","@id":"https:\/\/laguiole.com\/en\/produit\/laguiole-en-aubrac-straight-knife-1-piece-13-cm-juniper-full-handle-brushed-stainless-steel-blade\/","url":"https:\/\/laguiole.com\/en\/produit\/laguiole-en-aubrac-straight-knife-1-piece-13-cm-juniper-full-handle-brushed-stainless-steel-blade\/","name":"Laguiole en Aubrac Straight Knife 1 Piece 13 cm Juniper Full Handle Brushed Stainless Steel Blade - Laguiole.com \u00ae","isPartOf":{"@id":"https:\/\/laguiole.com\/en\/#website"},"primaryImageOfPage":{"@id":"https:\/\/laguiole.com\/en\/produit\/laguiole-en-aubrac-straight-knife-1-piece-13-cm-juniper-full-handle-brushed-stainless-steel-blade\/#primaryimage"},"image":{"@id":"https:\/\/laguiole.com\/en\/produit\/laguiole-en-aubrac-straight-knife-1-piece-13-cm-juniper-full-handle-brushed-stainless-steel-blade\/#primaryimage"},"thumbnailUrl":"https:\/\/laguiole.com\/wp-content\/uploads\/2023\/07\/Couteau_Laguiole_en_Aubrac_Droit_1_Piece_13_cm_Genevrier_Plein_Manche_Lame_Inox_Brosse_00.jpg","datePublished":"2023-07-29T21:57:20+00:00","dateModified":"2024-10-23T14:43:21+00:00","breadcrumb":{"@id":"https:\/\/laguiole.com\/en\/produit\/laguiole-en-aubrac-straight-knife-1-piece-13-cm-juniper-full-handle-brushed-stainless-steel-blade\/#breadcrumb"},"inLanguage":"en-US","potentialAction":[{"@type":"ReadAction","target":["https:\/\/laguiole.com\/en\/produit\/laguiole-en-aubrac-straight-knife-1-piece-13-cm-juniper-full-handle-brushed-stainless-steel-blade\/"]}]},{"@type":"ImageObject","inLanguage":"en-US","@id":"https:\/\/laguiole.com\/en\/produit\/laguiole-en-aubrac-straight-knife-1-piece-13-cm-juniper-full-handle-brushed-stainless-steel-blade\/#primaryimage","url":"https:\/\/laguiole.com\/wp-content\/uploads\/2023\/07\/Couteau_Laguiole_en_Aubrac_Droit_1_Piece_13_cm_Genevrier_Plein_Manche_Lame_Inox_Brosse_00.jpg","contentUrl":"https:\/\/laguiole.com\/wp-content\/uploads\/2023\/07\/Couteau_Laguiole_en_Aubrac_Droit_1_Piece_13_cm_Genevrier_Plein_Manche_Lame_Inox_Brosse_00.jpg","width":1033,"height":1033,"caption":"Couteau Laguiole en Aubrac Droit 1 Pi\u00e8ce 13 cm Gen\u00e9vrier Plein Manche Lame Inox Bross\u00e9"},{"@type":"BreadcrumbList","@id":"https:\/\/laguiole.com\/en\/produit\/laguiole-en-aubrac-straight-knife-1-piece-13-cm-juniper-full-handle-brushed-stainless-steel-blade\/#breadcrumb","itemListElement":[{"@type":"ListItem","position":1,"name":"Accueil","item":"https:\/\/laguiole.com\/en\/"},{"@type":"ListItem","position":2,"name":"Shop","item":"https:\/\/laguiole.com\/en\/shop\/"},{"@type":"ListItem","position":3,"name":"Laguiole en Aubrac Straight Knife 1 Piece 13 cm Juniper Full Handle Brushed Stainless Steel Blade"}]},{"@type":"WebSite","@id":"https:\/\/laguiole.com\/en\/#website","url":"https:\/\/laguiole.com\/en\/","name":"Laguiole.com","description":"Laguiole - Couteau laguiole, Chateau Laguiole, Laguiole en Aubrac, Forge de Laguiole","publisher":{"@id":"https:\/\/laguiole.com\/en\/#organization"},"potentialAction":[{"@type":"SearchAction","target":{"@type":"EntryPoint","urlTemplate":"https:\/\/laguiole.com\/en\/?s={search_term_string}"},"query-input":{"@type":"PropertyValueSpecification","valueRequired":true,"valueName":"search_term_string"}}],"inLanguage":"en-US"},{"@type":"Organization","@id":"https:\/\/laguiole.com\/en\/#organization","name":"Laguiole.com","url":"https:\/\/laguiole.com\/en\/","logo":{"@type":"ImageObject","inLanguage":"en-US","@id":"https:\/\/laguiole.com\/en\/#\/schema\/logo\/image\/","url":"https:\/\/laguiole.com\/wp-content\/uploads\/2021\/02\/logo_laguiole.com-horizontal.jpg","contentUrl":"https:\/\/laguiole.com\/wp-content\/uploads\/2021\/02\/logo_laguiole.com-horizontal.jpg","width":490,"height":156,"caption":"Laguiole.com"},"image":{"@id":"https:\/\/laguiole.com\/en\/#\/schema\/logo\/image\/"},"sameAs":["https:\/\/www.facebook.com\/laguiolecom\/","https:\/\/www.instagram.com\/laguiolecom\/","https:\/\/www.youtube.com\/@laguiolecom\/videos"]}]}},"_links":{"self":[{"href":"https:\/\/laguiole.com\/en\/wp-json\/wp\/v2\/product\/10886","targetHints":{"allow":["GET"]}}],"collection":[{"href":"https:\/\/laguiole.com\/en\/wp-json\/wp\/v2\/product"}],"about":[{"href":"https:\/\/laguiole.com\/en\/wp-json\/wp\/v2\/types\/product"}],"version-history":[{"count":0,"href":"https:\/\/laguiole.com\/en\/wp-json\/wp\/v2\/product\/10886\/revisions"}],"wp:featuredmedia":[{"embeddable":true,"href":"https:\/\/laguiole.com\/en\/wp-json\/wp\/v2\/media\/12399"}],"wp:attachment":[{"href":"https:\/\/laguiole.com\/en\/wp-json\/wp\/v2\/media?parent=10886"}],"wp:term":[{"taxonomy":"product_brand","embeddable":true,"href":"https:\/\/laguiole.com\/en\/wp-json\/wp\/v2\/product_brand?post=10886"},{"taxonomy":"product_cat","embeddable":true,"href":"https:\/\/laguiole.com\/en\/wp-json\/wp\/v2\/product_cat?post=10886"},{"taxonomy":"product_tag","embeddable":true,"href":"https:\/\/laguiole.com\/en\/wp-json\/wp\/v2\/product_tag?post=10886"}],"curies":[{"name":"wp","href":"https:\/\/api.w.org\/{rel}","templated":true}]}}