{"id":10139,"date":"2023-07-18T15:43:55","date_gmt":"2023-07-18T13:43:55","guid":{"rendered":"https:\/\/laguiole.com\/?post_type=product&#038;p=10139"},"modified":"2025-11-26T11:16:54","modified_gmt":"2025-11-26T10:16:54","slug":"hunting-knife-laguiole-arbalete-with-juniper-handle-brushed-stainless-steel","status":"publish","type":"product","link":"https:\/\/laguiole.com\/en\/produit\/hunting-knife-laguiole-arbalete-with-juniper-handle-brushed-stainless-steel\/","title":{"rendered":"Hunting Knife Laguiole Arbal\u00e8te with Juniper Handle Brushed Stainless Steel 12cm"},"content":{"rendered":"<p>Juniper wood is easily recognizable with its brown to orange color occasionally dotted with small dark spots. Juniper is particularly appreciated for its spicy smell close to pepper.<\/p>\n<p>This hunting knife combines elegance and robustness, designed to meet the demands of nature lovers. Its handle, made from noble juniper, offers a unique aesthetic, with warm veins and a subtle pepper scent characteristic of this species.<\/p>\n<p>The carefully crafted brushed stainless steel bolster adds a modern touch and reinforces the durability of the knife, while protecting the handle during intensive use. The blade, made of high quality steel, ensures precise cutting and excellent sharpening resistance, ideal for all hunting or outdoor tasks.<\/p>\n<p>This knife is distinguished by its impeccable finishes and its ergonomics designed for a comfortable and safe grip.<\/p>\n","protected":false},"excerpt":{"rendered":"<p>Hunting Knife Laguiole Arbal\u00e8te<br \/>\nHandle:Juniper<br \/>\nBlade: Brushed Stainless Steel<br \/>\nBolster: 1 in Brushed Stainless Steel<br \/>\nHand chiselled Spring<br \/>\nLength of the closed knife 12cm<br \/>\nOpen knife length 21cm<br \/>\nPump Locking System<br \/>\n<iframe style=\"max-width: 100%; max-height: 100%;\" src=\"https:\/\/spinzam.com\/shot\/embed\/?idx=234688\" width=\"480\" height=\"480\" frameborder=\"0\" scrolling=\"no\"><\/iframe><\/p>\n","protected":false},"featured_media":11545,"template":"","meta":{"_acf_changed":false,"_monsterinsights_skip_tracking":false,"_monsterinsights_sitenote_active":false,"_monsterinsights_sitenote_note":"","_monsterinsights_sitenote_category":0},"product_brand":[],"product_cat":[156,465,837],"product_tag":[],"class_list":{"0":"post-10139","1":"product","2":"type-product","3":"status-publish","4":"has-post-thumbnail","6":"product_cat-folding-knives","7":"product_cat-laguiole","8":"product_cat-hunting","9":"pa_composition-couteau-blade","10":"pa_finition-brusheden","11":"pa_lame-brushed-stainless-steelen","12":"pa_manche-en-bois-juniper-en","13":"pa_marque-laguiole-arbalete","14":"pa_mitres-1-bolster","15":"pa_mitres-brushed-stainless-steel","16":"pa_ressort-handcarved","17":"pa_taille-du-manche-12-cm0","18":"tm-has-options","21":"instock","22":"taxable","23":"shipping-taxable","24":"purchasable","25":"product-type-simple"},"supplier_id":null,"supplier_sku":"","barcode":null,"atum_controlled":true,"out_stock_date":null,"out_stock_threshold":null,"inheritable":false,"inbound_stock":0,"stock_on_hold":0,"sold_today":0,"sales_last_days":0,"reserved_stock":0,"customer_returns":0,"warehouse_damage":0,"lost_in_post":0,"other_logs":0,"out_stock_days":0,"lost_sales":0,"has_location":false,"update_date":"2026-04-29T00:39:48","atum_locations":[],"atum_stock_status":"instock","restock_status":false,"low_stock_amount":"","sales_update_date":"2026-04-29T00:39:48","calc_backorders":0,"acf":[],"yoast_head":"<!-- This site is optimized with the Yoast SEO plugin v27.3 - https:\/\/yoast.com\/product\/yoast-seo-wordpress\/ -->\n<title>Hunting Knife Laguiole Arbal\u00e8te with Juniper Handle Brushed Stainless Steel 12cm - Laguiole.com \u00ae<\/title>\n<meta name=\"robots\" content=\"index, follow, max-snippet:-1, max-image-preview:large, max-video-preview:-1\" \/>\n<link rel=\"canonical\" href=\"https:\/\/laguiole.com\/en\/produit\/hunting-knife-laguiole-arbalete-with-juniper-handle-brushed-stainless-steel\/\" \/>\n<meta property=\"og:locale\" content=\"en_US\" \/>\n<meta property=\"og:type\" content=\"article\" \/>\n<meta property=\"og:title\" content=\"Hunting Knife Laguiole Arbal\u00e8te with Juniper Handle Brushed Stainless Steel 12cm - Laguiole.com \u00ae\" \/>\n<meta property=\"og:description\" content=\"Hunting Knife Laguiole Arbal\u00e8te Handle:Juniper Blade: Brushed Stainless Steel Bolster: 1 in Brushed Stainless Steel Hand chiselled Spring Length of the closed knife 12cm Open knife length 21cm Pump Locking System\" \/>\n<meta property=\"og:url\" content=\"https:\/\/laguiole.com\/en\/produit\/hunting-knife-laguiole-arbalete-with-juniper-handle-brushed-stainless-steel\/\" \/>\n<meta property=\"og:site_name\" content=\"Laguiole.com \u00ae\" \/>\n<meta property=\"article:publisher\" content=\"https:\/\/www.facebook.com\/laguiolecom\/\" \/>\n<meta property=\"article:modified_time\" content=\"2025-11-26T10:16:54+00:00\" \/>\n<meta property=\"og:image\" content=\"https:\/\/laguiole.com\/wp-content\/uploads\/2023\/07\/Couteau_Laguiole_de_Chasse_Arbalete_Manche_Genevrier_Inox_Brosse_12cm_00.jpg\" \/>\n\t<meta property=\"og:image:width\" content=\"1033\" \/>\n\t<meta property=\"og:image:height\" content=\"1033\" \/>\n\t<meta property=\"og:image:type\" content=\"image\/jpeg\" \/>\n<meta name=\"twitter:card\" content=\"summary_large_image\" \/>\n<meta name=\"twitter:label1\" content=\"Est. reading time\" \/>\n\t<meta name=\"twitter:data1\" content=\"1 minute\" \/>\n<script type=\"application\/ld+json\" class=\"yoast-schema-graph\">{\"@context\":\"https:\\\/\\\/schema.org\",\"@graph\":[{\"@type\":\"WebPage\",\"@id\":\"https:\\\/\\\/laguiole.com\\\/en\\\/produit\\\/hunting-knife-laguiole-arbalete-with-juniper-handle-brushed-stainless-steel\\\/\",\"url\":\"https:\\\/\\\/laguiole.com\\\/en\\\/produit\\\/hunting-knife-laguiole-arbalete-with-juniper-handle-brushed-stainless-steel\\\/\",\"name\":\"Hunting Knife Laguiole Arbal\u00e8te with Juniper Handle Brushed Stainless Steel 12cm - Laguiole.com \u00ae\",\"isPartOf\":{\"@id\":\"https:\\\/\\\/laguiole.com\\\/en\\\/#website\"},\"primaryImageOfPage\":{\"@id\":\"https:\\\/\\\/laguiole.com\\\/en\\\/produit\\\/hunting-knife-laguiole-arbalete-with-juniper-handle-brushed-stainless-steel\\\/#primaryimage\"},\"image\":{\"@id\":\"https:\\\/\\\/laguiole.com\\\/en\\\/produit\\\/hunting-knife-laguiole-arbalete-with-juniper-handle-brushed-stainless-steel\\\/#primaryimage\"},\"thumbnailUrl\":\"https:\\\/\\\/laguiole.com\\\/wp-content\\\/uploads\\\/2023\\\/07\\\/Couteau_Laguiole_de_Chasse_Arbalete_Manche_Genevrier_Inox_Brosse_12cm_00.jpg\",\"datePublished\":\"2023-07-18T13:43:55+00:00\",\"dateModified\":\"2025-11-26T10:16:54+00:00\",\"breadcrumb\":{\"@id\":\"https:\\\/\\\/laguiole.com\\\/en\\\/produit\\\/hunting-knife-laguiole-arbalete-with-juniper-handle-brushed-stainless-steel\\\/#breadcrumb\"},\"inLanguage\":\"en-US\",\"potentialAction\":[{\"@type\":\"ReadAction\",\"target\":[\"https:\\\/\\\/laguiole.com\\\/en\\\/produit\\\/hunting-knife-laguiole-arbalete-with-juniper-handle-brushed-stainless-steel\\\/\"]}]},{\"@type\":\"ImageObject\",\"inLanguage\":\"en-US\",\"@id\":\"https:\\\/\\\/laguiole.com\\\/en\\\/produit\\\/hunting-knife-laguiole-arbalete-with-juniper-handle-brushed-stainless-steel\\\/#primaryimage\",\"url\":\"https:\\\/\\\/laguiole.com\\\/wp-content\\\/uploads\\\/2023\\\/07\\\/Couteau_Laguiole_de_Chasse_Arbalete_Manche_Genevrier_Inox_Brosse_12cm_00.jpg\",\"contentUrl\":\"https:\\\/\\\/laguiole.com\\\/wp-content\\\/uploads\\\/2023\\\/07\\\/Couteau_Laguiole_de_Chasse_Arbalete_Manche_Genevrier_Inox_Brosse_12cm_00.jpg\",\"width\":1033,\"height\":1033,\"caption\":\"Couteau Laguiole de Chasse Arbal\u00e8te Manche Gen\u00e9vrier Inox Bross\u00e9 12cm\"},{\"@type\":\"BreadcrumbList\",\"@id\":\"https:\\\/\\\/laguiole.com\\\/en\\\/produit\\\/hunting-knife-laguiole-arbalete-with-juniper-handle-brushed-stainless-steel\\\/#breadcrumb\",\"itemListElement\":[{\"@type\":\"ListItem\",\"position\":1,\"name\":\"Accueil\",\"item\":\"https:\\\/\\\/laguiole.com\\\/en\\\/\"},{\"@type\":\"ListItem\",\"position\":2,\"name\":\"Shop\",\"item\":\"https:\\\/\\\/laguiole.com\\\/en\\\/shop\\\/\"},{\"@type\":\"ListItem\",\"position\":3,\"name\":\"Hunting Knife Laguiole Arbal\u00e8te with Juniper Handle Brushed Stainless Steel 12cm\"}]},{\"@type\":\"WebSite\",\"@id\":\"https:\\\/\\\/laguiole.com\\\/en\\\/#website\",\"url\":\"https:\\\/\\\/laguiole.com\\\/en\\\/\",\"name\":\"Laguiole.com\",\"description\":\"Laguiole - Couteau laguiole, Chateau Laguiole, Laguiole en Aubrac, Forge de Laguiole\",\"publisher\":{\"@id\":\"https:\\\/\\\/laguiole.com\\\/en\\\/#organization\"},\"potentialAction\":[{\"@type\":\"SearchAction\",\"target\":{\"@type\":\"EntryPoint\",\"urlTemplate\":\"https:\\\/\\\/laguiole.com\\\/en\\\/?s={search_term_string}\"},\"query-input\":{\"@type\":\"PropertyValueSpecification\",\"valueRequired\":true,\"valueName\":\"search_term_string\"}}],\"inLanguage\":\"en-US\"},{\"@type\":\"Organization\",\"@id\":\"https:\\\/\\\/laguiole.com\\\/en\\\/#organization\",\"name\":\"Laguiole.com\",\"url\":\"https:\\\/\\\/laguiole.com\\\/en\\\/\",\"logo\":{\"@type\":\"ImageObject\",\"inLanguage\":\"en-US\",\"@id\":\"https:\\\/\\\/laguiole.com\\\/en\\\/#\\\/schema\\\/logo\\\/image\\\/\",\"url\":\"https:\\\/\\\/laguiole.com\\\/wp-content\\\/uploads\\\/2021\\\/02\\\/logo_laguiole.com-horizontal.jpg\",\"contentUrl\":\"https:\\\/\\\/laguiole.com\\\/wp-content\\\/uploads\\\/2021\\\/02\\\/logo_laguiole.com-horizontal.jpg\",\"width\":490,\"height\":156,\"caption\":\"Laguiole.com\"},\"image\":{\"@id\":\"https:\\\/\\\/laguiole.com\\\/en\\\/#\\\/schema\\\/logo\\\/image\\\/\"},\"sameAs\":[\"https:\\\/\\\/www.facebook.com\\\/laguiolecom\\\/\",\"https:\\\/\\\/www.instagram.com\\\/laguiolecom\\\/\",\"https:\\\/\\\/www.youtube.com\\\/@laguiolecom\\\/videos\"]}]}<\/script>\n<!-- \/ Yoast SEO plugin. -->","yoast_head_json":{"title":"Hunting Knife Laguiole Arbal\u00e8te with Juniper Handle Brushed Stainless Steel 12cm - Laguiole.com \u00ae","robots":{"index":"index","follow":"follow","max-snippet":"max-snippet:-1","max-image-preview":"max-image-preview:large","max-video-preview":"max-video-preview:-1"},"canonical":"https:\/\/laguiole.com\/en\/produit\/hunting-knife-laguiole-arbalete-with-juniper-handle-brushed-stainless-steel\/","og_locale":"en_US","og_type":"article","og_title":"Hunting Knife Laguiole Arbal\u00e8te with Juniper Handle Brushed Stainless Steel 12cm - Laguiole.com \u00ae","og_description":"Hunting Knife Laguiole Arbal\u00e8te Handle:Juniper Blade: Brushed Stainless Steel Bolster: 1 in Brushed Stainless Steel Hand chiselled Spring Length of the closed knife 12cm Open knife length 21cm Pump Locking System","og_url":"https:\/\/laguiole.com\/en\/produit\/hunting-knife-laguiole-arbalete-with-juniper-handle-brushed-stainless-steel\/","og_site_name":"Laguiole.com \u00ae","article_publisher":"https:\/\/www.facebook.com\/laguiolecom\/","article_modified_time":"2025-11-26T10:16:54+00:00","og_image":[{"width":1033,"height":1033,"url":"https:\/\/laguiole.com\/wp-content\/uploads\/2023\/07\/Couteau_Laguiole_de_Chasse_Arbalete_Manche_Genevrier_Inox_Brosse_12cm_00.jpg","type":"image\/jpeg"}],"twitter_card":"summary_large_image","twitter_misc":{"Est. reading time":"1 minute"},"schema":{"@context":"https:\/\/schema.org","@graph":[{"@type":"WebPage","@id":"https:\/\/laguiole.com\/en\/produit\/hunting-knife-laguiole-arbalete-with-juniper-handle-brushed-stainless-steel\/","url":"https:\/\/laguiole.com\/en\/produit\/hunting-knife-laguiole-arbalete-with-juniper-handle-brushed-stainless-steel\/","name":"Hunting Knife Laguiole Arbal\u00e8te with Juniper Handle Brushed Stainless Steel 12cm - Laguiole.com \u00ae","isPartOf":{"@id":"https:\/\/laguiole.com\/en\/#website"},"primaryImageOfPage":{"@id":"https:\/\/laguiole.com\/en\/produit\/hunting-knife-laguiole-arbalete-with-juniper-handle-brushed-stainless-steel\/#primaryimage"},"image":{"@id":"https:\/\/laguiole.com\/en\/produit\/hunting-knife-laguiole-arbalete-with-juniper-handle-brushed-stainless-steel\/#primaryimage"},"thumbnailUrl":"https:\/\/laguiole.com\/wp-content\/uploads\/2023\/07\/Couteau_Laguiole_de_Chasse_Arbalete_Manche_Genevrier_Inox_Brosse_12cm_00.jpg","datePublished":"2023-07-18T13:43:55+00:00","dateModified":"2025-11-26T10:16:54+00:00","breadcrumb":{"@id":"https:\/\/laguiole.com\/en\/produit\/hunting-knife-laguiole-arbalete-with-juniper-handle-brushed-stainless-steel\/#breadcrumb"},"inLanguage":"en-US","potentialAction":[{"@type":"ReadAction","target":["https:\/\/laguiole.com\/en\/produit\/hunting-knife-laguiole-arbalete-with-juniper-handle-brushed-stainless-steel\/"]}]},{"@type":"ImageObject","inLanguage":"en-US","@id":"https:\/\/laguiole.com\/en\/produit\/hunting-knife-laguiole-arbalete-with-juniper-handle-brushed-stainless-steel\/#primaryimage","url":"https:\/\/laguiole.com\/wp-content\/uploads\/2023\/07\/Couteau_Laguiole_de_Chasse_Arbalete_Manche_Genevrier_Inox_Brosse_12cm_00.jpg","contentUrl":"https:\/\/laguiole.com\/wp-content\/uploads\/2023\/07\/Couteau_Laguiole_de_Chasse_Arbalete_Manche_Genevrier_Inox_Brosse_12cm_00.jpg","width":1033,"height":1033,"caption":"Couteau Laguiole de Chasse Arbal\u00e8te Manche Gen\u00e9vrier Inox Bross\u00e9 12cm"},{"@type":"BreadcrumbList","@id":"https:\/\/laguiole.com\/en\/produit\/hunting-knife-laguiole-arbalete-with-juniper-handle-brushed-stainless-steel\/#breadcrumb","itemListElement":[{"@type":"ListItem","position":1,"name":"Accueil","item":"https:\/\/laguiole.com\/en\/"},{"@type":"ListItem","position":2,"name":"Shop","item":"https:\/\/laguiole.com\/en\/shop\/"},{"@type":"ListItem","position":3,"name":"Hunting Knife Laguiole Arbal\u00e8te with Juniper Handle Brushed Stainless Steel 12cm"}]},{"@type":"WebSite","@id":"https:\/\/laguiole.com\/en\/#website","url":"https:\/\/laguiole.com\/en\/","name":"Laguiole.com","description":"Laguiole - Couteau laguiole, Chateau Laguiole, Laguiole en Aubrac, Forge de Laguiole","publisher":{"@id":"https:\/\/laguiole.com\/en\/#organization"},"potentialAction":[{"@type":"SearchAction","target":{"@type":"EntryPoint","urlTemplate":"https:\/\/laguiole.com\/en\/?s={search_term_string}"},"query-input":{"@type":"PropertyValueSpecification","valueRequired":true,"valueName":"search_term_string"}}],"inLanguage":"en-US"},{"@type":"Organization","@id":"https:\/\/laguiole.com\/en\/#organization","name":"Laguiole.com","url":"https:\/\/laguiole.com\/en\/","logo":{"@type":"ImageObject","inLanguage":"en-US","@id":"https:\/\/laguiole.com\/en\/#\/schema\/logo\/image\/","url":"https:\/\/laguiole.com\/wp-content\/uploads\/2021\/02\/logo_laguiole.com-horizontal.jpg","contentUrl":"https:\/\/laguiole.com\/wp-content\/uploads\/2021\/02\/logo_laguiole.com-horizontal.jpg","width":490,"height":156,"caption":"Laguiole.com"},"image":{"@id":"https:\/\/laguiole.com\/en\/#\/schema\/logo\/image\/"},"sameAs":["https:\/\/www.facebook.com\/laguiolecom\/","https:\/\/www.instagram.com\/laguiolecom\/","https:\/\/www.youtube.com\/@laguiolecom\/videos"]}]}},"_links":{"self":[{"href":"https:\/\/laguiole.com\/en\/wp-json\/wp\/v2\/product\/10139","targetHints":{"allow":["GET"]}}],"collection":[{"href":"https:\/\/laguiole.com\/en\/wp-json\/wp\/v2\/product"}],"about":[{"href":"https:\/\/laguiole.com\/en\/wp-json\/wp\/v2\/types\/product"}],"version-history":[{"count":1,"href":"https:\/\/laguiole.com\/en\/wp-json\/wp\/v2\/product\/10139\/revisions"}],"predecessor-version":[{"id":24552,"href":"https:\/\/laguiole.com\/en\/wp-json\/wp\/v2\/product\/10139\/revisions\/24552"}],"wp:featuredmedia":[{"embeddable":true,"href":"https:\/\/laguiole.com\/en\/wp-json\/wp\/v2\/media\/11545"}],"wp:attachment":[{"href":"https:\/\/laguiole.com\/en\/wp-json\/wp\/v2\/media?parent=10139"}],"wp:term":[{"taxonomy":"product_brand","embeddable":true,"href":"https:\/\/laguiole.com\/en\/wp-json\/wp\/v2\/product_brand?post=10139"},{"taxonomy":"product_cat","embeddable":true,"href":"https:\/\/laguiole.com\/en\/wp-json\/wp\/v2\/product_cat?post=10139"},{"taxonomy":"product_tag","embeddable":true,"href":"https:\/\/laguiole.com\/en\/wp-json\/wp\/v2\/product_tag?post=10139"}],"curies":[{"name":"wp","href":"https:\/\/api.w.org\/{rel}","templated":true}]}}