{"id":53684,"date":"2026-05-06T12:58:02","date_gmt":"2026-05-06T10:58:02","guid":{"rendered":"https:\/\/laguiole.com\/produit\/prestige-forge-de-laguiole-messer-12-cm-aus-satinnuss-knochenabstandshalter-gravierter-frontbolster-damascus-carbon-leopard-klinge\/"},"modified":"2026-05-06T12:58:02","modified_gmt":"2026-05-06T10:58:02","slug":"prestige-forge-de-laguiole-messer-12-cm-aus-satinnuss-knochenabstandshalter-gravierter-frontbolster-damascus-carbon-leopard-klinge","status":"publish","type":"product","link":"https:\/\/laguiole.com\/de\/produit\/prestige-forge-de-laguiole-messer-12-cm-aus-satinnuss-knochenabstandshalter-gravierter-frontbolster-damascus-carbon-leopard-klinge\/","title":{"rendered":"Prestige Forge de Laguiole Messer 12 cm aus Satinnuss-Knochenabstandshalter gravierter Frontbolster Damascus Carbon Leopard Klinge"},"content":{"rendered":"<p class=\"isSelectedEnd\"><strong>Laguiole Prestige Schmiedemesser 12 cm \u2013 Leopard-Carbon-Damaskusklinge und Satinnuss-Griff  <\/strong><\/p>\n<p class=\"isSelectedEnd\">Entdecken Sie die Exzellenz des franz\u00f6sischen Bestecks mit diesem <strong>Laguiole Prestige Forge-Messer<\/strong>, einem au\u00dfergew\u00f6hnlichen St\u00fcck, das handwerkliches Know-how, edle Materialien und erstklassige Oberfl\u00e4chen vereint. Entworfen f\u00fcr Liebhaber sch\u00f6ner Objekte ebenso wie f\u00fcr anspruchsvolle Sammler, verk\u00f6rpert dieses Messer die Eleganz und Tradition der Forge de Laguiole. <\/p>\n<h3>\ud83d\udd2a Ein au\u00dfergew\u00f6hnliches Laguiole-Messer<\/h3>\n<p class=\"isSelectedEnd\">Mit einer <strong>Leopard Carbon Damascus-Klinge<\/strong> bietet dieses Messer eine einzigartige \u00c4sthetik und eine bemerkenswerte Schneidleistung. Jede Klinge weist unverwechselbare Muster auf, die von sorgf\u00e4ltiger Handwerkskunst und tadelloser Qualit\u00e4t zeugen. <\/p>\n<p class=\"isSelectedEnd\">Die <strong>handgeschmiedete und guilloch\u00e9 Feder aus Satin aus Edelstahl<\/strong> unterstreicht das traditionelle Know-how der Handwerker.<\/p>\n<p class=\"isSelectedEnd\">Der <strong>von Prestige geschmiedete Fliege,<\/strong> ebenfalls fein handgefertigt, verleiht einen zus\u00e4tzlichen Hauch von Eleganz.<\/p>\n<h3>\ud83c\udf33 Edle Materialien und hochwertige Oberfl\u00e4chen<\/h3>\n<p class=\"isSelectedEnd\">Der <strong>Satinnussgriff (12 cm)<\/strong> sorgt f\u00fcr einen bequemen und warmen Griff und bietet gleichzeitig gro\u00dfe Robustheit. Der <strong>Knochen-Abstandshalter<\/strong> verleiht eine Note von Authentizit\u00e4t und Raffinesse. <\/p>\n<p class=\"isSelectedEnd\">Die <strong>satinierten Edelstahlbolster,<\/strong> verziert mit <strong>filigranen Blumengravuren auf beiden Seiten des vorderen Bolsters<\/strong>, unterstreichen den luxuri\u00f6sen Charakter dieses Messers.<\/p>\n<p class=\"isSelectedEnd\">Das traditionelle <strong>Hirtenkreuz<\/strong>, das sich auf der linken Seite des Griffs befindet, unterstreicht das emblematische Erbe des Laguiole-Messers.<\/p>\n<h3>\ud83d\udccf Messerma\u00dfe<\/h3>\n<ul data-spread=\"false\">\n<li>Griffl\u00e4nge: 12 cm<\/li>\n<li>Klingenl\u00e4nge: 10 cm<\/li>\n<li>Gesamtl\u00e4nge (offen): 22 cm<\/li>\n<\/ul>\n<h3>\ud83c\udf81 Sorgf\u00e4ltige Pr\u00e4sentation<\/h3>\n<p class=\"isSelectedEnd\">Dieses Messer kommt <strong>in einer eleganten Schachtel<\/strong>, ideal f\u00fcr ein au\u00dfergew\u00f6hnliches Geschenk oder zur Bereicherung Ihrer Sammlung.<\/p>\n<div contenteditable=\"false\">\n<hr>\n<\/div>\n<h3>\u2b50 Warum dieses Laguiole Prestige Messer w\u00e4hlen?<\/h3>\n<ul data-spread=\"false\">\n<li>Hochwertige franz\u00f6sische Handwerkskunst<\/li>\n<li>Einzigartige Leopard-Carbon-Damastklinge<\/li>\n<li>Luxuri\u00f6se Oberfl\u00e4chen (Guilloch\u00e9, Blumenstiche)<\/li>\n<li>Edle Materialien: Walnuss, Satin, Edelstahl, Knochen,<\/li>\n<li>Ideal f\u00fcr Sammlung, Geschenk oder Premium-Alltagsnutzung<\/li>\n<\/ul>\n","protected":false},"excerpt":{"rendered":"<p>Prestige-Messer Forge de Laguiole<br \/>\n, Griff aus Satin-Walnuss<br \/>\n, Hand geschmiedet und guilloch\u00e9 aus Satin<br \/>\n, Edelstahl, Knochenabstandshalt<br \/>\n, Flies Forged Prestige, fein von Hand<br \/>\ngearbeitet, 2 Satin-Edelstahl-Bolster, mit floralen und filigranen Gravuren an den beiden Seiten des vorderen<br \/>\nBolsters, Damaskus, Carbon-Leopardklinge<br \/>\n, Sch\u00e4ferkreuz auf der linken Seite des Messers<br \/>\n, Griffgr\u00f6\u00dfe:  12 cm<br \/>\nKlingengr\u00f6\u00dfe: 10 cm<br \/>\nGesamtgr\u00f6\u00dfe offenes Messer: 22 cm<\/p>\n<p>Geliefert in einer Kiste<\/p>\n","protected":false},"featured_media":53696,"template":"","meta":{"_acf_changed":false,"_monsterinsights_skip_tracking":false,"_monsterinsights_sitenote_active":false,"_monsterinsights_sitenote_note":"","_monsterinsights_sitenote_category":0},"product_brand":[],"product_cat":[5943,5944,5938,5939],"product_tag":[],"class_list":{"0":"post-53684","1":"product","2":"type-product","3":"status-publish","4":"has-post-thumbnail","6":"product_cat-laguiole-prestiges-messer","7":"product_cat-laguiole-spezialmesser","8":"product_cat-klappmesser","9":"product_cat-laguiole-klappmesser","10":"pa_composition-couteau-1-stueck-nur-klinge","11":"pa_finition-kumpel","12":"pa_lame-damaskus","13":"pa_lame-kohlenstoff","14":"pa_manche-en-bois-walnuss","15":"pa_marque-forge-de-laguiole","16":"pa_mitres-2-gehrungen","17":"pa_mitres-gemeisselt","18":"pa_mouche-prestige","19":"pa_platines-einzelplatin","20":"pa_ressort-guilloche","21":"pa_taille-du-manche-12-cm","22":"tm-has-options","25":"instock","26":"taxable","27":"shipping-taxable","28":"purchasable","29":"product-type-simple"},"supplier_id":null,"supplier_sku":"","barcode":null,"atum_controlled":true,"out_stock_date":null,"out_stock_threshold":null,"inheritable":false,"inbound_stock":0,"stock_on_hold":0,"sold_today":0,"sales_last_days":0,"reserved_stock":0,"customer_returns":0,"warehouse_damage":0,"lost_in_post":0,"other_logs":0,"out_stock_days":0,"lost_sales":0,"has_location":false,"update_date":"2026-05-14T01:04:18","atum_locations":[],"atum_stock_status":"instock","restock_status":false,"low_stock_amount":"","sales_update_date":"2026-05-14T01:04:18","calc_backorders":null,"acf":[],"yoast_head":"<!-- This site is optimized with the Yoast SEO plugin v27.6 - https:\/\/yoast.com\/product\/yoast-seo-wordpress\/ -->\n<title>Laguiole Prestige Forge Damascus Carbon Leopard Messer<\/title>\n<meta name=\"description\" content=\"Laguiole Prestige Forge Messer mit Leopard-Carbon-Damaskusklinge, Walnussgriff und handgefertigten Oberfl\u00e4chen. Au\u00dfergew\u00f6hnliches St\u00fcck in einer Kiste geliefert.\" \/>\n<meta name=\"robots\" content=\"index, follow, max-snippet:-1, max-image-preview:large, max-video-preview:-1\" \/>\n<link rel=\"canonical\" href=\"https:\/\/laguiole.com\/de\/produit\/prestige-forge-de-laguiole-messer-12-cm-aus-satinnuss-knochenabstandshalter-gravierter-frontbolster-damascus-carbon-leopard-klinge\/\" \/>\n<meta property=\"og:locale\" content=\"de_DE\" \/>\n<meta property=\"og:type\" content=\"article\" \/>\n<meta property=\"og:title\" content=\"Laguiole Prestige Forge Damascus Carbon Leopard Messer\" \/>\n<meta property=\"og:description\" content=\"Laguiole Prestige Forge Messer mit Leopard-Carbon-Damaskusklinge, Walnussgriff und handgefertigten Oberfl\u00e4chen. Au\u00dfergew\u00f6hnliches St\u00fcck in einer Kiste geliefert.\" \/>\n<meta property=\"og:url\" content=\"https:\/\/laguiole.com\/de\/produit\/prestige-forge-de-laguiole-messer-12-cm-aus-satinnuss-knochenabstandshalter-gravierter-frontbolster-damascus-carbon-leopard-klinge\/\" \/>\n<meta property=\"og:site_name\" content=\"Laguiole.com \u00ae\" \/>\n<meta property=\"article:publisher\" content=\"https:\/\/www.facebook.com\/laguiolecom\/\" \/>\n<meta property=\"og:image\" content=\"https:\/\/laguiole.com\/wp-content\/uploads\/2023\/08\/logo_laguiole_com_\u00ae_300dpi_Noir_et_Blanc.jpg\" \/>\n\t<meta property=\"og:image:width\" content=\"1920\" \/>\n\t<meta property=\"og:image:height\" content=\"854\" \/>\n\t<meta property=\"og:image:type\" content=\"image\/jpeg\" \/>\n<meta name=\"twitter:card\" content=\"summary_large_image\" \/>\n<meta name=\"twitter:label1\" content=\"Gesch\u00e4tzte Lesezeit\" \/>\n\t<meta name=\"twitter:data1\" content=\"1\u00a0Minute\" \/>\n<script type=\"application\/ld+json\" class=\"yoast-schema-graph\">{\"@context\":\"https:\\\/\\\/schema.org\",\"@graph\":[{\"@type\":\"WebPage\",\"@id\":\"https:\\\/\\\/laguiole.com\\\/de\\\/produit\\\/prestige-forge-de-laguiole-messer-12-cm-aus-satinnuss-knochenabstandshalter-gravierter-frontbolster-damascus-carbon-leopard-klinge\\\/\",\"url\":\"https:\\\/\\\/laguiole.com\\\/de\\\/produit\\\/prestige-forge-de-laguiole-messer-12-cm-aus-satinnuss-knochenabstandshalter-gravierter-frontbolster-damascus-carbon-leopard-klinge\\\/\",\"name\":\"Laguiole Prestige Forge Damascus Carbon Leopard Messer\",\"isPartOf\":{\"@id\":\"https:\\\/\\\/laguiole.com\\\/de\\\/#website\"},\"primaryImageOfPage\":{\"@id\":\"https:\\\/\\\/laguiole.com\\\/de\\\/produit\\\/prestige-forge-de-laguiole-messer-12-cm-aus-satinnuss-knochenabstandshalter-gravierter-frontbolster-damascus-carbon-leopard-klinge\\\/#primaryimage\"},\"image\":{\"@id\":\"https:\\\/\\\/laguiole.com\\\/de\\\/produit\\\/prestige-forge-de-laguiole-messer-12-cm-aus-satinnuss-knochenabstandshalter-gravierter-frontbolster-damascus-carbon-leopard-klinge\\\/#primaryimage\"},\"thumbnailUrl\":\"https:\\\/\\\/laguiole.com\\\/wp-content\\\/uploads\\\/2026\\\/05\\\/Couteau_Prestige_Forge_de_Laguiole_Noyer_Entretoise_Os_Mitre_gravee_Lame_Damas_Carbone_Leopard_00.jpg\",\"datePublished\":\"2026-05-06T10:58:02+00:00\",\"description\":\"Laguiole Prestige Forge Messer mit Leopard-Carbon-Damaskusklinge, Walnussgriff und handgefertigten Oberfl\u00e4chen. Au\u00dfergew\u00f6hnliches St\u00fcck in einer Kiste geliefert.\",\"breadcrumb\":{\"@id\":\"https:\\\/\\\/laguiole.com\\\/de\\\/produit\\\/prestige-forge-de-laguiole-messer-12-cm-aus-satinnuss-knochenabstandshalter-gravierter-frontbolster-damascus-carbon-leopard-klinge\\\/#breadcrumb\"},\"inLanguage\":\"de\",\"potentialAction\":[{\"@type\":\"ReadAction\",\"target\":[\"https:\\\/\\\/laguiole.com\\\/de\\\/produit\\\/prestige-forge-de-laguiole-messer-12-cm-aus-satinnuss-knochenabstandshalter-gravierter-frontbolster-damascus-carbon-leopard-klinge\\\/\"]}]},{\"@type\":\"ImageObject\",\"inLanguage\":\"de\",\"@id\":\"https:\\\/\\\/laguiole.com\\\/de\\\/produit\\\/prestige-forge-de-laguiole-messer-12-cm-aus-satinnuss-knochenabstandshalter-gravierter-frontbolster-damascus-carbon-leopard-klinge\\\/#primaryimage\",\"url\":\"https:\\\/\\\/laguiole.com\\\/wp-content\\\/uploads\\\/2026\\\/05\\\/Couteau_Prestige_Forge_de_Laguiole_Noyer_Entretoise_Os_Mitre_gravee_Lame_Damas_Carbone_Leopard_00.jpg\",\"contentUrl\":\"https:\\\/\\\/laguiole.com\\\/wp-content\\\/uploads\\\/2026\\\/05\\\/Couteau_Prestige_Forge_de_Laguiole_Noyer_Entretoise_Os_Mitre_gravee_Lame_Damas_Carbone_Leopard_00.jpg\",\"width\":1033,\"height\":1033,\"caption\":\"Couteau Prestige Forge de Laguiole 12cm en Noyer Satin\u00e9 Entretoise en Os Mitre avant grav\u00e9e Lame Damas Carbone L\u00e9opard\"},{\"@type\":\"BreadcrumbList\",\"@id\":\"https:\\\/\\\/laguiole.com\\\/de\\\/produit\\\/prestige-forge-de-laguiole-messer-12-cm-aus-satinnuss-knochenabstandshalter-gravierter-frontbolster-damascus-carbon-leopard-klinge\\\/#breadcrumb\",\"itemListElement\":[{\"@type\":\"ListItem\",\"position\":1,\"name\":\"Accueil\",\"item\":\"https:\\\/\\\/laguiole.com\\\/de\\\/\"},{\"@type\":\"ListItem\",\"position\":2,\"name\":\"Shop\",\"item\":\"https:\\\/\\\/laguiole.com\\\/de\\\/shop-2\\\/\"},{\"@type\":\"ListItem\",\"position\":3,\"name\":\"Prestige Forge de Laguiole Messer 12 cm aus Satinnuss-Knochenabstandshalter gravierter Frontbolster Damascus Carbon Leopard Klinge\"}]},{\"@type\":\"WebSite\",\"@id\":\"https:\\\/\\\/laguiole.com\\\/de\\\/#website\",\"url\":\"https:\\\/\\\/laguiole.com\\\/de\\\/\",\"name\":\"Laguiole.com\",\"description\":\"Laguiole - Couteau laguiole, Chateau Laguiole, Laguiole en Aubrac, Forge de Laguiole\",\"publisher\":{\"@id\":\"https:\\\/\\\/laguiole.com\\\/de\\\/#organization\"},\"potentialAction\":[{\"@type\":\"SearchAction\",\"target\":{\"@type\":\"EntryPoint\",\"urlTemplate\":\"https:\\\/\\\/laguiole.com\\\/de\\\/?s={search_term_string}\"},\"query-input\":{\"@type\":\"PropertyValueSpecification\",\"valueRequired\":true,\"valueName\":\"search_term_string\"}}],\"inLanguage\":\"de\"},{\"@type\":\"Organization\",\"@id\":\"https:\\\/\\\/laguiole.com\\\/de\\\/#organization\",\"name\":\"Laguiole.com\",\"url\":\"https:\\\/\\\/laguiole.com\\\/de\\\/\",\"logo\":{\"@type\":\"ImageObject\",\"inLanguage\":\"de\",\"@id\":\"https:\\\/\\\/laguiole.com\\\/de\\\/#\\\/schema\\\/logo\\\/image\\\/\",\"url\":\"https:\\\/\\\/laguiole.com\\\/wp-content\\\/uploads\\\/2021\\\/02\\\/logo_laguiole.com-horizontal.jpg\",\"contentUrl\":\"https:\\\/\\\/laguiole.com\\\/wp-content\\\/uploads\\\/2021\\\/02\\\/logo_laguiole.com-horizontal.jpg\",\"width\":490,\"height\":156,\"caption\":\"Laguiole.com\"},\"image\":{\"@id\":\"https:\\\/\\\/laguiole.com\\\/de\\\/#\\\/schema\\\/logo\\\/image\\\/\"},\"sameAs\":[\"https:\\\/\\\/www.facebook.com\\\/laguiolecom\\\/\",\"https:\\\/\\\/www.instagram.com\\\/laguiolecom\\\/\",\"https:\\\/\\\/www.youtube.com\\\/@laguiolecom\\\/videos\"]}]}<\/script>\n<!-- \/ Yoast SEO plugin. -->","yoast_head_json":{"title":"Laguiole Prestige Forge Damascus Carbon Leopard Messer","description":"Laguiole Prestige Forge Messer mit Leopard-Carbon-Damaskusklinge, Walnussgriff und handgefertigten Oberfl\u00e4chen. Au\u00dfergew\u00f6hnliches St\u00fcck in einer Kiste geliefert.","robots":{"index":"index","follow":"follow","max-snippet":"max-snippet:-1","max-image-preview":"max-image-preview:large","max-video-preview":"max-video-preview:-1"},"canonical":"https:\/\/laguiole.com\/de\/produit\/prestige-forge-de-laguiole-messer-12-cm-aus-satinnuss-knochenabstandshalter-gravierter-frontbolster-damascus-carbon-leopard-klinge\/","og_locale":"de_DE","og_type":"article","og_title":"Laguiole Prestige Forge Damascus Carbon Leopard Messer","og_description":"Laguiole Prestige Forge Messer mit Leopard-Carbon-Damaskusklinge, Walnussgriff und handgefertigten Oberfl\u00e4chen. Au\u00dfergew\u00f6hnliches St\u00fcck in einer Kiste geliefert.","og_url":"https:\/\/laguiole.com\/de\/produit\/prestige-forge-de-laguiole-messer-12-cm-aus-satinnuss-knochenabstandshalter-gravierter-frontbolster-damascus-carbon-leopard-klinge\/","og_site_name":"Laguiole.com \u00ae","article_publisher":"https:\/\/www.facebook.com\/laguiolecom\/","og_image":[{"width":1920,"height":854,"url":"https:\/\/laguiole.com\/wp-content\/uploads\/2023\/08\/logo_laguiole_com_\u00ae_300dpi_Noir_et_Blanc.jpg","type":"image\/jpeg"}],"twitter_card":"summary_large_image","twitter_misc":{"Gesch\u00e4tzte Lesezeit":"1\u00a0Minute"},"schema":{"@context":"https:\/\/schema.org","@graph":[{"@type":"WebPage","@id":"https:\/\/laguiole.com\/de\/produit\/prestige-forge-de-laguiole-messer-12-cm-aus-satinnuss-knochenabstandshalter-gravierter-frontbolster-damascus-carbon-leopard-klinge\/","url":"https:\/\/laguiole.com\/de\/produit\/prestige-forge-de-laguiole-messer-12-cm-aus-satinnuss-knochenabstandshalter-gravierter-frontbolster-damascus-carbon-leopard-klinge\/","name":"Laguiole Prestige Forge Damascus Carbon Leopard Messer","isPartOf":{"@id":"https:\/\/laguiole.com\/de\/#website"},"primaryImageOfPage":{"@id":"https:\/\/laguiole.com\/de\/produit\/prestige-forge-de-laguiole-messer-12-cm-aus-satinnuss-knochenabstandshalter-gravierter-frontbolster-damascus-carbon-leopard-klinge\/#primaryimage"},"image":{"@id":"https:\/\/laguiole.com\/de\/produit\/prestige-forge-de-laguiole-messer-12-cm-aus-satinnuss-knochenabstandshalter-gravierter-frontbolster-damascus-carbon-leopard-klinge\/#primaryimage"},"thumbnailUrl":"https:\/\/laguiole.com\/wp-content\/uploads\/2026\/05\/Couteau_Prestige_Forge_de_Laguiole_Noyer_Entretoise_Os_Mitre_gravee_Lame_Damas_Carbone_Leopard_00.jpg","datePublished":"2026-05-06T10:58:02+00:00","description":"Laguiole Prestige Forge Messer mit Leopard-Carbon-Damaskusklinge, Walnussgriff und handgefertigten Oberfl\u00e4chen. Au\u00dfergew\u00f6hnliches St\u00fcck in einer Kiste geliefert.","breadcrumb":{"@id":"https:\/\/laguiole.com\/de\/produit\/prestige-forge-de-laguiole-messer-12-cm-aus-satinnuss-knochenabstandshalter-gravierter-frontbolster-damascus-carbon-leopard-klinge\/#breadcrumb"},"inLanguage":"de","potentialAction":[{"@type":"ReadAction","target":["https:\/\/laguiole.com\/de\/produit\/prestige-forge-de-laguiole-messer-12-cm-aus-satinnuss-knochenabstandshalter-gravierter-frontbolster-damascus-carbon-leopard-klinge\/"]}]},{"@type":"ImageObject","inLanguage":"de","@id":"https:\/\/laguiole.com\/de\/produit\/prestige-forge-de-laguiole-messer-12-cm-aus-satinnuss-knochenabstandshalter-gravierter-frontbolster-damascus-carbon-leopard-klinge\/#primaryimage","url":"https:\/\/laguiole.com\/wp-content\/uploads\/2026\/05\/Couteau_Prestige_Forge_de_Laguiole_Noyer_Entretoise_Os_Mitre_gravee_Lame_Damas_Carbone_Leopard_00.jpg","contentUrl":"https:\/\/laguiole.com\/wp-content\/uploads\/2026\/05\/Couteau_Prestige_Forge_de_Laguiole_Noyer_Entretoise_Os_Mitre_gravee_Lame_Damas_Carbone_Leopard_00.jpg","width":1033,"height":1033,"caption":"Couteau Prestige Forge de Laguiole 12cm en Noyer Satin\u00e9 Entretoise en Os Mitre avant grav\u00e9e Lame Damas Carbone L\u00e9opard"},{"@type":"BreadcrumbList","@id":"https:\/\/laguiole.com\/de\/produit\/prestige-forge-de-laguiole-messer-12-cm-aus-satinnuss-knochenabstandshalter-gravierter-frontbolster-damascus-carbon-leopard-klinge\/#breadcrumb","itemListElement":[{"@type":"ListItem","position":1,"name":"Accueil","item":"https:\/\/laguiole.com\/de\/"},{"@type":"ListItem","position":2,"name":"Shop","item":"https:\/\/laguiole.com\/de\/shop-2\/"},{"@type":"ListItem","position":3,"name":"Prestige Forge de Laguiole Messer 12 cm aus Satinnuss-Knochenabstandshalter gravierter Frontbolster Damascus Carbon Leopard Klinge"}]},{"@type":"WebSite","@id":"https:\/\/laguiole.com\/de\/#website","url":"https:\/\/laguiole.com\/de\/","name":"Laguiole.com","description":"Laguiole - Couteau laguiole, Chateau Laguiole, Laguiole en Aubrac, Forge de Laguiole","publisher":{"@id":"https:\/\/laguiole.com\/de\/#organization"},"potentialAction":[{"@type":"SearchAction","target":{"@type":"EntryPoint","urlTemplate":"https:\/\/laguiole.com\/de\/?s={search_term_string}"},"query-input":{"@type":"PropertyValueSpecification","valueRequired":true,"valueName":"search_term_string"}}],"inLanguage":"de"},{"@type":"Organization","@id":"https:\/\/laguiole.com\/de\/#organization","name":"Laguiole.com","url":"https:\/\/laguiole.com\/de\/","logo":{"@type":"ImageObject","inLanguage":"de","@id":"https:\/\/laguiole.com\/de\/#\/schema\/logo\/image\/","url":"https:\/\/laguiole.com\/wp-content\/uploads\/2021\/02\/logo_laguiole.com-horizontal.jpg","contentUrl":"https:\/\/laguiole.com\/wp-content\/uploads\/2021\/02\/logo_laguiole.com-horizontal.jpg","width":490,"height":156,"caption":"Laguiole.com"},"image":{"@id":"https:\/\/laguiole.com\/de\/#\/schema\/logo\/image\/"},"sameAs":["https:\/\/www.facebook.com\/laguiolecom\/","https:\/\/www.instagram.com\/laguiolecom\/","https:\/\/www.youtube.com\/@laguiolecom\/videos"]}]}},"_links":{"self":[{"href":"https:\/\/laguiole.com\/de\/wp-json\/wp\/v2\/product\/53684","targetHints":{"allow":["GET"]}}],"collection":[{"href":"https:\/\/laguiole.com\/de\/wp-json\/wp\/v2\/product"}],"about":[{"href":"https:\/\/laguiole.com\/de\/wp-json\/wp\/v2\/types\/product"}],"version-history":[{"count":0,"href":"https:\/\/laguiole.com\/de\/wp-json\/wp\/v2\/product\/53684\/revisions"}],"wp:featuredmedia":[{"embeddable":true,"href":"https:\/\/laguiole.com\/de\/wp-json\/wp\/v2\/media\/53696"}],"wp:attachment":[{"href":"https:\/\/laguiole.com\/de\/wp-json\/wp\/v2\/media?parent=53684"}],"wp:term":[{"taxonomy":"product_brand","embeddable":true,"href":"https:\/\/laguiole.com\/de\/wp-json\/wp\/v2\/product_brand?post=53684"},{"taxonomy":"product_cat","embeddable":true,"href":"https:\/\/laguiole.com\/de\/wp-json\/wp\/v2\/product_cat?post=53684"},{"taxonomy":"product_tag","embeddable":true,"href":"https:\/\/laguiole.com\/de\/wp-json\/wp\/v2\/product_tag?post=53684"}],"curies":[{"name":"wp","href":"https:\/\/api.w.org\/{rel}","templated":true}]}}