{"id":53469,"date":"2026-05-05T18:23:07","date_gmt":"2026-05-05T16:23:07","guid":{"rendered":"https:\/\/laguiole.com\/produit\/laguiole-schmiedemesser-alchimie-collection-in-wacholder-und-weissem-harz-12-cm-glaenzendem-edelstahlfinish\/"},"modified":"2026-05-05T18:23:07","modified_gmt":"2026-05-05T16:23:07","slug":"laguiole-schmiedemesser-alchimie-collection-in-wacholder-und-weissem-harz-12-cm-glaenzendem-edelstahlfinish","status":"publish","type":"product","link":"https:\/\/laguiole.com\/de\/produit\/laguiole-schmiedemesser-alchimie-collection-in-wacholder-und-weissem-harz-12-cm-glaenzendem-edelstahlfinish\/","title":{"rendered":"Laguiole Schmiedemesser ALCHIMIE Collection in Wacholder und wei\u00dfem Harz 12 cm gl\u00e4nzendem Edelstahlfinish"},"content":{"rendered":"<hr data-start=\"130\" data-end=\"133\">\n<h2 data-section-id=\"1p3vove\" data-start=\"135\" data-end=\"230\"><span role=\"text\">\ud83d\udcdd <strong data-start=\"141\" data-end=\"230\">Laguiole-Wacholder und wei\u00dfes Harzmesser \u2013 Alchemie-Sammlung | Laguiole Schmiede<\/strong><\/span><\/h2>\n<p data-start=\"232\" data-end=\"481\">Das Laguiole-Wacholder- und wei\u00dfes Harzmesser aus der Alchimie-Kollektion spiegelt franz\u00f6sische Handwerkskunst wider. Es wird in Frankreich in den Werkst\u00e4tten der Forge de Laguiole hergestellt. So garantiert es Qualit\u00e4t, Pr\u00e4zision und Authentizit\u00e4t.  <\/p>\n<p data-start=\"483\" data-end=\"722\">Sein Griff vereint zwei edle Materialien. Einerseits bringt Wacholderholz W\u00e4rme und Charakter. Andererseits schafft das wei\u00dfe Harz einen modernen und eleganten Kontrast. Dank dieser Kombination wird jedes Messer zu einem einzigartigen St\u00fcck.   <\/p>\n<p data-start=\"724\" data-end=\"997\">Anschlie\u00dfend verst\u00e4rkt die Fertigstellung die hochwertige Positionierung. Die gl\u00e4nzende Edelstahl-Guilloch\u00e9 Feder ist fein bearbeitet. Dar\u00fcber hinaus unterstreicht die geschmiedete und gemei\u00dfelte Fliege die Handwerkskunst. Die gl\u00e4nzende Klinge sorgt f\u00fcr einen sauberen und langlebigen Schnitt.   <\/p>\n<p data-start=\"999\" data-end=\"1178\">Au\u00dferdem erinnert das Sch\u00e4ferkreuz am Griff an die Geschichte der Laguiole-Messer. Es verst\u00e4rkt seine traditionelle Identit\u00e4t und erh\u00f6ht gleichzeitig seine Authentizit\u00e4t. <\/p>\n<p data-start=\"1180\" data-end=\"1386\">Schlie\u00dflich kann dieses Laguiole-Messer mit dem Alchimie-Sommelier in Wacholder und wei\u00dfem Harz kombiniert werden, das ebenfalls auf der Seite erh\u00e4ltlich ist. Gemeinsam bilden sie ein elegantes Duo, das sich der Kunst von Wein und Geschirr widmet. <\/p>\n<p data-start=\"1388\" data-end=\"1435\">\ud83d\udc49 <strong data-start=\"1391\" data-end=\"1433\">Warum dieses Laguiole-Messer w\u00e4hlen?<\/strong><\/p>\n<ul data-start=\"1436\" data-end=\"1688\">\n<li data-section-id=\"7guasj\" data-start=\"1436\" data-end=\"1481\">Hergestellt in Frankreich (Forge de Laguiole)<\/li>\n<li data-section-id=\"1djxk0n\" data-start=\"1482\" data-end=\"1530\">Einzelne Wacholder- und wei\u00dfen Harz-Griff<\/li>\n<li data-section-id=\"hy5x4\" data-start=\"1531\" data-end=\"1569\">Guilloch\u00e9-Feder und geschmiedete Fliege<\/li>\n<li data-section-id=\"184gfxh\" data-start=\"1570\" data-end=\"1607\">Pr\u00e4zise und langlebige gl\u00e4nzende Klinge<\/li>\n<li data-section-id=\"1oc5u57\" data-start=\"1608\" data-end=\"1642\">Traditionelles Hirtenkreuz<\/li>\n<li data-section-id=\"c3pe5p\" data-start=\"1643\" data-end=\"1688\">Ideal als Geschenk oder Sammlerst\u00fcck<\/li>\n<\/ul>\n","protected":false},"excerpt":{"rendered":"<p>Forge de Laguiole Collection ALCHIMIE<br \/>\nKlappmesser Vollgriff aus Wacholder und wei\u00dfem<br \/>\nHarz, Fliege geschmiedet und fein gemei\u00dfelt von Hand<br \/>\nGl\u00e4nzende<br \/>\nEdelstahlplatten geschmiedet und guilloch\u00e9 Feder geschmiedet und Guilloch\u00e9 Hand aus gl\u00e4nzendem<br \/>\nEdelstahl gl\u00e4nzender Edelstahlklinge mit Lasche zum \u00d6ffnen<br \/>\nShepherd&#8217;s Cross-Messing auf der linken Seite Ihres Laguiole<br \/>\nGl\u00e4nzende<br \/>\nL\u00e4nge des Messers geschlossen:  12 cm<br \/>\nKlingenl\u00e4nge: 10 cm<br \/>\nOffene Messerl\u00e4nge: 22 cm<\/p>\n<p>Passend zum Sommelier ALCHIMIE Wacholder und wei\u00dfes Harz<\/p>\n","protected":false},"featured_media":0,"template":"","meta":{"_acf_changed":false,"_monsterinsights_skip_tracking":false,"_monsterinsights_sitenote_active":false,"_monsterinsights_sitenote_note":"","_monsterinsights_sitenote_category":0},"product_brand":[],"product_cat":[5938,5939,5944],"product_tag":[],"class_list":{"0":"post-53469","1":"product","2":"type-product","3":"status-publish","5":"product_cat-klappmesser","6":"product_cat-laguiole-klappmesser","7":"product_cat-laguiole-spezialmesser","8":"pa_composition-couteau-1-stueck-nur-klinge","9":"pa_lame-glaenzender-edelstahl","10":"pa_manche-en-bois-wacholder","11":"pa_manche-en-matiere-moderne-harz","12":"pa_marque-forge-de-laguiole","13":"pa_mitres-ohne-gehrung-vollstaendige-huelse","14":"pa_platines-einzelplatin","15":"pa_ressort-guilloche","16":"tm-has-options","19":"instock","20":"taxable","21":"shipping-taxable","22":"purchasable","23":"product-type-simple"},"supplier_id":null,"supplier_sku":"","barcode":null,"atum_controlled":true,"out_stock_date":null,"out_stock_threshold":null,"inheritable":false,"inbound_stock":0,"stock_on_hold":0,"sold_today":0,"sales_last_days":0,"reserved_stock":0,"customer_returns":0,"warehouse_damage":0,"lost_in_post":0,"other_logs":0,"out_stock_days":0,"lost_sales":0,"has_location":false,"update_date":"2026-05-08T00:55:46","atum_locations":[],"atum_stock_status":"instock","restock_status":false,"low_stock_amount":"","sales_update_date":"2026-05-08T00:55:45","calc_backorders":null,"acf":[],"yoast_head":"<!-- This site is optimized with the Yoast SEO plugin v27.3 - https:\/\/yoast.com\/product\/yoast-seo-wordpress\/ -->\n<title>Laguiole-Wacholdermesser mit wei\u00dfem Harz \u2013 Alchimie Collection<\/title>\n<meta name=\"description\" content=\"Laguiole-Messer aus Wacholder und wei\u00dfem Harz, hergestellt in Frankreich. Nur ein Griff, gl\u00e4nzende Klinge, Guilloc\u00e9-Feder. Ideal zum Sammeln oder zum Schenken.\" \/>\n<meta name=\"robots\" content=\"index, follow, max-snippet:-1, max-image-preview:large, max-video-preview:-1\" \/>\n<link rel=\"canonical\" href=\"https:\/\/laguiole.com\/de\/produit\/laguiole-schmiedemesser-alchimie-collection-in-wacholder-und-weissem-harz-12-cm-glaenzendem-edelstahlfinish\/\" \/>\n<meta property=\"og:locale\" content=\"de_DE\" \/>\n<meta property=\"og:type\" content=\"article\" \/>\n<meta property=\"og:title\" content=\"Laguiole-Wacholdermesser mit wei\u00dfem Harz \u2013 Alchimie Collection\" \/>\n<meta property=\"og:description\" content=\"Laguiole-Messer aus Wacholder und wei\u00dfem Harz, hergestellt in Frankreich. Nur ein Griff, gl\u00e4nzende Klinge, Guilloc\u00e9-Feder. Ideal zum Sammeln oder zum Schenken.\" \/>\n<meta property=\"og:url\" content=\"https:\/\/laguiole.com\/de\/produit\/laguiole-schmiedemesser-alchimie-collection-in-wacholder-und-weissem-harz-12-cm-glaenzendem-edelstahlfinish\/\" \/>\n<meta property=\"og:site_name\" content=\"Laguiole.com \u00ae\" \/>\n<meta property=\"article:publisher\" content=\"https:\/\/www.facebook.com\/laguiolecom\/\" \/>\n<meta property=\"og:image\" content=\"https:\/\/laguiole.com\/wp-content\/uploads\/2023\/08\/logo_laguiole_com_\u00ae_300dpi_Noir_et_Blanc.jpg\" \/>\n\t<meta property=\"og:image:width\" content=\"1920\" \/>\n\t<meta property=\"og:image:height\" content=\"854\" \/>\n\t<meta property=\"og:image:type\" content=\"image\/jpeg\" \/>\n<meta name=\"twitter:card\" content=\"summary_large_image\" \/>\n<meta name=\"twitter:label1\" content=\"Gesch\u00e4tzte Lesezeit\" \/>\n\t<meta name=\"twitter:data1\" content=\"1\u00a0Minute\" \/>\n<script type=\"application\/ld+json\" class=\"yoast-schema-graph\">{\"@context\":\"https:\\\/\\\/schema.org\",\"@graph\":[{\"@type\":\"WebPage\",\"@id\":\"https:\\\/\\\/laguiole.com\\\/de\\\/produit\\\/laguiole-schmiedemesser-alchimie-collection-in-wacholder-und-weissem-harz-12-cm-glaenzendem-edelstahlfinish\\\/\",\"url\":\"https:\\\/\\\/laguiole.com\\\/de\\\/produit\\\/laguiole-schmiedemesser-alchimie-collection-in-wacholder-und-weissem-harz-12-cm-glaenzendem-edelstahlfinish\\\/\",\"name\":\"Laguiole-Wacholdermesser mit wei\u00dfem Harz \u2013 Alchimie Collection\",\"isPartOf\":{\"@id\":\"https:\\\/\\\/laguiole.com\\\/de\\\/#website\"},\"datePublished\":\"2026-05-05T16:23:07+00:00\",\"description\":\"Laguiole-Messer aus Wacholder und wei\u00dfem Harz, hergestellt in Frankreich. Nur ein Griff, gl\u00e4nzende Klinge, Guilloc\u00e9-Feder. Ideal zum Sammeln oder zum Schenken.\",\"breadcrumb\":{\"@id\":\"https:\\\/\\\/laguiole.com\\\/de\\\/produit\\\/laguiole-schmiedemesser-alchimie-collection-in-wacholder-und-weissem-harz-12-cm-glaenzendem-edelstahlfinish\\\/#breadcrumb\"},\"inLanguage\":\"de\",\"potentialAction\":[{\"@type\":\"ReadAction\",\"target\":[\"https:\\\/\\\/laguiole.com\\\/de\\\/produit\\\/laguiole-schmiedemesser-alchimie-collection-in-wacholder-und-weissem-harz-12-cm-glaenzendem-edelstahlfinish\\\/\"]}]},{\"@type\":\"BreadcrumbList\",\"@id\":\"https:\\\/\\\/laguiole.com\\\/de\\\/produit\\\/laguiole-schmiedemesser-alchimie-collection-in-wacholder-und-weissem-harz-12-cm-glaenzendem-edelstahlfinish\\\/#breadcrumb\",\"itemListElement\":[{\"@type\":\"ListItem\",\"position\":1,\"name\":\"Accueil\",\"item\":\"https:\\\/\\\/laguiole.com\\\/de\\\/\"},{\"@type\":\"ListItem\",\"position\":2,\"name\":\"Shop\",\"item\":\"https:\\\/\\\/laguiole.com\\\/de\\\/shop-2\\\/\"},{\"@type\":\"ListItem\",\"position\":3,\"name\":\"Laguiole Schmiedemesser ALCHIMIE Collection in Wacholder und wei\u00dfem Harz 12 cm gl\u00e4nzendem Edelstahlfinish\"}]},{\"@type\":\"WebSite\",\"@id\":\"https:\\\/\\\/laguiole.com\\\/de\\\/#website\",\"url\":\"https:\\\/\\\/laguiole.com\\\/de\\\/\",\"name\":\"Laguiole.com\",\"description\":\"Laguiole - Couteau laguiole, Chateau Laguiole, Laguiole en Aubrac, Forge de Laguiole\",\"publisher\":{\"@id\":\"https:\\\/\\\/laguiole.com\\\/de\\\/#organization\"},\"potentialAction\":[{\"@type\":\"SearchAction\",\"target\":{\"@type\":\"EntryPoint\",\"urlTemplate\":\"https:\\\/\\\/laguiole.com\\\/de\\\/?s={search_term_string}\"},\"query-input\":{\"@type\":\"PropertyValueSpecification\",\"valueRequired\":true,\"valueName\":\"search_term_string\"}}],\"inLanguage\":\"de\"},{\"@type\":\"Organization\",\"@id\":\"https:\\\/\\\/laguiole.com\\\/de\\\/#organization\",\"name\":\"Laguiole.com\",\"url\":\"https:\\\/\\\/laguiole.com\\\/de\\\/\",\"logo\":{\"@type\":\"ImageObject\",\"inLanguage\":\"de\",\"@id\":\"https:\\\/\\\/laguiole.com\\\/de\\\/#\\\/schema\\\/logo\\\/image\\\/\",\"url\":\"https:\\\/\\\/laguiole.com\\\/wp-content\\\/uploads\\\/2021\\\/02\\\/logo_laguiole.com-horizontal.jpg\",\"contentUrl\":\"https:\\\/\\\/laguiole.com\\\/wp-content\\\/uploads\\\/2021\\\/02\\\/logo_laguiole.com-horizontal.jpg\",\"width\":490,\"height\":156,\"caption\":\"Laguiole.com\"},\"image\":{\"@id\":\"https:\\\/\\\/laguiole.com\\\/de\\\/#\\\/schema\\\/logo\\\/image\\\/\"},\"sameAs\":[\"https:\\\/\\\/www.facebook.com\\\/laguiolecom\\\/\",\"https:\\\/\\\/www.instagram.com\\\/laguiolecom\\\/\",\"https:\\\/\\\/www.youtube.com\\\/@laguiolecom\\\/videos\"]}]}<\/script>\n<!-- \/ Yoast SEO plugin. -->","yoast_head_json":{"title":"Laguiole-Wacholdermesser mit wei\u00dfem Harz \u2013 Alchimie Collection","description":"Laguiole-Messer aus Wacholder und wei\u00dfem Harz, hergestellt in Frankreich. Nur ein Griff, gl\u00e4nzende Klinge, Guilloc\u00e9-Feder. Ideal zum Sammeln oder zum Schenken.","robots":{"index":"index","follow":"follow","max-snippet":"max-snippet:-1","max-image-preview":"max-image-preview:large","max-video-preview":"max-video-preview:-1"},"canonical":"https:\/\/laguiole.com\/de\/produit\/laguiole-schmiedemesser-alchimie-collection-in-wacholder-und-weissem-harz-12-cm-glaenzendem-edelstahlfinish\/","og_locale":"de_DE","og_type":"article","og_title":"Laguiole-Wacholdermesser mit wei\u00dfem Harz \u2013 Alchimie Collection","og_description":"Laguiole-Messer aus Wacholder und wei\u00dfem Harz, hergestellt in Frankreich. Nur ein Griff, gl\u00e4nzende Klinge, Guilloc\u00e9-Feder. Ideal zum Sammeln oder zum Schenken.","og_url":"https:\/\/laguiole.com\/de\/produit\/laguiole-schmiedemesser-alchimie-collection-in-wacholder-und-weissem-harz-12-cm-glaenzendem-edelstahlfinish\/","og_site_name":"Laguiole.com \u00ae","article_publisher":"https:\/\/www.facebook.com\/laguiolecom\/","og_image":[{"width":1920,"height":854,"url":"https:\/\/laguiole.com\/wp-content\/uploads\/2023\/08\/logo_laguiole_com_\u00ae_300dpi_Noir_et_Blanc.jpg","type":"image\/jpeg"}],"twitter_card":"summary_large_image","twitter_misc":{"Gesch\u00e4tzte Lesezeit":"1\u00a0Minute"},"schema":{"@context":"https:\/\/schema.org","@graph":[{"@type":"WebPage","@id":"https:\/\/laguiole.com\/de\/produit\/laguiole-schmiedemesser-alchimie-collection-in-wacholder-und-weissem-harz-12-cm-glaenzendem-edelstahlfinish\/","url":"https:\/\/laguiole.com\/de\/produit\/laguiole-schmiedemesser-alchimie-collection-in-wacholder-und-weissem-harz-12-cm-glaenzendem-edelstahlfinish\/","name":"Laguiole-Wacholdermesser mit wei\u00dfem Harz \u2013 Alchimie Collection","isPartOf":{"@id":"https:\/\/laguiole.com\/de\/#website"},"datePublished":"2026-05-05T16:23:07+00:00","description":"Laguiole-Messer aus Wacholder und wei\u00dfem Harz, hergestellt in Frankreich. Nur ein Griff, gl\u00e4nzende Klinge, Guilloc\u00e9-Feder. Ideal zum Sammeln oder zum Schenken.","breadcrumb":{"@id":"https:\/\/laguiole.com\/de\/produit\/laguiole-schmiedemesser-alchimie-collection-in-wacholder-und-weissem-harz-12-cm-glaenzendem-edelstahlfinish\/#breadcrumb"},"inLanguage":"de","potentialAction":[{"@type":"ReadAction","target":["https:\/\/laguiole.com\/de\/produit\/laguiole-schmiedemesser-alchimie-collection-in-wacholder-und-weissem-harz-12-cm-glaenzendem-edelstahlfinish\/"]}]},{"@type":"BreadcrumbList","@id":"https:\/\/laguiole.com\/de\/produit\/laguiole-schmiedemesser-alchimie-collection-in-wacholder-und-weissem-harz-12-cm-glaenzendem-edelstahlfinish\/#breadcrumb","itemListElement":[{"@type":"ListItem","position":1,"name":"Accueil","item":"https:\/\/laguiole.com\/de\/"},{"@type":"ListItem","position":2,"name":"Shop","item":"https:\/\/laguiole.com\/de\/shop-2\/"},{"@type":"ListItem","position":3,"name":"Laguiole Schmiedemesser ALCHIMIE Collection in Wacholder und wei\u00dfem Harz 12 cm gl\u00e4nzendem Edelstahlfinish"}]},{"@type":"WebSite","@id":"https:\/\/laguiole.com\/de\/#website","url":"https:\/\/laguiole.com\/de\/","name":"Laguiole.com","description":"Laguiole - Couteau laguiole, Chateau Laguiole, Laguiole en Aubrac, Forge de Laguiole","publisher":{"@id":"https:\/\/laguiole.com\/de\/#organization"},"potentialAction":[{"@type":"SearchAction","target":{"@type":"EntryPoint","urlTemplate":"https:\/\/laguiole.com\/de\/?s={search_term_string}"},"query-input":{"@type":"PropertyValueSpecification","valueRequired":true,"valueName":"search_term_string"}}],"inLanguage":"de"},{"@type":"Organization","@id":"https:\/\/laguiole.com\/de\/#organization","name":"Laguiole.com","url":"https:\/\/laguiole.com\/de\/","logo":{"@type":"ImageObject","inLanguage":"de","@id":"https:\/\/laguiole.com\/de\/#\/schema\/logo\/image\/","url":"https:\/\/laguiole.com\/wp-content\/uploads\/2021\/02\/logo_laguiole.com-horizontal.jpg","contentUrl":"https:\/\/laguiole.com\/wp-content\/uploads\/2021\/02\/logo_laguiole.com-horizontal.jpg","width":490,"height":156,"caption":"Laguiole.com"},"image":{"@id":"https:\/\/laguiole.com\/de\/#\/schema\/logo\/image\/"},"sameAs":["https:\/\/www.facebook.com\/laguiolecom\/","https:\/\/www.instagram.com\/laguiolecom\/","https:\/\/www.youtube.com\/@laguiolecom\/videos"]}]}},"_links":{"self":[{"href":"https:\/\/laguiole.com\/de\/wp-json\/wp\/v2\/product\/53469","targetHints":{"allow":["GET"]}}],"collection":[{"href":"https:\/\/laguiole.com\/de\/wp-json\/wp\/v2\/product"}],"about":[{"href":"https:\/\/laguiole.com\/de\/wp-json\/wp\/v2\/types\/product"}],"version-history":[{"count":0,"href":"https:\/\/laguiole.com\/de\/wp-json\/wp\/v2\/product\/53469\/revisions"}],"wp:attachment":[{"href":"https:\/\/laguiole.com\/de\/wp-json\/wp\/v2\/media?parent=53469"}],"wp:term":[{"taxonomy":"product_brand","embeddable":true,"href":"https:\/\/laguiole.com\/de\/wp-json\/wp\/v2\/product_brand?post=53469"},{"taxonomy":"product_cat","embeddable":true,"href":"https:\/\/laguiole.com\/de\/wp-json\/wp\/v2\/product_cat?post=53469"},{"taxonomy":"product_tag","embeddable":true,"href":"https:\/\/laguiole.com\/de\/wp-json\/wp\/v2\/product_tag?post=53469"}],"curies":[{"name":"wp","href":"https:\/\/api.w.org\/{rel}","templated":true}]}}