{"id":53467,"date":"2026-05-05T20:05:56","date_gmt":"2026-05-05T18:05:56","guid":{"rendered":"https:\/\/laguiole.com\/produit\/2-teiliges-schneideset-xxl-forge-de-laguiole-vollnuss-griff-guilloche-federplatten-messing-geschmiedeter-fliegen\/"},"modified":"2026-05-05T20:05:56","modified_gmt":"2026-05-05T18:05:56","slug":"2-teiliges-schneideset-xxl-forge-de-laguiole-vollnuss-griff-guilloche-federplatten-messing-geschmiedeter-fliegen","status":"publish","type":"product","link":"https:\/\/laguiole.com\/de\/produit\/2-teiliges-schneideset-xxl-forge-de-laguiole-vollnuss-griff-guilloche-federplatten-messing-geschmiedeter-fliegen\/","title":{"rendered":"2-teiliges Schneideset XXL Forge de Laguiole Vollnuss-Griff Guilloch\u00e9 Federplatten Messing geschmiedeter Fliegen"},"content":{"rendered":"<h2 data-section-id=\"10ie73d\" data-start=\"1153\" data-end=\"1281\">\ud83d\udd25 Prestige-Walnuss- und Messingschnitzerei Forge de Laguiole: das ideale Werkzeug f\u00fcr Grillfeste und gro\u00dfe Fleischst\u00fccke<\/h2>\n<p data-start=\"1283\" data-end=\"1612\">Das <strong data-start=\"1286\" data-end=\"1354\">Prestige-Schnitzset aus Walnuss und Messing, Forge de Laguiole<\/strong> , ist ein erstklassiges Set, das das Schneiden gro\u00dfer Fleischst\u00fccke verbessern soll. Mit seinem gro\u00dfen, <strong data-start=\"1479\" data-end=\"1497\">38,5 cm ge\u00f6ffneten<\/strong> Klappmesser und der passenden Gabel ist er ein Muss f\u00fcr gesellige Mahlzeiten, Grillfeste und Festtische. <\/p>\n<hr data-start=\"1614\" data-end=\"1617\">\n<h2 data-section-id=\"1unkqwo\" data-start=\"1619\" data-end=\"1683\">\ud83c\udf33 Warum macht der Walnussgriff diesen Service au\u00dfergew\u00f6hnlich?<\/h2>\n<p data-start=\"1685\" data-end=\"1737\"><strong data-start=\"1688\" data-end=\"1704\">Massives Walnussholz<\/strong> ist ein edles Holz, das bekannt ist f\u00fcr:<\/p>\n<ul data-start=\"1738\" data-end=\"1835\">\n<li data-section-id=\"1hpwz7c\" data-start=\"1738\" data-end=\"1771\">seine tiefen, nat\u00fcrlichen Adern<\/li>\n<li data-section-id=\"1o74rvf\" data-start=\"1772\" data-end=\"1807\">sein warmer und eleganter Schatten<\/li>\n<li data-section-id=\"1oh29tp\" data-start=\"1808\" data-end=\"1835\">seine Festigkeit \u00fcber die Zeit hinweg<\/li>\n<\/ul>\n<p data-start=\"1837\" data-end=\"2031\">Jedes Set ist einzigartig, was jeden Ausschnittservice zu einem einzigartigen Teil macht. Walnuss verleiht einen authentischen und hochwertigen Look, der perfekt zu hochwertigem Geschirr passt. <\/p>\n<hr data-start=\"2033\" data-end=\"2036\">\n<h2 data-section-id=\"1oc4i5l\" data-start=\"2038\" data-end=\"2088\">\u2728 Messing: ein hochwertiger visueller Kontrast<\/h2>\n<p data-start=\"2090\" data-end=\"2216\">Eines der markantesten Elemente dieses Modells sind die <strong data-start=\"2158\" data-end=\"2180\">Messingplatten<\/strong> und <strong data-start=\"2188\" data-end=\"2215\">massiven Messingnieten<\/strong>.<\/p>\n<p data-start=\"2218\" data-end=\"2243\">Diese metallischen Details:<\/p>\n<ul data-start=\"2244\" data-end=\"2383\">\n<li data-section-id=\"14r7uie\" data-start=\"2244\" data-end=\"2302\">Schaffen Sie einen eleganten Kontrast zum dunklen Holz der Walnuss<\/li>\n<li data-section-id=\"mbhw26\" data-start=\"2303\" data-end=\"2343\">Hervorheben Sie die Handwerkskunst<\/li>\n<li data-section-id=\"1655hpo\" data-start=\"2344\" data-end=\"2383\">Die luxuri\u00f6se Identit\u00e4t des Messers zu verst\u00e4rken<\/li>\n<\/ul>\n<p data-start=\"2385\" data-end=\"2493\">Die Blechbl\u00e4ser bringen ein warmes Licht, das das Ganze sublimiert und den prestigetr\u00e4chtigen Abschluss des Gottesdienstes betont.<\/p>\n<hr data-start=\"2495\" data-end=\"2498\">\n<h2 data-section-id=\"xis35l\" data-start=\"2500\" data-end=\"2569\">\ud83d\udd2a Ein gro\u00dfes Klappmesser, das f\u00fcr Fleisch und Grills entwickelt wurde<\/h2>\n<p data-start=\"2571\" data-end=\"2697\">Mit <strong data-start=\"2580\" data-end=\"2607\">einer \u00d6ffnung von 38,5 cm<\/strong> ist dieses klappbare Servicemesser eines der gr\u00f6\u00dften seiner Klasse.<\/p>\n<p data-start=\"2699\" data-end=\"2718\">Es ist ideal f\u00fcr:<\/p>\n<ul data-start=\"2719\" data-end=\"2878\">\n<li data-section-id=\"khjoxd\" data-start=\"2719\" data-end=\"2755\">Schneide gro\u00dfe Rindfleischst\u00fccke<\/li>\n<li data-section-id=\"1pm3cpg\" data-start=\"2756\" data-end=\"2796\">Ein Braten oder ganzes Gefl\u00fcgel servieren<\/li>\n<li data-section-id=\"mpwzc4\" data-start=\"2797\" data-end=\"2833\">Grillfeste und Mahlzeiten im Freien<\/li>\n<li data-section-id=\"81pn10\" data-start=\"2834\" data-end=\"2878\">Gro\u00dfe Familien- oder Festtische<\/li>\n<\/ul>\n<p data-start=\"2880\" data-end=\"2981\">Seine L\u00e4nge bietet eine ausgezeichnete Kontrolle und ein glattes Schneiden selbst an den dicksten Stellen.<\/p>\n<hr data-start=\"2983\" data-end=\"2986\">\n<h2 data-section-id=\"1hi9wct\" data-start=\"2988\" data-end=\"3057\">\ud83c\udf56 Warum ist dieses Schnitzset perfekt f\u00fcr Grillpartys?<\/h2>\n<p data-start=\"3059\" data-end=\"3174\">Wenn Sie <strong data-start=\"3079\" data-end=\"3118\">ein hochwertiges Grillmesser<\/strong> suchen, ist dieses Modell besonders geeignet, da es Folgendes kombiniert:<\/p>\n<ul data-start=\"3175\" data-end=\"3263\">\n<li data-section-id=\"gb7di8\" data-start=\"3175\" data-end=\"3195\">Schneideleistung<\/li>\n<li data-section-id=\"qjlyr6\" data-start=\"3196\" data-end=\"3207\">Genauigkeit<\/li>\n<li data-section-id=\"1iyy6t7\" data-start=\"3208\" data-end=\"3231\">Komfort der Nutzung<\/li>\n<li data-section-id=\"p6nvcp\" data-start=\"3232\" data-end=\"3263\">Elegante Tischpr\u00e4sentation<\/li>\n<\/ul>\n<p data-start=\"3265\" data-end=\"3373\">Er verwandelt jeden Schnitt in eine Geste feiner Service, die der franz\u00f6sischen gastronomischen Tradition nahekommt.<\/p>\n<hr data-start=\"3375\" data-end=\"3378\">\n<h2 data-section-id=\"q1pw8n\" data-start=\"3380\" data-end=\"3439\">\ud83c\uddeb\ud83c\uddf7 Forge de Laguiole: franz\u00f6sische Handwerkskunst<\/h2>\n<p data-start=\"3441\" data-end=\"3544\">Dieser Service wird von der <strong data-start=\"3472\" data-end=\"3493\">Forge de Laguiole<\/strong> hergestellt, einer weltweiten Referenz in franz\u00f6sischen Kunstmessern.<\/p>\n<p data-start=\"3546\" data-end=\"3612\">Jedes St\u00fcck wird mit besonderer Aufmerksamkeit angefertigt:<\/p>\n<ul data-start=\"3613\" data-end=\"3700\">\n<li data-section-id=\"1uk764j\" data-start=\"3613\" data-end=\"3628\">Zu den Zielen<\/li>\n<li data-section-id=\"1clk5du\" data-start=\"3629\" data-end=\"3665\">Holz- und Metallmontage<\/li>\n<li data-section-id=\"rxwyfm\" data-start=\"3666\" data-end=\"3700\">zum Gesamtgleichgewicht des Messers<\/li>\n<\/ul>\n<p data-start=\"3702\" data-end=\"3785\">Sie ist nicht nur ein Werkzeug, sondern ein Objekt von Tradition und Prestige.<\/p>\n<hr data-start=\"3787\" data-end=\"3790\">\n<h2 data-section-id=\"q9c6v0\" data-start=\"3792\" data-end=\"3828\">\u2753 FAQ<\/h2>\n<h3 data-section-id=\"1mkcqhg\" data-start=\"3830\" data-end=\"3879\">\ud83d\udd39 Wof\u00fcr wird ein faltbares Schnitzset verwendet?<\/h3>\n<p data-start=\"3880\" data-end=\"3999\">Sie erm\u00f6glicht es, gro\u00dfe Fleischst\u00fccke pr\u00e4zise bei geselligen oder professionellen Mahlzeiten zu schneiden und zu servieren.<\/p>\n<h3 data-section-id=\"7f8tv9\" data-start=\"4001\" data-end=\"4046\">\ud83d\udd39 Ist dieses Messer zum Grillen geeignet?<\/h3>\n<p data-start=\"4047\" data-end=\"4156\">Ja, seine 38,5 cm Gr\u00f6\u00dfe und Stabilit\u00e4t machen es ideal f\u00fcr Grills und gegrilltes Fleisch.<\/p>\n<h3 data-section-id=\"1mj3ss0\" data-start=\"4158\" data-end=\"4193\">\ud83d\udd39 Warum Walnuss verwenden?<\/h3>\n<p data-start=\"4194\" data-end=\"4290\">Walnuss ist ein edles, langlebiges und \u00e4sthetisches Holz, das weit verbreitet in hochwertigen Messern verwendet wird.<\/p>\n<h3 data-section-id=\"164bxcl\" data-start=\"4292\" data-end=\"4338\">\ud83d\udd39 Was ist besonders an Messing?<\/h3>\n<p data-start=\"4339\" data-end=\"4435\">Das Messing bildet einen eleganten Kontrast zum Holz und betont die Handwerkskunst des Messers.<\/p>\n<hr data-start=\"4437\" data-end=\"4440\">\n<h2 data-section-id=\"1vsvj0w\" data-start=\"4442\" data-end=\"4480\">\ud83e\udde0 Zusammenfassung<\/h2>\n<p data-start=\"4482\" data-end=\"4800\">Das Laguiole Prestige Forge Schnitzwerk aus Walnuss und Messing ist ein hochwertiges 38,5 cm gro\u00dfes Klappmesser, das f\u00fcr Grills, gro\u00dfe Fleischst\u00fccke und gro\u00dfe Tische entwickelt wurde. Sein Walnussgriff, Messingplatten und Nieten sowie seine franz\u00f6sische Handwerkskunst machen es zu einem au\u00dfergew\u00f6hnlichen St\u00fcck. <\/p>\n","protected":false},"excerpt":{"rendered":"<p>Zweiteiliges XXL Prestige-Schnitzset von Forge de Laguiole<\/p>\n<p>1 Prestige<br \/>\nsehr gro\u00dfes klappbares Schnitzmesser Vollnuss-Griff<br \/>\nVoll-Guilloch\u00e9 Feder aus gl\u00e4nzendem<br \/>\nEdelstahl Gl\u00e4nzende<br \/>\nMessingplatten Shepherd&#8217;s Cross auf der linken Seite des Messers<br \/>\nMessingnieten<br \/>\nund Shepherd&#8217;s Cross Gr\u00f6\u00dfe Geschlossenes Messer: 21 cm<br \/>\nKlingengr\u00f6\u00dfe: 17,5 cm<br \/>\nGesamtgr\u00f6\u00dfe: 38,5 cm<br \/>\nGewicht: 326 grs<\/p>\n<p>1 Prestige 3-Z\u00e4hne-Gabel 3 sehr gro\u00dfe Gr\u00f6\u00dfen 3<br \/>\nNieten aus Messing<br \/>\n, Vollnuss-Griff<br \/>\nGuilloch\u00e9 rund um den Griff aus gl\u00e4nzendem<br \/>\nEdelstahl Griffgr\u00f6\u00dfe: 13,5 cm<br \/>\nGabelgr\u00f6\u00dfe: 15 cm<br \/>\nGesamtgr\u00f6\u00dfe: 28,5 cm<br \/>\nGewicht: 130 g<\/p>\n","protected":false},"featured_media":0,"template":"","meta":{"_acf_changed":false,"_monsterinsights_skip_tracking":false,"_monsterinsights_sitenote_active":false,"_monsterinsights_sitenote_note":"","_monsterinsights_sitenote_category":0},"product_brand":[],"product_cat":[5935,5938,5939,5944],"product_tag":[],"class_list":{"0":"post-53467","1":"product","2":"type-product","3":"status-publish","5":"product_cat-laguiole-servierbesteck","6":"product_cat-klappmesser","7":"product_cat-laguiole-klappmesser","8":"product_cat-laguiole-spezialmesser","9":"pa_composition-couteau-1-stueck-nur-klinge","10":"pa_conditionnement-satz-mit-2-stueck","11":"pa_finition-brillant","12":"pa_lame-glaenzender-edelstahl","13":"pa_manche-en-bois-walnuss","14":"pa_marque-forge-de-laguiole","15":"pa_platines-einzelplatin","16":"pa_platines-messing","17":"pa_ressort-guilloche","18":"tm-has-options","21":"instock","22":"taxable","23":"shipping-taxable","24":"purchasable","25":"product-type-simple"},"supplier_id":null,"supplier_sku":"","barcode":null,"atum_controlled":true,"out_stock_date":null,"out_stock_threshold":null,"inheritable":false,"inbound_stock":0,"stock_on_hold":0,"sold_today":0,"sales_last_days":0,"reserved_stock":0,"customer_returns":0,"warehouse_damage":0,"lost_in_post":0,"other_logs":0,"out_stock_days":0,"lost_sales":0,"has_location":false,"update_date":"2026-05-07T00:47:06","atum_locations":[],"atum_stock_status":"instock","restock_status":false,"low_stock_amount":"","sales_update_date":"2026-05-07T00:47:06","calc_backorders":null,"acf":[],"yoast_head":"<!-- This site is optimized with the Yoast SEO plugin v27.3 - https:\/\/yoast.com\/product\/yoast-seo-wordpress\/ -->\n<title>Service-Schneiden-Prestige-Messing-Walnuss-38-5cm-Laguiole-Barbecue-<\/title>\n<meta name=\"description\" content=\"Entdecken Sie das Prestige Forge de Laguiole Schnitzset aus Walnuss und Messing, ein gro\u00dfes 38,5 cm gro\u00dfes Klappmesser mit passender Gabel.\" \/>\n<meta name=\"robots\" content=\"index, follow, max-snippet:-1, max-image-preview:large, max-video-preview:-1\" \/>\n<link rel=\"canonical\" href=\"https:\/\/laguiole.com\/de\/produit\/2-teiliges-schneideset-xxl-forge-de-laguiole-vollnuss-griff-guilloche-federplatten-messing-geschmiedeter-fliegen\/\" \/>\n<meta property=\"og:locale\" content=\"de_DE\" \/>\n<meta property=\"og:type\" content=\"article\" \/>\n<meta property=\"og:title\" content=\"Service-Schneiden-Prestige-Messing-Walnuss-38-5cm-Laguiole-Barbecue-\" \/>\n<meta property=\"og:description\" content=\"Entdecken Sie das Prestige Forge de Laguiole Schnitzset aus Walnuss und Messing, ein gro\u00dfes 38,5 cm gro\u00dfes Klappmesser mit passender Gabel.\" \/>\n<meta property=\"og:url\" content=\"https:\/\/laguiole.com\/de\/produit\/2-teiliges-schneideset-xxl-forge-de-laguiole-vollnuss-griff-guilloche-federplatten-messing-geschmiedeter-fliegen\/\" \/>\n<meta property=\"og:site_name\" content=\"Laguiole.com \u00ae\" \/>\n<meta property=\"article:publisher\" content=\"https:\/\/www.facebook.com\/laguiolecom\/\" \/>\n<meta property=\"og:image\" content=\"https:\/\/laguiole.com\/wp-content\/uploads\/2023\/08\/logo_laguiole_com_\u00ae_300dpi_Noir_et_Blanc.jpg\" \/>\n\t<meta property=\"og:image:width\" content=\"1920\" \/>\n\t<meta property=\"og:image:height\" content=\"854\" \/>\n\t<meta property=\"og:image:type\" content=\"image\/jpeg\" \/>\n<meta name=\"twitter:card\" content=\"summary_large_image\" \/>\n<meta name=\"twitter:label1\" content=\"Gesch\u00e4tzte Lesezeit\" \/>\n\t<meta name=\"twitter:data1\" content=\"2\u00a0Minute\" \/>\n<script type=\"application\/ld+json\" class=\"yoast-schema-graph\">{\"@context\":\"https:\\\/\\\/schema.org\",\"@graph\":[{\"@type\":\"WebPage\",\"@id\":\"https:\\\/\\\/laguiole.com\\\/de\\\/produit\\\/2-teiliges-schneideset-xxl-forge-de-laguiole-vollnuss-griff-guilloche-federplatten-messing-geschmiedeter-fliegen\\\/\",\"url\":\"https:\\\/\\\/laguiole.com\\\/de\\\/produit\\\/2-teiliges-schneideset-xxl-forge-de-laguiole-vollnuss-griff-guilloche-federplatten-messing-geschmiedeter-fliegen\\\/\",\"name\":\"Service-Schneiden-Prestige-Messing-Walnuss-38-5cm-Laguiole-Barbecue-\",\"isPartOf\":{\"@id\":\"https:\\\/\\\/laguiole.com\\\/de\\\/#website\"},\"datePublished\":\"2026-05-05T18:05:56+00:00\",\"description\":\"Entdecken Sie das Prestige Forge de Laguiole Schnitzset aus Walnuss und Messing, ein gro\u00dfes 38,5 cm gro\u00dfes Klappmesser mit passender Gabel.\",\"breadcrumb\":{\"@id\":\"https:\\\/\\\/laguiole.com\\\/de\\\/produit\\\/2-teiliges-schneideset-xxl-forge-de-laguiole-vollnuss-griff-guilloche-federplatten-messing-geschmiedeter-fliegen\\\/#breadcrumb\"},\"inLanguage\":\"de\",\"potentialAction\":[{\"@type\":\"ReadAction\",\"target\":[\"https:\\\/\\\/laguiole.com\\\/de\\\/produit\\\/2-teiliges-schneideset-xxl-forge-de-laguiole-vollnuss-griff-guilloche-federplatten-messing-geschmiedeter-fliegen\\\/\"]}]},{\"@type\":\"BreadcrumbList\",\"@id\":\"https:\\\/\\\/laguiole.com\\\/de\\\/produit\\\/2-teiliges-schneideset-xxl-forge-de-laguiole-vollnuss-griff-guilloche-federplatten-messing-geschmiedeter-fliegen\\\/#breadcrumb\",\"itemListElement\":[{\"@type\":\"ListItem\",\"position\":1,\"name\":\"Accueil\",\"item\":\"https:\\\/\\\/laguiole.com\\\/de\\\/\"},{\"@type\":\"ListItem\",\"position\":2,\"name\":\"Shop\",\"item\":\"https:\\\/\\\/laguiole.com\\\/de\\\/shop-2\\\/\"},{\"@type\":\"ListItem\",\"position\":3,\"name\":\"2-teiliges Schneideset XXL Forge de Laguiole Vollnuss-Griff Guilloch\u00e9 Federplatten Messing geschmiedeter Fliegen\"}]},{\"@type\":\"WebSite\",\"@id\":\"https:\\\/\\\/laguiole.com\\\/de\\\/#website\",\"url\":\"https:\\\/\\\/laguiole.com\\\/de\\\/\",\"name\":\"Laguiole.com\",\"description\":\"Laguiole - Couteau laguiole, Chateau Laguiole, Laguiole en Aubrac, Forge de Laguiole\",\"publisher\":{\"@id\":\"https:\\\/\\\/laguiole.com\\\/de\\\/#organization\"},\"potentialAction\":[{\"@type\":\"SearchAction\",\"target\":{\"@type\":\"EntryPoint\",\"urlTemplate\":\"https:\\\/\\\/laguiole.com\\\/de\\\/?s={search_term_string}\"},\"query-input\":{\"@type\":\"PropertyValueSpecification\",\"valueRequired\":true,\"valueName\":\"search_term_string\"}}],\"inLanguage\":\"de\"},{\"@type\":\"Organization\",\"@id\":\"https:\\\/\\\/laguiole.com\\\/de\\\/#organization\",\"name\":\"Laguiole.com\",\"url\":\"https:\\\/\\\/laguiole.com\\\/de\\\/\",\"logo\":{\"@type\":\"ImageObject\",\"inLanguage\":\"de\",\"@id\":\"https:\\\/\\\/laguiole.com\\\/de\\\/#\\\/schema\\\/logo\\\/image\\\/\",\"url\":\"https:\\\/\\\/laguiole.com\\\/wp-content\\\/uploads\\\/2021\\\/02\\\/logo_laguiole.com-horizontal.jpg\",\"contentUrl\":\"https:\\\/\\\/laguiole.com\\\/wp-content\\\/uploads\\\/2021\\\/02\\\/logo_laguiole.com-horizontal.jpg\",\"width\":490,\"height\":156,\"caption\":\"Laguiole.com\"},\"image\":{\"@id\":\"https:\\\/\\\/laguiole.com\\\/de\\\/#\\\/schema\\\/logo\\\/image\\\/\"},\"sameAs\":[\"https:\\\/\\\/www.facebook.com\\\/laguiolecom\\\/\",\"https:\\\/\\\/www.instagram.com\\\/laguiolecom\\\/\",\"https:\\\/\\\/www.youtube.com\\\/@laguiolecom\\\/videos\"]}]}<\/script>\n<!-- \/ Yoast SEO plugin. -->","yoast_head_json":{"title":"Service-Schneiden-Prestige-Messing-Walnuss-38-5cm-Laguiole-Barbecue-","description":"Entdecken Sie das Prestige Forge de Laguiole Schnitzset aus Walnuss und Messing, ein gro\u00dfes 38,5 cm gro\u00dfes Klappmesser mit passender Gabel.","robots":{"index":"index","follow":"follow","max-snippet":"max-snippet:-1","max-image-preview":"max-image-preview:large","max-video-preview":"max-video-preview:-1"},"canonical":"https:\/\/laguiole.com\/de\/produit\/2-teiliges-schneideset-xxl-forge-de-laguiole-vollnuss-griff-guilloche-federplatten-messing-geschmiedeter-fliegen\/","og_locale":"de_DE","og_type":"article","og_title":"Service-Schneiden-Prestige-Messing-Walnuss-38-5cm-Laguiole-Barbecue-","og_description":"Entdecken Sie das Prestige Forge de Laguiole Schnitzset aus Walnuss und Messing, ein gro\u00dfes 38,5 cm gro\u00dfes Klappmesser mit passender Gabel.","og_url":"https:\/\/laguiole.com\/de\/produit\/2-teiliges-schneideset-xxl-forge-de-laguiole-vollnuss-griff-guilloche-federplatten-messing-geschmiedeter-fliegen\/","og_site_name":"Laguiole.com \u00ae","article_publisher":"https:\/\/www.facebook.com\/laguiolecom\/","og_image":[{"width":1920,"height":854,"url":"https:\/\/laguiole.com\/wp-content\/uploads\/2023\/08\/logo_laguiole_com_\u00ae_300dpi_Noir_et_Blanc.jpg","type":"image\/jpeg"}],"twitter_card":"summary_large_image","twitter_misc":{"Gesch\u00e4tzte Lesezeit":"2\u00a0Minute"},"schema":{"@context":"https:\/\/schema.org","@graph":[{"@type":"WebPage","@id":"https:\/\/laguiole.com\/de\/produit\/2-teiliges-schneideset-xxl-forge-de-laguiole-vollnuss-griff-guilloche-federplatten-messing-geschmiedeter-fliegen\/","url":"https:\/\/laguiole.com\/de\/produit\/2-teiliges-schneideset-xxl-forge-de-laguiole-vollnuss-griff-guilloche-federplatten-messing-geschmiedeter-fliegen\/","name":"Service-Schneiden-Prestige-Messing-Walnuss-38-5cm-Laguiole-Barbecue-","isPartOf":{"@id":"https:\/\/laguiole.com\/de\/#website"},"datePublished":"2026-05-05T18:05:56+00:00","description":"Entdecken Sie das Prestige Forge de Laguiole Schnitzset aus Walnuss und Messing, ein gro\u00dfes 38,5 cm gro\u00dfes Klappmesser mit passender Gabel.","breadcrumb":{"@id":"https:\/\/laguiole.com\/de\/produit\/2-teiliges-schneideset-xxl-forge-de-laguiole-vollnuss-griff-guilloche-federplatten-messing-geschmiedeter-fliegen\/#breadcrumb"},"inLanguage":"de","potentialAction":[{"@type":"ReadAction","target":["https:\/\/laguiole.com\/de\/produit\/2-teiliges-schneideset-xxl-forge-de-laguiole-vollnuss-griff-guilloche-federplatten-messing-geschmiedeter-fliegen\/"]}]},{"@type":"BreadcrumbList","@id":"https:\/\/laguiole.com\/de\/produit\/2-teiliges-schneideset-xxl-forge-de-laguiole-vollnuss-griff-guilloche-federplatten-messing-geschmiedeter-fliegen\/#breadcrumb","itemListElement":[{"@type":"ListItem","position":1,"name":"Accueil","item":"https:\/\/laguiole.com\/de\/"},{"@type":"ListItem","position":2,"name":"Shop","item":"https:\/\/laguiole.com\/de\/shop-2\/"},{"@type":"ListItem","position":3,"name":"2-teiliges Schneideset XXL Forge de Laguiole Vollnuss-Griff Guilloch\u00e9 Federplatten Messing geschmiedeter Fliegen"}]},{"@type":"WebSite","@id":"https:\/\/laguiole.com\/de\/#website","url":"https:\/\/laguiole.com\/de\/","name":"Laguiole.com","description":"Laguiole - Couteau laguiole, Chateau Laguiole, Laguiole en Aubrac, Forge de Laguiole","publisher":{"@id":"https:\/\/laguiole.com\/de\/#organization"},"potentialAction":[{"@type":"SearchAction","target":{"@type":"EntryPoint","urlTemplate":"https:\/\/laguiole.com\/de\/?s={search_term_string}"},"query-input":{"@type":"PropertyValueSpecification","valueRequired":true,"valueName":"search_term_string"}}],"inLanguage":"de"},{"@type":"Organization","@id":"https:\/\/laguiole.com\/de\/#organization","name":"Laguiole.com","url":"https:\/\/laguiole.com\/de\/","logo":{"@type":"ImageObject","inLanguage":"de","@id":"https:\/\/laguiole.com\/de\/#\/schema\/logo\/image\/","url":"https:\/\/laguiole.com\/wp-content\/uploads\/2021\/02\/logo_laguiole.com-horizontal.jpg","contentUrl":"https:\/\/laguiole.com\/wp-content\/uploads\/2021\/02\/logo_laguiole.com-horizontal.jpg","width":490,"height":156,"caption":"Laguiole.com"},"image":{"@id":"https:\/\/laguiole.com\/de\/#\/schema\/logo\/image\/"},"sameAs":["https:\/\/www.facebook.com\/laguiolecom\/","https:\/\/www.instagram.com\/laguiolecom\/","https:\/\/www.youtube.com\/@laguiolecom\/videos"]}]}},"_links":{"self":[{"href":"https:\/\/laguiole.com\/de\/wp-json\/wp\/v2\/product\/53467","targetHints":{"allow":["GET"]}}],"collection":[{"href":"https:\/\/laguiole.com\/de\/wp-json\/wp\/v2\/product"}],"about":[{"href":"https:\/\/laguiole.com\/de\/wp-json\/wp\/v2\/types\/product"}],"version-history":[{"count":0,"href":"https:\/\/laguiole.com\/de\/wp-json\/wp\/v2\/product\/53467\/revisions"}],"wp:attachment":[{"href":"https:\/\/laguiole.com\/de\/wp-json\/wp\/v2\/media?parent=53467"}],"wp:term":[{"taxonomy":"product_brand","embeddable":true,"href":"https:\/\/laguiole.com\/de\/wp-json\/wp\/v2\/product_brand?post=53467"},{"taxonomy":"product_cat","embeddable":true,"href":"https:\/\/laguiole.com\/de\/wp-json\/wp\/v2\/product_cat?post=53467"},{"taxonomy":"product_tag","embeddable":true,"href":"https:\/\/laguiole.com\/de\/wp-json\/wp\/v2\/product_tag?post=53467"}],"curies":[{"name":"wp","href":"https:\/\/api.w.org\/{rel}","templated":true}]}}