{"id":53465,"date":"2026-05-05T18:33:24","date_gmt":"2026-05-05T16:33:24","guid":{"rendered":"https:\/\/laguiole.com\/produit\/laguiole-collection-alchimie-schmiedemesser-aus-wacholder-und-blauem-harz-12-cm-glaenzendem-edelstahl-finish\/"},"modified":"2026-05-05T18:33:24","modified_gmt":"2026-05-05T16:33:24","slug":"laguiole-collection-alchimie-schmiedemesser-aus-wacholder-und-blauem-harz-12-cm-glaenzendem-edelstahl-finish","status":"publish","type":"product","link":"https:\/\/laguiole.com\/de\/produit\/laguiole-collection-alchimie-schmiedemesser-aus-wacholder-und-blauem-harz-12-cm-glaenzendem-edelstahl-finish\/","title":{"rendered":"Laguiole Collection ALCHIMIE Schmiedemesser aus Wacholder und blauem Harz 12 cm gl\u00e4nzendem Edelstahl-Finish"},"content":{"rendered":"<hr data-start=\"130\" data-end=\"133\">\n<section class=\"text-token-text-primary w-full focus:outline-none [--shadow-height:45px] has-data-writing-block:pointer-events-none has-data-writing-block:-mt-(--shadow-height) has-data-writing-block:pt-(--shadow-height) [&amp;:has([data-writing-block])&gt;*]:pointer-events-auto [content-visibility:auto] supports-[content-visibility:auto]:[contain-intrinsic-size:auto_100lvh] R6Vx5W_threadScrollVars scroll-mb-[calc(var(--scroll-root-safe-area-inset-bottom,0px)+var(--thread-response-height))] scroll-mt-[calc(var(--header-height)+min(200px,max(70px,20svh)))]\" dir=\"auto\" data-turn-id=\"request-WEB:9fe503d3-24c9-4f0b-8a0b-7b3824e9873a-0\" data-testid=\"conversation-turn-2\" data-scroll-anchor=\"false\" data-turn=\"assistant\">\n<div class=\"text-base my-auto mx-auto pb-10 [--thread-content-margin:var(--thread-content-margin-xs,calc(var(--spacing)*4))] @w-sm\/main:[--thread-content-margin:var(--thread-content-margin-sm,calc(var(--spacing)*6))] @w-lg\/main:[--thread-content-margin:var(--thread-content-margin-lg,calc(var(--spacing)*16))] px-(--thread-content-margin)\">\n<div class=\"[--thread-content-max-width:40rem] @w-lg\/main:[--thread-content-max-width:48rem] mx-auto max-w-(--thread-content-max-width) flex-1 group\/turn-messages focus-visible:outline-hidden relative flex w-full min-w-0 flex-col agent-turn\">\n<div class=\"flex max-w-full flex-col gap-4 grow\">\n<div class=\"min-h-8 text-message relative flex w-full flex-col items-end gap-2 text-start break-words whitespace-normal outline-none keyboard-focused:focus-ring [.text-message+&amp;]:mt-1\" dir=\"auto\" tabindex=\"0\" data-message-author-role=\"assistant\" data-message-id=\"36699870-1ea1-4e8e-b90b-b3d8dd1654d4\" data-message-model-slug=\"gpt-5-3-mini\" data-turn-start-message=\"true\">\n<div class=\"flex w-full flex-col gap-1 empty:hidden\">\n<div class=\"markdown prose dark:prose-invert w-full wrap-break-word light markdown-new-styling\">\n<p data-start=\"0\" data-end=\"106\">\ud83d\udcdd <strong data-start=\"3\" data-end=\"106\">Laguiole Vollgriffsmesser in Wacholder &#038; Blauem Harz \u2013 Alchemie-Kollektion | Laguiole Schmiede<\/strong><\/p>\n<p data-start=\"108\" data-end=\"391\">Das Laguiole Vollgriffmesser aus Wacholder und blauem Harz aus der Alchimie-Kollektion verk\u00f6rpert die Exzellenz franz\u00f6sischer Handwerkskunst. Vollst\u00e4ndig in Frankreich gefertigt, in den Werkst\u00e4tten der Forge de Laguiole, vereint er Tradition, Pr\u00e4zision und zeitgen\u00f6ssische Eleganz. <\/p>\n<p data-start=\"393\" data-end=\"714\">Sein massiver Hals vereint zwei au\u00dfergew\u00f6hnliche Materialien. Das Wacholderholz, warm und nat\u00fcrlich ge\u00e4dert, verleiht Authentizit\u00e4t und Tiefe. Das leuchtende und moderne Harz sorgt f\u00fcr einen raffinierten Kontrast, der sofort ins Auge f\u00e4llt. Jedes St\u00fcck wird somit einzigartig, mit eigenen Nuancen und Variationen.   <\/p>\n<p data-start=\"716\" data-end=\"1041\">Anschlie\u00dfend zeugen die Oberfl\u00e4chen von sorgf\u00e4ltiger und hochwertiger Arbeit. Die gl\u00e4nzende Edelstahl-Guilloc\u00e9-Feder enth\u00fcllt eine sch\u00f6n handgefertigte Dekoration. Die geschmiedete und fein gemei\u00dfelte Fliege unterstreicht die emblematische Identit\u00e4t des Laguiole-Messers. Die polierte Klinge sorgt f\u00fcr einen pr\u00e4zisen, glatten und langlebigen Schnitt.   <\/p>\n<p data-start=\"1043\" data-end=\"1263\">Au\u00dferdem erinnert das Sch\u00e4ferkreuz, zart am Griff eingelassen, an die l\u00e4ndlichen und historischen Urspr\u00fcnge von Laguiole. Es unterstreicht die Bindung an Tradition und verst\u00e4rkt gleichzeitig die Authentizit\u00e4t des Werks. <\/p>\n<p data-start=\"1265\" data-end=\"1451\">Schlie\u00dflich l\u00e4sst sich dieses Messer perfekt mit dem Sommelier aus der Alchimie-Kollektion aus Wacholder und blauem Harz kombinieren, um ein harmonisches Ensemble zu schaffen, das der Kunst von Tisch und Wein gewidmet ist.<\/p>\n<p data-start=\"1453\" data-end=\"1498\">\ud83d\udc49 <strong data-start=\"1456\" data-end=\"1498\">Warum dieses Laguiole-Messer w\u00e4hlen?<\/strong><\/p>\n<ul data-start=\"1500\" data-end=\"1798\">\n<li data-section-id=\"1uvyggc\" data-start=\"1500\" data-end=\"1550\">Hergestellt in Frankreich von der Forge de Laguiole<\/li>\n<li data-section-id=\"1kbyujy\" data-start=\"1551\" data-end=\"1596\">Massiver Hals aus Wacholder und blauem Harz<\/li>\n<li data-section-id=\"1s1s5bn\" data-start=\"1597\" data-end=\"1627\">Einzigartiges und kontrastierendes Design<\/li>\n<li data-section-id=\"64926\" data-start=\"1628\" data-end=\"1676\">Guilloch\u00e9-Feder und handgeschmiedete Fliege<\/li>\n<li data-section-id=\"ohhjd5\" data-start=\"1677\" data-end=\"1715\">Helle, pr\u00e4zise und langlebige Klinge<\/li>\n<li data-section-id=\"1oc5u57\" data-start=\"1716\" data-end=\"1750\">Traditionelles Hirtenkreuz<\/li>\n<li data-section-id=\"ewuik0\" data-start=\"1751\" data-end=\"1798\">Sammler- oder elegante Geschenkidee<\/li>\n<\/ul>\n<p data-start=\"1800\" data-end=\"1896\" data-is-last-node=\"\" data-is-only-node=\"\">Ein Messer, das Charakter, Modernit\u00e4t und Erbe vereint und stilvoll der Zeit beharrt.<\/p>\n<\/div>\n<\/div>\n<\/div>\n<\/div>\n<div class=\"z-0 flex min-h-[46px] justify-start\"><\/div>\n<div class=\"mt-3 w-full empty:hidden\">\n<div class=\"text-center\"><\/div>\n<\/div>\n<\/div>\n<\/div>\n<\/section>\n<div class=\"pointer-events-none -mt-px h-px translate-y-[calc(var(--scroll-root-safe-area-inset-bottom)-14*var(--spacing))]\" aria-hidden=\"true\"><\/div>\n","protected":false},"excerpt":{"rendered":"<p>Forge de Laguiole Collection ALCHIMIE<br \/>\nKlappmesser mit Vollgriff aus Wacholder und wei\u00dfem<br \/>\nHarz, Schmiede- und fein gemei\u00dfelt von Hand<br \/>\ngl\u00e4nzende<br \/>\nEdelstahlplatten geschmiedet und guilloch\u00e9 Feder gl\u00e4nzender<br \/>\nEdelstahl-Handgl\u00e4nzender Edelstahlklinge mit Lasche zum \u00d6ffnen<br \/>\nShepherd&#8217;s Cross-Messing auf der linken Seite Ihrer Laguiole<br \/>\nGl\u00e4nzende<br \/>\nL\u00e4nge des Messers geschlossen:  12 cm<br \/>\nKlingenl\u00e4nge: 10 cm<br \/>\nOffene Messerl\u00e4nge: 22 cm<\/p>\n<p>Passend zum Sommelier ALCHIMIE Wacholder und blaues Harz<\/p>\n","protected":false},"featured_media":0,"template":"","meta":{"_acf_changed":false,"_monsterinsights_skip_tracking":false,"_monsterinsights_sitenote_active":false,"_monsterinsights_sitenote_note":"","_monsterinsights_sitenote_category":0},"product_brand":[],"product_cat":[5938,5939,5943,5944],"product_tag":[],"class_list":{"0":"post-53465","1":"product","2":"type-product","3":"status-publish","5":"product_cat-klappmesser","6":"product_cat-laguiole-klappmesser","7":"product_cat-laguiole-prestiges-messer","8":"product_cat-laguiole-spezialmesser","9":"pa_composition-couteau-1-stueck-nur-klinge","10":"pa_lame-glaenzender-edelstahl","11":"pa_manche-en-bois-wacholder","12":"pa_manche-en-matiere-moderne-harz","13":"pa_marque-forge-de-laguiole","14":"pa_mitres-ohne-gehrung-vollstaendige-huelse","15":"pa_platines-einzelplatin","16":"pa_ressort-guilloche","17":"tm-has-options","20":"instock","21":"taxable","22":"shipping-taxable","23":"purchasable","24":"product-type-simple"},"supplier_id":null,"supplier_sku":"","barcode":null,"atum_controlled":true,"out_stock_date":null,"out_stock_threshold":null,"inheritable":false,"inbound_stock":0,"stock_on_hold":0,"sold_today":0,"sales_last_days":0,"reserved_stock":0,"customer_returns":0,"warehouse_damage":0,"lost_in_post":0,"other_logs":0,"out_stock_days":0,"lost_sales":0,"has_location":false,"update_date":"2026-05-08T00:55:47","atum_locations":[],"atum_stock_status":"instock","restock_status":false,"low_stock_amount":"","sales_update_date":"2026-05-08T00:55:47","calc_backorders":null,"acf":[],"yoast_head":"<!-- This site is optimized with the Yoast SEO plugin v27.3 - https:\/\/yoast.com\/product\/yoast-seo-wordpress\/ -->\n<title>Laguiole-Wacholdermesser mit blauem Harz \u2013 Alchemie-Sammlung<\/title>\n<meta name=\"description\" content=\"Entdecken Sie das Laguiole Vollgriffmesser aus Wacholder und blauem Harz aus der Alchimie Forge de Laguiole Kollektion. Hergestellt in Frankreich\" \/>\n<meta name=\"robots\" content=\"index, follow, max-snippet:-1, max-image-preview:large, max-video-preview:-1\" \/>\n<link rel=\"canonical\" href=\"https:\/\/laguiole.com\/de\/produit\/laguiole-collection-alchimie-schmiedemesser-aus-wacholder-und-blauem-harz-12-cm-glaenzendem-edelstahl-finish\/\" \/>\n<meta property=\"og:locale\" content=\"de_DE\" \/>\n<meta property=\"og:type\" content=\"article\" \/>\n<meta property=\"og:title\" content=\"Laguiole-Wacholdermesser mit blauem Harz \u2013 Alchemie-Sammlung\" \/>\n<meta property=\"og:description\" content=\"Entdecken Sie das Laguiole Vollgriffmesser aus Wacholder und blauem Harz aus der Alchimie Forge de Laguiole Kollektion. Hergestellt in Frankreich\" \/>\n<meta property=\"og:url\" content=\"https:\/\/laguiole.com\/de\/produit\/laguiole-collection-alchimie-schmiedemesser-aus-wacholder-und-blauem-harz-12-cm-glaenzendem-edelstahl-finish\/\" \/>\n<meta property=\"og:site_name\" content=\"Laguiole.com \u00ae\" \/>\n<meta property=\"article:publisher\" content=\"https:\/\/www.facebook.com\/laguiolecom\/\" \/>\n<meta property=\"og:image\" content=\"https:\/\/laguiole.com\/wp-content\/uploads\/2023\/08\/logo_laguiole_com_\u00ae_300dpi_Noir_et_Blanc.jpg\" \/>\n\t<meta property=\"og:image:width\" content=\"1920\" \/>\n\t<meta property=\"og:image:height\" content=\"854\" \/>\n\t<meta property=\"og:image:type\" content=\"image\/jpeg\" \/>\n<meta name=\"twitter:card\" content=\"summary_large_image\" \/>\n<meta name=\"twitter:label1\" content=\"Gesch\u00e4tzte Lesezeit\" \/>\n\t<meta name=\"twitter:data1\" content=\"1\u00a0Minute\" \/>\n<script type=\"application\/ld+json\" class=\"yoast-schema-graph\">{\"@context\":\"https:\\\/\\\/schema.org\",\"@graph\":[{\"@type\":\"WebPage\",\"@id\":\"https:\\\/\\\/laguiole.com\\\/de\\\/produit\\\/laguiole-collection-alchimie-schmiedemesser-aus-wacholder-und-blauem-harz-12-cm-glaenzendem-edelstahl-finish\\\/\",\"url\":\"https:\\\/\\\/laguiole.com\\\/de\\\/produit\\\/laguiole-collection-alchimie-schmiedemesser-aus-wacholder-und-blauem-harz-12-cm-glaenzendem-edelstahl-finish\\\/\",\"name\":\"Laguiole-Wacholdermesser mit blauem Harz \u2013 Alchemie-Sammlung\",\"isPartOf\":{\"@id\":\"https:\\\/\\\/laguiole.com\\\/de\\\/#website\"},\"datePublished\":\"2026-05-05T16:33:24+00:00\",\"description\":\"Entdecken Sie das Laguiole Vollgriffmesser aus Wacholder und blauem Harz aus der Alchimie Forge de Laguiole Kollektion. Hergestellt in Frankreich\",\"breadcrumb\":{\"@id\":\"https:\\\/\\\/laguiole.com\\\/de\\\/produit\\\/laguiole-collection-alchimie-schmiedemesser-aus-wacholder-und-blauem-harz-12-cm-glaenzendem-edelstahl-finish\\\/#breadcrumb\"},\"inLanguage\":\"de\",\"potentialAction\":[{\"@type\":\"ReadAction\",\"target\":[\"https:\\\/\\\/laguiole.com\\\/de\\\/produit\\\/laguiole-collection-alchimie-schmiedemesser-aus-wacholder-und-blauem-harz-12-cm-glaenzendem-edelstahl-finish\\\/\"]}]},{\"@type\":\"BreadcrumbList\",\"@id\":\"https:\\\/\\\/laguiole.com\\\/de\\\/produit\\\/laguiole-collection-alchimie-schmiedemesser-aus-wacholder-und-blauem-harz-12-cm-glaenzendem-edelstahl-finish\\\/#breadcrumb\",\"itemListElement\":[{\"@type\":\"ListItem\",\"position\":1,\"name\":\"Accueil\",\"item\":\"https:\\\/\\\/laguiole.com\\\/de\\\/\"},{\"@type\":\"ListItem\",\"position\":2,\"name\":\"Shop\",\"item\":\"https:\\\/\\\/laguiole.com\\\/de\\\/shop-2\\\/\"},{\"@type\":\"ListItem\",\"position\":3,\"name\":\"Laguiole Collection ALCHIMIE Schmiedemesser aus Wacholder und blauem Harz 12 cm gl\u00e4nzendem Edelstahl-Finish\"}]},{\"@type\":\"WebSite\",\"@id\":\"https:\\\/\\\/laguiole.com\\\/de\\\/#website\",\"url\":\"https:\\\/\\\/laguiole.com\\\/de\\\/\",\"name\":\"Laguiole.com\",\"description\":\"Laguiole - Couteau laguiole, Chateau Laguiole, Laguiole en Aubrac, Forge de Laguiole\",\"publisher\":{\"@id\":\"https:\\\/\\\/laguiole.com\\\/de\\\/#organization\"},\"potentialAction\":[{\"@type\":\"SearchAction\",\"target\":{\"@type\":\"EntryPoint\",\"urlTemplate\":\"https:\\\/\\\/laguiole.com\\\/de\\\/?s={search_term_string}\"},\"query-input\":{\"@type\":\"PropertyValueSpecification\",\"valueRequired\":true,\"valueName\":\"search_term_string\"}}],\"inLanguage\":\"de\"},{\"@type\":\"Organization\",\"@id\":\"https:\\\/\\\/laguiole.com\\\/de\\\/#organization\",\"name\":\"Laguiole.com\",\"url\":\"https:\\\/\\\/laguiole.com\\\/de\\\/\",\"logo\":{\"@type\":\"ImageObject\",\"inLanguage\":\"de\",\"@id\":\"https:\\\/\\\/laguiole.com\\\/de\\\/#\\\/schema\\\/logo\\\/image\\\/\",\"url\":\"https:\\\/\\\/laguiole.com\\\/wp-content\\\/uploads\\\/2021\\\/02\\\/logo_laguiole.com-horizontal.jpg\",\"contentUrl\":\"https:\\\/\\\/laguiole.com\\\/wp-content\\\/uploads\\\/2021\\\/02\\\/logo_laguiole.com-horizontal.jpg\",\"width\":490,\"height\":156,\"caption\":\"Laguiole.com\"},\"image\":{\"@id\":\"https:\\\/\\\/laguiole.com\\\/de\\\/#\\\/schema\\\/logo\\\/image\\\/\"},\"sameAs\":[\"https:\\\/\\\/www.facebook.com\\\/laguiolecom\\\/\",\"https:\\\/\\\/www.instagram.com\\\/laguiolecom\\\/\",\"https:\\\/\\\/www.youtube.com\\\/@laguiolecom\\\/videos\"]}]}<\/script>\n<!-- \/ Yoast SEO plugin. -->","yoast_head_json":{"title":"Laguiole-Wacholdermesser mit blauem Harz \u2013 Alchemie-Sammlung","description":"Entdecken Sie das Laguiole Vollgriffmesser aus Wacholder und blauem Harz aus der Alchimie Forge de Laguiole Kollektion. Hergestellt in Frankreich","robots":{"index":"index","follow":"follow","max-snippet":"max-snippet:-1","max-image-preview":"max-image-preview:large","max-video-preview":"max-video-preview:-1"},"canonical":"https:\/\/laguiole.com\/de\/produit\/laguiole-collection-alchimie-schmiedemesser-aus-wacholder-und-blauem-harz-12-cm-glaenzendem-edelstahl-finish\/","og_locale":"de_DE","og_type":"article","og_title":"Laguiole-Wacholdermesser mit blauem Harz \u2013 Alchemie-Sammlung","og_description":"Entdecken Sie das Laguiole Vollgriffmesser aus Wacholder und blauem Harz aus der Alchimie Forge de Laguiole Kollektion. Hergestellt in Frankreich","og_url":"https:\/\/laguiole.com\/de\/produit\/laguiole-collection-alchimie-schmiedemesser-aus-wacholder-und-blauem-harz-12-cm-glaenzendem-edelstahl-finish\/","og_site_name":"Laguiole.com \u00ae","article_publisher":"https:\/\/www.facebook.com\/laguiolecom\/","og_image":[{"width":1920,"height":854,"url":"https:\/\/laguiole.com\/wp-content\/uploads\/2023\/08\/logo_laguiole_com_\u00ae_300dpi_Noir_et_Blanc.jpg","type":"image\/jpeg"}],"twitter_card":"summary_large_image","twitter_misc":{"Gesch\u00e4tzte Lesezeit":"1\u00a0Minute"},"schema":{"@context":"https:\/\/schema.org","@graph":[{"@type":"WebPage","@id":"https:\/\/laguiole.com\/de\/produit\/laguiole-collection-alchimie-schmiedemesser-aus-wacholder-und-blauem-harz-12-cm-glaenzendem-edelstahl-finish\/","url":"https:\/\/laguiole.com\/de\/produit\/laguiole-collection-alchimie-schmiedemesser-aus-wacholder-und-blauem-harz-12-cm-glaenzendem-edelstahl-finish\/","name":"Laguiole-Wacholdermesser mit blauem Harz \u2013 Alchemie-Sammlung","isPartOf":{"@id":"https:\/\/laguiole.com\/de\/#website"},"datePublished":"2026-05-05T16:33:24+00:00","description":"Entdecken Sie das Laguiole Vollgriffmesser aus Wacholder und blauem Harz aus der Alchimie Forge de Laguiole Kollektion. Hergestellt in Frankreich","breadcrumb":{"@id":"https:\/\/laguiole.com\/de\/produit\/laguiole-collection-alchimie-schmiedemesser-aus-wacholder-und-blauem-harz-12-cm-glaenzendem-edelstahl-finish\/#breadcrumb"},"inLanguage":"de","potentialAction":[{"@type":"ReadAction","target":["https:\/\/laguiole.com\/de\/produit\/laguiole-collection-alchimie-schmiedemesser-aus-wacholder-und-blauem-harz-12-cm-glaenzendem-edelstahl-finish\/"]}]},{"@type":"BreadcrumbList","@id":"https:\/\/laguiole.com\/de\/produit\/laguiole-collection-alchimie-schmiedemesser-aus-wacholder-und-blauem-harz-12-cm-glaenzendem-edelstahl-finish\/#breadcrumb","itemListElement":[{"@type":"ListItem","position":1,"name":"Accueil","item":"https:\/\/laguiole.com\/de\/"},{"@type":"ListItem","position":2,"name":"Shop","item":"https:\/\/laguiole.com\/de\/shop-2\/"},{"@type":"ListItem","position":3,"name":"Laguiole Collection ALCHIMIE Schmiedemesser aus Wacholder und blauem Harz 12 cm gl\u00e4nzendem Edelstahl-Finish"}]},{"@type":"WebSite","@id":"https:\/\/laguiole.com\/de\/#website","url":"https:\/\/laguiole.com\/de\/","name":"Laguiole.com","description":"Laguiole - Couteau laguiole, Chateau Laguiole, Laguiole en Aubrac, Forge de Laguiole","publisher":{"@id":"https:\/\/laguiole.com\/de\/#organization"},"potentialAction":[{"@type":"SearchAction","target":{"@type":"EntryPoint","urlTemplate":"https:\/\/laguiole.com\/de\/?s={search_term_string}"},"query-input":{"@type":"PropertyValueSpecification","valueRequired":true,"valueName":"search_term_string"}}],"inLanguage":"de"},{"@type":"Organization","@id":"https:\/\/laguiole.com\/de\/#organization","name":"Laguiole.com","url":"https:\/\/laguiole.com\/de\/","logo":{"@type":"ImageObject","inLanguage":"de","@id":"https:\/\/laguiole.com\/de\/#\/schema\/logo\/image\/","url":"https:\/\/laguiole.com\/wp-content\/uploads\/2021\/02\/logo_laguiole.com-horizontal.jpg","contentUrl":"https:\/\/laguiole.com\/wp-content\/uploads\/2021\/02\/logo_laguiole.com-horizontal.jpg","width":490,"height":156,"caption":"Laguiole.com"},"image":{"@id":"https:\/\/laguiole.com\/de\/#\/schema\/logo\/image\/"},"sameAs":["https:\/\/www.facebook.com\/laguiolecom\/","https:\/\/www.instagram.com\/laguiolecom\/","https:\/\/www.youtube.com\/@laguiolecom\/videos"]}]}},"_links":{"self":[{"href":"https:\/\/laguiole.com\/de\/wp-json\/wp\/v2\/product\/53465","targetHints":{"allow":["GET"]}}],"collection":[{"href":"https:\/\/laguiole.com\/de\/wp-json\/wp\/v2\/product"}],"about":[{"href":"https:\/\/laguiole.com\/de\/wp-json\/wp\/v2\/types\/product"}],"version-history":[{"count":0,"href":"https:\/\/laguiole.com\/de\/wp-json\/wp\/v2\/product\/53465\/revisions"}],"wp:attachment":[{"href":"https:\/\/laguiole.com\/de\/wp-json\/wp\/v2\/media?parent=53465"}],"wp:term":[{"taxonomy":"product_brand","embeddable":true,"href":"https:\/\/laguiole.com\/de\/wp-json\/wp\/v2\/product_brand?post=53465"},{"taxonomy":"product_cat","embeddable":true,"href":"https:\/\/laguiole.com\/de\/wp-json\/wp\/v2\/product_cat?post=53465"},{"taxonomy":"product_tag","embeddable":true,"href":"https:\/\/laguiole.com\/de\/wp-json\/wp\/v2\/product_tag?post=53465"}],"curies":[{"name":"wp","href":"https:\/\/api.w.org\/{rel}","templated":true}]}}