{"id":53464,"date":"2026-05-05T20:34:56","date_gmt":"2026-05-05T18:34:56","guid":{"rendered":"https:\/\/laguiole.com\/produit\/zweiteiliges-schneideset-xxl-forge-de-laguiole-voll-ebenholz-griff-guilloche-federplatten-messing-geschmiedeter-fliege\/"},"modified":"2026-05-05T20:34:56","modified_gmt":"2026-05-05T18:34:56","slug":"zweiteiliges-schneideset-xxl-forge-de-laguiole-voll-ebenholz-griff-guilloche-federplatten-messing-geschmiedeter-fliege","status":"publish","type":"product","link":"https:\/\/laguiole.com\/de\/produit\/zweiteiliges-schneideset-xxl-forge-de-laguiole-voll-ebenholz-griff-guilloche-federplatten-messing-geschmiedeter-fliege\/","title":{"rendered":"Zweiteiliges Schneideset XXL Forge de Laguiole Voll-Ebenholz-Griff Guilloch\u00e9 Federplatten Messing geschmiedeter Fliege"},"content":{"rendered":"<h2 data-section-id=\"1duuvla\" data-start=\"189\" data-end=\"317\">\ud83d\udd25 Prestige-Ebenholz- und Messingschnitzerei Forge de Laguiole: das ideale Werkzeug f\u00fcr Grillfeste und gro\u00dfe Fleischst\u00fccke<\/h2>\n<p data-start=\"319\" data-end=\"816\">Das <strong data-start=\"322\" data-end=\"390\">Prestige-Set aus Ebenholz und Messing Forge de Laguiole<\/strong> verk\u00f6rpert sofort die Exzellenz des hochwertigen franz\u00f6sischen Bestecks. Tats\u00e4chlich verbindet es die Eleganz edler Materialien mit der Leistung eines Werkzeugs, das f\u00fcr gro\u00dfe Schnitte entwickelt wurde. So ist er dank seines gro\u00dfen, <strong data-start=\"641\" data-end=\"659\">38,5 cm offenen<\/strong> Klappmessers, begleitet von der passenden Gabel, von Natur aus unverzichtbar f\u00fcr festliche Mahlzeiten, Grillfeste und gro\u00dfe gesellige Tische.  <\/p>\n<p data-start=\"818\" data-end=\"1022\">Aus erster Hand beeindruckt dieser Service durch Balance, Pr\u00e4senz und Raffinesse. Dadurch verwandelt es jeden Schnitt in eine echte Geste kontrollierten und eleganten Services. <\/p>\n<hr data-start=\"1024\" data-end=\"1027\">\n<h2 data-section-id=\"ew0jxm\" data-start=\"1029\" data-end=\"1094\">\ud83c\udf11 Warum verbessert der Ebenholz-Griff dieses Schnitzset?<\/h2>\n<p data-start=\"1096\" data-end=\"1405\">Zun\u00e4chst einmal verleiht <strong data-start=\"1112\" data-end=\"1121\">Ebenholz<\/strong> diesem Modell eine au\u00dfergew\u00f6hnliche Dimension. Dieses kostbare Holz, das weltweit anerkannt ist, fasziniert mit seiner Intensit\u00e4t und nat\u00fcrlichen Tiefe. Tats\u00e4chlich f\u00e4llt es sofort auf, dank seiner dichten und einheitlichen schwarzen Farbe, die sowohl Luxus als auch N\u00fcchternheit hervorruft.  <\/p>\n<p data-start=\"1407\" data-end=\"1688\">Zweitens bietet dieses edle Material \u00fcber die Zeit eine ausgezeichnete Widerstandsf\u00e4higkeit. Au\u00dferdem h\u00e4lt er wiederholten Gebrauch perfekt stand und beh\u00e4lt dabei seinen Glanz und sein seidiges Gef\u00fchl. Au\u00dferdem hat jeder Griff subtile Nuancen, die jedes St\u00fcck v\u00f6llig einzigartig machen.  <\/p>\n<p data-start=\"1690\" data-end=\"1952\">Daher ist die Wahl von Ebenholz nicht nur eine Frage der \u00c4sthetik. Im Gegenteil, sie spiegelt auch den Wunsch nach hohen Standards und Nachhaltigkeit wider. Daher richtet sich dieser Cut-Out-Service an diejenigen, die ein Objekt suchen, das sowohl funktional als auch prestigetr\u00e4chtig ist.  <\/p>\n<hr data-start=\"1954\" data-end=\"1957\">\n<h2 data-section-id=\"1vqvjs9\" data-start=\"1959\" data-end=\"2008\">\u2728 Messing: ein eleganter und leuchtender Kontrast<\/h2>\n<p data-start=\"2010\" data-end=\"2222\">Dar\u00fcber hinaus spielen <strong data-start=\"2028\" data-end=\"2050\">die Messingplatten<\/strong> eine wesentliche Rolle f\u00fcr die visuelle Identit\u00e4t dieses Dienstes. Tats\u00e4chlich bieten sie sofort einen starken und verfeinerten Kontrast zur dunklen Tiefe des Ebenholzs. <\/p>\n<p data-start=\"2224\" data-end=\"2409\">Au\u00dferdem f\u00e4ngt Messing das Licht ein und erzeugt subtile goldene Reflexionen. Dadurch wird jedes Detail des Griffs hervorgehoben und die Handwerkskunst der Forge de Laguiole betont. <\/p>\n<p data-start=\"2411\" data-end=\"2689\">Au\u00dferdem verst\u00e4rken <strong data-start=\"2430\" data-end=\"2457\">die massiven Messingnieten<\/strong> diese visuelle Harmonie. Einerseits strukturieren sie den Hals, andererseits f\u00fcgen sie eine diskrete, aber sehr elegante dekorative Note hinzu. Dank dieser Montage gewinnt das Messer an Charakter und Raffinesse.  <\/p>\n<p data-start=\"2691\" data-end=\"2784\">So schafft die Kombination aus Ebenholz und Blechbl\u00e4ser ein perfektes Gleichgewicht zwischen N\u00fcchternheit und Glanz.<\/p>\n<hr data-start=\"2786\" data-end=\"2789\">\n<h2 data-section-id=\"1d1wjr5\" data-start=\"2791\" data-end=\"2868\">\ud83d\udd2a Ein gro\u00dfes Klappmesser, das f\u00fcr Fleisch und besondere Anl\u00e4sse konzipiert ist<\/h2>\n<p data-start=\"2870\" data-end=\"3078\">Zweitens zeichnet sich dieser Cut-Out-Service auch durch sein gro\u00dfz\u00fcgiges Format aus. Mit seinen <strong data-start=\"2958\" data-end=\"2985\">38,5 cm beim \u00d6ffnen<\/strong> setzt das Klappmesser seine Pr\u00e4senz auf und garantiert eine hervorragende Kontrolle der Geste. <\/p>\n<p data-start=\"3080\" data-end=\"3289\">Dank dieser L\u00e4nge k\u00f6nnen Sie gro\u00dfe Fleischst\u00fccke m\u00fchelos schneiden. Zum Beispiel kann man einen ganzen Braten, gro\u00dfz\u00fcgiges Gefl\u00fcgel oder gegrilltes Rindfleisch servieren. <\/p>\n<p data-start=\"3291\" data-end=\"3479\">Au\u00dferdem bietet das faltbare Design echten Komfort bei der Nutzung und macht die Lagerung einfach. So bleibt es praktisch und beh\u00e4lt bei der Nutzung ein spektakul\u00e4res Erscheinungsbild. <\/p>\n<hr data-start=\"3481\" data-end=\"3484\">\n<h2 data-section-id=\"13g3u2g\" data-start=\"3486\" data-end=\"3547\">\ud83c\udf56 Ein perfektes Werkzeug f\u00fcr Grillfeste und gesellige Mahlzeiten<\/h2>\n<p data-start=\"3549\" data-end=\"3758\">Daher findet dieses Schnitzset ganz nat\u00fcrlich seinen Platz bei Grillfesten und Mahlzeiten im Freien. Sobald man es benutzt, verwandelt es den Schnitt in einen geselligen und fast zeremoniellen Moment. <\/p>\n<p data-start=\"3760\" data-end=\"3814\">Tats\u00e4chlich vereint es mehrere wesentliche Eigenschaften:<\/p>\n<ul data-start=\"3815\" data-end=\"3952\">\n<li data-section-id=\"85rygp\" data-start=\"3815\" data-end=\"3853\">Herausragende Schneidkraft<\/li>\n<li data-section-id=\"1k34ti6\" data-start=\"3854\" data-end=\"3881\">Kontrollierte Pr\u00e4zision<\/li>\n<li data-section-id=\"1j8oqge\" data-start=\"3882\" data-end=\"3911\">Komfortable Ergonomie<\/li>\n<li data-section-id=\"ql4hfa\" data-start=\"3912\" data-end=\"3952\">und eine elegante Tischpr\u00e4sentation<\/li>\n<\/ul>\n<p data-start=\"3954\" data-end=\"4080\">Es ist also kein einfaches Werkzeug. Im Gegenteil, es wird zu einem echten Element der kulinarischen Inszenierung. <\/p>\n<hr data-start=\"4082\" data-end=\"4085\">\n<h2 data-section-id=\"awszdx\" data-start=\"4087\" data-end=\"4148\">\ud83c\uddeb\ud83c\uddf7 Forge de Laguiole: ein anerkanntes handwerkliches Know-how<\/h2>\n<p data-start=\"4150\" data-end=\"4329\">Schlie\u00dflich wird dieser Service von der <strong data-start=\"4188\" data-end=\"4209\">Forge de Laguiole<\/strong> geleistet, einem emblematischen Haus franz\u00f6sischer Besteckkunst. Es bewahrt ein weltweit anerkanntes handwerkliches Know-how. <\/p>\n<p data-start=\"4331\" data-end=\"4593\">Jedes Teil wird mit gro\u00dfer Pr\u00e4zision zusammengesetzt. Tats\u00e4chlich arbeiten die Handwerker sorgf\u00e4ltig mit Holz, Metall und Oberfl\u00e4chen, um ein tadelloses Ergebnis zu gew\u00e4hrleisten. Daher spiegelt jeder zu streichende Service eine st\u00e4ndige Qualit\u00e4tsanforderung wider.  <\/p>\n<p data-start=\"4595\" data-end=\"4732\">Du besitzt also nicht nur ein Messer. Sie haben ein funktionales Kunstwerk, das f\u00fcr Langlebigkeit und Generationen\u00fcberschreitung entworfen wurde. <\/p>\n<hr data-start=\"4734\" data-end=\"4737\">\n<h2 data-section-id=\"1bef52s\" data-start=\"4739\" data-end=\"4761\">\u2753 FAQ<\/h2>\n<h3 data-section-id=\"1i4285j\" data-start=\"4763\" data-end=\"4805\">\ud83d\udd39 Was ist der Zweck dieses Schnitzdienstes?<\/h3>\n<p data-start=\"4806\" data-end=\"4917\">Sie erm\u00f6glicht es, gro\u00dfe Fleischst\u00fccke pr\u00e4zise bei geselligen oder festlichen Mahlzeiten zu schneiden und zu servieren.<\/p>\n<h3 data-section-id=\"6qv0nz\" data-start=\"4919\" data-end=\"4952\">\ud83d\udd39 Warum Ebenholz w\u00e4hlen?<\/h3>\n<p data-start=\"4953\" data-end=\"5045\">Ebony bietet eine tiefschwarze \u00c4sthetik, gro\u00dfe Widerstandsf\u00e4higkeit und einen sehr luxuri\u00f6sen Look.<\/p>\n<h3 data-section-id=\"7f8tv9\" data-start=\"5047\" data-end=\"5092\">\ud83d\udd39 Ist dieses Messer zum Grillen geeignet?<\/h3>\n<p data-start=\"5093\" data-end=\"5199\">Ja, dank seiner 38,5 cm und Robustheit ist er perfekt geeignet zum Grillen und gro\u00dfen R\u00e4umen.<\/p>\n<h3 data-section-id=\"164bxcl\" data-start=\"5201\" data-end=\"5247\">\ud83d\udd39 Was ist besonders an Messing?<\/h3>\n<p data-start=\"5248\" data-end=\"5342\">Das Messing sorgt f\u00fcr Kontrast, Licht und hebt die handgefertigte Arbeit des Griffs hervor.<\/p>\n<hr data-start=\"5344\" data-end=\"5347\">\n<h2 data-section-id=\"1glofx9\" data-start=\"5349\" data-end=\"5371\">\ud83e\udde0 Zusammenfassung<\/h2>\n<p data-start=\"5373\" data-end=\"5784\"><strong data-start=\"5376\" data-end=\"5444\">Das Prestige Forge de Laguiole Ebenholz- und Messingschneide-Set<\/strong> vereint Eleganz, Kraft und Handwerkskunst. Dank seines <strong data-start=\"5530\" data-end=\"5541\">38,5 cm<\/strong> langen Klappmessers ist er ein ideales Werkzeug f\u00fcr Grillpartys, gro\u00dfe Fleischst\u00fccke und festliche Mahlzeiten. Sein tiefer Ebenholzhals, der durch Messingplatten und Nieten verst\u00e4rkt wird, macht es zu einem prestigetr\u00e4chtigen, langlebigen und hoch verfeinerten St\u00fcck.  <\/p>\n","protected":false},"excerpt":{"rendered":"<p>Zweiteiliges XXL Prestige-Schnitzset von Forge de Laguiole<\/p>\n<p>1 Prestige sehr gro\u00dfes faltbares<br \/>\nSchnitzmesser mit Vollgriff aus Ebenholz<br \/>\n, vollst\u00e4ndig guilloch\u00e9 Feder aus gl\u00e4nzendem<br \/>\nEdelstahl, gl\u00e4nzende<br \/>\nMessingplatten, Shepherd&#8217;s Cross auf der linken Seite des Messers<br \/>\n, Nieten und Shepherd&#8217;s Cross in Messinggr\u00f6\u00dfe<br \/>\n, geschlossenes Messer: 21 cm<br \/>\n, Klingengr\u00f6\u00dfe: 17,5 cm<br \/>\n, Gesamtgr\u00f6\u00dfe offen: 38,5 cm<br \/>\n, Gewicht: 326 grs<\/p>\n<p>1 Prestige 3-Zahn-Gabel<br \/>\n3 sehr gro\u00dfe Gr\u00f6\u00dfen 3 Nieten aus Messing<br \/>\nVoller Ebenholz-Griff<br \/>\nGuilloch\u00e9 rund um den gl\u00e4nzenden<br \/>\nEdelstahl-Griff Griffgr\u00f6\u00dfe: 13,5 cm<br \/>\nGabelgr\u00f6\u00dfe: 15 cm<br \/>\nGesamtgr\u00f6\u00dfe: 28,5 cm<br \/>\nGewicht: 130 grs<\/p>\n","protected":false},"featured_media":53481,"template":"","meta":{"_acf_changed":false,"_monsterinsights_skip_tracking":false,"_monsterinsights_sitenote_active":false,"_monsterinsights_sitenote_note":"","_monsterinsights_sitenote_category":0},"product_brand":[],"product_cat":[5935,5938,5939,5944],"product_tag":[],"class_list":{"0":"post-53464","1":"product","2":"type-product","3":"status-publish","4":"has-post-thumbnail","6":"product_cat-laguiole-servierbesteck","7":"product_cat-klappmesser","8":"product_cat-laguiole-klappmesser","9":"product_cat-laguiole-spezialmesser","10":"pa_composition-couteau-1-stueck-nur-klinge","11":"pa_conditionnement-satz-mit-2-stueck","12":"pa_finition-brillant","13":"pa_lame-glaenzender-edelstahl","14":"pa_manche-en-bois-ebenholz","15":"pa_marque-forge-de-laguiole","16":"pa_platines-einzelplatin","17":"pa_platines-messing","18":"pa_ressort-guilloche","19":"tm-has-options","22":"instock","23":"taxable","24":"shipping-taxable","25":"purchasable","26":"product-type-simple"},"supplier_id":null,"supplier_sku":"","barcode":null,"atum_controlled":true,"out_stock_date":null,"out_stock_threshold":null,"inheritable":false,"inbound_stock":0,"stock_on_hold":0,"sold_today":0,"sales_last_days":0,"reserved_stock":0,"customer_returns":0,"warehouse_damage":0,"lost_in_post":0,"other_logs":0,"out_stock_days":0,"lost_sales":0,"has_location":false,"update_date":"2026-05-07T11:07:37","atum_locations":[],"atum_stock_status":"instock","restock_status":false,"low_stock_amount":"","sales_update_date":"2026-05-07T00:47:06","calc_backorders":null,"acf":[],"yoast_head":"<!-- This site is optimized with the Yoast SEO plugin v27.3 - https:\/\/yoast.com\/product\/yoast-seo-wordpress\/ -->\n<title>Servieren-schneiden-Prestige-Ebenholz-Messing-38-5cm-laguiole-Barbecue-<\/title>\n<meta name=\"description\" content=\"Entdecken Sie das Prestige Forge Schnitzset von Laguiole aus Ebenholz und Messing, ein 38,5 cm gro\u00dfes Klappmesser, ideal f\u00fcr Grillfeste und gro\u00dfe Fleischst\u00fccke.\" \/>\n<meta name=\"robots\" content=\"index, follow, max-snippet:-1, max-image-preview:large, max-video-preview:-1\" \/>\n<link rel=\"canonical\" href=\"https:\/\/laguiole.com\/de\/produit\/zweiteiliges-schneideset-xxl-forge-de-laguiole-voll-ebenholz-griff-guilloche-federplatten-messing-geschmiedeter-fliege\/\" \/>\n<meta property=\"og:locale\" content=\"de_DE\" \/>\n<meta property=\"og:type\" content=\"article\" \/>\n<meta property=\"og:title\" content=\"Servieren-schneiden-Prestige-Ebenholz-Messing-38-5cm-laguiole-Barbecue-\" \/>\n<meta property=\"og:description\" content=\"Entdecken Sie das Prestige Forge Schnitzset von Laguiole aus Ebenholz und Messing, ein 38,5 cm gro\u00dfes Klappmesser, ideal f\u00fcr Grillfeste und gro\u00dfe Fleischst\u00fccke.\" \/>\n<meta property=\"og:url\" content=\"https:\/\/laguiole.com\/de\/produit\/zweiteiliges-schneideset-xxl-forge-de-laguiole-voll-ebenholz-griff-guilloche-federplatten-messing-geschmiedeter-fliege\/\" \/>\n<meta property=\"og:site_name\" content=\"Laguiole.com \u00ae\" \/>\n<meta property=\"article:publisher\" content=\"https:\/\/www.facebook.com\/laguiolecom\/\" \/>\n<meta property=\"og:image\" content=\"https:\/\/laguiole.com\/wp-content\/uploads\/2023\/08\/logo_laguiole_com_\u00ae_300dpi_Noir_et_Blanc.jpg\" \/>\n\t<meta property=\"og:image:width\" content=\"1920\" \/>\n\t<meta property=\"og:image:height\" content=\"854\" \/>\n\t<meta property=\"og:image:type\" content=\"image\/jpeg\" \/>\n<meta name=\"twitter:card\" content=\"summary_large_image\" \/>\n<meta name=\"twitter:label1\" content=\"Gesch\u00e4tzte Lesezeit\" \/>\n\t<meta name=\"twitter:data1\" content=\"4\u00a0Minute\" \/>\n<script type=\"application\/ld+json\" class=\"yoast-schema-graph\">{\"@context\":\"https:\\\/\\\/schema.org\",\"@graph\":[{\"@type\":\"WebPage\",\"@id\":\"https:\\\/\\\/laguiole.com\\\/de\\\/produit\\\/zweiteiliges-schneideset-xxl-forge-de-laguiole-voll-ebenholz-griff-guilloche-federplatten-messing-geschmiedeter-fliege\\\/\",\"url\":\"https:\\\/\\\/laguiole.com\\\/de\\\/produit\\\/zweiteiliges-schneideset-xxl-forge-de-laguiole-voll-ebenholz-griff-guilloche-federplatten-messing-geschmiedeter-fliege\\\/\",\"name\":\"Servieren-schneiden-Prestige-Ebenholz-Messing-38-5cm-laguiole-Barbecue-\",\"isPartOf\":{\"@id\":\"https:\\\/\\\/laguiole.com\\\/de\\\/#website\"},\"primaryImageOfPage\":{\"@id\":\"https:\\\/\\\/laguiole.com\\\/de\\\/produit\\\/zweiteiliges-schneideset-xxl-forge-de-laguiole-voll-ebenholz-griff-guilloche-federplatten-messing-geschmiedeter-fliege\\\/#primaryimage\"},\"image\":{\"@id\":\"https:\\\/\\\/laguiole.com\\\/de\\\/produit\\\/zweiteiliges-schneideset-xxl-forge-de-laguiole-voll-ebenholz-griff-guilloche-federplatten-messing-geschmiedeter-fliege\\\/#primaryimage\"},\"thumbnailUrl\":\"https:\\\/\\\/laguiole.com\\\/wp-content\\\/uploads\\\/2026\\\/05\\\/Service_a_decouper_2_Pieces_XXL_Forge_de_Laguiole_Plein_Manche_Ebene_Laiton_00.jpg\",\"datePublished\":\"2026-05-05T18:34:56+00:00\",\"description\":\"Entdecken Sie das Prestige Forge Schnitzset von Laguiole aus Ebenholz und Messing, ein 38,5 cm gro\u00dfes Klappmesser, ideal f\u00fcr Grillfeste und gro\u00dfe Fleischst\u00fccke.\",\"breadcrumb\":{\"@id\":\"https:\\\/\\\/laguiole.com\\\/de\\\/produit\\\/zweiteiliges-schneideset-xxl-forge-de-laguiole-voll-ebenholz-griff-guilloche-federplatten-messing-geschmiedeter-fliege\\\/#breadcrumb\"},\"inLanguage\":\"de\",\"potentialAction\":[{\"@type\":\"ReadAction\",\"target\":[\"https:\\\/\\\/laguiole.com\\\/de\\\/produit\\\/zweiteiliges-schneideset-xxl-forge-de-laguiole-voll-ebenholz-griff-guilloche-federplatten-messing-geschmiedeter-fliege\\\/\"]}]},{\"@type\":\"ImageObject\",\"inLanguage\":\"de\",\"@id\":\"https:\\\/\\\/laguiole.com\\\/de\\\/produit\\\/zweiteiliges-schneideset-xxl-forge-de-laguiole-voll-ebenholz-griff-guilloche-federplatten-messing-geschmiedeter-fliege\\\/#primaryimage\",\"url\":\"https:\\\/\\\/laguiole.com\\\/wp-content\\\/uploads\\\/2026\\\/05\\\/Service_a_decouper_2_Pieces_XXL_Forge_de_Laguiole_Plein_Manche_Ebene_Laiton_00.jpg\",\"contentUrl\":\"https:\\\/\\\/laguiole.com\\\/wp-content\\\/uploads\\\/2026\\\/05\\\/Service_a_decouper_2_Pieces_XXL_Forge_de_Laguiole_Plein_Manche_Ebene_Laiton_00.jpg\",\"width\":1033,\"height\":1033,\"caption\":\"Service a D\u00e9couper 2 Pi\u00e8ces XXL Forge de Laguiole Plein Manche en Eb\u00e8ne Ressort Guilloch\u00e9 Platines Laiton Mouche Forg\u00e9e\"},{\"@type\":\"BreadcrumbList\",\"@id\":\"https:\\\/\\\/laguiole.com\\\/de\\\/produit\\\/zweiteiliges-schneideset-xxl-forge-de-laguiole-voll-ebenholz-griff-guilloche-federplatten-messing-geschmiedeter-fliege\\\/#breadcrumb\",\"itemListElement\":[{\"@type\":\"ListItem\",\"position\":1,\"name\":\"Accueil\",\"item\":\"https:\\\/\\\/laguiole.com\\\/de\\\/\"},{\"@type\":\"ListItem\",\"position\":2,\"name\":\"Shop\",\"item\":\"https:\\\/\\\/laguiole.com\\\/de\\\/shop-2\\\/\"},{\"@type\":\"ListItem\",\"position\":3,\"name\":\"Zweiteiliges Schneideset XXL Forge de Laguiole Voll-Ebenholz-Griff Guilloch\u00e9 Federplatten Messing geschmiedeter Fliege\"}]},{\"@type\":\"WebSite\",\"@id\":\"https:\\\/\\\/laguiole.com\\\/de\\\/#website\",\"url\":\"https:\\\/\\\/laguiole.com\\\/de\\\/\",\"name\":\"Laguiole.com\",\"description\":\"Laguiole - Couteau laguiole, Chateau Laguiole, Laguiole en Aubrac, Forge de Laguiole\",\"publisher\":{\"@id\":\"https:\\\/\\\/laguiole.com\\\/de\\\/#organization\"},\"potentialAction\":[{\"@type\":\"SearchAction\",\"target\":{\"@type\":\"EntryPoint\",\"urlTemplate\":\"https:\\\/\\\/laguiole.com\\\/de\\\/?s={search_term_string}\"},\"query-input\":{\"@type\":\"PropertyValueSpecification\",\"valueRequired\":true,\"valueName\":\"search_term_string\"}}],\"inLanguage\":\"de\"},{\"@type\":\"Organization\",\"@id\":\"https:\\\/\\\/laguiole.com\\\/de\\\/#organization\",\"name\":\"Laguiole.com\",\"url\":\"https:\\\/\\\/laguiole.com\\\/de\\\/\",\"logo\":{\"@type\":\"ImageObject\",\"inLanguage\":\"de\",\"@id\":\"https:\\\/\\\/laguiole.com\\\/de\\\/#\\\/schema\\\/logo\\\/image\\\/\",\"url\":\"https:\\\/\\\/laguiole.com\\\/wp-content\\\/uploads\\\/2021\\\/02\\\/logo_laguiole.com-horizontal.jpg\",\"contentUrl\":\"https:\\\/\\\/laguiole.com\\\/wp-content\\\/uploads\\\/2021\\\/02\\\/logo_laguiole.com-horizontal.jpg\",\"width\":490,\"height\":156,\"caption\":\"Laguiole.com\"},\"image\":{\"@id\":\"https:\\\/\\\/laguiole.com\\\/de\\\/#\\\/schema\\\/logo\\\/image\\\/\"},\"sameAs\":[\"https:\\\/\\\/www.facebook.com\\\/laguiolecom\\\/\",\"https:\\\/\\\/www.instagram.com\\\/laguiolecom\\\/\",\"https:\\\/\\\/www.youtube.com\\\/@laguiolecom\\\/videos\"]}]}<\/script>\n<!-- \/ Yoast SEO plugin. -->","yoast_head_json":{"title":"Servieren-schneiden-Prestige-Ebenholz-Messing-38-5cm-laguiole-Barbecue-","description":"Entdecken Sie das Prestige Forge Schnitzset von Laguiole aus Ebenholz und Messing, ein 38,5 cm gro\u00dfes Klappmesser, ideal f\u00fcr Grillfeste und gro\u00dfe Fleischst\u00fccke.","robots":{"index":"index","follow":"follow","max-snippet":"max-snippet:-1","max-image-preview":"max-image-preview:large","max-video-preview":"max-video-preview:-1"},"canonical":"https:\/\/laguiole.com\/de\/produit\/zweiteiliges-schneideset-xxl-forge-de-laguiole-voll-ebenholz-griff-guilloche-federplatten-messing-geschmiedeter-fliege\/","og_locale":"de_DE","og_type":"article","og_title":"Servieren-schneiden-Prestige-Ebenholz-Messing-38-5cm-laguiole-Barbecue-","og_description":"Entdecken Sie das Prestige Forge Schnitzset von Laguiole aus Ebenholz und Messing, ein 38,5 cm gro\u00dfes Klappmesser, ideal f\u00fcr Grillfeste und gro\u00dfe Fleischst\u00fccke.","og_url":"https:\/\/laguiole.com\/de\/produit\/zweiteiliges-schneideset-xxl-forge-de-laguiole-voll-ebenholz-griff-guilloche-federplatten-messing-geschmiedeter-fliege\/","og_site_name":"Laguiole.com \u00ae","article_publisher":"https:\/\/www.facebook.com\/laguiolecom\/","og_image":[{"width":1920,"height":854,"url":"https:\/\/laguiole.com\/wp-content\/uploads\/2023\/08\/logo_laguiole_com_\u00ae_300dpi_Noir_et_Blanc.jpg","type":"image\/jpeg"}],"twitter_card":"summary_large_image","twitter_misc":{"Gesch\u00e4tzte Lesezeit":"4\u00a0Minute"},"schema":{"@context":"https:\/\/schema.org","@graph":[{"@type":"WebPage","@id":"https:\/\/laguiole.com\/de\/produit\/zweiteiliges-schneideset-xxl-forge-de-laguiole-voll-ebenholz-griff-guilloche-federplatten-messing-geschmiedeter-fliege\/","url":"https:\/\/laguiole.com\/de\/produit\/zweiteiliges-schneideset-xxl-forge-de-laguiole-voll-ebenholz-griff-guilloche-federplatten-messing-geschmiedeter-fliege\/","name":"Servieren-schneiden-Prestige-Ebenholz-Messing-38-5cm-laguiole-Barbecue-","isPartOf":{"@id":"https:\/\/laguiole.com\/de\/#website"},"primaryImageOfPage":{"@id":"https:\/\/laguiole.com\/de\/produit\/zweiteiliges-schneideset-xxl-forge-de-laguiole-voll-ebenholz-griff-guilloche-federplatten-messing-geschmiedeter-fliege\/#primaryimage"},"image":{"@id":"https:\/\/laguiole.com\/de\/produit\/zweiteiliges-schneideset-xxl-forge-de-laguiole-voll-ebenholz-griff-guilloche-federplatten-messing-geschmiedeter-fliege\/#primaryimage"},"thumbnailUrl":"https:\/\/laguiole.com\/wp-content\/uploads\/2026\/05\/Service_a_decouper_2_Pieces_XXL_Forge_de_Laguiole_Plein_Manche_Ebene_Laiton_00.jpg","datePublished":"2026-05-05T18:34:56+00:00","description":"Entdecken Sie das Prestige Forge Schnitzset von Laguiole aus Ebenholz und Messing, ein 38,5 cm gro\u00dfes Klappmesser, ideal f\u00fcr Grillfeste und gro\u00dfe Fleischst\u00fccke.","breadcrumb":{"@id":"https:\/\/laguiole.com\/de\/produit\/zweiteiliges-schneideset-xxl-forge-de-laguiole-voll-ebenholz-griff-guilloche-federplatten-messing-geschmiedeter-fliege\/#breadcrumb"},"inLanguage":"de","potentialAction":[{"@type":"ReadAction","target":["https:\/\/laguiole.com\/de\/produit\/zweiteiliges-schneideset-xxl-forge-de-laguiole-voll-ebenholz-griff-guilloche-federplatten-messing-geschmiedeter-fliege\/"]}]},{"@type":"ImageObject","inLanguage":"de","@id":"https:\/\/laguiole.com\/de\/produit\/zweiteiliges-schneideset-xxl-forge-de-laguiole-voll-ebenholz-griff-guilloche-federplatten-messing-geschmiedeter-fliege\/#primaryimage","url":"https:\/\/laguiole.com\/wp-content\/uploads\/2026\/05\/Service_a_decouper_2_Pieces_XXL_Forge_de_Laguiole_Plein_Manche_Ebene_Laiton_00.jpg","contentUrl":"https:\/\/laguiole.com\/wp-content\/uploads\/2026\/05\/Service_a_decouper_2_Pieces_XXL_Forge_de_Laguiole_Plein_Manche_Ebene_Laiton_00.jpg","width":1033,"height":1033,"caption":"Service a D\u00e9couper 2 Pi\u00e8ces XXL Forge de Laguiole Plein Manche en Eb\u00e8ne Ressort Guilloch\u00e9 Platines Laiton Mouche Forg\u00e9e"},{"@type":"BreadcrumbList","@id":"https:\/\/laguiole.com\/de\/produit\/zweiteiliges-schneideset-xxl-forge-de-laguiole-voll-ebenholz-griff-guilloche-federplatten-messing-geschmiedeter-fliege\/#breadcrumb","itemListElement":[{"@type":"ListItem","position":1,"name":"Accueil","item":"https:\/\/laguiole.com\/de\/"},{"@type":"ListItem","position":2,"name":"Shop","item":"https:\/\/laguiole.com\/de\/shop-2\/"},{"@type":"ListItem","position":3,"name":"Zweiteiliges Schneideset XXL Forge de Laguiole Voll-Ebenholz-Griff Guilloch\u00e9 Federplatten Messing geschmiedeter Fliege"}]},{"@type":"WebSite","@id":"https:\/\/laguiole.com\/de\/#website","url":"https:\/\/laguiole.com\/de\/","name":"Laguiole.com","description":"Laguiole - Couteau laguiole, Chateau Laguiole, Laguiole en Aubrac, Forge de Laguiole","publisher":{"@id":"https:\/\/laguiole.com\/de\/#organization"},"potentialAction":[{"@type":"SearchAction","target":{"@type":"EntryPoint","urlTemplate":"https:\/\/laguiole.com\/de\/?s={search_term_string}"},"query-input":{"@type":"PropertyValueSpecification","valueRequired":true,"valueName":"search_term_string"}}],"inLanguage":"de"},{"@type":"Organization","@id":"https:\/\/laguiole.com\/de\/#organization","name":"Laguiole.com","url":"https:\/\/laguiole.com\/de\/","logo":{"@type":"ImageObject","inLanguage":"de","@id":"https:\/\/laguiole.com\/de\/#\/schema\/logo\/image\/","url":"https:\/\/laguiole.com\/wp-content\/uploads\/2021\/02\/logo_laguiole.com-horizontal.jpg","contentUrl":"https:\/\/laguiole.com\/wp-content\/uploads\/2021\/02\/logo_laguiole.com-horizontal.jpg","width":490,"height":156,"caption":"Laguiole.com"},"image":{"@id":"https:\/\/laguiole.com\/de\/#\/schema\/logo\/image\/"},"sameAs":["https:\/\/www.facebook.com\/laguiolecom\/","https:\/\/www.instagram.com\/laguiolecom\/","https:\/\/www.youtube.com\/@laguiolecom\/videos"]}]}},"_links":{"self":[{"href":"https:\/\/laguiole.com\/de\/wp-json\/wp\/v2\/product\/53464","targetHints":{"allow":["GET"]}}],"collection":[{"href":"https:\/\/laguiole.com\/de\/wp-json\/wp\/v2\/product"}],"about":[{"href":"https:\/\/laguiole.com\/de\/wp-json\/wp\/v2\/types\/product"}],"version-history":[{"count":0,"href":"https:\/\/laguiole.com\/de\/wp-json\/wp\/v2\/product\/53464\/revisions"}],"wp:featuredmedia":[{"embeddable":true,"href":"https:\/\/laguiole.com\/de\/wp-json\/wp\/v2\/media\/53481"}],"wp:attachment":[{"href":"https:\/\/laguiole.com\/de\/wp-json\/wp\/v2\/media?parent=53464"}],"wp:term":[{"taxonomy":"product_brand","embeddable":true,"href":"https:\/\/laguiole.com\/de\/wp-json\/wp\/v2\/product_brand?post=53464"},{"taxonomy":"product_cat","embeddable":true,"href":"https:\/\/laguiole.com\/de\/wp-json\/wp\/v2\/product_cat?post=53464"},{"taxonomy":"product_tag","embeddable":true,"href":"https:\/\/laguiole.com\/de\/wp-json\/wp\/v2\/product_tag?post=53464"}],"curies":[{"name":"wp","href":"https:\/\/api.w.org\/{rel}","templated":true}]}}