{"id":53425,"date":"2026-05-06T14:23:49","date_gmt":"2026-05-06T12:23:49","guid":{"rendered":"https:\/\/laguiole.com\/?post_type=product&#038;p=53425"},"modified":"2026-05-07T11:57:10","modified_gmt":"2026-05-07T09:57:10","slug":"sommelier-forge-de-laguiole-prestige-in-weis-mammut-elfenbein-herz-feder-und-handgemeiselte-teller-damastmesser-munin-gabel-pinot-mouche-prestige-2","status":"publish","type":"product","link":"https:\/\/laguiole.com\/de\/produit\/sommelier-forge-de-laguiole-prestige-in-weis-mammut-elfenbein-herz-feder-und-handgemeiselte-teller-damastmesser-munin-gabel-pinot-mouche-prestige-2\/","title":{"rendered":"Sommelier Forge de Laguiole Prestige in Wei\u00df Mammut Elfenbein Herz Feder und handgemei\u00dfelte Teller Damastmesser Munin Gabel Pinot Mouche Prestige"},"content":{"rendered":"<p>Sowohl im Gedeck der gro\u00dfen Tische als auch im Herzen der geheimen Keller zeichnen sich einige Gegenst\u00e4nde nicht nur durch ihre N\u00fctzlichkeit aus, sondern auch durch die Seele, die sie in sich tragen. Der Sommelier der Forge de Laguiole in wei\u00dfem Mammut-Elfenbein-Herz geh\u00f6rt zu dieser au\u00dfergew\u00f6hnlichen Linie.<\/p>\n<p>Aus einem Material geschnitzt, das aus den Eiszeiten geboren wurde, verbindet es den heutigen Menschen mit den Geheimnissen der Zeit. Das seltene und kostbare Mammutelfenbein verleiht seinem Griff ein weiches, fast unwirkliches Licht, das ins Auge sticht und zum Anfassen einl\u00e4dt.<\/p>\n<p>Jedes Detail ist das Ergebnis der Hand eines leidenschaftlichen Handwerkers: Die handgemei\u00dfelte und guillochierte Feder, die fein gearbeitete Kappe und der prestigetr\u00e4chtige geschmiedete Hosenschlitz verleihen dem Sommelier eine einzigartige, fast aristokratische Identit\u00e4t.<\/p>\n<p>Seine Damastklinge mit ihren bewegenden Reflexen wie Wildwasser offenbart die Meisterschaft eines \u00fcberlieferten Know-hows. Es beherbergt heimlich einen diskreten und genialen Flaschen\u00f6ffner, ein Beweis daf\u00fcr, dass Kunst ein Komplize der Geselligkeit sein kann.<\/p>\n<p>Es ist nicht nur ein Instrument zum \u00d6ffnen einer Flasche. Es ist ein St\u00fcck Charakter, ein Kunstwerk zum Betrachten, ein Begleiter, den es weiterzugeben gilt. Zwischen Bestecktradition, edlen Materialien und zeitloser Eleganz ist dieser Sommelier eine Einladung, den Moment mit Grandezza zu feiern.<\/p>\n","protected":false},"excerpt":{"rendered":"<p>Sommelier Forge de Laguiole Prestige<br \/>\nGriff: Mammut Elfenbein Herz Glatt<br \/>\nWei\u00df Prestige Fliege von Hand<br \/>\ngeschmiedet und gemei\u00dfelt Handgemei\u00dfelte<br \/>\nFeder Handgemei\u00dfelte<br \/>\nPlatten Kleines Messer und Flaschen\u00f6ffner aus Damaskus Munin<br \/>\nEdelstahl Gl\u00e4nzendes und glattes<br \/>\nFinish L\u00e4nge: 12 cm<br \/>\nGewicht: 118 grs<\/p>\n","protected":false},"featured_media":53454,"template":"","meta":{"_acf_changed":false,"_monsterinsights_skip_tracking":false,"_monsterinsights_sitenote_active":false,"_monsterinsights_sitenote_note":"","_monsterinsights_sitenote_category":0},"product_brand":[],"product_cat":[5962],"product_tag":[],"class_list":{"0":"post-53425","1":"product","2":"type-product","3":"status-publish","4":"has-post-thumbnail","6":"product_cat-kellnermesser","7":"pa_finition-brillant","8":"pa_manche-en-bois-ebenholz","9":"pa_manche-en-matiere-animale-mammutelfenbein","10":"pa_marque-forge-de-laguiole","11":"pa_mitres-2-gehrungen","12":"pa_mitres-glaenzender-edelstahl","13":"pa_mouche-geschmiedet","14":"pa_mouche-prestige","15":"pa_ressort-guilloche","16":"tm-has-options","19":"instock","20":"taxable","21":"shipping-taxable","22":"purchasable","23":"product-type-simple"},"supplier_id":null,"supplier_sku":"","barcode":null,"atum_controlled":true,"out_stock_date":null,"out_stock_threshold":null,"inheritable":false,"inbound_stock":0,"stock_on_hold":0,"sold_today":0,"sales_last_days":0,"reserved_stock":0,"customer_returns":0,"warehouse_damage":0,"lost_in_post":0,"other_logs":0,"out_stock_days":0,"lost_sales":0,"has_location":false,"update_date":"2026-05-08T00:55:49","atum_locations":[],"atum_stock_status":"instock","restock_status":false,"low_stock_amount":"","sales_update_date":"2026-05-08T00:55:49","calc_backorders":0,"acf":[],"yoast_head":"<!-- This site is optimized with the Yoast SEO plugin v27.3 - https:\/\/yoast.com\/product\/yoast-seo-wordpress\/ -->\n<title>Sommelier Forge de Laguiole Prestige in Wei\u00df Mammut Elfenbein Herz Feder und handgemei\u00dfelte Teller Damastmesser Munin Gabel Pinot Mouche Prestige - Laguiole.com \u00ae<\/title>\n<meta name=\"description\" content=\"Zwischen Bestecktradition, edlen Materialien und zeitloser Eleganz ist dieser Sommelier eine Einladung, den Moment mit Grandezza zu feiern.\" \/>\n<meta name=\"robots\" content=\"index, follow, max-snippet:-1, max-image-preview:large, max-video-preview:-1\" \/>\n<link rel=\"canonical\" href=\"https:\/\/laguiole.com\/de\/produit\/sommelier-forge-de-laguiole-prestige-in-weis-mammut-elfenbein-herz-feder-und-handgemeiselte-teller-damastmesser-munin-gabel-pinot-mouche-prestige-2\/\" \/>\n<meta property=\"og:locale\" content=\"de_DE\" \/>\n<meta property=\"og:type\" content=\"article\" \/>\n<meta property=\"og:title\" content=\"Sommelier Forge de Laguiole Prestige in Wei\u00df Mammut Elfenbein Herz Feder und handgemei\u00dfelte Teller Damastmesser Munin Gabel Pinot Mouche Prestige - Laguiole.com \u00ae\" \/>\n<meta property=\"og:description\" content=\"Zwischen Bestecktradition, edlen Materialien und zeitloser Eleganz ist dieser Sommelier eine Einladung, den Moment mit Grandezza zu feiern.\" \/>\n<meta property=\"og:url\" content=\"https:\/\/laguiole.com\/de\/produit\/sommelier-forge-de-laguiole-prestige-in-weis-mammut-elfenbein-herz-feder-und-handgemeiselte-teller-damastmesser-munin-gabel-pinot-mouche-prestige-2\/\" \/>\n<meta property=\"og:site_name\" content=\"Laguiole.com \u00ae\" \/>\n<meta property=\"article:publisher\" content=\"https:\/\/www.facebook.com\/laguiolecom\/\" \/>\n<meta property=\"article:modified_time\" content=\"2026-05-07T09:57:10+00:00\" \/>\n<meta property=\"og:image\" content=\"https:\/\/laguiole.com\/wp-content\/uploads\/2026\/05\/Sommelier_Forge_de_Laguiole_Prestige_Bi_Matiere_Ebene_Ivoire_Mammouth_Couteau_Damas_Grappe_Raisin_00-1.jpg\" \/>\n\t<meta property=\"og:image:width\" content=\"1033\" \/>\n\t<meta property=\"og:image:height\" content=\"1033\" \/>\n\t<meta property=\"og:image:type\" content=\"image\/jpeg\" \/>\n<meta name=\"twitter:card\" content=\"summary_large_image\" \/>\n<meta name=\"twitter:label1\" content=\"Gesch\u00e4tzte Lesezeit\" \/>\n\t<meta name=\"twitter:data1\" content=\"2\u00a0Minute\" \/>\n<script type=\"application\/ld+json\" class=\"yoast-schema-graph\">{\"@context\":\"https:\\\/\\\/schema.org\",\"@graph\":[{\"@type\":\"WebPage\",\"@id\":\"https:\\\/\\\/laguiole.com\\\/de\\\/produit\\\/sommelier-forge-de-laguiole-prestige-in-weis-mammut-elfenbein-herz-feder-und-handgemeiselte-teller-damastmesser-munin-gabel-pinot-mouche-prestige-2\\\/\",\"url\":\"https:\\\/\\\/laguiole.com\\\/de\\\/produit\\\/sommelier-forge-de-laguiole-prestige-in-weis-mammut-elfenbein-herz-feder-und-handgemeiselte-teller-damastmesser-munin-gabel-pinot-mouche-prestige-2\\\/\",\"name\":\"Sommelier Forge de Laguiole Prestige in Wei\u00df Mammut Elfenbein Herz Feder und handgemei\u00dfelte Teller Damastmesser Munin Gabel Pinot Mouche Prestige - Laguiole.com \u00ae\",\"isPartOf\":{\"@id\":\"https:\\\/\\\/laguiole.com\\\/de\\\/#website\"},\"primaryImageOfPage\":{\"@id\":\"https:\\\/\\\/laguiole.com\\\/de\\\/produit\\\/sommelier-forge-de-laguiole-prestige-in-weis-mammut-elfenbein-herz-feder-und-handgemeiselte-teller-damastmesser-munin-gabel-pinot-mouche-prestige-2\\\/#primaryimage\"},\"image\":{\"@id\":\"https:\\\/\\\/laguiole.com\\\/de\\\/produit\\\/sommelier-forge-de-laguiole-prestige-in-weis-mammut-elfenbein-herz-feder-und-handgemeiselte-teller-damastmesser-munin-gabel-pinot-mouche-prestige-2\\\/#primaryimage\"},\"thumbnailUrl\":\"https:\\\/\\\/laguiole.com\\\/wp-content\\\/uploads\\\/2026\\\/05\\\/Sommelier_Forge_de_Laguiole_Prestige_Bi_Matiere_Ebene_Ivoire_Mammouth_Couteau_Damas_Grappe_Raisin_00-1.jpg\",\"datePublished\":\"2026-05-06T12:23:49+00:00\",\"dateModified\":\"2026-05-07T09:57:10+00:00\",\"description\":\"Zwischen Bestecktradition, edlen Materialien und zeitloser Eleganz ist dieser Sommelier eine Einladung, den Moment mit Grandezza zu feiern.\",\"breadcrumb\":{\"@id\":\"https:\\\/\\\/laguiole.com\\\/de\\\/produit\\\/sommelier-forge-de-laguiole-prestige-in-weis-mammut-elfenbein-herz-feder-und-handgemeiselte-teller-damastmesser-munin-gabel-pinot-mouche-prestige-2\\\/#breadcrumb\"},\"inLanguage\":\"de\",\"potentialAction\":[{\"@type\":\"ReadAction\",\"target\":[\"https:\\\/\\\/laguiole.com\\\/de\\\/produit\\\/sommelier-forge-de-laguiole-prestige-in-weis-mammut-elfenbein-herz-feder-und-handgemeiselte-teller-damastmesser-munin-gabel-pinot-mouche-prestige-2\\\/\"]}]},{\"@type\":\"ImageObject\",\"inLanguage\":\"de\",\"@id\":\"https:\\\/\\\/laguiole.com\\\/de\\\/produit\\\/sommelier-forge-de-laguiole-prestige-in-weis-mammut-elfenbein-herz-feder-und-handgemeiselte-teller-damastmesser-munin-gabel-pinot-mouche-prestige-2\\\/#primaryimage\",\"url\":\"https:\\\/\\\/laguiole.com\\\/wp-content\\\/uploads\\\/2026\\\/05\\\/Sommelier_Forge_de_Laguiole_Prestige_Bi_Matiere_Ebene_Ivoire_Mammouth_Couteau_Damas_Grappe_Raisin_00-1.jpg\",\"contentUrl\":\"https:\\\/\\\/laguiole.com\\\/wp-content\\\/uploads\\\/2026\\\/05\\\/Sommelier_Forge_de_Laguiole_Prestige_Bi_Matiere_Ebene_Ivoire_Mammouth_Couteau_Damas_Grappe_Raisin_00-1.jpg\",\"width\":1033,\"height\":1033,\"caption\":\"Sommelier Forge de Laguiole Prestige en Bi Mati\u00e8re Eb\u00e8ne\\\/Coeur Ivoire Mammouth Blanc Ressort et Platines Guilloch\u00e9s \u00e0 la main Couteau en Damas Inox Munin Chape Grappe de Raisin Mouche Prestige\"},{\"@type\":\"BreadcrumbList\",\"@id\":\"https:\\\/\\\/laguiole.com\\\/de\\\/produit\\\/sommelier-forge-de-laguiole-prestige-in-weis-mammut-elfenbein-herz-feder-und-handgemeiselte-teller-damastmesser-munin-gabel-pinot-mouche-prestige-2\\\/#breadcrumb\",\"itemListElement\":[{\"@type\":\"ListItem\",\"position\":1,\"name\":\"Accueil\",\"item\":\"https:\\\/\\\/laguiole.com\\\/de\\\/\"},{\"@type\":\"ListItem\",\"position\":2,\"name\":\"Shop\",\"item\":\"https:\\\/\\\/laguiole.com\\\/de\\\/shop-2\\\/\"},{\"@type\":\"ListItem\",\"position\":3,\"name\":\"Sommelier Forge de Laguiole Prestige in Wei\u00df Mammut Elfenbein Herz Feder und handgemei\u00dfelte Teller Damastmesser Munin Gabel Pinot Mouche Prestige\"}]},{\"@type\":\"WebSite\",\"@id\":\"https:\\\/\\\/laguiole.com\\\/de\\\/#website\",\"url\":\"https:\\\/\\\/laguiole.com\\\/de\\\/\",\"name\":\"Laguiole.com\",\"description\":\"Laguiole - Couteau laguiole, Chateau Laguiole, Laguiole en Aubrac, Forge de Laguiole\",\"publisher\":{\"@id\":\"https:\\\/\\\/laguiole.com\\\/de\\\/#organization\"},\"potentialAction\":[{\"@type\":\"SearchAction\",\"target\":{\"@type\":\"EntryPoint\",\"urlTemplate\":\"https:\\\/\\\/laguiole.com\\\/de\\\/?s={search_term_string}\"},\"query-input\":{\"@type\":\"PropertyValueSpecification\",\"valueRequired\":true,\"valueName\":\"search_term_string\"}}],\"inLanguage\":\"de\"},{\"@type\":\"Organization\",\"@id\":\"https:\\\/\\\/laguiole.com\\\/de\\\/#organization\",\"name\":\"Laguiole.com\",\"url\":\"https:\\\/\\\/laguiole.com\\\/de\\\/\",\"logo\":{\"@type\":\"ImageObject\",\"inLanguage\":\"de\",\"@id\":\"https:\\\/\\\/laguiole.com\\\/de\\\/#\\\/schema\\\/logo\\\/image\\\/\",\"url\":\"https:\\\/\\\/laguiole.com\\\/wp-content\\\/uploads\\\/2021\\\/02\\\/logo_laguiole.com-horizontal.jpg\",\"contentUrl\":\"https:\\\/\\\/laguiole.com\\\/wp-content\\\/uploads\\\/2021\\\/02\\\/logo_laguiole.com-horizontal.jpg\",\"width\":490,\"height\":156,\"caption\":\"Laguiole.com\"},\"image\":{\"@id\":\"https:\\\/\\\/laguiole.com\\\/de\\\/#\\\/schema\\\/logo\\\/image\\\/\"},\"sameAs\":[\"https:\\\/\\\/www.facebook.com\\\/laguiolecom\\\/\",\"https:\\\/\\\/www.instagram.com\\\/laguiolecom\\\/\",\"https:\\\/\\\/www.youtube.com\\\/@laguiolecom\\\/videos\"]}]}<\/script>\n<!-- \/ Yoast SEO plugin. -->","yoast_head_json":{"title":"Sommelier Forge de Laguiole Prestige in Wei\u00df Mammut Elfenbein Herz Feder und handgemei\u00dfelte Teller Damastmesser Munin Gabel Pinot Mouche Prestige - Laguiole.com \u00ae","description":"Zwischen Bestecktradition, edlen Materialien und zeitloser Eleganz ist dieser Sommelier eine Einladung, den Moment mit Grandezza zu feiern.","robots":{"index":"index","follow":"follow","max-snippet":"max-snippet:-1","max-image-preview":"max-image-preview:large","max-video-preview":"max-video-preview:-1"},"canonical":"https:\/\/laguiole.com\/de\/produit\/sommelier-forge-de-laguiole-prestige-in-weis-mammut-elfenbein-herz-feder-und-handgemeiselte-teller-damastmesser-munin-gabel-pinot-mouche-prestige-2\/","og_locale":"de_DE","og_type":"article","og_title":"Sommelier Forge de Laguiole Prestige in Wei\u00df Mammut Elfenbein Herz Feder und handgemei\u00dfelte Teller Damastmesser Munin Gabel Pinot Mouche Prestige - Laguiole.com \u00ae","og_description":"Zwischen Bestecktradition, edlen Materialien und zeitloser Eleganz ist dieser Sommelier eine Einladung, den Moment mit Grandezza zu feiern.","og_url":"https:\/\/laguiole.com\/de\/produit\/sommelier-forge-de-laguiole-prestige-in-weis-mammut-elfenbein-herz-feder-und-handgemeiselte-teller-damastmesser-munin-gabel-pinot-mouche-prestige-2\/","og_site_name":"Laguiole.com \u00ae","article_publisher":"https:\/\/www.facebook.com\/laguiolecom\/","article_modified_time":"2026-05-07T09:57:10+00:00","og_image":[{"width":1033,"height":1033,"url":"https:\/\/laguiole.com\/wp-content\/uploads\/2026\/05\/Sommelier_Forge_de_Laguiole_Prestige_Bi_Matiere_Ebene_Ivoire_Mammouth_Couteau_Damas_Grappe_Raisin_00-1.jpg","type":"image\/jpeg"}],"twitter_card":"summary_large_image","twitter_misc":{"Gesch\u00e4tzte Lesezeit":"2\u00a0Minute"},"schema":{"@context":"https:\/\/schema.org","@graph":[{"@type":"WebPage","@id":"https:\/\/laguiole.com\/de\/produit\/sommelier-forge-de-laguiole-prestige-in-weis-mammut-elfenbein-herz-feder-und-handgemeiselte-teller-damastmesser-munin-gabel-pinot-mouche-prestige-2\/","url":"https:\/\/laguiole.com\/de\/produit\/sommelier-forge-de-laguiole-prestige-in-weis-mammut-elfenbein-herz-feder-und-handgemeiselte-teller-damastmesser-munin-gabel-pinot-mouche-prestige-2\/","name":"Sommelier Forge de Laguiole Prestige in Wei\u00df Mammut Elfenbein Herz Feder und handgemei\u00dfelte Teller Damastmesser Munin Gabel Pinot Mouche Prestige - Laguiole.com \u00ae","isPartOf":{"@id":"https:\/\/laguiole.com\/de\/#website"},"primaryImageOfPage":{"@id":"https:\/\/laguiole.com\/de\/produit\/sommelier-forge-de-laguiole-prestige-in-weis-mammut-elfenbein-herz-feder-und-handgemeiselte-teller-damastmesser-munin-gabel-pinot-mouche-prestige-2\/#primaryimage"},"image":{"@id":"https:\/\/laguiole.com\/de\/produit\/sommelier-forge-de-laguiole-prestige-in-weis-mammut-elfenbein-herz-feder-und-handgemeiselte-teller-damastmesser-munin-gabel-pinot-mouche-prestige-2\/#primaryimage"},"thumbnailUrl":"https:\/\/laguiole.com\/wp-content\/uploads\/2026\/05\/Sommelier_Forge_de_Laguiole_Prestige_Bi_Matiere_Ebene_Ivoire_Mammouth_Couteau_Damas_Grappe_Raisin_00-1.jpg","datePublished":"2026-05-06T12:23:49+00:00","dateModified":"2026-05-07T09:57:10+00:00","description":"Zwischen Bestecktradition, edlen Materialien und zeitloser Eleganz ist dieser Sommelier eine Einladung, den Moment mit Grandezza zu feiern.","breadcrumb":{"@id":"https:\/\/laguiole.com\/de\/produit\/sommelier-forge-de-laguiole-prestige-in-weis-mammut-elfenbein-herz-feder-und-handgemeiselte-teller-damastmesser-munin-gabel-pinot-mouche-prestige-2\/#breadcrumb"},"inLanguage":"de","potentialAction":[{"@type":"ReadAction","target":["https:\/\/laguiole.com\/de\/produit\/sommelier-forge-de-laguiole-prestige-in-weis-mammut-elfenbein-herz-feder-und-handgemeiselte-teller-damastmesser-munin-gabel-pinot-mouche-prestige-2\/"]}]},{"@type":"ImageObject","inLanguage":"de","@id":"https:\/\/laguiole.com\/de\/produit\/sommelier-forge-de-laguiole-prestige-in-weis-mammut-elfenbein-herz-feder-und-handgemeiselte-teller-damastmesser-munin-gabel-pinot-mouche-prestige-2\/#primaryimage","url":"https:\/\/laguiole.com\/wp-content\/uploads\/2026\/05\/Sommelier_Forge_de_Laguiole_Prestige_Bi_Matiere_Ebene_Ivoire_Mammouth_Couteau_Damas_Grappe_Raisin_00-1.jpg","contentUrl":"https:\/\/laguiole.com\/wp-content\/uploads\/2026\/05\/Sommelier_Forge_de_Laguiole_Prestige_Bi_Matiere_Ebene_Ivoire_Mammouth_Couteau_Damas_Grappe_Raisin_00-1.jpg","width":1033,"height":1033,"caption":"Sommelier Forge de Laguiole Prestige en Bi Mati\u00e8re Eb\u00e8ne\/Coeur Ivoire Mammouth Blanc Ressort et Platines Guilloch\u00e9s \u00e0 la main Couteau en Damas Inox Munin Chape Grappe de Raisin Mouche Prestige"},{"@type":"BreadcrumbList","@id":"https:\/\/laguiole.com\/de\/produit\/sommelier-forge-de-laguiole-prestige-in-weis-mammut-elfenbein-herz-feder-und-handgemeiselte-teller-damastmesser-munin-gabel-pinot-mouche-prestige-2\/#breadcrumb","itemListElement":[{"@type":"ListItem","position":1,"name":"Accueil","item":"https:\/\/laguiole.com\/de\/"},{"@type":"ListItem","position":2,"name":"Shop","item":"https:\/\/laguiole.com\/de\/shop-2\/"},{"@type":"ListItem","position":3,"name":"Sommelier Forge de Laguiole Prestige in Wei\u00df Mammut Elfenbein Herz Feder und handgemei\u00dfelte Teller Damastmesser Munin Gabel Pinot Mouche Prestige"}]},{"@type":"WebSite","@id":"https:\/\/laguiole.com\/de\/#website","url":"https:\/\/laguiole.com\/de\/","name":"Laguiole.com","description":"Laguiole - Couteau laguiole, Chateau Laguiole, Laguiole en Aubrac, Forge de Laguiole","publisher":{"@id":"https:\/\/laguiole.com\/de\/#organization"},"potentialAction":[{"@type":"SearchAction","target":{"@type":"EntryPoint","urlTemplate":"https:\/\/laguiole.com\/de\/?s={search_term_string}"},"query-input":{"@type":"PropertyValueSpecification","valueRequired":true,"valueName":"search_term_string"}}],"inLanguage":"de"},{"@type":"Organization","@id":"https:\/\/laguiole.com\/de\/#organization","name":"Laguiole.com","url":"https:\/\/laguiole.com\/de\/","logo":{"@type":"ImageObject","inLanguage":"de","@id":"https:\/\/laguiole.com\/de\/#\/schema\/logo\/image\/","url":"https:\/\/laguiole.com\/wp-content\/uploads\/2021\/02\/logo_laguiole.com-horizontal.jpg","contentUrl":"https:\/\/laguiole.com\/wp-content\/uploads\/2021\/02\/logo_laguiole.com-horizontal.jpg","width":490,"height":156,"caption":"Laguiole.com"},"image":{"@id":"https:\/\/laguiole.com\/de\/#\/schema\/logo\/image\/"},"sameAs":["https:\/\/www.facebook.com\/laguiolecom\/","https:\/\/www.instagram.com\/laguiolecom\/","https:\/\/www.youtube.com\/@laguiolecom\/videos"]}]}},"_links":{"self":[{"href":"https:\/\/laguiole.com\/de\/wp-json\/wp\/v2\/product\/53425","targetHints":{"allow":["GET"]}}],"collection":[{"href":"https:\/\/laguiole.com\/de\/wp-json\/wp\/v2\/product"}],"about":[{"href":"https:\/\/laguiole.com\/de\/wp-json\/wp\/v2\/types\/product"}],"version-history":[{"count":1,"href":"https:\/\/laguiole.com\/de\/wp-json\/wp\/v2\/product\/53425\/revisions"}],"predecessor-version":[{"id":53470,"href":"https:\/\/laguiole.com\/de\/wp-json\/wp\/v2\/product\/53425\/revisions\/53470"}],"wp:featuredmedia":[{"embeddable":true,"href":"https:\/\/laguiole.com\/de\/wp-json\/wp\/v2\/media\/53454"}],"wp:attachment":[{"href":"https:\/\/laguiole.com\/de\/wp-json\/wp\/v2\/media?parent=53425"}],"wp:term":[{"taxonomy":"product_brand","embeddable":true,"href":"https:\/\/laguiole.com\/de\/wp-json\/wp\/v2\/product_brand?post=53425"},{"taxonomy":"product_cat","embeddable":true,"href":"https:\/\/laguiole.com\/de\/wp-json\/wp\/v2\/product_cat?post=53425"},{"taxonomy":"product_tag","embeddable":true,"href":"https:\/\/laguiole.com\/de\/wp-json\/wp\/v2\/product_tag?post=53425"}],"curies":[{"name":"wp","href":"https:\/\/api.w.org\/{rel}","templated":true}]}}