{"id":53419,"date":"2026-05-06T13:30:43","date_gmt":"2026-05-06T11:30:43","guid":{"rendered":"https:\/\/laguiole.com\/?post_type=product&#038;p=53419"},"modified":"2026-05-13T19:12:42","modified_gmt":"2026-05-13T17:12:42","slug":"sommelier-forge-de-laguiole-prestige-in-weis-mammut-elfenbein-herz-feder-und-handgemeiselte-teller-damastmesser-munin-gabel-pinot-mouche-prestige-3","status":"publish","type":"product","link":"https:\/\/laguiole.com\/de\/produit\/sommelier-forge-de-laguiole-prestige-in-weis-mammut-elfenbein-herz-feder-und-handgemeiselte-teller-damastmesser-munin-gabel-pinot-mouche-prestige-3\/","title":{"rendered":"Sommelier Forge de Laguiole Prestige aus Bi-Material, Ebenholz\/Rosenholz, Fr\u00fchling und Hand-Guilloch\u00e9 Teller, Damaskusmesser, Munin Clevis, Traubenb\u00fcsch, Fliege Prestige"},"content":{"rendered":"<p><strong>Laguiole Damascus Edelstahl-Sommelier \u2013 Laguiole Forge Bimaterial, Palisander &amp; Ebenholz | Hochwertige franz\u00f6sische Handwerkskunst<\/strong><\/p>\n<p>Betreten Sie die Welt absoluter Raffinesse mit diesem <strong>Laguiole Forge de Laguiole Bimaterial-Sommelier<\/strong> \u2013 einer au\u00dfergew\u00f6hnlichen Kreation, bei der der Adel der Edelh\u00f6lzer auf die Exzellenz franz\u00f6sischer Handwerkskunst trifft. Entworfen f\u00fcr anspruchsvolle Weinliebhaber und Sammler, verk\u00f6rpert dieser Sommelier Eleganz, Pr\u00e4zision und Prestige.<\/p>\n<h3>\ud83c\udf77 Ein erstklassiger und einzigartiger Laguiole-Sommelier<\/h3>\n<p>Dieser <strong>Laguiole-Damascus-Sommelier aus Edelstahl<\/strong> zeichnet sich durch seinen <strong>zweiteiligen Griff aus Palisander und Ebenholz<\/strong> aus, eine subtile Verbindung zweier edler Essenzen mit tiefen Kontrasten. Ihre nat\u00fcrlichen Farbt\u00f6ne werden durch eine <strong>gl\u00e4nzende Edelstahlverkleidung<\/strong> verst\u00e4rkt, die eine elegante Trennung schafft, die den Reichtum jedes Holzes hervorhebt.<\/p>\n<p>Jedes St\u00fcck ist einzigartig und zeigt die nat\u00fcrlichen Adern und die authentische Sch\u00f6nheit der Materialien.<\/p>\n<h3>\u2728 Au\u00dfergew\u00f6hnliche handgefertigte Oberfl\u00e4chen<\/h3>\n<p>Die <strong>geschmiedete und vollst\u00e4ndig handgemei\u00dfelte Feder<\/strong> zeugt von au\u00dfergew\u00f6hnlicher Handwerkskunst. Die <strong>Teller, oben und unten fein gemei\u00dfelt<\/strong>, bringen ein seltenes Ma\u00df an Detailgenauigkeit, das Kennzeichen gro\u00dfartiger Besteckkunst.<\/p>\n<p>Der fein gefertigte <strong>Prestige geschmiedete Fliege<\/strong> unterstreicht den luxuri\u00f6sen Charakter dieses Sommeliers.<\/p>\n<p>Der <strong>gl\u00e4nzende Edelstahlmantel,<\/strong> graviert mit <strong>Traubenstr\u00e4uben<\/strong>, ruft die Welt des Weins mit Eleganz und Raffinesse herauf.<\/p>\n<h3>\ud83d\udd2a Munin Damaskusklinge aus Edelstahl und pr\u00e4zise Anwendung<\/h3>\n<p>Die <strong>Munin Damaskusklinge aus Edelstahl<\/strong> mit einer <strong>\u00d6ffnungslasche<\/strong> bietet einen sauberen, pr\u00e4zisen Schnitt und zeigt subtile Damastmuster.<\/p>\n<p>Die <strong>gl\u00e4nzende Edelstahlranke<\/strong>, robust und perfekt gestaltet, garantiert eine glatte Extraktion des Korkens, was f\u00fcr eine erfolgreiche Verkostung unerl\u00e4sslich ist.<\/p>\n<p>Eine perfekte Balance zwischen \u00c4sthetik und professioneller Leistung.<\/p>\n<h3>\ud83c\uddeb\ud83c\uddf7 Franz\u00f6sische Handwerkskunst \u2013 Forge de Laguiole<\/h3>\n<p>Dieser <strong>Laguiole-handwerkliche Sommelier,<\/strong> hergestellt in Frankreich, ist das Ergebnis sorgf\u00e4ltiger Arbeit leidenschaftlicher Handwerker. Jedes Detail ist handgefertigt und sorgt f\u00fcr tadellose Qualit\u00e4t und au\u00dfergew\u00f6hnliche Haltbarkeit.<\/p>\n<h3>\ud83c\udf81 Ein angesehener Sommelier, den man anbieten oder verzichten kann<\/h3>\n<p>In einer <strong>eleganten Schachtel<\/strong> pr\u00e4sentiert, ist dieser Sommelier ideal f\u00fcr:<\/p>\n<ul data-spread=\"false\">\n<li>Liebhaber gro\u00dfartiger Weine<\/li>\n<li>Professioneller Sommelier<\/li>\n<li>Luxusgeschenk<\/li>\n<li>Sammler seltener M\u00fcnzen<\/li>\n<\/ul>\n<div contenteditable=\"false\">\n<hr \/>\n<\/div>\n<h3>\u2b50 Warum diesen Laguiole Bimaterial-Sommelier w\u00e4hlen?<\/h3>\n<ul data-spread=\"false\">\n<li>Palisander- und Ebenholz-Griff mit gl\u00e4nzender Edelstahlverkleidung<\/li>\n<li>Munin Damascus-Klinge aus Edelstahl mit \u00d6ffnungslasche<\/li>\n<li>Handgemei\u00dfelte Federn und Platten<\/li>\n<li>Premium Prestige Schmiedeflug<\/li>\n<li>Eingravierte Traubenb\u00fcschel<\/li>\n<li>Franz\u00f6sische handgefertigte Forge de Laguiole<\/li>\n<\/ul>\n<div contenteditable=\"false\">\n<hr \/>\n<\/div>\n<p>G\u00f6nnen Sie sich einen <strong>au\u00dfergew\u00f6hnlichen Laguiole-Sommelier,<\/strong> eine perfekte Kombination aus Design, Tradition und Leistung, um jeden Moment der Verkostung zu bereichern.<\/p>\n","protected":false},"excerpt":{"rendered":"<p>Sommelier Forge de Laguiole Prestige-Grip<br \/>\n: Bi-Material Ebenholz\/Palisander, abgegrenzt durch gl\u00e4nzende<br \/>\nEdelstahlkanten, Prestige-Fliege von Hand<br \/>\ngeschmiedet und fein gemei\u00dfelt Federgemei\u00dfel, handgemei\u00dfelt Edelstahl,<br \/>\nhandgemei\u00dfelte Platten, gl\u00e4nzender<br \/>\nEdelstahl, Kleines Messer und Flaschen\u00f6ffner aus Damascus, Munin,<br \/>\nEdelstahl, Ranken, gl\u00e4nzend<br \/>\nund glatt<\/p>\n<p>, L\u00e4nge: 12 cm<br \/>\n, Gewicht: 118 grs.<\/p>\n","protected":false},"featured_media":53516,"template":"","meta":{"_acf_changed":false,"_monsterinsights_skip_tracking":false,"_monsterinsights_sitenote_active":false,"_monsterinsights_sitenote_note":"","_monsterinsights_sitenote_category":0},"product_brand":[],"product_cat":[5962],"product_tag":[],"class_list":{"0":"post-53419","1":"product","2":"type-product","3":"status-publish","4":"has-post-thumbnail","6":"product_cat-kellnermesser","7":"pa_finition-brillant","8":"pa_manche-en-bois-ebenholz","9":"pa_manche-en-bois-palisander","10":"pa_marque-forge-de-laguiole","11":"pa_mitres-2-gehrungen","12":"pa_mitres-glaenzender-edelstahl","13":"pa_mouche-geschmiedet","14":"pa_mouche-prestige","15":"pa_ressort-guilloche","16":"tm-has-options","19":"instock","20":"taxable","21":"shipping-taxable","22":"purchasable","23":"product-type-simple"},"supplier_id":null,"supplier_sku":"","barcode":null,"atum_controlled":true,"out_stock_date":null,"out_stock_threshold":null,"inheritable":false,"inbound_stock":0,"stock_on_hold":0,"sold_today":0,"sales_last_days":0,"reserved_stock":0,"customer_returns":0,"warehouse_damage":0,"lost_in_post":0,"other_logs":0,"out_stock_days":0,"lost_sales":0,"has_location":false,"update_date":"2026-05-14T01:04:23","atum_locations":[],"atum_stock_status":"instock","restock_status":false,"low_stock_amount":"","sales_update_date":"2026-05-14T01:04:23","calc_backorders":0,"acf":[],"yoast_head":"<!-- This site is optimized with the Yoast SEO plugin v27.6 - https:\/\/yoast.com\/product\/yoast-seo-wordpress\/ -->\n<title>Laguiole Damascus Rosenholz &amp; Ebenholz-Damascus Munin Sommelier<\/title>\n<meta name=\"description\" content=\"Laguiole Damascus Edelstahl-Sommelier Forge de Laguiole, Palisander- und Ebenholz-Griff, gemei\u00dfelte handwerkliche Oberfl\u00e4chen. High-End-Modell aus Frankreich.\" \/>\n<meta name=\"robots\" content=\"index, follow, max-snippet:-1, max-image-preview:large, max-video-preview:-1\" \/>\n<link rel=\"canonical\" href=\"https:\/\/laguiole.com\/de\/produit\/sommelier-forge-de-laguiole-prestige-in-weis-mammut-elfenbein-herz-feder-und-handgemeiselte-teller-damastmesser-munin-gabel-pinot-mouche-prestige-3\/\" \/>\n<meta property=\"og:locale\" content=\"de_DE\" \/>\n<meta property=\"og:type\" content=\"article\" \/>\n<meta property=\"og:title\" content=\"Laguiole Damascus Rosenholz &amp; Ebenholz-Damascus Munin Sommelier\" \/>\n<meta property=\"og:description\" content=\"Laguiole Damascus Edelstahl-Sommelier Forge de Laguiole, Palisander- und Ebenholz-Griff, gemei\u00dfelte handwerkliche Oberfl\u00e4chen. High-End-Modell aus Frankreich.\" \/>\n<meta property=\"og:url\" content=\"https:\/\/laguiole.com\/de\/produit\/sommelier-forge-de-laguiole-prestige-in-weis-mammut-elfenbein-herz-feder-und-handgemeiselte-teller-damastmesser-munin-gabel-pinot-mouche-prestige-3\/\" \/>\n<meta property=\"og:site_name\" content=\"Laguiole.com \u00ae\" \/>\n<meta property=\"article:publisher\" content=\"https:\/\/www.facebook.com\/laguiolecom\/\" \/>\n<meta property=\"article:modified_time\" content=\"2026-05-13T17:12:42+00:00\" \/>\n<meta property=\"og:image\" content=\"https:\/\/laguiole.com\/wp-content\/uploads\/2026\/05\/Sommelier_Forge_de_Laguiole_Prestige_Bi-Matiere_Ebene_Bois_de_Rose_Couteau_Damas_Grappe_de_Raisin_00jpg.jpg\" \/>\n\t<meta property=\"og:image:width\" content=\"1033\" \/>\n\t<meta property=\"og:image:height\" content=\"1033\" \/>\n\t<meta property=\"og:image:type\" content=\"image\/jpeg\" \/>\n<meta name=\"twitter:card\" content=\"summary_large_image\" \/>\n<meta name=\"twitter:label1\" content=\"Gesch\u00e4tzte Lesezeit\" \/>\n\t<meta name=\"twitter:data1\" content=\"2\u00a0Minute\" \/>\n<script type=\"application\/ld+json\" class=\"yoast-schema-graph\">{\"@context\":\"https:\\\/\\\/schema.org\",\"@graph\":[{\"@type\":\"WebPage\",\"@id\":\"https:\\\/\\\/laguiole.com\\\/de\\\/produit\\\/sommelier-forge-de-laguiole-prestige-in-weis-mammut-elfenbein-herz-feder-und-handgemeiselte-teller-damastmesser-munin-gabel-pinot-mouche-prestige-3\\\/\",\"url\":\"https:\\\/\\\/laguiole.com\\\/de\\\/produit\\\/sommelier-forge-de-laguiole-prestige-in-weis-mammut-elfenbein-herz-feder-und-handgemeiselte-teller-damastmesser-munin-gabel-pinot-mouche-prestige-3\\\/\",\"name\":\"Laguiole Damascus Rosenholz & Ebenholz-Damascus Munin Sommelier\",\"isPartOf\":{\"@id\":\"https:\\\/\\\/laguiole.com\\\/de\\\/#website\"},\"primaryImageOfPage\":{\"@id\":\"https:\\\/\\\/laguiole.com\\\/de\\\/produit\\\/sommelier-forge-de-laguiole-prestige-in-weis-mammut-elfenbein-herz-feder-und-handgemeiselte-teller-damastmesser-munin-gabel-pinot-mouche-prestige-3\\\/#primaryimage\"},\"image\":{\"@id\":\"https:\\\/\\\/laguiole.com\\\/de\\\/produit\\\/sommelier-forge-de-laguiole-prestige-in-weis-mammut-elfenbein-herz-feder-und-handgemeiselte-teller-damastmesser-munin-gabel-pinot-mouche-prestige-3\\\/#primaryimage\"},\"thumbnailUrl\":\"https:\\\/\\\/laguiole.com\\\/wp-content\\\/uploads\\\/2026\\\/05\\\/Sommelier_Forge_de_Laguiole_Prestige_Bi-Matiere_Ebene_Bois_de_Rose_Couteau_Damas_Grappe_de_Raisin_00jpg.jpg\",\"datePublished\":\"2026-05-06T11:30:43+00:00\",\"dateModified\":\"2026-05-13T17:12:42+00:00\",\"description\":\"Laguiole Damascus Edelstahl-Sommelier Forge de Laguiole, Palisander- und Ebenholz-Griff, gemei\u00dfelte handwerkliche Oberfl\u00e4chen. High-End-Modell aus Frankreich.\",\"breadcrumb\":{\"@id\":\"https:\\\/\\\/laguiole.com\\\/de\\\/produit\\\/sommelier-forge-de-laguiole-prestige-in-weis-mammut-elfenbein-herz-feder-und-handgemeiselte-teller-damastmesser-munin-gabel-pinot-mouche-prestige-3\\\/#breadcrumb\"},\"inLanguage\":\"de\",\"potentialAction\":[{\"@type\":\"ReadAction\",\"target\":[\"https:\\\/\\\/laguiole.com\\\/de\\\/produit\\\/sommelier-forge-de-laguiole-prestige-in-weis-mammut-elfenbein-herz-feder-und-handgemeiselte-teller-damastmesser-munin-gabel-pinot-mouche-prestige-3\\\/\"]}]},{\"@type\":\"ImageObject\",\"inLanguage\":\"de\",\"@id\":\"https:\\\/\\\/laguiole.com\\\/de\\\/produit\\\/sommelier-forge-de-laguiole-prestige-in-weis-mammut-elfenbein-herz-feder-und-handgemeiselte-teller-damastmesser-munin-gabel-pinot-mouche-prestige-3\\\/#primaryimage\",\"url\":\"https:\\\/\\\/laguiole.com\\\/wp-content\\\/uploads\\\/2026\\\/05\\\/Sommelier_Forge_de_Laguiole_Prestige_Bi-Matiere_Ebene_Bois_de_Rose_Couteau_Damas_Grappe_de_Raisin_00jpg.jpg\",\"contentUrl\":\"https:\\\/\\\/laguiole.com\\\/wp-content\\\/uploads\\\/2026\\\/05\\\/Sommelier_Forge_de_Laguiole_Prestige_Bi-Matiere_Ebene_Bois_de_Rose_Couteau_Damas_Grappe_de_Raisin_00jpg.jpg\",\"width\":1033,\"height\":1033,\"caption\":\"Sommelier Forge de Laguiole Prestige en Bi Mati\u00e8re Eb\u00e8ne\\\/Bois de Rose Ressort et Platines Guilloch\u00e9s \u00e0 la main Couteau en Damas Inox Munin Chape Grappe de Raisin Mouche Prestige\"},{\"@type\":\"BreadcrumbList\",\"@id\":\"https:\\\/\\\/laguiole.com\\\/de\\\/produit\\\/sommelier-forge-de-laguiole-prestige-in-weis-mammut-elfenbein-herz-feder-und-handgemeiselte-teller-damastmesser-munin-gabel-pinot-mouche-prestige-3\\\/#breadcrumb\",\"itemListElement\":[{\"@type\":\"ListItem\",\"position\":1,\"name\":\"Accueil\",\"item\":\"https:\\\/\\\/laguiole.com\\\/de\\\/\"},{\"@type\":\"ListItem\",\"position\":2,\"name\":\"Shop\",\"item\":\"https:\\\/\\\/laguiole.com\\\/de\\\/shop-2\\\/\"},{\"@type\":\"ListItem\",\"position\":3,\"name\":\"Sommelier Forge de Laguiole Prestige aus Bi-Material, Ebenholz\\\/Rosenholz, Fr\u00fchling und Hand-Guilloch\u00e9 Teller, Damaskusmesser, Munin Clevis, Traubenb\u00fcsch, Fliege Prestige\"}]},{\"@type\":\"WebSite\",\"@id\":\"https:\\\/\\\/laguiole.com\\\/de\\\/#website\",\"url\":\"https:\\\/\\\/laguiole.com\\\/de\\\/\",\"name\":\"Laguiole.com\",\"description\":\"Laguiole - Couteau laguiole, Chateau Laguiole, Laguiole en Aubrac, Forge de Laguiole\",\"publisher\":{\"@id\":\"https:\\\/\\\/laguiole.com\\\/de\\\/#organization\"},\"potentialAction\":[{\"@type\":\"SearchAction\",\"target\":{\"@type\":\"EntryPoint\",\"urlTemplate\":\"https:\\\/\\\/laguiole.com\\\/de\\\/?s={search_term_string}\"},\"query-input\":{\"@type\":\"PropertyValueSpecification\",\"valueRequired\":true,\"valueName\":\"search_term_string\"}}],\"inLanguage\":\"de\"},{\"@type\":\"Organization\",\"@id\":\"https:\\\/\\\/laguiole.com\\\/de\\\/#organization\",\"name\":\"Laguiole.com\",\"url\":\"https:\\\/\\\/laguiole.com\\\/de\\\/\",\"logo\":{\"@type\":\"ImageObject\",\"inLanguage\":\"de\",\"@id\":\"https:\\\/\\\/laguiole.com\\\/de\\\/#\\\/schema\\\/logo\\\/image\\\/\",\"url\":\"https:\\\/\\\/laguiole.com\\\/wp-content\\\/uploads\\\/2021\\\/02\\\/logo_laguiole.com-horizontal.jpg\",\"contentUrl\":\"https:\\\/\\\/laguiole.com\\\/wp-content\\\/uploads\\\/2021\\\/02\\\/logo_laguiole.com-horizontal.jpg\",\"width\":490,\"height\":156,\"caption\":\"Laguiole.com\"},\"image\":{\"@id\":\"https:\\\/\\\/laguiole.com\\\/de\\\/#\\\/schema\\\/logo\\\/image\\\/\"},\"sameAs\":[\"https:\\\/\\\/www.facebook.com\\\/laguiolecom\\\/\",\"https:\\\/\\\/www.instagram.com\\\/laguiolecom\\\/\",\"https:\\\/\\\/www.youtube.com\\\/@laguiolecom\\\/videos\"]}]}<\/script>\n<!-- \/ Yoast SEO plugin. -->","yoast_head_json":{"title":"Laguiole Damascus Rosenholz & Ebenholz-Damascus Munin Sommelier","description":"Laguiole Damascus Edelstahl-Sommelier Forge de Laguiole, Palisander- und Ebenholz-Griff, gemei\u00dfelte handwerkliche Oberfl\u00e4chen. High-End-Modell aus Frankreich.","robots":{"index":"index","follow":"follow","max-snippet":"max-snippet:-1","max-image-preview":"max-image-preview:large","max-video-preview":"max-video-preview:-1"},"canonical":"https:\/\/laguiole.com\/de\/produit\/sommelier-forge-de-laguiole-prestige-in-weis-mammut-elfenbein-herz-feder-und-handgemeiselte-teller-damastmesser-munin-gabel-pinot-mouche-prestige-3\/","og_locale":"de_DE","og_type":"article","og_title":"Laguiole Damascus Rosenholz & Ebenholz-Damascus Munin Sommelier","og_description":"Laguiole Damascus Edelstahl-Sommelier Forge de Laguiole, Palisander- und Ebenholz-Griff, gemei\u00dfelte handwerkliche Oberfl\u00e4chen. High-End-Modell aus Frankreich.","og_url":"https:\/\/laguiole.com\/de\/produit\/sommelier-forge-de-laguiole-prestige-in-weis-mammut-elfenbein-herz-feder-und-handgemeiselte-teller-damastmesser-munin-gabel-pinot-mouche-prestige-3\/","og_site_name":"Laguiole.com \u00ae","article_publisher":"https:\/\/www.facebook.com\/laguiolecom\/","article_modified_time":"2026-05-13T17:12:42+00:00","og_image":[{"width":1033,"height":1033,"url":"https:\/\/laguiole.com\/wp-content\/uploads\/2026\/05\/Sommelier_Forge_de_Laguiole_Prestige_Bi-Matiere_Ebene_Bois_de_Rose_Couteau_Damas_Grappe_de_Raisin_00jpg.jpg","type":"image\/jpeg"}],"twitter_card":"summary_large_image","twitter_misc":{"Gesch\u00e4tzte Lesezeit":"2\u00a0Minute"},"schema":{"@context":"https:\/\/schema.org","@graph":[{"@type":"WebPage","@id":"https:\/\/laguiole.com\/de\/produit\/sommelier-forge-de-laguiole-prestige-in-weis-mammut-elfenbein-herz-feder-und-handgemeiselte-teller-damastmesser-munin-gabel-pinot-mouche-prestige-3\/","url":"https:\/\/laguiole.com\/de\/produit\/sommelier-forge-de-laguiole-prestige-in-weis-mammut-elfenbein-herz-feder-und-handgemeiselte-teller-damastmesser-munin-gabel-pinot-mouche-prestige-3\/","name":"Laguiole Damascus Rosenholz & Ebenholz-Damascus Munin Sommelier","isPartOf":{"@id":"https:\/\/laguiole.com\/de\/#website"},"primaryImageOfPage":{"@id":"https:\/\/laguiole.com\/de\/produit\/sommelier-forge-de-laguiole-prestige-in-weis-mammut-elfenbein-herz-feder-und-handgemeiselte-teller-damastmesser-munin-gabel-pinot-mouche-prestige-3\/#primaryimage"},"image":{"@id":"https:\/\/laguiole.com\/de\/produit\/sommelier-forge-de-laguiole-prestige-in-weis-mammut-elfenbein-herz-feder-und-handgemeiselte-teller-damastmesser-munin-gabel-pinot-mouche-prestige-3\/#primaryimage"},"thumbnailUrl":"https:\/\/laguiole.com\/wp-content\/uploads\/2026\/05\/Sommelier_Forge_de_Laguiole_Prestige_Bi-Matiere_Ebene_Bois_de_Rose_Couteau_Damas_Grappe_de_Raisin_00jpg.jpg","datePublished":"2026-05-06T11:30:43+00:00","dateModified":"2026-05-13T17:12:42+00:00","description":"Laguiole Damascus Edelstahl-Sommelier Forge de Laguiole, Palisander- und Ebenholz-Griff, gemei\u00dfelte handwerkliche Oberfl\u00e4chen. High-End-Modell aus Frankreich.","breadcrumb":{"@id":"https:\/\/laguiole.com\/de\/produit\/sommelier-forge-de-laguiole-prestige-in-weis-mammut-elfenbein-herz-feder-und-handgemeiselte-teller-damastmesser-munin-gabel-pinot-mouche-prestige-3\/#breadcrumb"},"inLanguage":"de","potentialAction":[{"@type":"ReadAction","target":["https:\/\/laguiole.com\/de\/produit\/sommelier-forge-de-laguiole-prestige-in-weis-mammut-elfenbein-herz-feder-und-handgemeiselte-teller-damastmesser-munin-gabel-pinot-mouche-prestige-3\/"]}]},{"@type":"ImageObject","inLanguage":"de","@id":"https:\/\/laguiole.com\/de\/produit\/sommelier-forge-de-laguiole-prestige-in-weis-mammut-elfenbein-herz-feder-und-handgemeiselte-teller-damastmesser-munin-gabel-pinot-mouche-prestige-3\/#primaryimage","url":"https:\/\/laguiole.com\/wp-content\/uploads\/2026\/05\/Sommelier_Forge_de_Laguiole_Prestige_Bi-Matiere_Ebene_Bois_de_Rose_Couteau_Damas_Grappe_de_Raisin_00jpg.jpg","contentUrl":"https:\/\/laguiole.com\/wp-content\/uploads\/2026\/05\/Sommelier_Forge_de_Laguiole_Prestige_Bi-Matiere_Ebene_Bois_de_Rose_Couteau_Damas_Grappe_de_Raisin_00jpg.jpg","width":1033,"height":1033,"caption":"Sommelier Forge de Laguiole Prestige en Bi Mati\u00e8re Eb\u00e8ne\/Bois de Rose Ressort et Platines Guilloch\u00e9s \u00e0 la main Couteau en Damas Inox Munin Chape Grappe de Raisin Mouche Prestige"},{"@type":"BreadcrumbList","@id":"https:\/\/laguiole.com\/de\/produit\/sommelier-forge-de-laguiole-prestige-in-weis-mammut-elfenbein-herz-feder-und-handgemeiselte-teller-damastmesser-munin-gabel-pinot-mouche-prestige-3\/#breadcrumb","itemListElement":[{"@type":"ListItem","position":1,"name":"Accueil","item":"https:\/\/laguiole.com\/de\/"},{"@type":"ListItem","position":2,"name":"Shop","item":"https:\/\/laguiole.com\/de\/shop-2\/"},{"@type":"ListItem","position":3,"name":"Sommelier Forge de Laguiole Prestige aus Bi-Material, Ebenholz\/Rosenholz, Fr\u00fchling und Hand-Guilloch\u00e9 Teller, Damaskusmesser, Munin Clevis, Traubenb\u00fcsch, Fliege Prestige"}]},{"@type":"WebSite","@id":"https:\/\/laguiole.com\/de\/#website","url":"https:\/\/laguiole.com\/de\/","name":"Laguiole.com","description":"Laguiole - Couteau laguiole, Chateau Laguiole, Laguiole en Aubrac, Forge de Laguiole","publisher":{"@id":"https:\/\/laguiole.com\/de\/#organization"},"potentialAction":[{"@type":"SearchAction","target":{"@type":"EntryPoint","urlTemplate":"https:\/\/laguiole.com\/de\/?s={search_term_string}"},"query-input":{"@type":"PropertyValueSpecification","valueRequired":true,"valueName":"search_term_string"}}],"inLanguage":"de"},{"@type":"Organization","@id":"https:\/\/laguiole.com\/de\/#organization","name":"Laguiole.com","url":"https:\/\/laguiole.com\/de\/","logo":{"@type":"ImageObject","inLanguage":"de","@id":"https:\/\/laguiole.com\/de\/#\/schema\/logo\/image\/","url":"https:\/\/laguiole.com\/wp-content\/uploads\/2021\/02\/logo_laguiole.com-horizontal.jpg","contentUrl":"https:\/\/laguiole.com\/wp-content\/uploads\/2021\/02\/logo_laguiole.com-horizontal.jpg","width":490,"height":156,"caption":"Laguiole.com"},"image":{"@id":"https:\/\/laguiole.com\/de\/#\/schema\/logo\/image\/"},"sameAs":["https:\/\/www.facebook.com\/laguiolecom\/","https:\/\/www.instagram.com\/laguiolecom\/","https:\/\/www.youtube.com\/@laguiolecom\/videos"]}]}},"_links":{"self":[{"href":"https:\/\/laguiole.com\/de\/wp-json\/wp\/v2\/product\/53419","targetHints":{"allow":["GET"]}}],"collection":[{"href":"https:\/\/laguiole.com\/de\/wp-json\/wp\/v2\/product"}],"about":[{"href":"https:\/\/laguiole.com\/de\/wp-json\/wp\/v2\/types\/product"}],"version-history":[{"count":2,"href":"https:\/\/laguiole.com\/de\/wp-json\/wp\/v2\/product\/53419\/revisions"}],"predecessor-version":[{"id":53892,"href":"https:\/\/laguiole.com\/de\/wp-json\/wp\/v2\/product\/53419\/revisions\/53892"}],"wp:featuredmedia":[{"embeddable":true,"href":"https:\/\/laguiole.com\/de\/wp-json\/wp\/v2\/media\/53516"}],"wp:attachment":[{"href":"https:\/\/laguiole.com\/de\/wp-json\/wp\/v2\/media?parent=53419"}],"wp:term":[{"taxonomy":"product_brand","embeddable":true,"href":"https:\/\/laguiole.com\/de\/wp-json\/wp\/v2\/product_brand?post=53419"},{"taxonomy":"product_cat","embeddable":true,"href":"https:\/\/laguiole.com\/de\/wp-json\/wp\/v2\/product_cat?post=53419"},{"taxonomy":"product_tag","embeddable":true,"href":"https:\/\/laguiole.com\/de\/wp-json\/wp\/v2\/product_tag?post=53419"}],"curies":[{"name":"wp","href":"https:\/\/api.w.org\/{rel}","templated":true}]}}