{"id":53365,"date":"2026-05-04T15:10:39","date_gmt":"2026-05-04T13:10:39","guid":{"rendered":"https:\/\/laguiole.com\/?post_type=product&#038;p=53365"},"modified":"2026-05-04T15:24:40","modified_gmt":"2026-05-04T13:24:40","slug":"golfermesser-schmiede-von-laguiole-in-dark-horn-point-mit-bolstern-und-platten-messing-guilloche-spring-copie","status":"publish","type":"product","link":"https:\/\/laguiole.com\/de\/produit\/golfermesser-schmiede-von-laguiole-in-dark-horn-point-mit-bolstern-und-platten-messing-guilloche-spring-copie\/","title":{"rendered":"Golfer&#8217;s Knife Forge de Laguiole mit klarer Hornspitze mit Bolstern und Platten Messing-Guilloch\u00e9 Feder"},"content":{"rendered":"<hr data-start=\"1774\" data-end=\"1777\">\n<h2 data-section-id=\"vtd7cw\" data-start=\"245\" data-end=\"332\">\ud83c\udfcc\ufe0f \u2642\ufe0f Clear Horn Golfer&#8217;s Knife \u2013 Integrierte Pitch-Relief- und Messingoberfl\u00e4chen<\/h2>\n<p data-start=\"334\" data-end=\"597\">Das <strong data-start=\"337\" data-end=\"375\">Klarhorn-Golfermesser <\/strong>ist ein unverzichtbares Accessoire, um die Gr\u00fcns zu erhalten und dabei Eleganz, Haltbarkeit und Praktikabilit\u00e4t zu vereinen. Sowohl kompakt als auch funktional begleitet er effektiv alle Golfbegeisterten auf dem Platz. <\/p>\n<h3 data-section-id=\"11vtp2m\" data-start=\"599\" data-end=\"640\">\u26f3 Wof\u00fcr wird ein Golfermesser verwendet?<\/h3>\n<p data-start=\"641\" data-end=\"970\">Das <strong data-start=\"644\" data-end=\"682\">Clear Horn Golfer&#8217;s Knife<\/strong> verf\u00fcgt \u00fcber einen <strong data-start=\"694\" data-end=\"710\">Pitch Lifter<\/strong>, ein unverzichtbares Werkzeug, das es erm\u00f6glicht, <strong data-start=\"745\" data-end=\"804\">Ballschl\u00e4ge auf dem Gr\u00fcn sofort zu reparieren<\/strong>. Auf diese Weise tragen Sie aktiv zur Erhaltung der Qualit\u00e4t des Landes bei. Au\u00dferdem respektieren Sie die Regeln und die Etikette des Golfs, die f\u00fcr gutes Training unerl\u00e4sslich sind.  <\/p>\n<h3 data-section-id=\"rhyj1k\" data-start=\"972\" data-end=\"1013\">\u2728 Ein einzigartiger nat\u00fcrlicher Horngriff<\/h3>\n<p data-start=\"1014\" data-end=\"1208\">Der Hersteller gestaltet den Griff mit <strong data-start=\"1048\" data-end=\"1074\">Hornspitze <\/strong>, einem edlen und authentischen Naturmaterial. Daher hat <strong data-start=\"1143\" data-end=\"1181\">das Messer jedes Horn-Golfers<\/strong> ein einzigartiges Aussehen. <\/p>\n<p data-start=\"1210\" data-end=\"1242\">Tats\u00e4chlich kann das Horn variieren:<\/p>\n<ul data-start=\"1243\" data-end=\"1409\">\n<li data-section-id=\"80dmt8\" data-start=\"1243\" data-end=\"1295\">in einem sehr klaren, manchmal fast durchsichtigen Ton<\/li>\n<li data-section-id=\"fqokfo\" data-start=\"1296\" data-end=\"1354\">Zu dunkleren T\u00f6nen, die bis hin zu Schwarz reichen k\u00f6nnen<\/li>\n<li data-section-id=\"14lq74e\" data-start=\"1355\" data-end=\"1409\">mit zus\u00e4tzlich dezenten leichteren F\u00e4den<\/li>\n<\/ul>\n<p data-start=\"1411\" data-end=\"1547\">So schaffen diese nat\u00fcrlichen Variationen ein lebendiges und elegantes Aussehen. \ud83d\udc49 <strong data-start=\"1482\" data-end=\"1547\">Jedes Messer hat daher seine eigene und exklusive Identit\u00e4t.<\/strong> <\/p>\n<h3 data-section-id=\"1kgbz0k\" data-start=\"1549\" data-end=\"1595\">\ud83d\udd27 Hochwertige Oberfl\u00e4chen und Handwerkskunst<\/h3>\n<p data-start=\"1596\" data-end=\"1738\">Dieses <strong data-start=\"1599\" data-end=\"1637\">Horn-Golfer-Messer<\/strong> zeichnet sich auch durch seine sorgf\u00e4ltigen Oberfl\u00e4chen aus, die seine hochwertige Positionierung unterstreichen:<\/p>\n<ul data-start=\"1739\" data-end=\"1899\">\n<li data-section-id=\"1ccg8d1\" data-start=\"1739\" data-end=\"1784\">Messing verst\u00e4rkt <strong data-start=\"1751\" data-end=\"1782\">mit einem gl\u00e4nzenden Finish<\/strong><\/li>\n<li data-section-id=\"1980lkt\" data-start=\"1785\" data-end=\"1805\">Messingnieten<\/li>\n<li data-section-id=\"2heg97\" data-start=\"1806\" data-end=\"1846\"><strong data-start=\"1808\" data-end=\"1829\">Pr\u00e4zisions-Guilloch\u00e9-Feder<\/strong><\/li>\n<li data-section-id=\"gzg932\" data-start=\"1847\" data-end=\"1899\">Kompakte Gr\u00f6\u00dfe, bequem und leicht zu transportieren<\/li>\n<\/ul>\n<p data-start=\"1901\" data-end=\"2005\">Dadurch bietet das Ganze eine perfekte Balance zwischen \u00c4sthetik, Robustheit und Gebrauchskomfort.<\/p>\n<h3 data-section-id=\"zejomh\" data-start=\"2007\" data-end=\"2061\">\ud83c\udf81 Ein langlebiges Accessoire und eine ideale Geschenkidee<\/h3>\n<p data-start=\"2062\" data-end=\"2319\">Dank der Qualit\u00e4t seiner Materialien und des funktionalen Designs begleitet Sie dieses <strong data-start=\"2130\" data-end=\"2168\">Klarhorn-Golfermesser<\/strong> dauerhaft auf allen Pl\u00e4tzen. Au\u00dferdem macht die <strong data-start=\"2234\" data-end=\"2254\">ordentliche Verpackung<\/strong> es zu einer gro\u00dfartigen Geschenkidee f\u00fcr jeden Golfbegeisterten. <\/p>\n<p data-start=\"2321\" data-end=\"2544\">\u26a0\ufe0f Da die verwendeten Materialien nat\u00fcrlichen Ursprungs sind, k\u00f6nnen Farbe, Maserung und Maserung von Modell zu Modell variieren. Daher bleibt jedes St\u00fcck einzigartig und die Fotos sind nicht vertragsgebunden. <\/p>\n","protected":false},"excerpt":{"rendered":"<p>Forge de Laguiole<br \/>\nGolfermesser Klarer Hornspitzengriff<br \/>\nMessingplatten<br \/>\n3 Messingnieten auf beiden Seiten<br \/>\nGl\u00e4nzende<br \/>\nEdelstahl-Guilloc\u00e9-Feder Gl\u00e4nzende Edelstahlklinge mit \u00f6ffnender Lasche und abgerundeter<br \/>\nSpitze Gl\u00e4nzender<\/p>\n<p>Edelstahl-Schlitz Griffgr\u00f6\u00dfe: 9,5 cm<br \/>\nKlingengr\u00f6\u00dfe: 6,5 cm<br \/>\nGesamt offene Gr\u00f6\u00dfe: 16 cm<br \/>\nGewicht:  60 Gramm<\/p>\n","protected":false},"featured_media":0,"template":"","meta":{"_acf_changed":false,"_monsterinsights_skip_tracking":false,"_monsterinsights_sitenote_active":false,"_monsterinsights_sitenote_note":"","_monsterinsights_sitenote_category":0},"product_brand":[],"product_cat":[5937],"product_tag":[],"class_list":{"0":"post-53365","1":"product","2":"type-product","3":"status-publish","5":"product_cat-laguiole-zigarrenschneider-und-pfeifenstopfer","6":"pa_composition-couteau-1-stueck-nur-klinge","7":"pa_finition-brillant","8":"pa_lame-glaenzender-edelstahl","9":"pa_manche-en-matiere-animale-hornspitze","10":"pa_marque-forge-de-laguiole","11":"pa_mitres-2-gehrungen","12":"pa_mitres-glaenzendes-messing","13":"pa_platines-einzelplatin","14":"pa_platines-messing","15":"pa_ressort-guilloche","16":"tm-has-options","19":"instock","20":"taxable","21":"shipping-taxable","22":"purchasable","23":"product-type-simple"},"supplier_id":null,"supplier_sku":"","barcode":null,"atum_controlled":true,"out_stock_date":null,"out_stock_threshold":null,"inheritable":false,"inbound_stock":0,"stock_on_hold":0,"sold_today":0,"sales_last_days":0,"reserved_stock":0,"customer_returns":0,"warehouse_damage":0,"lost_in_post":0,"other_logs":0,"out_stock_days":0,"lost_sales":0,"has_location":false,"update_date":"2026-05-09T00:56:17","atum_locations":[],"atum_stock_status":"instock","restock_status":false,"low_stock_amount":"","sales_update_date":"2026-05-09T00:56:17","calc_backorders":null,"acf":[],"yoast_head":"<!-- This site is optimized with the Yoast SEO plugin v27.3 - https:\/\/yoast.com\/product\/yoast-seo-wordpress\/ -->\n<title>Golfermesser im klaren Horn \u2013 Golf-Pitch-Lifter<\/title>\n<meta name=\"description\" content=\"Durchsichtiges Golfermesser mit integriertem Pitch Lifter. Einzigartiger nat\u00fcrlicher Horngriff, stilvolles und langlebiges Golfzubeh\u00f6r.\" \/>\n<meta name=\"robots\" content=\"index, follow, max-snippet:-1, max-image-preview:large, max-video-preview:-1\" \/>\n<link rel=\"canonical\" href=\"https:\/\/laguiole.com\/de\/produit\/golfermesser-schmiede-von-laguiole-in-dark-horn-point-mit-bolstern-und-platten-messing-guilloche-spring-copie\/\" \/>\n<meta property=\"og:locale\" content=\"de_DE\" \/>\n<meta property=\"og:type\" content=\"article\" \/>\n<meta property=\"og:title\" content=\"Golfermesser im klaren Horn \u2013 Golf-Pitch-Lifter\" \/>\n<meta property=\"og:description\" content=\"Durchsichtiges Golfermesser mit integriertem Pitch Lifter. Einzigartiger nat\u00fcrlicher Horngriff, stilvolles und langlebiges Golfzubeh\u00f6r.\" \/>\n<meta property=\"og:url\" content=\"https:\/\/laguiole.com\/de\/produit\/golfermesser-schmiede-von-laguiole-in-dark-horn-point-mit-bolstern-und-platten-messing-guilloche-spring-copie\/\" \/>\n<meta property=\"og:site_name\" content=\"Laguiole.com \u00ae\" \/>\n<meta property=\"article:publisher\" content=\"https:\/\/www.facebook.com\/laguiolecom\/\" \/>\n<meta property=\"article:modified_time\" content=\"2026-05-04T13:24:40+00:00\" \/>\n<meta property=\"og:image\" content=\"https:\/\/laguiole.com\/wp-content\/uploads\/2023\/08\/logo_laguiole_com_\u00ae_300dpi_Noir_et_Blanc.jpg\" \/>\n\t<meta property=\"og:image:width\" content=\"1920\" \/>\n\t<meta property=\"og:image:height\" content=\"854\" \/>\n\t<meta property=\"og:image:type\" content=\"image\/jpeg\" \/>\n<meta name=\"twitter:card\" content=\"summary_large_image\" \/>\n<meta name=\"twitter:label1\" content=\"Gesch\u00e4tzte Lesezeit\" \/>\n\t<meta name=\"twitter:data1\" content=\"2\u00a0Minute\" \/>\n<script type=\"application\/ld+json\" class=\"yoast-schema-graph\">{\"@context\":\"https:\\\/\\\/schema.org\",\"@graph\":[{\"@type\":\"WebPage\",\"@id\":\"https:\\\/\\\/laguiole.com\\\/de\\\/produit\\\/golfermesser-schmiede-von-laguiole-in-dark-horn-point-mit-bolstern-und-platten-messing-guilloche-spring-copie\\\/\",\"url\":\"https:\\\/\\\/laguiole.com\\\/de\\\/produit\\\/golfermesser-schmiede-von-laguiole-in-dark-horn-point-mit-bolstern-und-platten-messing-guilloche-spring-copie\\\/\",\"name\":\"Golfermesser im klaren Horn \u2013 Golf-Pitch-Lifter\",\"isPartOf\":{\"@id\":\"https:\\\/\\\/laguiole.com\\\/de\\\/#website\"},\"datePublished\":\"2026-05-04T13:10:39+00:00\",\"dateModified\":\"2026-05-04T13:24:40+00:00\",\"description\":\"Durchsichtiges Golfermesser mit integriertem Pitch Lifter. Einzigartiger nat\u00fcrlicher Horngriff, stilvolles und langlebiges Golfzubeh\u00f6r.\",\"breadcrumb\":{\"@id\":\"https:\\\/\\\/laguiole.com\\\/de\\\/produit\\\/golfermesser-schmiede-von-laguiole-in-dark-horn-point-mit-bolstern-und-platten-messing-guilloche-spring-copie\\\/#breadcrumb\"},\"inLanguage\":\"de\",\"potentialAction\":[{\"@type\":\"ReadAction\",\"target\":[\"https:\\\/\\\/laguiole.com\\\/de\\\/produit\\\/golfermesser-schmiede-von-laguiole-in-dark-horn-point-mit-bolstern-und-platten-messing-guilloche-spring-copie\\\/\"]}]},{\"@type\":\"BreadcrumbList\",\"@id\":\"https:\\\/\\\/laguiole.com\\\/de\\\/produit\\\/golfermesser-schmiede-von-laguiole-in-dark-horn-point-mit-bolstern-und-platten-messing-guilloche-spring-copie\\\/#breadcrumb\",\"itemListElement\":[{\"@type\":\"ListItem\",\"position\":1,\"name\":\"Accueil\",\"item\":\"https:\\\/\\\/laguiole.com\\\/de\\\/\"},{\"@type\":\"ListItem\",\"position\":2,\"name\":\"Shop\",\"item\":\"https:\\\/\\\/laguiole.com\\\/de\\\/shop-2\\\/\"},{\"@type\":\"ListItem\",\"position\":3,\"name\":\"Golfer&#8217;s Knife Forge de Laguiole mit klarer Hornspitze mit Bolstern und Platten Messing-Guilloch\u00e9 Feder\"}]},{\"@type\":\"WebSite\",\"@id\":\"https:\\\/\\\/laguiole.com\\\/de\\\/#website\",\"url\":\"https:\\\/\\\/laguiole.com\\\/de\\\/\",\"name\":\"Laguiole.com\",\"description\":\"Laguiole - Couteau laguiole, Chateau Laguiole, Laguiole en Aubrac, Forge de Laguiole\",\"publisher\":{\"@id\":\"https:\\\/\\\/laguiole.com\\\/de\\\/#organization\"},\"potentialAction\":[{\"@type\":\"SearchAction\",\"target\":{\"@type\":\"EntryPoint\",\"urlTemplate\":\"https:\\\/\\\/laguiole.com\\\/de\\\/?s={search_term_string}\"},\"query-input\":{\"@type\":\"PropertyValueSpecification\",\"valueRequired\":true,\"valueName\":\"search_term_string\"}}],\"inLanguage\":\"de\"},{\"@type\":\"Organization\",\"@id\":\"https:\\\/\\\/laguiole.com\\\/de\\\/#organization\",\"name\":\"Laguiole.com\",\"url\":\"https:\\\/\\\/laguiole.com\\\/de\\\/\",\"logo\":{\"@type\":\"ImageObject\",\"inLanguage\":\"de\",\"@id\":\"https:\\\/\\\/laguiole.com\\\/de\\\/#\\\/schema\\\/logo\\\/image\\\/\",\"url\":\"https:\\\/\\\/laguiole.com\\\/wp-content\\\/uploads\\\/2021\\\/02\\\/logo_laguiole.com-horizontal.jpg\",\"contentUrl\":\"https:\\\/\\\/laguiole.com\\\/wp-content\\\/uploads\\\/2021\\\/02\\\/logo_laguiole.com-horizontal.jpg\",\"width\":490,\"height\":156,\"caption\":\"Laguiole.com\"},\"image\":{\"@id\":\"https:\\\/\\\/laguiole.com\\\/de\\\/#\\\/schema\\\/logo\\\/image\\\/\"},\"sameAs\":[\"https:\\\/\\\/www.facebook.com\\\/laguiolecom\\\/\",\"https:\\\/\\\/www.instagram.com\\\/laguiolecom\\\/\",\"https:\\\/\\\/www.youtube.com\\\/@laguiolecom\\\/videos\"]}]}<\/script>\n<!-- \/ Yoast SEO plugin. -->","yoast_head_json":{"title":"Golfermesser im klaren Horn \u2013 Golf-Pitch-Lifter","description":"Durchsichtiges Golfermesser mit integriertem Pitch Lifter. Einzigartiger nat\u00fcrlicher Horngriff, stilvolles und langlebiges Golfzubeh\u00f6r.","robots":{"index":"index","follow":"follow","max-snippet":"max-snippet:-1","max-image-preview":"max-image-preview:large","max-video-preview":"max-video-preview:-1"},"canonical":"https:\/\/laguiole.com\/de\/produit\/golfermesser-schmiede-von-laguiole-in-dark-horn-point-mit-bolstern-und-platten-messing-guilloche-spring-copie\/","og_locale":"de_DE","og_type":"article","og_title":"Golfermesser im klaren Horn \u2013 Golf-Pitch-Lifter","og_description":"Durchsichtiges Golfermesser mit integriertem Pitch Lifter. Einzigartiger nat\u00fcrlicher Horngriff, stilvolles und langlebiges Golfzubeh\u00f6r.","og_url":"https:\/\/laguiole.com\/de\/produit\/golfermesser-schmiede-von-laguiole-in-dark-horn-point-mit-bolstern-und-platten-messing-guilloche-spring-copie\/","og_site_name":"Laguiole.com \u00ae","article_publisher":"https:\/\/www.facebook.com\/laguiolecom\/","article_modified_time":"2026-05-04T13:24:40+00:00","og_image":[{"width":1920,"height":854,"url":"https:\/\/laguiole.com\/wp-content\/uploads\/2023\/08\/logo_laguiole_com_\u00ae_300dpi_Noir_et_Blanc.jpg","type":"image\/jpeg"}],"twitter_card":"summary_large_image","twitter_misc":{"Gesch\u00e4tzte Lesezeit":"2\u00a0Minute"},"schema":{"@context":"https:\/\/schema.org","@graph":[{"@type":"WebPage","@id":"https:\/\/laguiole.com\/de\/produit\/golfermesser-schmiede-von-laguiole-in-dark-horn-point-mit-bolstern-und-platten-messing-guilloche-spring-copie\/","url":"https:\/\/laguiole.com\/de\/produit\/golfermesser-schmiede-von-laguiole-in-dark-horn-point-mit-bolstern-und-platten-messing-guilloche-spring-copie\/","name":"Golfermesser im klaren Horn \u2013 Golf-Pitch-Lifter","isPartOf":{"@id":"https:\/\/laguiole.com\/de\/#website"},"datePublished":"2026-05-04T13:10:39+00:00","dateModified":"2026-05-04T13:24:40+00:00","description":"Durchsichtiges Golfermesser mit integriertem Pitch Lifter. Einzigartiger nat\u00fcrlicher Horngriff, stilvolles und langlebiges Golfzubeh\u00f6r.","breadcrumb":{"@id":"https:\/\/laguiole.com\/de\/produit\/golfermesser-schmiede-von-laguiole-in-dark-horn-point-mit-bolstern-und-platten-messing-guilloche-spring-copie\/#breadcrumb"},"inLanguage":"de","potentialAction":[{"@type":"ReadAction","target":["https:\/\/laguiole.com\/de\/produit\/golfermesser-schmiede-von-laguiole-in-dark-horn-point-mit-bolstern-und-platten-messing-guilloche-spring-copie\/"]}]},{"@type":"BreadcrumbList","@id":"https:\/\/laguiole.com\/de\/produit\/golfermesser-schmiede-von-laguiole-in-dark-horn-point-mit-bolstern-und-platten-messing-guilloche-spring-copie\/#breadcrumb","itemListElement":[{"@type":"ListItem","position":1,"name":"Accueil","item":"https:\/\/laguiole.com\/de\/"},{"@type":"ListItem","position":2,"name":"Shop","item":"https:\/\/laguiole.com\/de\/shop-2\/"},{"@type":"ListItem","position":3,"name":"Golfer&#8217;s Knife Forge de Laguiole mit klarer Hornspitze mit Bolstern und Platten Messing-Guilloch\u00e9 Feder"}]},{"@type":"WebSite","@id":"https:\/\/laguiole.com\/de\/#website","url":"https:\/\/laguiole.com\/de\/","name":"Laguiole.com","description":"Laguiole - Couteau laguiole, Chateau Laguiole, Laguiole en Aubrac, Forge de Laguiole","publisher":{"@id":"https:\/\/laguiole.com\/de\/#organization"},"potentialAction":[{"@type":"SearchAction","target":{"@type":"EntryPoint","urlTemplate":"https:\/\/laguiole.com\/de\/?s={search_term_string}"},"query-input":{"@type":"PropertyValueSpecification","valueRequired":true,"valueName":"search_term_string"}}],"inLanguage":"de"},{"@type":"Organization","@id":"https:\/\/laguiole.com\/de\/#organization","name":"Laguiole.com","url":"https:\/\/laguiole.com\/de\/","logo":{"@type":"ImageObject","inLanguage":"de","@id":"https:\/\/laguiole.com\/de\/#\/schema\/logo\/image\/","url":"https:\/\/laguiole.com\/wp-content\/uploads\/2021\/02\/logo_laguiole.com-horizontal.jpg","contentUrl":"https:\/\/laguiole.com\/wp-content\/uploads\/2021\/02\/logo_laguiole.com-horizontal.jpg","width":490,"height":156,"caption":"Laguiole.com"},"image":{"@id":"https:\/\/laguiole.com\/de\/#\/schema\/logo\/image\/"},"sameAs":["https:\/\/www.facebook.com\/laguiolecom\/","https:\/\/www.instagram.com\/laguiolecom\/","https:\/\/www.youtube.com\/@laguiolecom\/videos"]}]}},"_links":{"self":[{"href":"https:\/\/laguiole.com\/de\/wp-json\/wp\/v2\/product\/53365","targetHints":{"allow":["GET"]}}],"collection":[{"href":"https:\/\/laguiole.com\/de\/wp-json\/wp\/v2\/product"}],"about":[{"href":"https:\/\/laguiole.com\/de\/wp-json\/wp\/v2\/types\/product"}],"version-history":[{"count":1,"href":"https:\/\/laguiole.com\/de\/wp-json\/wp\/v2\/product\/53365\/revisions"}],"predecessor-version":[{"id":53370,"href":"https:\/\/laguiole.com\/de\/wp-json\/wp\/v2\/product\/53365\/revisions\/53370"}],"wp:attachment":[{"href":"https:\/\/laguiole.com\/de\/wp-json\/wp\/v2\/media?parent=53365"}],"wp:term":[{"taxonomy":"product_brand","embeddable":true,"href":"https:\/\/laguiole.com\/de\/wp-json\/wp\/v2\/product_brand?post=53365"},{"taxonomy":"product_cat","embeddable":true,"href":"https:\/\/laguiole.com\/de\/wp-json\/wp\/v2\/product_cat?post=53365"},{"taxonomy":"product_tag","embeddable":true,"href":"https:\/\/laguiole.com\/de\/wp-json\/wp\/v2\/product_tag?post=53365"}],"curies":[{"name":"wp","href":"https:\/\/api.w.org\/{rel}","templated":true}]}}