{"id":53269,"date":"2026-04-29T19:13:14","date_gmt":"2026-04-29T17:13:14","guid":{"rendered":"https:\/\/laguiole.com\/?post_type=product&#038;p=53269"},"modified":"2026-05-04T15:30:00","modified_gmt":"2026-05-04T13:30:00","slug":"laguiole-messer-in-aubrac-collection-jardin-secret-1-teiliges-12-cm-vollstiel-aus-naturlichem-holunderbeer-fruhling-und-flacher-fliege-gravierte-primula-blumenmuster-copie-copie","status":"publish","type":"product","link":"https:\/\/laguiole.com\/de\/produit\/laguiole-messer-in-aubrac-collection-jardin-secret-1-teiliges-12-cm-vollstiel-aus-naturlichem-holunderbeer-fruhling-und-flacher-fliege-gravierte-primula-blumenmuster-copie-copie\/","title":{"rendered":"Laguiole-Messer in Aubrac Hibiskus-Kollektion Jardin Secret 1-St\u00fcck 12 cm voller Griff in lila gef\u00e4rbter Holunderbeer-Feder und flacher Fliege, graviertes Blumenmuster"},"content":{"rendered":"<h2 data-section-id=\"a1h1gz\" data-start=\"192\" data-end=\"263\">\ud83c\udf3f Laguiole-Messer in Aubrac-Hibiskus \u2013 Violett get\u00f6nter Holunderbeer-Stoll<\/h2>\n<h3 data-section-id=\"c66gkm\" data-start=\"264\" data-end=\"315\">High-End-franz\u00f6sisches handgefertigtes Klappmesser<\/h3>\n<p data-start=\"317\" data-end=\"581\">Das <strong data-start=\"320\" data-end=\"359\">Laguiole Aubrac Hibiskusmesser<\/strong> ist ein handgefertigtes Klappmesser, das in Frankreich aus der <strong data-start=\"434\" data-end=\"451\">Jardin Secret-Sammlung<\/strong> stammt. Es verk\u00f6rpert die Exzellenz franz\u00f6sischer Besteckkunst und verbindet traditionelles Know-how, edle Materialien und florale Inspiration. <\/p>\n<p data-start=\"583\" data-end=\"786\">Hergestellt in der Region <strong data-start=\"610\" data-end=\"622\">Aubrac<\/strong>, der historischen Wiege von Laguiole, ist dieses Messer mit Charakter f\u00fcr Liebhaber sch\u00f6ner St\u00fccke, Sammler und Liebhaber authentischer Objekte konzipiert.<\/p>\n<hr data-start=\"788\" data-end=\"791\">\n<h2 data-section-id=\"1xjbt6d\" data-start=\"793\" data-end=\"840\">\ud83c\udf3a Ein Laguiole-Messer, inspiriert von der Natur<\/h2>\n<p data-start=\"842\" data-end=\"969\">Das <strong data-start=\"852\" data-end=\"864\">Hibiskusmodell<\/strong> zeichnet sich durch seine raffinierte Blumengravur aus, die von dieser emblematischen Blume mit eleganten Linien inspiriert ist.<\/p>\n<p data-start=\"971\" data-end=\"1122\">Jedes Laguiole-Messer in der Jardin Secret-Sammlung bietet eine k\u00fcnstlerische Interpretation der Pflanzenwelt und macht jedes St\u00fcck zu einem einzigartigen Objekt.<\/p>\n<hr data-start=\"1124\" data-end=\"1127\">\n<h2 data-section-id=\"51gxwm\" data-start=\"1129\" data-end=\"1183\">\ud83c\udf33 Holunderbeer-Knopf-Griff \u2013 edles und einzigartiges Holz<\/h2>\n<p data-start=\"1185\" data-end=\"1295\">Der Griff besteht <strong data-start=\"1210\" data-end=\"1239\">aus gebeiztem, nat\u00fcrlichem Holunderbeer-Kn\u00e4ppchen<\/strong>, einem seltenen Holz, das in der handwerklichen Besteckkunst sehr gefragt ist.<\/p>\n<p data-start=\"1297\" data-end=\"1319\">Seine Eigenschaften:<\/p>\n<ul data-start=\"1321\" data-end=\"1426\">\n<li data-section-id=\"r41oaj\" data-start=\"1321\" data-end=\"1358\">Nat\u00fcrliche wellige und tr\u00fcbe Adern<\/li>\n<li data-section-id=\"2y2onc\" data-start=\"1359\" data-end=\"1393\">Subtile und elegante Kontraste<\/li>\n<li data-section-id=\"ybsf2e\" data-start=\"1394\" data-end=\"1426\">Warm und hell<\/li>\n<\/ul>\n<p data-start=\"1428\" data-end=\"1506\">\ud83d\udc49 Jedes Laguiole-Messer ist einzigartig dank der nat\u00fcrlichen Variationen des Holzes.<\/p>\n<hr data-start=\"1508\" data-end=\"1511\">\n<h2 data-section-id=\"9acbzy\" data-start=\"1513\" data-end=\"1558\">\u2728 Laguiole Artisanal Finishes in Aubrac<\/h2>\n<p data-start=\"1560\" data-end=\"1625\">Dieses Laguiole-Klappmesser hat erstklassige Oberfl\u00e4chen:<\/p>\n<ul data-start=\"1627\" data-end=\"1756\">\n<li data-section-id=\"ai9v7c\" data-start=\"1627\" data-end=\"1659\">Gravierte Feder mit Hibiskusmuster<\/li>\n<li data-section-id=\"aln3b2\" data-start=\"1660\" data-end=\"1685\">Dekorierte geschmiedete Fliege<\/li>\n<li data-section-id=\"1mp9oil\" data-start=\"1686\" data-end=\"1713\">Geb\u00fcrstete Edelstahlplatten<\/li>\n<li data-section-id=\"1yrtl4\" data-start=\"1714\" data-end=\"1756\">Montage und Anpassung von Hand<\/li>\n<\/ul>\n<p data-start=\"1758\" data-end=\"1823\">\ud83d\udc49 Ein echtes franz\u00f6sisches handwerkliches Messer, ein Symbol f\u00fcr Exzellenz.<\/p>\n<hr data-start=\"1825\" data-end=\"1828\">\n<h2 data-section-id=\"5uwzo4\" data-start=\"1830\" data-end=\"1863\">\u2699\ufe0f Technische Eigenschaften<\/h2>\n<ul data-start=\"1865\" data-end=\"2093\">\n<li data-section-id=\"cbatka\" data-start=\"1865\" data-end=\"1903\">Typ: Klappmesser mit Vollgriff<\/li>\n<li data-section-id=\"8avbdu\" data-start=\"1904\" data-end=\"1924\">L\u00e4nge: 12 cm<\/li>\n<li data-section-id=\"16d0e3u\" data-start=\"1925\" data-end=\"1963\">Herstellung: Franz\u00f6sische Handwerkskunst<\/li>\n<li data-section-id=\"1bw7tcy\" data-start=\"1964\" data-end=\"2005\">Herkunft: Laguiole in Aubrac (Frankreich)<\/li>\n<li data-section-id=\"169jced\" data-start=\"2006\" data-end=\"2044\">Griff: nat\u00fcrlicher Holunderbeer-Knopf<\/li>\n<li data-section-id=\"iegc16\" data-start=\"2045\" data-end=\"2093\">Dekoration: Hibiskusgravur auf dem Flug<\/li>\n<\/ul>\n<hr data-start=\"2095\" data-end=\"2098\">\n<h2 data-section-id=\"1kpmy80\" data-start=\"2100\" data-end=\"2140\">\ud83c\udf81 Ein ideales Laguiole-Messer zum Anbieten<\/h2>\n<p data-start=\"2142\" data-end=\"2190\">Dieses Laguiole-Messer in Aubrac ist perfekt f\u00fcr:<\/p>\n<ul data-start=\"2192\" data-end=\"2308\">\n<li data-section-id=\"1heno8e\" data-start=\"2192\" data-end=\"2219\">Ein hochwertiges Geschenk<\/li>\n<li data-section-id=\"ea9m1m\" data-start=\"2220\" data-end=\"2249\">Ein Besteckliebhaber<\/li>\n<li data-section-id=\"4ojn2u\" data-start=\"2250\" data-end=\"2277\">Ein Sammlerst\u00fcck<\/li>\n<li data-section-id=\"r20v5i\" data-start=\"2278\" data-end=\"2308\">Stilvoller Alltagsgebrauch<\/li>\n<\/ul>\n<hr data-start=\"2310\" data-end=\"2313\">\n<h2 data-section-id=\"19gda23\" data-start=\"2315\" data-end=\"2346\">\u270d\ufe0f Anpassung m\u00f6glich<\/h2>\n<p data-start=\"2348\" data-end=\"2377\">Klingengravur verf\u00fcgbar:<\/p>\n<ul data-start=\"2379\" data-end=\"2410\">\n<li data-section-id=\"1a7l9bj\" data-start=\"2379\" data-end=\"2389\">Vorname<\/li>\n<li data-section-id=\"1aypk8s\" data-start=\"2390\" data-end=\"2398\">Datum<\/li>\n<li data-section-id=\"u85eeb\" data-start=\"2399\" data-end=\"2410\">Botschaft<\/li>\n<\/ul>\n<p data-start=\"2412\" data-end=\"2470\">\ud83d\udc49 Verwandle dein Messer in ein einzigartiges und pers\u00f6nliches Objekt.<\/p>\n<hr data-start=\"2472\" data-end=\"2475\">\n<h2 data-section-id=\"urju9h\" data-start=\"2477\" data-end=\"2527\">\ud83c\uddeb\ud83c\uddf7 Hergestellt in Frankreich \u2013 Laguiole in Aubrac<\/h2>\n<p data-start=\"2529\" data-end=\"2653\">Jedes Messer wird in Frankreich handgefertigt, entsprechend den <strong data-start=\"2630\" data-end=\"2652\">Traditionen des Laguiole-Bestecks in Aubrac<\/strong>.<\/p>\n<p data-start=\"2655\" data-end=\"2710\">\ud83d\udc49 Eine Garantie f\u00fcr Authentizit\u00e4t, Qualit\u00e4t und Haltbarkeit.<\/p>\n","protected":false},"excerpt":{"rendered":"<p>Laguiole-Klappmesser in der Aubrac-Sammlung Jardin Secret Hibiskusmodell<br \/>\n, voller Griff in lila<br \/>\nget\u00f6ntem Holunderbeer-Klingenblatt im geb\u00fcrsteten Edelstahl-Satin-Look mit Lasche 12C27<br \/>\nFeder, graviert mit Motil, Fleural<br \/>\neinfache Platten, geb\u00fcrsteten<br \/>\nEdelstahl, kein Sch\u00e4ferkreuz auf der linken Seite des Griffs,<br \/>\nflache Fliege graviert mit Hibiskusblumenmotiven<\/p>\n<p>Klingenl\u00e4nge 10 cm<br \/>\nGesamtl\u00e4nge offenes Messer 22 cm<\/p>\n<p>Geliefert in einer Laguiole-Ledertasche in Aubrac mit Zertifikat<\/p>\n<section class=\"text-token-text-primary w-full focus:outline-none [--shadow-height:45px] has-data-writing-block:pointer-events-none has-data-writing-block:-mt-(--shadow-height) has-data-writing-block:pt-(--shadow-height) [&amp;:has([data-writing-block])&gt;*]:pointer-events-auto scroll-mt-(--header-height)\" dir=\"auto\" data-turn-id=\"1e2d1db8-8237-43b5-b653-afb6248a8e8c\" data-testid=\"conversation-turn-17\" data-scroll-anchor=\"false\" data-turn=\"user\"><\/section>\n<section class=\"text-token-text-primary w-full focus:outline-none [--shadow-height:45px] has-data-writing-block:pointer-events-none has-data-writing-block:-mt-(--shadow-height) has-data-writing-block:pt-(--shadow-height) [&amp;:has([data-writing-block])&gt;*]:pointer-events-auto scroll-mt-[calc(var(--header-height)+min(200px,max(70px,20svh)))]\" dir=\"auto\" data-turn-id=\"request-WEB:3dbb3db8-a0f3-43f7-bc13-fb6d8ee65cb1-8\" data-testid=\"conversation-turn-18\" data-scroll-anchor=\"true\" data-turn=\"assistant\">\n<div class=\"text-base my-auto mx-auto pb-10 [--thread-content-margin:var(--thread-content-margin-xs,calc(var(--spacing)*4))] @w-sm\/main:[--thread-content-margin:var(--thread-content-margin-sm,calc(var(--spacing)*6))] @w-lg\/main:[--thread-content-margin:var(--thread-content-margin-lg,calc(var(--spacing)*16))] px-(--thread-content-margin)\">\n<div class=\"[--thread-content-max-width:40rem] @w-lg\/main:[--thread-content-max-width:48rem] mx-auto max-w-(--thread-content-max-width) flex-1 group\/turn-messages focus-visible:outline-hidden relative flex w-full min-w-0 flex-col agent-turn\">\n<div class=\"flex max-w-full flex-col gap-4 grow\">\n<div class=\"min-h-8 text-message relative flex w-full flex-col items-end gap-2 text-start break-words whitespace-normal outline-none keyboard-focused:focus-ring [.text-message+&amp;]:mt-1\" dir=\"auto\" tabindex=\"0\" data-message-author-role=\"assistant\" data-message-id=\"1ec000ee-552b-4d3d-a5f0-b406f9a00b19\" data-message-model-slug=\"gpt-5-3\" data-turn-start-message=\"true\">\n<div class=\"flex w-full flex-col gap-1 empty:hidden\">\n<div class=\"markdown prose dark:prose-invert w-full wrap-break-word light markdown-new-styling\">\n<p data-start=\"0\" data-end=\"439\" data-is-last-node=\"\" data-is-only-node=\"\">\ud83d\udc49 Das <strong data-start=\"13\" data-end=\"25\">Hibiskusmodell<\/strong> bezeichnet vor allem die Gravurarbeiten an der Feder und der Fliege, das florale Signatur dieser Kreation. So kann dieses Modell in klassischeren H\u00f6lzern wie Olive, Wacholder, Ebenholz, Eiche, Pistazie oder Walnuss abgelehnt werden, w\u00e4hrend diese einzigartige dekorative Identit\u00e4t erhalten bleibt.   <strong data-start=\"337\" data-end=\"439\" data-is-last-node=\"\">Dazu senden Sie uns einfach eine Anfrage per Chat oder E-Mail \u00fcber den Bereich &#8220;Kontakt&#8221;.<\/strong><\/p>\n<\/div>\n<\/div>\n<\/div>\n<\/div>\n<\/div>\n<\/div>\n<\/section>\n","protected":false},"featured_media":0,"template":"","meta":{"_acf_changed":false,"_monsterinsights_skip_tracking":false,"_monsterinsights_sitenote_active":false,"_monsterinsights_sitenote_note":"","_monsterinsights_sitenote_category":0},"product_brand":[],"product_cat":[5938,5939,5943],"product_tag":[],"class_list":{"0":"post-53269","1":"product","2":"type-product","3":"status-publish","5":"product_cat-klappmesser","6":"product_cat-laguiole-klappmesser","7":"product_cat-laguiole-prestiges-messer","8":"pa_finition-gebuerstet","9":"pa_lame-gebuersteter-edelstahl","10":"pa_manche-en-bois-holundermaser","11":"pa_marque-laguiole-en-aubracfr","12":"pa_mouche-geschmiedet","13":"pa_platines-einzelplatin","14":"pa_ressort-guilloche","15":"tm-has-options","18":"instock","19":"taxable","20":"shipping-taxable","21":"purchasable","22":"product-type-simple"},"supplier_id":null,"supplier_sku":"","barcode":null,"atum_controlled":true,"out_stock_date":null,"out_stock_threshold":null,"inheritable":false,"inbound_stock":0,"stock_on_hold":0,"sold_today":0,"sales_last_days":0,"reserved_stock":0,"customer_returns":0,"warehouse_damage":0,"lost_in_post":0,"other_logs":0,"out_stock_days":0,"lost_sales":0,"has_location":false,"update_date":"2026-05-08T00:55:24","atum_locations":[],"atum_stock_status":"instock","restock_status":false,"low_stock_amount":"","sales_update_date":"2026-05-08T00:55:24","calc_backorders":0,"acf":[],"yoast_head":"<!-- This site is optimized with the Yoast SEO plugin v27.3 - https:\/\/yoast.com\/product\/yoast-seo-wordpress\/ -->\n<title>Laguiole en Aubrac Hibiscus \u2013 Holunderbeer-Knaulen | Franz\u00f6sische Handwerkskunst<\/title>\n<meta name=\"description\" content=\"Laguiole-Hibiskusmesser mit Holunderbeer-Steil. Einzigartiges, elegantes und anpassbares handgefertigtes St\u00fcck. Perfekt f\u00fcr ein hochwertiges Geschenk.\" \/>\n<meta name=\"robots\" content=\"index, follow, max-snippet:-1, max-image-preview:large, max-video-preview:-1\" \/>\n<link rel=\"canonical\" href=\"https:\/\/laguiole.com\/de\/produit\/laguiole-messer-in-aubrac-collection-jardin-secret-1-teiliges-12-cm-vollstiel-aus-naturlichem-holunderbeer-fruhling-und-flacher-fliege-gravierte-primula-blumenmuster-copie-copie\/\" \/>\n<meta property=\"og:locale\" content=\"de_DE\" \/>\n<meta property=\"og:type\" content=\"article\" \/>\n<meta property=\"og:title\" content=\"Laguiole en Aubrac Hibiscus \u2013 Holunderbeer-Knaulen | Franz\u00f6sische Handwerkskunst\" \/>\n<meta property=\"og:description\" content=\"Laguiole-Hibiskusmesser mit Holunderbeer-Steil. Einzigartiges, elegantes und anpassbares handgefertigtes St\u00fcck. Perfekt f\u00fcr ein hochwertiges Geschenk.\" \/>\n<meta property=\"og:url\" content=\"https:\/\/laguiole.com\/de\/produit\/laguiole-messer-in-aubrac-collection-jardin-secret-1-teiliges-12-cm-vollstiel-aus-naturlichem-holunderbeer-fruhling-und-flacher-fliege-gravierte-primula-blumenmuster-copie-copie\/\" \/>\n<meta property=\"og:site_name\" content=\"Laguiole.com \u00ae\" \/>\n<meta property=\"article:publisher\" content=\"https:\/\/www.facebook.com\/laguiolecom\/\" \/>\n<meta property=\"article:modified_time\" content=\"2026-05-04T13:30:00+00:00\" \/>\n<meta property=\"og:image\" content=\"https:\/\/laguiole.com\/wp-content\/uploads\/2023\/08\/logo_laguiole_com_\u00ae_300dpi_Noir_et_Blanc.jpg\" \/>\n\t<meta property=\"og:image:width\" content=\"1920\" \/>\n\t<meta property=\"og:image:height\" content=\"854\" \/>\n\t<meta property=\"og:image:type\" content=\"image\/jpeg\" \/>\n<meta name=\"twitter:card\" content=\"summary_large_image\" \/>\n<meta name=\"twitter:label1\" content=\"Gesch\u00e4tzte Lesezeit\" \/>\n\t<meta name=\"twitter:data1\" content=\"4\u00a0Minute\" \/>\n<script type=\"application\/ld+json\" class=\"yoast-schema-graph\">{\"@context\":\"https:\\\/\\\/schema.org\",\"@graph\":[{\"@type\":\"WebPage\",\"@id\":\"https:\\\/\\\/laguiole.com\\\/de\\\/produit\\\/laguiole-messer-in-aubrac-collection-jardin-secret-1-teiliges-12-cm-vollstiel-aus-naturlichem-holunderbeer-fruhling-und-flacher-fliege-gravierte-primula-blumenmuster-copie-copie\\\/\",\"url\":\"https:\\\/\\\/laguiole.com\\\/de\\\/produit\\\/laguiole-messer-in-aubrac-collection-jardin-secret-1-teiliges-12-cm-vollstiel-aus-naturlichem-holunderbeer-fruhling-und-flacher-fliege-gravierte-primula-blumenmuster-copie-copie\\\/\",\"name\":\"Laguiole en Aubrac Hibiscus \u2013 Holunderbeer-Knaulen | Franz\u00f6sische Handwerkskunst\",\"isPartOf\":{\"@id\":\"https:\\\/\\\/laguiole.com\\\/de\\\/#website\"},\"datePublished\":\"2026-04-29T17:13:14+00:00\",\"dateModified\":\"2026-05-04T13:30:00+00:00\",\"description\":\"Laguiole-Hibiskusmesser mit Holunderbeer-Steil. Einzigartiges, elegantes und anpassbares handgefertigtes St\u00fcck. Perfekt f\u00fcr ein hochwertiges Geschenk.\",\"breadcrumb\":{\"@id\":\"https:\\\/\\\/laguiole.com\\\/de\\\/produit\\\/laguiole-messer-in-aubrac-collection-jardin-secret-1-teiliges-12-cm-vollstiel-aus-naturlichem-holunderbeer-fruhling-und-flacher-fliege-gravierte-primula-blumenmuster-copie-copie\\\/#breadcrumb\"},\"inLanguage\":\"de\",\"potentialAction\":[{\"@type\":\"ReadAction\",\"target\":[\"https:\\\/\\\/laguiole.com\\\/de\\\/produit\\\/laguiole-messer-in-aubrac-collection-jardin-secret-1-teiliges-12-cm-vollstiel-aus-naturlichem-holunderbeer-fruhling-und-flacher-fliege-gravierte-primula-blumenmuster-copie-copie\\\/\"]}]},{\"@type\":\"BreadcrumbList\",\"@id\":\"https:\\\/\\\/laguiole.com\\\/de\\\/produit\\\/laguiole-messer-in-aubrac-collection-jardin-secret-1-teiliges-12-cm-vollstiel-aus-naturlichem-holunderbeer-fruhling-und-flacher-fliege-gravierte-primula-blumenmuster-copie-copie\\\/#breadcrumb\",\"itemListElement\":[{\"@type\":\"ListItem\",\"position\":1,\"name\":\"Accueil\",\"item\":\"https:\\\/\\\/laguiole.com\\\/de\\\/\"},{\"@type\":\"ListItem\",\"position\":2,\"name\":\"Shop\",\"item\":\"https:\\\/\\\/laguiole.com\\\/de\\\/shop-2\\\/\"},{\"@type\":\"ListItem\",\"position\":3,\"name\":\"Laguiole-Messer in Aubrac Hibiskus-Kollektion Jardin Secret 1-St\u00fcck 12 cm voller Griff in lila gef\u00e4rbter Holunderbeer-Feder und flacher Fliege, graviertes Blumenmuster\"}]},{\"@type\":\"WebSite\",\"@id\":\"https:\\\/\\\/laguiole.com\\\/de\\\/#website\",\"url\":\"https:\\\/\\\/laguiole.com\\\/de\\\/\",\"name\":\"Laguiole.com\",\"description\":\"Laguiole - Couteau laguiole, Chateau Laguiole, Laguiole en Aubrac, Forge de Laguiole\",\"publisher\":{\"@id\":\"https:\\\/\\\/laguiole.com\\\/de\\\/#organization\"},\"potentialAction\":[{\"@type\":\"SearchAction\",\"target\":{\"@type\":\"EntryPoint\",\"urlTemplate\":\"https:\\\/\\\/laguiole.com\\\/de\\\/?s={search_term_string}\"},\"query-input\":{\"@type\":\"PropertyValueSpecification\",\"valueRequired\":true,\"valueName\":\"search_term_string\"}}],\"inLanguage\":\"de\"},{\"@type\":\"Organization\",\"@id\":\"https:\\\/\\\/laguiole.com\\\/de\\\/#organization\",\"name\":\"Laguiole.com\",\"url\":\"https:\\\/\\\/laguiole.com\\\/de\\\/\",\"logo\":{\"@type\":\"ImageObject\",\"inLanguage\":\"de\",\"@id\":\"https:\\\/\\\/laguiole.com\\\/de\\\/#\\\/schema\\\/logo\\\/image\\\/\",\"url\":\"https:\\\/\\\/laguiole.com\\\/wp-content\\\/uploads\\\/2021\\\/02\\\/logo_laguiole.com-horizontal.jpg\",\"contentUrl\":\"https:\\\/\\\/laguiole.com\\\/wp-content\\\/uploads\\\/2021\\\/02\\\/logo_laguiole.com-horizontal.jpg\",\"width\":490,\"height\":156,\"caption\":\"Laguiole.com\"},\"image\":{\"@id\":\"https:\\\/\\\/laguiole.com\\\/de\\\/#\\\/schema\\\/logo\\\/image\\\/\"},\"sameAs\":[\"https:\\\/\\\/www.facebook.com\\\/laguiolecom\\\/\",\"https:\\\/\\\/www.instagram.com\\\/laguiolecom\\\/\",\"https:\\\/\\\/www.youtube.com\\\/@laguiolecom\\\/videos\"]}]}<\/script>\n<!-- \/ Yoast SEO plugin. -->","yoast_head_json":{"title":"Laguiole en Aubrac Hibiscus \u2013 Holunderbeer-Knaulen | Franz\u00f6sische Handwerkskunst","description":"Laguiole-Hibiskusmesser mit Holunderbeer-Steil. Einzigartiges, elegantes und anpassbares handgefertigtes St\u00fcck. Perfekt f\u00fcr ein hochwertiges Geschenk.","robots":{"index":"index","follow":"follow","max-snippet":"max-snippet:-1","max-image-preview":"max-image-preview:large","max-video-preview":"max-video-preview:-1"},"canonical":"https:\/\/laguiole.com\/de\/produit\/laguiole-messer-in-aubrac-collection-jardin-secret-1-teiliges-12-cm-vollstiel-aus-naturlichem-holunderbeer-fruhling-und-flacher-fliege-gravierte-primula-blumenmuster-copie-copie\/","og_locale":"de_DE","og_type":"article","og_title":"Laguiole en Aubrac Hibiscus \u2013 Holunderbeer-Knaulen | Franz\u00f6sische Handwerkskunst","og_description":"Laguiole-Hibiskusmesser mit Holunderbeer-Steil. Einzigartiges, elegantes und anpassbares handgefertigtes St\u00fcck. Perfekt f\u00fcr ein hochwertiges Geschenk.","og_url":"https:\/\/laguiole.com\/de\/produit\/laguiole-messer-in-aubrac-collection-jardin-secret-1-teiliges-12-cm-vollstiel-aus-naturlichem-holunderbeer-fruhling-und-flacher-fliege-gravierte-primula-blumenmuster-copie-copie\/","og_site_name":"Laguiole.com \u00ae","article_publisher":"https:\/\/www.facebook.com\/laguiolecom\/","article_modified_time":"2026-05-04T13:30:00+00:00","og_image":[{"width":1920,"height":854,"url":"https:\/\/laguiole.com\/wp-content\/uploads\/2023\/08\/logo_laguiole_com_\u00ae_300dpi_Noir_et_Blanc.jpg","type":"image\/jpeg"}],"twitter_card":"summary_large_image","twitter_misc":{"Gesch\u00e4tzte Lesezeit":"4\u00a0Minute"},"schema":{"@context":"https:\/\/schema.org","@graph":[{"@type":"WebPage","@id":"https:\/\/laguiole.com\/de\/produit\/laguiole-messer-in-aubrac-collection-jardin-secret-1-teiliges-12-cm-vollstiel-aus-naturlichem-holunderbeer-fruhling-und-flacher-fliege-gravierte-primula-blumenmuster-copie-copie\/","url":"https:\/\/laguiole.com\/de\/produit\/laguiole-messer-in-aubrac-collection-jardin-secret-1-teiliges-12-cm-vollstiel-aus-naturlichem-holunderbeer-fruhling-und-flacher-fliege-gravierte-primula-blumenmuster-copie-copie\/","name":"Laguiole en Aubrac Hibiscus \u2013 Holunderbeer-Knaulen | Franz\u00f6sische Handwerkskunst","isPartOf":{"@id":"https:\/\/laguiole.com\/de\/#website"},"datePublished":"2026-04-29T17:13:14+00:00","dateModified":"2026-05-04T13:30:00+00:00","description":"Laguiole-Hibiskusmesser mit Holunderbeer-Steil. Einzigartiges, elegantes und anpassbares handgefertigtes St\u00fcck. Perfekt f\u00fcr ein hochwertiges Geschenk.","breadcrumb":{"@id":"https:\/\/laguiole.com\/de\/produit\/laguiole-messer-in-aubrac-collection-jardin-secret-1-teiliges-12-cm-vollstiel-aus-naturlichem-holunderbeer-fruhling-und-flacher-fliege-gravierte-primula-blumenmuster-copie-copie\/#breadcrumb"},"inLanguage":"de","potentialAction":[{"@type":"ReadAction","target":["https:\/\/laguiole.com\/de\/produit\/laguiole-messer-in-aubrac-collection-jardin-secret-1-teiliges-12-cm-vollstiel-aus-naturlichem-holunderbeer-fruhling-und-flacher-fliege-gravierte-primula-blumenmuster-copie-copie\/"]}]},{"@type":"BreadcrumbList","@id":"https:\/\/laguiole.com\/de\/produit\/laguiole-messer-in-aubrac-collection-jardin-secret-1-teiliges-12-cm-vollstiel-aus-naturlichem-holunderbeer-fruhling-und-flacher-fliege-gravierte-primula-blumenmuster-copie-copie\/#breadcrumb","itemListElement":[{"@type":"ListItem","position":1,"name":"Accueil","item":"https:\/\/laguiole.com\/de\/"},{"@type":"ListItem","position":2,"name":"Shop","item":"https:\/\/laguiole.com\/de\/shop-2\/"},{"@type":"ListItem","position":3,"name":"Laguiole-Messer in Aubrac Hibiskus-Kollektion Jardin Secret 1-St\u00fcck 12 cm voller Griff in lila gef\u00e4rbter Holunderbeer-Feder und flacher Fliege, graviertes Blumenmuster"}]},{"@type":"WebSite","@id":"https:\/\/laguiole.com\/de\/#website","url":"https:\/\/laguiole.com\/de\/","name":"Laguiole.com","description":"Laguiole - Couteau laguiole, Chateau Laguiole, Laguiole en Aubrac, Forge de Laguiole","publisher":{"@id":"https:\/\/laguiole.com\/de\/#organization"},"potentialAction":[{"@type":"SearchAction","target":{"@type":"EntryPoint","urlTemplate":"https:\/\/laguiole.com\/de\/?s={search_term_string}"},"query-input":{"@type":"PropertyValueSpecification","valueRequired":true,"valueName":"search_term_string"}}],"inLanguage":"de"},{"@type":"Organization","@id":"https:\/\/laguiole.com\/de\/#organization","name":"Laguiole.com","url":"https:\/\/laguiole.com\/de\/","logo":{"@type":"ImageObject","inLanguage":"de","@id":"https:\/\/laguiole.com\/de\/#\/schema\/logo\/image\/","url":"https:\/\/laguiole.com\/wp-content\/uploads\/2021\/02\/logo_laguiole.com-horizontal.jpg","contentUrl":"https:\/\/laguiole.com\/wp-content\/uploads\/2021\/02\/logo_laguiole.com-horizontal.jpg","width":490,"height":156,"caption":"Laguiole.com"},"image":{"@id":"https:\/\/laguiole.com\/de\/#\/schema\/logo\/image\/"},"sameAs":["https:\/\/www.facebook.com\/laguiolecom\/","https:\/\/www.instagram.com\/laguiolecom\/","https:\/\/www.youtube.com\/@laguiolecom\/videos"]}]}},"_links":{"self":[{"href":"https:\/\/laguiole.com\/de\/wp-json\/wp\/v2\/product\/53269","targetHints":{"allow":["GET"]}}],"collection":[{"href":"https:\/\/laguiole.com\/de\/wp-json\/wp\/v2\/product"}],"about":[{"href":"https:\/\/laguiole.com\/de\/wp-json\/wp\/v2\/types\/product"}],"version-history":[{"count":1,"href":"https:\/\/laguiole.com\/de\/wp-json\/wp\/v2\/product\/53269\/revisions"}],"predecessor-version":[{"id":53374,"href":"https:\/\/laguiole.com\/de\/wp-json\/wp\/v2\/product\/53269\/revisions\/53374"}],"wp:attachment":[{"href":"https:\/\/laguiole.com\/de\/wp-json\/wp\/v2\/media?parent=53269"}],"wp:term":[{"taxonomy":"product_brand","embeddable":true,"href":"https:\/\/laguiole.com\/de\/wp-json\/wp\/v2\/product_brand?post=53269"},{"taxonomy":"product_cat","embeddable":true,"href":"https:\/\/laguiole.com\/de\/wp-json\/wp\/v2\/product_cat?post=53269"},{"taxonomy":"product_tag","embeddable":true,"href":"https:\/\/laguiole.com\/de\/wp-json\/wp\/v2\/product_tag?post=53269"}],"curies":[{"name":"wp","href":"https:\/\/api.w.org\/{rel}","templated":true}]}}