{"id":53187,"date":"2026-04-23T12:18:41","date_gmt":"2026-04-23T10:18:41","guid":{"rendered":"https:\/\/laguiole.com\/?post_type=product&#038;p=53187"},"modified":"2026-04-23T12:59:38","modified_gmt":"2026-04-23T10:59:38","slug":"laguiole-besteckset-aus-aubrac-aus-olivenbaum-28-teile-copie","status":"publish","type":"product","link":"https:\/\/laguiole.com\/de\/produit\/laguiole-besteckset-aus-aubrac-aus-olivenbaum-28-teile-copie\/","title":{"rendered":"Laguiole-Besteck in Aubrac in Juniper (28 St\u00fcck)"},"content":{"rendered":"<h1 data-section-id=\"b9rv43\" data-start=\"86\" data-end=\"171\">\ud83e\udeb5 Laguiole 28-teiliges Besteckset in Aubrac \u2013<\/h1>\n<h1 data-section-id=\"b9rv43\" data-start=\"86\" data-end=\"171\">High-End, handgefertigter Wacholderstiel<\/h1>\n<h2 data-section-id=\"10e8ci8\" data-start=\"173\" data-end=\"237\">\ud83c\uddeb\ud83c\uddf7 Die Exzellenz franz\u00f6sischer Handwerkskunst \u2013<\/h2>\n<p data-start=\"239\" data-end=\"502\">Entdecken Sie dieses <strong data-start=\"255\" data-end=\"293\">Laguiole 28-teilige Besteckset in Aubrac<\/strong>, eine au\u00dfergew\u00f6hnliche Kreation, die aus franz\u00f6sischer Handwerkskunst hervorgeht. Hergestellt mit hohen Standards von Messbechern, verk\u00f6rpert diese Kollektion die Eleganz, Authentizit\u00e4t und Bestecktradition von Aubrac. <\/p>\n<p data-start=\"504\" data-end=\"602\">Jedes St\u00fcck ist handgefertigt und sorgt f\u00fcr ein hochwertiges Finish und eine langlebige Qualit\u00e4t.<\/p>\n<hr data-start=\"604\" data-end=\"607\">\n<h2 data-section-id=\"a32lt0\" data-start=\"609\" data-end=\"651\">\ud83c\udf74 Zusammenstellung des Bestecksets 28 St\u00fccke<\/h2>\n<p data-start=\"653\" data-end=\"713\">Dieses komplette Besteckset ist ideal f\u00fcr einen raffinierten Tisch:<\/p>\n<ul data-start=\"715\" data-end=\"886\">\n<li data-section-id=\"zmu2w5\" data-start=\"715\" data-end=\"738\">6 Tischmesser<\/li>\n<li data-section-id=\"19dz8yf\" data-start=\"739\" data-end=\"765\">6 Tischgabeln<\/li>\n<li data-section-id=\"4k2u5t\" data-start=\"766\" data-end=\"789\">6 Essl\u00f6ffel<\/li>\n<li data-section-id=\"1fl93j\" data-start=\"790\" data-end=\"815\">6 Dessertl\u00f6ffel<\/li>\n<li data-section-id=\"kmoq8w\" data-start=\"816\" data-end=\"851\">1 Schnitzset (2 Teile)<\/li>\n<li data-section-id=\"piih7q\" data-start=\"852\" data-end=\"886\">1 K\u00e4seset (2 St\u00fcck)<\/li>\n<\/ul>\n<hr data-start=\"888\" data-end=\"891\">\n<h2 data-section-id=\"5e6bvw\" data-start=\"893\" data-end=\"947\">\ud83c\udf3f Wacholderstiel \u2013 Ein edles und sinnliches Holz<\/h2>\n<p data-start=\"949\" data-end=\"1057\"><strong data-start=\"952\" data-end=\"965\">Wacholder<\/strong>, das emblematische Holz f\u00fcr die Griffe, verleiht jedem Besteck eine einzigartige Identit\u00e4t:<\/p>\n<ul data-start=\"1059\" data-end=\"1307\">\n<li data-section-id=\"vmq9g6\" data-start=\"1059\" data-end=\"1119\">\ud83c\udf38 <strong data-start=\"1064\" data-end=\"1089\">Subtiler nat\u00fcrlicher Duft<\/strong> : zarte Pfeffernoten<\/li>\n<li data-section-id=\"4w5cpx\" data-start=\"1120\" data-end=\"1171\">\ud83c\udf33 <strong data-start=\"1125\" data-end=\"1151\">Duftendes und lebendiges Holz,<\/strong> angenehm in der Hand<\/li>\n<li data-section-id=\"f5sqzw\" data-start=\"1172\" data-end=\"1239\">\ud83c\udfa8 <strong data-start=\"1177\" data-end=\"1207\">Reiche, kontrastierende Adern:<\/strong> Jedes St\u00fcck ist anders<\/li>\n<li data-section-id=\"oxy3rz\" data-start=\"1240\" data-end=\"1307\">\ud83e\udeb6 <strong data-start=\"1245\" data-end=\"1264\">Helles Erscheinungsbild,<\/strong> durchsetzt von nat\u00fcrlichen, dunkleren Bereichen<\/li>\n<\/ul>\n<p data-start=\"1309\" data-end=\"1395\">Dieses edle Holz verleiht Ihrem kulinarischen Erlebnis eine echte sinnliche Dimension.<\/p>\n<hr data-start=\"1397\" data-end=\"1400\">\n<h2 data-section-id=\"195dzpq\" data-start=\"1402\" data-end=\"1464\">\ud83c\udf33 Eigenschaften des Holzes<\/h2>\n<p data-start=\"1466\" data-end=\"1532\">Holzbearbeitung ist Teil der lokalen Handwerkstradition:<\/p>\n<ul data-start=\"1534\" data-end=\"1767\">\n<li data-section-id=\"rxhcea\" data-start=\"1534\" data-end=\"1571\"><strong data-start=\"1536\" data-end=\"1569\">Markierte und authentische Adern<\/strong><\/li>\n<li data-section-id=\"zmtamp\" data-start=\"1572\" data-end=\"1632\"><strong data-start=\"1574\" data-end=\"1605\">Nat\u00fcrliches Vorkommen von Knoten<\/strong>, Spuren von lebendem Holz<\/li>\n<li data-section-id=\"e2nigy\" data-start=\"1633\" data-end=\"1707\"><strong data-start=\"1635\" data-end=\"1661\">\u00c4sthetische Kontraste<\/strong> zwischen hellen und dunkleren Bereichen<\/li>\n<li data-section-id=\"1i5oxga\" data-start=\"1708\" data-end=\"1767\"><strong data-start=\"1710\" data-end=\"1730\">Akribische Handwerkskunst,<\/strong> die das Rohmaterial hervorhebt.<\/li>\n<\/ul>\n<p data-start=\"1769\" data-end=\"1841\">Jeder \u00c4rmel ist somit ein einzigartiges St\u00fcck, ein Spiegelbild des Aubrac-Terroirs.<\/p>\n<hr data-start=\"1843\" data-end=\"1846\">\n<h2 data-section-id=\"hlvjma\" data-start=\"1848\" data-end=\"1888\">\ud83d\udd2a Hochwertige Messer und Besteck<\/h2>\n<ul data-start=\"1890\" data-end=\"2075\">\n<li data-section-id=\"1273erw\" data-start=\"1890\" data-end=\"1931\">Handgefertigt in Frankreich \ud83c\uddeb\ud83c\uddf7<\/li>\n<li data-section-id=\"re5d7q\" data-start=\"1932\" data-end=\"1964\">Pr\u00e4zise und langlebige Montage<\/li>\n<li data-section-id=\"1u4p0xl\" data-start=\"1965\" data-end=\"2018\">Elegantes Design, inspiriert von den Traditionen von Aubrac<\/li>\n<li data-section-id=\"o0tmng\" data-start=\"2019\" data-end=\"2075\">Perfektes Gleichgewicht zwischen \u00c4sthetik und Funktionalit\u00e4t<\/li>\n<\/ul>\n<hr data-start=\"2077\" data-end=\"2080\">\n<h2 data-section-id=\"1r4srwd\" data-start=\"2082\" data-end=\"2126\">\u2728 Warum dieses Laguiole-Besteck w\u00e4hlen?<\/h2>\n<ul data-start=\"2128\" data-end=\"2363\">\n<li data-section-id=\"19kt7ez\" data-start=\"2128\" data-end=\"2174\">\u2714\ufe0f Authentische franz\u00f6sische Handwerkskunst (Aubrac)<\/li>\n<li data-section-id=\"2lorls\" data-start=\"2175\" data-end=\"2223\">\u2714\ufe0f Edles und duftendes Naturholz (Wacholder)<\/li>\n<li data-section-id=\"ntlhm\" data-start=\"2224\" data-end=\"2257\">\u2714\ufe0f Komplettes 28-teiliges Set<\/li>\n<li data-section-id=\"1tug6nf\" data-start=\"2258\" data-end=\"2319\">\u2714\ufe0f Ideal f\u00fcr einen eleganten Tisch oder ein au\u00dfergew\u00f6hnliches Geschenk<\/li>\n<li data-section-id=\"1aqiyeo\" data-start=\"2320\" data-end=\"2363\">\u2714\ufe0f Einzigartige St\u00fccke dank nat\u00fcrlichem Holz<\/li>\n<\/ul>\n","protected":false},"excerpt":{"rendered":"<p>Laguiole-Besteckset 28 Teile<br \/>\nGriffe: Genevrier<\/p>\n<p>Laguiole Besteckset 28 St\u00fcck, darunter:<br \/>\n 6 Tischmesser<br \/>\n &#8211; 6 Tischgabeln<br \/>\n &#8211; 6 Essl\u00f6ffel<br \/>\n &#8211; 6 Dessertl\u00f6ffel<br \/>\n &#8211; Schnitzset (2 St\u00fcck)<br \/>\n &#8211; K\u00e4seset (2 St\u00fcck) Laguiole<\/p>\n<p> hochwertige handwerkliche Produktion in Aubrac<\/p>\n","protected":false},"featured_media":53213,"template":"","meta":{"_acf_changed":false,"_monsterinsights_skip_tracking":false,"_monsterinsights_sitenote_active":false,"_monsterinsights_sitenote_note":"","_monsterinsights_sitenote_category":0},"product_brand":[],"product_cat":[5955,5959],"product_tag":[],"class_list":{"0":"post-53187","1":"product","2":"type-product","3":"status-publish","4":"has-post-thumbnail","6":"product_cat-laguiole-tafelbesteck","7":"product_cat-besteckkasten","8":"pa_manche-en-bois-wacholder","9":"pa_marque-laguiole-en-aubracfr","10":"pa_mitres-2-gehrungen","11":"pa_mitres-gebuersteter-edelstahl","12":"tm-has-options","15":"onbackorder","16":"taxable","17":"shipping-taxable","18":"purchasable","19":"product-type-simple"},"supplier_id":null,"supplier_sku":"","barcode":null,"atum_controlled":true,"out_stock_date":"2026-04-23 12:41:00","out_stock_threshold":null,"inheritable":false,"inbound_stock":0,"stock_on_hold":0,"sold_today":0,"sales_last_days":0,"reserved_stock":0,"customer_returns":0,"warehouse_damage":0,"lost_in_post":0,"other_logs":0,"out_stock_days":15,"lost_sales":0,"has_location":false,"update_date":"2026-05-09T00:55:44","atum_locations":[],"atum_stock_status":"onbackorder","restock_status":false,"low_stock_amount":"","sales_update_date":"2026-05-09T00:55:44","calc_backorders":0,"acf":[],"yoast_head":"<!-- This site is optimized with the Yoast SEO plugin v27.3 - https:\/\/yoast.com\/product\/yoast-seo-wordpress\/ -->\n<title>28-teiliges Wacholderbesteck-Set \u2013 High-End-franz\u00f6sisches Besteck<\/title>\n<meta name=\"description\" content=\"Entdecken Sie das Aubrac 28-teilige Besteckset aus Wacholder: hochwertiges franz\u00f6sisches Handbesteck. Duftholz, einzigartiges Finish, eleganter Full-Service.\" \/>\n<meta name=\"robots\" content=\"index, follow, max-snippet:-1, max-image-preview:large, max-video-preview:-1\" \/>\n<link rel=\"canonical\" href=\"https:\/\/laguiole.com\/de\/produit\/laguiole-besteckset-aus-aubrac-aus-olivenbaum-28-teile-copie\/\" \/>\n<meta property=\"og:locale\" content=\"de_DE\" \/>\n<meta property=\"og:type\" content=\"article\" \/>\n<meta property=\"og:title\" content=\"28-teiliges Wacholderbesteck-Set \u2013 High-End-franz\u00f6sisches Besteck\" \/>\n<meta property=\"og:description\" content=\"Entdecken Sie das Aubrac 28-teilige Besteckset aus Wacholder: hochwertiges franz\u00f6sisches Handbesteck. Duftholz, einzigartiges Finish, eleganter Full-Service.\" \/>\n<meta property=\"og:url\" content=\"https:\/\/laguiole.com\/de\/produit\/laguiole-besteckset-aus-aubrac-aus-olivenbaum-28-teile-copie\/\" \/>\n<meta property=\"og:site_name\" content=\"Laguiole.com \u00ae\" \/>\n<meta property=\"article:publisher\" content=\"https:\/\/www.facebook.com\/laguiolecom\/\" \/>\n<meta property=\"article:modified_time\" content=\"2026-04-23T10:59:38+00:00\" \/>\n<meta property=\"og:image\" content=\"https:\/\/laguiole.com\/wp-content\/uploads\/2023\/08\/logo_laguiole_com_\u00ae_300dpi_Noir_et_Blanc.jpg\" \/>\n\t<meta property=\"og:image:width\" content=\"1920\" \/>\n\t<meta property=\"og:image:height\" content=\"854\" \/>\n\t<meta property=\"og:image:type\" content=\"image\/jpeg\" \/>\n<meta name=\"twitter:card\" content=\"summary_large_image\" \/>\n<meta name=\"twitter:label1\" content=\"Gesch\u00e4tzte Lesezeit\" \/>\n\t<meta name=\"twitter:data1\" content=\"1\u00a0Minute\" \/>\n<script type=\"application\/ld+json\" class=\"yoast-schema-graph\">{\"@context\":\"https:\\\/\\\/schema.org\",\"@graph\":[{\"@type\":\"WebPage\",\"@id\":\"https:\\\/\\\/laguiole.com\\\/de\\\/produit\\\/laguiole-besteckset-aus-aubrac-aus-olivenbaum-28-teile-copie\\\/\",\"url\":\"https:\\\/\\\/laguiole.com\\\/de\\\/produit\\\/laguiole-besteckset-aus-aubrac-aus-olivenbaum-28-teile-copie\\\/\",\"name\":\"28-teiliges Wacholderbesteck-Set \u2013 High-End-franz\u00f6sisches Besteck\",\"isPartOf\":{\"@id\":\"https:\\\/\\\/laguiole.com\\\/de\\\/#website\"},\"primaryImageOfPage\":{\"@id\":\"https:\\\/\\\/laguiole.com\\\/de\\\/produit\\\/laguiole-besteckset-aus-aubrac-aus-olivenbaum-28-teile-copie\\\/#primaryimage\"},\"image\":{\"@id\":\"https:\\\/\\\/laguiole.com\\\/de\\\/produit\\\/laguiole-besteckset-aus-aubrac-aus-olivenbaum-28-teile-copie\\\/#primaryimage\"},\"thumbnailUrl\":\"https:\\\/\\\/laguiole.com\\\/wp-content\\\/uploads\\\/2026\\\/04\\\/Menagere_Laguiole_en_Aubrac_en_Genevrier_28_pieces_00.jpg\",\"datePublished\":\"2026-04-23T10:18:41+00:00\",\"dateModified\":\"2026-04-23T10:59:38+00:00\",\"description\":\"Entdecken Sie das Aubrac 28-teilige Besteckset aus Wacholder: hochwertiges franz\u00f6sisches Handbesteck. Duftholz, einzigartiges Finish, eleganter Full-Service.\",\"breadcrumb\":{\"@id\":\"https:\\\/\\\/laguiole.com\\\/de\\\/produit\\\/laguiole-besteckset-aus-aubrac-aus-olivenbaum-28-teile-copie\\\/#breadcrumb\"},\"inLanguage\":\"de\",\"potentialAction\":[{\"@type\":\"ReadAction\",\"target\":[\"https:\\\/\\\/laguiole.com\\\/de\\\/produit\\\/laguiole-besteckset-aus-aubrac-aus-olivenbaum-28-teile-copie\\\/\"]}]},{\"@type\":\"ImageObject\",\"inLanguage\":\"de\",\"@id\":\"https:\\\/\\\/laguiole.com\\\/de\\\/produit\\\/laguiole-besteckset-aus-aubrac-aus-olivenbaum-28-teile-copie\\\/#primaryimage\",\"url\":\"https:\\\/\\\/laguiole.com\\\/wp-content\\\/uploads\\\/2026\\\/04\\\/Menagere_Laguiole_en_Aubrac_en_Genevrier_28_pieces_00.jpg\",\"contentUrl\":\"https:\\\/\\\/laguiole.com\\\/wp-content\\\/uploads\\\/2026\\\/04\\\/Menagere_Laguiole_en_Aubrac_en_Genevrier_28_pieces_00.jpg\",\"width\":1033,\"height\":1033,\"caption\":\"M\u00e9nag\u00e8re Laguiole en Aubrac en Genevrier (28 pi\u00e8ces)\"},{\"@type\":\"BreadcrumbList\",\"@id\":\"https:\\\/\\\/laguiole.com\\\/de\\\/produit\\\/laguiole-besteckset-aus-aubrac-aus-olivenbaum-28-teile-copie\\\/#breadcrumb\",\"itemListElement\":[{\"@type\":\"ListItem\",\"position\":1,\"name\":\"Accueil\",\"item\":\"https:\\\/\\\/laguiole.com\\\/de\\\/\"},{\"@type\":\"ListItem\",\"position\":2,\"name\":\"Shop\",\"item\":\"https:\\\/\\\/laguiole.com\\\/de\\\/shop-2\\\/\"},{\"@type\":\"ListItem\",\"position\":3,\"name\":\"Laguiole-Besteck in Aubrac in Juniper (28 St\u00fcck)\"}]},{\"@type\":\"WebSite\",\"@id\":\"https:\\\/\\\/laguiole.com\\\/de\\\/#website\",\"url\":\"https:\\\/\\\/laguiole.com\\\/de\\\/\",\"name\":\"Laguiole.com\",\"description\":\"Laguiole - Couteau laguiole, Chateau Laguiole, Laguiole en Aubrac, Forge de Laguiole\",\"publisher\":{\"@id\":\"https:\\\/\\\/laguiole.com\\\/de\\\/#organization\"},\"potentialAction\":[{\"@type\":\"SearchAction\",\"target\":{\"@type\":\"EntryPoint\",\"urlTemplate\":\"https:\\\/\\\/laguiole.com\\\/de\\\/?s={search_term_string}\"},\"query-input\":{\"@type\":\"PropertyValueSpecification\",\"valueRequired\":true,\"valueName\":\"search_term_string\"}}],\"inLanguage\":\"de\"},{\"@type\":\"Organization\",\"@id\":\"https:\\\/\\\/laguiole.com\\\/de\\\/#organization\",\"name\":\"Laguiole.com\",\"url\":\"https:\\\/\\\/laguiole.com\\\/de\\\/\",\"logo\":{\"@type\":\"ImageObject\",\"inLanguage\":\"de\",\"@id\":\"https:\\\/\\\/laguiole.com\\\/de\\\/#\\\/schema\\\/logo\\\/image\\\/\",\"url\":\"https:\\\/\\\/laguiole.com\\\/wp-content\\\/uploads\\\/2021\\\/02\\\/logo_laguiole.com-horizontal.jpg\",\"contentUrl\":\"https:\\\/\\\/laguiole.com\\\/wp-content\\\/uploads\\\/2021\\\/02\\\/logo_laguiole.com-horizontal.jpg\",\"width\":490,\"height\":156,\"caption\":\"Laguiole.com\"},\"image\":{\"@id\":\"https:\\\/\\\/laguiole.com\\\/de\\\/#\\\/schema\\\/logo\\\/image\\\/\"},\"sameAs\":[\"https:\\\/\\\/www.facebook.com\\\/laguiolecom\\\/\",\"https:\\\/\\\/www.instagram.com\\\/laguiolecom\\\/\",\"https:\\\/\\\/www.youtube.com\\\/@laguiolecom\\\/videos\"]}]}<\/script>\n<!-- \/ Yoast SEO plugin. -->","yoast_head_json":{"title":"28-teiliges Wacholderbesteck-Set \u2013 High-End-franz\u00f6sisches Besteck","description":"Entdecken Sie das Aubrac 28-teilige Besteckset aus Wacholder: hochwertiges franz\u00f6sisches Handbesteck. Duftholz, einzigartiges Finish, eleganter Full-Service.","robots":{"index":"index","follow":"follow","max-snippet":"max-snippet:-1","max-image-preview":"max-image-preview:large","max-video-preview":"max-video-preview:-1"},"canonical":"https:\/\/laguiole.com\/de\/produit\/laguiole-besteckset-aus-aubrac-aus-olivenbaum-28-teile-copie\/","og_locale":"de_DE","og_type":"article","og_title":"28-teiliges Wacholderbesteck-Set \u2013 High-End-franz\u00f6sisches Besteck","og_description":"Entdecken Sie das Aubrac 28-teilige Besteckset aus Wacholder: hochwertiges franz\u00f6sisches Handbesteck. Duftholz, einzigartiges Finish, eleganter Full-Service.","og_url":"https:\/\/laguiole.com\/de\/produit\/laguiole-besteckset-aus-aubrac-aus-olivenbaum-28-teile-copie\/","og_site_name":"Laguiole.com \u00ae","article_publisher":"https:\/\/www.facebook.com\/laguiolecom\/","article_modified_time":"2026-04-23T10:59:38+00:00","og_image":[{"width":1920,"height":854,"url":"https:\/\/laguiole.com\/wp-content\/uploads\/2023\/08\/logo_laguiole_com_\u00ae_300dpi_Noir_et_Blanc.jpg","type":"image\/jpeg"}],"twitter_card":"summary_large_image","twitter_misc":{"Gesch\u00e4tzte Lesezeit":"1\u00a0Minute"},"schema":{"@context":"https:\/\/schema.org","@graph":[{"@type":"WebPage","@id":"https:\/\/laguiole.com\/de\/produit\/laguiole-besteckset-aus-aubrac-aus-olivenbaum-28-teile-copie\/","url":"https:\/\/laguiole.com\/de\/produit\/laguiole-besteckset-aus-aubrac-aus-olivenbaum-28-teile-copie\/","name":"28-teiliges Wacholderbesteck-Set \u2013 High-End-franz\u00f6sisches Besteck","isPartOf":{"@id":"https:\/\/laguiole.com\/de\/#website"},"primaryImageOfPage":{"@id":"https:\/\/laguiole.com\/de\/produit\/laguiole-besteckset-aus-aubrac-aus-olivenbaum-28-teile-copie\/#primaryimage"},"image":{"@id":"https:\/\/laguiole.com\/de\/produit\/laguiole-besteckset-aus-aubrac-aus-olivenbaum-28-teile-copie\/#primaryimage"},"thumbnailUrl":"https:\/\/laguiole.com\/wp-content\/uploads\/2026\/04\/Menagere_Laguiole_en_Aubrac_en_Genevrier_28_pieces_00.jpg","datePublished":"2026-04-23T10:18:41+00:00","dateModified":"2026-04-23T10:59:38+00:00","description":"Entdecken Sie das Aubrac 28-teilige Besteckset aus Wacholder: hochwertiges franz\u00f6sisches Handbesteck. Duftholz, einzigartiges Finish, eleganter Full-Service.","breadcrumb":{"@id":"https:\/\/laguiole.com\/de\/produit\/laguiole-besteckset-aus-aubrac-aus-olivenbaum-28-teile-copie\/#breadcrumb"},"inLanguage":"de","potentialAction":[{"@type":"ReadAction","target":["https:\/\/laguiole.com\/de\/produit\/laguiole-besteckset-aus-aubrac-aus-olivenbaum-28-teile-copie\/"]}]},{"@type":"ImageObject","inLanguage":"de","@id":"https:\/\/laguiole.com\/de\/produit\/laguiole-besteckset-aus-aubrac-aus-olivenbaum-28-teile-copie\/#primaryimage","url":"https:\/\/laguiole.com\/wp-content\/uploads\/2026\/04\/Menagere_Laguiole_en_Aubrac_en_Genevrier_28_pieces_00.jpg","contentUrl":"https:\/\/laguiole.com\/wp-content\/uploads\/2026\/04\/Menagere_Laguiole_en_Aubrac_en_Genevrier_28_pieces_00.jpg","width":1033,"height":1033,"caption":"M\u00e9nag\u00e8re Laguiole en Aubrac en Genevrier (28 pi\u00e8ces)"},{"@type":"BreadcrumbList","@id":"https:\/\/laguiole.com\/de\/produit\/laguiole-besteckset-aus-aubrac-aus-olivenbaum-28-teile-copie\/#breadcrumb","itemListElement":[{"@type":"ListItem","position":1,"name":"Accueil","item":"https:\/\/laguiole.com\/de\/"},{"@type":"ListItem","position":2,"name":"Shop","item":"https:\/\/laguiole.com\/de\/shop-2\/"},{"@type":"ListItem","position":3,"name":"Laguiole-Besteck in Aubrac in Juniper (28 St\u00fcck)"}]},{"@type":"WebSite","@id":"https:\/\/laguiole.com\/de\/#website","url":"https:\/\/laguiole.com\/de\/","name":"Laguiole.com","description":"Laguiole - Couteau laguiole, Chateau Laguiole, Laguiole en Aubrac, Forge de Laguiole","publisher":{"@id":"https:\/\/laguiole.com\/de\/#organization"},"potentialAction":[{"@type":"SearchAction","target":{"@type":"EntryPoint","urlTemplate":"https:\/\/laguiole.com\/de\/?s={search_term_string}"},"query-input":{"@type":"PropertyValueSpecification","valueRequired":true,"valueName":"search_term_string"}}],"inLanguage":"de"},{"@type":"Organization","@id":"https:\/\/laguiole.com\/de\/#organization","name":"Laguiole.com","url":"https:\/\/laguiole.com\/de\/","logo":{"@type":"ImageObject","inLanguage":"de","@id":"https:\/\/laguiole.com\/de\/#\/schema\/logo\/image\/","url":"https:\/\/laguiole.com\/wp-content\/uploads\/2021\/02\/logo_laguiole.com-horizontal.jpg","contentUrl":"https:\/\/laguiole.com\/wp-content\/uploads\/2021\/02\/logo_laguiole.com-horizontal.jpg","width":490,"height":156,"caption":"Laguiole.com"},"image":{"@id":"https:\/\/laguiole.com\/de\/#\/schema\/logo\/image\/"},"sameAs":["https:\/\/www.facebook.com\/laguiolecom\/","https:\/\/www.instagram.com\/laguiolecom\/","https:\/\/www.youtube.com\/@laguiolecom\/videos"]}]}},"_links":{"self":[{"href":"https:\/\/laguiole.com\/de\/wp-json\/wp\/v2\/product\/53187","targetHints":{"allow":["GET"]}}],"collection":[{"href":"https:\/\/laguiole.com\/de\/wp-json\/wp\/v2\/product"}],"about":[{"href":"https:\/\/laguiole.com\/de\/wp-json\/wp\/v2\/types\/product"}],"version-history":[{"count":1,"href":"https:\/\/laguiole.com\/de\/wp-json\/wp\/v2\/product\/53187\/revisions"}],"predecessor-version":[{"id":53191,"href":"https:\/\/laguiole.com\/de\/wp-json\/wp\/v2\/product\/53187\/revisions\/53191"}],"wp:featuredmedia":[{"embeddable":true,"href":"https:\/\/laguiole.com\/de\/wp-json\/wp\/v2\/media\/53213"}],"wp:attachment":[{"href":"https:\/\/laguiole.com\/de\/wp-json\/wp\/v2\/media?parent=53187"}],"wp:term":[{"taxonomy":"product_brand","embeddable":true,"href":"https:\/\/laguiole.com\/de\/wp-json\/wp\/v2\/product_brand?post=53187"},{"taxonomy":"product_cat","embeddable":true,"href":"https:\/\/laguiole.com\/de\/wp-json\/wp\/v2\/product_cat?post=53187"},{"taxonomy":"product_tag","embeddable":true,"href":"https:\/\/laguiole.com\/de\/wp-json\/wp\/v2\/product_tag?post=53187"}],"curies":[{"name":"wp","href":"https:\/\/api.w.org\/{rel}","templated":true}]}}