{"id":53071,"date":"2026-04-22T19:06:23","date_gmt":"2026-04-22T17:06:23","guid":{"rendered":"https:\/\/laguiole.com\/?post_type=product&#038;p=53071"},"modified":"2026-04-22T19:32:23","modified_gmt":"2026-04-22T17:32:23","slug":"laguiole-lederetui-mit-luxus-lederetui-aus-genarbtem-leder-in-schwarz","status":"publish","type":"product","link":"https:\/\/laguiole.com\/de\/produit\/laguiole-lederetui-mit-luxus-lederetui-aus-genarbtem-leder-in-schwarz\/","title":{"rendered":"Laguiole Lederetui mit Schwarz Korn \u2013 Elegantes Accessoire mit franz\u00f6sischer Flagge"},"content":{"rendered":"<h2 data-section-id=\"jvz4xc\" data-start=\"2786\" data-end=\"2869\">Luxus Lederetui aus genarbtem Leder in Schwarz \u2013 F\u00fcr Laguiole Messer 9 bis 12 cm<\/h2>\n<p data-start=\"2871\" data-end=\"3197\">Bieten Sie Ihrem Messer einen eleganten und zeitlosen Schutz mit diesem Luxus Lederetui aus genarbtem Leder in Schwarz. Entwickelt f\u00fcr Laguiole Messer sowie Klappmesser von 9 bis 12 cm, vereint es Stil, Sicherheit und Funktionalit\u00e4t. Dank seines kompakten Formats passt es problemlos in eine Tasche f\u00fcr den t\u00e4glichen Gebrauch.<\/p>\n<hr data-start=\"3199\" data-end=\"3202\" \/>\n<h3 data-section-id=\"1tv9f71\" data-start=\"3204\" data-end=\"3250\">\u2728 Hochwertiges Lederetui mit edlen Details<\/h3>\n<p data-start=\"3252\" data-end=\"3486\">Zun\u00e4chst wird dieses Etui aus hochwertigem genarbtem Leder gefertigt, das f\u00fcr seine nat\u00fcrliche Struktur und angenehme Haptik gesch\u00e4tzt wird. Zudem kommt es ohne k\u00fcnstliche Beschichtung aus und bleibt dadurch authentisch und langlebig.<\/p>\n<p data-start=\"3488\" data-end=\"3674\">Anschlie\u00dfend sorgen Ton-in-Ton-N\u00e4hte f\u00fcr Stabilit\u00e4t und eine elegante, dezente Optik. Au\u00dferdem sch\u00fctzt das vollst\u00e4ndig gef\u00fctterte Innenfutter Ihr Messer effektiv vor Kratzern und St\u00f6\u00dfen.<\/p>\n<p data-start=\"3676\" data-end=\"3842\">Die Lederklappe sorgt f\u00fcr einen sicheren Verschluss und zeigt ein besonderes Detail: \ud83c\uddeb\ud83c\uddf7 eine dezente franz\u00f6sische Flagge als Symbol f\u00fcr Qualit\u00e4t und Handwerkskunst.<\/p>\n<hr data-start=\"3844\" data-end=\"3847\" \/>\n<h3 data-section-id=\"1ssifiy\" data-start=\"3849\" data-end=\"3900\">\ud83c\udfa8 Eine zeitlose und vielseitige schwarze Farbe<\/h3>\n<p data-start=\"3902\" data-end=\"4044\">Dieses Modell zeichnet sich durch seine schwarze Farbe aus. Sie ist schlicht, elegant und zeitlos und gilt als sichere sowie universelle Wahl.<\/p>\n<p data-start=\"4046\" data-end=\"4156\">Schwarz l\u00e4sst sich hervorragend mit <strong data-start=\"4082\" data-end=\"4108\">allen Griffmaterialien<\/strong> kombinieren und ist daher besonders vielseitig:<\/p>\n<ul data-start=\"4158\" data-end=\"4311\">\n<li data-section-id=\"15pfuuj\" data-start=\"4158\" data-end=\"4202\">alle Holzarten (helles und dunkles Holz)<\/li>\n<li data-section-id=\"wboonz\" data-start=\"4203\" data-end=\"4264\">alle Hornarten (helles Horn oder dunkles Horn wie B\u00fcffel)<\/li>\n<li data-section-id=\"1hnuyo5\" data-start=\"4265\" data-end=\"4293\">mineralische Materialien<\/li>\n<li data-section-id=\"y1l1n4\" data-start=\"4294\" data-end=\"4311\">farbige Harze<\/li>\n<\/ul>\n<p data-start=\"4313\" data-end=\"4562\">Dadurch wertet dieses Etui sowohl traditionelle als auch moderne Messer auf. Es erm\u00f6glicht eine nat\u00fcrliche Harmonie oder einen eleganten Kontrast, je nach Stil. Somit ist es sowohl eine \u00e4sthetische als auch praktische Wahl f\u00fcr viele Einsatzbereiche.<\/p>\n<hr data-start=\"4564\" data-end=\"4567\" \/>\n<h3 data-section-id=\"3rw2zi\" data-start=\"4569\" data-end=\"4590\">\ud83d\udd2a Kompatibilit\u00e4t<\/h3>\n<p data-start=\"4592\" data-end=\"4605\">Geeignet f\u00fcr:<\/p>\n<ul data-start=\"4607\" data-end=\"4756\">\n<li data-section-id=\"1clrcv0\" data-start=\"4607\" data-end=\"4642\">Laguiole Messer von 9 bis 12 cm<\/li>\n<li data-section-id=\"1s0z0wr\" data-start=\"4643\" data-end=\"4681\">Messer mit Doppelplatine bis 12 cm<\/li>\n<li data-section-id=\"1p493bw\" data-start=\"4682\" data-end=\"4714\">Zweiteilige Messer bis 12 cm<\/li>\n<li data-section-id=\"1m58458\" data-start=\"4715\" data-end=\"4734\">Sommeliermesser<\/li>\n<li data-section-id=\"1nm80kf\" data-start=\"4735\" data-end=\"4756\">Zigarrenschneider<\/li>\n<\/ul>\n<p data-start=\"4758\" data-end=\"4777\">Nicht geeignet f\u00fcr:<\/p>\n<ul data-start=\"4779\" data-end=\"4834\">\n<li data-section-id=\"1u7d2r7\" data-start=\"4779\" data-end=\"4800\">Messer \u00fcber 12 cm<\/li>\n<li data-section-id=\"z6tt9y\" data-start=\"4801\" data-end=\"4834\">Jagdmesser mit dicken Griffen<\/li>\n<\/ul>\n<hr data-start=\"4836\" data-end=\"4839\" \/>\n<h3 data-section-id=\"1n12kcv\" data-start=\"4841\" data-end=\"4867\">\ud83c\udfaf Praktisch im Alltag<\/h3>\n<p data-start=\"4869\" data-end=\"5020\">Dank seiner kompakten Gr\u00f6\u00dfe l\u00e4sst sich dieses Etui leicht transportieren und passt problemlos in eine Tasche. So bleibt Ihr Messer jederzeit gesch\u00fctzt.<\/p>\n<p data-start=\"5022\" data-end=\"5121\">F\u00fcr die Hosentasche ist es jedoch weniger geeignet, da es auf Sicherheit und Komfort ausgelegt ist.<\/p>\n<hr data-start=\"5123\" data-end=\"5126\" \/>\n<h3 data-section-id=\"1lwpxyc\" data-start=\"5128\" data-end=\"5180\">\ud83d\udcbc Ein elegantes und langlebiges Lederaccessoire<\/h3>\n<p data-start=\"5182\" data-end=\"5386\">Zusammenfassend vereint dieses schwarze Laguiole Lederetui Stil, Robustheit und Funktionalit\u00e4t. Es richtet sich an anspruchsvolle Nutzer, die ein hochwertiges, langlebiges und zeitloses Accessoire suchen.<\/p>\n","protected":false},"excerpt":{"rendered":"<p>Luxus-Ledertasche<br \/>\nmit Korn Farbe: Schwarz<br \/>\nEinfacher Klappenverschluss ohne Druck<br \/>\nKeine G\u00fcrtelschlaufe<br \/>\nFranz\u00f6sische Flagge am Rand des Koffers unter der Klappe<br \/>\nTon-auf-Ton-Naht<br \/>\nVollst\u00e4ndig mit Leder<br \/>\ngef\u00fcttert Sehr angenehme Gestaltung<\/p>\n<p>L\u00e4nge: 14 cm Klappe geschlossen<br \/>\nGesamtbreite: 5 cm<br \/>\nInnenbreite: 4 cm<\/p>\n<p><strong>Geeignet f\u00fcr alle Laguiole-Messer bis zu 12 cm, einschlie\u00dflich Doppelplatten und zweiteiliger Messer (mit Korkenzieher) sowie Sommeliers und Zigarrenmesser<\/strong><\/p>\n<p>Nicht geeignet f\u00fcr Messer \u00fcber 12 cm oder Jagdtypen.<\/p>\n","protected":false},"featured_media":53073,"template":"","meta":{"_acf_changed":false,"_monsterinsights_skip_tracking":false,"_monsterinsights_sitenote_active":false,"_monsterinsights_sitenote_note":"","_monsterinsights_sitenote_category":0},"product_brand":[],"product_cat":[5952],"product_tag":[],"class_list":{"0":"post-53071","1":"product","2":"type-product","3":"status-publish","4":"has-post-thumbnail","6":"product_cat-messerfutteral","7":"pa_etuis-cuir-pour-10-cm","8":"pa_etuis-cuir-pour-11-12-cm","9":"pa_etuis-cuir-pour-laguiole","10":"pa_etuis-cuir-pour-messer-mit-korkenzieher","11":"pa_etuis-cuir-pour-messer-mit-korkenzieher-2","12":"pa_etuis-cuir-pour-kellnermesser-2","13":"tm-no-options","16":"instock","17":"taxable","18":"shipping-taxable","19":"purchasable","20":"product-type-simple"},"supplier_id":null,"supplier_sku":"","barcode":null,"atum_controlled":true,"out_stock_date":null,"out_stock_threshold":null,"inheritable":false,"inbound_stock":0,"stock_on_hold":0,"sold_today":0,"sales_last_days":0,"reserved_stock":0,"customer_returns":0,"warehouse_damage":0,"lost_in_post":0,"other_logs":0,"out_stock_days":0,"lost_sales":0,"has_location":false,"update_date":"2026-04-28T00:42:16","atum_locations":[],"atum_stock_status":"instock","restock_status":false,"low_stock_amount":"","sales_update_date":"2026-04-28T00:42:16","calc_backorders":null,"acf":[],"yoast_head":"<!-- This site is optimized with the Yoast SEO plugin v27.3 - https:\/\/yoast.com\/product\/yoast-seo-wordpress\/ -->\n<title>Laguiole Lederetui mit Schwarz Korn \u2013 Elegantes Accessoire mit franz\u00f6sischer Flagge - Laguiole.com \u00ae<\/title>\n<meta name=\"robots\" content=\"index, follow, max-snippet:-1, max-image-preview:large, max-video-preview:-1\" \/>\n<link rel=\"canonical\" href=\"https:\/\/laguiole.com\/de\/produit\/laguiole-lederetui-mit-luxus-lederetui-aus-genarbtem-leder-in-schwarz\/\" \/>\n<meta property=\"og:locale\" content=\"de_DE\" \/>\n<meta property=\"og:type\" content=\"article\" \/>\n<meta property=\"og:title\" content=\"Laguiole Lederetui mit Schwarz Korn \u2013 Elegantes Accessoire mit franz\u00f6sischer Flagge - Laguiole.com \u00ae\" \/>\n<meta property=\"og:description\" content=\"Luxus-Ledertasche mit Korn Farbe: Schwarz Einfacher Klappenverschluss ohne Druck Keine G\u00fcrtelschlaufe Franz\u00f6sische Flagge am Rand des Koffers unter der Klappe Ton-auf-Ton-Naht Vollst\u00e4ndig mit Leder gef\u00fcttert Sehr angenehme Gestaltung  L\u00e4nge: 14 cm Klappe geschlossen Gesamtbreite: 5 cm Innenbreite: 4 cm  Geeignet f\u00fcr alle Laguiole-Messer bis zu 12 cm, einschlie\u00dflich Doppelplatten und zweiteiliger Messer (mit Korkenzieher) sowie Sommeliers und Zigarrenmesser  Nicht geeignet f\u00fcr Messer \u00fcber 12 cm oder Jagdtypen.\" \/>\n<meta property=\"og:url\" content=\"https:\/\/laguiole.com\/de\/produit\/laguiole-lederetui-mit-luxus-lederetui-aus-genarbtem-leder-in-schwarz\/\" \/>\n<meta property=\"og:site_name\" content=\"Laguiole.com \u00ae\" \/>\n<meta property=\"article:publisher\" content=\"https:\/\/www.facebook.com\/laguiolecom\/\" \/>\n<meta property=\"article:modified_time\" content=\"2026-04-22T17:32:23+00:00\" \/>\n<meta property=\"og:image\" content=\"https:\/\/laguiole.com\/wp-content\/uploads\/2023\/08\/logo_laguiole_com_\u00ae_300dpi_Noir_et_Blanc.jpg\" \/>\n\t<meta property=\"og:image:width\" content=\"1920\" \/>\n\t<meta property=\"og:image:height\" content=\"854\" \/>\n\t<meta property=\"og:image:type\" content=\"image\/jpeg\" \/>\n<meta name=\"twitter:card\" content=\"summary_large_image\" \/>\n<meta name=\"twitter:label1\" content=\"Gesch\u00e4tzte Lesezeit\" \/>\n\t<meta name=\"twitter:data1\" content=\"2\u00a0Minute\" \/>\n<script type=\"application\/ld+json\" class=\"yoast-schema-graph\">{\"@context\":\"https:\\\/\\\/schema.org\",\"@graph\":[{\"@type\":\"WebPage\",\"@id\":\"https:\\\/\\\/laguiole.com\\\/de\\\/produit\\\/laguiole-lederetui-mit-luxus-lederetui-aus-genarbtem-leder-in-schwarz\\\/\",\"url\":\"https:\\\/\\\/laguiole.com\\\/de\\\/produit\\\/laguiole-lederetui-mit-luxus-lederetui-aus-genarbtem-leder-in-schwarz\\\/\",\"name\":\"Laguiole Lederetui mit Schwarz Korn \u2013 Elegantes Accessoire mit franz\u00f6sischer Flagge - Laguiole.com \u00ae\",\"isPartOf\":{\"@id\":\"https:\\\/\\\/laguiole.com\\\/de\\\/#website\"},\"primaryImageOfPage\":{\"@id\":\"https:\\\/\\\/laguiole.com\\\/de\\\/produit\\\/laguiole-lederetui-mit-luxus-lederetui-aus-genarbtem-leder-in-schwarz\\\/#primaryimage\"},\"image\":{\"@id\":\"https:\\\/\\\/laguiole.com\\\/de\\\/produit\\\/laguiole-lederetui-mit-luxus-lederetui-aus-genarbtem-leder-in-schwarz\\\/#primaryimage\"},\"thumbnailUrl\":\"https:\\\/\\\/laguiole.com\\\/wp-content\\\/uploads\\\/2023\\\/07\\\/Etui_cuire_noir_Max_Capedebarthes_00.jpg\",\"datePublished\":\"2026-04-22T17:06:23+00:00\",\"dateModified\":\"2026-04-22T17:32:23+00:00\",\"breadcrumb\":{\"@id\":\"https:\\\/\\\/laguiole.com\\\/de\\\/produit\\\/laguiole-lederetui-mit-luxus-lederetui-aus-genarbtem-leder-in-schwarz\\\/#breadcrumb\"},\"inLanguage\":\"de\",\"potentialAction\":[{\"@type\":\"ReadAction\",\"target\":[\"https:\\\/\\\/laguiole.com\\\/de\\\/produit\\\/laguiole-lederetui-mit-luxus-lederetui-aus-genarbtem-leder-in-schwarz\\\/\"]}]},{\"@type\":\"ImageObject\",\"inLanguage\":\"de\",\"@id\":\"https:\\\/\\\/laguiole.com\\\/de\\\/produit\\\/laguiole-lederetui-mit-luxus-lederetui-aus-genarbtem-leder-in-schwarz\\\/#primaryimage\",\"url\":\"https:\\\/\\\/laguiole.com\\\/wp-content\\\/uploads\\\/2023\\\/07\\\/Etui_cuire_noir_Max_Capedebarthes_00.jpg\",\"contentUrl\":\"https:\\\/\\\/laguiole.com\\\/wp-content\\\/uploads\\\/2023\\\/07\\\/Etui_cuire_noir_Max_Capedebarthes_00.jpg\",\"width\":1033,\"height\":1033},{\"@type\":\"BreadcrumbList\",\"@id\":\"https:\\\/\\\/laguiole.com\\\/de\\\/produit\\\/laguiole-lederetui-mit-luxus-lederetui-aus-genarbtem-leder-in-schwarz\\\/#breadcrumb\",\"itemListElement\":[{\"@type\":\"ListItem\",\"position\":1,\"name\":\"Accueil\",\"item\":\"https:\\\/\\\/laguiole.com\\\/de\\\/\"},{\"@type\":\"ListItem\",\"position\":2,\"name\":\"Shop\",\"item\":\"https:\\\/\\\/laguiole.com\\\/de\\\/shop-2\\\/\"},{\"@type\":\"ListItem\",\"position\":3,\"name\":\"Laguiole Lederetui mit rotem Korn \u2013 Elegantes Accessoire mit franz\u00f6sischer Flagge (Copie)\"}]},{\"@type\":\"WebSite\",\"@id\":\"https:\\\/\\\/laguiole.com\\\/de\\\/#website\",\"url\":\"https:\\\/\\\/laguiole.com\\\/de\\\/\",\"name\":\"Laguiole.com\",\"description\":\"Laguiole - Couteau laguiole, Chateau Laguiole, Laguiole en Aubrac, Forge de Laguiole\",\"publisher\":{\"@id\":\"https:\\\/\\\/laguiole.com\\\/de\\\/#organization\"},\"potentialAction\":[{\"@type\":\"SearchAction\",\"target\":{\"@type\":\"EntryPoint\",\"urlTemplate\":\"https:\\\/\\\/laguiole.com\\\/de\\\/?s={search_term_string}\"},\"query-input\":{\"@type\":\"PropertyValueSpecification\",\"valueRequired\":true,\"valueName\":\"search_term_string\"}}],\"inLanguage\":\"de\"},{\"@type\":\"Organization\",\"@id\":\"https:\\\/\\\/laguiole.com\\\/de\\\/#organization\",\"name\":\"Laguiole.com\",\"url\":\"https:\\\/\\\/laguiole.com\\\/de\\\/\",\"logo\":{\"@type\":\"ImageObject\",\"inLanguage\":\"de\",\"@id\":\"https:\\\/\\\/laguiole.com\\\/de\\\/#\\\/schema\\\/logo\\\/image\\\/\",\"url\":\"https:\\\/\\\/laguiole.com\\\/wp-content\\\/uploads\\\/2021\\\/02\\\/logo_laguiole.com-horizontal.jpg\",\"contentUrl\":\"https:\\\/\\\/laguiole.com\\\/wp-content\\\/uploads\\\/2021\\\/02\\\/logo_laguiole.com-horizontal.jpg\",\"width\":490,\"height\":156,\"caption\":\"Laguiole.com\"},\"image\":{\"@id\":\"https:\\\/\\\/laguiole.com\\\/de\\\/#\\\/schema\\\/logo\\\/image\\\/\"},\"sameAs\":[\"https:\\\/\\\/www.facebook.com\\\/laguiolecom\\\/\",\"https:\\\/\\\/www.instagram.com\\\/laguiolecom\\\/\",\"https:\\\/\\\/www.youtube.com\\\/@laguiolecom\\\/videos\"]}]}<\/script>\n<!-- \/ Yoast SEO plugin. -->","yoast_head_json":{"title":"Laguiole Lederetui mit Schwarz Korn \u2013 Elegantes Accessoire mit franz\u00f6sischer Flagge - Laguiole.com \u00ae","robots":{"index":"index","follow":"follow","max-snippet":"max-snippet:-1","max-image-preview":"max-image-preview:large","max-video-preview":"max-video-preview:-1"},"canonical":"https:\/\/laguiole.com\/de\/produit\/laguiole-lederetui-mit-luxus-lederetui-aus-genarbtem-leder-in-schwarz\/","og_locale":"de_DE","og_type":"article","og_title":"Laguiole Lederetui mit Schwarz Korn \u2013 Elegantes Accessoire mit franz\u00f6sischer Flagge - Laguiole.com \u00ae","og_description":"Luxus-Ledertasche mit Korn Farbe: Schwarz Einfacher Klappenverschluss ohne Druck Keine G\u00fcrtelschlaufe Franz\u00f6sische Flagge am Rand des Koffers unter der Klappe Ton-auf-Ton-Naht Vollst\u00e4ndig mit Leder gef\u00fcttert Sehr angenehme Gestaltung  L\u00e4nge: 14 cm Klappe geschlossen Gesamtbreite: 5 cm Innenbreite: 4 cm  Geeignet f\u00fcr alle Laguiole-Messer bis zu 12 cm, einschlie\u00dflich Doppelplatten und zweiteiliger Messer (mit Korkenzieher) sowie Sommeliers und Zigarrenmesser  Nicht geeignet f\u00fcr Messer \u00fcber 12 cm oder Jagdtypen.","og_url":"https:\/\/laguiole.com\/de\/produit\/laguiole-lederetui-mit-luxus-lederetui-aus-genarbtem-leder-in-schwarz\/","og_site_name":"Laguiole.com \u00ae","article_publisher":"https:\/\/www.facebook.com\/laguiolecom\/","article_modified_time":"2026-04-22T17:32:23+00:00","og_image":[{"width":1920,"height":854,"url":"https:\/\/laguiole.com\/wp-content\/uploads\/2023\/08\/logo_laguiole_com_\u00ae_300dpi_Noir_et_Blanc.jpg","type":"image\/jpeg"}],"twitter_card":"summary_large_image","twitter_misc":{"Gesch\u00e4tzte Lesezeit":"2\u00a0Minute"},"schema":{"@context":"https:\/\/schema.org","@graph":[{"@type":"WebPage","@id":"https:\/\/laguiole.com\/de\/produit\/laguiole-lederetui-mit-luxus-lederetui-aus-genarbtem-leder-in-schwarz\/","url":"https:\/\/laguiole.com\/de\/produit\/laguiole-lederetui-mit-luxus-lederetui-aus-genarbtem-leder-in-schwarz\/","name":"Laguiole Lederetui mit Schwarz Korn \u2013 Elegantes Accessoire mit franz\u00f6sischer Flagge - Laguiole.com \u00ae","isPartOf":{"@id":"https:\/\/laguiole.com\/de\/#website"},"primaryImageOfPage":{"@id":"https:\/\/laguiole.com\/de\/produit\/laguiole-lederetui-mit-luxus-lederetui-aus-genarbtem-leder-in-schwarz\/#primaryimage"},"image":{"@id":"https:\/\/laguiole.com\/de\/produit\/laguiole-lederetui-mit-luxus-lederetui-aus-genarbtem-leder-in-schwarz\/#primaryimage"},"thumbnailUrl":"https:\/\/laguiole.com\/wp-content\/uploads\/2023\/07\/Etui_cuire_noir_Max_Capedebarthes_00.jpg","datePublished":"2026-04-22T17:06:23+00:00","dateModified":"2026-04-22T17:32:23+00:00","breadcrumb":{"@id":"https:\/\/laguiole.com\/de\/produit\/laguiole-lederetui-mit-luxus-lederetui-aus-genarbtem-leder-in-schwarz\/#breadcrumb"},"inLanguage":"de","potentialAction":[{"@type":"ReadAction","target":["https:\/\/laguiole.com\/de\/produit\/laguiole-lederetui-mit-luxus-lederetui-aus-genarbtem-leder-in-schwarz\/"]}]},{"@type":"ImageObject","inLanguage":"de","@id":"https:\/\/laguiole.com\/de\/produit\/laguiole-lederetui-mit-luxus-lederetui-aus-genarbtem-leder-in-schwarz\/#primaryimage","url":"https:\/\/laguiole.com\/wp-content\/uploads\/2023\/07\/Etui_cuire_noir_Max_Capedebarthes_00.jpg","contentUrl":"https:\/\/laguiole.com\/wp-content\/uploads\/2023\/07\/Etui_cuire_noir_Max_Capedebarthes_00.jpg","width":1033,"height":1033},{"@type":"BreadcrumbList","@id":"https:\/\/laguiole.com\/de\/produit\/laguiole-lederetui-mit-luxus-lederetui-aus-genarbtem-leder-in-schwarz\/#breadcrumb","itemListElement":[{"@type":"ListItem","position":1,"name":"Accueil","item":"https:\/\/laguiole.com\/de\/"},{"@type":"ListItem","position":2,"name":"Shop","item":"https:\/\/laguiole.com\/de\/shop-2\/"},{"@type":"ListItem","position":3,"name":"Laguiole Lederetui mit rotem Korn \u2013 Elegantes Accessoire mit franz\u00f6sischer Flagge (Copie)"}]},{"@type":"WebSite","@id":"https:\/\/laguiole.com\/de\/#website","url":"https:\/\/laguiole.com\/de\/","name":"Laguiole.com","description":"Laguiole - Couteau laguiole, Chateau Laguiole, Laguiole en Aubrac, Forge de Laguiole","publisher":{"@id":"https:\/\/laguiole.com\/de\/#organization"},"potentialAction":[{"@type":"SearchAction","target":{"@type":"EntryPoint","urlTemplate":"https:\/\/laguiole.com\/de\/?s={search_term_string}"},"query-input":{"@type":"PropertyValueSpecification","valueRequired":true,"valueName":"search_term_string"}}],"inLanguage":"de"},{"@type":"Organization","@id":"https:\/\/laguiole.com\/de\/#organization","name":"Laguiole.com","url":"https:\/\/laguiole.com\/de\/","logo":{"@type":"ImageObject","inLanguage":"de","@id":"https:\/\/laguiole.com\/de\/#\/schema\/logo\/image\/","url":"https:\/\/laguiole.com\/wp-content\/uploads\/2021\/02\/logo_laguiole.com-horizontal.jpg","contentUrl":"https:\/\/laguiole.com\/wp-content\/uploads\/2021\/02\/logo_laguiole.com-horizontal.jpg","width":490,"height":156,"caption":"Laguiole.com"},"image":{"@id":"https:\/\/laguiole.com\/de\/#\/schema\/logo\/image\/"},"sameAs":["https:\/\/www.facebook.com\/laguiolecom\/","https:\/\/www.instagram.com\/laguiolecom\/","https:\/\/www.youtube.com\/@laguiolecom\/videos"]}]}},"_links":{"self":[{"href":"https:\/\/laguiole.com\/de\/wp-json\/wp\/v2\/product\/53071","targetHints":{"allow":["GET"]}}],"collection":[{"href":"https:\/\/laguiole.com\/de\/wp-json\/wp\/v2\/product"}],"about":[{"href":"https:\/\/laguiole.com\/de\/wp-json\/wp\/v2\/types\/product"}],"version-history":[{"count":1,"href":"https:\/\/laguiole.com\/de\/wp-json\/wp\/v2\/product\/53071\/revisions"}],"predecessor-version":[{"id":53105,"href":"https:\/\/laguiole.com\/de\/wp-json\/wp\/v2\/product\/53071\/revisions\/53105"}],"wp:featuredmedia":[{"embeddable":true,"href":"https:\/\/laguiole.com\/de\/wp-json\/wp\/v2\/media\/53073"}],"wp:attachment":[{"href":"https:\/\/laguiole.com\/de\/wp-json\/wp\/v2\/media?parent=53071"}],"wp:term":[{"taxonomy":"product_brand","embeddable":true,"href":"https:\/\/laguiole.com\/de\/wp-json\/wp\/v2\/product_brand?post=53071"},{"taxonomy":"product_cat","embeddable":true,"href":"https:\/\/laguiole.com\/de\/wp-json\/wp\/v2\/product_cat?post=53071"},{"taxonomy":"product_tag","embeddable":true,"href":"https:\/\/laguiole.com\/de\/wp-json\/wp\/v2\/product_tag?post=53071"}],"curies":[{"name":"wp","href":"https:\/\/api.w.org\/{rel}","templated":true}]}}