{"id":53060,"date":"2026-04-22T18:56:30","date_gmt":"2026-04-22T16:56:30","guid":{"rendered":"https:\/\/laguiole.com\/?post_type=product&#038;p=53060"},"modified":"2026-04-22T19:04:45","modified_gmt":"2026-04-22T17:04:45","slug":"laguiole-lederhulle-mit-korn-orange-luxe-elegantes-accessoire-mit-franzosischer-flagge-copie","status":"publish","type":"product","link":"https:\/\/laguiole.com\/de\/produit\/laguiole-lederhulle-mit-korn-orange-luxe-elegantes-accessoire-mit-franzosischer-flagge-copie\/","title":{"rendered":"Laguiole Lederetui mit rotem Korn \u2013 Elegantes Accessoire mit franz\u00f6sischer Flagge"},"content":{"rendered":"<h2 data-section-id=\"qh59kn\" data-start=\"135\" data-end=\"203\">Rote luxuri\u00f6se Lederscheide mit Maserung \u2013 F\u00fcr Laguiole-Messer 9 bis 12 cm<\/h2>\n<p data-start=\"205\" data-end=\"545\">Verleihen Sie Ihrem Messer stilvollen Schutz voller Charakter mit dieser roten Deluxe-Lederh\u00fclle mit Maserung. Konzipiert f\u00fcr Laguiole-Messer sowie Faltmesser von 9 bis 12 cm, verbindet es perfekt Stil, Sicherheit und Praktikabilit\u00e4t. Au\u00dferdem passt er dank seiner kompakten Gr\u00f6\u00dfe problemlos in eine Tasche f\u00fcr den t\u00e4glichen Gebrauch.  <\/p>\n<hr data-start=\"547\" data-end=\"550\">\n<h3 data-section-id=\"g5elsr\" data-start=\"552\" data-end=\"607\">\u2728 Ein hochwertiges Lederetui mit schicken Oberfl\u00e4chen<\/h3>\n<p data-start=\"609\" data-end=\"847\">Zun\u00e4chst einmal besteht dieses Geh\u00e4use aus hochwertigem Leder mit Korn, das f\u00fcr seine nat\u00fcrliche Textur bekannt ist, die weich und angenehm anf\u00fchlt. Au\u00dferdem hat es keine Farbe oder k\u00fcnstliche Oberfl\u00e4chen, was einen authentischen und langlebigen Look garantiert. <\/p>\n<p data-start=\"849\" data-end=\"1094\">Dann verst\u00e4rkt die ton-auf-ton-Decknaht die Solidit\u00e4t und sorgt f\u00fcr ein elegantes und dezentes Finish. Au\u00dferdem ist das Innere vollst\u00e4ndig ausgekleidet, was Ihr Messer effektiv vor Kratzern und Unebenheiten im Alltag sch\u00fctzt. <\/p>\n<p data-start=\"1096\" data-end=\"1282\">Schlie\u00dflich sorgt die Lederlappe f\u00fcr einen sicheren Sitz. Au\u00dferdem zeigt er ein markantes Detail: \ud83c\uddeb\ud83c\uddf7 eine diskrete franz\u00f6sische Flagge unter der Klappe, ein Symbol f\u00fcr Qualit\u00e4t und Fachwissen. <\/p>\n<hr data-start=\"1284\" data-end=\"1287\">\n<h3 data-section-id=\"toqj57\" data-start=\"1289\" data-end=\"1331\">\ud83c\udfa8 Eine intensive und elegante rote Farbe<\/h3>\n<p data-start=\"1333\" data-end=\"1568\">Dieses Modell zeichnet sich durch seine rote Farbe aus. Intensiv, raffiniert und zeitlos zugleich, verleiht es Ihrem Messer einen Hauch von Durchsetzungsst\u00e4rke. Au\u00dferdem f\u00e4llt dieser tiefe Farbton auf, bewahrt dabei aber eine gro\u00dfe Eleganz.  <\/p>\n<p data-start=\"1570\" data-end=\"1626\">Tats\u00e4chlich passt es perfekt zu \u00c4rmeln aus folgenden Teilen:<\/p>\n<ul data-start=\"1628\" data-end=\"1738\">\n<li data-section-id=\"1k7nt7x\" data-start=\"1628\" data-end=\"1644\">Clear Horn<\/li>\n<li data-section-id=\"1ac4niq\" data-start=\"1645\" data-end=\"1675\">Dark Horn (B\u00fcffel-Typ)<\/li>\n<li data-section-id=\"1jc1wbr\" data-start=\"1676\" data-end=\"1698\">Glitzerharze<\/li>\n<li data-section-id=\"15o33di\" data-start=\"1699\" data-end=\"1719\">Wei\u00dfer Marshmallow<\/li>\n<li data-section-id=\"agfmee\" data-start=\"1720\" data-end=\"1738\">Schwarzer Marshmallow<\/li>\n<\/ul>\n<p data-start=\"1740\" data-end=\"1990\">So sublimiert dieser Fall Materialien, indem er entweder einen eleganten Kontrast oder eine kr\u00e4ftige Harmonie schafft. Daher ist es eine starke und unverwechselbare \u00e4sthetische Wahl. Schlie\u00dflich macht seine leuchtende Farbe es auch leicht, ihn in einer Tasche zu erkennen.  <\/p>\n<hr data-start=\"1992\" data-end=\"1995\">\n<h3 data-section-id=\"2h5521\" data-start=\"1997\" data-end=\"2030\">\ud83d\udd2a Messerkompatibilit\u00e4t<\/h3>\n<p data-start=\"2032\" data-end=\"2070\">Dieser Fall eignet sich perfekt f\u00fcr:<\/p>\n<ul data-start=\"2072\" data-end=\"2220\">\n<li data-section-id=\"1d69jjd\" data-start=\"2072\" data-end=\"2106\">Laguiole-Messer von 9 bis 12 cm<\/li>\n<li data-section-id=\"1cnx39q\" data-start=\"2107\" data-end=\"2148\">Doppelmesser bis zu 12 cm<\/li>\n<li data-section-id=\"1ij2za0\" data-start=\"2149\" data-end=\"2187\">Zweiteilige Messer bis zu 12 cm<\/li>\n<li data-section-id=\"xtclps\" data-start=\"2188\" data-end=\"2202\">Sommeliers<\/li>\n<li data-section-id=\"1x1740x\" data-start=\"2203\" data-end=\"2220\">Zigarrenschneider<\/li>\n<\/ul>\n<p data-start=\"2222\" data-end=\"2259\">Andererseits ist es nicht geeignet f\u00fcr:<\/p>\n<ul data-start=\"2261\" data-end=\"2337\">\n<li data-section-id=\"ksyvq3\" data-start=\"2261\" data-end=\"2290\">Messer \u00fcber 12 cm<\/li>\n<li data-section-id=\"xnoonq\" data-start=\"2291\" data-end=\"2337\">Jagdmesser mit dicken Griffen<\/li>\n<\/ul>\n<hr data-start=\"2339\" data-end=\"2342\">\n<h3 data-section-id=\"1y1f3mc\" data-start=\"2344\" data-end=\"2380\">\ud83c\udfaf Ein praktisches Geh\u00e4use f\u00fcr den t\u00e4glichen Gebrauch<\/h3>\n<p data-start=\"2382\" data-end=\"2537\">Dank seiner kompakten Gr\u00f6\u00dfe ist dieser Koffer leicht zu tragen und passt problemlos in eine Tasche. So bleibt Ihr Messer in allen Situationen gesch\u00fctzt. <\/p>\n<p data-start=\"2539\" data-end=\"2651\">Allerdings eignet es sich weniger gut in der Tasche und legt beim Reisen gro\u00dfen Wert auf Sicherheit und Komfort.<\/p>\n<hr data-start=\"2653\" data-end=\"2656\">\n<h3 data-section-id=\"nekj4t\" data-start=\"2658\" data-end=\"2699\">\ud83d\udcbc Ein schickes und langlebiges Lederaccessoire<\/h3>\n<p data-start=\"2701\" data-end=\"2888\">Zusammenfassend vereint dieses luxuri\u00f6se rote Laguiole-Lederetui \u00c4sthetik, Robustheit und Praktikabilit\u00e4t. Er richtet sich an anspruchsvolle Enthusiasten, die ein hochwertiges, langlebiges und markantes Accessoire suchen. <\/p>\n","protected":false},"excerpt":{"rendered":"<p>Luxus-Ledertasche<br \/>\nmit Korn Farbe: Rot<br \/>\nEinfacher Klappenverschluss ohne Druck<br \/>\nKeine G\u00fcrtelschlaufe<br \/>\nFranz\u00f6sische Flagge am Rand des Koffers unter der Klappe<br \/>\nTon-auf-Ton-Naht<br \/>\nVollst\u00e4ndig mit Leder<br \/>\ngef\u00fcttert Sehr angenehme Gestaltung<\/p>\n<p>L\u00e4nge: 14 cm Klappe geschlossen<br \/>\nGesamtbreite: 5 cm<br \/>\nInnenbreite: 4 cm<\/p>\n<p><strong>Geeignet f\u00fcr alle Laguiole-Messer bis zu 12 cm, einschlie\u00dflich Doppelplatten und zweiteiliger Messer (mit Korkenzieher) sowie Sommeliers und Zigarrenmesser<\/strong><\/p>\n<p>Nicht geeignet f\u00fcr Messer \u00fcber 12 cm oder Jagdtypen.<\/p>\n","protected":false},"featured_media":53062,"template":"","meta":{"_acf_changed":false,"_monsterinsights_skip_tracking":false,"_monsterinsights_sitenote_active":false,"_monsterinsights_sitenote_note":"","_monsterinsights_sitenote_category":0},"product_brand":[],"product_cat":[5952],"product_tag":[],"class_list":{"0":"post-53060","1":"product","2":"type-product","3":"status-publish","4":"has-post-thumbnail","6":"product_cat-messerfutteral","7":"pa_etuis-cuir-pour-10-cm","8":"pa_etuis-cuir-pour-11-12-cm","9":"pa_etuis-cuir-pour-laguiole","10":"pa_etuis-cuir-pour-messer-mit-korkenzieher","11":"pa_etuis-cuir-pour-messer-mit-korkenzieher-2","12":"pa_etuis-cuir-pour-kellnermesser-2","13":"tm-no-options","16":"instock","17":"taxable","18":"shipping-taxable","19":"purchasable","20":"product-type-simple"},"supplier_id":null,"supplier_sku":"","barcode":null,"atum_controlled":true,"out_stock_date":null,"out_stock_threshold":null,"inheritable":false,"inbound_stock":0,"stock_on_hold":0,"sold_today":0,"sales_last_days":0,"reserved_stock":0,"customer_returns":0,"warehouse_damage":0,"lost_in_post":0,"other_logs":0,"out_stock_days":0,"lost_sales":0,"has_location":false,"update_date":"2026-04-28T00:42:16","atum_locations":[],"atum_stock_status":"instock","restock_status":false,"low_stock_amount":"","sales_update_date":"2026-04-28T00:42:16","calc_backorders":null,"acf":[],"yoast_head":"<!-- This site is optimized with the Yoast SEO plugin v27.3 - https:\/\/yoast.com\/product\/yoast-seo-wordpress\/ -->\n<title>Laguiole Ledertasche Frankreich<\/title>\n<meta name=\"description\" content=\"Laguiole Luxuslederh\u00fclle 10\u201312 cm \ud83c\uddeb\ud83c\uddf7 \u2013 Sofortige Eleganz! Gef\u00fcttert, widerstandsf\u00e4hig, sicherer Klappe. Perfekt mit Geweih, klarem Horn. High-End-Modelle\" \/>\n<meta name=\"robots\" content=\"index, follow, max-snippet:-1, max-image-preview:large, max-video-preview:-1\" \/>\n<link rel=\"canonical\" href=\"https:\/\/laguiole.com\/de\/produit\/laguiole-lederhulle-mit-korn-orange-luxe-elegantes-accessoire-mit-franzosischer-flagge-copie\/\" \/>\n<meta property=\"og:locale\" content=\"de_DE\" \/>\n<meta property=\"og:type\" content=\"article\" \/>\n<meta property=\"og:title\" content=\"Laguiole Ledertasche Frankreich\" \/>\n<meta property=\"og:description\" content=\"Laguiole Luxuslederh\u00fclle 10\u201312 cm \ud83c\uddeb\ud83c\uddf7 \u2013 Sofortige Eleganz! Gef\u00fcttert, widerstandsf\u00e4hig, sicherer Klappe. Perfekt mit Geweih, klarem Horn. High-End-Modelle\" \/>\n<meta property=\"og:url\" content=\"https:\/\/laguiole.com\/de\/produit\/laguiole-lederhulle-mit-korn-orange-luxe-elegantes-accessoire-mit-franzosischer-flagge-copie\/\" \/>\n<meta property=\"og:site_name\" content=\"Laguiole.com \u00ae\" \/>\n<meta property=\"article:publisher\" content=\"https:\/\/www.facebook.com\/laguiolecom\/\" \/>\n<meta property=\"article:modified_time\" content=\"2026-04-22T17:04:45+00:00\" \/>\n<meta property=\"og:image\" content=\"https:\/\/laguiole.com\/wp-content\/uploads\/2023\/07\/Etui_cuire_rouge_Max_Capedebarthes_00.jpg\" \/>\n\t<meta property=\"og:image:width\" content=\"1033\" \/>\n\t<meta property=\"og:image:height\" content=\"1033\" \/>\n\t<meta property=\"og:image:type\" content=\"image\/jpeg\" \/>\n<meta name=\"twitter:card\" content=\"summary_large_image\" \/>\n<meta name=\"twitter:label1\" content=\"Gesch\u00e4tzte Lesezeit\" \/>\n\t<meta name=\"twitter:data1\" content=\"2\u00a0Minute\" \/>\n<script type=\"application\/ld+json\" class=\"yoast-schema-graph\">{\"@context\":\"https:\\\/\\\/schema.org\",\"@graph\":[{\"@type\":\"WebPage\",\"@id\":\"https:\\\/\\\/laguiole.com\\\/de\\\/produit\\\/laguiole-lederhulle-mit-korn-orange-luxe-elegantes-accessoire-mit-franzosischer-flagge-copie\\\/\",\"url\":\"https:\\\/\\\/laguiole.com\\\/de\\\/produit\\\/laguiole-lederhulle-mit-korn-orange-luxe-elegantes-accessoire-mit-franzosischer-flagge-copie\\\/\",\"name\":\"Laguiole Ledertasche Frankreich\",\"isPartOf\":{\"@id\":\"https:\\\/\\\/laguiole.com\\\/de\\\/#website\"},\"primaryImageOfPage\":{\"@id\":\"https:\\\/\\\/laguiole.com\\\/de\\\/produit\\\/laguiole-lederhulle-mit-korn-orange-luxe-elegantes-accessoire-mit-franzosischer-flagge-copie\\\/#primaryimage\"},\"image\":{\"@id\":\"https:\\\/\\\/laguiole.com\\\/de\\\/produit\\\/laguiole-lederhulle-mit-korn-orange-luxe-elegantes-accessoire-mit-franzosischer-flagge-copie\\\/#primaryimage\"},\"thumbnailUrl\":\"https:\\\/\\\/laguiole.com\\\/wp-content\\\/uploads\\\/2023\\\/07\\\/Etui_cuire_rouge_Max_Capedebarthes_00.jpg\",\"datePublished\":\"2026-04-22T16:56:30+00:00\",\"dateModified\":\"2026-04-22T17:04:45+00:00\",\"description\":\"Laguiole Luxuslederh\u00fclle 10\u201312 cm \ud83c\uddeb\ud83c\uddf7 \u2013 Sofortige Eleganz! Gef\u00fcttert, widerstandsf\u00e4hig, sicherer Klappe. Perfekt mit Geweih, klarem Horn. High-End-Modelle\",\"breadcrumb\":{\"@id\":\"https:\\\/\\\/laguiole.com\\\/de\\\/produit\\\/laguiole-lederhulle-mit-korn-orange-luxe-elegantes-accessoire-mit-franzosischer-flagge-copie\\\/#breadcrumb\"},\"inLanguage\":\"de\",\"potentialAction\":[{\"@type\":\"ReadAction\",\"target\":[\"https:\\\/\\\/laguiole.com\\\/de\\\/produit\\\/laguiole-lederhulle-mit-korn-orange-luxe-elegantes-accessoire-mit-franzosischer-flagge-copie\\\/\"]}]},{\"@type\":\"ImageObject\",\"inLanguage\":\"de\",\"@id\":\"https:\\\/\\\/laguiole.com\\\/de\\\/produit\\\/laguiole-lederhulle-mit-korn-orange-luxe-elegantes-accessoire-mit-franzosischer-flagge-copie\\\/#primaryimage\",\"url\":\"https:\\\/\\\/laguiole.com\\\/wp-content\\\/uploads\\\/2023\\\/07\\\/Etui_cuire_rouge_Max_Capedebarthes_00.jpg\",\"contentUrl\":\"https:\\\/\\\/laguiole.com\\\/wp-content\\\/uploads\\\/2023\\\/07\\\/Etui_cuire_rouge_Max_Capedebarthes_00.jpg\",\"width\":1033,\"height\":1033},{\"@type\":\"BreadcrumbList\",\"@id\":\"https:\\\/\\\/laguiole.com\\\/de\\\/produit\\\/laguiole-lederhulle-mit-korn-orange-luxe-elegantes-accessoire-mit-franzosischer-flagge-copie\\\/#breadcrumb\",\"itemListElement\":[{\"@type\":\"ListItem\",\"position\":1,\"name\":\"Accueil\",\"item\":\"https:\\\/\\\/laguiole.com\\\/de\\\/\"},{\"@type\":\"ListItem\",\"position\":2,\"name\":\"Shop\",\"item\":\"https:\\\/\\\/laguiole.com\\\/de\\\/shop-2\\\/\"},{\"@type\":\"ListItem\",\"position\":3,\"name\":\"Laguiole Lederetui mit rotem Korn \u2013 Elegantes Accessoire mit franz\u00f6sischer Flagge\"}]},{\"@type\":\"WebSite\",\"@id\":\"https:\\\/\\\/laguiole.com\\\/de\\\/#website\",\"url\":\"https:\\\/\\\/laguiole.com\\\/de\\\/\",\"name\":\"Laguiole.com\",\"description\":\"Laguiole - Couteau laguiole, Chateau Laguiole, Laguiole en Aubrac, Forge de Laguiole\",\"publisher\":{\"@id\":\"https:\\\/\\\/laguiole.com\\\/de\\\/#organization\"},\"potentialAction\":[{\"@type\":\"SearchAction\",\"target\":{\"@type\":\"EntryPoint\",\"urlTemplate\":\"https:\\\/\\\/laguiole.com\\\/de\\\/?s={search_term_string}\"},\"query-input\":{\"@type\":\"PropertyValueSpecification\",\"valueRequired\":true,\"valueName\":\"search_term_string\"}}],\"inLanguage\":\"de\"},{\"@type\":\"Organization\",\"@id\":\"https:\\\/\\\/laguiole.com\\\/de\\\/#organization\",\"name\":\"Laguiole.com\",\"url\":\"https:\\\/\\\/laguiole.com\\\/de\\\/\",\"logo\":{\"@type\":\"ImageObject\",\"inLanguage\":\"de\",\"@id\":\"https:\\\/\\\/laguiole.com\\\/de\\\/#\\\/schema\\\/logo\\\/image\\\/\",\"url\":\"https:\\\/\\\/laguiole.com\\\/wp-content\\\/uploads\\\/2021\\\/02\\\/logo_laguiole.com-horizontal.jpg\",\"contentUrl\":\"https:\\\/\\\/laguiole.com\\\/wp-content\\\/uploads\\\/2021\\\/02\\\/logo_laguiole.com-horizontal.jpg\",\"width\":490,\"height\":156,\"caption\":\"Laguiole.com\"},\"image\":{\"@id\":\"https:\\\/\\\/laguiole.com\\\/de\\\/#\\\/schema\\\/logo\\\/image\\\/\"},\"sameAs\":[\"https:\\\/\\\/www.facebook.com\\\/laguiolecom\\\/\",\"https:\\\/\\\/www.instagram.com\\\/laguiolecom\\\/\",\"https:\\\/\\\/www.youtube.com\\\/@laguiolecom\\\/videos\"]}]}<\/script>\n<!-- \/ Yoast SEO plugin. -->","yoast_head_json":{"title":"Laguiole Ledertasche Frankreich","description":"Laguiole Luxuslederh\u00fclle 10\u201312 cm \ud83c\uddeb\ud83c\uddf7 \u2013 Sofortige Eleganz! Gef\u00fcttert, widerstandsf\u00e4hig, sicherer Klappe. Perfekt mit Geweih, klarem Horn. High-End-Modelle","robots":{"index":"index","follow":"follow","max-snippet":"max-snippet:-1","max-image-preview":"max-image-preview:large","max-video-preview":"max-video-preview:-1"},"canonical":"https:\/\/laguiole.com\/de\/produit\/laguiole-lederhulle-mit-korn-orange-luxe-elegantes-accessoire-mit-franzosischer-flagge-copie\/","og_locale":"de_DE","og_type":"article","og_title":"Laguiole Ledertasche Frankreich","og_description":"Laguiole Luxuslederh\u00fclle 10\u201312 cm \ud83c\uddeb\ud83c\uddf7 \u2013 Sofortige Eleganz! Gef\u00fcttert, widerstandsf\u00e4hig, sicherer Klappe. Perfekt mit Geweih, klarem Horn. High-End-Modelle","og_url":"https:\/\/laguiole.com\/de\/produit\/laguiole-lederhulle-mit-korn-orange-luxe-elegantes-accessoire-mit-franzosischer-flagge-copie\/","og_site_name":"Laguiole.com \u00ae","article_publisher":"https:\/\/www.facebook.com\/laguiolecom\/","article_modified_time":"2026-04-22T17:04:45+00:00","og_image":[{"width":1033,"height":1033,"url":"https:\/\/laguiole.com\/wp-content\/uploads\/2023\/07\/Etui_cuire_rouge_Max_Capedebarthes_00.jpg","type":"image\/jpeg"}],"twitter_card":"summary_large_image","twitter_misc":{"Gesch\u00e4tzte Lesezeit":"2\u00a0Minute"},"schema":{"@context":"https:\/\/schema.org","@graph":[{"@type":"WebPage","@id":"https:\/\/laguiole.com\/de\/produit\/laguiole-lederhulle-mit-korn-orange-luxe-elegantes-accessoire-mit-franzosischer-flagge-copie\/","url":"https:\/\/laguiole.com\/de\/produit\/laguiole-lederhulle-mit-korn-orange-luxe-elegantes-accessoire-mit-franzosischer-flagge-copie\/","name":"Laguiole Ledertasche Frankreich","isPartOf":{"@id":"https:\/\/laguiole.com\/de\/#website"},"primaryImageOfPage":{"@id":"https:\/\/laguiole.com\/de\/produit\/laguiole-lederhulle-mit-korn-orange-luxe-elegantes-accessoire-mit-franzosischer-flagge-copie\/#primaryimage"},"image":{"@id":"https:\/\/laguiole.com\/de\/produit\/laguiole-lederhulle-mit-korn-orange-luxe-elegantes-accessoire-mit-franzosischer-flagge-copie\/#primaryimage"},"thumbnailUrl":"https:\/\/laguiole.com\/wp-content\/uploads\/2023\/07\/Etui_cuire_rouge_Max_Capedebarthes_00.jpg","datePublished":"2026-04-22T16:56:30+00:00","dateModified":"2026-04-22T17:04:45+00:00","description":"Laguiole Luxuslederh\u00fclle 10\u201312 cm \ud83c\uddeb\ud83c\uddf7 \u2013 Sofortige Eleganz! Gef\u00fcttert, widerstandsf\u00e4hig, sicherer Klappe. Perfekt mit Geweih, klarem Horn. High-End-Modelle","breadcrumb":{"@id":"https:\/\/laguiole.com\/de\/produit\/laguiole-lederhulle-mit-korn-orange-luxe-elegantes-accessoire-mit-franzosischer-flagge-copie\/#breadcrumb"},"inLanguage":"de","potentialAction":[{"@type":"ReadAction","target":["https:\/\/laguiole.com\/de\/produit\/laguiole-lederhulle-mit-korn-orange-luxe-elegantes-accessoire-mit-franzosischer-flagge-copie\/"]}]},{"@type":"ImageObject","inLanguage":"de","@id":"https:\/\/laguiole.com\/de\/produit\/laguiole-lederhulle-mit-korn-orange-luxe-elegantes-accessoire-mit-franzosischer-flagge-copie\/#primaryimage","url":"https:\/\/laguiole.com\/wp-content\/uploads\/2023\/07\/Etui_cuire_rouge_Max_Capedebarthes_00.jpg","contentUrl":"https:\/\/laguiole.com\/wp-content\/uploads\/2023\/07\/Etui_cuire_rouge_Max_Capedebarthes_00.jpg","width":1033,"height":1033},{"@type":"BreadcrumbList","@id":"https:\/\/laguiole.com\/de\/produit\/laguiole-lederhulle-mit-korn-orange-luxe-elegantes-accessoire-mit-franzosischer-flagge-copie\/#breadcrumb","itemListElement":[{"@type":"ListItem","position":1,"name":"Accueil","item":"https:\/\/laguiole.com\/de\/"},{"@type":"ListItem","position":2,"name":"Shop","item":"https:\/\/laguiole.com\/de\/shop-2\/"},{"@type":"ListItem","position":3,"name":"Laguiole Lederetui mit rotem Korn \u2013 Elegantes Accessoire mit franz\u00f6sischer Flagge"}]},{"@type":"WebSite","@id":"https:\/\/laguiole.com\/de\/#website","url":"https:\/\/laguiole.com\/de\/","name":"Laguiole.com","description":"Laguiole - Couteau laguiole, Chateau Laguiole, Laguiole en Aubrac, Forge de Laguiole","publisher":{"@id":"https:\/\/laguiole.com\/de\/#organization"},"potentialAction":[{"@type":"SearchAction","target":{"@type":"EntryPoint","urlTemplate":"https:\/\/laguiole.com\/de\/?s={search_term_string}"},"query-input":{"@type":"PropertyValueSpecification","valueRequired":true,"valueName":"search_term_string"}}],"inLanguage":"de"},{"@type":"Organization","@id":"https:\/\/laguiole.com\/de\/#organization","name":"Laguiole.com","url":"https:\/\/laguiole.com\/de\/","logo":{"@type":"ImageObject","inLanguage":"de","@id":"https:\/\/laguiole.com\/de\/#\/schema\/logo\/image\/","url":"https:\/\/laguiole.com\/wp-content\/uploads\/2021\/02\/logo_laguiole.com-horizontal.jpg","contentUrl":"https:\/\/laguiole.com\/wp-content\/uploads\/2021\/02\/logo_laguiole.com-horizontal.jpg","width":490,"height":156,"caption":"Laguiole.com"},"image":{"@id":"https:\/\/laguiole.com\/de\/#\/schema\/logo\/image\/"},"sameAs":["https:\/\/www.facebook.com\/laguiolecom\/","https:\/\/www.instagram.com\/laguiolecom\/","https:\/\/www.youtube.com\/@laguiolecom\/videos"]}]}},"_links":{"self":[{"href":"https:\/\/laguiole.com\/de\/wp-json\/wp\/v2\/product\/53060","targetHints":{"allow":["GET"]}}],"collection":[{"href":"https:\/\/laguiole.com\/de\/wp-json\/wp\/v2\/product"}],"about":[{"href":"https:\/\/laguiole.com\/de\/wp-json\/wp\/v2\/types\/product"}],"version-history":[{"count":1,"href":"https:\/\/laguiole.com\/de\/wp-json\/wp\/v2\/product\/53060\/revisions"}],"predecessor-version":[{"id":53069,"href":"https:\/\/laguiole.com\/de\/wp-json\/wp\/v2\/product\/53060\/revisions\/53069"}],"wp:featuredmedia":[{"embeddable":true,"href":"https:\/\/laguiole.com\/de\/wp-json\/wp\/v2\/media\/53062"}],"wp:attachment":[{"href":"https:\/\/laguiole.com\/de\/wp-json\/wp\/v2\/media?parent=53060"}],"wp:term":[{"taxonomy":"product_brand","embeddable":true,"href":"https:\/\/laguiole.com\/de\/wp-json\/wp\/v2\/product_brand?post=53060"},{"taxonomy":"product_cat","embeddable":true,"href":"https:\/\/laguiole.com\/de\/wp-json\/wp\/v2\/product_cat?post=53060"},{"taxonomy":"product_tag","embeddable":true,"href":"https:\/\/laguiole.com\/de\/wp-json\/wp\/v2\/product_tag?post=53060"}],"curies":[{"name":"wp","href":"https:\/\/api.w.org\/{rel}","templated":true}]}}