{"id":53046,"date":"2026-04-22T14:01:51","date_gmt":"2026-04-22T12:01:51","guid":{"rendered":"https:\/\/laguiole.com\/?post_type=product&#038;p=53046"},"modified":"2026-04-22T14:15:37","modified_gmt":"2026-04-22T12:15:37","slug":"laguiole-lederhuelle-mit-korn-orange-luxe-elegantes-accessoire-mit-franzoesischer-flagge","status":"publish","type":"product","link":"https:\/\/laguiole.com\/de\/produit\/laguiole-lederhuelle-mit-korn-orange-luxe-elegantes-accessoire-mit-franzoesischer-flagge\/","title":{"rendered":"Laguiole Lederh\u00fclle mit Korn Orange Luxe \u2013 elegantes Accessoire mit franz\u00f6sischer Flagge"},"content":{"rendered":"<h2 data-section-id=\"1m6oe3q\" data-start=\"5176\" data-end=\"5258\">Luxus Lederetui aus genarbtem Leder in Orange \u2013 F\u00fcr Laguiole Messer 9 bis 12 cm<\/h2>\n<p data-start=\"5260\" data-end=\"5598\">Verleihen Sie Ihrem Messer einen eleganten und lebendigen Schutz mit diesem Luxus Lederetui aus genarbtem Leder in Orange. Es wurde f\u00fcr Laguiole Messer sowie Klappmesser von 9 bis 12 cm entwickelt und vereint Stil, Sicherheit und Funktionalit\u00e4t. Dank seines kompakten Formats passt es problemlos in eine Tasche f\u00fcr den t\u00e4glichen Gebrauch.<\/p>\n<hr data-start=\"5600\" data-end=\"5603\" \/>\n<h3 data-section-id=\"1tv9f71\" data-start=\"5605\" data-end=\"5651\">\u2728 Hochwertiges Lederetui mit edlen Details<\/h3>\n<p data-start=\"5653\" data-end=\"5866\">Zun\u00e4chst besteht dieses Etui aus hochwertigem genarbtem Leder, das f\u00fcr seine nat\u00fcrliche Struktur und angenehme Haptik gesch\u00e4tzt wird. Zudem kommt es ohne k\u00fcnstliche Beschichtung aus und bleibt dadurch authentisch.<\/p>\n<p data-start=\"5868\" data-end=\"6035\">Anschlie\u00dfend sorgen Ton-in-Ton-N\u00e4hte f\u00fcr Stabilit\u00e4t und eine elegante Optik. Au\u00dferdem sch\u00fctzt das vollst\u00e4ndig gef\u00fctterte Innenleben das Messer vor Kratzern und St\u00f6\u00dfen.<\/p>\n<p data-start=\"6037\" data-end=\"6189\">Die Lederklappe gew\u00e4hrleistet einen sicheren Verschluss und zeigt ein besonderes Detail: \ud83c\uddeb\ud83c\uddf7 eine dezente franz\u00f6sische Flagge als Zeichen von Qualit\u00e4t.<\/p>\n<hr data-start=\"6191\" data-end=\"6194\" \/>\n<h3 data-section-id=\"opgitl\" data-start=\"6196\" data-end=\"6247\">\ud83c\udfa8 Eine frische und fr\u00fchlingshafte orange Farbe<\/h3>\n<p data-start=\"6249\" data-end=\"6399\">Dieses Modell \u00fcberzeugt durch seine orange Farbe. Sie wirkt frisch, lebendig und fr\u00fchlingshaft und verleiht Ihrem Messer eine dynamische Ausstrahlung.<\/p>\n<p data-start=\"6401\" data-end=\"6438\">Es passt hervorragend zu Griffen aus:<\/p>\n<ul data-start=\"6440\" data-end=\"6488\">\n<li data-section-id=\"2rnaba\" data-start=\"6440\" data-end=\"6455\">hellem Horn<\/li>\n<li data-section-id=\"2r6zss\" data-start=\"6456\" data-end=\"6471\">hellem Holz<\/li>\n<li data-section-id=\"1d9l1pl\" data-start=\"6472\" data-end=\"6488\">dunklem Holz<\/li>\n<\/ul>\n<p data-start=\"6490\" data-end=\"6634\">Somit entsteht entweder ein lebendiger Kontrast oder eine warme Harmonie. Dadurch bleibt dieses Etui eine auff\u00e4llige und zugleich elegante Wahl.<\/p>\n<hr data-start=\"6636\" data-end=\"6639\" \/>\n<h3 data-section-id=\"3rw2zi\" data-start=\"6641\" data-end=\"6662\">\ud83d\udd2a Kompatibilit\u00e4t<\/h3>\n<p data-start=\"6664\" data-end=\"6677\">Geeignet f\u00fcr:<\/p>\n<ul data-start=\"6679\" data-end=\"6828\">\n<li data-section-id=\"1clrcv0\" data-start=\"6679\" data-end=\"6714\">Laguiole Messer von 9 bis 12 cm<\/li>\n<li data-section-id=\"1s0z0wr\" data-start=\"6715\" data-end=\"6753\">Messer mit Doppelplatine bis 12 cm<\/li>\n<li data-section-id=\"1p493bw\" data-start=\"6754\" data-end=\"6786\">Zweiteilige Messer bis 12 cm<\/li>\n<li data-section-id=\"1m58458\" data-start=\"6787\" data-end=\"6806\">Sommeliermesser<\/li>\n<li data-section-id=\"1nm80kf\" data-start=\"6807\" data-end=\"6828\">Zigarrenschneider<\/li>\n<\/ul>\n<p data-start=\"6830\" data-end=\"6849\">Nicht geeignet f\u00fcr:<\/p>\n<ul data-start=\"6851\" data-end=\"6906\">\n<li data-section-id=\"1u7d2r7\" data-start=\"6851\" data-end=\"6872\">Messer \u00fcber 12 cm<\/li>\n<li data-section-id=\"z6tt9y\" data-start=\"6873\" data-end=\"6906\">Jagdmesser mit dicken Griffen<\/li>\n<\/ul>\n<hr data-start=\"6908\" data-end=\"6911\" \/>\n<h3 data-section-id=\"1n12kcv\" data-start=\"6913\" data-end=\"6939\">\ud83c\udfaf Praktisch im Alltag<\/h3>\n<p data-start=\"6941\" data-end=\"7079\">Dank seiner kompakten Gr\u00f6\u00dfe l\u00e4sst sich dieses Etui leicht transportieren und passt in jede Tasche. So bleibt Ihr Messer optimal gesch\u00fctzt.<\/p>\n<p data-start=\"7081\" data-end=\"7180\">F\u00fcr die Hosentasche ist es jedoch weniger geeignet, da es auf Sicherheit und Komfort ausgelegt ist.<\/p>\n<hr data-start=\"7182\" data-end=\"7185\" \/>\n<h3 data-section-id=\"1lwpxyc\" data-start=\"7187\" data-end=\"7239\">\ud83d\udcbc Ein elegantes und langlebiges Lederaccessoire<\/h3>\n<p data-start=\"7241\" data-end=\"7421\">Zusammenfassend vereint dieses orange Laguiole Lederetui Stil, Qualit\u00e4t und Funktionalit\u00e4t. Ideal f\u00fcr anspruchsvolle Nutzer, die ein hochwertiges und originelles Accessoire suchen.<\/p>\n","protected":false},"excerpt":{"rendered":"<p>Luxus-Tasche<br \/>\nmit Lederfaser Farbe: Orange<br \/>\nEinfacher Klappenverschluss ohne Klick<br \/>\nKeine G\u00fcrtelschlaufe<br \/>\nFranz\u00f6sische Fahne am Rand des Etui unter der Klappe<br \/>\nTon-auf-Ton-Naht<br \/>\nVollst\u00e4ndig mit Leder<br \/>\ngef\u00fcttert Sehr angenehme Akzent<\/p>\n<p>L\u00e4nge: 14 cm Klappe geschlossen<br \/>\nGesamtbreite: 5 cm<br \/>\nInnenbreite: 4 cm<\/p>\n<p><strong>Geeignet f\u00fcr alle Laguiole-Messer bis zu 12 cm, einschlie\u00dflich Doppelplatten und zweiteiliger Messer (mit Korkenzieher) sowie Sommeliers und Zigarrenmesser<\/strong><\/p>\n<p>Nicht geeignet f\u00fcr Messer \u00fcber 12 cm oder Jagdtypen.<\/p>\n","protected":false},"featured_media":53048,"template":"","meta":{"_acf_changed":false,"_monsterinsights_skip_tracking":false,"_monsterinsights_sitenote_active":false,"_monsterinsights_sitenote_note":"","_monsterinsights_sitenote_category":0},"product_brand":[],"product_cat":[5952],"product_tag":[],"class_list":{"0":"post-53046","1":"product","2":"type-product","3":"status-publish","4":"has-post-thumbnail","6":"product_cat-messerfutteral","7":"pa_etuis-cuir-pour-10-cm","8":"pa_etuis-cuir-pour-11-12-cm","9":"pa_etuis-cuir-pour-laguiole","10":"pa_etuis-cuir-pour-messer-mit-korkenzieher","11":"pa_etuis-cuir-pour-messer-mit-korkenzieher-2","12":"pa_etuis-cuir-pour-kellnermesser-2","13":"tm-no-options","16":"instock","17":"taxable","18":"shipping-taxable","19":"purchasable","20":"product-type-simple"},"supplier_id":null,"supplier_sku":"","barcode":null,"atum_controlled":true,"out_stock_date":null,"out_stock_threshold":null,"inheritable":false,"inbound_stock":0,"stock_on_hold":0,"sold_today":0,"sales_last_days":0,"reserved_stock":0,"customer_returns":0,"warehouse_damage":0,"lost_in_post":0,"other_logs":0,"out_stock_days":0,"lost_sales":0,"has_location":false,"update_date":"2026-04-28T00:42:16","atum_locations":[],"atum_stock_status":"instock","restock_status":false,"low_stock_amount":"","sales_update_date":"2026-04-28T00:42:16","calc_backorders":null,"acf":[],"yoast_head":"<!-- This site is optimized with the Yoast SEO plugin v27.3 - https:\/\/yoast.com\/product\/yoast-seo-wordpress\/ -->\n<title>Laguiole Lederh\u00fclle mit Korn Orange Luxe \u2013 elegantes Accessoire mit franz\u00f6sischer Flagge - Laguiole.com \u00ae<\/title>\n<meta name=\"robots\" content=\"index, follow, max-snippet:-1, max-image-preview:large, max-video-preview:-1\" \/>\n<link rel=\"canonical\" href=\"https:\/\/laguiole.com\/de\/produit\/laguiole-lederhuelle-mit-korn-orange-luxe-elegantes-accessoire-mit-franzoesischer-flagge\/\" \/>\n<meta property=\"og:locale\" content=\"de_DE\" \/>\n<meta property=\"og:type\" content=\"article\" \/>\n<meta property=\"og:title\" content=\"Laguiole Lederh\u00fclle mit Korn Orange Luxe \u2013 elegantes Accessoire mit franz\u00f6sischer Flagge - Laguiole.com \u00ae\" \/>\n<meta property=\"og:description\" content=\"Luxus-Tasche mit Lederfaser Farbe: Orange Einfacher Klappenverschluss ohne Klick Keine G\u00fcrtelschlaufe Franz\u00f6sische Fahne am Rand des Etui unter der Klappe Ton-auf-Ton-Naht Vollst\u00e4ndig mit Leder gef\u00fcttert Sehr angenehme Akzent  L\u00e4nge: 14 cm Klappe geschlossen Gesamtbreite: 5 cm Innenbreite: 4 cm  Geeignet f\u00fcr alle Laguiole-Messer bis zu 12 cm, einschlie\u00dflich Doppelplatten und zweiteiliger Messer (mit Korkenzieher) sowie Sommeliers und Zigarrenmesser  Nicht geeignet f\u00fcr Messer \u00fcber 12 cm oder Jagdtypen.\" \/>\n<meta property=\"og:url\" content=\"https:\/\/laguiole.com\/de\/produit\/laguiole-lederhuelle-mit-korn-orange-luxe-elegantes-accessoire-mit-franzoesischer-flagge\/\" \/>\n<meta property=\"og:site_name\" content=\"Laguiole.com \u00ae\" \/>\n<meta property=\"article:publisher\" content=\"https:\/\/www.facebook.com\/laguiolecom\/\" \/>\n<meta property=\"article:modified_time\" content=\"2026-04-22T12:15:37+00:00\" \/>\n<meta property=\"og:image\" content=\"https:\/\/laguiole.com\/wp-content\/uploads\/2023\/08\/logo_laguiole_com_\u00ae_300dpi_Noir_et_Blanc.jpg\" \/>\n\t<meta property=\"og:image:width\" content=\"1920\" \/>\n\t<meta property=\"og:image:height\" content=\"854\" \/>\n\t<meta property=\"og:image:type\" content=\"image\/jpeg\" \/>\n<meta name=\"twitter:card\" content=\"summary_large_image\" \/>\n<meta name=\"twitter:label1\" content=\"Gesch\u00e4tzte Lesezeit\" \/>\n\t<meta name=\"twitter:data1\" content=\"2\u00a0Minute\" \/>\n<script type=\"application\/ld+json\" class=\"yoast-schema-graph\">{\"@context\":\"https:\\\/\\\/schema.org\",\"@graph\":[{\"@type\":\"WebPage\",\"@id\":\"https:\\\/\\\/laguiole.com\\\/de\\\/produit\\\/laguiole-lederhuelle-mit-korn-orange-luxe-elegantes-accessoire-mit-franzoesischer-flagge\\\/\",\"url\":\"https:\\\/\\\/laguiole.com\\\/de\\\/produit\\\/laguiole-lederhuelle-mit-korn-orange-luxe-elegantes-accessoire-mit-franzoesischer-flagge\\\/\",\"name\":\"Laguiole Lederh\u00fclle mit Korn Orange Luxe \u2013 elegantes Accessoire mit franz\u00f6sischer Flagge - Laguiole.com \u00ae\",\"isPartOf\":{\"@id\":\"https:\\\/\\\/laguiole.com\\\/de\\\/#website\"},\"primaryImageOfPage\":{\"@id\":\"https:\\\/\\\/laguiole.com\\\/de\\\/produit\\\/laguiole-lederhuelle-mit-korn-orange-luxe-elegantes-accessoire-mit-franzoesischer-flagge\\\/#primaryimage\"},\"image\":{\"@id\":\"https:\\\/\\\/laguiole.com\\\/de\\\/produit\\\/laguiole-lederhuelle-mit-korn-orange-luxe-elegantes-accessoire-mit-franzoesischer-flagge\\\/#primaryimage\"},\"thumbnailUrl\":\"https:\\\/\\\/laguiole.com\\\/wp-content\\\/uploads\\\/2023\\\/07\\\/Etui_cuire_orange_Max_Capedebarthes_00.jpg\",\"datePublished\":\"2026-04-22T12:01:51+00:00\",\"dateModified\":\"2026-04-22T12:15:37+00:00\",\"breadcrumb\":{\"@id\":\"https:\\\/\\\/laguiole.com\\\/de\\\/produit\\\/laguiole-lederhuelle-mit-korn-orange-luxe-elegantes-accessoire-mit-franzoesischer-flagge\\\/#breadcrumb\"},\"inLanguage\":\"de\",\"potentialAction\":[{\"@type\":\"ReadAction\",\"target\":[\"https:\\\/\\\/laguiole.com\\\/de\\\/produit\\\/laguiole-lederhuelle-mit-korn-orange-luxe-elegantes-accessoire-mit-franzoesischer-flagge\\\/\"]}]},{\"@type\":\"ImageObject\",\"inLanguage\":\"de\",\"@id\":\"https:\\\/\\\/laguiole.com\\\/de\\\/produit\\\/laguiole-lederhuelle-mit-korn-orange-luxe-elegantes-accessoire-mit-franzoesischer-flagge\\\/#primaryimage\",\"url\":\"https:\\\/\\\/laguiole.com\\\/wp-content\\\/uploads\\\/2023\\\/07\\\/Etui_cuire_orange_Max_Capedebarthes_00.jpg\",\"contentUrl\":\"https:\\\/\\\/laguiole.com\\\/wp-content\\\/uploads\\\/2023\\\/07\\\/Etui_cuire_orange_Max_Capedebarthes_00.jpg\",\"width\":1033,\"height\":1033},{\"@type\":\"BreadcrumbList\",\"@id\":\"https:\\\/\\\/laguiole.com\\\/de\\\/produit\\\/laguiole-lederhuelle-mit-korn-orange-luxe-elegantes-accessoire-mit-franzoesischer-flagge\\\/#breadcrumb\",\"itemListElement\":[{\"@type\":\"ListItem\",\"position\":1,\"name\":\"Accueil\",\"item\":\"https:\\\/\\\/laguiole.com\\\/de\\\/\"},{\"@type\":\"ListItem\",\"position\":2,\"name\":\"Shop\",\"item\":\"https:\\\/\\\/laguiole.com\\\/de\\\/shop-2\\\/\"},{\"@type\":\"ListItem\",\"position\":3,\"name\":\"Laguiole Lederh\u00fclle mit Korn Braun Luxe \u2013 elegantes Accessoire mit franz\u00f6sischer Flagge (Copie)\"}]},{\"@type\":\"WebSite\",\"@id\":\"https:\\\/\\\/laguiole.com\\\/de\\\/#website\",\"url\":\"https:\\\/\\\/laguiole.com\\\/de\\\/\",\"name\":\"Laguiole.com\",\"description\":\"Laguiole - Couteau laguiole, Chateau Laguiole, Laguiole en Aubrac, Forge de Laguiole\",\"publisher\":{\"@id\":\"https:\\\/\\\/laguiole.com\\\/de\\\/#organization\"},\"potentialAction\":[{\"@type\":\"SearchAction\",\"target\":{\"@type\":\"EntryPoint\",\"urlTemplate\":\"https:\\\/\\\/laguiole.com\\\/de\\\/?s={search_term_string}\"},\"query-input\":{\"@type\":\"PropertyValueSpecification\",\"valueRequired\":true,\"valueName\":\"search_term_string\"}}],\"inLanguage\":\"de\"},{\"@type\":\"Organization\",\"@id\":\"https:\\\/\\\/laguiole.com\\\/de\\\/#organization\",\"name\":\"Laguiole.com\",\"url\":\"https:\\\/\\\/laguiole.com\\\/de\\\/\",\"logo\":{\"@type\":\"ImageObject\",\"inLanguage\":\"de\",\"@id\":\"https:\\\/\\\/laguiole.com\\\/de\\\/#\\\/schema\\\/logo\\\/image\\\/\",\"url\":\"https:\\\/\\\/laguiole.com\\\/wp-content\\\/uploads\\\/2021\\\/02\\\/logo_laguiole.com-horizontal.jpg\",\"contentUrl\":\"https:\\\/\\\/laguiole.com\\\/wp-content\\\/uploads\\\/2021\\\/02\\\/logo_laguiole.com-horizontal.jpg\",\"width\":490,\"height\":156,\"caption\":\"Laguiole.com\"},\"image\":{\"@id\":\"https:\\\/\\\/laguiole.com\\\/de\\\/#\\\/schema\\\/logo\\\/image\\\/\"},\"sameAs\":[\"https:\\\/\\\/www.facebook.com\\\/laguiolecom\\\/\",\"https:\\\/\\\/www.instagram.com\\\/laguiolecom\\\/\",\"https:\\\/\\\/www.youtube.com\\\/@laguiolecom\\\/videos\"]}]}<\/script>\n<!-- \/ Yoast SEO plugin. -->","yoast_head_json":{"title":"Laguiole Lederh\u00fclle mit Korn Orange Luxe \u2013 elegantes Accessoire mit franz\u00f6sischer Flagge - Laguiole.com \u00ae","robots":{"index":"index","follow":"follow","max-snippet":"max-snippet:-1","max-image-preview":"max-image-preview:large","max-video-preview":"max-video-preview:-1"},"canonical":"https:\/\/laguiole.com\/de\/produit\/laguiole-lederhuelle-mit-korn-orange-luxe-elegantes-accessoire-mit-franzoesischer-flagge\/","og_locale":"de_DE","og_type":"article","og_title":"Laguiole Lederh\u00fclle mit Korn Orange Luxe \u2013 elegantes Accessoire mit franz\u00f6sischer Flagge - Laguiole.com \u00ae","og_description":"Luxus-Tasche mit Lederfaser Farbe: Orange Einfacher Klappenverschluss ohne Klick Keine G\u00fcrtelschlaufe Franz\u00f6sische Fahne am Rand des Etui unter der Klappe Ton-auf-Ton-Naht Vollst\u00e4ndig mit Leder gef\u00fcttert Sehr angenehme Akzent  L\u00e4nge: 14 cm Klappe geschlossen Gesamtbreite: 5 cm Innenbreite: 4 cm  Geeignet f\u00fcr alle Laguiole-Messer bis zu 12 cm, einschlie\u00dflich Doppelplatten und zweiteiliger Messer (mit Korkenzieher) sowie Sommeliers und Zigarrenmesser  Nicht geeignet f\u00fcr Messer \u00fcber 12 cm oder Jagdtypen.","og_url":"https:\/\/laguiole.com\/de\/produit\/laguiole-lederhuelle-mit-korn-orange-luxe-elegantes-accessoire-mit-franzoesischer-flagge\/","og_site_name":"Laguiole.com \u00ae","article_publisher":"https:\/\/www.facebook.com\/laguiolecom\/","article_modified_time":"2026-04-22T12:15:37+00:00","og_image":[{"width":1920,"height":854,"url":"https:\/\/laguiole.com\/wp-content\/uploads\/2023\/08\/logo_laguiole_com_\u00ae_300dpi_Noir_et_Blanc.jpg","type":"image\/jpeg"}],"twitter_card":"summary_large_image","twitter_misc":{"Gesch\u00e4tzte Lesezeit":"2\u00a0Minute"},"schema":{"@context":"https:\/\/schema.org","@graph":[{"@type":"WebPage","@id":"https:\/\/laguiole.com\/de\/produit\/laguiole-lederhuelle-mit-korn-orange-luxe-elegantes-accessoire-mit-franzoesischer-flagge\/","url":"https:\/\/laguiole.com\/de\/produit\/laguiole-lederhuelle-mit-korn-orange-luxe-elegantes-accessoire-mit-franzoesischer-flagge\/","name":"Laguiole Lederh\u00fclle mit Korn Orange Luxe \u2013 elegantes Accessoire mit franz\u00f6sischer Flagge - Laguiole.com \u00ae","isPartOf":{"@id":"https:\/\/laguiole.com\/de\/#website"},"primaryImageOfPage":{"@id":"https:\/\/laguiole.com\/de\/produit\/laguiole-lederhuelle-mit-korn-orange-luxe-elegantes-accessoire-mit-franzoesischer-flagge\/#primaryimage"},"image":{"@id":"https:\/\/laguiole.com\/de\/produit\/laguiole-lederhuelle-mit-korn-orange-luxe-elegantes-accessoire-mit-franzoesischer-flagge\/#primaryimage"},"thumbnailUrl":"https:\/\/laguiole.com\/wp-content\/uploads\/2023\/07\/Etui_cuire_orange_Max_Capedebarthes_00.jpg","datePublished":"2026-04-22T12:01:51+00:00","dateModified":"2026-04-22T12:15:37+00:00","breadcrumb":{"@id":"https:\/\/laguiole.com\/de\/produit\/laguiole-lederhuelle-mit-korn-orange-luxe-elegantes-accessoire-mit-franzoesischer-flagge\/#breadcrumb"},"inLanguage":"de","potentialAction":[{"@type":"ReadAction","target":["https:\/\/laguiole.com\/de\/produit\/laguiole-lederhuelle-mit-korn-orange-luxe-elegantes-accessoire-mit-franzoesischer-flagge\/"]}]},{"@type":"ImageObject","inLanguage":"de","@id":"https:\/\/laguiole.com\/de\/produit\/laguiole-lederhuelle-mit-korn-orange-luxe-elegantes-accessoire-mit-franzoesischer-flagge\/#primaryimage","url":"https:\/\/laguiole.com\/wp-content\/uploads\/2023\/07\/Etui_cuire_orange_Max_Capedebarthes_00.jpg","contentUrl":"https:\/\/laguiole.com\/wp-content\/uploads\/2023\/07\/Etui_cuire_orange_Max_Capedebarthes_00.jpg","width":1033,"height":1033},{"@type":"BreadcrumbList","@id":"https:\/\/laguiole.com\/de\/produit\/laguiole-lederhuelle-mit-korn-orange-luxe-elegantes-accessoire-mit-franzoesischer-flagge\/#breadcrumb","itemListElement":[{"@type":"ListItem","position":1,"name":"Accueil","item":"https:\/\/laguiole.com\/de\/"},{"@type":"ListItem","position":2,"name":"Shop","item":"https:\/\/laguiole.com\/de\/shop-2\/"},{"@type":"ListItem","position":3,"name":"Laguiole Lederh\u00fclle mit Korn Braun Luxe \u2013 elegantes Accessoire mit franz\u00f6sischer Flagge (Copie)"}]},{"@type":"WebSite","@id":"https:\/\/laguiole.com\/de\/#website","url":"https:\/\/laguiole.com\/de\/","name":"Laguiole.com","description":"Laguiole - Couteau laguiole, Chateau Laguiole, Laguiole en Aubrac, Forge de Laguiole","publisher":{"@id":"https:\/\/laguiole.com\/de\/#organization"},"potentialAction":[{"@type":"SearchAction","target":{"@type":"EntryPoint","urlTemplate":"https:\/\/laguiole.com\/de\/?s={search_term_string}"},"query-input":{"@type":"PropertyValueSpecification","valueRequired":true,"valueName":"search_term_string"}}],"inLanguage":"de"},{"@type":"Organization","@id":"https:\/\/laguiole.com\/de\/#organization","name":"Laguiole.com","url":"https:\/\/laguiole.com\/de\/","logo":{"@type":"ImageObject","inLanguage":"de","@id":"https:\/\/laguiole.com\/de\/#\/schema\/logo\/image\/","url":"https:\/\/laguiole.com\/wp-content\/uploads\/2021\/02\/logo_laguiole.com-horizontal.jpg","contentUrl":"https:\/\/laguiole.com\/wp-content\/uploads\/2021\/02\/logo_laguiole.com-horizontal.jpg","width":490,"height":156,"caption":"Laguiole.com"},"image":{"@id":"https:\/\/laguiole.com\/de\/#\/schema\/logo\/image\/"},"sameAs":["https:\/\/www.facebook.com\/laguiolecom\/","https:\/\/www.instagram.com\/laguiolecom\/","https:\/\/www.youtube.com\/@laguiolecom\/videos"]}]}},"_links":{"self":[{"href":"https:\/\/laguiole.com\/de\/wp-json\/wp\/v2\/product\/53046","targetHints":{"allow":["GET"]}}],"collection":[{"href":"https:\/\/laguiole.com\/de\/wp-json\/wp\/v2\/product"}],"about":[{"href":"https:\/\/laguiole.com\/de\/wp-json\/wp\/v2\/types\/product"}],"version-history":[{"count":1,"href":"https:\/\/laguiole.com\/de\/wp-json\/wp\/v2\/product\/53046\/revisions"}],"predecessor-version":[{"id":53056,"href":"https:\/\/laguiole.com\/de\/wp-json\/wp\/v2\/product\/53046\/revisions\/53056"}],"wp:featuredmedia":[{"embeddable":true,"href":"https:\/\/laguiole.com\/de\/wp-json\/wp\/v2\/media\/53048"}],"wp:attachment":[{"href":"https:\/\/laguiole.com\/de\/wp-json\/wp\/v2\/media?parent=53046"}],"wp:term":[{"taxonomy":"product_brand","embeddable":true,"href":"https:\/\/laguiole.com\/de\/wp-json\/wp\/v2\/product_brand?post=53046"},{"taxonomy":"product_cat","embeddable":true,"href":"https:\/\/laguiole.com\/de\/wp-json\/wp\/v2\/product_cat?post=53046"},{"taxonomy":"product_tag","embeddable":true,"href":"https:\/\/laguiole.com\/de\/wp-json\/wp\/v2\/product_tag?post=53046"}],"curies":[{"name":"wp","href":"https:\/\/api.w.org\/{rel}","templated":true}]}}