{"id":53033,"date":"2026-04-22T13:46:47","date_gmt":"2026-04-22T11:46:47","guid":{"rendered":"https:\/\/laguiole.com\/?post_type=product&#038;p=53033"},"modified":"2026-04-22T14:00:12","modified_gmt":"2026-04-22T12:00:12","slug":"laguiole-braun-grained-luxury-leather-case-elegantes-accessoire-mit-franzosischer-flagge","status":"publish","type":"product","link":"https:\/\/laguiole.com\/de\/produit\/laguiole-braun-grained-luxury-leather-case-elegantes-accessoire-mit-franzosischer-flagge\/","title":{"rendered":"Laguiole Lederh\u00fclle mit Korn Braun Luxe \u2013 elegantes Accessoire mit franz\u00f6sischer Flagge"},"content":{"rendered":"<h2 data-section-id=\"jspc1c\" data-start=\"168\" data-end=\"237\">Braune Luxus-Lederscheide mit Maserung \u2013 F\u00fcr Laguiole-Messer 9 bis 12 cm<\/h2>\n<p data-start=\"239\" data-end=\"575\">Verleihen Sie Ihrem Messer elegante und authentische Schutzkleidung mit dieser luxuri\u00f6sen braunk\u00f6rnigen Lederscheide. Entworfen f\u00fcr Laguiole-Messer sowie Faltmesser von 9 bis 12 cm, verbindet es harmonisch Stil, Sicherheit und Praktikabilit\u00e4t. Au\u00dferdem passt er dank seiner kompakten Gr\u00f6\u00dfe problemlos in eine Tasche f\u00fcr den t\u00e4glichen Gebrauch.<\/p>\n<hr data-start=\"577\" data-end=\"580\" \/>\n<h3 data-section-id=\"g5elsr\" data-start=\"582\" data-end=\"637\">\u2728 Ein hochwertiges Lederetui mit schicken Oberfl\u00e4chen<\/h3>\n<p data-start=\"639\" data-end=\"877\">Zun\u00e4chst einmal besteht dieses Geh\u00e4use aus hochwertigem Leder, das f\u00fcr seine nat\u00fcrliche Textur, die weich und angenehm anf\u00fchlt, gesch\u00e4tzt wird. Au\u00dferdem hat sie keine Farbe oder k\u00fcnstliche Oberfl\u00e4chen, was ein authentisches Aussehen garantiert.<\/p>\n<p data-start=\"879\" data-end=\"1106\">Dann verst\u00e4rkt die ton-auf-ton-Decknaht die Solidit\u00e4t und sorgt f\u00fcr ein elegantes und dezentes Finish. Au\u00dferdem ist das Innere vollst\u00e4ndig ausgekleidet, was Ihr Messer effektiv vor Kratzern und Unebenheiten sch\u00fctzt.<\/p>\n<p data-start=\"1108\" data-end=\"1293\">Schlie\u00dflich sorgt die Lederlappe f\u00fcr einen sicheren Sitz. Au\u00dferdem zeigt er ein markantes Detail: \ud83c\uddeb\ud83c\uddf7 eine diskrete franz\u00f6sische Flagge unter der Klappe, ein Symbol f\u00fcr Qualit\u00e4t und Fachwissen.<\/p>\n<hr data-start=\"1295\" data-end=\"1298\" \/>\n<h3 data-section-id=\"1imvzj5\" data-start=\"1300\" data-end=\"1349\">\ud83c\udfa8 Eine warme und zeitlose braune Farbe<\/h3>\n<p data-start=\"1351\" data-end=\"1581\">Dieses Modell zeichnet sich durch seine braune Farbe aus. Warm, nat\u00fcrlich und elegant verleiht es Ihrem Messer eine authentische und zeitlose Note. Au\u00dferdem f\u00fcgt sich dieser klassische Farbton leicht in viele Stile ein.<\/p>\n<p data-start=\"1583\" data-end=\"1640\">Tats\u00e4chlich passt es perfekt zu \u00c4rmeln aus folgenden Teilen:<\/p>\n<ul data-start=\"1642\" data-end=\"1688\">\n<li data-section-id=\"1k7nt7x\" data-start=\"1642\" data-end=\"1658\">Clear Horn<\/li>\n<li data-section-id=\"131pmqy\" data-start=\"1659\" data-end=\"1673\">Leichtes Holz<\/li>\n<li data-section-id=\"98t64y\" data-start=\"1674\" data-end=\"1688\">Dunkles Holz<\/li>\n<\/ul>\n<p data-start=\"1690\" data-end=\"1970\">So hebt dieser Fall nat\u00fcrliche Materialien hervor, indem er entweder eine warme Harmonie oder einen subtilen und verfeinerten Kontrast schafft. Daher ist es eine vielseitige und \u00e4sthetisch ansprechende Wahl. Schlie\u00dflich macht sein Farbton es auch leicht zu erkennen, w\u00e4hrend es elegant bleibt.<\/p>\n<hr data-start=\"1972\" data-end=\"1975\" \/>\n<h3 data-section-id=\"2h5521\" data-start=\"1977\" data-end=\"2010\">\ud83d\udd2a Messerkompatibilit\u00e4t<\/h3>\n<p data-start=\"2012\" data-end=\"2050\">Dieser Fall eignet sich perfekt f\u00fcr:<\/p>\n<ul data-start=\"2052\" data-end=\"2200\">\n<li data-section-id=\"1d69jjd\" data-start=\"2052\" data-end=\"2086\">Laguiole-Messer von 9 bis 12 cm<\/li>\n<li data-section-id=\"1cnx39q\" data-start=\"2087\" data-end=\"2128\">Doppelmesser bis zu 12 cm<\/li>\n<li data-section-id=\"1ij2za0\" data-start=\"2129\" data-end=\"2167\">Zweiteilige Messer bis zu 12 cm<\/li>\n<li data-section-id=\"xtclps\" data-start=\"2168\" data-end=\"2182\">Sommeliers<\/li>\n<li data-section-id=\"1x1740x\" data-start=\"2183\" data-end=\"2200\">Zigarrenschneider<\/li>\n<\/ul>\n<p data-start=\"2202\" data-end=\"2239\">Andererseits ist es nicht geeignet f\u00fcr:<\/p>\n<ul data-start=\"2241\" data-end=\"2317\">\n<li data-section-id=\"ksyvq3\" data-start=\"2241\" data-end=\"2270\">Messer \u00fcber 12 cm<\/li>\n<li data-section-id=\"xnoonq\" data-start=\"2271\" data-end=\"2317\">Jagdmesser mit dicken Griffen<\/li>\n<\/ul>\n<hr data-start=\"2319\" data-end=\"2322\" \/>\n<h3 data-section-id=\"1y1f3mc\" data-start=\"2324\" data-end=\"2360\">\ud83c\udfaf Ein praktisches Geh\u00e4use f\u00fcr den t\u00e4glichen Gebrauch<\/h3>\n<p data-start=\"2362\" data-end=\"2517\">Dank seiner kompakten Gr\u00f6\u00dfe ist dieser Koffer leicht zu tragen und passt problemlos in eine Tasche. So bleibt Ihr Messer in allen Situationen gesch\u00fctzt.<\/p>\n<p data-start=\"2519\" data-end=\"2631\">Allerdings eignet es sich weniger gut in der Tasche und legt beim Reisen gro\u00dfen Wert auf Sicherheit und Komfort.<\/p>\n<hr data-start=\"2633\" data-end=\"2636\" \/>\n<h3 data-section-id=\"nekj4t\" data-start=\"2638\" data-end=\"2679\">\ud83d\udcbc Ein schickes und langlebiges Lederaccessoire<\/h3>\n<p data-start=\"2681\" data-end=\"2866\">Zusammenfassend vereint dieses luxuri\u00f6se braune Laguiole-Lederetui \u00c4sthetik, Robustheit und Praktikabilit\u00e4t. Er richtet sich an anspruchsvolle Enthusiasten, die ein hochwertiges, langlebiges und elegantes Accessoire suchen.<\/p>\n","protected":false},"excerpt":{"rendered":"<p>Luxus-Tasche<br \/>\nmit Lederfaser Farbe: Braun<br \/>\nEinfacher Klappenverschluss ohne Klick<br \/>\nKeine G\u00fcrtelschlaufe<br \/>\nFranz\u00f6sische Fahne am Rand des Etui unter der Klappe<br \/>\nTon-auf-Ton-Naht<br \/>\nVollst\u00e4ndig mit Leder<br \/>\ngef\u00fcttert Sehr angenehme Akzent<\/p>\n<p>L\u00e4nge: 14 cm Klappe geschlossen<br \/>\nGesamtbreite: 5 cm<br \/>\nInnenbreite: 4 cm<\/p>\n<p><strong>Geeignet f\u00fcr alle Laguiole-Messer bis zu 12 cm, einschlie\u00dflich Doppelplatten und zweiteiliger Messer (mit Korkenzieher) sowie Sommeliers und Zigarrenmesser<\/strong><\/p>\n<p>Nicht geeignet f\u00fcr Messer \u00fcber 12 cm oder Jagdtypen.<\/p>\n","protected":false},"featured_media":53035,"template":"","meta":{"_acf_changed":false,"_monsterinsights_skip_tracking":false,"_monsterinsights_sitenote_active":false,"_monsterinsights_sitenote_note":"","_monsterinsights_sitenote_category":0},"product_brand":[],"product_cat":[5952],"product_tag":[],"class_list":{"0":"post-53033","1":"product","2":"type-product","3":"status-publish","4":"has-post-thumbnail","6":"product_cat-messerfutteral","7":"pa_etuis-cuir-pour-10-cm","8":"pa_etuis-cuir-pour-11-12-cm","9":"pa_etuis-cuir-pour-laguiole","10":"pa_etuis-cuir-pour-messer-mit-korkenzieher","11":"pa_etuis-cuir-pour-messer-mit-korkenzieher-2","12":"pa_etuis-cuir-pour-kellnermesser-2","13":"tm-no-options","16":"instock","17":"taxable","18":"shipping-taxable","19":"purchasable","20":"product-type-simple"},"supplier_id":null,"supplier_sku":"","barcode":null,"atum_controlled":true,"out_stock_date":null,"out_stock_threshold":null,"inheritable":false,"inbound_stock":0,"stock_on_hold":0,"sold_today":0,"sales_last_days":0,"reserved_stock":0,"customer_returns":0,"warehouse_damage":0,"lost_in_post":0,"other_logs":0,"out_stock_days":0,"lost_sales":0,"has_location":false,"update_date":"2026-04-28T00:42:15","atum_locations":[],"atum_stock_status":"instock","restock_status":false,"low_stock_amount":"","sales_update_date":"2026-04-28T00:42:15","calc_backorders":null,"acf":[],"yoast_head":"<!-- This site is optimized with the Yoast SEO plugin v27.3 - https:\/\/yoast.com\/product\/yoast-seo-wordpress\/ -->\n<title>Laguiole Ledertasche Frankreich<\/title>\n<meta name=\"description\" content=\"Laguiole Luxuslederh\u00fclle 10\u201312 cm \ud83c\uddeb\ud83c\uddf7 \u2013 Sofortige Eleganz! Gef\u00fcttert, widerstandsf\u00e4hig, sicherer Klappe. Perfekt mit Geweih, klarem Horn. High-End-Modelle\" \/>\n<meta name=\"robots\" content=\"index, follow, max-snippet:-1, max-image-preview:large, max-video-preview:-1\" \/>\n<link rel=\"canonical\" href=\"https:\/\/laguiole.com\/de\/produit\/laguiole-braun-grained-luxury-leather-case-elegantes-accessoire-mit-franzosischer-flagge\/\" \/>\n<meta property=\"og:locale\" content=\"de_DE\" \/>\n<meta property=\"og:type\" content=\"article\" \/>\n<meta property=\"og:title\" content=\"Laguiole Ledertasche Frankreich\" \/>\n<meta property=\"og:description\" content=\"Laguiole Luxuslederh\u00fclle 10\u201312 cm \ud83c\uddeb\ud83c\uddf7 \u2013 Sofortige Eleganz! Gef\u00fcttert, widerstandsf\u00e4hig, sicherer Klappe. Perfekt mit Geweih, klarem Horn. High-End-Modelle\" \/>\n<meta property=\"og:url\" content=\"https:\/\/laguiole.com\/de\/produit\/laguiole-braun-grained-luxury-leather-case-elegantes-accessoire-mit-franzosischer-flagge\/\" \/>\n<meta property=\"og:site_name\" content=\"Laguiole.com \u00ae\" \/>\n<meta property=\"article:publisher\" content=\"https:\/\/www.facebook.com\/laguiolecom\/\" \/>\n<meta property=\"article:modified_time\" content=\"2026-04-22T12:00:12+00:00\" \/>\n<meta property=\"og:image\" content=\"https:\/\/laguiole.com\/wp-content\/uploads\/2023\/07\/Etui_cuire_marron_Max_Capedebarthes_00.jpg\" \/>\n\t<meta property=\"og:image:width\" content=\"1033\" \/>\n\t<meta property=\"og:image:height\" content=\"1033\" \/>\n\t<meta property=\"og:image:type\" content=\"image\/jpeg\" \/>\n<meta name=\"twitter:card\" content=\"summary_large_image\" \/>\n<meta name=\"twitter:label1\" content=\"Gesch\u00e4tzte Lesezeit\" \/>\n\t<meta name=\"twitter:data1\" content=\"3\u00a0Minute\" \/>\n<script type=\"application\/ld+json\" class=\"yoast-schema-graph\">{\"@context\":\"https:\\\/\\\/schema.org\",\"@graph\":[{\"@type\":\"WebPage\",\"@id\":\"https:\\\/\\\/laguiole.com\\\/de\\\/produit\\\/laguiole-braun-grained-luxury-leather-case-elegantes-accessoire-mit-franzosischer-flagge\\\/\",\"url\":\"https:\\\/\\\/laguiole.com\\\/de\\\/produit\\\/laguiole-braun-grained-luxury-leather-case-elegantes-accessoire-mit-franzosischer-flagge\\\/\",\"name\":\"Laguiole Ledertasche Frankreich\",\"isPartOf\":{\"@id\":\"https:\\\/\\\/laguiole.com\\\/de\\\/#website\"},\"primaryImageOfPage\":{\"@id\":\"https:\\\/\\\/laguiole.com\\\/de\\\/produit\\\/laguiole-braun-grained-luxury-leather-case-elegantes-accessoire-mit-franzosischer-flagge\\\/#primaryimage\"},\"image\":{\"@id\":\"https:\\\/\\\/laguiole.com\\\/de\\\/produit\\\/laguiole-braun-grained-luxury-leather-case-elegantes-accessoire-mit-franzosischer-flagge\\\/#primaryimage\"},\"thumbnailUrl\":\"https:\\\/\\\/laguiole.com\\\/wp-content\\\/uploads\\\/2023\\\/07\\\/Etui_cuire_marron_Max_Capedebarthes_00.jpg\",\"datePublished\":\"2026-04-22T11:46:47+00:00\",\"dateModified\":\"2026-04-22T12:00:12+00:00\",\"description\":\"Laguiole Luxuslederh\u00fclle 10\u201312 cm \ud83c\uddeb\ud83c\uddf7 \u2013 Sofortige Eleganz! Gef\u00fcttert, widerstandsf\u00e4hig, sicherer Klappe. Perfekt mit Geweih, klarem Horn. High-End-Modelle\",\"breadcrumb\":{\"@id\":\"https:\\\/\\\/laguiole.com\\\/de\\\/produit\\\/laguiole-braun-grained-luxury-leather-case-elegantes-accessoire-mit-franzosischer-flagge\\\/#breadcrumb\"},\"inLanguage\":\"de\",\"potentialAction\":[{\"@type\":\"ReadAction\",\"target\":[\"https:\\\/\\\/laguiole.com\\\/de\\\/produit\\\/laguiole-braun-grained-luxury-leather-case-elegantes-accessoire-mit-franzosischer-flagge\\\/\"]}]},{\"@type\":\"ImageObject\",\"inLanguage\":\"de\",\"@id\":\"https:\\\/\\\/laguiole.com\\\/de\\\/produit\\\/laguiole-braun-grained-luxury-leather-case-elegantes-accessoire-mit-franzosischer-flagge\\\/#primaryimage\",\"url\":\"https:\\\/\\\/laguiole.com\\\/wp-content\\\/uploads\\\/2023\\\/07\\\/Etui_cuire_marron_Max_Capedebarthes_00.jpg\",\"contentUrl\":\"https:\\\/\\\/laguiole.com\\\/wp-content\\\/uploads\\\/2023\\\/07\\\/Etui_cuire_marron_Max_Capedebarthes_00.jpg\",\"width\":1033,\"height\":1033},{\"@type\":\"BreadcrumbList\",\"@id\":\"https:\\\/\\\/laguiole.com\\\/de\\\/produit\\\/laguiole-braun-grained-luxury-leather-case-elegantes-accessoire-mit-franzosischer-flagge\\\/#breadcrumb\",\"itemListElement\":[{\"@type\":\"ListItem\",\"position\":1,\"name\":\"Accueil\",\"item\":\"https:\\\/\\\/laguiole.com\\\/de\\\/\"},{\"@type\":\"ListItem\",\"position\":2,\"name\":\"Shop\",\"item\":\"https:\\\/\\\/laguiole.com\\\/de\\\/shop-2\\\/\"},{\"@type\":\"ListItem\",\"position\":3,\"name\":\"Laguiole Lederh\u00fclle mit Korn Braun Luxe \u2013 elegantes Accessoire mit franz\u00f6sischer Flagge\"}]},{\"@type\":\"WebSite\",\"@id\":\"https:\\\/\\\/laguiole.com\\\/de\\\/#website\",\"url\":\"https:\\\/\\\/laguiole.com\\\/de\\\/\",\"name\":\"Laguiole.com\",\"description\":\"Laguiole - Couteau laguiole, Chateau Laguiole, Laguiole en Aubrac, Forge de Laguiole\",\"publisher\":{\"@id\":\"https:\\\/\\\/laguiole.com\\\/de\\\/#organization\"},\"potentialAction\":[{\"@type\":\"SearchAction\",\"target\":{\"@type\":\"EntryPoint\",\"urlTemplate\":\"https:\\\/\\\/laguiole.com\\\/de\\\/?s={search_term_string}\"},\"query-input\":{\"@type\":\"PropertyValueSpecification\",\"valueRequired\":true,\"valueName\":\"search_term_string\"}}],\"inLanguage\":\"de\"},{\"@type\":\"Organization\",\"@id\":\"https:\\\/\\\/laguiole.com\\\/de\\\/#organization\",\"name\":\"Laguiole.com\",\"url\":\"https:\\\/\\\/laguiole.com\\\/de\\\/\",\"logo\":{\"@type\":\"ImageObject\",\"inLanguage\":\"de\",\"@id\":\"https:\\\/\\\/laguiole.com\\\/de\\\/#\\\/schema\\\/logo\\\/image\\\/\",\"url\":\"https:\\\/\\\/laguiole.com\\\/wp-content\\\/uploads\\\/2021\\\/02\\\/logo_laguiole.com-horizontal.jpg\",\"contentUrl\":\"https:\\\/\\\/laguiole.com\\\/wp-content\\\/uploads\\\/2021\\\/02\\\/logo_laguiole.com-horizontal.jpg\",\"width\":490,\"height\":156,\"caption\":\"Laguiole.com\"},\"image\":{\"@id\":\"https:\\\/\\\/laguiole.com\\\/de\\\/#\\\/schema\\\/logo\\\/image\\\/\"},\"sameAs\":[\"https:\\\/\\\/www.facebook.com\\\/laguiolecom\\\/\",\"https:\\\/\\\/www.instagram.com\\\/laguiolecom\\\/\",\"https:\\\/\\\/www.youtube.com\\\/@laguiolecom\\\/videos\"]}]}<\/script>\n<!-- \/ Yoast SEO plugin. -->","yoast_head_json":{"title":"Laguiole Ledertasche Frankreich","description":"Laguiole Luxuslederh\u00fclle 10\u201312 cm \ud83c\uddeb\ud83c\uddf7 \u2013 Sofortige Eleganz! Gef\u00fcttert, widerstandsf\u00e4hig, sicherer Klappe. Perfekt mit Geweih, klarem Horn. High-End-Modelle","robots":{"index":"index","follow":"follow","max-snippet":"max-snippet:-1","max-image-preview":"max-image-preview:large","max-video-preview":"max-video-preview:-1"},"canonical":"https:\/\/laguiole.com\/de\/produit\/laguiole-braun-grained-luxury-leather-case-elegantes-accessoire-mit-franzosischer-flagge\/","og_locale":"de_DE","og_type":"article","og_title":"Laguiole Ledertasche Frankreich","og_description":"Laguiole Luxuslederh\u00fclle 10\u201312 cm \ud83c\uddeb\ud83c\uddf7 \u2013 Sofortige Eleganz! Gef\u00fcttert, widerstandsf\u00e4hig, sicherer Klappe. Perfekt mit Geweih, klarem Horn. High-End-Modelle","og_url":"https:\/\/laguiole.com\/de\/produit\/laguiole-braun-grained-luxury-leather-case-elegantes-accessoire-mit-franzosischer-flagge\/","og_site_name":"Laguiole.com \u00ae","article_publisher":"https:\/\/www.facebook.com\/laguiolecom\/","article_modified_time":"2026-04-22T12:00:12+00:00","og_image":[{"width":1033,"height":1033,"url":"https:\/\/laguiole.com\/wp-content\/uploads\/2023\/07\/Etui_cuire_marron_Max_Capedebarthes_00.jpg","type":"image\/jpeg"}],"twitter_card":"summary_large_image","twitter_misc":{"Gesch\u00e4tzte Lesezeit":"3\u00a0Minute"},"schema":{"@context":"https:\/\/schema.org","@graph":[{"@type":"WebPage","@id":"https:\/\/laguiole.com\/de\/produit\/laguiole-braun-grained-luxury-leather-case-elegantes-accessoire-mit-franzosischer-flagge\/","url":"https:\/\/laguiole.com\/de\/produit\/laguiole-braun-grained-luxury-leather-case-elegantes-accessoire-mit-franzosischer-flagge\/","name":"Laguiole Ledertasche Frankreich","isPartOf":{"@id":"https:\/\/laguiole.com\/de\/#website"},"primaryImageOfPage":{"@id":"https:\/\/laguiole.com\/de\/produit\/laguiole-braun-grained-luxury-leather-case-elegantes-accessoire-mit-franzosischer-flagge\/#primaryimage"},"image":{"@id":"https:\/\/laguiole.com\/de\/produit\/laguiole-braun-grained-luxury-leather-case-elegantes-accessoire-mit-franzosischer-flagge\/#primaryimage"},"thumbnailUrl":"https:\/\/laguiole.com\/wp-content\/uploads\/2023\/07\/Etui_cuire_marron_Max_Capedebarthes_00.jpg","datePublished":"2026-04-22T11:46:47+00:00","dateModified":"2026-04-22T12:00:12+00:00","description":"Laguiole Luxuslederh\u00fclle 10\u201312 cm \ud83c\uddeb\ud83c\uddf7 \u2013 Sofortige Eleganz! Gef\u00fcttert, widerstandsf\u00e4hig, sicherer Klappe. Perfekt mit Geweih, klarem Horn. High-End-Modelle","breadcrumb":{"@id":"https:\/\/laguiole.com\/de\/produit\/laguiole-braun-grained-luxury-leather-case-elegantes-accessoire-mit-franzosischer-flagge\/#breadcrumb"},"inLanguage":"de","potentialAction":[{"@type":"ReadAction","target":["https:\/\/laguiole.com\/de\/produit\/laguiole-braun-grained-luxury-leather-case-elegantes-accessoire-mit-franzosischer-flagge\/"]}]},{"@type":"ImageObject","inLanguage":"de","@id":"https:\/\/laguiole.com\/de\/produit\/laguiole-braun-grained-luxury-leather-case-elegantes-accessoire-mit-franzosischer-flagge\/#primaryimage","url":"https:\/\/laguiole.com\/wp-content\/uploads\/2023\/07\/Etui_cuire_marron_Max_Capedebarthes_00.jpg","contentUrl":"https:\/\/laguiole.com\/wp-content\/uploads\/2023\/07\/Etui_cuire_marron_Max_Capedebarthes_00.jpg","width":1033,"height":1033},{"@type":"BreadcrumbList","@id":"https:\/\/laguiole.com\/de\/produit\/laguiole-braun-grained-luxury-leather-case-elegantes-accessoire-mit-franzosischer-flagge\/#breadcrumb","itemListElement":[{"@type":"ListItem","position":1,"name":"Accueil","item":"https:\/\/laguiole.com\/de\/"},{"@type":"ListItem","position":2,"name":"Shop","item":"https:\/\/laguiole.com\/de\/shop-2\/"},{"@type":"ListItem","position":3,"name":"Laguiole Lederh\u00fclle mit Korn Braun Luxe \u2013 elegantes Accessoire mit franz\u00f6sischer Flagge"}]},{"@type":"WebSite","@id":"https:\/\/laguiole.com\/de\/#website","url":"https:\/\/laguiole.com\/de\/","name":"Laguiole.com","description":"Laguiole - Couteau laguiole, Chateau Laguiole, Laguiole en Aubrac, Forge de Laguiole","publisher":{"@id":"https:\/\/laguiole.com\/de\/#organization"},"potentialAction":[{"@type":"SearchAction","target":{"@type":"EntryPoint","urlTemplate":"https:\/\/laguiole.com\/de\/?s={search_term_string}"},"query-input":{"@type":"PropertyValueSpecification","valueRequired":true,"valueName":"search_term_string"}}],"inLanguage":"de"},{"@type":"Organization","@id":"https:\/\/laguiole.com\/de\/#organization","name":"Laguiole.com","url":"https:\/\/laguiole.com\/de\/","logo":{"@type":"ImageObject","inLanguage":"de","@id":"https:\/\/laguiole.com\/de\/#\/schema\/logo\/image\/","url":"https:\/\/laguiole.com\/wp-content\/uploads\/2021\/02\/logo_laguiole.com-horizontal.jpg","contentUrl":"https:\/\/laguiole.com\/wp-content\/uploads\/2021\/02\/logo_laguiole.com-horizontal.jpg","width":490,"height":156,"caption":"Laguiole.com"},"image":{"@id":"https:\/\/laguiole.com\/de\/#\/schema\/logo\/image\/"},"sameAs":["https:\/\/www.facebook.com\/laguiolecom\/","https:\/\/www.instagram.com\/laguiolecom\/","https:\/\/www.youtube.com\/@laguiolecom\/videos"]}]}},"_links":{"self":[{"href":"https:\/\/laguiole.com\/de\/wp-json\/wp\/v2\/product\/53033","targetHints":{"allow":["GET"]}}],"collection":[{"href":"https:\/\/laguiole.com\/de\/wp-json\/wp\/v2\/product"}],"about":[{"href":"https:\/\/laguiole.com\/de\/wp-json\/wp\/v2\/types\/product"}],"version-history":[{"count":2,"href":"https:\/\/laguiole.com\/de\/wp-json\/wp\/v2\/product\/53033\/revisions"}],"predecessor-version":[{"id":53044,"href":"https:\/\/laguiole.com\/de\/wp-json\/wp\/v2\/product\/53033\/revisions\/53044"}],"wp:featuredmedia":[{"embeddable":true,"href":"https:\/\/laguiole.com\/de\/wp-json\/wp\/v2\/media\/53035"}],"wp:attachment":[{"href":"https:\/\/laguiole.com\/de\/wp-json\/wp\/v2\/media?parent=53033"}],"wp:term":[{"taxonomy":"product_brand","embeddable":true,"href":"https:\/\/laguiole.com\/de\/wp-json\/wp\/v2\/product_brand?post=53033"},{"taxonomy":"product_cat","embeddable":true,"href":"https:\/\/laguiole.com\/de\/wp-json\/wp\/v2\/product_cat?post=53033"},{"taxonomy":"product_tag","embeddable":true,"href":"https:\/\/laguiole.com\/de\/wp-json\/wp\/v2\/product_tag?post=53033"}],"curies":[{"name":"wp","href":"https:\/\/api.w.org\/{rel}","templated":true}]}}