{"id":53028,"date":"2026-04-20T13:06:34","date_gmt":"2026-04-20T11:06:34","guid":{"rendered":"https:\/\/laguiole.com\/produit\/laguiole-mustard-yellow-grain-luxe-lederetui-elegantes-accessoire-mit-franzoesischer-flagge\/"},"modified":"2026-04-20T13:06:34","modified_gmt":"2026-04-20T11:06:34","slug":"laguiole-mustard-yellow-grain-luxe-lederetui-elegantes-accessoire-mit-franzoesischer-flagge","status":"publish","type":"product","link":"https:\/\/laguiole.com\/de\/produit\/laguiole-mustard-yellow-grain-luxe-lederetui-elegantes-accessoire-mit-franzoesischer-flagge\/","title":{"rendered":"Laguiole Mustard Yellow Grain Luxe Lederetui \u2013 elegantes Accessoire mit franz\u00f6sischer Flagge"},"content":{"rendered":"<h2 data-section-id=\"1tlak4w\" data-start=\"169\" data-end=\"238\">Senfgelbe, luxuri\u00f6se Lederscheed mit Maserung \u2013 F\u00fcr Laguiole-Messer 10 bis 12 cm<\/h2>\n<p data-start=\"240\" data-end=\"540\">Verleihen Sie Ihrem Messer eleganten und leuchtenden Schutz mit dieser <strong data-start=\"309\" data-end=\"343\">gelben, luxuri\u00f6sen Lederscheide mit Maserung<\/strong>. Entworfen f\u00fcr <strong data-start=\"360\" data-end=\"415\">Laguiole-Messer und Faltmesser von 10 bis 12 cm<\/strong>, vereint es perfekt Stil, Sicherheit und Praktikabilit\u00e4t. Au\u00dferdem passt es problemlos in eine Tasche f\u00fcr den t\u00e4glichen Gebrauch.  <\/p>\n<hr data-start=\"542\" data-end=\"545\">\n<h3 data-section-id=\"16vzty3\" data-start=\"547\" data-end=\"604\">\u2728 Ein hochwertiges Lederetui mit schicken Oberfl\u00e4chen<\/h3>\n<p data-start=\"605\" data-end=\"790\">Zun\u00e4chst einmal besteht dieses Geh\u00e4use aus <strong data-start=\"644\" data-end=\"667\">hochwertigem Leder mit Korn<\/strong>. Seine Textur ist nat\u00fcrlich, weich und angenehm im Griff. Au\u00dferdem hat es keine Farbe oder k\u00fcnstliche Oberfl\u00e4chen.  <\/p>\n<p data-start=\"792\" data-end=\"1017\">Dann verst\u00e4rkt <strong data-start=\"805\" data-end=\"831\">die ton-gegen-Ton-Decknaht<\/strong> die Solidit\u00e4t und sorgt f\u00fcr ein elegantes Finish. Au\u00dferdem ist das Innere <strong data-start=\"926\" data-end=\"948\">vollst\u00e4ndig ausgekleidet<\/strong>. So bleibt Ihr Messer vor Kratzern und St\u00f6\u00dfen gesch\u00fctzt.  <\/p>\n<p data-start=\"1019\" data-end=\"1210\">Schlie\u00dflich sorgt die <strong data-start=\"1029\" data-end=\"1046\">Lederlappe<\/strong> f\u00fcr einen sicheren Sitz. Es offenbart auch ein charakteristisches Detail: \ud83c\uddeb\ud83c\uddf7 <strong data-start=\"1125\" data-end=\"1170\">eine diskrete franz\u00f6sische Flagge unter der Klappe<\/strong>, ein Symbol f\u00fcr Qualit\u00e4t und Fachwissen. <\/p>\n<hr data-start=\"1212\" data-end=\"1215\">\n<h3 data-section-id=\"puguyp\" data-start=\"1217\" data-end=\"1262\">\ud83c\udfa8 Eine leuchtende und elegante gelbe Farbe<\/h3>\n<p data-start=\"1263\" data-end=\"1443\">Dieses Modell zeichnet sich durch seine <strong data-start=\"1294\" data-end=\"1311\">senfgelbe Farbe aus.<\/strong> Leuchtend, originell und raffiniert verleiht es Ihrem Messer einen Hauch von Charakter. Dennoch bleibt es leicht zu assoziieren.  <\/p>\n<p data-start=\"1445\" data-end=\"1504\">Tats\u00e4chlich passt er perfekt zu Henkeln, die aus folgenden Werken bestehen:<\/p>\n<ul data-start=\"1505\" data-end=\"1556\">\n<li data-section-id=\"53yh0f\" data-start=\"1505\" data-end=\"1517\"><strong data-start=\"1507\" data-end=\"1515\">Holz<\/strong><\/li>\n<li data-section-id=\"144sscd\" data-start=\"1518\" data-end=\"1531\"><strong data-start=\"1520\" data-end=\"1529\">Horn<\/strong><\/li>\n<li data-section-id=\"24dwm7\" data-start=\"1532\" data-end=\"1556\"><strong data-start=\"1534\" data-end=\"1554\">Mineralstoffe<\/strong><\/li>\n<\/ul>\n<p data-start=\"1558\" data-end=\"1720\">So erzeugt dieser Fall einen eleganten Kontrast oder eine nat\u00fcrliche Harmonie, abh\u00e4ngig vom Messer. Au\u00dferdem macht der helle Farbton es leicht, <strong data-start=\"1678\" data-end=\"1719\">das Case in einer Tasche zu erkennen<\/strong>. <\/p>\n<hr data-start=\"1722\" data-end=\"1725\">\n<h3 data-section-id=\"1wfbwex\" data-start=\"1727\" data-end=\"1762\">\ud83d\udd2a Messerkompatibilit\u00e4t<\/h3>\n<p data-start=\"1763\" data-end=\"1801\">Dieser Fall eignet sich perfekt f\u00fcr:<\/p>\n<ul data-start=\"1803\" data-end=\"1948\">\n<li data-section-id=\"69jf5g\" data-start=\"1803\" data-end=\"1859\"><strong data-start=\"1805\" data-end=\"1857\">Laguiole-Messer (Layol \/ Layeux) von 10 bis 12 cm<\/strong><\/li>\n<li data-section-id=\"1uzoclq\" data-start=\"1860\" data-end=\"1905\"><strong data-start=\"1862\" data-end=\"1903\">Doppelmesser bis zu 12 cm<\/strong><\/li>\n<li data-section-id=\"13ehzfc\" data-start=\"1906\" data-end=\"1948\"><strong data-start=\"1908\" data-end=\"1946\">Zweiteilige Messer bis zu 12 cm<\/strong><\/li>\n<li data-section-id=\"13ehzfc\" data-start=\"1906\" data-end=\"1948\"><strong>Sommeliers<\/strong><\/li>\n<li data-section-id=\"13ehzfc\" data-start=\"1906\" data-end=\"1948\"><strong>Zigarrenschneider<\/strong><\/li>\n<\/ul>\n<p data-start=\"1950\" data-end=\"1989\">Andererseits ist es nicht geeignet f\u00fcr:<\/p>\n<ul data-start=\"1990\" data-end=\"2066\">\n<li data-section-id=\"ksyvq3\" data-start=\"1990\" data-end=\"2019\">Messer \u00fcber 12 cm<\/li>\n<li data-section-id=\"xnoonq\" data-start=\"2020\" data-end=\"2066\">Jagdmesser mit dicken Griffen<\/li>\n<\/ul>\n<hr data-start=\"2068\" data-end=\"2071\">\n<h3 data-section-id=\"1krxnv8\" data-start=\"2073\" data-end=\"2111\">\ud83c\udfaf Ein praktisches Geh\u00e4use f\u00fcr den t\u00e4glichen Gebrauch<\/h3>\n<p data-start=\"2112\" data-end=\"2282\">Dank seiner kompakten Gr\u00f6\u00dfe ist dieser Koffer leicht zu tragen. Es eignet sich <strong data-start=\"2182\" data-end=\"2221\">ideal zur Aufbewahrung in einer Tasche.<\/strong> So bleibt Ihr Messer in allen Situationen gesch\u00fctzt.  <\/p>\n<p data-start=\"2284\" data-end=\"2390\">Allerdings ist es weniger geeignet, es in der Tasche zu tragen. Es setzt Sicherheit und Komfort unterwegs in den Vordergrund. <\/p>\n<hr data-start=\"2392\" data-end=\"2395\">\n<h3 data-section-id=\"1mor4d9\" data-start=\"2397\" data-end=\"2440\">\ud83d\udcbc Ein schickes und langlebiges Lederaccessoire<\/h3>\n<p data-start=\"2441\" data-end=\"2698\">Zusammenfassend vereint dieser <strong data-start=\"2456\" data-end=\"2489\">luxuri\u00f6se senfgelbe Laguiole-Lederkoffer<\/strong> \u00c4sthetik und Robustheit. Er richtet sich an anspruchsvolle Enthusiasten, die ein <strong data-start=\"2577\" data-end=\"2605\">hochwertiges<\/strong>, praktisches und langlebiges Zubeh\u00f6r suchen. So verbessern Sie Ihr Messer und sch\u00fctzen es effektiv.  <\/p>\n","protected":false},"excerpt":{"rendered":"<p>Luxus-Tasche<br \/>\nmit Maserung aus Leder. Farben: Senfgelb. Einzelne<br \/>\nKlappenverschluss ohne Druck<br \/>\n. Keine G\u00fcrtelschlaufe<br \/>\n. Franz\u00f6sische Flagge am Rand der H\u00fclle unter der Klappe<br \/>\n. Ton-auf-Ton-Naht<br \/>\n. Vollst\u00e4ndig gef\u00fcttertes Leder.<br \/>\nSehr angenehme Hand.<\/p>\n<p>L\u00e4nge: 14 cm Klappe geschlossen<br \/>\nGesamtbreite: 5 cm<br \/>\nInnenbreite: 4 cm<\/p>\n<p><strong>Geeignet f\u00fcr alle Laguiole-Messer bis zu 12 cm, einschlie\u00dflich Doppelplatten und zweiteiliger Messer (mit Korkenzieher) sowie Sommeliers und Zigarrenmesser<\/strong><\/p>\n<p>Nicht geeignet f\u00fcr Messer \u00fcber 12 cm oder Jagdtypen.<\/p>\n","protected":false},"featured_media":53151,"template":"","meta":{"_acf_changed":false,"_monsterinsights_skip_tracking":false,"_monsterinsights_sitenote_active":false,"_monsterinsights_sitenote_note":"","_monsterinsights_sitenote_category":0},"product_brand":[],"product_cat":[5952],"product_tag":[],"class_list":{"0":"post-53028","1":"product","2":"type-product","3":"status-publish","4":"has-post-thumbnail","6":"product_cat-messerfutteral","7":"pa_etuis-cuir-pour-10-cm","8":"pa_etuis-cuir-pour-11-12-cm","9":"pa_etuis-cuir-pour-laguiole","10":"pa_etuis-cuir-pour-messer-mit-korkenzieher","11":"pa_etuis-cuir-pour-messer-mit-korkenzieher-2","12":"pa_etuis-cuir-pour-kellnermesser-2","13":"tm-no-options","16":"instock","17":"taxable","18":"shipping-taxable","19":"purchasable","20":"product-type-simple"},"supplier_id":null,"supplier_sku":"","barcode":null,"atum_controlled":true,"out_stock_date":null,"out_stock_threshold":null,"inheritable":false,"inbound_stock":0,"stock_on_hold":0,"sold_today":0,"sales_last_days":0,"reserved_stock":0,"customer_returns":0,"warehouse_damage":0,"lost_in_post":0,"other_logs":0,"out_stock_days":0,"lost_sales":0,"has_location":false,"update_date":"2026-04-28T00:42:15","atum_locations":[],"atum_stock_status":"instock","restock_status":false,"low_stock_amount":"","sales_update_date":"2026-04-28T00:42:15","calc_backorders":null,"acf":[],"yoast_head":"<!-- This site is optimized with the Yoast SEO plugin v27.3 - https:\/\/yoast.com\/product\/yoast-seo-wordpress\/ -->\n<title>Laguiole Ledertasche Frankreich<\/title>\n<meta name=\"description\" content=\"Laguiole Senfgelber Luxuslederkoffer 10\u201312 cm \ud83c\uddeb\ud83c\uddf7 \u2013 gef\u00fcttert, widerstandsf\u00e4hig, sicherer Klappe. Perfekt zu Holz, Horn oder Mineral. High-End-Modelle\" \/>\n<meta name=\"robots\" content=\"index, follow, max-snippet:-1, max-image-preview:large, max-video-preview:-1\" \/>\n<link rel=\"canonical\" href=\"https:\/\/laguiole.com\/de\/produit\/laguiole-mustard-yellow-grain-luxe-lederetui-elegantes-accessoire-mit-franzoesischer-flagge\/\" \/>\n<meta property=\"og:locale\" content=\"de_DE\" \/>\n<meta property=\"og:type\" content=\"article\" \/>\n<meta property=\"og:title\" content=\"Laguiole Ledertasche Frankreich\" \/>\n<meta property=\"og:description\" content=\"Laguiole Senfgelber Luxuslederkoffer 10\u201312 cm \ud83c\uddeb\ud83c\uddf7 \u2013 gef\u00fcttert, widerstandsf\u00e4hig, sicherer Klappe. Perfekt zu Holz, Horn oder Mineral. High-End-Modelle\" \/>\n<meta property=\"og:url\" content=\"https:\/\/laguiole.com\/de\/produit\/laguiole-mustard-yellow-grain-luxe-lederetui-elegantes-accessoire-mit-franzoesischer-flagge\/\" \/>\n<meta property=\"og:site_name\" content=\"Laguiole.com \u00ae\" \/>\n<meta property=\"article:publisher\" content=\"https:\/\/www.facebook.com\/laguiolecom\/\" \/>\n<meta property=\"og:image\" content=\"https:\/\/laguiole.com\/wp-content\/uploads\/2026\/04\/Etui_cuire_jaune_Max_Capedebarthes_00-corrige.jpg\" \/>\n\t<meta property=\"og:image:width\" content=\"1033\" \/>\n\t<meta property=\"og:image:height\" content=\"1033\" \/>\n\t<meta property=\"og:image:type\" content=\"image\/jpeg\" \/>\n<meta name=\"twitter:card\" content=\"summary_large_image\" \/>\n<meta name=\"twitter:label1\" content=\"Gesch\u00e4tzte Lesezeit\" \/>\n\t<meta name=\"twitter:data1\" content=\"2\u00a0Minute\" \/>\n<script type=\"application\/ld+json\" class=\"yoast-schema-graph\">{\"@context\":\"https:\\\/\\\/schema.org\",\"@graph\":[{\"@type\":\"WebPage\",\"@id\":\"https:\\\/\\\/laguiole.com\\\/de\\\/produit\\\/laguiole-mustard-yellow-grain-luxe-lederetui-elegantes-accessoire-mit-franzoesischer-flagge\\\/\",\"url\":\"https:\\\/\\\/laguiole.com\\\/de\\\/produit\\\/laguiole-mustard-yellow-grain-luxe-lederetui-elegantes-accessoire-mit-franzoesischer-flagge\\\/\",\"name\":\"Laguiole Ledertasche Frankreich\",\"isPartOf\":{\"@id\":\"https:\\\/\\\/laguiole.com\\\/de\\\/#website\"},\"primaryImageOfPage\":{\"@id\":\"https:\\\/\\\/laguiole.com\\\/de\\\/produit\\\/laguiole-mustard-yellow-grain-luxe-lederetui-elegantes-accessoire-mit-franzoesischer-flagge\\\/#primaryimage\"},\"image\":{\"@id\":\"https:\\\/\\\/laguiole.com\\\/de\\\/produit\\\/laguiole-mustard-yellow-grain-luxe-lederetui-elegantes-accessoire-mit-franzoesischer-flagge\\\/#primaryimage\"},\"thumbnailUrl\":\"https:\\\/\\\/laguiole.com\\\/wp-content\\\/uploads\\\/2026\\\/04\\\/Etui_cuire_jaune_Max_Capedebarthes_00-corrige.jpg\",\"datePublished\":\"2026-04-20T11:06:34+00:00\",\"description\":\"Laguiole Senfgelber Luxuslederkoffer 10\u201312 cm \ud83c\uddeb\ud83c\uddf7 \u2013 gef\u00fcttert, widerstandsf\u00e4hig, sicherer Klappe. Perfekt zu Holz, Horn oder Mineral. High-End-Modelle\",\"breadcrumb\":{\"@id\":\"https:\\\/\\\/laguiole.com\\\/de\\\/produit\\\/laguiole-mustard-yellow-grain-luxe-lederetui-elegantes-accessoire-mit-franzoesischer-flagge\\\/#breadcrumb\"},\"inLanguage\":\"de\",\"potentialAction\":[{\"@type\":\"ReadAction\",\"target\":[\"https:\\\/\\\/laguiole.com\\\/de\\\/produit\\\/laguiole-mustard-yellow-grain-luxe-lederetui-elegantes-accessoire-mit-franzoesischer-flagge\\\/\"]}]},{\"@type\":\"ImageObject\",\"inLanguage\":\"de\",\"@id\":\"https:\\\/\\\/laguiole.com\\\/de\\\/produit\\\/laguiole-mustard-yellow-grain-luxe-lederetui-elegantes-accessoire-mit-franzoesischer-flagge\\\/#primaryimage\",\"url\":\"https:\\\/\\\/laguiole.com\\\/wp-content\\\/uploads\\\/2026\\\/04\\\/Etui_cuire_jaune_Max_Capedebarthes_00-corrige.jpg\",\"contentUrl\":\"https:\\\/\\\/laguiole.com\\\/wp-content\\\/uploads\\\/2026\\\/04\\\/Etui_cuire_jaune_Max_Capedebarthes_00-corrige.jpg\",\"width\":1033,\"height\":1033,\"caption\":\"\u00c9tui cuir Laguiole Jaune Moutarde grain\u00e9 Luxe \u2013 Accessoire \u00e9l\u00e9gant avec drapeau fran\u00e7ais\"},{\"@type\":\"BreadcrumbList\",\"@id\":\"https:\\\/\\\/laguiole.com\\\/de\\\/produit\\\/laguiole-mustard-yellow-grain-luxe-lederetui-elegantes-accessoire-mit-franzoesischer-flagge\\\/#breadcrumb\",\"itemListElement\":[{\"@type\":\"ListItem\",\"position\":1,\"name\":\"Accueil\",\"item\":\"https:\\\/\\\/laguiole.com\\\/de\\\/\"},{\"@type\":\"ListItem\",\"position\":2,\"name\":\"Shop\",\"item\":\"https:\\\/\\\/laguiole.com\\\/de\\\/shop-2\\\/\"},{\"@type\":\"ListItem\",\"position\":3,\"name\":\"Laguiole Mustard Yellow Grain Luxe Lederetui \u2013 elegantes Accessoire mit franz\u00f6sischer Flagge\"}]},{\"@type\":\"WebSite\",\"@id\":\"https:\\\/\\\/laguiole.com\\\/de\\\/#website\",\"url\":\"https:\\\/\\\/laguiole.com\\\/de\\\/\",\"name\":\"Laguiole.com\",\"description\":\"Laguiole - Couteau laguiole, Chateau Laguiole, Laguiole en Aubrac, Forge de Laguiole\",\"publisher\":{\"@id\":\"https:\\\/\\\/laguiole.com\\\/de\\\/#organization\"},\"potentialAction\":[{\"@type\":\"SearchAction\",\"target\":{\"@type\":\"EntryPoint\",\"urlTemplate\":\"https:\\\/\\\/laguiole.com\\\/de\\\/?s={search_term_string}\"},\"query-input\":{\"@type\":\"PropertyValueSpecification\",\"valueRequired\":true,\"valueName\":\"search_term_string\"}}],\"inLanguage\":\"de\"},{\"@type\":\"Organization\",\"@id\":\"https:\\\/\\\/laguiole.com\\\/de\\\/#organization\",\"name\":\"Laguiole.com\",\"url\":\"https:\\\/\\\/laguiole.com\\\/de\\\/\",\"logo\":{\"@type\":\"ImageObject\",\"inLanguage\":\"de\",\"@id\":\"https:\\\/\\\/laguiole.com\\\/de\\\/#\\\/schema\\\/logo\\\/image\\\/\",\"url\":\"https:\\\/\\\/laguiole.com\\\/wp-content\\\/uploads\\\/2021\\\/02\\\/logo_laguiole.com-horizontal.jpg\",\"contentUrl\":\"https:\\\/\\\/laguiole.com\\\/wp-content\\\/uploads\\\/2021\\\/02\\\/logo_laguiole.com-horizontal.jpg\",\"width\":490,\"height\":156,\"caption\":\"Laguiole.com\"},\"image\":{\"@id\":\"https:\\\/\\\/laguiole.com\\\/de\\\/#\\\/schema\\\/logo\\\/image\\\/\"},\"sameAs\":[\"https:\\\/\\\/www.facebook.com\\\/laguiolecom\\\/\",\"https:\\\/\\\/www.instagram.com\\\/laguiolecom\\\/\",\"https:\\\/\\\/www.youtube.com\\\/@laguiolecom\\\/videos\"]}]}<\/script>\n<!-- \/ Yoast SEO plugin. -->","yoast_head_json":{"title":"Laguiole Ledertasche Frankreich","description":"Laguiole Senfgelber Luxuslederkoffer 10\u201312 cm \ud83c\uddeb\ud83c\uddf7 \u2013 gef\u00fcttert, widerstandsf\u00e4hig, sicherer Klappe. Perfekt zu Holz, Horn oder Mineral. High-End-Modelle","robots":{"index":"index","follow":"follow","max-snippet":"max-snippet:-1","max-image-preview":"max-image-preview:large","max-video-preview":"max-video-preview:-1"},"canonical":"https:\/\/laguiole.com\/de\/produit\/laguiole-mustard-yellow-grain-luxe-lederetui-elegantes-accessoire-mit-franzoesischer-flagge\/","og_locale":"de_DE","og_type":"article","og_title":"Laguiole Ledertasche Frankreich","og_description":"Laguiole Senfgelber Luxuslederkoffer 10\u201312 cm \ud83c\uddeb\ud83c\uddf7 \u2013 gef\u00fcttert, widerstandsf\u00e4hig, sicherer Klappe. Perfekt zu Holz, Horn oder Mineral. High-End-Modelle","og_url":"https:\/\/laguiole.com\/de\/produit\/laguiole-mustard-yellow-grain-luxe-lederetui-elegantes-accessoire-mit-franzoesischer-flagge\/","og_site_name":"Laguiole.com \u00ae","article_publisher":"https:\/\/www.facebook.com\/laguiolecom\/","og_image":[{"width":1033,"height":1033,"url":"https:\/\/laguiole.com\/wp-content\/uploads\/2026\/04\/Etui_cuire_jaune_Max_Capedebarthes_00-corrige.jpg","type":"image\/jpeg"}],"twitter_card":"summary_large_image","twitter_misc":{"Gesch\u00e4tzte Lesezeit":"2\u00a0Minute"},"schema":{"@context":"https:\/\/schema.org","@graph":[{"@type":"WebPage","@id":"https:\/\/laguiole.com\/de\/produit\/laguiole-mustard-yellow-grain-luxe-lederetui-elegantes-accessoire-mit-franzoesischer-flagge\/","url":"https:\/\/laguiole.com\/de\/produit\/laguiole-mustard-yellow-grain-luxe-lederetui-elegantes-accessoire-mit-franzoesischer-flagge\/","name":"Laguiole Ledertasche Frankreich","isPartOf":{"@id":"https:\/\/laguiole.com\/de\/#website"},"primaryImageOfPage":{"@id":"https:\/\/laguiole.com\/de\/produit\/laguiole-mustard-yellow-grain-luxe-lederetui-elegantes-accessoire-mit-franzoesischer-flagge\/#primaryimage"},"image":{"@id":"https:\/\/laguiole.com\/de\/produit\/laguiole-mustard-yellow-grain-luxe-lederetui-elegantes-accessoire-mit-franzoesischer-flagge\/#primaryimage"},"thumbnailUrl":"https:\/\/laguiole.com\/wp-content\/uploads\/2026\/04\/Etui_cuire_jaune_Max_Capedebarthes_00-corrige.jpg","datePublished":"2026-04-20T11:06:34+00:00","description":"Laguiole Senfgelber Luxuslederkoffer 10\u201312 cm \ud83c\uddeb\ud83c\uddf7 \u2013 gef\u00fcttert, widerstandsf\u00e4hig, sicherer Klappe. Perfekt zu Holz, Horn oder Mineral. High-End-Modelle","breadcrumb":{"@id":"https:\/\/laguiole.com\/de\/produit\/laguiole-mustard-yellow-grain-luxe-lederetui-elegantes-accessoire-mit-franzoesischer-flagge\/#breadcrumb"},"inLanguage":"de","potentialAction":[{"@type":"ReadAction","target":["https:\/\/laguiole.com\/de\/produit\/laguiole-mustard-yellow-grain-luxe-lederetui-elegantes-accessoire-mit-franzoesischer-flagge\/"]}]},{"@type":"ImageObject","inLanguage":"de","@id":"https:\/\/laguiole.com\/de\/produit\/laguiole-mustard-yellow-grain-luxe-lederetui-elegantes-accessoire-mit-franzoesischer-flagge\/#primaryimage","url":"https:\/\/laguiole.com\/wp-content\/uploads\/2026\/04\/Etui_cuire_jaune_Max_Capedebarthes_00-corrige.jpg","contentUrl":"https:\/\/laguiole.com\/wp-content\/uploads\/2026\/04\/Etui_cuire_jaune_Max_Capedebarthes_00-corrige.jpg","width":1033,"height":1033,"caption":"\u00c9tui cuir Laguiole Jaune Moutarde grain\u00e9 Luxe \u2013 Accessoire \u00e9l\u00e9gant avec drapeau fran\u00e7ais"},{"@type":"BreadcrumbList","@id":"https:\/\/laguiole.com\/de\/produit\/laguiole-mustard-yellow-grain-luxe-lederetui-elegantes-accessoire-mit-franzoesischer-flagge\/#breadcrumb","itemListElement":[{"@type":"ListItem","position":1,"name":"Accueil","item":"https:\/\/laguiole.com\/de\/"},{"@type":"ListItem","position":2,"name":"Shop","item":"https:\/\/laguiole.com\/de\/shop-2\/"},{"@type":"ListItem","position":3,"name":"Laguiole Mustard Yellow Grain Luxe Lederetui \u2013 elegantes Accessoire mit franz\u00f6sischer Flagge"}]},{"@type":"WebSite","@id":"https:\/\/laguiole.com\/de\/#website","url":"https:\/\/laguiole.com\/de\/","name":"Laguiole.com","description":"Laguiole - Couteau laguiole, Chateau Laguiole, Laguiole en Aubrac, Forge de Laguiole","publisher":{"@id":"https:\/\/laguiole.com\/de\/#organization"},"potentialAction":[{"@type":"SearchAction","target":{"@type":"EntryPoint","urlTemplate":"https:\/\/laguiole.com\/de\/?s={search_term_string}"},"query-input":{"@type":"PropertyValueSpecification","valueRequired":true,"valueName":"search_term_string"}}],"inLanguage":"de"},{"@type":"Organization","@id":"https:\/\/laguiole.com\/de\/#organization","name":"Laguiole.com","url":"https:\/\/laguiole.com\/de\/","logo":{"@type":"ImageObject","inLanguage":"de","@id":"https:\/\/laguiole.com\/de\/#\/schema\/logo\/image\/","url":"https:\/\/laguiole.com\/wp-content\/uploads\/2021\/02\/logo_laguiole.com-horizontal.jpg","contentUrl":"https:\/\/laguiole.com\/wp-content\/uploads\/2021\/02\/logo_laguiole.com-horizontal.jpg","width":490,"height":156,"caption":"Laguiole.com"},"image":{"@id":"https:\/\/laguiole.com\/de\/#\/schema\/logo\/image\/"},"sameAs":["https:\/\/www.facebook.com\/laguiolecom\/","https:\/\/www.instagram.com\/laguiolecom\/","https:\/\/www.youtube.com\/@laguiolecom\/videos"]}]}},"_links":{"self":[{"href":"https:\/\/laguiole.com\/de\/wp-json\/wp\/v2\/product\/53028","targetHints":{"allow":["GET"]}}],"collection":[{"href":"https:\/\/laguiole.com\/de\/wp-json\/wp\/v2\/product"}],"about":[{"href":"https:\/\/laguiole.com\/de\/wp-json\/wp\/v2\/types\/product"}],"version-history":[{"count":0,"href":"https:\/\/laguiole.com\/de\/wp-json\/wp\/v2\/product\/53028\/revisions"}],"wp:featuredmedia":[{"embeddable":true,"href":"https:\/\/laguiole.com\/de\/wp-json\/wp\/v2\/media\/53151"}],"wp:attachment":[{"href":"https:\/\/laguiole.com\/de\/wp-json\/wp\/v2\/media?parent=53028"}],"wp:term":[{"taxonomy":"product_brand","embeddable":true,"href":"https:\/\/laguiole.com\/de\/wp-json\/wp\/v2\/product_brand?post=53028"},{"taxonomy":"product_cat","embeddable":true,"href":"https:\/\/laguiole.com\/de\/wp-json\/wp\/v2\/product_cat?post=53028"},{"taxonomy":"product_tag","embeddable":true,"href":"https:\/\/laguiole.com\/de\/wp-json\/wp\/v2\/product_tag?post=53028"}],"curies":[{"name":"wp","href":"https:\/\/api.w.org\/{rel}","templated":true}]}}