{"id":53026,"date":"2026-04-21T17:17:01","date_gmt":"2026-04-21T15:17:01","guid":{"rendered":"https:\/\/laguiole.com\/produit\/laguiole-fushia-rose-luxury-leather-case-mit-korn-elegantes-accessoire-mit-franzoesischer-flagge\/"},"modified":"2026-04-21T17:17:01","modified_gmt":"2026-04-21T15:17:01","slug":"laguiole-fushia-rose-luxury-leather-case-mit-korn-elegantes-accessoire-mit-franzoesischer-flagge","status":"publish","type":"product","link":"https:\/\/laguiole.com\/de\/produit\/laguiole-fushia-rose-luxury-leather-case-mit-korn-elegantes-accessoire-mit-franzoesischer-flagge\/","title":{"rendered":"Laguiole Fushia Rose Luxury Leather Case mit Korn \u2013 elegantes Accessoire mit franz\u00f6sischer Flagge"},"content":{"rendered":"<h2 data-section-id=\"16vfg7h\" data-start=\"0\" data-end=\"76\">Fuchsiarosa luxuri\u00f6se Lederscheide mit Maserung \u2013 F\u00fcr Laguiole-Messer 9 bis 12 cm<\/h2>\n<p data-start=\"78\" data-end=\"412\">Bieten Sie Ihrem Messer einen Schutz, der sowohl elegant als auch kr\u00e4ftig ist, mit dieser fuchsiafarbenen rosa luxuri\u00f6sen Lederscheide mit Maserung. Entworfen f\u00fcr Laguiole-Messer und Faltmesser von 9 bis 12 cm, vereint es perfekt Stil, Sicherheit und Praktikabilit\u00e4t. Seine Gr\u00f6\u00dfe macht es au\u00dferdem einfach, ihn f\u00fcr den t\u00e4glichen Gebrauch in eine Tasche zu stecken.  <\/p>\n<hr data-start=\"414\" data-end=\"417\">\n<h3 data-section-id=\"r46akz\" data-start=\"419\" data-end=\"475\">\u2728 Ein hochwertiges Ledergeh\u00e4use mit raffinierten Oberfl\u00e4chen<\/h3>\n<p data-start=\"477\" data-end=\"691\">Vor allem besteht dieses Geh\u00e4use aus hochwertigem Leder mit K\u00f6rnung, das f\u00fcr seine nat\u00fcrliche, weiche Textur bekannt ist, die angenehm anf\u00fchlt. Er hat keine Farbe oder k\u00fcnstliche Oberfl\u00e4chen, was ein authentisches Aussehen garantiert. <\/p>\n<p data-start=\"693\" data-end=\"909\">Au\u00dferdem verst\u00e4rkt die ton-auf-ton-Naht die Solidit\u00e4t und verleiht ihm einen Hauch dezenter Eleganz. Der Innenraum, vollst\u00e4ndig gef\u00fcttert, sch\u00fctzt Ihr Messer effektiv vor Kratzern und kleinen Unebenheiten. <\/p>\n<p data-start=\"911\" data-end=\"1096\">Schlie\u00dflich sorgt die Lederklappe f\u00fcr einen sicheren Verschluss. Es zeigt auch ein markantes Detail: \ud83c\uddeb\ud83c\uddf7 eine diskrete franz\u00f6sische Flagge unter der Klappe, ein Symbol f\u00fcr Qualit\u00e4t und Handwerkskunst. <\/p>\n<hr data-start=\"1098\" data-end=\"1101\">\n<h3 data-section-id=\"10nkw4t\" data-start=\"1103\" data-end=\"1156\">\ud83c\udfa8 Eine lebendige und anspruchsvolle fuchsiafarbene Farbe<\/h3>\n<p data-start=\"1158\" data-end=\"1336\">Dieses Modell zeichnet sich durch seine fuchsiarosa Farbe aus. Hell, modern und gleichzeitig raffiniert, verleiht es Ihrem Messer einen echten Charakter und bleibt dabei elegant. <\/p>\n<p data-start=\"1338\" data-end=\"1388\">Es passt harmonisch zu \u00c4rmeln, die aus folgenden Teilen bestehen:<\/p>\n<ul data-start=\"1390\" data-end=\"1431\">\n<li data-section-id=\"1c4um1r\" data-start=\"1390\" data-end=\"1398\">Holz<\/li>\n<li data-section-id=\"23sgsd\" data-start=\"1399\" data-end=\"1408\">Horn<\/li>\n<li data-section-id=\"9txh1b\" data-start=\"1409\" data-end=\"1431\">Mineralische Materialien<\/li>\n<\/ul>\n<p data-start=\"1433\" data-end=\"1605\">So erzeugt dieses Geh\u00e4use entweder einen kr\u00e4ftigen Kontrast oder eine subtile Harmonie, abh\u00e4ngig vom Stil des Messers. Sein leuchtender Farbton macht ihn auch leicht in einer Tasche zu erkennen. <\/p>\n<hr data-start=\"1607\" data-end=\"1610\">\n<h3 data-section-id=\"2h5521\" data-start=\"1612\" data-end=\"1645\">\ud83d\udd2a Messerkompatibilit\u00e4t<\/h3>\n<p data-start=\"1647\" data-end=\"1685\">Dieser Fall eignet sich perfekt f\u00fcr:<\/p>\n<ul data-start=\"1687\" data-end=\"1853\">\n<li data-section-id=\"18ogbuc\" data-start=\"1687\" data-end=\"1739\">Laguiole-Messer von 9 bis 12 cm<\/li>\n<li data-section-id=\"1cnx39q\" data-start=\"1740\" data-end=\"1781\">Doppelmesser bis zu 12 cm<\/li>\n<li data-section-id=\"1ij2za0\" data-start=\"1782\" data-end=\"1820\">Zweiteilige Messer bis zu 12 cm<\/li>\n<li data-section-id=\"xtclps\" data-start=\"1821\" data-end=\"1835\">Sommeliers<\/li>\n<li data-section-id=\"1x1740x\" data-start=\"1836\" data-end=\"1853\">Zigarrenschneider<\/li>\n<\/ul>\n<p data-start=\"1855\" data-end=\"1892\">Andererseits ist es nicht geeignet f\u00fcr:<\/p>\n<ul data-start=\"1894\" data-end=\"1970\">\n<li data-section-id=\"ksyvq3\" data-start=\"1894\" data-end=\"1923\">Messer \u00fcber 12 cm<\/li>\n<li data-section-id=\"xnoonq\" data-start=\"1924\" data-end=\"1970\">Jagdmesser mit dicken Griffen<\/li>\n<\/ul>\n<hr data-start=\"1972\" data-end=\"1975\">\n<h3 data-section-id=\"1y1f3mc\" data-start=\"1977\" data-end=\"2013\">\ud83c\udfaf Ein praktisches Geh\u00e4use f\u00fcr den t\u00e4glichen Gebrauch<\/h3>\n<p data-start=\"2015\" data-end=\"2191\">Dank seiner kompakten Gr\u00f6\u00dfe ist dieses Koffer leicht zu transportieren und ideal zur Aufbewahrung in einer Tasche. Sie sch\u00fctzt dein Messer effektiv, wenn du unterwegs bist. <\/p>\n<p data-start=\"2193\" data-end=\"2308\">Allerdings eignet es sich weniger gut in der Tasche und stellt Sicherheit und Gebrauchskomfort an erster Stelle.<\/p>\n<hr data-start=\"2310\" data-end=\"2313\">\n<h3 data-section-id=\"nekj4t\" data-start=\"2315\" data-end=\"2356\">\ud83d\udcbc Ein schickes und langlebiges Lederaccessoire<\/h3>\n<p data-start=\"2358\" data-end=\"2561\">Zusammenfassend vereint dieser luxuri\u00f6se Fuchsia-rosa Laguiole-Ledercase \u00c4sthetik, Robustheit und Praktikabilit\u00e4t. Sie richtet sich an anspruchsvolle Enthusiasten, die ein hochwertiges, langlebiges und unverwechselbares Accessoire suchen. <\/p>\n<p data-start=\"2563\" data-end=\"2645\" data-is-last-node=\"\" data-is-only-node=\"\">So heben Sie Ihr Messer hervor und sorgen gleichzeitig f\u00fcr den optimalen Schutz.<\/p>\n","protected":false},"excerpt":{"rendered":"<p>Luxus-Ledertasche<br \/>\nmit Maserung Farbe: Fushia<br \/>\nPink Einfacher Klappenverschluss ohne Klick<br \/>\nKeine G\u00fcrtelschlaufe<br \/>\nFranz\u00f6sische Flagge am Rand des Etuisches unter der Klappe<br \/>\nTon-auf-Ton-Naht<br \/>\nVollst\u00e4ndig gef\u00fcttertes Leder<br \/>\nSehr angenehme Ausstattung<\/p>\n<p>L\u00e4nge: 14 cm Klappe geschlossen<br \/>\nGesamtbreite: 5 cm<br \/>\nInnenbreite: 4 cm<\/p>\n<p><strong>Geeignet f\u00fcr alle Laguiole-Messer bis zu 12 cm, einschlie\u00dflich Doppelplatten und zweiteiliger Messer (mit Korkenzieher) sowie Sommeliers und Zigarrenmesser<\/strong><\/p>\n<p>Nicht geeignet f\u00fcr Messer \u00fcber 12 cm oder Jagdtypen.<\/p>\n","protected":false},"featured_media":53166,"template":"","meta":{"_acf_changed":false,"_monsterinsights_skip_tracking":false,"_monsterinsights_sitenote_active":false,"_monsterinsights_sitenote_note":"","_monsterinsights_sitenote_category":0},"product_brand":[],"product_cat":[5952],"product_tag":[],"class_list":{"0":"post-53026","1":"product","2":"type-product","3":"status-publish","4":"has-post-thumbnail","6":"product_cat-messerfutteral","7":"pa_etuis-cuir-pour-10-cm","8":"pa_etuis-cuir-pour-11-12-cm","9":"pa_etuis-cuir-pour-laguiole","10":"pa_etuis-cuir-pour-messer-mit-korkenzieher","11":"pa_etuis-cuir-pour-messer-mit-korkenzieher-2","12":"pa_etuis-cuir-pour-kellnermesser-2","13":"tm-no-options","16":"instock","17":"taxable","18":"shipping-taxable","19":"purchasable","20":"product-type-simple"},"supplier_id":null,"supplier_sku":"","barcode":null,"atum_controlled":true,"out_stock_date":null,"out_stock_threshold":null,"inheritable":false,"inbound_stock":0,"stock_on_hold":0,"sold_today":0,"sales_last_days":0,"reserved_stock":0,"customer_returns":0,"warehouse_damage":0,"lost_in_post":0,"other_logs":0,"out_stock_days":0,"lost_sales":0,"has_location":false,"update_date":"2026-04-28T00:42:15","atum_locations":[],"atum_stock_status":"instock","restock_status":false,"low_stock_amount":"","sales_update_date":"2026-04-28T00:42:14","calc_backorders":null,"acf":[],"yoast_head":"<!-- This site is optimized with the Yoast SEO plugin v27.3 - https:\/\/yoast.com\/product\/yoast-seo-wordpress\/ -->\n<title>Laguiole Ledertasche Frankreich<\/title>\n<meta name=\"description\" content=\"Laguiole Luxury Beige Lederetui 10\u201312 cm \ud83c\uddeb\ud83c\uddf7 \u2013 Sofortige Eleganz! Gef\u00fcttert, widerstandsf\u00e4hig, sicherer Klappe. Perfekt zu Holz, Horn oder Mineral. High-End-Modelle\" \/>\n<meta name=\"robots\" content=\"index, follow, max-snippet:-1, max-image-preview:large, max-video-preview:-1\" \/>\n<link rel=\"canonical\" href=\"https:\/\/laguiole.com\/de\/produit\/laguiole-fushia-rose-luxury-leather-case-mit-korn-elegantes-accessoire-mit-franzoesischer-flagge\/\" \/>\n<meta property=\"og:locale\" content=\"de_DE\" \/>\n<meta property=\"og:type\" content=\"article\" \/>\n<meta property=\"og:title\" content=\"Laguiole Ledertasche Frankreich\" \/>\n<meta property=\"og:description\" content=\"Laguiole Luxury Beige Lederetui 10\u201312 cm \ud83c\uddeb\ud83c\uddf7 \u2013 Sofortige Eleganz! Gef\u00fcttert, widerstandsf\u00e4hig, sicherer Klappe. Perfekt zu Holz, Horn oder Mineral. High-End-Modelle\" \/>\n<meta property=\"og:url\" content=\"https:\/\/laguiole.com\/de\/produit\/laguiole-fushia-rose-luxury-leather-case-mit-korn-elegantes-accessoire-mit-franzoesischer-flagge\/\" \/>\n<meta property=\"og:site_name\" content=\"Laguiole.com \u00ae\" \/>\n<meta property=\"article:publisher\" content=\"https:\/\/www.facebook.com\/laguiolecom\/\" \/>\n<meta property=\"og:image\" content=\"https:\/\/laguiole.com\/wp-content\/uploads\/2026\/04\/Etui_cuire_rose_Max_Capedebarthes_00-corrige.jpg\" \/>\n\t<meta property=\"og:image:width\" content=\"1033\" \/>\n\t<meta property=\"og:image:height\" content=\"1033\" \/>\n\t<meta property=\"og:image:type\" content=\"image\/jpeg\" \/>\n<meta name=\"twitter:card\" content=\"summary_large_image\" \/>\n<meta name=\"twitter:label1\" content=\"Gesch\u00e4tzte Lesezeit\" \/>\n\t<meta name=\"twitter:data1\" content=\"2\u00a0Minute\" \/>\n<script type=\"application\/ld+json\" class=\"yoast-schema-graph\">{\"@context\":\"https:\\\/\\\/schema.org\",\"@graph\":[{\"@type\":\"WebPage\",\"@id\":\"https:\\\/\\\/laguiole.com\\\/de\\\/produit\\\/laguiole-fushia-rose-luxury-leather-case-mit-korn-elegantes-accessoire-mit-franzoesischer-flagge\\\/\",\"url\":\"https:\\\/\\\/laguiole.com\\\/de\\\/produit\\\/laguiole-fushia-rose-luxury-leather-case-mit-korn-elegantes-accessoire-mit-franzoesischer-flagge\\\/\",\"name\":\"Laguiole Ledertasche Frankreich\",\"isPartOf\":{\"@id\":\"https:\\\/\\\/laguiole.com\\\/de\\\/#website\"},\"primaryImageOfPage\":{\"@id\":\"https:\\\/\\\/laguiole.com\\\/de\\\/produit\\\/laguiole-fushia-rose-luxury-leather-case-mit-korn-elegantes-accessoire-mit-franzoesischer-flagge\\\/#primaryimage\"},\"image\":{\"@id\":\"https:\\\/\\\/laguiole.com\\\/de\\\/produit\\\/laguiole-fushia-rose-luxury-leather-case-mit-korn-elegantes-accessoire-mit-franzoesischer-flagge\\\/#primaryimage\"},\"thumbnailUrl\":\"https:\\\/\\\/laguiole.com\\\/wp-content\\\/uploads\\\/2026\\\/04\\\/Etui_cuire_rose_Max_Capedebarthes_00-corrige.jpg\",\"datePublished\":\"2026-04-21T15:17:01+00:00\",\"description\":\"Laguiole Luxury Beige Lederetui 10\u201312 cm \ud83c\uddeb\ud83c\uddf7 \u2013 Sofortige Eleganz! Gef\u00fcttert, widerstandsf\u00e4hig, sicherer Klappe. Perfekt zu Holz, Horn oder Mineral. High-End-Modelle\",\"breadcrumb\":{\"@id\":\"https:\\\/\\\/laguiole.com\\\/de\\\/produit\\\/laguiole-fushia-rose-luxury-leather-case-mit-korn-elegantes-accessoire-mit-franzoesischer-flagge\\\/#breadcrumb\"},\"inLanguage\":\"de\",\"potentialAction\":[{\"@type\":\"ReadAction\",\"target\":[\"https:\\\/\\\/laguiole.com\\\/de\\\/produit\\\/laguiole-fushia-rose-luxury-leather-case-mit-korn-elegantes-accessoire-mit-franzoesischer-flagge\\\/\"]}]},{\"@type\":\"ImageObject\",\"inLanguage\":\"de\",\"@id\":\"https:\\\/\\\/laguiole.com\\\/de\\\/produit\\\/laguiole-fushia-rose-luxury-leather-case-mit-korn-elegantes-accessoire-mit-franzoesischer-flagge\\\/#primaryimage\",\"url\":\"https:\\\/\\\/laguiole.com\\\/wp-content\\\/uploads\\\/2026\\\/04\\\/Etui_cuire_rose_Max_Capedebarthes_00-corrige.jpg\",\"contentUrl\":\"https:\\\/\\\/laguiole.com\\\/wp-content\\\/uploads\\\/2026\\\/04\\\/Etui_cuire_rose_Max_Capedebarthes_00-corrige.jpg\",\"width\":1033,\"height\":1033,\"caption\":\"\u00c9tui cuir Laguiole Rose Fushia grain\u00e9 Luxe \u2013 Accessoire \u00e9l\u00e9gant avec drapeau fran\u00e7ais\"},{\"@type\":\"BreadcrumbList\",\"@id\":\"https:\\\/\\\/laguiole.com\\\/de\\\/produit\\\/laguiole-fushia-rose-luxury-leather-case-mit-korn-elegantes-accessoire-mit-franzoesischer-flagge\\\/#breadcrumb\",\"itemListElement\":[{\"@type\":\"ListItem\",\"position\":1,\"name\":\"Accueil\",\"item\":\"https:\\\/\\\/laguiole.com\\\/de\\\/\"},{\"@type\":\"ListItem\",\"position\":2,\"name\":\"Shop\",\"item\":\"https:\\\/\\\/laguiole.com\\\/de\\\/shop-2\\\/\"},{\"@type\":\"ListItem\",\"position\":3,\"name\":\"Laguiole Fushia Rose Luxury Leather Case mit Korn \u2013 elegantes Accessoire mit franz\u00f6sischer Flagge\"}]},{\"@type\":\"WebSite\",\"@id\":\"https:\\\/\\\/laguiole.com\\\/de\\\/#website\",\"url\":\"https:\\\/\\\/laguiole.com\\\/de\\\/\",\"name\":\"Laguiole.com\",\"description\":\"Laguiole - Couteau laguiole, Chateau Laguiole, Laguiole en Aubrac, Forge de Laguiole\",\"publisher\":{\"@id\":\"https:\\\/\\\/laguiole.com\\\/de\\\/#organization\"},\"potentialAction\":[{\"@type\":\"SearchAction\",\"target\":{\"@type\":\"EntryPoint\",\"urlTemplate\":\"https:\\\/\\\/laguiole.com\\\/de\\\/?s={search_term_string}\"},\"query-input\":{\"@type\":\"PropertyValueSpecification\",\"valueRequired\":true,\"valueName\":\"search_term_string\"}}],\"inLanguage\":\"de\"},{\"@type\":\"Organization\",\"@id\":\"https:\\\/\\\/laguiole.com\\\/de\\\/#organization\",\"name\":\"Laguiole.com\",\"url\":\"https:\\\/\\\/laguiole.com\\\/de\\\/\",\"logo\":{\"@type\":\"ImageObject\",\"inLanguage\":\"de\",\"@id\":\"https:\\\/\\\/laguiole.com\\\/de\\\/#\\\/schema\\\/logo\\\/image\\\/\",\"url\":\"https:\\\/\\\/laguiole.com\\\/wp-content\\\/uploads\\\/2021\\\/02\\\/logo_laguiole.com-horizontal.jpg\",\"contentUrl\":\"https:\\\/\\\/laguiole.com\\\/wp-content\\\/uploads\\\/2021\\\/02\\\/logo_laguiole.com-horizontal.jpg\",\"width\":490,\"height\":156,\"caption\":\"Laguiole.com\"},\"image\":{\"@id\":\"https:\\\/\\\/laguiole.com\\\/de\\\/#\\\/schema\\\/logo\\\/image\\\/\"},\"sameAs\":[\"https:\\\/\\\/www.facebook.com\\\/laguiolecom\\\/\",\"https:\\\/\\\/www.instagram.com\\\/laguiolecom\\\/\",\"https:\\\/\\\/www.youtube.com\\\/@laguiolecom\\\/videos\"]}]}<\/script>\n<!-- \/ Yoast SEO plugin. -->","yoast_head_json":{"title":"Laguiole Ledertasche Frankreich","description":"Laguiole Luxury Beige Lederetui 10\u201312 cm \ud83c\uddeb\ud83c\uddf7 \u2013 Sofortige Eleganz! Gef\u00fcttert, widerstandsf\u00e4hig, sicherer Klappe. Perfekt zu Holz, Horn oder Mineral. High-End-Modelle","robots":{"index":"index","follow":"follow","max-snippet":"max-snippet:-1","max-image-preview":"max-image-preview:large","max-video-preview":"max-video-preview:-1"},"canonical":"https:\/\/laguiole.com\/de\/produit\/laguiole-fushia-rose-luxury-leather-case-mit-korn-elegantes-accessoire-mit-franzoesischer-flagge\/","og_locale":"de_DE","og_type":"article","og_title":"Laguiole Ledertasche Frankreich","og_description":"Laguiole Luxury Beige Lederetui 10\u201312 cm \ud83c\uddeb\ud83c\uddf7 \u2013 Sofortige Eleganz! Gef\u00fcttert, widerstandsf\u00e4hig, sicherer Klappe. Perfekt zu Holz, Horn oder Mineral. High-End-Modelle","og_url":"https:\/\/laguiole.com\/de\/produit\/laguiole-fushia-rose-luxury-leather-case-mit-korn-elegantes-accessoire-mit-franzoesischer-flagge\/","og_site_name":"Laguiole.com \u00ae","article_publisher":"https:\/\/www.facebook.com\/laguiolecom\/","og_image":[{"width":1033,"height":1033,"url":"https:\/\/laguiole.com\/wp-content\/uploads\/2026\/04\/Etui_cuire_rose_Max_Capedebarthes_00-corrige.jpg","type":"image\/jpeg"}],"twitter_card":"summary_large_image","twitter_misc":{"Gesch\u00e4tzte Lesezeit":"2\u00a0Minute"},"schema":{"@context":"https:\/\/schema.org","@graph":[{"@type":"WebPage","@id":"https:\/\/laguiole.com\/de\/produit\/laguiole-fushia-rose-luxury-leather-case-mit-korn-elegantes-accessoire-mit-franzoesischer-flagge\/","url":"https:\/\/laguiole.com\/de\/produit\/laguiole-fushia-rose-luxury-leather-case-mit-korn-elegantes-accessoire-mit-franzoesischer-flagge\/","name":"Laguiole Ledertasche Frankreich","isPartOf":{"@id":"https:\/\/laguiole.com\/de\/#website"},"primaryImageOfPage":{"@id":"https:\/\/laguiole.com\/de\/produit\/laguiole-fushia-rose-luxury-leather-case-mit-korn-elegantes-accessoire-mit-franzoesischer-flagge\/#primaryimage"},"image":{"@id":"https:\/\/laguiole.com\/de\/produit\/laguiole-fushia-rose-luxury-leather-case-mit-korn-elegantes-accessoire-mit-franzoesischer-flagge\/#primaryimage"},"thumbnailUrl":"https:\/\/laguiole.com\/wp-content\/uploads\/2026\/04\/Etui_cuire_rose_Max_Capedebarthes_00-corrige.jpg","datePublished":"2026-04-21T15:17:01+00:00","description":"Laguiole Luxury Beige Lederetui 10\u201312 cm \ud83c\uddeb\ud83c\uddf7 \u2013 Sofortige Eleganz! Gef\u00fcttert, widerstandsf\u00e4hig, sicherer Klappe. Perfekt zu Holz, Horn oder Mineral. High-End-Modelle","breadcrumb":{"@id":"https:\/\/laguiole.com\/de\/produit\/laguiole-fushia-rose-luxury-leather-case-mit-korn-elegantes-accessoire-mit-franzoesischer-flagge\/#breadcrumb"},"inLanguage":"de","potentialAction":[{"@type":"ReadAction","target":["https:\/\/laguiole.com\/de\/produit\/laguiole-fushia-rose-luxury-leather-case-mit-korn-elegantes-accessoire-mit-franzoesischer-flagge\/"]}]},{"@type":"ImageObject","inLanguage":"de","@id":"https:\/\/laguiole.com\/de\/produit\/laguiole-fushia-rose-luxury-leather-case-mit-korn-elegantes-accessoire-mit-franzoesischer-flagge\/#primaryimage","url":"https:\/\/laguiole.com\/wp-content\/uploads\/2026\/04\/Etui_cuire_rose_Max_Capedebarthes_00-corrige.jpg","contentUrl":"https:\/\/laguiole.com\/wp-content\/uploads\/2026\/04\/Etui_cuire_rose_Max_Capedebarthes_00-corrige.jpg","width":1033,"height":1033,"caption":"\u00c9tui cuir Laguiole Rose Fushia grain\u00e9 Luxe \u2013 Accessoire \u00e9l\u00e9gant avec drapeau fran\u00e7ais"},{"@type":"BreadcrumbList","@id":"https:\/\/laguiole.com\/de\/produit\/laguiole-fushia-rose-luxury-leather-case-mit-korn-elegantes-accessoire-mit-franzoesischer-flagge\/#breadcrumb","itemListElement":[{"@type":"ListItem","position":1,"name":"Accueil","item":"https:\/\/laguiole.com\/de\/"},{"@type":"ListItem","position":2,"name":"Shop","item":"https:\/\/laguiole.com\/de\/shop-2\/"},{"@type":"ListItem","position":3,"name":"Laguiole Fushia Rose Luxury Leather Case mit Korn \u2013 elegantes Accessoire mit franz\u00f6sischer Flagge"}]},{"@type":"WebSite","@id":"https:\/\/laguiole.com\/de\/#website","url":"https:\/\/laguiole.com\/de\/","name":"Laguiole.com","description":"Laguiole - Couteau laguiole, Chateau Laguiole, Laguiole en Aubrac, Forge de Laguiole","publisher":{"@id":"https:\/\/laguiole.com\/de\/#organization"},"potentialAction":[{"@type":"SearchAction","target":{"@type":"EntryPoint","urlTemplate":"https:\/\/laguiole.com\/de\/?s={search_term_string}"},"query-input":{"@type":"PropertyValueSpecification","valueRequired":true,"valueName":"search_term_string"}}],"inLanguage":"de"},{"@type":"Organization","@id":"https:\/\/laguiole.com\/de\/#organization","name":"Laguiole.com","url":"https:\/\/laguiole.com\/de\/","logo":{"@type":"ImageObject","inLanguage":"de","@id":"https:\/\/laguiole.com\/de\/#\/schema\/logo\/image\/","url":"https:\/\/laguiole.com\/wp-content\/uploads\/2021\/02\/logo_laguiole.com-horizontal.jpg","contentUrl":"https:\/\/laguiole.com\/wp-content\/uploads\/2021\/02\/logo_laguiole.com-horizontal.jpg","width":490,"height":156,"caption":"Laguiole.com"},"image":{"@id":"https:\/\/laguiole.com\/de\/#\/schema\/logo\/image\/"},"sameAs":["https:\/\/www.facebook.com\/laguiolecom\/","https:\/\/www.instagram.com\/laguiolecom\/","https:\/\/www.youtube.com\/@laguiolecom\/videos"]}]}},"_links":{"self":[{"href":"https:\/\/laguiole.com\/de\/wp-json\/wp\/v2\/product\/53026","targetHints":{"allow":["GET"]}}],"collection":[{"href":"https:\/\/laguiole.com\/de\/wp-json\/wp\/v2\/product"}],"about":[{"href":"https:\/\/laguiole.com\/de\/wp-json\/wp\/v2\/types\/product"}],"version-history":[{"count":0,"href":"https:\/\/laguiole.com\/de\/wp-json\/wp\/v2\/product\/53026\/revisions"}],"wp:featuredmedia":[{"embeddable":true,"href":"https:\/\/laguiole.com\/de\/wp-json\/wp\/v2\/media\/53166"}],"wp:attachment":[{"href":"https:\/\/laguiole.com\/de\/wp-json\/wp\/v2\/media?parent=53026"}],"wp:term":[{"taxonomy":"product_brand","embeddable":true,"href":"https:\/\/laguiole.com\/de\/wp-json\/wp\/v2\/product_brand?post=53026"},{"taxonomy":"product_cat","embeddable":true,"href":"https:\/\/laguiole.com\/de\/wp-json\/wp\/v2\/product_cat?post=53026"},{"taxonomy":"product_tag","embeddable":true,"href":"https:\/\/laguiole.com\/de\/wp-json\/wp\/v2\/product_tag?post=53026"}],"curies":[{"name":"wp","href":"https:\/\/api.w.org\/{rel}","templated":true}]}}