{"id":52999,"date":"2026-04-21T17:52:02","date_gmt":"2026-04-21T15:52:02","guid":{"rendered":"https:\/\/laguiole.com\/?post_type=product&#038;p=52999"},"modified":"2026-04-22T12:26:29","modified_gmt":"2026-04-22T10:26:29","slug":"laguiole-olive-green-grained-luxury-leather-case-elegantes-accessoire-mit-franzosischer-flagge-2","status":"publish","type":"product","link":"https:\/\/laguiole.com\/de\/produit\/laguiole-olive-green-grained-luxury-leather-case-elegantes-accessoire-mit-franzosischer-flagge-2\/","title":{"rendered":"Laguiole Olive Green Grained Luxury Leather Case \u2013 elegantes Accessoire mit franz\u00f6sischer Flagge"},"content":{"rendered":"<h2 data-section-id=\"2u2s2x\" data-start=\"0\" data-end=\"74\">Olivgr\u00fcne luxuri\u00f6se Lederscheide mit K\u00f6rnung \u2013 F\u00fcr Laguiole-Messer 9 bis 12 cm<\/h2>\n<p data-start=\"76\" data-end=\"416\">Geben Sie Ihrem Messer elegante und nat\u00fcrliche Schutzma\u00dfnahmen mit dieser olivgr\u00fcnen, luxuri\u00f6sen Lederscheide mit Maserung. Speziell f\u00fcr Laguiole-Messer und Faltmesser von 9 bis 12 cm entwickelt, verbindet es Stil, Sicherheit und Praktikabilit\u00e4t mit der richtigen Qualit\u00e4t. Au\u00dferdem passt es dank seines gestalteten Formats problemlos in eine Tasche f\u00fcr den t\u00e4glichen Gebrauch.<\/p>\n<hr data-start=\"418\" data-end=\"421\" \/>\n<h3 data-section-id=\"g5elsr\" data-start=\"423\" data-end=\"478\">\u2728 Ein hochwertiges Lederetui mit schicken Oberfl\u00e4chen<\/h3>\n<p data-start=\"480\" data-end=\"727\">Zun\u00e4chst einmal besteht dieses Geh\u00e4use aus hochwertigem Leder, das f\u00fcr seine nat\u00fcrliche, weiche Textur bekannt ist, die besonders angenehm anf\u00fchlt. Au\u00dferdem verf\u00fcgt sie weder \u00fcber Farbe noch k\u00fcnstliche Oberfl\u00e4chen, was ihre Authentizit\u00e4t erh\u00f6ht.<\/p>\n<p data-start=\"729\" data-end=\"1028\">Dann konsolidiert die ton-auf-Ton-Decknaht nicht nur das Ganze, sondern sorgt auch f\u00fcr ein elegantes und diskretes Finish. Au\u00dferdem ist das Innere vollst\u00e4ndig ausgekleidet, was Ihr Messer effektiv vor Kratzern und kleinen Unebenheiten im Alltag sch\u00fctzt.<\/p>\n<p data-start=\"1030\" data-end=\"1223\">Schlie\u00dflich sorgt die Lederlappe f\u00fcr eine sichere und praktische Passform. Au\u00dferdem zeigt er ein markantes Detail: \ud83c\uddeb\ud83c\uddf7 eine diskrete franz\u00f6sische Flagge unter der Klappe, ein Symbol f\u00fcr Qualit\u00e4t und Fachwissen.<\/p>\n<hr data-start=\"1225\" data-end=\"1228\" \/>\n<h3 data-section-id=\"1n9r7t3\" data-start=\"1230\" data-end=\"1275\">\ud83c\udfa8 Eine n\u00fcchterne und raffinierte olivgr\u00fcne Farbe<\/h3>\n<p data-start=\"1277\" data-end=\"1516\">Dieses Modell zeichnet sich durch seine olivgr\u00fcne Farbe aus. N\u00fcchtern, nat\u00fcrlich und zeitlos zugleich, verleiht es Ihrem Messer ein elegantes und authentisches Aussehen. Au\u00dferdem f\u00fcgt sich dieser naturinspirierte Farbton leicht in verschiedene Stile ein.<\/p>\n<p data-start=\"1518\" data-end=\"1577\">Tats\u00e4chlich harmoniert sie perfekt mit H\u00e4lsen aus folgenden Teilen:<\/p>\n<ul data-start=\"1579\" data-end=\"1620\">\n<li data-section-id=\"1c4um1r\" data-start=\"1579\" data-end=\"1587\">Holz<\/li>\n<li data-section-id=\"23sgsd\" data-start=\"1588\" data-end=\"1597\">Horn<\/li>\n<li data-section-id=\"9txh1b\" data-start=\"1598\" data-end=\"1620\">Kohlenstoff<\/li>\n<\/ul>\n<p data-start=\"1622\" data-end=\"1890\">Je nach Messer kann dieser Fall daher eine nat\u00fcrliche Kontinuit\u00e4t oder im Gegenteil einen subtilen und verfeinerten Kontrast schaffen. Daher bleibt es eine vielseitige und \u00e4sthetisch ansprechende Wahl. Schlie\u00dflich macht der sanfte Farbton ihn auch leicht zu erkennen, ohne zu auff\u00e4llig zu sein.<\/p>\n<hr data-start=\"1892\" data-end=\"1895\" \/>\n<h3 data-section-id=\"2h5521\" data-start=\"1897\" data-end=\"1930\">\ud83d\udd2a Messerkompatibilit\u00e4t<\/h3>\n<p data-start=\"1932\" data-end=\"1970\">Dieser Fall eignet sich perfekt f\u00fcr:<\/p>\n<ul data-start=\"1972\" data-end=\"2138\">\n<li data-section-id=\"18ogbuc\" data-start=\"1972\" data-end=\"2024\">Laguiole-Messer von 9 bis 12 cm<\/li>\n<li data-section-id=\"1cnx39q\" data-start=\"2025\" data-end=\"2066\">Doppelmesser bis zu 12 cm<\/li>\n<li data-section-id=\"1ij2za0\" data-start=\"2067\" data-end=\"2105\">Zweiteilige Messer bis zu 12 cm<\/li>\n<li data-section-id=\"xtclps\" data-start=\"2106\" data-end=\"2120\">Sommeliers<\/li>\n<li data-section-id=\"1x1740x\" data-start=\"2121\" data-end=\"2138\">Zigarrenschneider<\/li>\n<\/ul>\n<p data-start=\"2140\" data-end=\"2177\">Andererseits ist es nicht geeignet f\u00fcr:<\/p>\n<ul data-start=\"2179\" data-end=\"2255\">\n<li data-section-id=\"ksyvq3\" data-start=\"2179\" data-end=\"2208\">Messer \u00fcber 12 cm<\/li>\n<li data-section-id=\"xnoonq\" data-start=\"2209\" data-end=\"2255\">Jagdmesser mit dicken Griffen<\/li>\n<\/ul>\n<hr data-start=\"2257\" data-end=\"2260\" \/>\n<h3 data-section-id=\"1y1f3mc\" data-start=\"2262\" data-end=\"2298\">\ud83c\udfaf Ein praktisches Geh\u00e4use f\u00fcr den t\u00e4glichen Gebrauch<\/h3>\n<p data-start=\"2300\" data-end=\"2467\">Dank seiner kompakten Gr\u00f6\u00dfe ist dieser Koffer leicht zu tragen und passt nat\u00fcrlich in eine Tasche. So bleibt Ihr Messer in allen Situationen gesch\u00fctzt.<\/p>\n<p data-start=\"2469\" data-end=\"2610\">Allerdings ist es weniger geeignet, es in der Tasche zu tragen. Tats\u00e4chlich stellen sie Sicherheit und Komfort beim Reisen in den Vordergrund.<\/p>\n<hr data-start=\"2612\" data-end=\"2615\" \/>\n<h3 data-section-id=\"nekj4t\" data-start=\"2617\" data-end=\"2658\">\ud83d\udcbc Ein schickes und langlebiges Lederaccessoire<\/h3>\n<p data-start=\"2660\" data-end=\"2876\">Kurz gesagt, dieses luxuri\u00f6se olivgr\u00fcne Laguiole-Lederetui verbindet harmonisch \u00c4sthetik, Robustheit und Praktikabilit\u00e4t. Es richtet sich an anspruchsvolle Enthusiasten, die ein Accessoire suchen, das sowohl hochwertig, langlebig als auch elegant ist.<\/p>\n<p data-start=\"2878\" data-end=\"2982\" data-is-last-node=\"\" data-is-only-node=\"\">Mit dieser Scheide verbessern Sie Ihr Messer und gew\u00e4hrleisten gleichzeitig einen zuverl\u00e4ssigen und langanhaltenden Schutz.<\/p>\n","protected":false},"excerpt":{"rendered":"<p>Luxus-Ledertasche<br \/>\nmit Korn Farben Olivgr\u00fcn<br \/>\nEinfacher Klappenverschluss ohne Druck<br \/>\nKeine G\u00fcrtelschlaufe<br \/>\nFranz\u00f6sische Flagge am Rand der H\u00fclle unter der Klappe<br \/>\nTon-auf-Ton-Naht<br \/>\nVollst\u00e4ndig gef\u00fcttertes Leder<br \/>\nSehr angenehmes Detail<\/p>\n<p>L\u00e4nge: 14 cm Klappe geschlossen<br \/>\nGesamtbreite: 5 cm<br \/>\nInnenbreite: 4 cm<\/p>\n<p><strong>Geeignet f\u00fcr alle Laguiole-Messer bis zu 12 cm, einschlie\u00dflich Doppelplatten und zweiteiliger Messer (mit Korkenzieher) sowie Sommeliers und Zigarrenmesser<\/strong><\/p>\n<p>Nicht geeignet f\u00fcr Messer \u00fcber 12 cm oder Jagdtypen.<\/p>\n","protected":false},"featured_media":53001,"template":"","meta":{"_acf_changed":false,"_monsterinsights_skip_tracking":false,"_monsterinsights_sitenote_active":false,"_monsterinsights_sitenote_note":"","_monsterinsights_sitenote_category":0},"product_brand":[],"product_cat":[5952],"product_tag":[],"class_list":{"0":"post-52999","1":"product","2":"type-product","3":"status-publish","4":"has-post-thumbnail","6":"product_cat-messerfutteral","7":"pa_etuis-cuir-pour-10-cm","8":"pa_etuis-cuir-pour-11-12-cm","9":"pa_etuis-cuir-pour-laguiole","10":"pa_etuis-cuir-pour-messer-mit-korkenzieher","11":"pa_etuis-cuir-pour-messer-mit-korkenzieher-2","12":"pa_etuis-cuir-pour-kellnermesser-2","13":"tm-no-options","16":"instock","17":"taxable","18":"shipping-taxable","19":"purchasable","20":"product-type-simple"},"supplier_id":null,"supplier_sku":"","barcode":null,"atum_controlled":true,"out_stock_date":null,"out_stock_threshold":null,"inheritable":false,"inbound_stock":0,"stock_on_hold":0,"sold_today":0,"sales_last_days":0,"reserved_stock":0,"customer_returns":0,"warehouse_damage":0,"lost_in_post":0,"other_logs":0,"out_stock_days":0,"lost_sales":0,"has_location":false,"update_date":"2026-04-28T00:42:14","atum_locations":[],"atum_stock_status":"instock","restock_status":false,"low_stock_amount":"","sales_update_date":"2026-04-28T00:42:14","calc_backorders":null,"acf":[],"yoast_head":"<!-- This site is optimized with the Yoast SEO plugin v27.3 - https:\/\/yoast.com\/product\/yoast-seo-wordpress\/ -->\n<title>Laguiole Olive Green Grained Luxury Leather Case \u2013 elegantes Accessoire mit franz\u00f6sischer Flagge - Laguiole.com \u00ae<\/title>\n<meta name=\"robots\" content=\"index, follow, max-snippet:-1, max-image-preview:large, max-video-preview:-1\" \/>\n<link rel=\"canonical\" href=\"https:\/\/laguiole.com\/de\/produit\/laguiole-olive-green-grained-luxury-leather-case-elegantes-accessoire-mit-franzosischer-flagge-2\/\" \/>\n<meta property=\"og:locale\" content=\"de_DE\" \/>\n<meta property=\"og:type\" content=\"article\" \/>\n<meta property=\"og:title\" content=\"Laguiole Olive Green Grained Luxury Leather Case \u2013 elegantes Accessoire mit franz\u00f6sischer Flagge - Laguiole.com \u00ae\" \/>\n<meta property=\"og:description\" content=\"Luxus-Ledertasche mit Korn Farben Olivgr\u00fcn Einfacher Klappenverschluss ohne Druck Keine G\u00fcrtelschlaufe Franz\u00f6sische Flagge am Rand der H\u00fclle unter der Klappe Ton-auf-Ton-Naht Vollst\u00e4ndig gef\u00fcttertes Leder Sehr angenehmes Detail  L\u00e4nge: 14 cm Klappe geschlossen Gesamtbreite: 5 cm Innenbreite: 4 cm  Geeignet f\u00fcr alle Laguiole-Messer bis zu 12 cm, einschlie\u00dflich Doppelplatten und zweiteiliger Messer (mit Korkenzieher) sowie Sommeliers und Zigarrenmesser  Nicht geeignet f\u00fcr Messer \u00fcber 12 cm oder Jagdtypen.\" \/>\n<meta property=\"og:url\" content=\"https:\/\/laguiole.com\/de\/produit\/laguiole-olive-green-grained-luxury-leather-case-elegantes-accessoire-mit-franzosischer-flagge-2\/\" \/>\n<meta property=\"og:site_name\" content=\"Laguiole.com \u00ae\" \/>\n<meta property=\"article:publisher\" content=\"https:\/\/www.facebook.com\/laguiolecom\/\" \/>\n<meta property=\"article:modified_time\" content=\"2026-04-22T10:26:29+00:00\" \/>\n<meta property=\"og:image\" content=\"https:\/\/laguiole.com\/wp-content\/uploads\/2023\/08\/logo_laguiole_com_\u00ae_300dpi_Noir_et_Blanc.jpg\" \/>\n\t<meta property=\"og:image:width\" content=\"1920\" \/>\n\t<meta property=\"og:image:height\" content=\"854\" \/>\n\t<meta property=\"og:image:type\" content=\"image\/jpeg\" \/>\n<meta name=\"twitter:card\" content=\"summary_large_image\" \/>\n<meta name=\"twitter:label1\" content=\"Gesch\u00e4tzte Lesezeit\" \/>\n\t<meta name=\"twitter:data1\" content=\"2\u00a0Minute\" \/>\n<script type=\"application\/ld+json\" class=\"yoast-schema-graph\">{\"@context\":\"https:\\\/\\\/schema.org\",\"@graph\":[{\"@type\":\"WebPage\",\"@id\":\"https:\\\/\\\/laguiole.com\\\/de\\\/produit\\\/laguiole-olive-green-grained-luxury-leather-case-elegantes-accessoire-mit-franzosischer-flagge-2\\\/\",\"url\":\"https:\\\/\\\/laguiole.com\\\/de\\\/produit\\\/laguiole-olive-green-grained-luxury-leather-case-elegantes-accessoire-mit-franzosischer-flagge-2\\\/\",\"name\":\"Laguiole Olive Green Grained Luxury Leather Case \u2013 elegantes Accessoire mit franz\u00f6sischer Flagge - Laguiole.com \u00ae\",\"isPartOf\":{\"@id\":\"https:\\\/\\\/laguiole.com\\\/de\\\/#website\"},\"primaryImageOfPage\":{\"@id\":\"https:\\\/\\\/laguiole.com\\\/de\\\/produit\\\/laguiole-olive-green-grained-luxury-leather-case-elegantes-accessoire-mit-franzosischer-flagge-2\\\/#primaryimage\"},\"image\":{\"@id\":\"https:\\\/\\\/laguiole.com\\\/de\\\/produit\\\/laguiole-olive-green-grained-luxury-leather-case-elegantes-accessoire-mit-franzosischer-flagge-2\\\/#primaryimage\"},\"thumbnailUrl\":\"https:\\\/\\\/laguiole.com\\\/wp-content\\\/uploads\\\/2023\\\/07\\\/Etui_cuire_bleu_canard_Max_Capedebarthes_00.jpg\",\"datePublished\":\"2026-04-21T15:52:02+00:00\",\"dateModified\":\"2026-04-22T10:26:29+00:00\",\"breadcrumb\":{\"@id\":\"https:\\\/\\\/laguiole.com\\\/de\\\/produit\\\/laguiole-olive-green-grained-luxury-leather-case-elegantes-accessoire-mit-franzosischer-flagge-2\\\/#breadcrumb\"},\"inLanguage\":\"de\",\"potentialAction\":[{\"@type\":\"ReadAction\",\"target\":[\"https:\\\/\\\/laguiole.com\\\/de\\\/produit\\\/laguiole-olive-green-grained-luxury-leather-case-elegantes-accessoire-mit-franzosischer-flagge-2\\\/\"]}]},{\"@type\":\"ImageObject\",\"inLanguage\":\"de\",\"@id\":\"https:\\\/\\\/laguiole.com\\\/de\\\/produit\\\/laguiole-olive-green-grained-luxury-leather-case-elegantes-accessoire-mit-franzosischer-flagge-2\\\/#primaryimage\",\"url\":\"https:\\\/\\\/laguiole.com\\\/wp-content\\\/uploads\\\/2023\\\/07\\\/Etui_cuire_bleu_canard_Max_Capedebarthes_00.jpg\",\"contentUrl\":\"https:\\\/\\\/laguiole.com\\\/wp-content\\\/uploads\\\/2023\\\/07\\\/Etui_cuire_bleu_canard_Max_Capedebarthes_00.jpg\",\"width\":1033,\"height\":1033},{\"@type\":\"BreadcrumbList\",\"@id\":\"https:\\\/\\\/laguiole.com\\\/de\\\/produit\\\/laguiole-olive-green-grained-luxury-leather-case-elegantes-accessoire-mit-franzosischer-flagge-2\\\/#breadcrumb\",\"itemListElement\":[{\"@type\":\"ListItem\",\"position\":1,\"name\":\"Accueil\",\"item\":\"https:\\\/\\\/laguiole.com\\\/de\\\/\"},{\"@type\":\"ListItem\",\"position\":2,\"name\":\"Shop\",\"item\":\"https:\\\/\\\/laguiole.com\\\/de\\\/shop-2\\\/\"},{\"@type\":\"ListItem\",\"position\":3,\"name\":\"Laguiole Olive Green Grained Luxury Leather Case \u2013 elegantes Accessoire mit franz\u00f6sischer Flagge (Copie)\"}]},{\"@type\":\"WebSite\",\"@id\":\"https:\\\/\\\/laguiole.com\\\/de\\\/#website\",\"url\":\"https:\\\/\\\/laguiole.com\\\/de\\\/\",\"name\":\"Laguiole.com\",\"description\":\"Laguiole - Couteau laguiole, Chateau Laguiole, Laguiole en Aubrac, Forge de Laguiole\",\"publisher\":{\"@id\":\"https:\\\/\\\/laguiole.com\\\/de\\\/#organization\"},\"potentialAction\":[{\"@type\":\"SearchAction\",\"target\":{\"@type\":\"EntryPoint\",\"urlTemplate\":\"https:\\\/\\\/laguiole.com\\\/de\\\/?s={search_term_string}\"},\"query-input\":{\"@type\":\"PropertyValueSpecification\",\"valueRequired\":true,\"valueName\":\"search_term_string\"}}],\"inLanguage\":\"de\"},{\"@type\":\"Organization\",\"@id\":\"https:\\\/\\\/laguiole.com\\\/de\\\/#organization\",\"name\":\"Laguiole.com\",\"url\":\"https:\\\/\\\/laguiole.com\\\/de\\\/\",\"logo\":{\"@type\":\"ImageObject\",\"inLanguage\":\"de\",\"@id\":\"https:\\\/\\\/laguiole.com\\\/de\\\/#\\\/schema\\\/logo\\\/image\\\/\",\"url\":\"https:\\\/\\\/laguiole.com\\\/wp-content\\\/uploads\\\/2021\\\/02\\\/logo_laguiole.com-horizontal.jpg\",\"contentUrl\":\"https:\\\/\\\/laguiole.com\\\/wp-content\\\/uploads\\\/2021\\\/02\\\/logo_laguiole.com-horizontal.jpg\",\"width\":490,\"height\":156,\"caption\":\"Laguiole.com\"},\"image\":{\"@id\":\"https:\\\/\\\/laguiole.com\\\/de\\\/#\\\/schema\\\/logo\\\/image\\\/\"},\"sameAs\":[\"https:\\\/\\\/www.facebook.com\\\/laguiolecom\\\/\",\"https:\\\/\\\/www.instagram.com\\\/laguiolecom\\\/\",\"https:\\\/\\\/www.youtube.com\\\/@laguiolecom\\\/videos\"]}]}<\/script>\n<!-- \/ Yoast SEO plugin. -->","yoast_head_json":{"title":"Laguiole Olive Green Grained Luxury Leather Case \u2013 elegantes Accessoire mit franz\u00f6sischer Flagge - Laguiole.com \u00ae","robots":{"index":"index","follow":"follow","max-snippet":"max-snippet:-1","max-image-preview":"max-image-preview:large","max-video-preview":"max-video-preview:-1"},"canonical":"https:\/\/laguiole.com\/de\/produit\/laguiole-olive-green-grained-luxury-leather-case-elegantes-accessoire-mit-franzosischer-flagge-2\/","og_locale":"de_DE","og_type":"article","og_title":"Laguiole Olive Green Grained Luxury Leather Case \u2013 elegantes Accessoire mit franz\u00f6sischer Flagge - Laguiole.com \u00ae","og_description":"Luxus-Ledertasche mit Korn Farben Olivgr\u00fcn Einfacher Klappenverschluss ohne Druck Keine G\u00fcrtelschlaufe Franz\u00f6sische Flagge am Rand der H\u00fclle unter der Klappe Ton-auf-Ton-Naht Vollst\u00e4ndig gef\u00fcttertes Leder Sehr angenehmes Detail  L\u00e4nge: 14 cm Klappe geschlossen Gesamtbreite: 5 cm Innenbreite: 4 cm  Geeignet f\u00fcr alle Laguiole-Messer bis zu 12 cm, einschlie\u00dflich Doppelplatten und zweiteiliger Messer (mit Korkenzieher) sowie Sommeliers und Zigarrenmesser  Nicht geeignet f\u00fcr Messer \u00fcber 12 cm oder Jagdtypen.","og_url":"https:\/\/laguiole.com\/de\/produit\/laguiole-olive-green-grained-luxury-leather-case-elegantes-accessoire-mit-franzosischer-flagge-2\/","og_site_name":"Laguiole.com \u00ae","article_publisher":"https:\/\/www.facebook.com\/laguiolecom\/","article_modified_time":"2026-04-22T10:26:29+00:00","og_image":[{"width":1920,"height":854,"url":"https:\/\/laguiole.com\/wp-content\/uploads\/2023\/08\/logo_laguiole_com_\u00ae_300dpi_Noir_et_Blanc.jpg","type":"image\/jpeg"}],"twitter_card":"summary_large_image","twitter_misc":{"Gesch\u00e4tzte Lesezeit":"2\u00a0Minute"},"schema":{"@context":"https:\/\/schema.org","@graph":[{"@type":"WebPage","@id":"https:\/\/laguiole.com\/de\/produit\/laguiole-olive-green-grained-luxury-leather-case-elegantes-accessoire-mit-franzosischer-flagge-2\/","url":"https:\/\/laguiole.com\/de\/produit\/laguiole-olive-green-grained-luxury-leather-case-elegantes-accessoire-mit-franzosischer-flagge-2\/","name":"Laguiole Olive Green Grained Luxury Leather Case \u2013 elegantes Accessoire mit franz\u00f6sischer Flagge - Laguiole.com \u00ae","isPartOf":{"@id":"https:\/\/laguiole.com\/de\/#website"},"primaryImageOfPage":{"@id":"https:\/\/laguiole.com\/de\/produit\/laguiole-olive-green-grained-luxury-leather-case-elegantes-accessoire-mit-franzosischer-flagge-2\/#primaryimage"},"image":{"@id":"https:\/\/laguiole.com\/de\/produit\/laguiole-olive-green-grained-luxury-leather-case-elegantes-accessoire-mit-franzosischer-flagge-2\/#primaryimage"},"thumbnailUrl":"https:\/\/laguiole.com\/wp-content\/uploads\/2023\/07\/Etui_cuire_bleu_canard_Max_Capedebarthes_00.jpg","datePublished":"2026-04-21T15:52:02+00:00","dateModified":"2026-04-22T10:26:29+00:00","breadcrumb":{"@id":"https:\/\/laguiole.com\/de\/produit\/laguiole-olive-green-grained-luxury-leather-case-elegantes-accessoire-mit-franzosischer-flagge-2\/#breadcrumb"},"inLanguage":"de","potentialAction":[{"@type":"ReadAction","target":["https:\/\/laguiole.com\/de\/produit\/laguiole-olive-green-grained-luxury-leather-case-elegantes-accessoire-mit-franzosischer-flagge-2\/"]}]},{"@type":"ImageObject","inLanguage":"de","@id":"https:\/\/laguiole.com\/de\/produit\/laguiole-olive-green-grained-luxury-leather-case-elegantes-accessoire-mit-franzosischer-flagge-2\/#primaryimage","url":"https:\/\/laguiole.com\/wp-content\/uploads\/2023\/07\/Etui_cuire_bleu_canard_Max_Capedebarthes_00.jpg","contentUrl":"https:\/\/laguiole.com\/wp-content\/uploads\/2023\/07\/Etui_cuire_bleu_canard_Max_Capedebarthes_00.jpg","width":1033,"height":1033},{"@type":"BreadcrumbList","@id":"https:\/\/laguiole.com\/de\/produit\/laguiole-olive-green-grained-luxury-leather-case-elegantes-accessoire-mit-franzosischer-flagge-2\/#breadcrumb","itemListElement":[{"@type":"ListItem","position":1,"name":"Accueil","item":"https:\/\/laguiole.com\/de\/"},{"@type":"ListItem","position":2,"name":"Shop","item":"https:\/\/laguiole.com\/de\/shop-2\/"},{"@type":"ListItem","position":3,"name":"Laguiole Olive Green Grained Luxury Leather Case \u2013 elegantes Accessoire mit franz\u00f6sischer Flagge (Copie)"}]},{"@type":"WebSite","@id":"https:\/\/laguiole.com\/de\/#website","url":"https:\/\/laguiole.com\/de\/","name":"Laguiole.com","description":"Laguiole - Couteau laguiole, Chateau Laguiole, Laguiole en Aubrac, Forge de Laguiole","publisher":{"@id":"https:\/\/laguiole.com\/de\/#organization"},"potentialAction":[{"@type":"SearchAction","target":{"@type":"EntryPoint","urlTemplate":"https:\/\/laguiole.com\/de\/?s={search_term_string}"},"query-input":{"@type":"PropertyValueSpecification","valueRequired":true,"valueName":"search_term_string"}}],"inLanguage":"de"},{"@type":"Organization","@id":"https:\/\/laguiole.com\/de\/#organization","name":"Laguiole.com","url":"https:\/\/laguiole.com\/de\/","logo":{"@type":"ImageObject","inLanguage":"de","@id":"https:\/\/laguiole.com\/de\/#\/schema\/logo\/image\/","url":"https:\/\/laguiole.com\/wp-content\/uploads\/2021\/02\/logo_laguiole.com-horizontal.jpg","contentUrl":"https:\/\/laguiole.com\/wp-content\/uploads\/2021\/02\/logo_laguiole.com-horizontal.jpg","width":490,"height":156,"caption":"Laguiole.com"},"image":{"@id":"https:\/\/laguiole.com\/de\/#\/schema\/logo\/image\/"},"sameAs":["https:\/\/www.facebook.com\/laguiolecom\/","https:\/\/www.instagram.com\/laguiolecom\/","https:\/\/www.youtube.com\/@laguiolecom\/videos"]}]}},"_links":{"self":[{"href":"https:\/\/laguiole.com\/de\/wp-json\/wp\/v2\/product\/52999","targetHints":{"allow":["GET"]}}],"collection":[{"href":"https:\/\/laguiole.com\/de\/wp-json\/wp\/v2\/product"}],"about":[{"href":"https:\/\/laguiole.com\/de\/wp-json\/wp\/v2\/types\/product"}],"version-history":[{"count":1,"href":"https:\/\/laguiole.com\/de\/wp-json\/wp\/v2\/product\/52999\/revisions"}],"predecessor-version":[{"id":53020,"href":"https:\/\/laguiole.com\/de\/wp-json\/wp\/v2\/product\/52999\/revisions\/53020"}],"wp:featuredmedia":[{"embeddable":true,"href":"https:\/\/laguiole.com\/de\/wp-json\/wp\/v2\/media\/53001"}],"wp:attachment":[{"href":"https:\/\/laguiole.com\/de\/wp-json\/wp\/v2\/media?parent=52999"}],"wp:term":[{"taxonomy":"product_brand","embeddable":true,"href":"https:\/\/laguiole.com\/de\/wp-json\/wp\/v2\/product_brand?post=52999"},{"taxonomy":"product_cat","embeddable":true,"href":"https:\/\/laguiole.com\/de\/wp-json\/wp\/v2\/product_cat?post=52999"},{"taxonomy":"product_tag","embeddable":true,"href":"https:\/\/laguiole.com\/de\/wp-json\/wp\/v2\/product_tag?post=52999"}],"curies":[{"name":"wp","href":"https:\/\/api.w.org\/{rel}","templated":true}]}}