{"id":52726,"date":"2026-04-10T14:09:43","date_gmt":"2026-04-10T12:09:43","guid":{"rendered":"https:\/\/laguiole.com\/?post_type=product&#038;p=52726"},"modified":"2026-04-10T20:05:30","modified_gmt":"2026-04-10T18:05:30","slug":"laguiole-aubrac-messer-1-stuck-12-cm-doppelt-guillochierte-platten-und-griff-aus-federndem-rotem-lavastein-2-kropfe-klinge-aus-geburstetem-edelstahl-copie-copie","status":"publish","type":"product","link":"https:\/\/laguiole.com\/de\/produit\/laguiole-aubrac-messer-1-stuck-12-cm-doppelt-guillochierte-platten-und-griff-aus-federndem-rotem-lavastein-2-kropfe-klinge-aus-geburstetem-edelstahl-copie-copie\/","title":{"rendered":"Laguiole Aubrac-Messer 1 St\u00fcck 12 cm Doppel-Guilloch\u00e9-Platten und Feder-Aubrac-Holzstiel 2 geb\u00fcrstete Edelstahl-Bolster, geb\u00fcrstete Edelstahlklinge Fliege Prestige Nr. 14"},"content":{"rendered":"<p data-start=\"603\" data-end=\"839\">Dieses <strong data-start=\"606\" data-end=\"651\">geb\u00fcrstete, doppelte Faltmesser aus Edelstahl<\/strong> verk\u00f6rpert Handwerkskunst und die hohen Standards hochwertiger Oberfl\u00e4chen. Vollst\u00e4ndig mit <strong data-start=\"758\" data-end=\"782\">einer geb\u00fcrsteten Edelstahloberfl\u00e4che<\/strong> gefertigt, bietet er ein elegantes, n\u00fcchternes und konsequent modernes Aussehen. <\/p>\n<p data-start=\"841\" data-end=\"1132\">Der Griff besteht <strong data-start=\"866\" data-end=\"883\">aus Aubrac-Holz<\/strong>, das f\u00fcr seine Authentizit\u00e4t und seinen nat\u00fcrlichen Charakter bekannt ist. Seine Textur und Adern sorgen f\u00fcr W\u00e4rme und Geborgenheit in der Hand. Auf der linken Seite des Griffs zeichnet das <strong data-start=\"1038\" data-end=\"1057\">Hirtenkreuz<\/strong> das Messer mit einer starken und emblematischen traditionellen Note.  <\/p>\n<p data-start=\"1134\" data-end=\"1443\">Die Konstruktion basiert auf zwei <strong data-start=\"1166\" data-end=\"1200\">festen Platten aus geb\u00fcrstetem Edelstahl<\/strong>, die Solidit\u00e4t und Pr\u00e4zision gew\u00e4hrleisten. Sie rahmen die Feder perfekt ein und heben die Architektur des Messers hervor. Die Feder ist fein <strong data-start=\"1357\" data-end=\"1392\">gefertigt und mit Federmustern versehen<\/strong>, was eine k\u00fcnstlerische und unverwechselbare Dimension verleiht.  <\/p>\n<p data-start=\"1445\" data-end=\"1620\">Das Ganze wird von einer <strong data-start=\"1476\" data-end=\"1508\">gef\u00e4lschten Pastill\u00e9-Fliege Nr. 14<\/strong> sublimiert, vollst\u00e4ndig <strong data-start=\"1522\" data-end=\"1552\">geschmiedet und von Hand signiert<\/strong> \u2013 ein wahres Zeichen sorgf\u00e4ltiger und begehrter Handwerkskunst.<\/p>\n<p data-start=\"1622\" data-end=\"1801\">Dieses Messer richtet sich an Besteckliebhaber, die ein <strong data-start=\"1693\" data-end=\"1736\">handgefertigtes Klappmesser aus geb\u00fcrstetem Edelstahl<\/strong> suchen, das edle Materialien, ordentliche Oberfl\u00e4chen und eine starke Identit\u00e4t vereint.<\/p>\n","protected":false},"excerpt":{"rendered":"<p>Laguiole-Klappmesser aus Aubrac-Holz Griff 2 Bolster, geb\u00fcrstete<br \/>\nEdelstahlklinge 12c27, geb\u00fcrstete<br \/>\nEdelstahl-Hand-Guilloch\u00e9-Feder aus geb\u00fcrstetem<br \/>\nEdelstahl, Doppelplatten, geb\u00fcrsteter Edelstahl Guilloch\u00e9, handgeschmiedete Fliegenhand<br \/>\nPrestige Nr. 14<br \/>\n, handgefertigte Klingenl\u00e4nge 10 cm<br \/>\n, geschlossenes Messer 12 cm<br \/>\n, offenes Messerl\u00e4nge, 22 cm.<\/p>\n","protected":false},"featured_media":52866,"template":"","meta":{"_acf_changed":false,"_monsterinsights_skip_tracking":false,"_monsterinsights_sitenote_active":false,"_monsterinsights_sitenote_note":"","_monsterinsights_sitenote_category":0},"product_brand":[],"product_cat":[5938,5939,5943,5944],"product_tag":[],"class_list":{"0":"post-52726","1":"product","2":"type-product","3":"status-publish","4":"has-post-thumbnail","6":"product_cat-klappmesser","7":"product_cat-laguiole-klappmesser","8":"product_cat-laguiole-prestiges-messer","9":"product_cat-laguiole-spezialmesser","10":"pa_composition-couteau-1-stueck-nur-klinge","11":"pa_finition-gebuerstet","12":"pa_lame-gebuersteter-edelstahl","13":"pa_manche-en-bois-aubrac-holz","14":"pa_marque-laguiole-en-aubracfr","15":"pa_mitres-2-gehrungen","16":"pa_mitres-gebuersteter-edelstahl","17":"pa_mouche-geschmiedet","18":"pa_mouche-prestige","19":"pa_platines-doppel-drehteller","20":"pa_platines-guilloche-muster","21":"pa_ressort-guilloche","22":"pa_taille-du-manche-12-cm","23":"tm-has-options","26":"instock","27":"taxable","28":"shipping-taxable","29":"purchasable","30":"product-type-simple"},"supplier_id":null,"supplier_sku":"","barcode":null,"atum_controlled":true,"out_stock_date":null,"out_stock_threshold":null,"inheritable":false,"inbound_stock":0,"stock_on_hold":0,"sold_today":0,"sales_last_days":0,"reserved_stock":0,"customer_returns":0,"warehouse_damage":0,"lost_in_post":0,"other_logs":0,"out_stock_days":0,"lost_sales":0,"has_location":false,"update_date":"2026-04-28T00:42:07","atum_locations":[],"atum_stock_status":"instock","restock_status":false,"low_stock_amount":"","sales_update_date":"2026-04-28T00:42:07","calc_backorders":0,"acf":[],"yoast_head":"<!-- This site is optimized with the Yoast SEO plugin v27.3 - https:\/\/yoast.com\/product\/yoast-seo-wordpress\/ -->\n<title>Doppelplatin-Messer aus Aubrac-Holz, geschmiedete Fliege Nr. 14<\/title>\n<meta name=\"description\" content=\"Doppelt geb\u00fcrstetes Faltmesser aus Edelstahl mit Aubrac-Holzgriff, Sch\u00e4ferkreuz, Feder mit Feder und handgeschmiedete Fliege Nr. 14 Motive.\" \/>\n<meta name=\"robots\" content=\"index, follow, max-snippet:-1, max-image-preview:large, max-video-preview:-1\" \/>\n<link rel=\"canonical\" href=\"https:\/\/laguiole.com\/de\/produit\/laguiole-aubrac-messer-1-stuck-12-cm-doppelt-guillochierte-platten-und-griff-aus-federndem-rotem-lavastein-2-kropfe-klinge-aus-geburstetem-edelstahl-copie-copie\/\" \/>\n<meta property=\"og:locale\" content=\"de_DE\" \/>\n<meta property=\"og:type\" content=\"article\" \/>\n<meta property=\"og:title\" content=\"Doppelplatin-Messer aus Aubrac-Holz, geschmiedete Fliege Nr. 14\" \/>\n<meta property=\"og:description\" content=\"Doppelt geb\u00fcrstetes Faltmesser aus Edelstahl mit Aubrac-Holzgriff, Sch\u00e4ferkreuz, Feder mit Feder und handgeschmiedete Fliege Nr. 14 Motive.\" \/>\n<meta property=\"og:url\" content=\"https:\/\/laguiole.com\/de\/produit\/laguiole-aubrac-messer-1-stuck-12-cm-doppelt-guillochierte-platten-und-griff-aus-federndem-rotem-lavastein-2-kropfe-klinge-aus-geburstetem-edelstahl-copie-copie\/\" \/>\n<meta property=\"og:site_name\" content=\"Laguiole.com \u00ae\" \/>\n<meta property=\"article:publisher\" content=\"https:\/\/www.facebook.com\/laguiolecom\/\" \/>\n<meta property=\"article:modified_time\" content=\"2026-04-10T18:05:30+00:00\" \/>\n<meta property=\"og:image\" content=\"https:\/\/laguiole.com\/wp-content\/uploads\/2023\/08\/logo_laguiole_com_\u00ae_300dpi_Noir_et_Blanc.jpg\" \/>\n\t<meta property=\"og:image:width\" content=\"1920\" \/>\n\t<meta property=\"og:image:height\" content=\"854\" \/>\n\t<meta property=\"og:image:type\" content=\"image\/jpeg\" \/>\n<meta name=\"twitter:card\" content=\"summary_large_image\" \/>\n<meta name=\"twitter:label1\" content=\"Gesch\u00e4tzte Lesezeit\" \/>\n\t<meta name=\"twitter:data1\" content=\"1\u00a0Minute\" \/>\n<script type=\"application\/ld+json\" class=\"yoast-schema-graph\">{\"@context\":\"https:\\\/\\\/schema.org\",\"@graph\":[{\"@type\":\"WebPage\",\"@id\":\"https:\\\/\\\/laguiole.com\\\/de\\\/produit\\\/laguiole-aubrac-messer-1-stuck-12-cm-doppelt-guillochierte-platten-und-griff-aus-federndem-rotem-lavastein-2-kropfe-klinge-aus-geburstetem-edelstahl-copie-copie\\\/\",\"url\":\"https:\\\/\\\/laguiole.com\\\/de\\\/produit\\\/laguiole-aubrac-messer-1-stuck-12-cm-doppelt-guillochierte-platten-und-griff-aus-federndem-rotem-lavastein-2-kropfe-klinge-aus-geburstetem-edelstahl-copie-copie\\\/\",\"name\":\"Doppelplatin-Messer aus Aubrac-Holz, geschmiedete Fliege Nr. 14\",\"isPartOf\":{\"@id\":\"https:\\\/\\\/laguiole.com\\\/de\\\/#website\"},\"primaryImageOfPage\":{\"@id\":\"https:\\\/\\\/laguiole.com\\\/de\\\/produit\\\/laguiole-aubrac-messer-1-stuck-12-cm-doppelt-guillochierte-platten-und-griff-aus-federndem-rotem-lavastein-2-kropfe-klinge-aus-geburstetem-edelstahl-copie-copie\\\/#primaryimage\"},\"image\":{\"@id\":\"https:\\\/\\\/laguiole.com\\\/de\\\/produit\\\/laguiole-aubrac-messer-1-stuck-12-cm-doppelt-guillochierte-platten-und-griff-aus-federndem-rotem-lavastein-2-kropfe-klinge-aus-geburstetem-edelstahl-copie-copie\\\/#primaryimage\"},\"thumbnailUrl\":\"https:\\\/\\\/laguiole.com\\\/wp-content\\\/uploads\\\/2026\\\/04\\\/Couteau_Laguiole_en_Aubrac_Double_Platines_guilloches_Manche_en_Bois_Aubrac_Mouche_Prestige_Num14_00.jpg\",\"datePublished\":\"2026-04-10T12:09:43+00:00\",\"dateModified\":\"2026-04-10T18:05:30+00:00\",\"description\":\"Doppelt geb\u00fcrstetes Faltmesser aus Edelstahl mit Aubrac-Holzgriff, Sch\u00e4ferkreuz, Feder mit Feder und handgeschmiedete Fliege Nr. 14 Motive.\",\"breadcrumb\":{\"@id\":\"https:\\\/\\\/laguiole.com\\\/de\\\/produit\\\/laguiole-aubrac-messer-1-stuck-12-cm-doppelt-guillochierte-platten-und-griff-aus-federndem-rotem-lavastein-2-kropfe-klinge-aus-geburstetem-edelstahl-copie-copie\\\/#breadcrumb\"},\"inLanguage\":\"de\",\"potentialAction\":[{\"@type\":\"ReadAction\",\"target\":[\"https:\\\/\\\/laguiole.com\\\/de\\\/produit\\\/laguiole-aubrac-messer-1-stuck-12-cm-doppelt-guillochierte-platten-und-griff-aus-federndem-rotem-lavastein-2-kropfe-klinge-aus-geburstetem-edelstahl-copie-copie\\\/\"]}]},{\"@type\":\"ImageObject\",\"inLanguage\":\"de\",\"@id\":\"https:\\\/\\\/laguiole.com\\\/de\\\/produit\\\/laguiole-aubrac-messer-1-stuck-12-cm-doppelt-guillochierte-platten-und-griff-aus-federndem-rotem-lavastein-2-kropfe-klinge-aus-geburstetem-edelstahl-copie-copie\\\/#primaryimage\",\"url\":\"https:\\\/\\\/laguiole.com\\\/wp-content\\\/uploads\\\/2026\\\/04\\\/Couteau_Laguiole_en_Aubrac_Double_Platines_guilloches_Manche_en_Bois_Aubrac_Mouche_Prestige_Num14_00.jpg\",\"contentUrl\":\"https:\\\/\\\/laguiole.com\\\/wp-content\\\/uploads\\\/2026\\\/04\\\/Couteau_Laguiole_en_Aubrac_Double_Platines_guilloches_Manche_en_Bois_Aubrac_Mouche_Prestige_Num14_00.jpg\",\"width\":1033,\"height\":1033,\"caption\":\"Couteau Laguiole en Aubrac 1 Pi\u00e8ce 12 cm Double Platines et ressort guilloch\u00e9s Manche en Bois d\u2019Aubrac 2 Mitres Inox Bross\u00e9 Lame Inox Bross\u00e9 Mouche Prestige N\u00b014\"},{\"@type\":\"BreadcrumbList\",\"@id\":\"https:\\\/\\\/laguiole.com\\\/de\\\/produit\\\/laguiole-aubrac-messer-1-stuck-12-cm-doppelt-guillochierte-platten-und-griff-aus-federndem-rotem-lavastein-2-kropfe-klinge-aus-geburstetem-edelstahl-copie-copie\\\/#breadcrumb\",\"itemListElement\":[{\"@type\":\"ListItem\",\"position\":1,\"name\":\"Accueil\",\"item\":\"https:\\\/\\\/laguiole.com\\\/de\\\/\"},{\"@type\":\"ListItem\",\"position\":2,\"name\":\"Shop\",\"item\":\"https:\\\/\\\/laguiole.com\\\/de\\\/shop-2\\\/\"},{\"@type\":\"ListItem\",\"position\":3,\"name\":\"Laguiole Aubrac-Messer 1 St\u00fcck 12 cm Doppel-Guilloch\u00e9-Platten und Feder-Aubrac-Holzstiel 2 geb\u00fcrstete Edelstahl-Bolster, geb\u00fcrstete Edelstahlklinge Fliege Prestige Nr. 14\"}]},{\"@type\":\"WebSite\",\"@id\":\"https:\\\/\\\/laguiole.com\\\/de\\\/#website\",\"url\":\"https:\\\/\\\/laguiole.com\\\/de\\\/\",\"name\":\"Laguiole.com\",\"description\":\"Laguiole - Couteau laguiole, Chateau Laguiole, Laguiole en Aubrac, Forge de Laguiole\",\"publisher\":{\"@id\":\"https:\\\/\\\/laguiole.com\\\/de\\\/#organization\"},\"potentialAction\":[{\"@type\":\"SearchAction\",\"target\":{\"@type\":\"EntryPoint\",\"urlTemplate\":\"https:\\\/\\\/laguiole.com\\\/de\\\/?s={search_term_string}\"},\"query-input\":{\"@type\":\"PropertyValueSpecification\",\"valueRequired\":true,\"valueName\":\"search_term_string\"}}],\"inLanguage\":\"de\"},{\"@type\":\"Organization\",\"@id\":\"https:\\\/\\\/laguiole.com\\\/de\\\/#organization\",\"name\":\"Laguiole.com\",\"url\":\"https:\\\/\\\/laguiole.com\\\/de\\\/\",\"logo\":{\"@type\":\"ImageObject\",\"inLanguage\":\"de\",\"@id\":\"https:\\\/\\\/laguiole.com\\\/de\\\/#\\\/schema\\\/logo\\\/image\\\/\",\"url\":\"https:\\\/\\\/laguiole.com\\\/wp-content\\\/uploads\\\/2021\\\/02\\\/logo_laguiole.com-horizontal.jpg\",\"contentUrl\":\"https:\\\/\\\/laguiole.com\\\/wp-content\\\/uploads\\\/2021\\\/02\\\/logo_laguiole.com-horizontal.jpg\",\"width\":490,\"height\":156,\"caption\":\"Laguiole.com\"},\"image\":{\"@id\":\"https:\\\/\\\/laguiole.com\\\/de\\\/#\\\/schema\\\/logo\\\/image\\\/\"},\"sameAs\":[\"https:\\\/\\\/www.facebook.com\\\/laguiolecom\\\/\",\"https:\\\/\\\/www.instagram.com\\\/laguiolecom\\\/\",\"https:\\\/\\\/www.youtube.com\\\/@laguiolecom\\\/videos\"]}]}<\/script>\n<!-- \/ Yoast SEO plugin. -->","yoast_head_json":{"title":"Doppelplatin-Messer aus Aubrac-Holz, geschmiedete Fliege Nr. 14","description":"Doppelt geb\u00fcrstetes Faltmesser aus Edelstahl mit Aubrac-Holzgriff, Sch\u00e4ferkreuz, Feder mit Feder und handgeschmiedete Fliege Nr. 14 Motive.","robots":{"index":"index","follow":"follow","max-snippet":"max-snippet:-1","max-image-preview":"max-image-preview:large","max-video-preview":"max-video-preview:-1"},"canonical":"https:\/\/laguiole.com\/de\/produit\/laguiole-aubrac-messer-1-stuck-12-cm-doppelt-guillochierte-platten-und-griff-aus-federndem-rotem-lavastein-2-kropfe-klinge-aus-geburstetem-edelstahl-copie-copie\/","og_locale":"de_DE","og_type":"article","og_title":"Doppelplatin-Messer aus Aubrac-Holz, geschmiedete Fliege Nr. 14","og_description":"Doppelt geb\u00fcrstetes Faltmesser aus Edelstahl mit Aubrac-Holzgriff, Sch\u00e4ferkreuz, Feder mit Feder und handgeschmiedete Fliege Nr. 14 Motive.","og_url":"https:\/\/laguiole.com\/de\/produit\/laguiole-aubrac-messer-1-stuck-12-cm-doppelt-guillochierte-platten-und-griff-aus-federndem-rotem-lavastein-2-kropfe-klinge-aus-geburstetem-edelstahl-copie-copie\/","og_site_name":"Laguiole.com \u00ae","article_publisher":"https:\/\/www.facebook.com\/laguiolecom\/","article_modified_time":"2026-04-10T18:05:30+00:00","og_image":[{"width":1920,"height":854,"url":"https:\/\/laguiole.com\/wp-content\/uploads\/2023\/08\/logo_laguiole_com_\u00ae_300dpi_Noir_et_Blanc.jpg","type":"image\/jpeg"}],"twitter_card":"summary_large_image","twitter_misc":{"Gesch\u00e4tzte Lesezeit":"1\u00a0Minute"},"schema":{"@context":"https:\/\/schema.org","@graph":[{"@type":"WebPage","@id":"https:\/\/laguiole.com\/de\/produit\/laguiole-aubrac-messer-1-stuck-12-cm-doppelt-guillochierte-platten-und-griff-aus-federndem-rotem-lavastein-2-kropfe-klinge-aus-geburstetem-edelstahl-copie-copie\/","url":"https:\/\/laguiole.com\/de\/produit\/laguiole-aubrac-messer-1-stuck-12-cm-doppelt-guillochierte-platten-und-griff-aus-federndem-rotem-lavastein-2-kropfe-klinge-aus-geburstetem-edelstahl-copie-copie\/","name":"Doppelplatin-Messer aus Aubrac-Holz, geschmiedete Fliege Nr. 14","isPartOf":{"@id":"https:\/\/laguiole.com\/de\/#website"},"primaryImageOfPage":{"@id":"https:\/\/laguiole.com\/de\/produit\/laguiole-aubrac-messer-1-stuck-12-cm-doppelt-guillochierte-platten-und-griff-aus-federndem-rotem-lavastein-2-kropfe-klinge-aus-geburstetem-edelstahl-copie-copie\/#primaryimage"},"image":{"@id":"https:\/\/laguiole.com\/de\/produit\/laguiole-aubrac-messer-1-stuck-12-cm-doppelt-guillochierte-platten-und-griff-aus-federndem-rotem-lavastein-2-kropfe-klinge-aus-geburstetem-edelstahl-copie-copie\/#primaryimage"},"thumbnailUrl":"https:\/\/laguiole.com\/wp-content\/uploads\/2026\/04\/Couteau_Laguiole_en_Aubrac_Double_Platines_guilloches_Manche_en_Bois_Aubrac_Mouche_Prestige_Num14_00.jpg","datePublished":"2026-04-10T12:09:43+00:00","dateModified":"2026-04-10T18:05:30+00:00","description":"Doppelt geb\u00fcrstetes Faltmesser aus Edelstahl mit Aubrac-Holzgriff, Sch\u00e4ferkreuz, Feder mit Feder und handgeschmiedete Fliege Nr. 14 Motive.","breadcrumb":{"@id":"https:\/\/laguiole.com\/de\/produit\/laguiole-aubrac-messer-1-stuck-12-cm-doppelt-guillochierte-platten-und-griff-aus-federndem-rotem-lavastein-2-kropfe-klinge-aus-geburstetem-edelstahl-copie-copie\/#breadcrumb"},"inLanguage":"de","potentialAction":[{"@type":"ReadAction","target":["https:\/\/laguiole.com\/de\/produit\/laguiole-aubrac-messer-1-stuck-12-cm-doppelt-guillochierte-platten-und-griff-aus-federndem-rotem-lavastein-2-kropfe-klinge-aus-geburstetem-edelstahl-copie-copie\/"]}]},{"@type":"ImageObject","inLanguage":"de","@id":"https:\/\/laguiole.com\/de\/produit\/laguiole-aubrac-messer-1-stuck-12-cm-doppelt-guillochierte-platten-und-griff-aus-federndem-rotem-lavastein-2-kropfe-klinge-aus-geburstetem-edelstahl-copie-copie\/#primaryimage","url":"https:\/\/laguiole.com\/wp-content\/uploads\/2026\/04\/Couteau_Laguiole_en_Aubrac_Double_Platines_guilloches_Manche_en_Bois_Aubrac_Mouche_Prestige_Num14_00.jpg","contentUrl":"https:\/\/laguiole.com\/wp-content\/uploads\/2026\/04\/Couteau_Laguiole_en_Aubrac_Double_Platines_guilloches_Manche_en_Bois_Aubrac_Mouche_Prestige_Num14_00.jpg","width":1033,"height":1033,"caption":"Couteau Laguiole en Aubrac 1 Pi\u00e8ce 12 cm Double Platines et ressort guilloch\u00e9s Manche en Bois d\u2019Aubrac 2 Mitres Inox Bross\u00e9 Lame Inox Bross\u00e9 Mouche Prestige N\u00b014"},{"@type":"BreadcrumbList","@id":"https:\/\/laguiole.com\/de\/produit\/laguiole-aubrac-messer-1-stuck-12-cm-doppelt-guillochierte-platten-und-griff-aus-federndem-rotem-lavastein-2-kropfe-klinge-aus-geburstetem-edelstahl-copie-copie\/#breadcrumb","itemListElement":[{"@type":"ListItem","position":1,"name":"Accueil","item":"https:\/\/laguiole.com\/de\/"},{"@type":"ListItem","position":2,"name":"Shop","item":"https:\/\/laguiole.com\/de\/shop-2\/"},{"@type":"ListItem","position":3,"name":"Laguiole Aubrac-Messer 1 St\u00fcck 12 cm Doppel-Guilloch\u00e9-Platten und Feder-Aubrac-Holzstiel 2 geb\u00fcrstete Edelstahl-Bolster, geb\u00fcrstete Edelstahlklinge Fliege Prestige Nr. 14"}]},{"@type":"WebSite","@id":"https:\/\/laguiole.com\/de\/#website","url":"https:\/\/laguiole.com\/de\/","name":"Laguiole.com","description":"Laguiole - Couteau laguiole, Chateau Laguiole, Laguiole en Aubrac, Forge de Laguiole","publisher":{"@id":"https:\/\/laguiole.com\/de\/#organization"},"potentialAction":[{"@type":"SearchAction","target":{"@type":"EntryPoint","urlTemplate":"https:\/\/laguiole.com\/de\/?s={search_term_string}"},"query-input":{"@type":"PropertyValueSpecification","valueRequired":true,"valueName":"search_term_string"}}],"inLanguage":"de"},{"@type":"Organization","@id":"https:\/\/laguiole.com\/de\/#organization","name":"Laguiole.com","url":"https:\/\/laguiole.com\/de\/","logo":{"@type":"ImageObject","inLanguage":"de","@id":"https:\/\/laguiole.com\/de\/#\/schema\/logo\/image\/","url":"https:\/\/laguiole.com\/wp-content\/uploads\/2021\/02\/logo_laguiole.com-horizontal.jpg","contentUrl":"https:\/\/laguiole.com\/wp-content\/uploads\/2021\/02\/logo_laguiole.com-horizontal.jpg","width":490,"height":156,"caption":"Laguiole.com"},"image":{"@id":"https:\/\/laguiole.com\/de\/#\/schema\/logo\/image\/"},"sameAs":["https:\/\/www.facebook.com\/laguiolecom\/","https:\/\/www.instagram.com\/laguiolecom\/","https:\/\/www.youtube.com\/@laguiolecom\/videos"]}]}},"_links":{"self":[{"href":"https:\/\/laguiole.com\/de\/wp-json\/wp\/v2\/product\/52726","targetHints":{"allow":["GET"]}}],"collection":[{"href":"https:\/\/laguiole.com\/de\/wp-json\/wp\/v2\/product"}],"about":[{"href":"https:\/\/laguiole.com\/de\/wp-json\/wp\/v2\/types\/product"}],"version-history":[{"count":1,"href":"https:\/\/laguiole.com\/de\/wp-json\/wp\/v2\/product\/52726\/revisions"}],"predecessor-version":[{"id":52733,"href":"https:\/\/laguiole.com\/de\/wp-json\/wp\/v2\/product\/52726\/revisions\/52733"}],"wp:featuredmedia":[{"embeddable":true,"href":"https:\/\/laguiole.com\/de\/wp-json\/wp\/v2\/media\/52866"}],"wp:attachment":[{"href":"https:\/\/laguiole.com\/de\/wp-json\/wp\/v2\/media?parent=52726"}],"wp:term":[{"taxonomy":"product_brand","embeddable":true,"href":"https:\/\/laguiole.com\/de\/wp-json\/wp\/v2\/product_brand?post=52726"},{"taxonomy":"product_cat","embeddable":true,"href":"https:\/\/laguiole.com\/de\/wp-json\/wp\/v2\/product_cat?post=52726"},{"taxonomy":"product_tag","embeddable":true,"href":"https:\/\/laguiole.com\/de\/wp-json\/wp\/v2\/product_tag?post=52726"}],"curies":[{"name":"wp","href":"https:\/\/api.w.org\/{rel}","templated":true}]}}