{"id":52100,"date":"2026-03-26T16:33:55","date_gmt":"2026-03-26T15:33:55","guid":{"rendered":"https:\/\/laguiole.com\/?post_type=product&#038;p=52100"},"modified":"2026-04-22T19:17:17","modified_gmt":"2026-04-22T17:17:17","slug":"laguiole-aubrac-messer-1-stuck-12cm-griff-geweihgehrungen-aus-geburstetem-edelstahl-doppelplatten-und-federguillochierung-geburstet-copie-copie-copie-copie-copie","status":"publish","type":"product","link":"https:\/\/laguiole.com\/de\/produit\/laguiole-aubrac-messer-1-stuck-12cm-griff-geweihgehrungen-aus-geburstetem-edelstahl-doppelplatten-und-federguillochierung-geburstet-copie-copie-copie-copie-copie\/","title":{"rendered":"Laguiole-Messer in Aubrac 1 St\u00fcck 12 cm Griff Olivier Mitres geb\u00fcrstete Edelstahl-Doppel-Guilloch\u00e9-Platten und Feder-geb\u00fcrstete Damaskusklinge"},"content":{"rendered":"<h2 data-section-id=\"cngma9\" data-start=\"140\" data-end=\"236\"><span role=\"text\"><strong data-start=\"143\" data-end=\"236\">Laguiole-Olivenmesser mit Damaskusklinge \u2013 Doppelte Guilloch\u00e9-Teller, handgefertigtes St\u00fcck<\/strong><\/span><\/h2>\n<p data-start=\"238\" data-end=\"526\">Entdecken Sie ein <strong data-start=\"251\" data-end=\"308\">12 cm langes handgefertigtes Laguiole-Messer aus Olivenholz<\/strong>, ein St\u00fcck aus Aubrac, das die Authentizit\u00e4t franz\u00f6sischer Bestecke verk\u00f6rpert.<br data-start=\"395\" data-end=\"398\">Nat\u00fcrlich, elegant und aufwendig \u2013 dieses Messer spiegelt au\u00dfergew\u00f6hnliches Fachwissen und eine bemerkenswerte Anforderung an die Verarbeitung wider.<\/p>\n<h2 data-section-id=\"vroios\" data-start=\"528\" data-end=\"596\"><span role=\"text\"><strong data-start=\"531\" data-end=\"596\">Ein Griff aus Olivenholz, einem nat\u00fcrlichen und warmen Material<\/strong><\/span><\/h2>\n<p data-start=\"598\" data-end=\"786\">Der <strong data-start=\"611\" data-end=\"629\">Griff aus Olivholz<\/strong> zeichnet sich durch seine <strong data-start=\"651\" data-end=\"681\">reichen, kontrastierenden Adern<\/strong> mit hellen und goldenen T\u00f6nen aus.<br data-start=\"713\" data-end=\"716\">Jedes Design des Holzes ist einzigartig. Jedes Messer hat seine eigene Identit\u00e4t. <\/p>\n<p data-start=\"788\" data-end=\"1032\">So bringt diese edle Essenz eine <strong data-start=\"827\" data-end=\"866\">helle und warme \u00c4sthetik<\/strong>, die in der handwerklichen Besteckkunst sehr gesch\u00e4tzt wird.<br data-start=\"909\" data-end=\"912\">Das <strong data-start=\"915\" data-end=\"934\">Hirtenkreuz<\/strong>, das sich auf der linken Seite des Griffs befindet, verst\u00e4rkt die traditionelle Verankerung des Messers im Aubrac.<\/p>\n<h2 data-section-id=\"1pbpfae\" data-start=\"1034\" data-end=\"1091\"><span role=\"text\"><strong data-start=\"1037\" data-end=\"1091\">Doppelte Guilloch\u00e9platten und au\u00dfergew\u00f6hnliche Handwerkskunst<\/strong><\/span><\/h2>\n<p data-start=\"1093\" data-end=\"1280\">Dieses Messer hat <strong data-start=\"1116\" data-end=\"1147\">doppelte Guilloch\u00e9platten<\/strong>, die perfekt in die <strong data-start=\"1175\" data-end=\"1206\">Guilloch\u00e9-Feder<\/strong> integriert sind.<br data-start=\"1207\" data-end=\"1210\">So entsteht das Ganze eine elegante und ausgewogene visuelle Kontinuit\u00e4t.<\/p>\n<p data-start=\"1282\" data-end=\"1380\">Die Platten <strong data-start=\"1304\" data-end=\"1334\">rahmen das Muster sch\u00f6n ein<\/strong> und verleihen dem Ganzen Struktur und Finesse.<\/p>\n<h2 data-section-id=\"aucmv8\" data-start=\"1382\" data-end=\"1455\"><span role=\"text\"><strong data-start=\"1385\" data-end=\"1455\">Eine Guilloch\u00e9 Feder im Blattmuster und eine gemei\u00dfelte geschmiedete Fliege<\/strong><\/span><\/h2>\n<p data-start=\"1457\" data-end=\"1637\">Die <strong data-start=\"1460\" data-end=\"1490\">fein guilloch\u00e9 Feder<\/strong> enth\u00fcllt ein <strong data-start=\"1501\" data-end=\"1521\">Blattmuster<\/strong>, das mit Pr\u00e4zision und Feinf\u00fchligkeit gearbeitet ist.<br data-start=\"1563\" data-end=\"1566\">Jedes Detail f\u00e4ngt das Licht ein und verbessert die Qualit\u00e4t der Ausf\u00fchrung.<\/p>\n<p data-start=\"1639\" data-end=\"1814\">Die <strong data-start=\"1642\" data-end=\"1670\">geschmiedete und gemei\u00dfelte Fliege<\/strong>, mit Finesse geformt, vervollst\u00e4ndigt das Ganze.<br data-start=\"1721\" data-end=\"1724\">Er hat eine starke und elegante Signatur, typisch f\u00fcr hochwertige Laguiole-Messer.<\/p>\n<h2 data-section-id=\"1curtc6\" data-start=\"1816\" data-end=\"1860\"><span role=\"text\"><strong data-start=\"1819\" data-end=\"1860\">Eine Damastklinge, eine Signatur des Prestiges<\/strong><\/span><\/h2>\n<p data-start=\"1862\" data-end=\"2077\">Die <strong data-start=\"1865\" data-end=\"1879\">Damastklinge<\/strong>, aus mehreren Stahlschichten geschmiedet, offenbart <strong data-start=\"1939\" data-end=\"1965\">einzigartige wellenf\u00f6rmige Muster<\/strong>.<br data-start=\"1966\" data-end=\"1969\">Es vereint Leistung, Widerstand und \u00c4sthetik und macht dieses Messer so technisch wie visuell.<\/p>\n<h2 data-section-id=\"1x86ef2\" data-start=\"2079\" data-end=\"2143\"><span role=\"text\"><strong data-start=\"2082\" data-end=\"2143\">Ein Laguiole-Messer zwischen Natur und handwerklicher Exzellenz<\/strong><\/span><\/h2>\n<p data-start=\"2145\" data-end=\"2340\">Dieses Messer richtet sich an <strong data-start=\"2170\" data-end=\"2189\">Sammler, Enthusiasten<\/strong> und Liebhaber einzigartiger St\u00fccke.<br data-start=\"2240\" data-end=\"2243\">Er fasziniert mit seinem nat\u00fcrlichen Charakter, dem Reichtum der Details und der Pr\u00e4zision seiner Ausf\u00fchrung.<\/p>\n<p data-start=\"2342\" data-end=\"2429\">So tr\u00e4gt jedes Element dazu bei, einen <strong data-start=\"2392\" data-end=\"2428\">authentischen, eleganten und langlebigen<\/strong> Raum zu schaffen.<\/p>\n<hr data-start=\"2431\" data-end=\"2434\">\n<p data-start=\"2436\" data-end=\"2535\">\ud83d\udc49 <strong data-start=\"2439\" data-end=\"2535\">Ein au\u00dfergew\u00f6hnlicher Laguiole, bei dem die W\u00e4rme des Olivenbaums auf die Finesse der handwerklichen Geste trifft.<\/strong><\/p>\n","protected":false},"excerpt":{"rendered":"<p>Laguiole-Messer in Aubrac-Olivgriff<br \/>\nSchmiede<br \/>\n&#8211; und handgemei\u00dfelte<br \/>\nFliege Hand-Guilloch\u00e9-Feder Geb\u00fcrsteter<br \/>\nEdelstahl 2 Bolstern Geb\u00fcrsteter<br \/>\nEdelstahl Doppel-Guilloch\u00e9-Platten Geb\u00fcrstete<br \/>\nDamaskusklinge<br \/>\naus Edelstahl Sch\u00e4ferkreuz auf der linken Seite des Griffs<br \/>\nL\u00e4nge des geschlossenen Messers: 12 cm<br \/>\nL\u00e4nge der Klinge: 10 cm<br \/>\nL\u00e4nge des Messers offen: 22 cm<\/p>\n","protected":false},"featured_media":52260,"template":"","meta":{"_acf_changed":false,"_monsterinsights_skip_tracking":false,"_monsterinsights_sitenote_active":false,"_monsterinsights_sitenote_note":"","_monsterinsights_sitenote_category":0},"product_brand":[],"product_cat":[5938,5939,5940],"product_tag":[],"class_list":{"0":"post-52100","1":"product","2":"type-product","3":"status-publish","4":"has-post-thumbnail","6":"product_cat-klappmesser","7":"product_cat-laguiole-klappmesser","8":"product_cat-laguiole-traditionelle-messer-mit-und-ohne-korkenzieher","9":"pa_composition-couteau-1-stueck-nur-klinge","10":"pa_lame-damaskus","11":"pa_manche-en-bois-olive","12":"pa_marque-laguiole-en-aubracfr","13":"pa_mitres-2-gehrungen","14":"pa_mitres-gebuersteter-edelstahl","15":"pa_mouche-geschmiedet","16":"pa_platines-doppel-drehteller","17":"pa_platines-guilloche-muster","18":"pa_ressort-guilloche","19":"tm-has-options","22":"instock","23":"taxable","24":"shipping-taxable","25":"purchasable","26":"product-type-simple"},"supplier_id":null,"supplier_sku":"","barcode":null,"atum_controlled":true,"out_stock_date":null,"out_stock_threshold":null,"inheritable":false,"inbound_stock":0,"stock_on_hold":0,"sold_today":0,"sales_last_days":0,"reserved_stock":0,"customer_returns":0,"warehouse_damage":0,"lost_in_post":0,"other_logs":0,"out_stock_days":0,"lost_sales":0,"has_location":false,"update_date":"2026-05-08T00:52:19","atum_locations":[],"atum_stock_status":"instock","restock_status":false,"low_stock_amount":"","sales_update_date":"2026-05-08T00:52:19","calc_backorders":0,"acf":[],"yoast_head":"<!-- This site is optimized with the Yoast SEO plugin v27.3 - https:\/\/yoast.com\/product\/yoast-seo-wordpress\/ -->\n<title>Laguiole-Oliven-Damastmesser \u2013 Doppelte Guilloch\u00e9-Platten<\/title>\n<meta name=\"description\" content=\"Laguiole-Olivenholzmesser mit Damastklinge, Guilloch\u00e9 Feder mit Blattmuster und Doppelplatten. Handgefertigtes St\u00fcck hergestellt in Aubrac.\" \/>\n<meta name=\"robots\" content=\"index, follow, max-snippet:-1, max-image-preview:large, max-video-preview:-1\" \/>\n<link rel=\"canonical\" href=\"https:\/\/laguiole.com\/de\/produit\/laguiole-aubrac-messer-1-stuck-12cm-griff-geweihgehrungen-aus-geburstetem-edelstahl-doppelplatten-und-federguillochierung-geburstet-copie-copie-copie-copie-copie\/\" \/>\n<meta property=\"og:locale\" content=\"de_DE\" \/>\n<meta property=\"og:type\" content=\"article\" \/>\n<meta property=\"og:title\" content=\"Laguiole-Oliven-Damastmesser \u2013 Doppelte Guilloch\u00e9-Platten\" \/>\n<meta property=\"og:description\" content=\"Laguiole-Olivenholzmesser mit Damastklinge, Guilloch\u00e9 Feder mit Blattmuster und Doppelplatten. Handgefertigtes St\u00fcck hergestellt in Aubrac.\" \/>\n<meta property=\"og:url\" content=\"https:\/\/laguiole.com\/de\/produit\/laguiole-aubrac-messer-1-stuck-12cm-griff-geweihgehrungen-aus-geburstetem-edelstahl-doppelplatten-und-federguillochierung-geburstet-copie-copie-copie-copie-copie\/\" \/>\n<meta property=\"og:site_name\" content=\"Laguiole.com \u00ae\" \/>\n<meta property=\"article:publisher\" content=\"https:\/\/www.facebook.com\/laguiolecom\/\" \/>\n<meta property=\"article:modified_time\" content=\"2026-04-22T17:17:17+00:00\" \/>\n<meta property=\"og:image\" content=\"https:\/\/laguiole.com\/wp-content\/uploads\/2026\/03\/Couteau_Laguiole_en_Aubrac_Manche_Olivier_Double_Platines_et_Ressort_Guilloches_Lame_Damas_00.jpg\" \/>\n\t<meta property=\"og:image:width\" content=\"1033\" \/>\n\t<meta property=\"og:image:height\" content=\"1033\" \/>\n\t<meta property=\"og:image:type\" content=\"image\/jpeg\" \/>\n<meta name=\"twitter:card\" content=\"summary_large_image\" \/>\n<meta name=\"twitter:label1\" content=\"Gesch\u00e4tzte Lesezeit\" \/>\n\t<meta name=\"twitter:data1\" content=\"2\u00a0Minute\" \/>\n<script type=\"application\/ld+json\" class=\"yoast-schema-graph\">{\"@context\":\"https:\\\/\\\/schema.org\",\"@graph\":[{\"@type\":\"WebPage\",\"@id\":\"https:\\\/\\\/laguiole.com\\\/de\\\/produit\\\/laguiole-aubrac-messer-1-stuck-12cm-griff-geweihgehrungen-aus-geburstetem-edelstahl-doppelplatten-und-federguillochierung-geburstet-copie-copie-copie-copie-copie\\\/\",\"url\":\"https:\\\/\\\/laguiole.com\\\/de\\\/produit\\\/laguiole-aubrac-messer-1-stuck-12cm-griff-geweihgehrungen-aus-geburstetem-edelstahl-doppelplatten-und-federguillochierung-geburstet-copie-copie-copie-copie-copie\\\/\",\"name\":\"Laguiole-Oliven-Damastmesser \u2013 Doppelte Guilloch\u00e9-Platten\",\"isPartOf\":{\"@id\":\"https:\\\/\\\/laguiole.com\\\/de\\\/#website\"},\"primaryImageOfPage\":{\"@id\":\"https:\\\/\\\/laguiole.com\\\/de\\\/produit\\\/laguiole-aubrac-messer-1-stuck-12cm-griff-geweihgehrungen-aus-geburstetem-edelstahl-doppelplatten-und-federguillochierung-geburstet-copie-copie-copie-copie-copie\\\/#primaryimage\"},\"image\":{\"@id\":\"https:\\\/\\\/laguiole.com\\\/de\\\/produit\\\/laguiole-aubrac-messer-1-stuck-12cm-griff-geweihgehrungen-aus-geburstetem-edelstahl-doppelplatten-und-federguillochierung-geburstet-copie-copie-copie-copie-copie\\\/#primaryimage\"},\"thumbnailUrl\":\"https:\\\/\\\/laguiole.com\\\/wp-content\\\/uploads\\\/2026\\\/03\\\/Couteau_Laguiole_en_Aubrac_Manche_Olivier_Double_Platines_et_Ressort_Guilloches_Lame_Damas_00.jpg\",\"datePublished\":\"2026-03-26T15:33:55+00:00\",\"dateModified\":\"2026-04-22T17:17:17+00:00\",\"description\":\"Laguiole-Olivenholzmesser mit Damastklinge, Guilloch\u00e9 Feder mit Blattmuster und Doppelplatten. Handgefertigtes St\u00fcck hergestellt in Aubrac.\",\"breadcrumb\":{\"@id\":\"https:\\\/\\\/laguiole.com\\\/de\\\/produit\\\/laguiole-aubrac-messer-1-stuck-12cm-griff-geweihgehrungen-aus-geburstetem-edelstahl-doppelplatten-und-federguillochierung-geburstet-copie-copie-copie-copie-copie\\\/#breadcrumb\"},\"inLanguage\":\"de\",\"potentialAction\":[{\"@type\":\"ReadAction\",\"target\":[\"https:\\\/\\\/laguiole.com\\\/de\\\/produit\\\/laguiole-aubrac-messer-1-stuck-12cm-griff-geweihgehrungen-aus-geburstetem-edelstahl-doppelplatten-und-federguillochierung-geburstet-copie-copie-copie-copie-copie\\\/\"]}]},{\"@type\":\"ImageObject\",\"inLanguage\":\"de\",\"@id\":\"https:\\\/\\\/laguiole.com\\\/de\\\/produit\\\/laguiole-aubrac-messer-1-stuck-12cm-griff-geweihgehrungen-aus-geburstetem-edelstahl-doppelplatten-und-federguillochierung-geburstet-copie-copie-copie-copie-copie\\\/#primaryimage\",\"url\":\"https:\\\/\\\/laguiole.com\\\/wp-content\\\/uploads\\\/2026\\\/03\\\/Couteau_Laguiole_en_Aubrac_Manche_Olivier_Double_Platines_et_Ressort_Guilloches_Lame_Damas_00.jpg\",\"contentUrl\":\"https:\\\/\\\/laguiole.com\\\/wp-content\\\/uploads\\\/2026\\\/03\\\/Couteau_Laguiole_en_Aubrac_Manche_Olivier_Double_Platines_et_Ressort_Guilloches_Lame_Damas_00.jpg\",\"width\":1033,\"height\":1033,\"caption\":\"Laguiole-Messer in Aubrac 1 St\u00fcck 12 cm Griff Olivier Mitres geb\u00fcrstete Edelstahl-Doppel-Guilloch\u00e9-Platten und Feder-geb\u00fcrstete Damaskusklinge\"},{\"@type\":\"BreadcrumbList\",\"@id\":\"https:\\\/\\\/laguiole.com\\\/de\\\/produit\\\/laguiole-aubrac-messer-1-stuck-12cm-griff-geweihgehrungen-aus-geburstetem-edelstahl-doppelplatten-und-federguillochierung-geburstet-copie-copie-copie-copie-copie\\\/#breadcrumb\",\"itemListElement\":[{\"@type\":\"ListItem\",\"position\":1,\"name\":\"Accueil\",\"item\":\"https:\\\/\\\/laguiole.com\\\/de\\\/\"},{\"@type\":\"ListItem\",\"position\":2,\"name\":\"Shop\",\"item\":\"https:\\\/\\\/laguiole.com\\\/de\\\/shop-2\\\/\"},{\"@type\":\"ListItem\",\"position\":3,\"name\":\"Laguiole-Messer in Aubrac 1 St\u00fcck 12 cm Griff Olivier Mitres geb\u00fcrstete Edelstahl-Doppel-Guilloch\u00e9-Platten und Feder-geb\u00fcrstete Damaskusklinge\"}]},{\"@type\":\"WebSite\",\"@id\":\"https:\\\/\\\/laguiole.com\\\/de\\\/#website\",\"url\":\"https:\\\/\\\/laguiole.com\\\/de\\\/\",\"name\":\"Laguiole.com\",\"description\":\"Laguiole - Couteau laguiole, Chateau Laguiole, Laguiole en Aubrac, Forge de Laguiole\",\"publisher\":{\"@id\":\"https:\\\/\\\/laguiole.com\\\/de\\\/#organization\"},\"potentialAction\":[{\"@type\":\"SearchAction\",\"target\":{\"@type\":\"EntryPoint\",\"urlTemplate\":\"https:\\\/\\\/laguiole.com\\\/de\\\/?s={search_term_string}\"},\"query-input\":{\"@type\":\"PropertyValueSpecification\",\"valueRequired\":true,\"valueName\":\"search_term_string\"}}],\"inLanguage\":\"de\"},{\"@type\":\"Organization\",\"@id\":\"https:\\\/\\\/laguiole.com\\\/de\\\/#organization\",\"name\":\"Laguiole.com\",\"url\":\"https:\\\/\\\/laguiole.com\\\/de\\\/\",\"logo\":{\"@type\":\"ImageObject\",\"inLanguage\":\"de\",\"@id\":\"https:\\\/\\\/laguiole.com\\\/de\\\/#\\\/schema\\\/logo\\\/image\\\/\",\"url\":\"https:\\\/\\\/laguiole.com\\\/wp-content\\\/uploads\\\/2021\\\/02\\\/logo_laguiole.com-horizontal.jpg\",\"contentUrl\":\"https:\\\/\\\/laguiole.com\\\/wp-content\\\/uploads\\\/2021\\\/02\\\/logo_laguiole.com-horizontal.jpg\",\"width\":490,\"height\":156,\"caption\":\"Laguiole.com\"},\"image\":{\"@id\":\"https:\\\/\\\/laguiole.com\\\/de\\\/#\\\/schema\\\/logo\\\/image\\\/\"},\"sameAs\":[\"https:\\\/\\\/www.facebook.com\\\/laguiolecom\\\/\",\"https:\\\/\\\/www.instagram.com\\\/laguiolecom\\\/\",\"https:\\\/\\\/www.youtube.com\\\/@laguiolecom\\\/videos\"]}]}<\/script>\n<!-- \/ Yoast SEO plugin. -->","yoast_head_json":{"title":"Laguiole-Oliven-Damastmesser \u2013 Doppelte Guilloch\u00e9-Platten","description":"Laguiole-Olivenholzmesser mit Damastklinge, Guilloch\u00e9 Feder mit Blattmuster und Doppelplatten. Handgefertigtes St\u00fcck hergestellt in Aubrac.","robots":{"index":"index","follow":"follow","max-snippet":"max-snippet:-1","max-image-preview":"max-image-preview:large","max-video-preview":"max-video-preview:-1"},"canonical":"https:\/\/laguiole.com\/de\/produit\/laguiole-aubrac-messer-1-stuck-12cm-griff-geweihgehrungen-aus-geburstetem-edelstahl-doppelplatten-und-federguillochierung-geburstet-copie-copie-copie-copie-copie\/","og_locale":"de_DE","og_type":"article","og_title":"Laguiole-Oliven-Damastmesser \u2013 Doppelte Guilloch\u00e9-Platten","og_description":"Laguiole-Olivenholzmesser mit Damastklinge, Guilloch\u00e9 Feder mit Blattmuster und Doppelplatten. Handgefertigtes St\u00fcck hergestellt in Aubrac.","og_url":"https:\/\/laguiole.com\/de\/produit\/laguiole-aubrac-messer-1-stuck-12cm-griff-geweihgehrungen-aus-geburstetem-edelstahl-doppelplatten-und-federguillochierung-geburstet-copie-copie-copie-copie-copie\/","og_site_name":"Laguiole.com \u00ae","article_publisher":"https:\/\/www.facebook.com\/laguiolecom\/","article_modified_time":"2026-04-22T17:17:17+00:00","og_image":[{"width":1033,"height":1033,"url":"https:\/\/laguiole.com\/wp-content\/uploads\/2026\/03\/Couteau_Laguiole_en_Aubrac_Manche_Olivier_Double_Platines_et_Ressort_Guilloches_Lame_Damas_00.jpg","type":"image\/jpeg"}],"twitter_card":"summary_large_image","twitter_misc":{"Gesch\u00e4tzte Lesezeit":"2\u00a0Minute"},"schema":{"@context":"https:\/\/schema.org","@graph":[{"@type":"WebPage","@id":"https:\/\/laguiole.com\/de\/produit\/laguiole-aubrac-messer-1-stuck-12cm-griff-geweihgehrungen-aus-geburstetem-edelstahl-doppelplatten-und-federguillochierung-geburstet-copie-copie-copie-copie-copie\/","url":"https:\/\/laguiole.com\/de\/produit\/laguiole-aubrac-messer-1-stuck-12cm-griff-geweihgehrungen-aus-geburstetem-edelstahl-doppelplatten-und-federguillochierung-geburstet-copie-copie-copie-copie-copie\/","name":"Laguiole-Oliven-Damastmesser \u2013 Doppelte Guilloch\u00e9-Platten","isPartOf":{"@id":"https:\/\/laguiole.com\/de\/#website"},"primaryImageOfPage":{"@id":"https:\/\/laguiole.com\/de\/produit\/laguiole-aubrac-messer-1-stuck-12cm-griff-geweihgehrungen-aus-geburstetem-edelstahl-doppelplatten-und-federguillochierung-geburstet-copie-copie-copie-copie-copie\/#primaryimage"},"image":{"@id":"https:\/\/laguiole.com\/de\/produit\/laguiole-aubrac-messer-1-stuck-12cm-griff-geweihgehrungen-aus-geburstetem-edelstahl-doppelplatten-und-federguillochierung-geburstet-copie-copie-copie-copie-copie\/#primaryimage"},"thumbnailUrl":"https:\/\/laguiole.com\/wp-content\/uploads\/2026\/03\/Couteau_Laguiole_en_Aubrac_Manche_Olivier_Double_Platines_et_Ressort_Guilloches_Lame_Damas_00.jpg","datePublished":"2026-03-26T15:33:55+00:00","dateModified":"2026-04-22T17:17:17+00:00","description":"Laguiole-Olivenholzmesser mit Damastklinge, Guilloch\u00e9 Feder mit Blattmuster und Doppelplatten. Handgefertigtes St\u00fcck hergestellt in Aubrac.","breadcrumb":{"@id":"https:\/\/laguiole.com\/de\/produit\/laguiole-aubrac-messer-1-stuck-12cm-griff-geweihgehrungen-aus-geburstetem-edelstahl-doppelplatten-und-federguillochierung-geburstet-copie-copie-copie-copie-copie\/#breadcrumb"},"inLanguage":"de","potentialAction":[{"@type":"ReadAction","target":["https:\/\/laguiole.com\/de\/produit\/laguiole-aubrac-messer-1-stuck-12cm-griff-geweihgehrungen-aus-geburstetem-edelstahl-doppelplatten-und-federguillochierung-geburstet-copie-copie-copie-copie-copie\/"]}]},{"@type":"ImageObject","inLanguage":"de","@id":"https:\/\/laguiole.com\/de\/produit\/laguiole-aubrac-messer-1-stuck-12cm-griff-geweihgehrungen-aus-geburstetem-edelstahl-doppelplatten-und-federguillochierung-geburstet-copie-copie-copie-copie-copie\/#primaryimage","url":"https:\/\/laguiole.com\/wp-content\/uploads\/2026\/03\/Couteau_Laguiole_en_Aubrac_Manche_Olivier_Double_Platines_et_Ressort_Guilloches_Lame_Damas_00.jpg","contentUrl":"https:\/\/laguiole.com\/wp-content\/uploads\/2026\/03\/Couteau_Laguiole_en_Aubrac_Manche_Olivier_Double_Platines_et_Ressort_Guilloches_Lame_Damas_00.jpg","width":1033,"height":1033,"caption":"Laguiole-Messer in Aubrac 1 St\u00fcck 12 cm Griff Olivier Mitres geb\u00fcrstete Edelstahl-Doppel-Guilloch\u00e9-Platten und Feder-geb\u00fcrstete Damaskusklinge"},{"@type":"BreadcrumbList","@id":"https:\/\/laguiole.com\/de\/produit\/laguiole-aubrac-messer-1-stuck-12cm-griff-geweihgehrungen-aus-geburstetem-edelstahl-doppelplatten-und-federguillochierung-geburstet-copie-copie-copie-copie-copie\/#breadcrumb","itemListElement":[{"@type":"ListItem","position":1,"name":"Accueil","item":"https:\/\/laguiole.com\/de\/"},{"@type":"ListItem","position":2,"name":"Shop","item":"https:\/\/laguiole.com\/de\/shop-2\/"},{"@type":"ListItem","position":3,"name":"Laguiole-Messer in Aubrac 1 St\u00fcck 12 cm Griff Olivier Mitres geb\u00fcrstete Edelstahl-Doppel-Guilloch\u00e9-Platten und Feder-geb\u00fcrstete Damaskusklinge"}]},{"@type":"WebSite","@id":"https:\/\/laguiole.com\/de\/#website","url":"https:\/\/laguiole.com\/de\/","name":"Laguiole.com","description":"Laguiole - Couteau laguiole, Chateau Laguiole, Laguiole en Aubrac, Forge de Laguiole","publisher":{"@id":"https:\/\/laguiole.com\/de\/#organization"},"potentialAction":[{"@type":"SearchAction","target":{"@type":"EntryPoint","urlTemplate":"https:\/\/laguiole.com\/de\/?s={search_term_string}"},"query-input":{"@type":"PropertyValueSpecification","valueRequired":true,"valueName":"search_term_string"}}],"inLanguage":"de"},{"@type":"Organization","@id":"https:\/\/laguiole.com\/de\/#organization","name":"Laguiole.com","url":"https:\/\/laguiole.com\/de\/","logo":{"@type":"ImageObject","inLanguage":"de","@id":"https:\/\/laguiole.com\/de\/#\/schema\/logo\/image\/","url":"https:\/\/laguiole.com\/wp-content\/uploads\/2021\/02\/logo_laguiole.com-horizontal.jpg","contentUrl":"https:\/\/laguiole.com\/wp-content\/uploads\/2021\/02\/logo_laguiole.com-horizontal.jpg","width":490,"height":156,"caption":"Laguiole.com"},"image":{"@id":"https:\/\/laguiole.com\/de\/#\/schema\/logo\/image\/"},"sameAs":["https:\/\/www.facebook.com\/laguiolecom\/","https:\/\/www.instagram.com\/laguiolecom\/","https:\/\/www.youtube.com\/@laguiolecom\/videos"]}]}},"_links":{"self":[{"href":"https:\/\/laguiole.com\/de\/wp-json\/wp\/v2\/product\/52100","targetHints":{"allow":["GET"]}}],"collection":[{"href":"https:\/\/laguiole.com\/de\/wp-json\/wp\/v2\/product"}],"about":[{"href":"https:\/\/laguiole.com\/de\/wp-json\/wp\/v2\/types\/product"}],"version-history":[{"count":1,"href":"https:\/\/laguiole.com\/de\/wp-json\/wp\/v2\/product\/52100\/revisions"}],"predecessor-version":[{"id":53079,"href":"https:\/\/laguiole.com\/de\/wp-json\/wp\/v2\/product\/52100\/revisions\/53079"}],"wp:featuredmedia":[{"embeddable":true,"href":"https:\/\/laguiole.com\/de\/wp-json\/wp\/v2\/media\/52260"}],"wp:attachment":[{"href":"https:\/\/laguiole.com\/de\/wp-json\/wp\/v2\/media?parent=52100"}],"wp:term":[{"taxonomy":"product_brand","embeddable":true,"href":"https:\/\/laguiole.com\/de\/wp-json\/wp\/v2\/product_brand?post=52100"},{"taxonomy":"product_cat","embeddable":true,"href":"https:\/\/laguiole.com\/de\/wp-json\/wp\/v2\/product_cat?post=52100"},{"taxonomy":"product_tag","embeddable":true,"href":"https:\/\/laguiole.com\/de\/wp-json\/wp\/v2\/product_tag?post=52100"}],"curies":[{"name":"wp","href":"https:\/\/api.w.org\/{rel}","templated":true}]}}