{"id":52089,"date":"2026-03-26T16:21:15","date_gmt":"2026-03-26T15:21:15","guid":{"rendered":"https:\/\/laguiole.com\/?post_type=product&#038;p=52089"},"modified":"2026-04-22T19:17:22","modified_gmt":"2026-04-22T17:17:22","slug":"laguiole-aubrac-messer-1-stuck-12cm-griff-geweihgehrungen-aus-geburstetem-edelstahl-doppelplatten-und-federguillochierung-geburstet-copie-copie-copie","status":"publish","type":"product","link":"https:\/\/laguiole.com\/de\/produit\/laguiole-aubrac-messer-1-stuck-12cm-griff-geweihgehrungen-aus-geburstetem-edelstahl-doppelplatten-und-federguillochierung-geburstet-copie-copie-copie\/","title":{"rendered":"Laguiole Aubrac-Messer 1 St\u00fcck 12 cm Ranken-G\u00e4nsestiel Gehungen geb\u00fcrstete Edelstahl-Doppel-Guilloch\u00e9-Platten und Feder-geb\u00fcrstete Damaskusklinge Nr. 1"},"content":{"rendered":"<h2 data-section-id=\"z9srt0\" data-start=\"116\" data-end=\"224\"><span role=\"text\"><strong data-start=\"119\" data-end=\"224\">Laguiole-Rankenmesser und Damaskusklinge \u2013 Doppelte Guilloch\u00e9-Teller, handgefertigtes St\u00fcck  <\/strong><\/span><\/h2>\n<p data-start=\"226\" data-end=\"523\">Entdecken Sie ein <strong data-start=\"239\" data-end=\"294\">12 cm langes, handwerkliches Laguiole-Messer aus Rebenschaft<\/strong>, ein <strong data-start=\"300\" data-end=\"316\">St\u00fcck<\/strong> aus Aubrac, das die Authentizit\u00e4t des franz\u00f6sischen Bestecks verk\u00f6rpert.<br data-start=\"392\" data-end=\"395\">Nat\u00fcrlich, elegant und aufwendig \u2013 dieses Messer spiegelt au\u00dfergew\u00f6hnliches Fachwissen und eine bemerkenswerte Anforderung an die Verarbeitung wider.<\/p>\n<h2 data-section-id=\"1yl3g9x\" data-start=\"525\" data-end=\"587\"><span role=\"text\"><strong data-start=\"528\" data-end=\"587\">Ein Griff aus Rebenstock, einem nat\u00fcrlichen und lebendigen Material<\/strong><\/span><\/h2>\n<p data-start=\"589\" data-end=\"759\">Der <strong data-start=\"602\" data-end=\"618\">Rankengriff<\/strong> zeichnet sich durch sein <strong data-start=\"647\" data-end=\"690\">rohes, organisches und tief strukturiertes<\/strong> Aussehen aus.<br data-start=\"691\" data-end=\"694\">Jede Vene erz\u00e4hlt eine Geschichte. Jeder Raum ist anders. <\/p>\n<p data-start=\"761\" data-end=\"1021\">So verleiht dieses nat\u00fcrliche Holz eine <strong data-start=\"796\" data-end=\"837\">warme und authentische \u00c4sthetik<\/strong>, die von Liebhabern handwerklicher Besteckkunst sehr gesch\u00e4tzt wird.<br data-start=\"898\" data-end=\"901\">Das <strong data-start=\"904\" data-end=\"923\">Hirtenkreuz<\/strong>, das sich auf der linken Seite des Griffs befindet, verst\u00e4rkt die traditionelle Verankerung des Messers im Aubrac.<\/p>\n<h2 data-section-id=\"1pbpfae\" data-start=\"1023\" data-end=\"1080\"><span role=\"text\"><strong data-start=\"1026\" data-end=\"1080\">Doppelte Guilloch\u00e9platten und au\u00dfergew\u00f6hnliche Handwerkskunst<\/strong><\/span><\/h2>\n<p data-start=\"1082\" data-end=\"1270\">Dieses Messer hat <strong data-start=\"1105\" data-end=\"1136\">doppelte Guilloch\u00e9platten<\/strong>, die perfekt in die <strong data-start=\"1164\" data-end=\"1195\">Guilloch\u00e9-Feder<\/strong> integriert sind.<br data-start=\"1196\" data-end=\"1199\">Auf diese Weise entsteht das Ganze eine harmonische und verfeinerte visuelle Kontinuit\u00e4t.<\/p>\n<p data-start=\"1272\" data-end=\"1530\">Au\u00dferdem ist einer der Rahmen <strong data-start=\"1302\" data-end=\"1326\">anders gemei\u00dfelt<\/strong>, was einen dezenten Kontrast und eine einzigartige Signatur schafft.<br data-start=\"1382\" data-end=\"1385\">Die Platten in der N\u00e4he der Quelle bilden ein <strong data-start=\"1433\" data-end=\"1461\">originelles Schn\u00fcrmuster<\/strong>, ein wahres Goldschmiedendetail, das die Kreativit\u00e4t des Messers unterstreicht.<\/p>\n<h2 data-section-id=\"taclak\" data-start=\"1532\" data-end=\"1588\"><span role=\"text\"><strong data-start=\"1535\" data-end=\"1588\">Eine Guilloch\u00e9 Feder und eine gemei\u00dfelte geschmiedete Fliege<\/strong><\/span><\/h2>\n<p data-start=\"1590\" data-end=\"1735\">Die <strong data-start=\"1593\" data-end=\"1623\">fein guilloch\u00e9 Feder<\/strong> offenbart pr\u00e4zise und akribische Handwerkskunst.<br data-start=\"1662\" data-end=\"1665\">Jedes Muster f\u00e4ngt das Licht ein und hebt die Qualit\u00e4t der Ausf\u00fchrung hervor.<\/p>\n<p data-start=\"1737\" data-end=\"1912\">Die <strong data-start=\"1740\" data-end=\"1768\">geschmiedete und gemei\u00dfelte Fliege<\/strong>, mit Finesse geformt, vervollst\u00e4ndigt das Ganze.<br data-start=\"1819\" data-end=\"1822\">Er hat eine starke und elegante Signatur, typisch f\u00fcr hochwertige Laguiole-Messer.<\/p>\n<h2 data-section-id=\"1curtc6\" data-start=\"1914\" data-end=\"1958\"><span role=\"text\"><strong data-start=\"1917\" data-end=\"1958\">Eine Damastklinge, eine Signatur des Prestiges<\/strong><\/span><\/h2>\n<p data-start=\"1960\" data-end=\"2175\">Die <strong data-start=\"1963\" data-end=\"1977\">Damastklinge<\/strong>, aus mehreren Stahlschichten geschmiedet, offenbart <strong data-start=\"2037\" data-end=\"2063\">einzigartige wellenf\u00f6rmige Muster<\/strong>.<br data-start=\"2064\" data-end=\"2067\">Es vereint Leistung, Widerstand und \u00c4sthetik und macht dieses Messer so technisch wie visuell.<\/p>\n<h2 data-section-id=\"1x86ef2\" data-start=\"2177\" data-end=\"2241\"><span role=\"text\"><strong data-start=\"2180\" data-end=\"2241\">Ein Laguiole-Messer zwischen Natur und handwerklicher Exzellenz<\/strong><\/span><\/h2>\n<p data-start=\"2243\" data-end=\"2442\">Dieses Messer richtet sich an <strong data-start=\"2268\" data-end=\"2287\">Sammler, Enthusiasten<\/strong> und Liebhaber einzigartiger St\u00fccke.<br data-start=\"2338\" data-end=\"2341\">Er fasziniert mit seinem <strong data-start=\"2359\" data-end=\"2380\">nat\u00fcrlichen Charakter<\/strong>, dem Reichtum der Details und der Pr\u00e4zision seiner Ausf\u00fchrung.<\/p>\n<p data-start=\"2444\" data-end=\"2531\">So tr\u00e4gt jedes Element dazu bei, einen <strong data-start=\"2494\" data-end=\"2530\">authentischen, eleganten und langlebigen<\/strong> Raum zu schaffen.<\/p>\n<hr data-start=\"2533\" data-end=\"2536\">\n<p data-start=\"2538\" data-end=\"2638\">\ud83d\udc49 <strong data-start=\"2541\" data-end=\"2638\">Eine au\u00dfergew\u00f6hnliche Laguiole, bei der die St\u00e4rke des Weinstocks auf die Finesse der handwerklichen Geste trifft.<\/strong><\/p>\n","protected":false},"excerpt":{"rendered":"<p>Laguiole-Messer in Aubrac<br \/>\nGriff aus Rankenranke<br \/>\nVon Hand<br \/>\ngeschmiedet und gemei\u00dfelt Guilloch\u00e9-Feder Geb\u00fcrsteter<br \/>\nEdelstahl 2 Bolstern aus geb\u00fcrstetem<br \/>\nEdelstahl Doppel-Guilloch\u00e9-Platten Geb\u00fcrstete<br \/>\nDamaskusklinge<br \/>\naus Edelstahl Sch\u00e4ferkreuz auf der linken Seite des Griffs<br \/>\nL\u00e4nge des geschlossenen Messers: 12 cm<br \/>\nL\u00e4nge der Klinge: 10 cm<br \/>\nL\u00e4nge des offenen Messers: 22 cm<\/p>\n","protected":false},"featured_media":52170,"template":"","meta":{"_acf_changed":false,"_monsterinsights_skip_tracking":false,"_monsterinsights_sitenote_active":false,"_monsterinsights_sitenote_note":"","_monsterinsights_sitenote_category":0},"product_brand":[],"product_cat":[5938,5939,5940],"product_tag":[],"class_list":{"0":"post-52089","1":"product","2":"type-product","3":"status-publish","4":"has-post-thumbnail","6":"product_cat-klappmesser","7":"product_cat-laguiole-klappmesser","8":"product_cat-laguiole-traditionelle-messer-mit-und-ohne-korkenzieher","9":"pa_composition-couteau-1-stueck-nur-klinge","10":"pa_lame-damaskus","11":"pa_manche-en-bois-weinstock","12":"pa_marque-laguiole-en-aubracfr","13":"pa_mitres-2-gehrungen","14":"pa_mitres-gebuersteter-edelstahl","15":"pa_mouche-geschmiedet","16":"pa_platines-doppel-drehteller","17":"pa_platines-guilloche-muster","18":"pa_ressort-guilloche","19":"tm-has-options","22":"instock","23":"taxable","24":"shipping-taxable","25":"purchasable","26":"product-type-simple"},"supplier_id":null,"supplier_sku":"","barcode":null,"atum_controlled":true,"out_stock_date":null,"out_stock_threshold":null,"inheritable":false,"inbound_stock":0,"stock_on_hold":0,"sold_today":0,"sales_last_days":0,"reserved_stock":0,"customer_returns":0,"warehouse_damage":0,"lost_in_post":0,"other_logs":0,"out_stock_days":0,"lost_sales":0,"has_location":false,"update_date":"2026-05-08T00:52:18","atum_locations":[],"atum_stock_status":"instock","restock_status":false,"low_stock_amount":"","sales_update_date":"2026-05-08T00:52:18","calc_backorders":0,"acf":[],"yoast_head":"<!-- This site is optimized with the Yoast SEO plugin v27.3 - https:\/\/yoast.com\/product\/yoast-seo-wordpress\/ -->\n<title>Laguiole-Damaskus-Stockmesser \u2013 Doppelplatten<\/title>\n<meta name=\"description\" content=\"Laguiole-Geweihmesser mit Damastklinge, doppelten Guilloch\u00e9-Platten und geb\u00fcrsteten Edelstahloberfl\u00e4chen. Handgefertigtes hochwertiges Aubrac-St\u00fcck.\" \/>\n<meta name=\"robots\" content=\"index, follow, max-snippet:-1, max-image-preview:large, max-video-preview:-1\" \/>\n<link rel=\"canonical\" href=\"https:\/\/laguiole.com\/de\/produit\/laguiole-aubrac-messer-1-stuck-12cm-griff-geweihgehrungen-aus-geburstetem-edelstahl-doppelplatten-und-federguillochierung-geburstet-copie-copie-copie\/\" \/>\n<meta property=\"og:locale\" content=\"de_DE\" \/>\n<meta property=\"og:type\" content=\"article\" \/>\n<meta property=\"og:title\" content=\"Laguiole-Damaskus-Stockmesser \u2013 Doppelplatten\" \/>\n<meta property=\"og:description\" content=\"Laguiole-Geweihmesser mit Damastklinge, doppelten Guilloch\u00e9-Platten und geb\u00fcrsteten Edelstahloberfl\u00e4chen. Handgefertigtes hochwertiges Aubrac-St\u00fcck.\" \/>\n<meta property=\"og:url\" content=\"https:\/\/laguiole.com\/de\/produit\/laguiole-aubrac-messer-1-stuck-12cm-griff-geweihgehrungen-aus-geburstetem-edelstahl-doppelplatten-und-federguillochierung-geburstet-copie-copie-copie\/\" \/>\n<meta property=\"og:site_name\" content=\"Laguiole.com \u00ae\" \/>\n<meta property=\"article:publisher\" content=\"https:\/\/www.facebook.com\/laguiolecom\/\" \/>\n<meta property=\"article:modified_time\" content=\"2026-04-22T17:17:22+00:00\" \/>\n<meta property=\"og:image\" content=\"https:\/\/laguiole.com\/wp-content\/uploads\/2026\/03\/Couteau_Laguiole_en_Aubrac_Manche_Cep_de_Vigne_Double_Platines_et_Ressort_Guilloches_Lame_Damas_Num_1_00.jpg\" \/>\n\t<meta property=\"og:image:width\" content=\"1033\" \/>\n\t<meta property=\"og:image:height\" content=\"1033\" \/>\n\t<meta property=\"og:image:type\" content=\"image\/jpeg\" \/>\n<meta name=\"twitter:card\" content=\"summary_large_image\" \/>\n<meta name=\"twitter:label1\" content=\"Gesch\u00e4tzte Lesezeit\" \/>\n\t<meta name=\"twitter:data1\" content=\"2\u00a0Minute\" \/>\n<script type=\"application\/ld+json\" class=\"yoast-schema-graph\">{\"@context\":\"https:\\\/\\\/schema.org\",\"@graph\":[{\"@type\":\"WebPage\",\"@id\":\"https:\\\/\\\/laguiole.com\\\/de\\\/produit\\\/laguiole-aubrac-messer-1-stuck-12cm-griff-geweihgehrungen-aus-geburstetem-edelstahl-doppelplatten-und-federguillochierung-geburstet-copie-copie-copie\\\/\",\"url\":\"https:\\\/\\\/laguiole.com\\\/de\\\/produit\\\/laguiole-aubrac-messer-1-stuck-12cm-griff-geweihgehrungen-aus-geburstetem-edelstahl-doppelplatten-und-federguillochierung-geburstet-copie-copie-copie\\\/\",\"name\":\"Laguiole-Damaskus-Stockmesser \u2013 Doppelplatten\",\"isPartOf\":{\"@id\":\"https:\\\/\\\/laguiole.com\\\/de\\\/#website\"},\"primaryImageOfPage\":{\"@id\":\"https:\\\/\\\/laguiole.com\\\/de\\\/produit\\\/laguiole-aubrac-messer-1-stuck-12cm-griff-geweihgehrungen-aus-geburstetem-edelstahl-doppelplatten-und-federguillochierung-geburstet-copie-copie-copie\\\/#primaryimage\"},\"image\":{\"@id\":\"https:\\\/\\\/laguiole.com\\\/de\\\/produit\\\/laguiole-aubrac-messer-1-stuck-12cm-griff-geweihgehrungen-aus-geburstetem-edelstahl-doppelplatten-und-federguillochierung-geburstet-copie-copie-copie\\\/#primaryimage\"},\"thumbnailUrl\":\"https:\\\/\\\/laguiole.com\\\/wp-content\\\/uploads\\\/2026\\\/03\\\/Couteau_Laguiole_en_Aubrac_Manche_Cep_de_Vigne_Double_Platines_et_Ressort_Guilloches_Lame_Damas_Num_1_00.jpg\",\"datePublished\":\"2026-03-26T15:21:15+00:00\",\"dateModified\":\"2026-04-22T17:17:22+00:00\",\"description\":\"Laguiole-Geweihmesser mit Damastklinge, doppelten Guilloch\u00e9-Platten und geb\u00fcrsteten Edelstahloberfl\u00e4chen. Handgefertigtes hochwertiges Aubrac-St\u00fcck.\",\"breadcrumb\":{\"@id\":\"https:\\\/\\\/laguiole.com\\\/de\\\/produit\\\/laguiole-aubrac-messer-1-stuck-12cm-griff-geweihgehrungen-aus-geburstetem-edelstahl-doppelplatten-und-federguillochierung-geburstet-copie-copie-copie\\\/#breadcrumb\"},\"inLanguage\":\"de\",\"potentialAction\":[{\"@type\":\"ReadAction\",\"target\":[\"https:\\\/\\\/laguiole.com\\\/de\\\/produit\\\/laguiole-aubrac-messer-1-stuck-12cm-griff-geweihgehrungen-aus-geburstetem-edelstahl-doppelplatten-und-federguillochierung-geburstet-copie-copie-copie\\\/\"]}]},{\"@type\":\"ImageObject\",\"inLanguage\":\"de\",\"@id\":\"https:\\\/\\\/laguiole.com\\\/de\\\/produit\\\/laguiole-aubrac-messer-1-stuck-12cm-griff-geweihgehrungen-aus-geburstetem-edelstahl-doppelplatten-und-federguillochierung-geburstet-copie-copie-copie\\\/#primaryimage\",\"url\":\"https:\\\/\\\/laguiole.com\\\/wp-content\\\/uploads\\\/2026\\\/03\\\/Couteau_Laguiole_en_Aubrac_Manche_Cep_de_Vigne_Double_Platines_et_Ressort_Guilloches_Lame_Damas_Num_1_00.jpg\",\"contentUrl\":\"https:\\\/\\\/laguiole.com\\\/wp-content\\\/uploads\\\/2026\\\/03\\\/Couteau_Laguiole_en_Aubrac_Manche_Cep_de_Vigne_Double_Platines_et_Ressort_Guilloches_Lame_Damas_Num_1_00.jpg\",\"width\":1033,\"height\":1033,\"caption\":\"Laguiole Aubrac-Messer 1 St\u00fcck 12 cm Ranken-G\u00e4nsestiel Gehungen geb\u00fcrstete Edelstahl-Doppel-Guilloch\u00e9-Platten und Feder-geb\u00fcrstete Damaskusklinge Nr. 1\"},{\"@type\":\"BreadcrumbList\",\"@id\":\"https:\\\/\\\/laguiole.com\\\/de\\\/produit\\\/laguiole-aubrac-messer-1-stuck-12cm-griff-geweihgehrungen-aus-geburstetem-edelstahl-doppelplatten-und-federguillochierung-geburstet-copie-copie-copie\\\/#breadcrumb\",\"itemListElement\":[{\"@type\":\"ListItem\",\"position\":1,\"name\":\"Accueil\",\"item\":\"https:\\\/\\\/laguiole.com\\\/de\\\/\"},{\"@type\":\"ListItem\",\"position\":2,\"name\":\"Shop\",\"item\":\"https:\\\/\\\/laguiole.com\\\/de\\\/shop-2\\\/\"},{\"@type\":\"ListItem\",\"position\":3,\"name\":\"Laguiole Aubrac-Messer 1 St\u00fcck 12 cm Ranken-G\u00e4nsestiel Gehungen geb\u00fcrstete Edelstahl-Doppel-Guilloch\u00e9-Platten und Feder-geb\u00fcrstete Damaskusklinge Nr. 1\"}]},{\"@type\":\"WebSite\",\"@id\":\"https:\\\/\\\/laguiole.com\\\/de\\\/#website\",\"url\":\"https:\\\/\\\/laguiole.com\\\/de\\\/\",\"name\":\"Laguiole.com\",\"description\":\"Laguiole - Couteau laguiole, Chateau Laguiole, Laguiole en Aubrac, Forge de Laguiole\",\"publisher\":{\"@id\":\"https:\\\/\\\/laguiole.com\\\/de\\\/#organization\"},\"potentialAction\":[{\"@type\":\"SearchAction\",\"target\":{\"@type\":\"EntryPoint\",\"urlTemplate\":\"https:\\\/\\\/laguiole.com\\\/de\\\/?s={search_term_string}\"},\"query-input\":{\"@type\":\"PropertyValueSpecification\",\"valueRequired\":true,\"valueName\":\"search_term_string\"}}],\"inLanguage\":\"de\"},{\"@type\":\"Organization\",\"@id\":\"https:\\\/\\\/laguiole.com\\\/de\\\/#organization\",\"name\":\"Laguiole.com\",\"url\":\"https:\\\/\\\/laguiole.com\\\/de\\\/\",\"logo\":{\"@type\":\"ImageObject\",\"inLanguage\":\"de\",\"@id\":\"https:\\\/\\\/laguiole.com\\\/de\\\/#\\\/schema\\\/logo\\\/image\\\/\",\"url\":\"https:\\\/\\\/laguiole.com\\\/wp-content\\\/uploads\\\/2021\\\/02\\\/logo_laguiole.com-horizontal.jpg\",\"contentUrl\":\"https:\\\/\\\/laguiole.com\\\/wp-content\\\/uploads\\\/2021\\\/02\\\/logo_laguiole.com-horizontal.jpg\",\"width\":490,\"height\":156,\"caption\":\"Laguiole.com\"},\"image\":{\"@id\":\"https:\\\/\\\/laguiole.com\\\/de\\\/#\\\/schema\\\/logo\\\/image\\\/\"},\"sameAs\":[\"https:\\\/\\\/www.facebook.com\\\/laguiolecom\\\/\",\"https:\\\/\\\/www.instagram.com\\\/laguiolecom\\\/\",\"https:\\\/\\\/www.youtube.com\\\/@laguiolecom\\\/videos\"]}]}<\/script>\n<!-- \/ Yoast SEO plugin. -->","yoast_head_json":{"title":"Laguiole-Damaskus-Stockmesser \u2013 Doppelplatten","description":"Laguiole-Geweihmesser mit Damastklinge, doppelten Guilloch\u00e9-Platten und geb\u00fcrsteten Edelstahloberfl\u00e4chen. Handgefertigtes hochwertiges Aubrac-St\u00fcck.","robots":{"index":"index","follow":"follow","max-snippet":"max-snippet:-1","max-image-preview":"max-image-preview:large","max-video-preview":"max-video-preview:-1"},"canonical":"https:\/\/laguiole.com\/de\/produit\/laguiole-aubrac-messer-1-stuck-12cm-griff-geweihgehrungen-aus-geburstetem-edelstahl-doppelplatten-und-federguillochierung-geburstet-copie-copie-copie\/","og_locale":"de_DE","og_type":"article","og_title":"Laguiole-Damaskus-Stockmesser \u2013 Doppelplatten","og_description":"Laguiole-Geweihmesser mit Damastklinge, doppelten Guilloch\u00e9-Platten und geb\u00fcrsteten Edelstahloberfl\u00e4chen. Handgefertigtes hochwertiges Aubrac-St\u00fcck.","og_url":"https:\/\/laguiole.com\/de\/produit\/laguiole-aubrac-messer-1-stuck-12cm-griff-geweihgehrungen-aus-geburstetem-edelstahl-doppelplatten-und-federguillochierung-geburstet-copie-copie-copie\/","og_site_name":"Laguiole.com \u00ae","article_publisher":"https:\/\/www.facebook.com\/laguiolecom\/","article_modified_time":"2026-04-22T17:17:22+00:00","og_image":[{"width":1033,"height":1033,"url":"https:\/\/laguiole.com\/wp-content\/uploads\/2026\/03\/Couteau_Laguiole_en_Aubrac_Manche_Cep_de_Vigne_Double_Platines_et_Ressort_Guilloches_Lame_Damas_Num_1_00.jpg","type":"image\/jpeg"}],"twitter_card":"summary_large_image","twitter_misc":{"Gesch\u00e4tzte Lesezeit":"2\u00a0Minute"},"schema":{"@context":"https:\/\/schema.org","@graph":[{"@type":"WebPage","@id":"https:\/\/laguiole.com\/de\/produit\/laguiole-aubrac-messer-1-stuck-12cm-griff-geweihgehrungen-aus-geburstetem-edelstahl-doppelplatten-und-federguillochierung-geburstet-copie-copie-copie\/","url":"https:\/\/laguiole.com\/de\/produit\/laguiole-aubrac-messer-1-stuck-12cm-griff-geweihgehrungen-aus-geburstetem-edelstahl-doppelplatten-und-federguillochierung-geburstet-copie-copie-copie\/","name":"Laguiole-Damaskus-Stockmesser \u2013 Doppelplatten","isPartOf":{"@id":"https:\/\/laguiole.com\/de\/#website"},"primaryImageOfPage":{"@id":"https:\/\/laguiole.com\/de\/produit\/laguiole-aubrac-messer-1-stuck-12cm-griff-geweihgehrungen-aus-geburstetem-edelstahl-doppelplatten-und-federguillochierung-geburstet-copie-copie-copie\/#primaryimage"},"image":{"@id":"https:\/\/laguiole.com\/de\/produit\/laguiole-aubrac-messer-1-stuck-12cm-griff-geweihgehrungen-aus-geburstetem-edelstahl-doppelplatten-und-federguillochierung-geburstet-copie-copie-copie\/#primaryimage"},"thumbnailUrl":"https:\/\/laguiole.com\/wp-content\/uploads\/2026\/03\/Couteau_Laguiole_en_Aubrac_Manche_Cep_de_Vigne_Double_Platines_et_Ressort_Guilloches_Lame_Damas_Num_1_00.jpg","datePublished":"2026-03-26T15:21:15+00:00","dateModified":"2026-04-22T17:17:22+00:00","description":"Laguiole-Geweihmesser mit Damastklinge, doppelten Guilloch\u00e9-Platten und geb\u00fcrsteten Edelstahloberfl\u00e4chen. Handgefertigtes hochwertiges Aubrac-St\u00fcck.","breadcrumb":{"@id":"https:\/\/laguiole.com\/de\/produit\/laguiole-aubrac-messer-1-stuck-12cm-griff-geweihgehrungen-aus-geburstetem-edelstahl-doppelplatten-und-federguillochierung-geburstet-copie-copie-copie\/#breadcrumb"},"inLanguage":"de","potentialAction":[{"@type":"ReadAction","target":["https:\/\/laguiole.com\/de\/produit\/laguiole-aubrac-messer-1-stuck-12cm-griff-geweihgehrungen-aus-geburstetem-edelstahl-doppelplatten-und-federguillochierung-geburstet-copie-copie-copie\/"]}]},{"@type":"ImageObject","inLanguage":"de","@id":"https:\/\/laguiole.com\/de\/produit\/laguiole-aubrac-messer-1-stuck-12cm-griff-geweihgehrungen-aus-geburstetem-edelstahl-doppelplatten-und-federguillochierung-geburstet-copie-copie-copie\/#primaryimage","url":"https:\/\/laguiole.com\/wp-content\/uploads\/2026\/03\/Couteau_Laguiole_en_Aubrac_Manche_Cep_de_Vigne_Double_Platines_et_Ressort_Guilloches_Lame_Damas_Num_1_00.jpg","contentUrl":"https:\/\/laguiole.com\/wp-content\/uploads\/2026\/03\/Couteau_Laguiole_en_Aubrac_Manche_Cep_de_Vigne_Double_Platines_et_Ressort_Guilloches_Lame_Damas_Num_1_00.jpg","width":1033,"height":1033,"caption":"Laguiole Aubrac-Messer 1 St\u00fcck 12 cm Ranken-G\u00e4nsestiel Gehungen geb\u00fcrstete Edelstahl-Doppel-Guilloch\u00e9-Platten und Feder-geb\u00fcrstete Damaskusklinge Nr. 1"},{"@type":"BreadcrumbList","@id":"https:\/\/laguiole.com\/de\/produit\/laguiole-aubrac-messer-1-stuck-12cm-griff-geweihgehrungen-aus-geburstetem-edelstahl-doppelplatten-und-federguillochierung-geburstet-copie-copie-copie\/#breadcrumb","itemListElement":[{"@type":"ListItem","position":1,"name":"Accueil","item":"https:\/\/laguiole.com\/de\/"},{"@type":"ListItem","position":2,"name":"Shop","item":"https:\/\/laguiole.com\/de\/shop-2\/"},{"@type":"ListItem","position":3,"name":"Laguiole Aubrac-Messer 1 St\u00fcck 12 cm Ranken-G\u00e4nsestiel Gehungen geb\u00fcrstete Edelstahl-Doppel-Guilloch\u00e9-Platten und Feder-geb\u00fcrstete Damaskusklinge Nr. 1"}]},{"@type":"WebSite","@id":"https:\/\/laguiole.com\/de\/#website","url":"https:\/\/laguiole.com\/de\/","name":"Laguiole.com","description":"Laguiole - Couteau laguiole, Chateau Laguiole, Laguiole en Aubrac, Forge de Laguiole","publisher":{"@id":"https:\/\/laguiole.com\/de\/#organization"},"potentialAction":[{"@type":"SearchAction","target":{"@type":"EntryPoint","urlTemplate":"https:\/\/laguiole.com\/de\/?s={search_term_string}"},"query-input":{"@type":"PropertyValueSpecification","valueRequired":true,"valueName":"search_term_string"}}],"inLanguage":"de"},{"@type":"Organization","@id":"https:\/\/laguiole.com\/de\/#organization","name":"Laguiole.com","url":"https:\/\/laguiole.com\/de\/","logo":{"@type":"ImageObject","inLanguage":"de","@id":"https:\/\/laguiole.com\/de\/#\/schema\/logo\/image\/","url":"https:\/\/laguiole.com\/wp-content\/uploads\/2021\/02\/logo_laguiole.com-horizontal.jpg","contentUrl":"https:\/\/laguiole.com\/wp-content\/uploads\/2021\/02\/logo_laguiole.com-horizontal.jpg","width":490,"height":156,"caption":"Laguiole.com"},"image":{"@id":"https:\/\/laguiole.com\/de\/#\/schema\/logo\/image\/"},"sameAs":["https:\/\/www.facebook.com\/laguiolecom\/","https:\/\/www.instagram.com\/laguiolecom\/","https:\/\/www.youtube.com\/@laguiolecom\/videos"]}]}},"_links":{"self":[{"href":"https:\/\/laguiole.com\/de\/wp-json\/wp\/v2\/product\/52089","targetHints":{"allow":["GET"]}}],"collection":[{"href":"https:\/\/laguiole.com\/de\/wp-json\/wp\/v2\/product"}],"about":[{"href":"https:\/\/laguiole.com\/de\/wp-json\/wp\/v2\/types\/product"}],"version-history":[{"count":1,"href":"https:\/\/laguiole.com\/de\/wp-json\/wp\/v2\/product\/52089\/revisions"}],"predecessor-version":[{"id":53081,"href":"https:\/\/laguiole.com\/de\/wp-json\/wp\/v2\/product\/52089\/revisions\/53081"}],"wp:featuredmedia":[{"embeddable":true,"href":"https:\/\/laguiole.com\/de\/wp-json\/wp\/v2\/media\/52170"}],"wp:attachment":[{"href":"https:\/\/laguiole.com\/de\/wp-json\/wp\/v2\/media?parent=52089"}],"wp:term":[{"taxonomy":"product_brand","embeddable":true,"href":"https:\/\/laguiole.com\/de\/wp-json\/wp\/v2\/product_brand?post=52089"},{"taxonomy":"product_cat","embeddable":true,"href":"https:\/\/laguiole.com\/de\/wp-json\/wp\/v2\/product_cat?post=52089"},{"taxonomy":"product_tag","embeddable":true,"href":"https:\/\/laguiole.com\/de\/wp-json\/wp\/v2\/product_tag?post=52089"}],"curies":[{"name":"wp","href":"https:\/\/api.w.org\/{rel}","templated":true}]}}