{"id":52057,"date":"2026-03-26T13:56:57","date_gmt":"2026-03-26T12:56:57","guid":{"rendered":"https:\/\/laguiole.com\/?post_type=product&#038;p=52057"},"modified":"2026-04-22T19:19:03","modified_gmt":"2026-04-22T17:19:03","slug":"laguiole-aubrac-messer-1-stuck-12cm-griff-geweihgehrungen-aus-geburstetem-edelstahl-doppelplatten-und-federguillochierung-geburstet-copie","status":"publish","type":"product","link":"https:\/\/laguiole.com\/de\/produit\/laguiole-aubrac-messer-1-stuck-12cm-griff-geweihgehrungen-aus-geburstetem-edelstahl-doppelplatten-und-federguillochierung-geburstet-copie\/","title":{"rendered":"Laguiole Aubrac Messer 1 St\u00fcck 12 cm Griff Geweih Gehungen Gehrung Geb\u00fcrstete Edelstahl Doppel-Guilloch\u00e9 Platten und Federb\u00fcrste-Finish Nr. 1"},"content":{"rendered":"<h2 data-section-id=\"pohxb1\" data-start=\"122\" data-end=\"235\"><span role=\"text\"><strong data-start=\"125\" data-end=\"235\">Laguiole-Messer mit Geweih und Damaskusklinge \u2013 Doppelte Guilloch\u00e9-Platten, au\u00dfergew\u00f6hnliches handgefertigtes St\u00fcck<\/strong><\/span><\/h2>\n<p data-start=\"237\" data-end=\"458\">Entdecken Sie ein <strong data-start=\"250\" data-end=\"305\">12 cm langes handgemachtes Laguiole-Messer aus Hirschgeweih<\/strong>, ein einzigartiges St\u00fcck aus Aubrac.<br data-start=\"343\" data-end=\"346\">Damit verk\u00f6rpert es vollst\u00e4ndig die Tradition des franz\u00f6sischen Bestecks und die Qualit\u00e4t hochwertiger Oberfl\u00e4chen.<\/p>\n<p data-start=\"460\" data-end=\"619\">Dieses Modell verbindet <strong data-start=\"487\" data-end=\"514\">einen rustikalen und authentischen<\/strong> Stil mit pr\u00e4zisen technischen Details.<br data-start=\"547\" data-end=\"550\">Dadurch verf\u00fchrt es ebenso sehr durch seinen Charakter wie durch sein Gleichgewicht.<\/p>\n<h2 data-section-id=\"1vvgcxy\" data-start=\"621\" data-end=\"681\"><span role=\"text\"><strong data-start=\"624\" data-end=\"681\">Ein Griff aus Geweih, einem Roh- und Naturmaterial,<\/strong><\/span><\/h2>\n<p data-start=\"683\" data-end=\"847\">Der <strong data-start=\"696\" data-end=\"712\">Geweihgriff<\/strong> sticht sofort durch sein <strong data-start=\"755\" data-end=\"788\">lebendiges, strukturiertes und unregelm\u00e4\u00dfiges<\/strong> Aussehen hervor.<br data-start=\"789\" data-end=\"792\">Jeder Raum ist anders. Jedes Messer ist einzigartig. <\/p>\n<p data-start=\"849\" data-end=\"1078\">Dar\u00fcber hinaus verleiht dieses Naturmaterial eine <strong data-start=\"894\" data-end=\"923\">starke rustikale \u00c4sthetik,<\/strong> die durch den Kontrast zum Metall verst\u00e4rkt wird.<br data-start=\"966\" data-end=\"969\">So verleiht das Geweih dem Messer eine starke Pr\u00e4senz und bietet gleichzeitig einen bequemen Griff.<\/p>\n<h2 data-section-id=\"1vdf2cp\" data-start=\"1080\" data-end=\"1136\"><span role=\"text\"><strong data-start=\"1083\" data-end=\"1136\">Doppelte Guilloch\u00e9platten und kontrollierter Kontrast<\/strong><\/span><\/h2>\n<p data-start=\"1138\" data-end=\"1286\">Dieses Messer enth\u00e4lt <strong data-start=\"1161\" data-end=\"1192\">doppelte Guilloch\u00e9-Platten<\/strong>, kombiniert mit einer <strong data-start=\"1209\" data-end=\"1230\">Guilloch\u00e9-Feder<\/strong>.<br data-start=\"1231\" data-end=\"1234\">Der Messer arbeitet jedes Detail mit Pr\u00e4zision aus.<\/p>\n<p data-start=\"1288\" data-end=\"1449\">So bringen die Muster Erleichterung, Licht und Eleganz.<br data-start=\"1344\" data-end=\"1347\">Au\u00dferdem sind die Rahmen <strong data-start=\"1379\" data-end=\"1417\">von einem schwarzen Abstandshalter eingerahmt<\/strong>, der \u00fcber die gesamte L\u00e4nge sichtbar ist.<\/p>\n<p data-start=\"1451\" data-end=\"1580\">Dieser Kontrast unterstreicht sowohl die Struktur des Messers als auch die F\u00fclle des Holzes.<br data-start=\"1530\" data-end=\"1533\">Es verbessert auch die Lesbarkeit der Zeilen.<\/p>\n<h2 data-section-id=\"1dts55a\" data-start=\"1582\" data-end=\"1636\"><span role=\"text\"><strong data-start=\"1585\" data-end=\"1636\">Geb\u00fcrstete Edelstahloberfl\u00e4chen und Handwerkskunst<\/strong><\/span><\/h2>\n<p data-start=\"1638\" data-end=\"1803\">Die <strong data-start=\"1654\" data-end=\"1669\">geb\u00fcrsteten Edelstahlelemente<\/strong> bieten ein <strong data-start=\"1697\" data-end=\"1735\">n\u00fcchternes, leuchtendes und leicht rohes<\/strong> Aussehen.<br data-start=\"1736\" data-end=\"1739\">So unterst\u00fctzen sie den authentischen Charakter des Messers.<\/p>\n<p data-start=\"1805\" data-end=\"1910\">Jedes St\u00fcck spiegelt <strong data-start=\"1829\" data-end=\"1860\">sorgf\u00e4ltige Handwerkskunst<\/strong> wider.<br data-start=\"1861\" data-end=\"1864\">Jeder Abschluss spiegelt die Pr\u00e4zision der Geste wider.<\/p>\n<h2 data-section-id=\"10vqyr9\" data-start=\"1912\" data-end=\"1953\"><span role=\"text\"><strong data-start=\"1915\" data-end=\"1953\">Guilloch\u00e9-Feder und geschmiedete Fliege<\/strong><\/span><\/h2>\n<p data-start=\"1955\" data-end=\"2076\">Die <strong data-start=\"1958\" data-end=\"1979\">fein ausgef\u00fchrte Guilloch\u00e9-Feder<\/strong> ist eine Fortsetzung der Platten.<br data-start=\"2041\" data-end=\"2044\">Es bringt Koh\u00e4renz und Finesse.<\/p>\n<p data-start=\"2078\" data-end=\"2209\">Die <strong data-start=\"2081\" data-end=\"2098\">geschmiedete<\/strong>, pr\u00e4zise modellierte Fliege ist das Markenzeichen des Ganzen.<br data-start=\"2149\" data-end=\"2152\">Auf diese Weise unterstreicht es elegant die Identit\u00e4t des Messers.<\/p>\n<h2 data-section-id=\"1lxasx3\" data-start=\"2211\" data-end=\"2256\"><span role=\"text\"><strong data-start=\"2214\" data-end=\"2256\">Eine Damastklinge, ein Zeichen von Exzellenz<\/strong><\/span><\/h2>\n<p data-start=\"2258\" data-end=\"2390\">Die <strong data-start=\"2261\" data-end=\"2275\">Damastklinge<\/strong> zeigt <strong data-start=\"2287\" data-end=\"2313\">einzigartige, wellenf\u00f6rmige Muster<\/strong>, die f\u00fcr jedes St\u00fcck einzigartig sind.<br data-start=\"2338\" data-end=\"2341\">Es verbindet Leistung, Widerstand und \u00c4sthetik.<\/p>\n<p data-start=\"2392\" data-end=\"2459\">So wird es zu einem zentralen Element, so technisch wie visuell.<\/p>\n<h2 data-section-id=\"u5938q\" data-start=\"2461\" data-end=\"2510\"><span role=\"text\"><strong data-start=\"2464\" data-end=\"2510\">Ein Laguiole zwischen Rustizit\u00e4t und Raffinesse<\/strong><\/span><\/h2>\n<p data-start=\"2512\" data-end=\"2651\">Dieses Messer richtet sich an <strong data-start=\"2537\" data-end=\"2575\">Liebhaber handgefertigter Bestecke<\/strong> und Sammler.<br data-start=\"2599\" data-end=\"2602\">Es wird diejenigen ansprechen, die ein einzigartiges St\u00fcck suchen.<\/p>\n<p data-start=\"2653\" data-end=\"2751\">So vereint er <strong data-start=\"2671\" data-end=\"2723\">Tradition, Robustheit und hochwertige Oberfl\u00e4chen<\/strong> in einer kontrollierten Balance.<\/p>\n<hr data-start=\"2753\" data-end=\"2756\">\n<p data-start=\"2758\" data-end=\"2860\" data-is-last-node=\"\" data-is-only-node=\"\">\ud83d\udc49 <strong data-start=\"2761\" data-end=\"2860\" data-is-last-node=\"\">Eine au\u00dfergew\u00f6hnliche Laguiole, bei der die St\u00e4rke des Geweihs auf die Pr\u00e4zision der handwerklichen Geste trifft.<\/strong><\/p>\n","protected":false},"excerpt":{"rendered":"<p>Laguiole-Messer in Aubrac<br \/>\nGeweih-Griff<br \/>\nHandgearbeitet und gemei\u00dfelt<br \/>\nFliegenhand-Guilloch\u00e9 Feder-geb\u00fcrsteter<br \/>\nEdelstahl 2 Bolster geb\u00fcrstetes<br \/>\nEdelstahl Doppel-Guilloch\u00e9-Platten geb\u00fcrstetes<br \/>\nEdelstahl Schwarze Abstandshalter<br \/>\nDamaskusklinge<br \/>\nKein Sch\u00e4ferkreuz auf der linken Seite des Griffs<br \/>\nL\u00e4nge des Messers geschlossen: 12 cm<br \/>\nKlingenl\u00e4nge: 10 cm<br \/>\nMesserl\u00e4nge offen:  22 cm<\/p>\n","protected":false},"featured_media":52206,"template":"","meta":{"_acf_changed":false,"_monsterinsights_skip_tracking":false,"_monsterinsights_sitenote_active":false,"_monsterinsights_sitenote_note":"","_monsterinsights_sitenote_category":0},"product_brand":[],"product_cat":[5938,5939,5940],"product_tag":[],"class_list":{"0":"post-52057","1":"product","2":"type-product","3":"status-publish","4":"has-post-thumbnail","6":"product_cat-klappmesser","7":"product_cat-laguiole-klappmesser","8":"product_cat-laguiole-traditionelle-messer-mit-und-ohne-korkenzieher","9":"pa_composition-couteau-1-stueck-nur-klinge","10":"pa_lame-damaskus","11":"pa_manche-en-matiere-animale-hirschgeweih","12":"pa_marque-laguiole-en-aubracfr","13":"pa_mitres-2-gehrungen","14":"pa_mitres-gebuersteter-edelstahl","15":"pa_mouche-geschmiedet","16":"pa_platines-doppel-drehteller","17":"pa_platines-guilloche-muster","18":"pa_ressort-guilloche","19":"tm-has-options","22":"instock","23":"taxable","24":"shipping-taxable","25":"purchasable","26":"product-type-simple"},"supplier_id":null,"supplier_sku":"","barcode":null,"atum_controlled":true,"out_stock_date":null,"out_stock_threshold":null,"inheritable":false,"inbound_stock":0,"stock_on_hold":0,"sold_today":0,"sales_last_days":0,"reserved_stock":0,"customer_returns":0,"warehouse_damage":0,"lost_in_post":0,"other_logs":0,"out_stock_days":0,"lost_sales":0,"has_location":false,"update_date":"2026-05-08T00:52:17","atum_locations":[],"atum_stock_status":"instock","restock_status":false,"low_stock_amount":"","sales_update_date":"2026-05-08T00:52:17","calc_backorders":0,"acf":[],"yoast_head":"<!-- This site is optimized with the Yoast SEO plugin v27.3 - https:\/\/yoast.com\/product\/yoast-seo-wordpress\/ -->\n<title>Laguiole-Damaskusgeweihmesser \u2013 Doppelplatten<\/title>\n<meta name=\"description\" content=\"Laguiole-Geweihmesser mit Damastklinge, doppelten Guilloch\u00e9-Platten und geb\u00fcrsteten Edelstahloberfl\u00e4chen. Handgefertigtes hochwertiges Aubrac-St\u00fcck.\" \/>\n<meta name=\"robots\" content=\"index, follow, max-snippet:-1, max-image-preview:large, max-video-preview:-1\" \/>\n<link rel=\"canonical\" href=\"https:\/\/laguiole.com\/de\/produit\/laguiole-aubrac-messer-1-stuck-12cm-griff-geweihgehrungen-aus-geburstetem-edelstahl-doppelplatten-und-federguillochierung-geburstet-copie\/\" \/>\n<meta property=\"og:locale\" content=\"de_DE\" \/>\n<meta property=\"og:type\" content=\"article\" \/>\n<meta property=\"og:title\" content=\"Laguiole-Damaskusgeweihmesser \u2013 Doppelplatten\" \/>\n<meta property=\"og:description\" content=\"Laguiole-Geweihmesser mit Damastklinge, doppelten Guilloch\u00e9-Platten und geb\u00fcrsteten Edelstahloberfl\u00e4chen. Handgefertigtes hochwertiges Aubrac-St\u00fcck.\" \/>\n<meta property=\"og:url\" content=\"https:\/\/laguiole.com\/de\/produit\/laguiole-aubrac-messer-1-stuck-12cm-griff-geweihgehrungen-aus-geburstetem-edelstahl-doppelplatten-und-federguillochierung-geburstet-copie\/\" \/>\n<meta property=\"og:site_name\" content=\"Laguiole.com \u00ae\" \/>\n<meta property=\"article:publisher\" content=\"https:\/\/www.facebook.com\/laguiolecom\/\" \/>\n<meta property=\"article:modified_time\" content=\"2026-04-22T17:19:03+00:00\" \/>\n<meta property=\"og:image\" content=\"https:\/\/laguiole.com\/wp-content\/uploads\/2026\/03\/Couteau_Laguiole_en_Aubrac_Manche_Bois_de_cerf_Double_Platines_et_Ressort_Guilloches_Num_1_00.jpg\" \/>\n\t<meta property=\"og:image:width\" content=\"1033\" \/>\n\t<meta property=\"og:image:height\" content=\"1033\" \/>\n\t<meta property=\"og:image:type\" content=\"image\/jpeg\" \/>\n<meta name=\"twitter:card\" content=\"summary_large_image\" \/>\n<meta name=\"twitter:label1\" content=\"Gesch\u00e4tzte Lesezeit\" \/>\n\t<meta name=\"twitter:data1\" content=\"2\u00a0Minute\" \/>\n<script type=\"application\/ld+json\" class=\"yoast-schema-graph\">{\"@context\":\"https:\\\/\\\/schema.org\",\"@graph\":[{\"@type\":\"WebPage\",\"@id\":\"https:\\\/\\\/laguiole.com\\\/de\\\/produit\\\/laguiole-aubrac-messer-1-stuck-12cm-griff-geweihgehrungen-aus-geburstetem-edelstahl-doppelplatten-und-federguillochierung-geburstet-copie\\\/\",\"url\":\"https:\\\/\\\/laguiole.com\\\/de\\\/produit\\\/laguiole-aubrac-messer-1-stuck-12cm-griff-geweihgehrungen-aus-geburstetem-edelstahl-doppelplatten-und-federguillochierung-geburstet-copie\\\/\",\"name\":\"Laguiole-Damaskusgeweihmesser \u2013 Doppelplatten\",\"isPartOf\":{\"@id\":\"https:\\\/\\\/laguiole.com\\\/de\\\/#website\"},\"primaryImageOfPage\":{\"@id\":\"https:\\\/\\\/laguiole.com\\\/de\\\/produit\\\/laguiole-aubrac-messer-1-stuck-12cm-griff-geweihgehrungen-aus-geburstetem-edelstahl-doppelplatten-und-federguillochierung-geburstet-copie\\\/#primaryimage\"},\"image\":{\"@id\":\"https:\\\/\\\/laguiole.com\\\/de\\\/produit\\\/laguiole-aubrac-messer-1-stuck-12cm-griff-geweihgehrungen-aus-geburstetem-edelstahl-doppelplatten-und-federguillochierung-geburstet-copie\\\/#primaryimage\"},\"thumbnailUrl\":\"https:\\\/\\\/laguiole.com\\\/wp-content\\\/uploads\\\/2026\\\/03\\\/Couteau_Laguiole_en_Aubrac_Manche_Bois_de_cerf_Double_Platines_et_Ressort_Guilloches_Num_1_00.jpg\",\"datePublished\":\"2026-03-26T12:56:57+00:00\",\"dateModified\":\"2026-04-22T17:19:03+00:00\",\"description\":\"Laguiole-Geweihmesser mit Damastklinge, doppelten Guilloch\u00e9-Platten und geb\u00fcrsteten Edelstahloberfl\u00e4chen. Handgefertigtes hochwertiges Aubrac-St\u00fcck.\",\"breadcrumb\":{\"@id\":\"https:\\\/\\\/laguiole.com\\\/de\\\/produit\\\/laguiole-aubrac-messer-1-stuck-12cm-griff-geweihgehrungen-aus-geburstetem-edelstahl-doppelplatten-und-federguillochierung-geburstet-copie\\\/#breadcrumb\"},\"inLanguage\":\"de\",\"potentialAction\":[{\"@type\":\"ReadAction\",\"target\":[\"https:\\\/\\\/laguiole.com\\\/de\\\/produit\\\/laguiole-aubrac-messer-1-stuck-12cm-griff-geweihgehrungen-aus-geburstetem-edelstahl-doppelplatten-und-federguillochierung-geburstet-copie\\\/\"]}]},{\"@type\":\"ImageObject\",\"inLanguage\":\"de\",\"@id\":\"https:\\\/\\\/laguiole.com\\\/de\\\/produit\\\/laguiole-aubrac-messer-1-stuck-12cm-griff-geweihgehrungen-aus-geburstetem-edelstahl-doppelplatten-und-federguillochierung-geburstet-copie\\\/#primaryimage\",\"url\":\"https:\\\/\\\/laguiole.com\\\/wp-content\\\/uploads\\\/2026\\\/03\\\/Couteau_Laguiole_en_Aubrac_Manche_Bois_de_cerf_Double_Platines_et_Ressort_Guilloches_Num_1_00.jpg\",\"contentUrl\":\"https:\\\/\\\/laguiole.com\\\/wp-content\\\/uploads\\\/2026\\\/03\\\/Couteau_Laguiole_en_Aubrac_Manche_Bois_de_cerf_Double_Platines_et_Ressort_Guilloches_Num_1_00.jpg\",\"width\":1033,\"height\":1033,\"caption\":\"Laguiole Aubrac Messer 1 St\u00fcck 12 cm Griff Geweih Gehungen Gehrung Geb\u00fcrstete Edelstahl Doppel-Guilloch\u00e9 Platten und Federb\u00fcrste-Finish Nr. 1\"},{\"@type\":\"BreadcrumbList\",\"@id\":\"https:\\\/\\\/laguiole.com\\\/de\\\/produit\\\/laguiole-aubrac-messer-1-stuck-12cm-griff-geweihgehrungen-aus-geburstetem-edelstahl-doppelplatten-und-federguillochierung-geburstet-copie\\\/#breadcrumb\",\"itemListElement\":[{\"@type\":\"ListItem\",\"position\":1,\"name\":\"Accueil\",\"item\":\"https:\\\/\\\/laguiole.com\\\/de\\\/\"},{\"@type\":\"ListItem\",\"position\":2,\"name\":\"Shop\",\"item\":\"https:\\\/\\\/laguiole.com\\\/de\\\/shop-2\\\/\"},{\"@type\":\"ListItem\",\"position\":3,\"name\":\"Laguiole Aubrac Messer 1 St\u00fcck 12 cm Griff Geweih Gehungen Gehrung Geb\u00fcrstete Edelstahl Doppel-Guilloch\u00e9 Platten und Federb\u00fcrste-Finish Nr. 1\"}]},{\"@type\":\"WebSite\",\"@id\":\"https:\\\/\\\/laguiole.com\\\/de\\\/#website\",\"url\":\"https:\\\/\\\/laguiole.com\\\/de\\\/\",\"name\":\"Laguiole.com\",\"description\":\"Laguiole - Couteau laguiole, Chateau Laguiole, Laguiole en Aubrac, Forge de Laguiole\",\"publisher\":{\"@id\":\"https:\\\/\\\/laguiole.com\\\/de\\\/#organization\"},\"potentialAction\":[{\"@type\":\"SearchAction\",\"target\":{\"@type\":\"EntryPoint\",\"urlTemplate\":\"https:\\\/\\\/laguiole.com\\\/de\\\/?s={search_term_string}\"},\"query-input\":{\"@type\":\"PropertyValueSpecification\",\"valueRequired\":true,\"valueName\":\"search_term_string\"}}],\"inLanguage\":\"de\"},{\"@type\":\"Organization\",\"@id\":\"https:\\\/\\\/laguiole.com\\\/de\\\/#organization\",\"name\":\"Laguiole.com\",\"url\":\"https:\\\/\\\/laguiole.com\\\/de\\\/\",\"logo\":{\"@type\":\"ImageObject\",\"inLanguage\":\"de\",\"@id\":\"https:\\\/\\\/laguiole.com\\\/de\\\/#\\\/schema\\\/logo\\\/image\\\/\",\"url\":\"https:\\\/\\\/laguiole.com\\\/wp-content\\\/uploads\\\/2021\\\/02\\\/logo_laguiole.com-horizontal.jpg\",\"contentUrl\":\"https:\\\/\\\/laguiole.com\\\/wp-content\\\/uploads\\\/2021\\\/02\\\/logo_laguiole.com-horizontal.jpg\",\"width\":490,\"height\":156,\"caption\":\"Laguiole.com\"},\"image\":{\"@id\":\"https:\\\/\\\/laguiole.com\\\/de\\\/#\\\/schema\\\/logo\\\/image\\\/\"},\"sameAs\":[\"https:\\\/\\\/www.facebook.com\\\/laguiolecom\\\/\",\"https:\\\/\\\/www.instagram.com\\\/laguiolecom\\\/\",\"https:\\\/\\\/www.youtube.com\\\/@laguiolecom\\\/videos\"]}]}<\/script>\n<!-- \/ Yoast SEO plugin. -->","yoast_head_json":{"title":"Laguiole-Damaskusgeweihmesser \u2013 Doppelplatten","description":"Laguiole-Geweihmesser mit Damastklinge, doppelten Guilloch\u00e9-Platten und geb\u00fcrsteten Edelstahloberfl\u00e4chen. Handgefertigtes hochwertiges Aubrac-St\u00fcck.","robots":{"index":"index","follow":"follow","max-snippet":"max-snippet:-1","max-image-preview":"max-image-preview:large","max-video-preview":"max-video-preview:-1"},"canonical":"https:\/\/laguiole.com\/de\/produit\/laguiole-aubrac-messer-1-stuck-12cm-griff-geweihgehrungen-aus-geburstetem-edelstahl-doppelplatten-und-federguillochierung-geburstet-copie\/","og_locale":"de_DE","og_type":"article","og_title":"Laguiole-Damaskusgeweihmesser \u2013 Doppelplatten","og_description":"Laguiole-Geweihmesser mit Damastklinge, doppelten Guilloch\u00e9-Platten und geb\u00fcrsteten Edelstahloberfl\u00e4chen. Handgefertigtes hochwertiges Aubrac-St\u00fcck.","og_url":"https:\/\/laguiole.com\/de\/produit\/laguiole-aubrac-messer-1-stuck-12cm-griff-geweihgehrungen-aus-geburstetem-edelstahl-doppelplatten-und-federguillochierung-geburstet-copie\/","og_site_name":"Laguiole.com \u00ae","article_publisher":"https:\/\/www.facebook.com\/laguiolecom\/","article_modified_time":"2026-04-22T17:19:03+00:00","og_image":[{"width":1033,"height":1033,"url":"https:\/\/laguiole.com\/wp-content\/uploads\/2026\/03\/Couteau_Laguiole_en_Aubrac_Manche_Bois_de_cerf_Double_Platines_et_Ressort_Guilloches_Num_1_00.jpg","type":"image\/jpeg"}],"twitter_card":"summary_large_image","twitter_misc":{"Gesch\u00e4tzte Lesezeit":"2\u00a0Minute"},"schema":{"@context":"https:\/\/schema.org","@graph":[{"@type":"WebPage","@id":"https:\/\/laguiole.com\/de\/produit\/laguiole-aubrac-messer-1-stuck-12cm-griff-geweihgehrungen-aus-geburstetem-edelstahl-doppelplatten-und-federguillochierung-geburstet-copie\/","url":"https:\/\/laguiole.com\/de\/produit\/laguiole-aubrac-messer-1-stuck-12cm-griff-geweihgehrungen-aus-geburstetem-edelstahl-doppelplatten-und-federguillochierung-geburstet-copie\/","name":"Laguiole-Damaskusgeweihmesser \u2013 Doppelplatten","isPartOf":{"@id":"https:\/\/laguiole.com\/de\/#website"},"primaryImageOfPage":{"@id":"https:\/\/laguiole.com\/de\/produit\/laguiole-aubrac-messer-1-stuck-12cm-griff-geweihgehrungen-aus-geburstetem-edelstahl-doppelplatten-und-federguillochierung-geburstet-copie\/#primaryimage"},"image":{"@id":"https:\/\/laguiole.com\/de\/produit\/laguiole-aubrac-messer-1-stuck-12cm-griff-geweihgehrungen-aus-geburstetem-edelstahl-doppelplatten-und-federguillochierung-geburstet-copie\/#primaryimage"},"thumbnailUrl":"https:\/\/laguiole.com\/wp-content\/uploads\/2026\/03\/Couteau_Laguiole_en_Aubrac_Manche_Bois_de_cerf_Double_Platines_et_Ressort_Guilloches_Num_1_00.jpg","datePublished":"2026-03-26T12:56:57+00:00","dateModified":"2026-04-22T17:19:03+00:00","description":"Laguiole-Geweihmesser mit Damastklinge, doppelten Guilloch\u00e9-Platten und geb\u00fcrsteten Edelstahloberfl\u00e4chen. Handgefertigtes hochwertiges Aubrac-St\u00fcck.","breadcrumb":{"@id":"https:\/\/laguiole.com\/de\/produit\/laguiole-aubrac-messer-1-stuck-12cm-griff-geweihgehrungen-aus-geburstetem-edelstahl-doppelplatten-und-federguillochierung-geburstet-copie\/#breadcrumb"},"inLanguage":"de","potentialAction":[{"@type":"ReadAction","target":["https:\/\/laguiole.com\/de\/produit\/laguiole-aubrac-messer-1-stuck-12cm-griff-geweihgehrungen-aus-geburstetem-edelstahl-doppelplatten-und-federguillochierung-geburstet-copie\/"]}]},{"@type":"ImageObject","inLanguage":"de","@id":"https:\/\/laguiole.com\/de\/produit\/laguiole-aubrac-messer-1-stuck-12cm-griff-geweihgehrungen-aus-geburstetem-edelstahl-doppelplatten-und-federguillochierung-geburstet-copie\/#primaryimage","url":"https:\/\/laguiole.com\/wp-content\/uploads\/2026\/03\/Couteau_Laguiole_en_Aubrac_Manche_Bois_de_cerf_Double_Platines_et_Ressort_Guilloches_Num_1_00.jpg","contentUrl":"https:\/\/laguiole.com\/wp-content\/uploads\/2026\/03\/Couteau_Laguiole_en_Aubrac_Manche_Bois_de_cerf_Double_Platines_et_Ressort_Guilloches_Num_1_00.jpg","width":1033,"height":1033,"caption":"Laguiole Aubrac Messer 1 St\u00fcck 12 cm Griff Geweih Gehungen Gehrung Geb\u00fcrstete Edelstahl Doppel-Guilloch\u00e9 Platten und Federb\u00fcrste-Finish Nr. 1"},{"@type":"BreadcrumbList","@id":"https:\/\/laguiole.com\/de\/produit\/laguiole-aubrac-messer-1-stuck-12cm-griff-geweihgehrungen-aus-geburstetem-edelstahl-doppelplatten-und-federguillochierung-geburstet-copie\/#breadcrumb","itemListElement":[{"@type":"ListItem","position":1,"name":"Accueil","item":"https:\/\/laguiole.com\/de\/"},{"@type":"ListItem","position":2,"name":"Shop","item":"https:\/\/laguiole.com\/de\/shop-2\/"},{"@type":"ListItem","position":3,"name":"Laguiole Aubrac Messer 1 St\u00fcck 12 cm Griff Geweih Gehungen Gehrung Geb\u00fcrstete Edelstahl Doppel-Guilloch\u00e9 Platten und Federb\u00fcrste-Finish Nr. 1"}]},{"@type":"WebSite","@id":"https:\/\/laguiole.com\/de\/#website","url":"https:\/\/laguiole.com\/de\/","name":"Laguiole.com","description":"Laguiole - Couteau laguiole, Chateau Laguiole, Laguiole en Aubrac, Forge de Laguiole","publisher":{"@id":"https:\/\/laguiole.com\/de\/#organization"},"potentialAction":[{"@type":"SearchAction","target":{"@type":"EntryPoint","urlTemplate":"https:\/\/laguiole.com\/de\/?s={search_term_string}"},"query-input":{"@type":"PropertyValueSpecification","valueRequired":true,"valueName":"search_term_string"}}],"inLanguage":"de"},{"@type":"Organization","@id":"https:\/\/laguiole.com\/de\/#organization","name":"Laguiole.com","url":"https:\/\/laguiole.com\/de\/","logo":{"@type":"ImageObject","inLanguage":"de","@id":"https:\/\/laguiole.com\/de\/#\/schema\/logo\/image\/","url":"https:\/\/laguiole.com\/wp-content\/uploads\/2021\/02\/logo_laguiole.com-horizontal.jpg","contentUrl":"https:\/\/laguiole.com\/wp-content\/uploads\/2021\/02\/logo_laguiole.com-horizontal.jpg","width":490,"height":156,"caption":"Laguiole.com"},"image":{"@id":"https:\/\/laguiole.com\/de\/#\/schema\/logo\/image\/"},"sameAs":["https:\/\/www.facebook.com\/laguiolecom\/","https:\/\/www.instagram.com\/laguiolecom\/","https:\/\/www.youtube.com\/@laguiolecom\/videos"]}]}},"_links":{"self":[{"href":"https:\/\/laguiole.com\/de\/wp-json\/wp\/v2\/product\/52057","targetHints":{"allow":["GET"]}}],"collection":[{"href":"https:\/\/laguiole.com\/de\/wp-json\/wp\/v2\/product"}],"about":[{"href":"https:\/\/laguiole.com\/de\/wp-json\/wp\/v2\/types\/product"}],"version-history":[{"count":1,"href":"https:\/\/laguiole.com\/de\/wp-json\/wp\/v2\/product\/52057\/revisions"}],"predecessor-version":[{"id":53094,"href":"https:\/\/laguiole.com\/de\/wp-json\/wp\/v2\/product\/52057\/revisions\/53094"}],"wp:featuredmedia":[{"embeddable":true,"href":"https:\/\/laguiole.com\/de\/wp-json\/wp\/v2\/media\/52206"}],"wp:attachment":[{"href":"https:\/\/laguiole.com\/de\/wp-json\/wp\/v2\/media?parent=52057"}],"wp:term":[{"taxonomy":"product_brand","embeddable":true,"href":"https:\/\/laguiole.com\/de\/wp-json\/wp\/v2\/product_brand?post=52057"},{"taxonomy":"product_cat","embeddable":true,"href":"https:\/\/laguiole.com\/de\/wp-json\/wp\/v2\/product_cat?post=52057"},{"taxonomy":"product_tag","embeddable":true,"href":"https:\/\/laguiole.com\/de\/wp-json\/wp\/v2\/product_tag?post=52057"}],"curies":[{"name":"wp","href":"https:\/\/api.w.org\/{rel}","templated":true}]}}