{"id":52014,"date":"2026-03-26T13:04:40","date_gmt":"2026-03-26T12:04:40","guid":{"rendered":"https:\/\/laguiole.com\/?post_type=product&#038;p=52014"},"modified":"2026-05-13T19:15:04","modified_gmt":"2026-05-13T17:15:04","slug":"laguiole-aubrac-messer-1-stuck-12cm-doppelplatten-und-feder-guillochiert-von-hand-rams-crust-griff-2-gehammerte-kropfe-glanzende-damastklinge-aus-edelstahl","status":"publish","type":"product","link":"https:\/\/laguiole.com\/de\/produit\/laguiole-aubrac-messer-1-stuck-12cm-doppelplatten-und-feder-guillochiert-von-hand-rams-crust-griff-2-gehammerte-kropfe-glanzende-damastklinge-aus-edelstahl\/","title":{"rendered":"Laguiole Aubrac-Messer 1 St\u00fcck 12 cm Doppelplatten und Feder-Guilloch\u00e9 von Hand Ram&#8217;s Crust-Griff 2 gl\u00e4nzende Edelstahl-Gehrungs Damaskusklinge Nr. 2"},"content":{"rendered":"<h2 data-section-id=\"1ym58pm\" data-start=\"105\" data-end=\"195\"><span role=\"text\"><strong data-start=\"108\" data-end=\"195\">Laguiole-Messer in Aubrac 12 cm in Widderkruste \u2013 Au\u00dfergew\u00f6hnliches handgefertigtes St\u00fcck<\/strong><\/span><\/h2>\n<p data-start=\"197\" data-end=\"502\">Dieses <strong data-start=\"200\" data-end=\"259\">12 cm lange Laguiole-Messer in Aubrac in Widderkruste<\/strong> verk\u00f6rpert voll und ganz die Exzellenz franz\u00f6sischer handwerklicher Besteckkunst.<br data-start=\"331\" data-end=\"334\" \/>Es vereint mit Genauigkeit die <strong data-start=\"364\" data-end=\"390\">Noblesse der Materialien<\/strong>, eine markante rustikale \u00c4sthetik und <strong data-start=\"432\" data-end=\"459\">hochwertige Oberfl\u00e4chen,<\/strong> um ein einzigartiges St\u00fcck zu schaffen.<\/p>\n<h2 data-section-id=\"5vg2du\" data-start=\"496\" data-end=\"559\"><span role=\"text\"><strong data-start=\"499\" data-end=\"559\">Ein Griff aus Widderkruste, einem rohen und sublimierten Material<\/strong><\/span><\/h2>\n<p data-start=\"561\" data-end=\"807\">Der Messschneider w\u00e4hlt <strong data-start=\"603\" data-end=\"623\">sorgf\u00e4ltig die Kruste des Widders<\/strong> aus, um diesen Griff mit einem einzigartigen Charakter zu formen.<br data-start=\"671\" data-end=\"674\" \/>Seine <strong data-start=\"685\" data-end=\"721\">unregelm\u00e4\u00dfige, gerippte und lebendige<\/strong> Oberfl\u00e4che offenbart eine seltene nat\u00fcrliche Sch\u00f6nheit, die f\u00fcr ihr rohes und authentisches Aussehen sehr gesch\u00e4tzt wird.<\/p>\n<p data-start=\"809\" data-end=\"1063\">So verleiht dieses Material dem Messer eine <strong data-start=\"853\" data-end=\"887\">rustikale und kraftvolle Pr\u00e4senz<\/strong>, w\u00e4hrend es dennoch elegant bleibt.<br data-start=\"914\" data-end=\"917\" \/>Es wird <strong data-start=\"930\" data-end=\"975\">hier von zwei gl\u00e4nzenden Edelstahlbolstern gesublimiert<\/strong>, die Licht und Kontrast erzeugen und die gesamte F\u00fclle des Materials hervorheben.<\/p>\n<p data-start=\"1065\" data-end=\"1346\">Im Gegensatz zu einigen traditionellen Modellen zeigt dieses Messer auf der linken Seite kein Hirtenkreuz.<br data-start=\"1178\" data-end=\"1181\" \/>Stattdessen befinden sich <strong data-start=\"1204\" data-end=\"1254\">drei Nieten am geteilten Teil des Widders<\/strong>, die zum \u00e4sthetischen Gleichgewicht beitragen und den handwerklichen Charakter des Werks verst\u00e4rken.<\/p>\n<p data-start=\"1348\" data-end=\"1445\">Dar\u00fcber hinaus entwickelt sich das Material im Laufe der Zeit weiter und entwickelt eine einzigartige Patina, die seine Identit\u00e4t verst\u00e4rkt.<\/p>\n<h2 data-section-id=\"1ydc0zg\" data-start=\"1000\" data-end=\"1069\"><span role=\"text\"><strong data-start=\"1003\" data-end=\"1069\">Doppelplatten und volles Guilloch\u00e9: ein Kunstwerk<\/strong><\/span><\/h2>\n<p data-start=\"1071\" data-end=\"1342\">Der Messer stellt eine <strong data-start=\"1095\" data-end=\"1113\">doppelte Platte<\/strong> an, die oben und unten am Messer angebracht ist und das St\u00fcck perfekt strukturiert.<br data-start=\"1197\" data-end=\"1200\" \/>Die <strong data-start=\"1204\" data-end=\"1251\">Platten und die Federn aus gl\u00e4nzendem Edelstahl<\/strong>, vollst\u00e4ndig <strong data-start=\"1265\" data-end=\"1289\">von Hand guillociert<\/strong>, zeugen von bemerkenswerter Handwerkskunst.<\/p>\n<p data-start=\"1344\" data-end=\"1505\">Jedes Motiv f\u00e4ngt das Licht ein und betont die Pr\u00e4zision der Geste.<br data-start=\"1408\" data-end=\"1411\" \/>So unterstreicht diese sorgf\u00e4ltige Arbeit die Eleganz und hochwertige Positionierung des Messers.<\/p>\n<h2 data-section-id=\"gwehe7\" data-start=\"1507\" data-end=\"1555\"><span role=\"text\"><strong data-start=\"1510\" data-end=\"1555\">Eine Fliege, geschmiedet und mit Finesse gemei\u00dfelt<\/strong><\/span><\/h2>\n<p data-start=\"1557\" data-end=\"1751\">Die <strong data-start=\"1560\" data-end=\"1577\">geschmiedete Fliege,<\/strong> dann <strong data-start=\"1584\" data-end=\"1604\">fein gemei\u00dfelt<\/strong>, ist Teil der Str\u00f6mung der Feder.<br data-start=\"1646\" data-end=\"1649\" \/>Er verleiht eine starke \u00e4sthetische Signatur, w\u00e4hrend gleichzeitig das Gleichgewicht und die Harmonie des Raumes erhalten bleibt.<\/p>\n<h2 data-section-id=\"15j5047\" data-start=\"1753\" data-end=\"1810\"><span role=\"text\"><strong data-start=\"1756\" data-end=\"1810\">Eine Damastklinge: Leistung und \u00c4sthetik vereint<\/strong><\/span><\/h2>\n<p data-start=\"1812\" data-end=\"1958\">Der Messermacher schmiedet die <strong data-start=\"1834\" data-end=\"1848\">Damastklinge<\/strong> aus mehreren Stahlschichten.<br data-start=\"1887\" data-end=\"1890\" \/>Es zeigt ein <strong data-start=\"1909\" data-end=\"1932\">einzigartiges, welliges Muster<\/strong>, das f\u00fcr jedes Messer einzigartig ist.<\/p>\n<p data-start=\"1960\" data-end=\"2088\">Dank dieser Technik bietet die Klinge <strong data-start=\"2003\" data-end=\"2034\">eine ausgezeichnete Schneidqualit\u00e4t<\/strong>, hohen Widerstand und eine herausragende \u00c4sthetik.<\/p>\n<h2 data-section-id=\"1ozf9hl\" data-start=\"2090\" data-end=\"2155\"><span role=\"text\"><strong data-start=\"2093\" data-end=\"2155\">Eine au\u00dfergew\u00f6hnliche Laguiole f\u00fcr Enthusiasten und Sammler<\/strong><\/span><\/h2>\n<p data-start=\"2157\" data-end=\"2361\">Dieses Messer richtet sich an <strong data-start=\"2182\" data-end=\"2211\">anspruchsvolle Sammler<\/strong> und Liebhaber von Kunstbesteck.<br data-start=\"2249\" data-end=\"2252\" \/>Er verf\u00fchrt mit seinem Charakter, aber auch mit dem Gleichgewicht zwischen <strong data-start=\"2314\" data-end=\"2360\">Tradition, Rustizit\u00e4t und handwerklicher Finesse<\/strong>.<\/p>\n<p data-start=\"2363\" data-end=\"2464\">So tr\u00e4gt jedes Detail dazu bei, einen <strong data-start=\"2412\" data-end=\"2463\">kraftvollen, eleganten und zutiefst authentischen<\/strong> Raum zu schaffen.<\/p>\n<hr data-start=\"2466\" data-end=\"2469\" \/>\n<p data-start=\"2471\" data-end=\"2574\">\ud83d\udc49 <strong data-start=\"2474\" data-end=\"2574\">Eine einzigartige Laguiole in Aubrac, wo die B\u00f6derkruste die ganze St\u00e4rke handwerklicher Arbeit offenbart.<\/strong><\/p>\n","protected":false},"excerpt":{"rendered":"<p>Laguiole-Messer aus Aubrac 1 St\u00fcck Ram&#8217;s<br \/>\nCrust-Griff Doppelte Guilloch\u00e9 Platten aus gl\u00e4nzender<br \/>\nEdelstahl-Hand Guilloch\u00e9 Feder in der Hand Gl\u00e4nzender<br \/>\nEdelstahl 2 gl\u00e4nzende Edelstahl-Bolster<br \/>\nDamascus<br \/>\nFliegenklinge geschmiedet und gemei\u00dfelt aus gl\u00e4nzendem<\/p>\n<p>Edelstahl L\u00e4nge des Messers geschlossen: 12 cm<br \/>\nL\u00e4nge der Klinge: 10 cm<br \/>\nL\u00e4nge des Messers offen: 22 cm<\/p>\n<p data-start=\"722\" data-end=\"862\">\n","protected":false},"featured_media":52147,"template":"","meta":{"_acf_changed":false,"_monsterinsights_skip_tracking":false,"_monsterinsights_sitenote_active":false,"_monsterinsights_sitenote_note":"","_monsterinsights_sitenote_category":0},"product_brand":[],"product_cat":[5943,5938,5939],"product_tag":[],"class_list":{"0":"post-52014","1":"product","2":"type-product","3":"status-publish","4":"has-post-thumbnail","6":"product_cat-laguiole-prestiges-messer","7":"product_cat-klappmesser","8":"product_cat-laguiole-klappmesser","9":"pa_composition-couteau-1-stueck-nur-klinge","10":"pa_finition-brillant","11":"pa_lame-damaskus","12":"pa_manche-en-matiere-animale-widderkruste","13":"pa_marque-laguiole-en-aubracfr","14":"pa_mitres-2-gehrungen","15":"pa_mitres-glaenzender-edelstahl","16":"pa_mouche-geschmiedet","17":"pa_platines-doppel-drehteller","18":"pa_platines-guilloche-muster","19":"pa_ressort-guilloche","20":"pa_taille-du-manche-12-cm","21":"tm-no-options","24":"instock","25":"taxable","26":"shipping-taxable","27":"purchasable","28":"product-type-simple"},"supplier_id":null,"supplier_sku":"","barcode":null,"atum_controlled":true,"out_stock_date":null,"out_stock_threshold":null,"inheritable":false,"inbound_stock":0,"stock_on_hold":0,"sold_today":0,"sales_last_days":0,"reserved_stock":0,"customer_returns":0,"warehouse_damage":0,"lost_in_post":0,"other_logs":0,"out_stock_days":0,"lost_sales":0,"has_location":false,"update_date":"2026-05-14T01:04:24","atum_locations":[],"atum_stock_status":"instock","restock_status":false,"low_stock_amount":"","sales_update_date":"2026-05-14T01:04:24","calc_backorders":0,"acf":[],"yoast_head":"<!-- This site is optimized with the Yoast SEO plugin v27.6 - https:\/\/yoast.com\/product\/yoast-seo-wordpress\/ -->\n<title>Laguiole-Aubrac-Damaskus-Widder-Krustenmesser \u2013 Doppelte Platten<\/title>\n<meta name=\"description\" content=\"Laguiole Aubrac 12 cm Messer in Widderkruste mit Damastklinge, Doppelplatten und handgefertigter Guilloch\u00e9-Feder. Hochwertiges St\u00fcck.\" \/>\n<meta name=\"robots\" content=\"index, follow, max-snippet:-1, max-image-preview:large, max-video-preview:-1\" \/>\n<link rel=\"canonical\" href=\"https:\/\/laguiole.com\/de\/produit\/laguiole-aubrac-messer-1-stuck-12cm-doppelplatten-und-feder-guillochiert-von-hand-rams-crust-griff-2-gehammerte-kropfe-glanzende-damastklinge-aus-edelstahl\/\" \/>\n<meta property=\"og:locale\" content=\"de_DE\" \/>\n<meta property=\"og:type\" content=\"article\" \/>\n<meta property=\"og:title\" content=\"Laguiole-Aubrac-Damaskus-Widder-Krustenmesser \u2013 Doppelte Platten\" \/>\n<meta property=\"og:description\" content=\"Laguiole Aubrac 12 cm Messer in Widderkruste mit Damastklinge, Doppelplatten und handgefertigter Guilloch\u00e9-Feder. Hochwertiges St\u00fcck.\" \/>\n<meta property=\"og:url\" content=\"https:\/\/laguiole.com\/de\/produit\/laguiole-aubrac-messer-1-stuck-12cm-doppelplatten-und-feder-guillochiert-von-hand-rams-crust-griff-2-gehammerte-kropfe-glanzende-damastklinge-aus-edelstahl\/\" \/>\n<meta property=\"og:site_name\" content=\"Laguiole.com \u00ae\" \/>\n<meta property=\"article:publisher\" content=\"https:\/\/www.facebook.com\/laguiolecom\/\" \/>\n<meta property=\"article:modified_time\" content=\"2026-05-13T17:15:04+00:00\" \/>\n<meta property=\"og:image\" content=\"https:\/\/laguiole.com\/wp-content\/uploads\/2026\/03\/Couteau_Laguiole_en_Aubrac_Double_Platines_et_Ressort_Guilloches_Manche_Croute_de_Belier_Lame_Damas_Num_2_00.jpg\" \/>\n\t<meta property=\"og:image:width\" content=\"1033\" \/>\n\t<meta property=\"og:image:height\" content=\"1033\" \/>\n\t<meta property=\"og:image:type\" content=\"image\/jpeg\" \/>\n<meta name=\"twitter:card\" content=\"summary_large_image\" \/>\n<meta name=\"twitter:label1\" content=\"Gesch\u00e4tzte Lesezeit\" \/>\n\t<meta name=\"twitter:data1\" content=\"3\u00a0Minute\" \/>\n<script type=\"application\/ld+json\" class=\"yoast-schema-graph\">{\"@context\":\"https:\\\/\\\/schema.org\",\"@graph\":[{\"@type\":\"WebPage\",\"@id\":\"https:\\\/\\\/laguiole.com\\\/de\\\/produit\\\/laguiole-aubrac-messer-1-stuck-12cm-doppelplatten-und-feder-guillochiert-von-hand-rams-crust-griff-2-gehammerte-kropfe-glanzende-damastklinge-aus-edelstahl\\\/\",\"url\":\"https:\\\/\\\/laguiole.com\\\/de\\\/produit\\\/laguiole-aubrac-messer-1-stuck-12cm-doppelplatten-und-feder-guillochiert-von-hand-rams-crust-griff-2-gehammerte-kropfe-glanzende-damastklinge-aus-edelstahl\\\/\",\"name\":\"Laguiole-Aubrac-Damaskus-Widder-Krustenmesser \u2013 Doppelte Platten\",\"isPartOf\":{\"@id\":\"https:\\\/\\\/laguiole.com\\\/de\\\/#website\"},\"primaryImageOfPage\":{\"@id\":\"https:\\\/\\\/laguiole.com\\\/de\\\/produit\\\/laguiole-aubrac-messer-1-stuck-12cm-doppelplatten-und-feder-guillochiert-von-hand-rams-crust-griff-2-gehammerte-kropfe-glanzende-damastklinge-aus-edelstahl\\\/#primaryimage\"},\"image\":{\"@id\":\"https:\\\/\\\/laguiole.com\\\/de\\\/produit\\\/laguiole-aubrac-messer-1-stuck-12cm-doppelplatten-und-feder-guillochiert-von-hand-rams-crust-griff-2-gehammerte-kropfe-glanzende-damastklinge-aus-edelstahl\\\/#primaryimage\"},\"thumbnailUrl\":\"https:\\\/\\\/laguiole.com\\\/wp-content\\\/uploads\\\/2026\\\/03\\\/Couteau_Laguiole_en_Aubrac_Double_Platines_et_Ressort_Guilloches_Manche_Croute_de_Belier_Lame_Damas_Num_2_00.jpg\",\"datePublished\":\"2026-03-26T12:04:40+00:00\",\"dateModified\":\"2026-05-13T17:15:04+00:00\",\"description\":\"Laguiole Aubrac 12 cm Messer in Widderkruste mit Damastklinge, Doppelplatten und handgefertigter Guilloch\u00e9-Feder. Hochwertiges St\u00fcck.\",\"breadcrumb\":{\"@id\":\"https:\\\/\\\/laguiole.com\\\/de\\\/produit\\\/laguiole-aubrac-messer-1-stuck-12cm-doppelplatten-und-feder-guillochiert-von-hand-rams-crust-griff-2-gehammerte-kropfe-glanzende-damastklinge-aus-edelstahl\\\/#breadcrumb\"},\"inLanguage\":\"de\",\"potentialAction\":[{\"@type\":\"ReadAction\",\"target\":[\"https:\\\/\\\/laguiole.com\\\/de\\\/produit\\\/laguiole-aubrac-messer-1-stuck-12cm-doppelplatten-und-feder-guillochiert-von-hand-rams-crust-griff-2-gehammerte-kropfe-glanzende-damastklinge-aus-edelstahl\\\/\"]}]},{\"@type\":\"ImageObject\",\"inLanguage\":\"de\",\"@id\":\"https:\\\/\\\/laguiole.com\\\/de\\\/produit\\\/laguiole-aubrac-messer-1-stuck-12cm-doppelplatten-und-feder-guillochiert-von-hand-rams-crust-griff-2-gehammerte-kropfe-glanzende-damastklinge-aus-edelstahl\\\/#primaryimage\",\"url\":\"https:\\\/\\\/laguiole.com\\\/wp-content\\\/uploads\\\/2026\\\/03\\\/Couteau_Laguiole_en_Aubrac_Double_Platines_et_Ressort_Guilloches_Manche_Croute_de_Belier_Lame_Damas_Num_2_00.jpg\",\"contentUrl\":\"https:\\\/\\\/laguiole.com\\\/wp-content\\\/uploads\\\/2026\\\/03\\\/Couteau_Laguiole_en_Aubrac_Double_Platines_et_Ressort_Guilloches_Manche_Croute_de_Belier_Lame_Damas_Num_2_00.jpg\",\"width\":1033,\"height\":1033,\"caption\":\"Laguiole Aubrac-Messer 1 St\u00fcck 12 cm Doppelplatten und Feder-Guilloch\u00e9 von Hand Ram's Crust-Griff 2 gl\u00e4nzende Edelstahl-Gehrungs Damaskusklinge Nr. 2\"},{\"@type\":\"BreadcrumbList\",\"@id\":\"https:\\\/\\\/laguiole.com\\\/de\\\/produit\\\/laguiole-aubrac-messer-1-stuck-12cm-doppelplatten-und-feder-guillochiert-von-hand-rams-crust-griff-2-gehammerte-kropfe-glanzende-damastklinge-aus-edelstahl\\\/#breadcrumb\",\"itemListElement\":[{\"@type\":\"ListItem\",\"position\":1,\"name\":\"Accueil\",\"item\":\"https:\\\/\\\/laguiole.com\\\/de\\\/\"},{\"@type\":\"ListItem\",\"position\":2,\"name\":\"Shop\",\"item\":\"https:\\\/\\\/laguiole.com\\\/de\\\/shop-2\\\/\"},{\"@type\":\"ListItem\",\"position\":3,\"name\":\"Laguiole Aubrac-Messer 1 St\u00fcck 12 cm Doppelplatten und Feder-Guilloch\u00e9 von Hand Ram&#8217;s Crust-Griff 2 gl\u00e4nzende Edelstahl-Gehrungs Damaskusklinge Nr. 2\"}]},{\"@type\":\"WebSite\",\"@id\":\"https:\\\/\\\/laguiole.com\\\/de\\\/#website\",\"url\":\"https:\\\/\\\/laguiole.com\\\/de\\\/\",\"name\":\"Laguiole.com\",\"description\":\"Laguiole - Couteau laguiole, Chateau Laguiole, Laguiole en Aubrac, Forge de Laguiole\",\"publisher\":{\"@id\":\"https:\\\/\\\/laguiole.com\\\/de\\\/#organization\"},\"potentialAction\":[{\"@type\":\"SearchAction\",\"target\":{\"@type\":\"EntryPoint\",\"urlTemplate\":\"https:\\\/\\\/laguiole.com\\\/de\\\/?s={search_term_string}\"},\"query-input\":{\"@type\":\"PropertyValueSpecification\",\"valueRequired\":true,\"valueName\":\"search_term_string\"}}],\"inLanguage\":\"de\"},{\"@type\":\"Organization\",\"@id\":\"https:\\\/\\\/laguiole.com\\\/de\\\/#organization\",\"name\":\"Laguiole.com\",\"url\":\"https:\\\/\\\/laguiole.com\\\/de\\\/\",\"logo\":{\"@type\":\"ImageObject\",\"inLanguage\":\"de\",\"@id\":\"https:\\\/\\\/laguiole.com\\\/de\\\/#\\\/schema\\\/logo\\\/image\\\/\",\"url\":\"https:\\\/\\\/laguiole.com\\\/wp-content\\\/uploads\\\/2021\\\/02\\\/logo_laguiole.com-horizontal.jpg\",\"contentUrl\":\"https:\\\/\\\/laguiole.com\\\/wp-content\\\/uploads\\\/2021\\\/02\\\/logo_laguiole.com-horizontal.jpg\",\"width\":490,\"height\":156,\"caption\":\"Laguiole.com\"},\"image\":{\"@id\":\"https:\\\/\\\/laguiole.com\\\/de\\\/#\\\/schema\\\/logo\\\/image\\\/\"},\"sameAs\":[\"https:\\\/\\\/www.facebook.com\\\/laguiolecom\\\/\",\"https:\\\/\\\/www.instagram.com\\\/laguiolecom\\\/\",\"https:\\\/\\\/www.youtube.com\\\/@laguiolecom\\\/videos\"]}]}<\/script>\n<!-- \/ Yoast SEO plugin. -->","yoast_head_json":{"title":"Laguiole-Aubrac-Damaskus-Widder-Krustenmesser \u2013 Doppelte Platten","description":"Laguiole Aubrac 12 cm Messer in Widderkruste mit Damastklinge, Doppelplatten und handgefertigter Guilloch\u00e9-Feder. Hochwertiges St\u00fcck.","robots":{"index":"index","follow":"follow","max-snippet":"max-snippet:-1","max-image-preview":"max-image-preview:large","max-video-preview":"max-video-preview:-1"},"canonical":"https:\/\/laguiole.com\/de\/produit\/laguiole-aubrac-messer-1-stuck-12cm-doppelplatten-und-feder-guillochiert-von-hand-rams-crust-griff-2-gehammerte-kropfe-glanzende-damastklinge-aus-edelstahl\/","og_locale":"de_DE","og_type":"article","og_title":"Laguiole-Aubrac-Damaskus-Widder-Krustenmesser \u2013 Doppelte Platten","og_description":"Laguiole Aubrac 12 cm Messer in Widderkruste mit Damastklinge, Doppelplatten und handgefertigter Guilloch\u00e9-Feder. Hochwertiges St\u00fcck.","og_url":"https:\/\/laguiole.com\/de\/produit\/laguiole-aubrac-messer-1-stuck-12cm-doppelplatten-und-feder-guillochiert-von-hand-rams-crust-griff-2-gehammerte-kropfe-glanzende-damastklinge-aus-edelstahl\/","og_site_name":"Laguiole.com \u00ae","article_publisher":"https:\/\/www.facebook.com\/laguiolecom\/","article_modified_time":"2026-05-13T17:15:04+00:00","og_image":[{"width":1033,"height":1033,"url":"https:\/\/laguiole.com\/wp-content\/uploads\/2026\/03\/Couteau_Laguiole_en_Aubrac_Double_Platines_et_Ressort_Guilloches_Manche_Croute_de_Belier_Lame_Damas_Num_2_00.jpg","type":"image\/jpeg"}],"twitter_card":"summary_large_image","twitter_misc":{"Gesch\u00e4tzte Lesezeit":"3\u00a0Minute"},"schema":{"@context":"https:\/\/schema.org","@graph":[{"@type":"WebPage","@id":"https:\/\/laguiole.com\/de\/produit\/laguiole-aubrac-messer-1-stuck-12cm-doppelplatten-und-feder-guillochiert-von-hand-rams-crust-griff-2-gehammerte-kropfe-glanzende-damastklinge-aus-edelstahl\/","url":"https:\/\/laguiole.com\/de\/produit\/laguiole-aubrac-messer-1-stuck-12cm-doppelplatten-und-feder-guillochiert-von-hand-rams-crust-griff-2-gehammerte-kropfe-glanzende-damastklinge-aus-edelstahl\/","name":"Laguiole-Aubrac-Damaskus-Widder-Krustenmesser \u2013 Doppelte Platten","isPartOf":{"@id":"https:\/\/laguiole.com\/de\/#website"},"primaryImageOfPage":{"@id":"https:\/\/laguiole.com\/de\/produit\/laguiole-aubrac-messer-1-stuck-12cm-doppelplatten-und-feder-guillochiert-von-hand-rams-crust-griff-2-gehammerte-kropfe-glanzende-damastklinge-aus-edelstahl\/#primaryimage"},"image":{"@id":"https:\/\/laguiole.com\/de\/produit\/laguiole-aubrac-messer-1-stuck-12cm-doppelplatten-und-feder-guillochiert-von-hand-rams-crust-griff-2-gehammerte-kropfe-glanzende-damastklinge-aus-edelstahl\/#primaryimage"},"thumbnailUrl":"https:\/\/laguiole.com\/wp-content\/uploads\/2026\/03\/Couteau_Laguiole_en_Aubrac_Double_Platines_et_Ressort_Guilloches_Manche_Croute_de_Belier_Lame_Damas_Num_2_00.jpg","datePublished":"2026-03-26T12:04:40+00:00","dateModified":"2026-05-13T17:15:04+00:00","description":"Laguiole Aubrac 12 cm Messer in Widderkruste mit Damastklinge, Doppelplatten und handgefertigter Guilloch\u00e9-Feder. Hochwertiges St\u00fcck.","breadcrumb":{"@id":"https:\/\/laguiole.com\/de\/produit\/laguiole-aubrac-messer-1-stuck-12cm-doppelplatten-und-feder-guillochiert-von-hand-rams-crust-griff-2-gehammerte-kropfe-glanzende-damastklinge-aus-edelstahl\/#breadcrumb"},"inLanguage":"de","potentialAction":[{"@type":"ReadAction","target":["https:\/\/laguiole.com\/de\/produit\/laguiole-aubrac-messer-1-stuck-12cm-doppelplatten-und-feder-guillochiert-von-hand-rams-crust-griff-2-gehammerte-kropfe-glanzende-damastklinge-aus-edelstahl\/"]}]},{"@type":"ImageObject","inLanguage":"de","@id":"https:\/\/laguiole.com\/de\/produit\/laguiole-aubrac-messer-1-stuck-12cm-doppelplatten-und-feder-guillochiert-von-hand-rams-crust-griff-2-gehammerte-kropfe-glanzende-damastklinge-aus-edelstahl\/#primaryimage","url":"https:\/\/laguiole.com\/wp-content\/uploads\/2026\/03\/Couteau_Laguiole_en_Aubrac_Double_Platines_et_Ressort_Guilloches_Manche_Croute_de_Belier_Lame_Damas_Num_2_00.jpg","contentUrl":"https:\/\/laguiole.com\/wp-content\/uploads\/2026\/03\/Couteau_Laguiole_en_Aubrac_Double_Platines_et_Ressort_Guilloches_Manche_Croute_de_Belier_Lame_Damas_Num_2_00.jpg","width":1033,"height":1033,"caption":"Laguiole Aubrac-Messer 1 St\u00fcck 12 cm Doppelplatten und Feder-Guilloch\u00e9 von Hand Ram's Crust-Griff 2 gl\u00e4nzende Edelstahl-Gehrungs Damaskusklinge Nr. 2"},{"@type":"BreadcrumbList","@id":"https:\/\/laguiole.com\/de\/produit\/laguiole-aubrac-messer-1-stuck-12cm-doppelplatten-und-feder-guillochiert-von-hand-rams-crust-griff-2-gehammerte-kropfe-glanzende-damastklinge-aus-edelstahl\/#breadcrumb","itemListElement":[{"@type":"ListItem","position":1,"name":"Accueil","item":"https:\/\/laguiole.com\/de\/"},{"@type":"ListItem","position":2,"name":"Shop","item":"https:\/\/laguiole.com\/de\/shop-2\/"},{"@type":"ListItem","position":3,"name":"Laguiole Aubrac-Messer 1 St\u00fcck 12 cm Doppelplatten und Feder-Guilloch\u00e9 von Hand Ram&#8217;s Crust-Griff 2 gl\u00e4nzende Edelstahl-Gehrungs Damaskusklinge Nr. 2"}]},{"@type":"WebSite","@id":"https:\/\/laguiole.com\/de\/#website","url":"https:\/\/laguiole.com\/de\/","name":"Laguiole.com","description":"Laguiole - Couteau laguiole, Chateau Laguiole, Laguiole en Aubrac, Forge de Laguiole","publisher":{"@id":"https:\/\/laguiole.com\/de\/#organization"},"potentialAction":[{"@type":"SearchAction","target":{"@type":"EntryPoint","urlTemplate":"https:\/\/laguiole.com\/de\/?s={search_term_string}"},"query-input":{"@type":"PropertyValueSpecification","valueRequired":true,"valueName":"search_term_string"}}],"inLanguage":"de"},{"@type":"Organization","@id":"https:\/\/laguiole.com\/de\/#organization","name":"Laguiole.com","url":"https:\/\/laguiole.com\/de\/","logo":{"@type":"ImageObject","inLanguage":"de","@id":"https:\/\/laguiole.com\/de\/#\/schema\/logo\/image\/","url":"https:\/\/laguiole.com\/wp-content\/uploads\/2021\/02\/logo_laguiole.com-horizontal.jpg","contentUrl":"https:\/\/laguiole.com\/wp-content\/uploads\/2021\/02\/logo_laguiole.com-horizontal.jpg","width":490,"height":156,"caption":"Laguiole.com"},"image":{"@id":"https:\/\/laguiole.com\/de\/#\/schema\/logo\/image\/"},"sameAs":["https:\/\/www.facebook.com\/laguiolecom\/","https:\/\/www.instagram.com\/laguiolecom\/","https:\/\/www.youtube.com\/@laguiolecom\/videos"]}]}},"_links":{"self":[{"href":"https:\/\/laguiole.com\/de\/wp-json\/wp\/v2\/product\/52014","targetHints":{"allow":["GET"]}}],"collection":[{"href":"https:\/\/laguiole.com\/de\/wp-json\/wp\/v2\/product"}],"about":[{"href":"https:\/\/laguiole.com\/de\/wp-json\/wp\/v2\/types\/product"}],"version-history":[{"count":2,"href":"https:\/\/laguiole.com\/de\/wp-json\/wp\/v2\/product\/52014\/revisions"}],"predecessor-version":[{"id":53894,"href":"https:\/\/laguiole.com\/de\/wp-json\/wp\/v2\/product\/52014\/revisions\/53894"}],"wp:featuredmedia":[{"embeddable":true,"href":"https:\/\/laguiole.com\/de\/wp-json\/wp\/v2\/media\/52147"}],"wp:attachment":[{"href":"https:\/\/laguiole.com\/de\/wp-json\/wp\/v2\/media?parent=52014"}],"wp:term":[{"taxonomy":"product_brand","embeddable":true,"href":"https:\/\/laguiole.com\/de\/wp-json\/wp\/v2\/product_brand?post=52014"},{"taxonomy":"product_cat","embeddable":true,"href":"https:\/\/laguiole.com\/de\/wp-json\/wp\/v2\/product_cat?post=52014"},{"taxonomy":"product_tag","embeddable":true,"href":"https:\/\/laguiole.com\/de\/wp-json\/wp\/v2\/product_tag?post=52014"}],"curies":[{"name":"wp","href":"https:\/\/api.w.org\/{rel}","templated":true}]}}