{"id":51666,"date":"2026-03-23T19:45:00","date_gmt":"2026-03-23T18:45:00","guid":{"rendered":"https:\/\/laguiole.com\/?post_type=product&#038;p=51666"},"modified":"2026-04-30T21:24:04","modified_gmt":"2026-04-30T19:24:04","slug":"laguiole-klappmesser-in-aubrac-le-bee-back-aus-ebenholz-vollgriff-geburstet","status":"publish","type":"product","link":"https:\/\/laguiole.com\/de\/produit\/laguiole-klappmesser-in-aubrac-le-bee-back-aus-ebenholz-vollgriff-geburstet\/","title":{"rendered":"Laguiole Klappmesser in Aubrac &#8220;Le Bee-Back&#8221; aus Ebenholz Vollgriff geb\u00fcrstet 11,5 cm"},"content":{"rendered":"<p>Der einzigartige Mechanismus zum \u00d6ffnen der Klinge, bei dem eine Biene aus dem Ende des Griffs herausragt, verleiht diesem Messer eine unverwechselbare Dimension.<br \/>\nDie Biene im geschlossenen Zustand als Riegel zu verwenden, ist eine geniale Idee. Dies erh\u00f6ht nicht nur die Sicherheit des Messers, wenn es nicht verwendet wird, sondern verleiht dem Design auch eine k\u00fcnstlerische Note. Der Mechanismus, der beim \u00d6ffnen ein leichtes Herausheben der Klinge aus der Station bewirkt, verleiht dem Bedienerlebnis des Messers Dynamik. Diese Art von durchdachten mechanischen Details verleiht der Interaktion mit dem Werkzeug eine taktile und visuelle Dimension.<\/p>\n<p>Die Biene als unverwechselbares Designelement kann auch eine kulturelle oder symbolische Bedeutung haben, je nachdem, in welchem Kontext diese Messer hergestellt werden. Einige traditionelle Messer enthalten bestimmte symbolische Elemente oder Muster, um die kulturelle Identit\u00e4t der Region zu repr\u00e4sentieren.<\/p>\n<p>Zusammenfassend l\u00e4sst sich sagen, dass dieses Messer viel mehr als nur ein Werkzeug zu sein scheint. Er verk\u00f6rpert eine gelungene Verschmelzung von praktischer Funktionalit\u00e4t und raffinierter \u00c4sthetik und verf\u00fcgt \u00fcber einen einzigartigen Klingen\u00f6ffnungsmechanismus, der seiner Verwendung einen Hauch von Raffinesse verleiht. Diese Details tragen dazu bei, dass dieses Messer sowohl ein Gebrauchs- als auch ein Kunstobjekt ist, das die Bewunderung von Besteck- und Designliebhabern wecken kann.<\/p>\n","protected":false},"excerpt":{"rendered":"<p>Laguiole Klappmesser in Aubrac &#8220;Le Bee-Back&#8221;Ebenholzgriff<\/p>\n<p>Voller Griff Eingriffplatten<br \/>\naus geb\u00fcrstetem<br \/>\nEdelstahl Glattes und anpassbares<br \/>\n\u00d6ffnen und Schlie\u00dfen der Feder durch Force Notch<br \/>\nSandwik-Klinge aus Edelstahl 12C27<br \/>\nKlingengr\u00f6\u00dfe 8,5 cm<br \/>\nGriffgr\u00f6\u00dfe 11,5 cm<br \/>\nOffenes Messer Gr\u00f6\u00dfe 20 cm<\/p>\n<p>Besonderheit: Verriegeln und Entriegeln der Klinge durch Bet\u00e4tigen der Biene auf der R\u00fcckseite des Griffs!<\/p>\n","protected":false},"featured_media":51668,"template":"","meta":{"_acf_changed":false,"_monsterinsights_skip_tracking":false,"_monsterinsights_sitenote_active":false,"_monsterinsights_sitenote_note":"","_monsterinsights_sitenote_category":0},"product_brand":[],"product_cat":[5939,5944,5954],"product_tag":[6171],"class_list":{"0":"post-51666","1":"product","2":"type-product","3":"status-publish","4":"has-post-thumbnail","6":"product_cat-laguiole-klappmesser","7":"product_cat-laguiole-spezialmesser","8":"product_cat-nicht-klassifiziert-2","9":"product_tag-gravurfeder","10":"pa_composition-couteau-1-stueck-nur-klinge","11":"pa_finition-gebuerstet","12":"pa_lame-gebuersteter-edelstahl","13":"pa_manche-en-bois-ebenholz","14":"pa_mitres-ohne-gehrung-vollstaendige-huelse","15":"pa_platines-einzelplatin","16":"pa_ressort-guilloche","17":"pa_taille-du-manche-11-cm","18":"tm-no-options","21":"instock","22":"taxable","23":"shipping-taxable","24":"purchasable","25":"product-type-simple"},"supplier_id":null,"supplier_sku":"","barcode":null,"atum_controlled":true,"out_stock_date":null,"out_stock_threshold":null,"inheritable":false,"inbound_stock":0,"stock_on_hold":0,"sold_today":0,"sales_last_days":0,"reserved_stock":0,"customer_returns":0,"warehouse_damage":0,"lost_in_post":0,"other_logs":0,"out_stock_days":0,"lost_sales":0,"has_location":false,"update_date":"2026-05-02T00:48:08","atum_locations":[],"atum_stock_status":"instock","restock_status":false,"low_stock_amount":"","sales_update_date":"2026-05-02T00:48:07","calc_backorders":0,"acf":[],"yoast_head":"<!-- This site is optimized with the Yoast SEO plugin v27.3 - https:\/\/yoast.com\/product\/yoast-seo-wordpress\/ -->\n<title>Laguiole Klappmesser in Aubrac &quot;Le Bee-Back&quot; aus Ebenholz Vollgriff geb\u00fcrstet 11,5 cm - Laguiole.com \u00ae<\/title>\n<meta name=\"description\" content=\"Der einzigartige Mechanismus zum \u00d6ffnen der Klinge, bei dem eine Biene aus dem Ende des Griffs herausragt, verleiht diesem Messer eine unverwechselbare Dimension.\" \/>\n<meta name=\"robots\" content=\"index, follow, max-snippet:-1, max-image-preview:large, max-video-preview:-1\" \/>\n<link rel=\"canonical\" href=\"https:\/\/laguiole.com\/de\/produit\/laguiole-klappmesser-in-aubrac-le-bee-back-aus-ebenholz-vollgriff-geburstet\/\" \/>\n<meta property=\"og:locale\" content=\"de_DE\" \/>\n<meta property=\"og:type\" content=\"article\" \/>\n<meta property=\"og:title\" content=\"Laguiole Klappmesser in Aubrac &quot;Le Bee-Back&quot; aus Ebenholz Vollgriff geb\u00fcrstet 11,5 cm - Laguiole.com \u00ae\" \/>\n<meta property=\"og:description\" content=\"Der einzigartige Mechanismus zum \u00d6ffnen der Klinge, bei dem eine Biene aus dem Ende des Griffs herausragt, verleiht diesem Messer eine unverwechselbare Dimension.\" \/>\n<meta property=\"og:url\" content=\"https:\/\/laguiole.com\/de\/produit\/laguiole-klappmesser-in-aubrac-le-bee-back-aus-ebenholz-vollgriff-geburstet\/\" \/>\n<meta property=\"og:site_name\" content=\"Laguiole.com \u00ae\" \/>\n<meta property=\"article:publisher\" content=\"https:\/\/www.facebook.com\/laguiolecom\/\" \/>\n<meta property=\"article:modified_time\" content=\"2026-04-30T19:24:04+00:00\" \/>\n<meta property=\"og:image\" content=\"https:\/\/laguiole.com\/wp-content\/uploads\/2026\/03\/Couteau_Pliant_Laguiole_en_Aubrac_Le_Bee_Back_Loupe_de_sureau_verte_00.jpg\" \/>\n\t<meta property=\"og:image:width\" content=\"1033\" \/>\n\t<meta property=\"og:image:height\" content=\"1033\" \/>\n\t<meta property=\"og:image:type\" content=\"image\/jpeg\" \/>\n<meta name=\"twitter:card\" content=\"summary_large_image\" \/>\n<meta name=\"twitter:label1\" content=\"Gesch\u00e4tzte Lesezeit\" \/>\n\t<meta name=\"twitter:data1\" content=\"2\u00a0Minute\" \/>\n<script type=\"application\/ld+json\" class=\"yoast-schema-graph\">{\"@context\":\"https:\\\/\\\/schema.org\",\"@graph\":[{\"@type\":\"WebPage\",\"@id\":\"https:\\\/\\\/laguiole.com\\\/de\\\/produit\\\/laguiole-klappmesser-in-aubrac-le-bee-back-aus-ebenholz-vollgriff-geburstet\\\/\",\"url\":\"https:\\\/\\\/laguiole.com\\\/de\\\/produit\\\/laguiole-klappmesser-in-aubrac-le-bee-back-aus-ebenholz-vollgriff-geburstet\\\/\",\"name\":\"Laguiole Klappmesser in Aubrac \\\"Le Bee-Back\\\" aus Ebenholz Vollgriff geb\u00fcrstet 11,5 cm - Laguiole.com \u00ae\",\"isPartOf\":{\"@id\":\"https:\\\/\\\/laguiole.com\\\/de\\\/#website\"},\"primaryImageOfPage\":{\"@id\":\"https:\\\/\\\/laguiole.com\\\/de\\\/produit\\\/laguiole-klappmesser-in-aubrac-le-bee-back-aus-ebenholz-vollgriff-geburstet\\\/#primaryimage\"},\"image\":{\"@id\":\"https:\\\/\\\/laguiole.com\\\/de\\\/produit\\\/laguiole-klappmesser-in-aubrac-le-bee-back-aus-ebenholz-vollgriff-geburstet\\\/#primaryimage\"},\"thumbnailUrl\":\"https:\\\/\\\/laguiole.com\\\/wp-content\\\/uploads\\\/2026\\\/03\\\/Couteau_Pliant_Laguiole_en_Aubrac_Le_Bee_Back_Loupe_de_sureau_verte_00.jpg\",\"datePublished\":\"2026-03-23T18:45:00+00:00\",\"dateModified\":\"2026-04-30T19:24:04+00:00\",\"description\":\"Der einzigartige Mechanismus zum \u00d6ffnen der Klinge, bei dem eine Biene aus dem Ende des Griffs herausragt, verleiht diesem Messer eine unverwechselbare Dimension.\",\"breadcrumb\":{\"@id\":\"https:\\\/\\\/laguiole.com\\\/de\\\/produit\\\/laguiole-klappmesser-in-aubrac-le-bee-back-aus-ebenholz-vollgriff-geburstet\\\/#breadcrumb\"},\"inLanguage\":\"de\",\"potentialAction\":[{\"@type\":\"ReadAction\",\"target\":[\"https:\\\/\\\/laguiole.com\\\/de\\\/produit\\\/laguiole-klappmesser-in-aubrac-le-bee-back-aus-ebenholz-vollgriff-geburstet\\\/\"]}]},{\"@type\":\"ImageObject\",\"inLanguage\":\"de\",\"@id\":\"https:\\\/\\\/laguiole.com\\\/de\\\/produit\\\/laguiole-klappmesser-in-aubrac-le-bee-back-aus-ebenholz-vollgriff-geburstet\\\/#primaryimage\",\"url\":\"https:\\\/\\\/laguiole.com\\\/wp-content\\\/uploads\\\/2026\\\/03\\\/Couteau_Pliant_Laguiole_en_Aubrac_Le_Bee_Back_Loupe_de_sureau_verte_00.jpg\",\"contentUrl\":\"https:\\\/\\\/laguiole.com\\\/wp-content\\\/uploads\\\/2026\\\/03\\\/Couteau_Pliant_Laguiole_en_Aubrac_Le_Bee_Back_Loupe_de_sureau_verte_00.jpg\",\"width\":1033,\"height\":1033},{\"@type\":\"BreadcrumbList\",\"@id\":\"https:\\\/\\\/laguiole.com\\\/de\\\/produit\\\/laguiole-klappmesser-in-aubrac-le-bee-back-aus-ebenholz-vollgriff-geburstet\\\/#breadcrumb\",\"itemListElement\":[{\"@type\":\"ListItem\",\"position\":1,\"name\":\"Accueil\",\"item\":\"https:\\\/\\\/laguiole.com\\\/de\\\/\"},{\"@type\":\"ListItem\",\"position\":2,\"name\":\"Shop\",\"item\":\"https:\\\/\\\/laguiole.com\\\/de\\\/shop-2\\\/\"},{\"@type\":\"ListItem\",\"position\":3,\"name\":\"Laguiole Klappmesser in Aubrac &#8220;Le Bee-Back&#8221; aus Ebenholz Vollgriff geb\u00fcrstet 11,5 cm\"}]},{\"@type\":\"WebSite\",\"@id\":\"https:\\\/\\\/laguiole.com\\\/de\\\/#website\",\"url\":\"https:\\\/\\\/laguiole.com\\\/de\\\/\",\"name\":\"Laguiole.com\",\"description\":\"Laguiole - Couteau laguiole, Chateau Laguiole, Laguiole en Aubrac, Forge de Laguiole\",\"publisher\":{\"@id\":\"https:\\\/\\\/laguiole.com\\\/de\\\/#organization\"},\"potentialAction\":[{\"@type\":\"SearchAction\",\"target\":{\"@type\":\"EntryPoint\",\"urlTemplate\":\"https:\\\/\\\/laguiole.com\\\/de\\\/?s={search_term_string}\"},\"query-input\":{\"@type\":\"PropertyValueSpecification\",\"valueRequired\":true,\"valueName\":\"search_term_string\"}}],\"inLanguage\":\"de\"},{\"@type\":\"Organization\",\"@id\":\"https:\\\/\\\/laguiole.com\\\/de\\\/#organization\",\"name\":\"Laguiole.com\",\"url\":\"https:\\\/\\\/laguiole.com\\\/de\\\/\",\"logo\":{\"@type\":\"ImageObject\",\"inLanguage\":\"de\",\"@id\":\"https:\\\/\\\/laguiole.com\\\/de\\\/#\\\/schema\\\/logo\\\/image\\\/\",\"url\":\"https:\\\/\\\/laguiole.com\\\/wp-content\\\/uploads\\\/2021\\\/02\\\/logo_laguiole.com-horizontal.jpg\",\"contentUrl\":\"https:\\\/\\\/laguiole.com\\\/wp-content\\\/uploads\\\/2021\\\/02\\\/logo_laguiole.com-horizontal.jpg\",\"width\":490,\"height\":156,\"caption\":\"Laguiole.com\"},\"image\":{\"@id\":\"https:\\\/\\\/laguiole.com\\\/de\\\/#\\\/schema\\\/logo\\\/image\\\/\"},\"sameAs\":[\"https:\\\/\\\/www.facebook.com\\\/laguiolecom\\\/\",\"https:\\\/\\\/www.instagram.com\\\/laguiolecom\\\/\",\"https:\\\/\\\/www.youtube.com\\\/@laguiolecom\\\/videos\"]}]}<\/script>\n<!-- \/ Yoast SEO plugin. -->","yoast_head_json":{"title":"Laguiole Klappmesser in Aubrac \"Le Bee-Back\" aus Ebenholz Vollgriff geb\u00fcrstet 11,5 cm - Laguiole.com \u00ae","description":"Der einzigartige Mechanismus zum \u00d6ffnen der Klinge, bei dem eine Biene aus dem Ende des Griffs herausragt, verleiht diesem Messer eine unverwechselbare Dimension.","robots":{"index":"index","follow":"follow","max-snippet":"max-snippet:-1","max-image-preview":"max-image-preview:large","max-video-preview":"max-video-preview:-1"},"canonical":"https:\/\/laguiole.com\/de\/produit\/laguiole-klappmesser-in-aubrac-le-bee-back-aus-ebenholz-vollgriff-geburstet\/","og_locale":"de_DE","og_type":"article","og_title":"Laguiole Klappmesser in Aubrac \"Le Bee-Back\" aus Ebenholz Vollgriff geb\u00fcrstet 11,5 cm - Laguiole.com \u00ae","og_description":"Der einzigartige Mechanismus zum \u00d6ffnen der Klinge, bei dem eine Biene aus dem Ende des Griffs herausragt, verleiht diesem Messer eine unverwechselbare Dimension.","og_url":"https:\/\/laguiole.com\/de\/produit\/laguiole-klappmesser-in-aubrac-le-bee-back-aus-ebenholz-vollgriff-geburstet\/","og_site_name":"Laguiole.com \u00ae","article_publisher":"https:\/\/www.facebook.com\/laguiolecom\/","article_modified_time":"2026-04-30T19:24:04+00:00","og_image":[{"width":1033,"height":1033,"url":"https:\/\/laguiole.com\/wp-content\/uploads\/2026\/03\/Couteau_Pliant_Laguiole_en_Aubrac_Le_Bee_Back_Loupe_de_sureau_verte_00.jpg","type":"image\/jpeg"}],"twitter_card":"summary_large_image","twitter_misc":{"Gesch\u00e4tzte Lesezeit":"2\u00a0Minute"},"schema":{"@context":"https:\/\/schema.org","@graph":[{"@type":"WebPage","@id":"https:\/\/laguiole.com\/de\/produit\/laguiole-klappmesser-in-aubrac-le-bee-back-aus-ebenholz-vollgriff-geburstet\/","url":"https:\/\/laguiole.com\/de\/produit\/laguiole-klappmesser-in-aubrac-le-bee-back-aus-ebenholz-vollgriff-geburstet\/","name":"Laguiole Klappmesser in Aubrac \"Le Bee-Back\" aus Ebenholz Vollgriff geb\u00fcrstet 11,5 cm - Laguiole.com \u00ae","isPartOf":{"@id":"https:\/\/laguiole.com\/de\/#website"},"primaryImageOfPage":{"@id":"https:\/\/laguiole.com\/de\/produit\/laguiole-klappmesser-in-aubrac-le-bee-back-aus-ebenholz-vollgriff-geburstet\/#primaryimage"},"image":{"@id":"https:\/\/laguiole.com\/de\/produit\/laguiole-klappmesser-in-aubrac-le-bee-back-aus-ebenholz-vollgriff-geburstet\/#primaryimage"},"thumbnailUrl":"https:\/\/laguiole.com\/wp-content\/uploads\/2026\/03\/Couteau_Pliant_Laguiole_en_Aubrac_Le_Bee_Back_Loupe_de_sureau_verte_00.jpg","datePublished":"2026-03-23T18:45:00+00:00","dateModified":"2026-04-30T19:24:04+00:00","description":"Der einzigartige Mechanismus zum \u00d6ffnen der Klinge, bei dem eine Biene aus dem Ende des Griffs herausragt, verleiht diesem Messer eine unverwechselbare Dimension.","breadcrumb":{"@id":"https:\/\/laguiole.com\/de\/produit\/laguiole-klappmesser-in-aubrac-le-bee-back-aus-ebenholz-vollgriff-geburstet\/#breadcrumb"},"inLanguage":"de","potentialAction":[{"@type":"ReadAction","target":["https:\/\/laguiole.com\/de\/produit\/laguiole-klappmesser-in-aubrac-le-bee-back-aus-ebenholz-vollgriff-geburstet\/"]}]},{"@type":"ImageObject","inLanguage":"de","@id":"https:\/\/laguiole.com\/de\/produit\/laguiole-klappmesser-in-aubrac-le-bee-back-aus-ebenholz-vollgriff-geburstet\/#primaryimage","url":"https:\/\/laguiole.com\/wp-content\/uploads\/2026\/03\/Couteau_Pliant_Laguiole_en_Aubrac_Le_Bee_Back_Loupe_de_sureau_verte_00.jpg","contentUrl":"https:\/\/laguiole.com\/wp-content\/uploads\/2026\/03\/Couteau_Pliant_Laguiole_en_Aubrac_Le_Bee_Back_Loupe_de_sureau_verte_00.jpg","width":1033,"height":1033},{"@type":"BreadcrumbList","@id":"https:\/\/laguiole.com\/de\/produit\/laguiole-klappmesser-in-aubrac-le-bee-back-aus-ebenholz-vollgriff-geburstet\/#breadcrumb","itemListElement":[{"@type":"ListItem","position":1,"name":"Accueil","item":"https:\/\/laguiole.com\/de\/"},{"@type":"ListItem","position":2,"name":"Shop","item":"https:\/\/laguiole.com\/de\/shop-2\/"},{"@type":"ListItem","position":3,"name":"Laguiole Klappmesser in Aubrac &#8220;Le Bee-Back&#8221; aus Ebenholz Vollgriff geb\u00fcrstet 11,5 cm"}]},{"@type":"WebSite","@id":"https:\/\/laguiole.com\/de\/#website","url":"https:\/\/laguiole.com\/de\/","name":"Laguiole.com","description":"Laguiole - Couteau laguiole, Chateau Laguiole, Laguiole en Aubrac, Forge de Laguiole","publisher":{"@id":"https:\/\/laguiole.com\/de\/#organization"},"potentialAction":[{"@type":"SearchAction","target":{"@type":"EntryPoint","urlTemplate":"https:\/\/laguiole.com\/de\/?s={search_term_string}"},"query-input":{"@type":"PropertyValueSpecification","valueRequired":true,"valueName":"search_term_string"}}],"inLanguage":"de"},{"@type":"Organization","@id":"https:\/\/laguiole.com\/de\/#organization","name":"Laguiole.com","url":"https:\/\/laguiole.com\/de\/","logo":{"@type":"ImageObject","inLanguage":"de","@id":"https:\/\/laguiole.com\/de\/#\/schema\/logo\/image\/","url":"https:\/\/laguiole.com\/wp-content\/uploads\/2021\/02\/logo_laguiole.com-horizontal.jpg","contentUrl":"https:\/\/laguiole.com\/wp-content\/uploads\/2021\/02\/logo_laguiole.com-horizontal.jpg","width":490,"height":156,"caption":"Laguiole.com"},"image":{"@id":"https:\/\/laguiole.com\/de\/#\/schema\/logo\/image\/"},"sameAs":["https:\/\/www.facebook.com\/laguiolecom\/","https:\/\/www.instagram.com\/laguiolecom\/","https:\/\/www.youtube.com\/@laguiolecom\/videos"]}]}},"_links":{"self":[{"href":"https:\/\/laguiole.com\/de\/wp-json\/wp\/v2\/product\/51666","targetHints":{"allow":["GET"]}}],"collection":[{"href":"https:\/\/laguiole.com\/de\/wp-json\/wp\/v2\/product"}],"about":[{"href":"https:\/\/laguiole.com\/de\/wp-json\/wp\/v2\/types\/product"}],"version-history":[{"count":1,"href":"https:\/\/laguiole.com\/de\/wp-json\/wp\/v2\/product\/51666\/revisions"}],"predecessor-version":[{"id":53301,"href":"https:\/\/laguiole.com\/de\/wp-json\/wp\/v2\/product\/51666\/revisions\/53301"}],"wp:featuredmedia":[{"embeddable":true,"href":"https:\/\/laguiole.com\/de\/wp-json\/wp\/v2\/media\/51668"}],"wp:attachment":[{"href":"https:\/\/laguiole.com\/de\/wp-json\/wp\/v2\/media?parent=51666"}],"wp:term":[{"taxonomy":"product_brand","embeddable":true,"href":"https:\/\/laguiole.com\/de\/wp-json\/wp\/v2\/product_brand?post=51666"},{"taxonomy":"product_cat","embeddable":true,"href":"https:\/\/laguiole.com\/de\/wp-json\/wp\/v2\/product_cat?post=51666"},{"taxonomy":"product_tag","embeddable":true,"href":"https:\/\/laguiole.com\/de\/wp-json\/wp\/v2\/product_tag?post=51666"}],"curies":[{"name":"wp","href":"https:\/\/api.w.org\/{rel}","templated":true}]}}