{"id":51129,"date":"2026-03-11T19:40:52","date_gmt":"2026-03-11T18:40:52","guid":{"rendered":"https:\/\/laguiole.com\/?post_type=product&#038;p=51129"},"modified":"2026-03-11T20:11:39","modified_gmt":"2026-03-11T19:11:39","slug":"laguiole-aubrac-messer-2-stuck-12-cm-vollstiel-hornspitze-mit-korkenzieherplatten-und-messingnieten-copie","status":"publish","type":"product","link":"https:\/\/laguiole.com\/de\/produit\/laguiole-aubrac-messer-2-stuck-12-cm-vollstiel-hornspitze-mit-korkenzieherplatten-und-messingnieten-copie\/","title":{"rendered":"Laguiole-Messer in Aubrac 2 St\u00fccke 12 cm, voller Griff in Mammut-Elfenbeinkruste mit Korkenzieherhand, Guilloch\u00e9 Fr\u00fchlingsfloralmuster, schwarze Abstandshalter, gl\u00e4nzende Oberfl\u00e4che, EINZIGARTIGES ST\u00dcCK"},"content":{"rendered":"<h1 data-section-id=\"12gi6rv\" data-start=\"201\" data-end=\"301\">Laguiole-Messer mit vollem Griff aus Mammut-Elfenbeinkruste \u2013 handgefertigtes Messer mit Korkenzieher<\/h1>\n<h2 data-section-id=\"1riovb2\" data-start=\"303\" data-end=\"363\">Ein handwerkliches Laguiole-Messer, das nach Tradition gefertigt wurde<\/h2>\n<p data-start=\"365\" data-end=\"590\">Dieses <strong data-start=\"368\" data-end=\"401\">Laguiole-Messer mit vollem Griff<\/strong> veranschaulicht das <strong data-start=\"433\" data-end=\"469\">Know-how des franz\u00f6sischen handwerklichen Bestecks.<\/strong> Der Handwerker f\u00fchrt jeden Schritt der Montage von Hand durch. Er setzt die Teile pr\u00e4zise zusammen und kontrolliert jede Oberfl\u00e4che.  <\/p>\n<p data-start=\"592\" data-end=\"727\">Dieses Modell ist ein <strong data-start=\"609\" data-end=\"651\">zweiteiliger Laguiole mit Korkenzieher<\/strong>. Es vereint <strong data-start=\"664\" data-end=\"726\">Eleganz, Funktionalit\u00e4t und traditionelle Handwerkskunst<\/strong>. <\/p>\n<p data-start=\"729\" data-end=\"900\">Dieses Messer richtet sich an <strong data-start=\"766\" data-end=\"798\">Liebhaber handwerklicher Laguiole-Messer<\/strong>, <strong data-start=\"818\" data-end=\"843\">franz\u00f6sische Besteckliebhaber<\/strong> und Sammler <strong data-start=\"870\" data-end=\"899\">wundersch\u00f6ner handgefertigter Messer<\/strong>.<\/p>\n<hr data-start=\"902\" data-end=\"905\">\n<h2 data-section-id=\"1mv9w99\" data-start=\"907\" data-end=\"978\">Mammut-Elfenbeinkruste: ein seltenes und kostbares Material<\/h2>\n<p data-start=\"980\" data-end=\"1175\">Der Griff ist in <strong data-start=\"1005\" data-end=\"1046\">einer Kruste aus fossilem Mammutelfenbein<\/strong> geformt. Dieses seltene Material stammt aus pr\u00e4historischen Mammutsto\u00dfz\u00e4hnen, die \u00fcber Tausende von Jahren in gefrorenem Boden erhalten wurden. <\/p>\n<p data-start=\"1177\" data-end=\"1303\">Kunsthandwerker suchen <strong data-start=\"1204\" data-end=\"1226\">Mammutelfenbein<\/strong> wegen seiner <strong data-start=\"1235\" data-end=\"1245\">Seltenheit<\/strong>, <strong data-start=\"1250\" data-end=\"1270\">nat\u00fcrlichen Sch\u00f6nheit<\/strong> und <strong data-start=\"1278\" data-end=\"1302\">historischen Charakters<\/strong>.<\/p>\n<p data-start=\"1305\" data-end=\"1330\">Jede Strecke bietet:<\/p>\n<ul data-start=\"1332\" data-end=\"1448\">\n<li data-section-id=\"18827pz\" data-start=\"1332\" data-end=\"1367\">\n<p data-start=\"1334\" data-end=\"1367\"><strong data-start=\"1338\" data-end=\"1367\">Einzigartige nat\u00fcrliche Adern<\/strong><\/p>\n<\/li>\n<li data-section-id=\"1s6ckri\" data-start=\"1368\" data-end=\"1406\">\n<p data-start=\"1370\" data-end=\"1406\"><strong data-start=\"1374\" data-end=\"1406\">Nat\u00fcrliche mineralische Schattierungen<\/strong><\/p>\n<\/li>\n<li data-section-id=\"ym1ja4\" data-start=\"1407\" data-end=\"1448\">\n<p data-start=\"1409\" data-end=\"1448\">Eine <strong data-start=\"1413\" data-end=\"1448\">unverkennbare versteinerte Textur<\/strong><\/p>\n<\/li>\n<\/ul>\n<p data-start=\"1450\" data-end=\"1536\">So wird jedes <strong data-start=\"1464\" data-end=\"1506\">Laguiole-Messer aus Mammut-Elfenbein<\/strong> zu einem <strong data-start=\"1519\" data-end=\"1535\">einzigartigen St\u00fcck<\/strong>.<\/p>\n<p data-start=\"1538\" data-end=\"1632\">Dieses Material macht dieses Messer zu <strong data-start=\"1575\" data-end=\"1598\">einem Sammlerst\u00fcck<\/strong> und zu einem <strong data-start=\"1605\" data-end=\"1631\">seltenen Bastelmesser<\/strong>.<\/p>\n<hr data-start=\"1634\" data-end=\"1637\">\n<h2 data-section-id=\"6ok5zr\" data-start=\"1639\" data-end=\"1687\">Gl\u00e4nzende Edelstahlfeder und Hand-Guilloch\u00e9<\/h2>\n<p data-start=\"1689\" data-end=\"1814\">Der Messer versieht diesen Laguiole mit einer <strong data-start=\"1726\" data-end=\"1752\">gl\u00e4nzenden Edelstahlfeder.<\/strong> Anschlie\u00dfend fertigt er eine <strong data-start=\"1776\" data-end=\"1813\">Guilloch\u00e9 vollst\u00e4ndig von Hand<\/strong> an. <\/p>\n<p data-start=\"1816\" data-end=\"1840\">Guilloch\u00e9 bringt:<\/p>\n<ul data-start=\"1842\" data-end=\"1994\">\n<li data-section-id=\"1fbncrx\" data-start=\"1842\" data-end=\"1880\">\n<p data-start=\"1844\" data-end=\"1880\"><strong data-start=\"1848\" data-end=\"1880\">Elegante, handgefertigte Oberfl\u00e4che<\/strong><\/p>\n<\/li>\n<li data-section-id=\"1382rt2\" data-start=\"1881\" data-end=\"1924\">\n<p data-start=\"1883\" data-end=\"1924\">Eine <strong data-start=\"1887\" data-end=\"1924\">\u00e4sthetische Signatur des Bechers<\/strong><\/p>\n<\/li>\n<li data-section-id=\"1lcqkcq\" data-start=\"1925\" data-end=\"1994\">\n<p data-start=\"1927\" data-end=\"1994\">Ein <strong data-start=\"1930\" data-end=\"1994\">Detailniveau, das bei hochwertigem Besteck gesucht<\/strong> wird<\/p>\n<\/li>\n<\/ul>\n<p data-start=\"1996\" data-end=\"2076\">Diese manuelle Arbeit unterstreicht den <strong data-start=\"2036\" data-end=\"2064\">authentischen und handwerklichen<\/strong> Charakter des Messers.<\/p>\n<hr data-start=\"2078\" data-end=\"2081\">\n<h2 data-section-id=\"2s7jpi\" data-start=\"2083\" data-end=\"2133\">Hochgl\u00e4nzende Edelstahlplatten und schwarze Abstandshalter<\/h2>\n<p data-start=\"2135\" data-end=\"2254\">Die <strong data-start=\"2139\" data-end=\"2168\">gl\u00e4nzenden Edelstahlplatten<\/strong> sind absichtlich n\u00fcchtern. Sie betonen die nat\u00fcrliche Sch\u00f6nheit des Halses. <\/p>\n<p data-start=\"2256\" data-end=\"2377\">Der Handwerker f\u00fcgt <strong data-start=\"2277\" data-end=\"2299\">schwarze Abstandshalter<\/strong> entlang der Drehscheiben hinzu. Diese Abstandshalter schaffen einen <strong data-start=\"2348\" data-end=\"2369\">eleganten Kontrast<\/strong> zwischen: <\/p>\n<ul data-start=\"2379\" data-end=\"2439\">\n<li data-section-id=\"1skqb6j\" data-start=\"2379\" data-end=\"2393\">\n<p data-start=\"2381\" data-end=\"2393\">Polierter Stahl<\/p>\n<\/li>\n<li data-section-id=\"y4c81b\" data-start=\"2394\" data-end=\"2439\">\n<p data-start=\"2396\" data-end=\"2439\">Der nat\u00fcrliche Farbton von Mammut-Elfenbein<\/p>\n<\/li>\n<\/ul>\n<p data-start=\"2441\" data-end=\"2521\">Dieses Finish unterstreicht das visuelle Gleichgewicht <strong data-start=\"2487\" data-end=\"2520\">des Laguiole-Vollgriffmessers.<\/strong><\/p>\n<hr data-start=\"2523\" data-end=\"2526\">\n<h2 data-section-id=\"zmsow6\" data-start=\"2528\" data-end=\"2563\">Einfache und elegante geschmiedete Fliege<\/h2>\n<p data-start=\"2565\" data-end=\"2665\">Die <strong data-start=\"2568\" data-end=\"2585\">geschmiedete Fliege<\/strong> verl\u00e4ngert die Feder direkt. Der Handwerker formt sie aus <strong data-start=\"2645\" data-end=\"2664\">gl\u00e4nzendem Edelstahl<\/strong>. <\/p>\n<p data-start=\"2667\" data-end=\"2796\">Sein Design bleibt <strong data-start=\"2699\" data-end=\"2718\">bewusst einfach und verfeinert<\/strong>. Diese N\u00fcchternheit hebt die Arbeit des Fr\u00fchlings und den Adel des Griffs hervor. <\/p>\n<p data-start=\"2798\" data-end=\"2877\">Die geschmiedete Fliege bleibt ein starkes Symbol der <strong data-start=\"2843\" data-end=\"2876\">handwerklichen Laguiole-Tradition<\/strong>.<\/p>\n<hr data-start=\"2879\" data-end=\"2882\">\n<h2 data-section-id=\"muumr5\" data-start=\"2884\" data-end=\"2949\">Eine seltene handwerkliche Laguiole f\u00fcr Liebhaber sch\u00f6ner Messer<\/h2>\n<p data-start=\"2951\" data-end=\"3049\">Dieses Messer vereint mehrere <strong data-start=\"3007\" data-end=\"3047\">begehrte Elemente im hochwertigen handwerklichen Besteck:<\/strong><\/p>\n<ul data-start=\"3051\" data-end=\"3271\">\n<li data-section-id=\"1qvj483\" data-start=\"3051\" data-end=\"3094\">\n<p data-start=\"3053\" data-end=\"3094\"><strong data-start=\"3053\" data-end=\"3094\">Mammut-Elfenbeinkrusten-Griff<\/strong><\/p>\n<\/li>\n<li data-section-id=\"ws4cdy\" data-start=\"3095\" data-end=\"3130\">\n<p data-start=\"3097\" data-end=\"3130\"><strong data-start=\"3097\" data-end=\"3130\">Laguiole-Vollgriffmesser<\/strong><\/p>\n<\/li>\n<li data-section-id=\"1in0b37\" data-start=\"3131\" data-end=\"3173\">\n<p data-start=\"3133\" data-end=\"3173\"><strong data-start=\"3133\" data-end=\"3173\">Zweiteiliges Modell mit Korkenzieher<\/strong><\/p>\n<\/li>\n<li data-section-id=\"7noo6\" data-start=\"3174\" data-end=\"3207\">\n<p data-start=\"3176\" data-end=\"3207\"><strong data-start=\"3176\" data-end=\"3207\">Hand-Guilloch\u00e9 Feder<\/strong><\/p>\n<\/li>\n<li data-section-id=\"1egp4ux\" data-start=\"3208\" data-end=\"3242\">\n<p data-start=\"3210\" data-end=\"3242\"><strong data-start=\"3210\" data-end=\"3242\">Traditionelle geschmiedete Fliege<\/strong><\/p>\n<\/li>\n<li data-section-id=\"6asec2\" data-start=\"3243\" data-end=\"3271\">\n<p data-start=\"3245\" data-end=\"3271\"><strong data-start=\"3245\" data-end=\"3271\">Handgefertigt<\/strong><\/p>\n<\/li>\n<\/ul>\n<p data-start=\"3273\" data-end=\"3333\">Diese <strong data-start=\"3276\" data-end=\"3310\">riesige Elfenbein-Laguiole<\/strong> steht f\u00fcr beides:<\/p>\n<ul data-start=\"3335\" data-end=\"3428\">\n<li data-section-id=\"1bj5rbb\" data-start=\"3335\" data-end=\"3361\">\n<p data-start=\"3337\" data-end=\"3361\">Ein <strong data-start=\"3340\" data-end=\"3361\">funktionales Werkzeug<\/strong><\/p>\n<\/li>\n<li data-section-id=\"1asa93s\" data-start=\"3362\" data-end=\"3392\">\n<p data-start=\"3364\" data-end=\"3392\">Ein <strong data-start=\"3367\" data-end=\"3392\">Sammlermesser<\/strong><\/p>\n<\/li>\n<li data-section-id=\"wbxxdk\" data-start=\"3393\" data-end=\"3428\">\n<p data-start=\"3395\" data-end=\"3428\">Ein <strong data-start=\"3398\" data-end=\"3428\">franz\u00f6sisches Handwerk<\/strong><\/p>\n<\/li>\n<\/ul>\n<p data-start=\"3430\" data-end=\"3557\">Es wird Liebhaber seltener <strong data-start=\"3457\" data-end=\"3484\">Laguiole-Messer<\/strong>, <strong data-start=\"3489\" data-end=\"3515\">handwerklicher Besteckkunst<\/strong> und <strong data-start=\"3522\" data-end=\"3556\">au\u00dfergew\u00f6hnlicher Naturmaterialien<\/strong> ansprechen.<\/p>\n","protected":false},"excerpt":{"rendered":"<p>Laguiole-Klappmesser in Aubrac mit Korkenzieher-Griff<br \/>\naus Elfenbein von Mamouth<br \/>\nVollgriff<br \/>\nFeder geschmiedet und Guilloch\u00e9 gl\u00e4nzendes Edelstahl-Blumenmuster<br \/>\neinfache Platten gl\u00e4nzender<br \/>\nEdelstahl schwarze Abstandshalter<br \/>\nKlinge gl\u00e4nzender Edelstahl 12C27 mit Korkenzieher-Lasche<br \/>\nSpirale 3 Spiral-Edelstahl-Spinner<\/p>\n<p><strong>EINZIGARTIGES ST\u00dcCK<\/strong><\/p>\n<p>Klingenl\u00e4nge 10 cm<br \/>\ngeschlossenes Messer 12 cm<br \/>\noffenes Messer L\u00e4nge 22 cm<\/p>\n","protected":false},"featured_media":51286,"template":"","meta":{"_acf_changed":false,"_monsterinsights_skip_tracking":false,"_monsterinsights_sitenote_active":false,"_monsterinsights_sitenote_note":"","_monsterinsights_sitenote_category":0},"product_brand":[],"product_cat":[5938,5939,5943],"product_tag":[],"class_list":{"0":"post-51129","1":"product","2":"type-product","3":"status-publish","4":"has-post-thumbnail","6":"product_cat-klappmesser","7":"product_cat-laguiole-klappmesser","8":"product_cat-laguiole-prestiges-messer","9":"pa_composition-couteau-2-teile-klinge-und-korkenzieher","10":"pa_finition-brillant","11":"pa_lame-glaenzender-edelstahl","12":"pa_manche-en-matiere-animale-mammut-elfenbeinkruste","13":"pa_marque-laguiole-en-aubracfr","14":"pa_mitres-ohne-gehrung-vollstaendige-huelse","15":"pa_mouche-geschmiedet","16":"pa_platines-einzelplatin","17":"pa_ressort-guilloche","18":"pa_taille-du-manche-12-cm","19":"tm-has-options","22":"instock","23":"taxable","24":"shipping-taxable","25":"purchasable","26":"product-type-simple"},"supplier_id":null,"supplier_sku":"","barcode":null,"atum_controlled":true,"out_stock_date":null,"out_stock_threshold":null,"inheritable":false,"inbound_stock":0,"stock_on_hold":0,"sold_today":0,"sales_last_days":0,"reserved_stock":0,"customer_returns":0,"warehouse_damage":0,"lost_in_post":0,"other_logs":0,"out_stock_days":0,"lost_sales":0,"has_location":false,"update_date":"2026-05-08T00:51:15","atum_locations":[],"atum_stock_status":"instock","restock_status":false,"low_stock_amount":"","sales_update_date":"2026-05-08T00:51:15","calc_backorders":0,"acf":[],"yoast_head":"<!-- This site is optimized with the Yoast SEO plugin v27.3 - https:\/\/yoast.com\/product\/yoast-seo-wordpress\/ -->\n<title>Laguiole-Mammut-Elfenbein \u2013 Vollgriff mit Korkenzieher<\/title>\n<meta name=\"description\" content=\"Artisan Laguiole Cueau mit gro\u00dfem Griff aus riesiger Elfenbeinkruste und Korkenzieher. Ein seltenes St\u00fcck franz\u00f6sisches Besteck.\" \/>\n<meta name=\"robots\" content=\"index, follow, max-snippet:-1, max-image-preview:large, max-video-preview:-1\" \/>\n<link rel=\"canonical\" href=\"https:\/\/laguiole.com\/de\/produit\/laguiole-aubrac-messer-2-stuck-12-cm-vollstiel-hornspitze-mit-korkenzieherplatten-und-messingnieten-copie\/\" \/>\n<meta property=\"og:locale\" content=\"de_DE\" \/>\n<meta property=\"og:type\" content=\"article\" \/>\n<meta property=\"og:title\" content=\"Laguiole-Mammut-Elfenbein \u2013 Vollgriff mit Korkenzieher\" \/>\n<meta property=\"og:description\" content=\"Artisan Laguiole Cueau mit gro\u00dfem Griff aus riesiger Elfenbeinkruste und Korkenzieher. Ein seltenes St\u00fcck franz\u00f6sisches Besteck.\" \/>\n<meta property=\"og:url\" content=\"https:\/\/laguiole.com\/de\/produit\/laguiole-aubrac-messer-2-stuck-12-cm-vollstiel-hornspitze-mit-korkenzieherplatten-und-messingnieten-copie\/\" \/>\n<meta property=\"og:site_name\" content=\"Laguiole.com \u00ae\" \/>\n<meta property=\"article:publisher\" content=\"https:\/\/www.facebook.com\/laguiolecom\/\" \/>\n<meta property=\"article:modified_time\" content=\"2026-03-11T19:11:39+00:00\" \/>\n<meta property=\"og:image\" content=\"https:\/\/laguiole.com\/wp-content\/uploads\/2023\/08\/logo_laguiole_com_\u00ae_300dpi_Noir_et_Blanc.jpg\" \/>\n\t<meta property=\"og:image:width\" content=\"1920\" \/>\n\t<meta property=\"og:image:height\" content=\"854\" \/>\n\t<meta property=\"og:image:type\" content=\"image\/jpeg\" \/>\n<meta name=\"twitter:card\" content=\"summary_large_image\" \/>\n<meta name=\"twitter:label1\" content=\"Gesch\u00e4tzte Lesezeit\" \/>\n\t<meta name=\"twitter:data1\" content=\"2\u00a0Minute\" \/>\n<script type=\"application\/ld+json\" class=\"yoast-schema-graph\">{\"@context\":\"https:\\\/\\\/schema.org\",\"@graph\":[{\"@type\":\"WebPage\",\"@id\":\"https:\\\/\\\/laguiole.com\\\/de\\\/produit\\\/laguiole-aubrac-messer-2-stuck-12-cm-vollstiel-hornspitze-mit-korkenzieherplatten-und-messingnieten-copie\\\/\",\"url\":\"https:\\\/\\\/laguiole.com\\\/de\\\/produit\\\/laguiole-aubrac-messer-2-stuck-12-cm-vollstiel-hornspitze-mit-korkenzieherplatten-und-messingnieten-copie\\\/\",\"name\":\"Laguiole-Mammut-Elfenbein \u2013 Vollgriff mit Korkenzieher\",\"isPartOf\":{\"@id\":\"https:\\\/\\\/laguiole.com\\\/de\\\/#website\"},\"primaryImageOfPage\":{\"@id\":\"https:\\\/\\\/laguiole.com\\\/de\\\/produit\\\/laguiole-aubrac-messer-2-stuck-12-cm-vollstiel-hornspitze-mit-korkenzieherplatten-und-messingnieten-copie\\\/#primaryimage\"},\"image\":{\"@id\":\"https:\\\/\\\/laguiole.com\\\/de\\\/produit\\\/laguiole-aubrac-messer-2-stuck-12-cm-vollstiel-hornspitze-mit-korkenzieherplatten-und-messingnieten-copie\\\/#primaryimage\"},\"thumbnailUrl\":\"https:\\\/\\\/laguiole.com\\\/wp-content\\\/uploads\\\/2026\\\/03\\\/CO8C7B1.jpg\",\"datePublished\":\"2026-03-11T18:40:52+00:00\",\"dateModified\":\"2026-03-11T19:11:39+00:00\",\"description\":\"Artisan Laguiole Cueau mit gro\u00dfem Griff aus riesiger Elfenbeinkruste und Korkenzieher. Ein seltenes St\u00fcck franz\u00f6sisches Besteck.\",\"breadcrumb\":{\"@id\":\"https:\\\/\\\/laguiole.com\\\/de\\\/produit\\\/laguiole-aubrac-messer-2-stuck-12-cm-vollstiel-hornspitze-mit-korkenzieherplatten-und-messingnieten-copie\\\/#breadcrumb\"},\"inLanguage\":\"de\",\"potentialAction\":[{\"@type\":\"ReadAction\",\"target\":[\"https:\\\/\\\/laguiole.com\\\/de\\\/produit\\\/laguiole-aubrac-messer-2-stuck-12-cm-vollstiel-hornspitze-mit-korkenzieherplatten-und-messingnieten-copie\\\/\"]}]},{\"@type\":\"ImageObject\",\"inLanguage\":\"de\",\"@id\":\"https:\\\/\\\/laguiole.com\\\/de\\\/produit\\\/laguiole-aubrac-messer-2-stuck-12-cm-vollstiel-hornspitze-mit-korkenzieherplatten-und-messingnieten-copie\\\/#primaryimage\",\"url\":\"https:\\\/\\\/laguiole.com\\\/wp-content\\\/uploads\\\/2026\\\/03\\\/CO8C7B1.jpg\",\"contentUrl\":\"https:\\\/\\\/laguiole.com\\\/wp-content\\\/uploads\\\/2026\\\/03\\\/CO8C7B1.jpg\",\"width\":1033,\"height\":1033,\"caption\":\"Couteau Laguiole en Aubrac 2 Pi\u00e8ces 12 cm Plein Manche en Croute d\u2019Ivoire de Mammouth avec Tire Bouchon Ressort Guilloch\u00e9 Main Motif Floral Entretoises noires Finition brillante PIECE UNIQUE\"},{\"@type\":\"BreadcrumbList\",\"@id\":\"https:\\\/\\\/laguiole.com\\\/de\\\/produit\\\/laguiole-aubrac-messer-2-stuck-12-cm-vollstiel-hornspitze-mit-korkenzieherplatten-und-messingnieten-copie\\\/#breadcrumb\",\"itemListElement\":[{\"@type\":\"ListItem\",\"position\":1,\"name\":\"Accueil\",\"item\":\"https:\\\/\\\/laguiole.com\\\/de\\\/\"},{\"@type\":\"ListItem\",\"position\":2,\"name\":\"Shop\",\"item\":\"https:\\\/\\\/laguiole.com\\\/de\\\/shop-2\\\/\"},{\"@type\":\"ListItem\",\"position\":3,\"name\":\"Laguiole-Messer in Aubrac 2 St\u00fccke 12 cm, voller Griff in Mammut-Elfenbeinkruste mit Korkenzieherhand, Guilloch\u00e9 Fr\u00fchlingsfloralmuster, schwarze Abstandshalter, gl\u00e4nzende Oberfl\u00e4che, EINZIGARTIGES ST\u00dcCK\"}]},{\"@type\":\"WebSite\",\"@id\":\"https:\\\/\\\/laguiole.com\\\/de\\\/#website\",\"url\":\"https:\\\/\\\/laguiole.com\\\/de\\\/\",\"name\":\"Laguiole.com\",\"description\":\"Laguiole - Couteau laguiole, Chateau Laguiole, Laguiole en Aubrac, Forge de Laguiole\",\"publisher\":{\"@id\":\"https:\\\/\\\/laguiole.com\\\/de\\\/#organization\"},\"potentialAction\":[{\"@type\":\"SearchAction\",\"target\":{\"@type\":\"EntryPoint\",\"urlTemplate\":\"https:\\\/\\\/laguiole.com\\\/de\\\/?s={search_term_string}\"},\"query-input\":{\"@type\":\"PropertyValueSpecification\",\"valueRequired\":true,\"valueName\":\"search_term_string\"}}],\"inLanguage\":\"de\"},{\"@type\":\"Organization\",\"@id\":\"https:\\\/\\\/laguiole.com\\\/de\\\/#organization\",\"name\":\"Laguiole.com\",\"url\":\"https:\\\/\\\/laguiole.com\\\/de\\\/\",\"logo\":{\"@type\":\"ImageObject\",\"inLanguage\":\"de\",\"@id\":\"https:\\\/\\\/laguiole.com\\\/de\\\/#\\\/schema\\\/logo\\\/image\\\/\",\"url\":\"https:\\\/\\\/laguiole.com\\\/wp-content\\\/uploads\\\/2021\\\/02\\\/logo_laguiole.com-horizontal.jpg\",\"contentUrl\":\"https:\\\/\\\/laguiole.com\\\/wp-content\\\/uploads\\\/2021\\\/02\\\/logo_laguiole.com-horizontal.jpg\",\"width\":490,\"height\":156,\"caption\":\"Laguiole.com\"},\"image\":{\"@id\":\"https:\\\/\\\/laguiole.com\\\/de\\\/#\\\/schema\\\/logo\\\/image\\\/\"},\"sameAs\":[\"https:\\\/\\\/www.facebook.com\\\/laguiolecom\\\/\",\"https:\\\/\\\/www.instagram.com\\\/laguiolecom\\\/\",\"https:\\\/\\\/www.youtube.com\\\/@laguiolecom\\\/videos\"]}]}<\/script>\n<!-- \/ Yoast SEO plugin. -->","yoast_head_json":{"title":"Laguiole-Mammut-Elfenbein \u2013 Vollgriff mit Korkenzieher","description":"Artisan Laguiole Cueau mit gro\u00dfem Griff aus riesiger Elfenbeinkruste und Korkenzieher. Ein seltenes St\u00fcck franz\u00f6sisches Besteck.","robots":{"index":"index","follow":"follow","max-snippet":"max-snippet:-1","max-image-preview":"max-image-preview:large","max-video-preview":"max-video-preview:-1"},"canonical":"https:\/\/laguiole.com\/de\/produit\/laguiole-aubrac-messer-2-stuck-12-cm-vollstiel-hornspitze-mit-korkenzieherplatten-und-messingnieten-copie\/","og_locale":"de_DE","og_type":"article","og_title":"Laguiole-Mammut-Elfenbein \u2013 Vollgriff mit Korkenzieher","og_description":"Artisan Laguiole Cueau mit gro\u00dfem Griff aus riesiger Elfenbeinkruste und Korkenzieher. Ein seltenes St\u00fcck franz\u00f6sisches Besteck.","og_url":"https:\/\/laguiole.com\/de\/produit\/laguiole-aubrac-messer-2-stuck-12-cm-vollstiel-hornspitze-mit-korkenzieherplatten-und-messingnieten-copie\/","og_site_name":"Laguiole.com \u00ae","article_publisher":"https:\/\/www.facebook.com\/laguiolecom\/","article_modified_time":"2026-03-11T19:11:39+00:00","og_image":[{"width":1920,"height":854,"url":"https:\/\/laguiole.com\/wp-content\/uploads\/2023\/08\/logo_laguiole_com_\u00ae_300dpi_Noir_et_Blanc.jpg","type":"image\/jpeg"}],"twitter_card":"summary_large_image","twitter_misc":{"Gesch\u00e4tzte Lesezeit":"2\u00a0Minute"},"schema":{"@context":"https:\/\/schema.org","@graph":[{"@type":"WebPage","@id":"https:\/\/laguiole.com\/de\/produit\/laguiole-aubrac-messer-2-stuck-12-cm-vollstiel-hornspitze-mit-korkenzieherplatten-und-messingnieten-copie\/","url":"https:\/\/laguiole.com\/de\/produit\/laguiole-aubrac-messer-2-stuck-12-cm-vollstiel-hornspitze-mit-korkenzieherplatten-und-messingnieten-copie\/","name":"Laguiole-Mammut-Elfenbein \u2013 Vollgriff mit Korkenzieher","isPartOf":{"@id":"https:\/\/laguiole.com\/de\/#website"},"primaryImageOfPage":{"@id":"https:\/\/laguiole.com\/de\/produit\/laguiole-aubrac-messer-2-stuck-12-cm-vollstiel-hornspitze-mit-korkenzieherplatten-und-messingnieten-copie\/#primaryimage"},"image":{"@id":"https:\/\/laguiole.com\/de\/produit\/laguiole-aubrac-messer-2-stuck-12-cm-vollstiel-hornspitze-mit-korkenzieherplatten-und-messingnieten-copie\/#primaryimage"},"thumbnailUrl":"https:\/\/laguiole.com\/wp-content\/uploads\/2026\/03\/CO8C7B1.jpg","datePublished":"2026-03-11T18:40:52+00:00","dateModified":"2026-03-11T19:11:39+00:00","description":"Artisan Laguiole Cueau mit gro\u00dfem Griff aus riesiger Elfenbeinkruste und Korkenzieher. Ein seltenes St\u00fcck franz\u00f6sisches Besteck.","breadcrumb":{"@id":"https:\/\/laguiole.com\/de\/produit\/laguiole-aubrac-messer-2-stuck-12-cm-vollstiel-hornspitze-mit-korkenzieherplatten-und-messingnieten-copie\/#breadcrumb"},"inLanguage":"de","potentialAction":[{"@type":"ReadAction","target":["https:\/\/laguiole.com\/de\/produit\/laguiole-aubrac-messer-2-stuck-12-cm-vollstiel-hornspitze-mit-korkenzieherplatten-und-messingnieten-copie\/"]}]},{"@type":"ImageObject","inLanguage":"de","@id":"https:\/\/laguiole.com\/de\/produit\/laguiole-aubrac-messer-2-stuck-12-cm-vollstiel-hornspitze-mit-korkenzieherplatten-und-messingnieten-copie\/#primaryimage","url":"https:\/\/laguiole.com\/wp-content\/uploads\/2026\/03\/CO8C7B1.jpg","contentUrl":"https:\/\/laguiole.com\/wp-content\/uploads\/2026\/03\/CO8C7B1.jpg","width":1033,"height":1033,"caption":"Couteau Laguiole en Aubrac 2 Pi\u00e8ces 12 cm Plein Manche en Croute d\u2019Ivoire de Mammouth avec Tire Bouchon Ressort Guilloch\u00e9 Main Motif Floral Entretoises noires Finition brillante PIECE UNIQUE"},{"@type":"BreadcrumbList","@id":"https:\/\/laguiole.com\/de\/produit\/laguiole-aubrac-messer-2-stuck-12-cm-vollstiel-hornspitze-mit-korkenzieherplatten-und-messingnieten-copie\/#breadcrumb","itemListElement":[{"@type":"ListItem","position":1,"name":"Accueil","item":"https:\/\/laguiole.com\/de\/"},{"@type":"ListItem","position":2,"name":"Shop","item":"https:\/\/laguiole.com\/de\/shop-2\/"},{"@type":"ListItem","position":3,"name":"Laguiole-Messer in Aubrac 2 St\u00fccke 12 cm, voller Griff in Mammut-Elfenbeinkruste mit Korkenzieherhand, Guilloch\u00e9 Fr\u00fchlingsfloralmuster, schwarze Abstandshalter, gl\u00e4nzende Oberfl\u00e4che, EINZIGARTIGES ST\u00dcCK"}]},{"@type":"WebSite","@id":"https:\/\/laguiole.com\/de\/#website","url":"https:\/\/laguiole.com\/de\/","name":"Laguiole.com","description":"Laguiole - Couteau laguiole, Chateau Laguiole, Laguiole en Aubrac, Forge de Laguiole","publisher":{"@id":"https:\/\/laguiole.com\/de\/#organization"},"potentialAction":[{"@type":"SearchAction","target":{"@type":"EntryPoint","urlTemplate":"https:\/\/laguiole.com\/de\/?s={search_term_string}"},"query-input":{"@type":"PropertyValueSpecification","valueRequired":true,"valueName":"search_term_string"}}],"inLanguage":"de"},{"@type":"Organization","@id":"https:\/\/laguiole.com\/de\/#organization","name":"Laguiole.com","url":"https:\/\/laguiole.com\/de\/","logo":{"@type":"ImageObject","inLanguage":"de","@id":"https:\/\/laguiole.com\/de\/#\/schema\/logo\/image\/","url":"https:\/\/laguiole.com\/wp-content\/uploads\/2021\/02\/logo_laguiole.com-horizontal.jpg","contentUrl":"https:\/\/laguiole.com\/wp-content\/uploads\/2021\/02\/logo_laguiole.com-horizontal.jpg","width":490,"height":156,"caption":"Laguiole.com"},"image":{"@id":"https:\/\/laguiole.com\/de\/#\/schema\/logo\/image\/"},"sameAs":["https:\/\/www.facebook.com\/laguiolecom\/","https:\/\/www.instagram.com\/laguiolecom\/","https:\/\/www.youtube.com\/@laguiolecom\/videos"]}]}},"_links":{"self":[{"href":"https:\/\/laguiole.com\/de\/wp-json\/wp\/v2\/product\/51129","targetHints":{"allow":["GET"]}}],"collection":[{"href":"https:\/\/laguiole.com\/de\/wp-json\/wp\/v2\/product"}],"about":[{"href":"https:\/\/laguiole.com\/de\/wp-json\/wp\/v2\/types\/product"}],"version-history":[{"count":1,"href":"https:\/\/laguiole.com\/de\/wp-json\/wp\/v2\/product\/51129\/revisions"}],"predecessor-version":[{"id":51132,"href":"https:\/\/laguiole.com\/de\/wp-json\/wp\/v2\/product\/51129\/revisions\/51132"}],"wp:featuredmedia":[{"embeddable":true,"href":"https:\/\/laguiole.com\/de\/wp-json\/wp\/v2\/media\/51286"}],"wp:attachment":[{"href":"https:\/\/laguiole.com\/de\/wp-json\/wp\/v2\/media?parent=51129"}],"wp:term":[{"taxonomy":"product_brand","embeddable":true,"href":"https:\/\/laguiole.com\/de\/wp-json\/wp\/v2\/product_brand?post=51129"},{"taxonomy":"product_cat","embeddable":true,"href":"https:\/\/laguiole.com\/de\/wp-json\/wp\/v2\/product_cat?post=51129"},{"taxonomy":"product_tag","embeddable":true,"href":"https:\/\/laguiole.com\/de\/wp-json\/wp\/v2\/product_tag?post=51129"}],"curies":[{"name":"wp","href":"https:\/\/api.w.org\/{rel}","templated":true}]}}