{"id":51002,"date":"2026-03-10T16:24:26","date_gmt":"2026-03-10T15:24:26","guid":{"rendered":"https:\/\/laguiole.com\/?post_type=product&#038;p=51002"},"modified":"2026-03-10T16:54:48","modified_gmt":"2026-03-10T15:54:48","slug":"laguiole-aubrac-messer-1-stuck-12cm-vollgriff-aus-aubrac-holz-perlenplatten-guillochierte-feder-damastklinge-balbach-mouche-prestige-n12-copie","status":"publish","type":"product","link":"https:\/\/laguiole.com\/de\/produit\/laguiole-aubrac-messer-1-stuck-12cm-vollgriff-aus-aubrac-holz-perlenplatten-guillochierte-feder-damastklinge-balbach-mouche-prestige-n12-copie\/","title":{"rendered":"Laguiole Aubrac-Messer 1 St\u00fcck 12 cm Voller Griff aus Aubrac-Holz Hand-Guilloch\u00e9 Feder mit Einsatz Edelstahlring in der Mitte Damascus-Fliegenklinge Stilisiertes Prestige Einzigartiges St\u00fcck"},"content":{"rendered":"<h1 data-section-id=\"tkxnoc\" data-start=\"658\" data-end=\"720\">Kunstmesser mit Vollgriff aus Aubrac-Holz \u2013 Einzigartiges St\u00fcck<\/h1>\n<p data-start=\"722\" data-end=\"985\">Entdecken Sie ein <strong data-start=\"735\" data-end=\"768\">au\u00dfergew\u00f6hnliches handgefertigtes Messer<\/strong>, das vollst\u00e4ndig <strong data-start=\"782\" data-end=\"837\">von einem franz\u00f6sischen Messermeister gefertigt wurde<\/strong>. Dieses technische Messer verbindet edle Materialien mit traditionellem Know-how, um ein St\u00fcck zu schaffen, das ebenso elegant wie effizient ist. <\/p>\n<p data-start=\"987\" data-end=\"1255\">Zuallererst <strong data-start=\"1012\" data-end=\"1079\">entwirft, formt und baut der Messer dieses Messer von Anfang bis Ende in<\/strong> seiner Werkstatt zusammen. Jede einzelne Person f\u00fchrt jeden Fertigungsschritt durch. Dank dieser sorgf\u00e4ltigen Arbeit spiegelt jedes Detail die Leidenschaft und die hohen Standards franz\u00f6sischer Handwerkskunst wider.  <\/p>\n<hr data-start=\"1257\" data-end=\"1260\">\n<h1 data-section-id=\"swomb3\" data-start=\"1262\" data-end=\"1304\">Der Griff \u2013 Der Adel des Aubrac-Holzes<\/h1>\n<p data-start=\"1306\" data-end=\"1428\">Zun\u00e4chst w\u00e4hlt der Messer <strong data-start=\"1345\" data-end=\"1365\">Aubrac-Holz<\/strong>, ein Naturmaterial, das f\u00fcr seine Robustheit und Sch\u00f6nheit gesch\u00e4tzt wird.<\/p>\n<p data-start=\"1430\" data-end=\"1660\">Dieses Holz zeigt <strong data-start=\"1445\" data-end=\"1480\">eine reiche und authentische Ader<\/strong>, in der nat\u00fcrliche Linien einzigartige Muster zeichnen. Diese Variationen verleihen dem Hals einen lebendigen und warmen Charakter. Daher hat jedes St\u00fcck Holz seine eigene Identit\u00e4t.  <\/p>\n<p data-start=\"1662\" data-end=\"1781\">Dann formt der Messer das Messer zu einem <strong data-start=\"1706\" data-end=\"1722\">vollen Griff<\/strong>, der die Solidit\u00e4t und das Gleichgewicht des Ganzen verst\u00e4rkt.<\/p>\n<p data-start=\"1783\" data-end=\"1969\">In der Mitte des Griffs befindet <strong data-start=\"1815\" data-end=\"1836\">sich ein Edelstahlring,<\/strong> der eine moderne und elegante Note verleiht. Dieses Detail unterstreicht die Pr\u00e4zision der Arbeit und schafft einen harmonischen Kontrast zum Holz. <\/p>\n<p data-start=\"1971\" data-end=\"2155\">Im Gegensatz zu traditionellen Modellen <strong data-start=\"2012\" data-end=\"2090\">besitzt dieses Messer kein Hirtenkreuz auf der linken Seite des Griffs<\/strong>, was ihm eine schlankere und zeitgem\u00e4\u00dfere \u00c4sthetik verleiht.<\/p>\n<hr data-start=\"2157\" data-end=\"2160\">\n<h1 data-section-id=\"hyaxns\" data-start=\"2162\" data-end=\"2210\">Die Feder \u2013 Pr\u00e4zisionshandwerk<\/h1>\n<p data-start=\"2212\" data-end=\"2358\">Dann fertigt der Messer <strong data-start=\"2242\" data-end=\"2273\">eine gl\u00e4nzende Edelstahlfeder<\/strong> an, die er <strong data-start=\"2281\" data-end=\"2316\">komplett von Hand guillociert<\/strong>. Diese Arbeit erfordert Geduld und Meisterschaft. <\/p>\n<p data-start=\"2360\" data-end=\"2470\">Die Guilloch\u00e9 bringt dem Messer Erleichterung und Finesse. Sie offenbart auch die handwerkliche Handschrift des Messers. <\/p>\n<p data-start=\"2472\" data-end=\"2618\">Oben an der Quelle schmiedet er <strong data-start=\"2503\" data-end=\"2526\">eine stilisierte Fliege.<\/strong> Dann <strong data-start=\"2540\" data-end=\"2560\">mei\u00dfelte er ihn von Hand<\/strong> , um ihm ein elegantes Relief und einen unverwechselbaren Stil zu verleihen. <\/p>\n<hr data-start=\"2620\" data-end=\"2623\">\n<h1 data-section-id=\"iufzth\" data-start=\"2625\" data-end=\"2655\">Die Klinge \u2013 Die Sch\u00f6nheit von Damaskus<\/h1>\n<p data-start=\"2657\" data-end=\"2714\">Schlie\u00dflich setzt der Messer <strong data-start=\"2686\" data-end=\"2713\">eine Damaststahlklinge ein.<\/strong><\/p>\n<p data-start=\"2716\" data-end=\"2950\">Damaskus zeichnet sich durch <strong data-start=\"2742\" data-end=\"2772\">seine einzigartigen welligen Muster<\/strong> aus, die durch das Schichten und Schmieden verschiedener Stahlschichten entstehen. Diese traditionelle Technik verleiht der Klinge <strong data-start=\"2895\" data-end=\"2949\">St\u00e4rke, Flexibilit\u00e4t und au\u00dfergew\u00f6hnliche \u00c4sthetik.<\/strong> <\/p>\n<p data-start=\"2952\" data-end=\"3033\">Jede Damastklinge hat <strong data-start=\"2984\" data-end=\"3004\">ein einzigartiges Design<\/strong>, das mit einem Abdruck vergleichbar ist.<\/p>\n<hr data-start=\"3035\" data-end=\"3038\">\n<h1 data-section-id=\"1ibb59h\" data-start=\"3040\" data-end=\"3099\">Eine Kreation, die vollst\u00e4ndig von einem Meisterschneider geschaffen wurde<\/h1>\n<p data-start=\"3101\" data-end=\"3273\">Von Anfang bis Ende <strong data-start=\"3120\" data-end=\"3184\">f\u00fchrt ein einzelner Mastermesser jeden Schritt des Herstellungsprozesses durch<\/strong>. Er w\u00e4hlt die Materialien aus, formt die St\u00fccke und fertigt alle Oberfl\u00e4chen von Hand an. <\/p>\n<p data-start=\"3275\" data-end=\"3383\">Dann stellt er die Elemente pr\u00e4zise an und setzt sie zusammen, um ein perfekt ausbalanciertes Messer zu erhalten.<\/p>\n<p data-start=\"3385\" data-end=\"3536\">Dank dieser vollst\u00e4ndigen Handwerkskunst wird dieses Messer <strong data-start=\"3442\" data-end=\"3493\">zu einer wahren Sch\u00f6pfung franz\u00f6sischer Besteckkunst<\/strong>, sowohl technisch, elegant als auch langlebig.<\/p>\n<hr data-start=\"3538\" data-end=\"3541\">\n<h1 data-section-id=\"myslhq\" data-start=\"3543\" data-end=\"3561\">Merkmale<\/h1>\n<ul data-start=\"3563\" data-end=\"4035\">\n<li data-section-id=\"189rq0r\" data-start=\"3563\" data-end=\"3608\">\n<p data-start=\"3565\" data-end=\"3608\"><strong data-start=\"3565\" data-end=\"3575\">Typ:<\/strong> Ganzheftiges Bastelmesser<\/p>\n<\/li>\n<li data-section-id=\"11fkwfs\" data-start=\"3609\" data-end=\"3652\">\n<p data-start=\"3611\" data-end=\"3652\"><strong data-start=\"3611\" data-end=\"3628\">Herstellung:<\/strong> vollst\u00e4ndig handgefertigt<\/p>\n<\/li>\n<li data-section-id=\"12fe7kk\" data-start=\"3653\" data-end=\"3698\">\n<p data-start=\"3655\" data-end=\"3698\"><strong data-start=\"3655\" data-end=\"3670\">Cutler:<\/strong> Franz\u00f6sischer Master Cutler<\/p>\n<\/li>\n<li data-section-id=\"16eqkaa\" data-start=\"3699\" data-end=\"3729\">\n<p data-start=\"3701\" data-end=\"3729\"><strong data-start=\"3701\" data-end=\"3713\">Stiel:<\/strong> Aubrac-Holz<\/p>\n<\/li>\n<li data-section-id=\"n1zvst\" data-start=\"3730\" data-end=\"3765\">\n<p data-start=\"3732\" data-end=\"3765\"><strong data-start=\"3732\" data-end=\"3750\">Konstruktion:<\/strong> Voller Griff<\/p>\n<\/li>\n<li data-section-id=\"zgdayr\" data-start=\"3766\" data-end=\"3813\">\n<p data-start=\"3768\" data-end=\"3813\"><strong data-start=\"3768\" data-end=\"3780\">Einsatz:<\/strong> Edelstahlring in der Mitte des Griffs<\/p>\n<\/li>\n<li data-section-id=\"74hbel\" data-start=\"3814\" data-end=\"3861\">\n<p data-start=\"3816\" data-end=\"3861\"><strong data-start=\"3816\" data-end=\"3830\">Platten:<\/strong> einzelne gl\u00e4nzende Edelstahlplatte<\/p>\n<\/li>\n<li data-section-id=\"1row06m\" data-start=\"3862\" data-end=\"3913\">\n<p data-start=\"3864\" data-end=\"3913\"><strong data-start=\"3864\" data-end=\"3877\">Feder:<\/strong> hand-guilloch\u00e9 gl\u00e4nzender Edelstahl<\/p>\n<\/li>\n<li data-section-id=\"17c3j3h\" data-start=\"3914\" data-end=\"3974\">\n<p data-start=\"3916\" data-end=\"3974\"><strong data-start=\"3916\" data-end=\"3928\">Schnurr:<\/strong> stilisierter Fliege, von Hand geschmiedet und gemei\u00dfelt<\/p>\n<\/li>\n<li data-section-id=\"11auir5\" data-start=\"3975\" data-end=\"4001\">\n<p data-start=\"3977\" data-end=\"4001\"><strong data-start=\"3977\" data-end=\"3987\">Klinge:<\/strong> Damaskusstahl<\/p>\n<\/li>\n<li data-section-id=\"1gleer7\" data-start=\"4002\" data-end=\"4035\">\n<p data-start=\"4004\" data-end=\"4035\"><strong data-start=\"4004\" data-end=\"4025\">Hirtenkreuz:<\/strong> abwesend<\/p>\n<\/li>\n<\/ul>\n<hr data-start=\"4037\" data-end=\"4040\">\n<p data-start=\"4042\" data-end=\"4242\">\u2714 <strong data-start=\"4044\" data-end=\"4080\">Handgefertigt in Frankreich<\/strong><br data-start=\"4080\" data-end=\"4083\">\u2714 <strong data-start=\"4085\" data-end=\"4118\">Vollst\u00e4ndig handgefertigte Arbeiten<\/strong><br data-start=\"4118\" data-end=\"4121\">\u2714 <strong data-start=\"4123\" data-end=\"4144\">Einzelne Damaskusklinge<\/strong><br data-start=\"4144\" data-end=\"4147\">\u2714 <strong data-start=\"4149\" data-end=\"4181\">Edle und langlebige Materialien<\/strong><br data-start=\"4181\" data-end=\"4184\">\u2714 <strong data-start=\"4186\" data-end=\"4242\">Charakterobjekt f\u00fcr Liebhaber feines Bestecks<\/strong><\/p>\n","protected":false},"excerpt":{"rendered":"<p>Laguiole-Klappmesser aus Aubrac Einzigartige Damaskusklinge<br \/>\nmit Lasche zum \u00d6ffnen<br \/>\nVoller Griff aus Aubrac-Holz mit einem Einsatz eines gl\u00e4nzenden Edelstahlrings in der Mitte<br \/>\nPrestige-Schleuse geschmiedet, stilisiert und gemei\u00dfelt von Hand<br \/>\ngeschmiedet und aus Guilloch\u00e9 Hand aus gl\u00e4nzendem<br \/>\nEdelstahl Einzelplatte aus gl\u00e4nzendem<br \/>\nEdelstahl ohne Sch\u00e4ferkreuz auf der linken Seite des Messers.<\/p>\n<p>L\u00e4nge des geschlossenen Messers: 12 cm<br \/>\nL\u00e4nge der Klinge: 10 cm<br \/>\nL\u00e4nge des offenen Messers: 22 cm<\/p>\n","protected":false},"featured_media":51222,"template":"","meta":{"_acf_changed":false,"_monsterinsights_skip_tracking":false,"_monsterinsights_sitenote_active":false,"_monsterinsights_sitenote_note":"","_monsterinsights_sitenote_category":0},"product_brand":[],"product_cat":[5938,5939,5943],"product_tag":[],"class_list":{"0":"post-51002","1":"product","2":"type-product","3":"status-publish","4":"has-post-thumbnail","6":"product_cat-klappmesser","7":"product_cat-laguiole-klappmesser","8":"product_cat-laguiole-prestiges-messer","9":"pa_composition-couteau-1-stueck-nur-klinge","10":"pa_finition-brillant","11":"pa_lame-damaskus","12":"pa_manche-en-bois-aubrac-holz","13":"pa_marque-laguiole-en-aubracfr","14":"pa_mitres-ohne-gehrung-vollstaendige-huelse","15":"pa_mouche-geschmiedet","16":"pa_mouche-prestige","17":"pa_platines-einzelplatin","18":"pa_ressort-guilloche","19":"pa_taille-du-manche-12-cm","20":"tm-has-options","23":"instock","24":"taxable","25":"shipping-taxable","26":"purchasable","27":"product-type-simple"},"supplier_id":null,"supplier_sku":"","barcode":null,"atum_controlled":true,"out_stock_date":null,"out_stock_threshold":null,"inheritable":false,"inbound_stock":0,"stock_on_hold":0,"sold_today":0,"sales_last_days":0,"reserved_stock":0,"customer_returns":0,"warehouse_damage":0,"lost_in_post":0,"other_logs":0,"out_stock_days":0,"lost_sales":0,"has_location":false,"update_date":"2026-05-08T00:51:13","atum_locations":[],"atum_stock_status":"instock","restock_status":false,"low_stock_amount":"","sales_update_date":"2026-05-08T00:51:13","calc_backorders":0,"acf":[],"yoast_head":"<!-- This site is optimized with the Yoast SEO plugin v27.3 - https:\/\/yoast.com\/product\/yoast-seo-wordpress\/ -->\n<title>Handgefertigtes Messer mit Damaskusklinge \u2013 handgefertigtes Aubrac-Holz<\/title>\n<meta name=\"description\" content=\"Handwerkliches Damaskusklingenmesser aus Aubrac-Holz und handwerkliches Messer. Guilloch\u00e9-Feder, Edelstahlring und geschmiedeter Flieger f\u00fcr eine einzigartige Kreation.\" \/>\n<meta name=\"robots\" content=\"index, follow, max-snippet:-1, max-image-preview:large, max-video-preview:-1\" \/>\n<link rel=\"canonical\" href=\"https:\/\/laguiole.com\/de\/produit\/laguiole-aubrac-messer-1-stuck-12cm-vollgriff-aus-aubrac-holz-perlenplatten-guillochierte-feder-damastklinge-balbach-mouche-prestige-n12-copie\/\" \/>\n<meta property=\"og:locale\" content=\"de_DE\" \/>\n<meta property=\"og:type\" content=\"article\" \/>\n<meta property=\"og:title\" content=\"Handgefertigtes Messer mit Damaskusklinge \u2013 handgefertigtes Aubrac-Holz\" \/>\n<meta property=\"og:description\" content=\"Handwerkliches Damaskusklingenmesser aus Aubrac-Holz und handwerkliches Messer. Guilloch\u00e9-Feder, Edelstahlring und geschmiedeter Flieger f\u00fcr eine einzigartige Kreation.\" \/>\n<meta property=\"og:url\" content=\"https:\/\/laguiole.com\/de\/produit\/laguiole-aubrac-messer-1-stuck-12cm-vollgriff-aus-aubrac-holz-perlenplatten-guillochierte-feder-damastklinge-balbach-mouche-prestige-n12-copie\/\" \/>\n<meta property=\"og:site_name\" content=\"Laguiole.com \u00ae\" \/>\n<meta property=\"article:publisher\" content=\"https:\/\/www.facebook.com\/laguiolecom\/\" \/>\n<meta property=\"article:modified_time\" content=\"2026-03-10T15:54:48+00:00\" \/>\n<meta property=\"og:image\" content=\"https:\/\/laguiole.com\/wp-content\/uploads\/2023\/08\/logo_laguiole_com_\u00ae_300dpi_Noir_et_Blanc.jpg\" \/>\n\t<meta property=\"og:image:width\" content=\"1920\" \/>\n\t<meta property=\"og:image:height\" content=\"854\" \/>\n\t<meta property=\"og:image:type\" content=\"image\/jpeg\" \/>\n<meta name=\"twitter:card\" content=\"summary_large_image\" \/>\n<meta name=\"twitter:label1\" content=\"Gesch\u00e4tzte Lesezeit\" \/>\n\t<meta name=\"twitter:data1\" content=\"3\u00a0Minute\" \/>\n<script type=\"application\/ld+json\" class=\"yoast-schema-graph\">{\"@context\":\"https:\\\/\\\/schema.org\",\"@graph\":[{\"@type\":\"WebPage\",\"@id\":\"https:\\\/\\\/laguiole.com\\\/de\\\/produit\\\/laguiole-aubrac-messer-1-stuck-12cm-vollgriff-aus-aubrac-holz-perlenplatten-guillochierte-feder-damastklinge-balbach-mouche-prestige-n12-copie\\\/\",\"url\":\"https:\\\/\\\/laguiole.com\\\/de\\\/produit\\\/laguiole-aubrac-messer-1-stuck-12cm-vollgriff-aus-aubrac-holz-perlenplatten-guillochierte-feder-damastklinge-balbach-mouche-prestige-n12-copie\\\/\",\"name\":\"Handgefertigtes Messer mit Damaskusklinge \u2013 handgefertigtes Aubrac-Holz\",\"isPartOf\":{\"@id\":\"https:\\\/\\\/laguiole.com\\\/de\\\/#website\"},\"primaryImageOfPage\":{\"@id\":\"https:\\\/\\\/laguiole.com\\\/de\\\/produit\\\/laguiole-aubrac-messer-1-stuck-12cm-vollgriff-aus-aubrac-holz-perlenplatten-guillochierte-feder-damastklinge-balbach-mouche-prestige-n12-copie\\\/#primaryimage\"},\"image\":{\"@id\":\"https:\\\/\\\/laguiole.com\\\/de\\\/produit\\\/laguiole-aubrac-messer-1-stuck-12cm-vollgriff-aus-aubrac-holz-perlenplatten-guillochierte-feder-damastklinge-balbach-mouche-prestige-n12-copie\\\/#primaryimage\"},\"thumbnailUrl\":\"https:\\\/\\\/laguiole.com\\\/wp-content\\\/uploads\\\/2026\\\/03\\\/Couteau_Laguiole_en_Aubrac_Plein_Manche_Bois_Aubrac_Ressort_Guilloche_insert_Bague_inox_au_centre_Lame_Damas_Mouche_Prestige_Stylisee_Piece_Unique_00.jpg\",\"datePublished\":\"2026-03-10T15:24:26+00:00\",\"dateModified\":\"2026-03-10T15:54:48+00:00\",\"description\":\"Handwerkliches Damaskusklingenmesser aus Aubrac-Holz und handwerkliches Messer. Guilloch\u00e9-Feder, Edelstahlring und geschmiedeter Flieger f\u00fcr eine einzigartige Kreation.\",\"breadcrumb\":{\"@id\":\"https:\\\/\\\/laguiole.com\\\/de\\\/produit\\\/laguiole-aubrac-messer-1-stuck-12cm-vollgriff-aus-aubrac-holz-perlenplatten-guillochierte-feder-damastklinge-balbach-mouche-prestige-n12-copie\\\/#breadcrumb\"},\"inLanguage\":\"de\",\"potentialAction\":[{\"@type\":\"ReadAction\",\"target\":[\"https:\\\/\\\/laguiole.com\\\/de\\\/produit\\\/laguiole-aubrac-messer-1-stuck-12cm-vollgriff-aus-aubrac-holz-perlenplatten-guillochierte-feder-damastklinge-balbach-mouche-prestige-n12-copie\\\/\"]}]},{\"@type\":\"ImageObject\",\"inLanguage\":\"de\",\"@id\":\"https:\\\/\\\/laguiole.com\\\/de\\\/produit\\\/laguiole-aubrac-messer-1-stuck-12cm-vollgriff-aus-aubrac-holz-perlenplatten-guillochierte-feder-damastklinge-balbach-mouche-prestige-n12-copie\\\/#primaryimage\",\"url\":\"https:\\\/\\\/laguiole.com\\\/wp-content\\\/uploads\\\/2026\\\/03\\\/Couteau_Laguiole_en_Aubrac_Plein_Manche_Bois_Aubrac_Ressort_Guilloche_insert_Bague_inox_au_centre_Lame_Damas_Mouche_Prestige_Stylisee_Piece_Unique_00.jpg\",\"contentUrl\":\"https:\\\/\\\/laguiole.com\\\/wp-content\\\/uploads\\\/2026\\\/03\\\/Couteau_Laguiole_en_Aubrac_Plein_Manche_Bois_Aubrac_Ressort_Guilloche_insert_Bague_inox_au_centre_Lame_Damas_Mouche_Prestige_Stylisee_Piece_Unique_00.jpg\",\"width\":1033,\"height\":1033,\"caption\":\"Couteau Laguiole en Aubrac 1 pi\u00e8ce 12cm Plein Manche en Bois d\u2019Aubrac Ressort Guilloch\u00e9 \u00e0 la main avec insert Bague inox au centre Lame Damas Mouche Prestige Stylis\u00e9e Pi\u00e8ce Unique\"},{\"@type\":\"BreadcrumbList\",\"@id\":\"https:\\\/\\\/laguiole.com\\\/de\\\/produit\\\/laguiole-aubrac-messer-1-stuck-12cm-vollgriff-aus-aubrac-holz-perlenplatten-guillochierte-feder-damastklinge-balbach-mouche-prestige-n12-copie\\\/#breadcrumb\",\"itemListElement\":[{\"@type\":\"ListItem\",\"position\":1,\"name\":\"Accueil\",\"item\":\"https:\\\/\\\/laguiole.com\\\/de\\\/\"},{\"@type\":\"ListItem\",\"position\":2,\"name\":\"Shop\",\"item\":\"https:\\\/\\\/laguiole.com\\\/de\\\/shop-2\\\/\"},{\"@type\":\"ListItem\",\"position\":3,\"name\":\"Laguiole Aubrac-Messer 1 St\u00fcck 12 cm Voller Griff aus Aubrac-Holz Hand-Guilloch\u00e9 Feder mit Einsatz Edelstahlring in der Mitte Damascus-Fliegenklinge Stilisiertes Prestige Einzigartiges St\u00fcck\"}]},{\"@type\":\"WebSite\",\"@id\":\"https:\\\/\\\/laguiole.com\\\/de\\\/#website\",\"url\":\"https:\\\/\\\/laguiole.com\\\/de\\\/\",\"name\":\"Laguiole.com\",\"description\":\"Laguiole - Couteau laguiole, Chateau Laguiole, Laguiole en Aubrac, Forge de Laguiole\",\"publisher\":{\"@id\":\"https:\\\/\\\/laguiole.com\\\/de\\\/#organization\"},\"potentialAction\":[{\"@type\":\"SearchAction\",\"target\":{\"@type\":\"EntryPoint\",\"urlTemplate\":\"https:\\\/\\\/laguiole.com\\\/de\\\/?s={search_term_string}\"},\"query-input\":{\"@type\":\"PropertyValueSpecification\",\"valueRequired\":true,\"valueName\":\"search_term_string\"}}],\"inLanguage\":\"de\"},{\"@type\":\"Organization\",\"@id\":\"https:\\\/\\\/laguiole.com\\\/de\\\/#organization\",\"name\":\"Laguiole.com\",\"url\":\"https:\\\/\\\/laguiole.com\\\/de\\\/\",\"logo\":{\"@type\":\"ImageObject\",\"inLanguage\":\"de\",\"@id\":\"https:\\\/\\\/laguiole.com\\\/de\\\/#\\\/schema\\\/logo\\\/image\\\/\",\"url\":\"https:\\\/\\\/laguiole.com\\\/wp-content\\\/uploads\\\/2021\\\/02\\\/logo_laguiole.com-horizontal.jpg\",\"contentUrl\":\"https:\\\/\\\/laguiole.com\\\/wp-content\\\/uploads\\\/2021\\\/02\\\/logo_laguiole.com-horizontal.jpg\",\"width\":490,\"height\":156,\"caption\":\"Laguiole.com\"},\"image\":{\"@id\":\"https:\\\/\\\/laguiole.com\\\/de\\\/#\\\/schema\\\/logo\\\/image\\\/\"},\"sameAs\":[\"https:\\\/\\\/www.facebook.com\\\/laguiolecom\\\/\",\"https:\\\/\\\/www.instagram.com\\\/laguiolecom\\\/\",\"https:\\\/\\\/www.youtube.com\\\/@laguiolecom\\\/videos\"]}]}<\/script>\n<!-- \/ Yoast SEO plugin. -->","yoast_head_json":{"title":"Handgefertigtes Messer mit Damaskusklinge \u2013 handgefertigtes Aubrac-Holz","description":"Handwerkliches Damaskusklingenmesser aus Aubrac-Holz und handwerkliches Messer. Guilloch\u00e9-Feder, Edelstahlring und geschmiedeter Flieger f\u00fcr eine einzigartige Kreation.","robots":{"index":"index","follow":"follow","max-snippet":"max-snippet:-1","max-image-preview":"max-image-preview:large","max-video-preview":"max-video-preview:-1"},"canonical":"https:\/\/laguiole.com\/de\/produit\/laguiole-aubrac-messer-1-stuck-12cm-vollgriff-aus-aubrac-holz-perlenplatten-guillochierte-feder-damastklinge-balbach-mouche-prestige-n12-copie\/","og_locale":"de_DE","og_type":"article","og_title":"Handgefertigtes Messer mit Damaskusklinge \u2013 handgefertigtes Aubrac-Holz","og_description":"Handwerkliches Damaskusklingenmesser aus Aubrac-Holz und handwerkliches Messer. Guilloch\u00e9-Feder, Edelstahlring und geschmiedeter Flieger f\u00fcr eine einzigartige Kreation.","og_url":"https:\/\/laguiole.com\/de\/produit\/laguiole-aubrac-messer-1-stuck-12cm-vollgriff-aus-aubrac-holz-perlenplatten-guillochierte-feder-damastklinge-balbach-mouche-prestige-n12-copie\/","og_site_name":"Laguiole.com \u00ae","article_publisher":"https:\/\/www.facebook.com\/laguiolecom\/","article_modified_time":"2026-03-10T15:54:48+00:00","og_image":[{"width":1920,"height":854,"url":"https:\/\/laguiole.com\/wp-content\/uploads\/2023\/08\/logo_laguiole_com_\u00ae_300dpi_Noir_et_Blanc.jpg","type":"image\/jpeg"}],"twitter_card":"summary_large_image","twitter_misc":{"Gesch\u00e4tzte Lesezeit":"3\u00a0Minute"},"schema":{"@context":"https:\/\/schema.org","@graph":[{"@type":"WebPage","@id":"https:\/\/laguiole.com\/de\/produit\/laguiole-aubrac-messer-1-stuck-12cm-vollgriff-aus-aubrac-holz-perlenplatten-guillochierte-feder-damastklinge-balbach-mouche-prestige-n12-copie\/","url":"https:\/\/laguiole.com\/de\/produit\/laguiole-aubrac-messer-1-stuck-12cm-vollgriff-aus-aubrac-holz-perlenplatten-guillochierte-feder-damastklinge-balbach-mouche-prestige-n12-copie\/","name":"Handgefertigtes Messer mit Damaskusklinge \u2013 handgefertigtes Aubrac-Holz","isPartOf":{"@id":"https:\/\/laguiole.com\/de\/#website"},"primaryImageOfPage":{"@id":"https:\/\/laguiole.com\/de\/produit\/laguiole-aubrac-messer-1-stuck-12cm-vollgriff-aus-aubrac-holz-perlenplatten-guillochierte-feder-damastklinge-balbach-mouche-prestige-n12-copie\/#primaryimage"},"image":{"@id":"https:\/\/laguiole.com\/de\/produit\/laguiole-aubrac-messer-1-stuck-12cm-vollgriff-aus-aubrac-holz-perlenplatten-guillochierte-feder-damastklinge-balbach-mouche-prestige-n12-copie\/#primaryimage"},"thumbnailUrl":"https:\/\/laguiole.com\/wp-content\/uploads\/2026\/03\/Couteau_Laguiole_en_Aubrac_Plein_Manche_Bois_Aubrac_Ressort_Guilloche_insert_Bague_inox_au_centre_Lame_Damas_Mouche_Prestige_Stylisee_Piece_Unique_00.jpg","datePublished":"2026-03-10T15:24:26+00:00","dateModified":"2026-03-10T15:54:48+00:00","description":"Handwerkliches Damaskusklingenmesser aus Aubrac-Holz und handwerkliches Messer. Guilloch\u00e9-Feder, Edelstahlring und geschmiedeter Flieger f\u00fcr eine einzigartige Kreation.","breadcrumb":{"@id":"https:\/\/laguiole.com\/de\/produit\/laguiole-aubrac-messer-1-stuck-12cm-vollgriff-aus-aubrac-holz-perlenplatten-guillochierte-feder-damastklinge-balbach-mouche-prestige-n12-copie\/#breadcrumb"},"inLanguage":"de","potentialAction":[{"@type":"ReadAction","target":["https:\/\/laguiole.com\/de\/produit\/laguiole-aubrac-messer-1-stuck-12cm-vollgriff-aus-aubrac-holz-perlenplatten-guillochierte-feder-damastklinge-balbach-mouche-prestige-n12-copie\/"]}]},{"@type":"ImageObject","inLanguage":"de","@id":"https:\/\/laguiole.com\/de\/produit\/laguiole-aubrac-messer-1-stuck-12cm-vollgriff-aus-aubrac-holz-perlenplatten-guillochierte-feder-damastklinge-balbach-mouche-prestige-n12-copie\/#primaryimage","url":"https:\/\/laguiole.com\/wp-content\/uploads\/2026\/03\/Couteau_Laguiole_en_Aubrac_Plein_Manche_Bois_Aubrac_Ressort_Guilloche_insert_Bague_inox_au_centre_Lame_Damas_Mouche_Prestige_Stylisee_Piece_Unique_00.jpg","contentUrl":"https:\/\/laguiole.com\/wp-content\/uploads\/2026\/03\/Couteau_Laguiole_en_Aubrac_Plein_Manche_Bois_Aubrac_Ressort_Guilloche_insert_Bague_inox_au_centre_Lame_Damas_Mouche_Prestige_Stylisee_Piece_Unique_00.jpg","width":1033,"height":1033,"caption":"Couteau Laguiole en Aubrac 1 pi\u00e8ce 12cm Plein Manche en Bois d\u2019Aubrac Ressort Guilloch\u00e9 \u00e0 la main avec insert Bague inox au centre Lame Damas Mouche Prestige Stylis\u00e9e Pi\u00e8ce Unique"},{"@type":"BreadcrumbList","@id":"https:\/\/laguiole.com\/de\/produit\/laguiole-aubrac-messer-1-stuck-12cm-vollgriff-aus-aubrac-holz-perlenplatten-guillochierte-feder-damastklinge-balbach-mouche-prestige-n12-copie\/#breadcrumb","itemListElement":[{"@type":"ListItem","position":1,"name":"Accueil","item":"https:\/\/laguiole.com\/de\/"},{"@type":"ListItem","position":2,"name":"Shop","item":"https:\/\/laguiole.com\/de\/shop-2\/"},{"@type":"ListItem","position":3,"name":"Laguiole Aubrac-Messer 1 St\u00fcck 12 cm Voller Griff aus Aubrac-Holz Hand-Guilloch\u00e9 Feder mit Einsatz Edelstahlring in der Mitte Damascus-Fliegenklinge Stilisiertes Prestige Einzigartiges St\u00fcck"}]},{"@type":"WebSite","@id":"https:\/\/laguiole.com\/de\/#website","url":"https:\/\/laguiole.com\/de\/","name":"Laguiole.com","description":"Laguiole - Couteau laguiole, Chateau Laguiole, Laguiole en Aubrac, Forge de Laguiole","publisher":{"@id":"https:\/\/laguiole.com\/de\/#organization"},"potentialAction":[{"@type":"SearchAction","target":{"@type":"EntryPoint","urlTemplate":"https:\/\/laguiole.com\/de\/?s={search_term_string}"},"query-input":{"@type":"PropertyValueSpecification","valueRequired":true,"valueName":"search_term_string"}}],"inLanguage":"de"},{"@type":"Organization","@id":"https:\/\/laguiole.com\/de\/#organization","name":"Laguiole.com","url":"https:\/\/laguiole.com\/de\/","logo":{"@type":"ImageObject","inLanguage":"de","@id":"https:\/\/laguiole.com\/de\/#\/schema\/logo\/image\/","url":"https:\/\/laguiole.com\/wp-content\/uploads\/2021\/02\/logo_laguiole.com-horizontal.jpg","contentUrl":"https:\/\/laguiole.com\/wp-content\/uploads\/2021\/02\/logo_laguiole.com-horizontal.jpg","width":490,"height":156,"caption":"Laguiole.com"},"image":{"@id":"https:\/\/laguiole.com\/de\/#\/schema\/logo\/image\/"},"sameAs":["https:\/\/www.facebook.com\/laguiolecom\/","https:\/\/www.instagram.com\/laguiolecom\/","https:\/\/www.youtube.com\/@laguiolecom\/videos"]}]}},"_links":{"self":[{"href":"https:\/\/laguiole.com\/de\/wp-json\/wp\/v2\/product\/51002","targetHints":{"allow":["GET"]}}],"collection":[{"href":"https:\/\/laguiole.com\/de\/wp-json\/wp\/v2\/product"}],"about":[{"href":"https:\/\/laguiole.com\/de\/wp-json\/wp\/v2\/types\/product"}],"version-history":[{"count":1,"href":"https:\/\/laguiole.com\/de\/wp-json\/wp\/v2\/product\/51002\/revisions"}],"predecessor-version":[{"id":51005,"href":"https:\/\/laguiole.com\/de\/wp-json\/wp\/v2\/product\/51002\/revisions\/51005"}],"wp:featuredmedia":[{"embeddable":true,"href":"https:\/\/laguiole.com\/de\/wp-json\/wp\/v2\/media\/51222"}],"wp:attachment":[{"href":"https:\/\/laguiole.com\/de\/wp-json\/wp\/v2\/media?parent=51002"}],"wp:term":[{"taxonomy":"product_brand","embeddable":true,"href":"https:\/\/laguiole.com\/de\/wp-json\/wp\/v2\/product_brand?post=51002"},{"taxonomy":"product_cat","embeddable":true,"href":"https:\/\/laguiole.com\/de\/wp-json\/wp\/v2\/product_cat?post=51002"},{"taxonomy":"product_tag","embeddable":true,"href":"https:\/\/laguiole.com\/de\/wp-json\/wp\/v2\/product_tag?post=51002"}],"curies":[{"name":"wp","href":"https:\/\/api.w.org\/{rel}","templated":true}]}}