{"id":50976,"date":"2026-03-10T12:38:27","date_gmt":"2026-03-10T11:38:27","guid":{"rendered":"https:\/\/laguiole.com\/?post_type=product&#038;p=50976"},"modified":"2026-03-10T13:02:08","modified_gmt":"2026-03-10T12:02:08","slug":"laguiole-messer-in-aubrac-1-stuck-12-cm-voller-griff-in-albizia-feder-und-guilloche-platten-fliegen-prestige-einzigartiges-stuck-copie","status":"publish","type":"product","link":"https:\/\/laguiole.com\/de\/produit\/laguiole-messer-in-aubrac-1-stuck-12-cm-voller-griff-in-albizia-feder-und-guilloche-platten-fliegen-prestige-einzigartiges-stuck-copie\/","title":{"rendered":"Laguiole-Messer in Aubrac 1 St\u00fcck 12 cm Vollgriff in Wacholderfeder und Guilloch\u00e9 Messingplatten Flies Prestige EINZIGARTIGES ST\u00dcCK"},"content":{"rendered":"<h1 data-section-id=\"1sj3brf\" data-start=\"686\" data-end=\"746\">Laguiole-Messer 12 cm einzigartig \u2013 Wacholderstiel<\/h1>\n<p data-start=\"748\" data-end=\"1007\">Entdecken Sie ein <strong data-start=\"761\" data-end=\"803\">einzigartiges 12-cm-Laguiole-Messer<\/strong>, das vollst\u00e4ndig von einem <strong data-start=\"832\" data-end=\"874\">Meistermesser von Laguiole in Aubrac<\/strong> geformt wurde. Die Ma\u00dfe von <strong data-start=\"892\" data-end=\"943\">12 cm entspricht der L\u00e4nge des geschlossenen Messers,<\/strong> eine Gr\u00f6\u00dfe, die f\u00fcr seine Eleganz und Bequemlichkeit in der Hand gesch\u00e4tzt wird. <\/p>\n<p data-start=\"1009\" data-end=\"1233\">Dieses Messer ist das Ergebnis <strong data-start=\"1041\" data-end=\"1070\">vollst\u00e4ndiger Handwerkskunst<\/strong>, von Anfang bis Ende vom Messer ausgef\u00fchrt. Jedes Teil wird pr\u00e4zise geformt, angepasst und zusammengesetzt, um ein einzigartiges und au\u00dfergew\u00f6hnliches Messer zu schaffen. <\/p>\n<hr data-start=\"1235\" data-end=\"1238\">\n<h2 data-section-id=\"lragmk\" data-start=\"1240\" data-end=\"1271\">Ein edler Wacholderstiel<\/h2>\n<p data-start=\"1273\" data-end=\"1483\">Zun\u00e4chst einmal zeichnet sich dieses Messer durch seinen <strong data-start=\"1319\" data-end=\"1350\">Griff aus Wacholderholz<\/strong> aus. Dieses edle Holz wird f\u00fcr seine nat\u00fcrliche Maserung und seinen warmen Charakter gesch\u00e4tzt. Jeder Griff hat eine einzigartige \u00c4sthetik.  <\/p>\n<p data-start=\"1485\" data-end=\"1648\">Als n\u00e4chstes verf\u00fcgt das Messer \u00fcber <strong data-start=\"1514\" data-end=\"1541\">Messingplatten<\/strong>, <strong data-start=\"1543\" data-end=\"1574\">die sch\u00f6n von Hand gemei\u00dfelt<\/strong> sind. Diese dekorative Arbeit verleiht dem gesamten Messer Eleganz und Erleichterung. <\/p>\n<hr data-start=\"1650\" data-end=\"1653\">\n<h2 data-section-id=\"5gghoz\" data-start=\"1655\" data-end=\"1695\">Au\u00dfergew\u00f6hnliche handgefertigte Oberfl\u00e4chen<\/h2>\n<p data-start=\"1697\" data-end=\"1845\">Die <strong data-start=\"1700\" data-end=\"1733\">mit Satin geb\u00fcrstete Edelstahlfeder<\/strong> ist ebenfalls <strong data-start=\"1748\" data-end=\"1777\">fein von Hand gemei\u00dfelt<\/strong>. Diese sorgf\u00e4ltige Arbeit unterstreicht das Know-how des Meistermessers. <\/p>\n<p data-start=\"1847\" data-end=\"2035\">Der <strong data-start=\"1850\" data-end=\"1876\">prestigegeschmiedete Fliege,<\/strong> ebenfalls aus <strong data-start=\"1891\" data-end=\"1913\">satingeb\u00fcrstetem Edelstahl<\/strong>, wird <strong data-start=\"1919\" data-end=\"1939\">fein von Hand gemei\u00dfelt<\/strong>. Es ist eine wahre k\u00fcnstlerische Signatur und unterstreicht den einzigartigen Charakter des Werks. <\/p>\n<hr data-start=\"2037\" data-end=\"2040\">\n<h2 data-section-id=\"1s3kcfr\" data-start=\"2042\" data-end=\"2077\">Eine angesehene Laguiole-Tradition<\/h2>\n<p data-start=\"2079\" data-end=\"2226\">Am Griff befindet sich das <strong data-start=\"2105\" data-end=\"2124\">Hirtenkreuz<\/strong>, das emblematische Symbol des Laguiole-Bestecks. Er wird mit <strong data-start=\"2205\" data-end=\"2225\">Messingnieten<\/strong> hergestellt. <\/p>\n<p data-start=\"2228\" data-end=\"2327\">Die <strong data-start=\"2232\" data-end=\"2279\">Messernieten bestehen aus Edelstahl und Messing<\/strong>, was sowohl Festigkeit als auch Eleganz verleiht.<\/p>\n<p data-start=\"2329\" data-end=\"2482\">Die <strong data-start=\"2332\" data-end=\"2367\">geb\u00fcrstete Edelstahlklinge<\/strong> vervollst\u00e4ndigt das Gesamtpaket perfekt. Sie bietet ein n\u00fcchternes und raffiniertes Finish, das die Linie des Messers betont. <\/p>\n<hr data-start=\"2484\" data-end=\"2487\">\n<h2 data-section-id=\"1kme28v\" data-start=\"2489\" data-end=\"2541\">Ein einzigartiges St\u00fcck, gefertigt von einem Meistermesser<\/h2>\n<p data-start=\"2543\" data-end=\"2638\">Dieses Messer wird <strong data-start=\"2558\" data-end=\"2637\">vollst\u00e4ndig von einem Meistermesser aus Laguiole in Aubrac handgefertigt<\/strong>.<\/p>\n<p data-start=\"2640\" data-end=\"2884\">Zun\u00e4chst einmal arbeitet der Messer <strong data-start=\"2667\" data-end=\"2700\">mit Rohmaterialien<\/strong>. Dann <strong data-start=\"2714\" data-end=\"2740\">formt er jedes Element<\/strong>, f\u00fchrt das Verfolgen durch und passt die Teile an. Schlie\u00dflich <strong data-start=\"2796\" data-end=\"2834\">setzt er das Messer pr\u00e4zise zusammen,<\/strong> um ein perfekt ausbalanciertes St\u00fcck zu erhalten.  <\/p>\n<p data-start=\"2886\" data-end=\"3001\">So spiegelt jedes Detail <strong data-start=\"2915\" data-end=\"3000\">die Leidenschaft, Geduld und das Know-how des franz\u00f6sischen handwerklichen Bestecks<\/strong> wider.<\/p>\n<p data-start=\"3003\" data-end=\"3143\">Dieses Messer ist daher viel mehr als nur ein Objekt: Es ist <strong data-start=\"3060\" data-end=\"3142\">ein seltenes St\u00fcck, das f\u00fcr Liebhaber sch\u00f6ner Messer und Sammler gedacht ist<\/strong>.<\/p>\n<hr data-start=\"3145\" data-end=\"3148\">\n<h2 data-section-id=\"1qr1bd9\" data-start=\"3150\" data-end=\"3169\">Merkmale<\/h2>\n<ul data-start=\"3171\" data-end=\"3694\">\n<li data-section-id=\"1mv7ubh\" data-start=\"3171\" data-end=\"3225\">\n<p data-start=\"3173\" data-end=\"3225\"><strong data-start=\"3173\" data-end=\"3183\">Typ:<\/strong> Laguiole-Messer aus einem einzigartigen St\u00fcck gefertigt<\/p>\n<\/li>\n<li data-section-id=\"k7za47\" data-start=\"3226\" data-end=\"3256\">\n<p data-start=\"3228\" data-end=\"3256\"><strong data-start=\"3228\" data-end=\"3248\">Geschlossene L\u00e4nge:<\/strong> 12 cm<\/p>\n<\/li>\n<li data-section-id=\"11fkwfs\" data-start=\"3257\" data-end=\"3300\">\n<p data-start=\"3259\" data-end=\"3300\"><strong data-start=\"3259\" data-end=\"3276\">Herstellung:<\/strong> vollst\u00e4ndig handgefertigt<\/p>\n<\/li>\n<li data-section-id=\"1viep4q\" data-start=\"3301\" data-end=\"3358\">\n<p data-start=\"3303\" data-end=\"3358\"><strong data-start=\"3303\" data-end=\"3317\">Sch\u00f6pfer:<\/strong> Meistermesser aus Laguiole in Aubrac<\/p>\n<\/li>\n<li data-section-id=\"3m5umv\" data-start=\"3359\" data-end=\"3393\">\n<p data-start=\"3361\" data-end=\"3393\"><strong data-start=\"3361\" data-end=\"3373\">Stiel:<\/strong> Wacholderholz<\/p>\n<\/li>\n<li data-section-id=\"1j9sj9w\" data-start=\"3394\" data-end=\"3452\">\n<p data-start=\"3396\" data-end=\"3452\"><strong data-start=\"3396\" data-end=\"3410\">Platten: <\/strong>handgemei\u00dfelte Messingplatten<\/p>\n<\/li>\n<li data-section-id=\"7hx8lt\" data-start=\"3453\" data-end=\"3507\">\n<p data-start=\"3455\" data-end=\"3507\"><strong data-start=\"3455\" data-end=\"3468\">Feder:<\/strong> satingeb\u00fcrsteter Edelstahl, handgemei\u00dfelt<\/p>\n<\/li>\n<li data-section-id=\"41flnn\" data-start=\"3508\" data-end=\"3564\">\n<p data-start=\"3510\" data-end=\"3564\"><strong data-start=\"3510\" data-end=\"3522\">Fliege:<\/strong> fein gemei\u00dfelte Prestige-Fliege<\/p>\n<\/li>\n<li data-section-id=\"1d6loq3\" data-start=\"3565\" data-end=\"3613\">\n<p data-start=\"3567\" data-end=\"3613\"><strong data-start=\"3567\" data-end=\"3577\">Klinge:<\/strong> Edelstahl mit geb\u00fcrsteter Oberfl\u00e4che<\/p>\n<\/li>\n<li data-section-id=\"1a3vpjh\" data-start=\"3614\" data-end=\"3645\">\n<p data-start=\"3616\" data-end=\"3645\"><strong data-start=\"3616\" data-end=\"3628\">Nieten:<\/strong> Edelstahl und Messing<\/p>\n<\/li>\n<li data-section-id=\"1nmmwhr\" data-start=\"3646\" data-end=\"3694\">\n<p data-start=\"3648\" data-end=\"3694\"><strong data-start=\"3648\" data-end=\"3659\">Dekoration:<\/strong> Hirtenkreuz aus Messingnieten<\/p>\n<\/li>\n<\/ul>\n<hr data-start=\"3696\" data-end=\"3699\">\n<p data-start=\"3701\" data-end=\"3878\">\u2714 <strong data-start=\"3703\" data-end=\"3719\">Einzigartiges St\u00fcck<\/strong><br data-start=\"3719\" data-end=\"3722\">\u2714 <strong data-start=\"3724\" data-end=\"3760\">Handgefertigt in Frankreich<\/strong><br data-start=\"3760\" data-end=\"3763\">\u2714 <strong data-start=\"3765\" data-end=\"3807\">Meisterschneider aus Laguiole in Aubrac<\/strong><br data-start=\"3807\" data-end=\"3810\">\u2714 <strong data-start=\"3812\" data-end=\"3839\">High-End-Oberfl\u00e4chen<\/strong><br data-start=\"3839\" data-end=\"3842\">\u2714 <strong data-start=\"3844\" data-end=\"3878\">Seltenes Sammlerst\u00fcck<\/strong><\/p>\n<h2 data-section-id=\"1iu94hs\" data-start=\"2805\" data-end=\"2847\"><\/h2>\n<p data-start=\"2849\" data-end=\"3010\">\n","protected":false},"excerpt":{"rendered":"<p>Laguiole-Klappmesser aus Aubrac<br \/>\n, Wacholder-Griff<br \/>\n, Edelstahlklinge mit Satin-Lackierung<br \/>\n, Vollgriff<br \/>\nMessing-Sch\u00e4ferkreuz auf der linken Seite des Messers<br \/>\n, Hand-Guilloch\u00e9-Feder aus geb\u00fcrstetem<br \/>\nEdelstahl, einfache Messingplatten, fein von Hand<br \/>\ngemei\u00dfelt, Prestige und stilisierter Fliege, von Hand geformt.<\/p>\n<p>Griffl\u00e4nge 12 cm<br \/>\nKlingenl\u00e4nge 10 cm<br \/>\nGesamtl\u00e4nge des offenen Messers 22 cm<\/p>\n<p>Geliefert in einer Laguiole-Eichenkiste in Aubrac mit Zertifikat<br \/>\nPersonalisierung auf der Klinge m\u00f6glich<\/p>\n<p>ST\u00dcCK UNIKAT<\/p>\n","protected":false},"featured_media":51267,"template":"","meta":{"_acf_changed":false,"_monsterinsights_skip_tracking":false,"_monsterinsights_sitenote_active":false,"_monsterinsights_sitenote_note":"","_monsterinsights_sitenote_category":0},"product_brand":[],"product_cat":[5938,5939,5943],"product_tag":[6171],"class_list":{"0":"post-50976","1":"product","2":"type-product","3":"status-publish","4":"has-post-thumbnail","6":"product_cat-klappmesser","7":"product_cat-laguiole-klappmesser","8":"product_cat-laguiole-prestiges-messer","9":"product_tag-gravurfeder","10":"pa_composition-couteau-1-stueck-nur-klinge","11":"pa_finition-gebuerstet","12":"pa_lame-gebuersteter-edelstahl","13":"pa_manche-en-bois-wacholder","14":"pa_marque-laguiole-en-aubracfr","15":"pa_mitres-ohne-gehrung-vollstaendige-huelse","16":"pa_mouche-geschmiedet","17":"pa_mouche-prestige","18":"pa_platines-einzelplatin","19":"pa_platines-guilloche-muster","20":"pa_platines-messing","21":"pa_ressort-guilloche","22":"pa_taille-du-manche-12-cm","23":"tm-has-options","26":"instock","27":"taxable","28":"shipping-taxable","29":"purchasable","30":"product-type-simple"},"supplier_id":null,"supplier_sku":"","barcode":null,"atum_controlled":true,"out_stock_date":null,"out_stock_threshold":null,"inheritable":false,"inbound_stock":0,"stock_on_hold":0,"sold_today":0,"sales_last_days":0,"reserved_stock":0,"customer_returns":0,"warehouse_damage":0,"lost_in_post":0,"other_logs":0,"out_stock_days":0,"lost_sales":0,"has_location":false,"update_date":"2026-05-08T00:51:12","atum_locations":[],"atum_stock_status":"instock","restock_status":false,"low_stock_amount":"","sales_update_date":"2026-05-08T00:51:12","calc_backorders":0,"acf":[],"yoast_head":"<!-- This site is optimized with the Yoast SEO plugin v27.3 - https:\/\/yoast.com\/product\/yoast-seo-wordpress\/ -->\n<title>Einzigartiges St\u00fcck \u2013 Wacholdergriff, Prestige-Meissel-Fliege<\/title>\n<meta name=\"description\" content=\"Laguiole-Messer 12 cm einzigartiges St\u00fcck, geformt von einem Meistermesser. Wacholdergriff, handgemei\u00dfelte Messingplatten, geschmiedeter Prestige-Schwanz.\" \/>\n<meta name=\"robots\" content=\"index, follow, max-snippet:-1, max-image-preview:large, max-video-preview:-1\" \/>\n<link rel=\"canonical\" href=\"https:\/\/laguiole.com\/de\/produit\/laguiole-messer-in-aubrac-1-stuck-12-cm-voller-griff-in-albizia-feder-und-guilloche-platten-fliegen-prestige-einzigartiges-stuck-copie\/\" \/>\n<meta property=\"og:locale\" content=\"de_DE\" \/>\n<meta property=\"og:type\" content=\"article\" \/>\n<meta property=\"og:title\" content=\"Einzigartiges St\u00fcck \u2013 Wacholdergriff, Prestige-Meissel-Fliege\" \/>\n<meta property=\"og:description\" content=\"Laguiole-Messer 12 cm einzigartiges St\u00fcck, geformt von einem Meistermesser. Wacholdergriff, handgemei\u00dfelte Messingplatten, geschmiedeter Prestige-Schwanz.\" \/>\n<meta property=\"og:url\" content=\"https:\/\/laguiole.com\/de\/produit\/laguiole-messer-in-aubrac-1-stuck-12-cm-voller-griff-in-albizia-feder-und-guilloche-platten-fliegen-prestige-einzigartiges-stuck-copie\/\" \/>\n<meta property=\"og:site_name\" content=\"Laguiole.com \u00ae\" \/>\n<meta property=\"article:publisher\" content=\"https:\/\/www.facebook.com\/laguiolecom\/\" \/>\n<meta property=\"article:modified_time\" content=\"2026-03-10T12:02:08+00:00\" \/>\n<meta property=\"og:image\" content=\"https:\/\/laguiole.com\/wp-content\/uploads\/2023\/08\/logo_laguiole_com_\u00ae_300dpi_Noir_et_Blanc.jpg\" \/>\n\t<meta property=\"og:image:width\" content=\"1920\" \/>\n\t<meta property=\"og:image:height\" content=\"854\" \/>\n\t<meta property=\"og:image:type\" content=\"image\/jpeg\" \/>\n<meta name=\"twitter:card\" content=\"summary_large_image\" \/>\n<meta name=\"twitter:label1\" content=\"Gesch\u00e4tzte Lesezeit\" \/>\n\t<meta name=\"twitter:data1\" content=\"2\u00a0Minute\" \/>\n<script type=\"application\/ld+json\" class=\"yoast-schema-graph\">{\"@context\":\"https:\\\/\\\/schema.org\",\"@graph\":[{\"@type\":\"WebPage\",\"@id\":\"https:\\\/\\\/laguiole.com\\\/de\\\/produit\\\/laguiole-messer-in-aubrac-1-stuck-12-cm-voller-griff-in-albizia-feder-und-guilloche-platten-fliegen-prestige-einzigartiges-stuck-copie\\\/\",\"url\":\"https:\\\/\\\/laguiole.com\\\/de\\\/produit\\\/laguiole-messer-in-aubrac-1-stuck-12-cm-voller-griff-in-albizia-feder-und-guilloche-platten-fliegen-prestige-einzigartiges-stuck-copie\\\/\",\"name\":\"Einzigartiges St\u00fcck \u2013 Wacholdergriff, Prestige-Meissel-Fliege\",\"isPartOf\":{\"@id\":\"https:\\\/\\\/laguiole.com\\\/de\\\/#website\"},\"primaryImageOfPage\":{\"@id\":\"https:\\\/\\\/laguiole.com\\\/de\\\/produit\\\/laguiole-messer-in-aubrac-1-stuck-12-cm-voller-griff-in-albizia-feder-und-guilloche-platten-fliegen-prestige-einzigartiges-stuck-copie\\\/#primaryimage\"},\"image\":{\"@id\":\"https:\\\/\\\/laguiole.com\\\/de\\\/produit\\\/laguiole-messer-in-aubrac-1-stuck-12-cm-voller-griff-in-albizia-feder-und-guilloche-platten-fliegen-prestige-einzigartiges-stuck-copie\\\/#primaryimage\"},\"thumbnailUrl\":\"https:\\\/\\\/laguiole.com\\\/wp-content\\\/uploads\\\/2026\\\/03\\\/Couteau_Laguiole_en_Aubrac_Plein_Manche_Genevrier_Ressort_et_Platines_Laiton_guillochees_Mouche_Prestige_PIECE_UNIQUE_00.jpg\",\"datePublished\":\"2026-03-10T11:38:27+00:00\",\"dateModified\":\"2026-03-10T12:02:08+00:00\",\"description\":\"Laguiole-Messer 12 cm einzigartiges St\u00fcck, geformt von einem Meistermesser. Wacholdergriff, handgemei\u00dfelte Messingplatten, geschmiedeter Prestige-Schwanz.\",\"breadcrumb\":{\"@id\":\"https:\\\/\\\/laguiole.com\\\/de\\\/produit\\\/laguiole-messer-in-aubrac-1-stuck-12-cm-voller-griff-in-albizia-feder-und-guilloche-platten-fliegen-prestige-einzigartiges-stuck-copie\\\/#breadcrumb\"},\"inLanguage\":\"de\",\"potentialAction\":[{\"@type\":\"ReadAction\",\"target\":[\"https:\\\/\\\/laguiole.com\\\/de\\\/produit\\\/laguiole-messer-in-aubrac-1-stuck-12-cm-voller-griff-in-albizia-feder-und-guilloche-platten-fliegen-prestige-einzigartiges-stuck-copie\\\/\"]}]},{\"@type\":\"ImageObject\",\"inLanguage\":\"de\",\"@id\":\"https:\\\/\\\/laguiole.com\\\/de\\\/produit\\\/laguiole-messer-in-aubrac-1-stuck-12-cm-voller-griff-in-albizia-feder-und-guilloche-platten-fliegen-prestige-einzigartiges-stuck-copie\\\/#primaryimage\",\"url\":\"https:\\\/\\\/laguiole.com\\\/wp-content\\\/uploads\\\/2026\\\/03\\\/Couteau_Laguiole_en_Aubrac_Plein_Manche_Genevrier_Ressort_et_Platines_Laiton_guillochees_Mouche_Prestige_PIECE_UNIQUE_00.jpg\",\"contentUrl\":\"https:\\\/\\\/laguiole.com\\\/wp-content\\\/uploads\\\/2026\\\/03\\\/Couteau_Laguiole_en_Aubrac_Plein_Manche_Genevrier_Ressort_et_Platines_Laiton_guillochees_Mouche_Prestige_PIECE_UNIQUE_00.jpg\",\"width\":1033,\"height\":1033,\"caption\":\"Couteau Laguiole en Aubrac 1 Pi\u00e8ce 12 cm Plein Manche en Genevrier Ressort et Platines Laiton guilloch\u00e9es Mouche Prestige PIECE UNIQUE\"},{\"@type\":\"BreadcrumbList\",\"@id\":\"https:\\\/\\\/laguiole.com\\\/de\\\/produit\\\/laguiole-messer-in-aubrac-1-stuck-12-cm-voller-griff-in-albizia-feder-und-guilloche-platten-fliegen-prestige-einzigartiges-stuck-copie\\\/#breadcrumb\",\"itemListElement\":[{\"@type\":\"ListItem\",\"position\":1,\"name\":\"Accueil\",\"item\":\"https:\\\/\\\/laguiole.com\\\/de\\\/\"},{\"@type\":\"ListItem\",\"position\":2,\"name\":\"Shop\",\"item\":\"https:\\\/\\\/laguiole.com\\\/de\\\/shop-2\\\/\"},{\"@type\":\"ListItem\",\"position\":3,\"name\":\"Laguiole-Messer in Aubrac 1 St\u00fcck 12 cm Vollgriff in Wacholderfeder und Guilloch\u00e9 Messingplatten Flies Prestige EINZIGARTIGES ST\u00dcCK\"}]},{\"@type\":\"WebSite\",\"@id\":\"https:\\\/\\\/laguiole.com\\\/de\\\/#website\",\"url\":\"https:\\\/\\\/laguiole.com\\\/de\\\/\",\"name\":\"Laguiole.com\",\"description\":\"Laguiole - Couteau laguiole, Chateau Laguiole, Laguiole en Aubrac, Forge de Laguiole\",\"publisher\":{\"@id\":\"https:\\\/\\\/laguiole.com\\\/de\\\/#organization\"},\"potentialAction\":[{\"@type\":\"SearchAction\",\"target\":{\"@type\":\"EntryPoint\",\"urlTemplate\":\"https:\\\/\\\/laguiole.com\\\/de\\\/?s={search_term_string}\"},\"query-input\":{\"@type\":\"PropertyValueSpecification\",\"valueRequired\":true,\"valueName\":\"search_term_string\"}}],\"inLanguage\":\"de\"},{\"@type\":\"Organization\",\"@id\":\"https:\\\/\\\/laguiole.com\\\/de\\\/#organization\",\"name\":\"Laguiole.com\",\"url\":\"https:\\\/\\\/laguiole.com\\\/de\\\/\",\"logo\":{\"@type\":\"ImageObject\",\"inLanguage\":\"de\",\"@id\":\"https:\\\/\\\/laguiole.com\\\/de\\\/#\\\/schema\\\/logo\\\/image\\\/\",\"url\":\"https:\\\/\\\/laguiole.com\\\/wp-content\\\/uploads\\\/2021\\\/02\\\/logo_laguiole.com-horizontal.jpg\",\"contentUrl\":\"https:\\\/\\\/laguiole.com\\\/wp-content\\\/uploads\\\/2021\\\/02\\\/logo_laguiole.com-horizontal.jpg\",\"width\":490,\"height\":156,\"caption\":\"Laguiole.com\"},\"image\":{\"@id\":\"https:\\\/\\\/laguiole.com\\\/de\\\/#\\\/schema\\\/logo\\\/image\\\/\"},\"sameAs\":[\"https:\\\/\\\/www.facebook.com\\\/laguiolecom\\\/\",\"https:\\\/\\\/www.instagram.com\\\/laguiolecom\\\/\",\"https:\\\/\\\/www.youtube.com\\\/@laguiolecom\\\/videos\"]}]}<\/script>\n<!-- \/ Yoast SEO plugin. -->","yoast_head_json":{"title":"Einzigartiges St\u00fcck \u2013 Wacholdergriff, Prestige-Meissel-Fliege","description":"Laguiole-Messer 12 cm einzigartiges St\u00fcck, geformt von einem Meistermesser. Wacholdergriff, handgemei\u00dfelte Messingplatten, geschmiedeter Prestige-Schwanz.","robots":{"index":"index","follow":"follow","max-snippet":"max-snippet:-1","max-image-preview":"max-image-preview:large","max-video-preview":"max-video-preview:-1"},"canonical":"https:\/\/laguiole.com\/de\/produit\/laguiole-messer-in-aubrac-1-stuck-12-cm-voller-griff-in-albizia-feder-und-guilloche-platten-fliegen-prestige-einzigartiges-stuck-copie\/","og_locale":"de_DE","og_type":"article","og_title":"Einzigartiges St\u00fcck \u2013 Wacholdergriff, Prestige-Meissel-Fliege","og_description":"Laguiole-Messer 12 cm einzigartiges St\u00fcck, geformt von einem Meistermesser. Wacholdergriff, handgemei\u00dfelte Messingplatten, geschmiedeter Prestige-Schwanz.","og_url":"https:\/\/laguiole.com\/de\/produit\/laguiole-messer-in-aubrac-1-stuck-12-cm-voller-griff-in-albizia-feder-und-guilloche-platten-fliegen-prestige-einzigartiges-stuck-copie\/","og_site_name":"Laguiole.com \u00ae","article_publisher":"https:\/\/www.facebook.com\/laguiolecom\/","article_modified_time":"2026-03-10T12:02:08+00:00","og_image":[{"width":1920,"height":854,"url":"https:\/\/laguiole.com\/wp-content\/uploads\/2023\/08\/logo_laguiole_com_\u00ae_300dpi_Noir_et_Blanc.jpg","type":"image\/jpeg"}],"twitter_card":"summary_large_image","twitter_misc":{"Gesch\u00e4tzte Lesezeit":"2\u00a0Minute"},"schema":{"@context":"https:\/\/schema.org","@graph":[{"@type":"WebPage","@id":"https:\/\/laguiole.com\/de\/produit\/laguiole-messer-in-aubrac-1-stuck-12-cm-voller-griff-in-albizia-feder-und-guilloche-platten-fliegen-prestige-einzigartiges-stuck-copie\/","url":"https:\/\/laguiole.com\/de\/produit\/laguiole-messer-in-aubrac-1-stuck-12-cm-voller-griff-in-albizia-feder-und-guilloche-platten-fliegen-prestige-einzigartiges-stuck-copie\/","name":"Einzigartiges St\u00fcck \u2013 Wacholdergriff, Prestige-Meissel-Fliege","isPartOf":{"@id":"https:\/\/laguiole.com\/de\/#website"},"primaryImageOfPage":{"@id":"https:\/\/laguiole.com\/de\/produit\/laguiole-messer-in-aubrac-1-stuck-12-cm-voller-griff-in-albizia-feder-und-guilloche-platten-fliegen-prestige-einzigartiges-stuck-copie\/#primaryimage"},"image":{"@id":"https:\/\/laguiole.com\/de\/produit\/laguiole-messer-in-aubrac-1-stuck-12-cm-voller-griff-in-albizia-feder-und-guilloche-platten-fliegen-prestige-einzigartiges-stuck-copie\/#primaryimage"},"thumbnailUrl":"https:\/\/laguiole.com\/wp-content\/uploads\/2026\/03\/Couteau_Laguiole_en_Aubrac_Plein_Manche_Genevrier_Ressort_et_Platines_Laiton_guillochees_Mouche_Prestige_PIECE_UNIQUE_00.jpg","datePublished":"2026-03-10T11:38:27+00:00","dateModified":"2026-03-10T12:02:08+00:00","description":"Laguiole-Messer 12 cm einzigartiges St\u00fcck, geformt von einem Meistermesser. Wacholdergriff, handgemei\u00dfelte Messingplatten, geschmiedeter Prestige-Schwanz.","breadcrumb":{"@id":"https:\/\/laguiole.com\/de\/produit\/laguiole-messer-in-aubrac-1-stuck-12-cm-voller-griff-in-albizia-feder-und-guilloche-platten-fliegen-prestige-einzigartiges-stuck-copie\/#breadcrumb"},"inLanguage":"de","potentialAction":[{"@type":"ReadAction","target":["https:\/\/laguiole.com\/de\/produit\/laguiole-messer-in-aubrac-1-stuck-12-cm-voller-griff-in-albizia-feder-und-guilloche-platten-fliegen-prestige-einzigartiges-stuck-copie\/"]}]},{"@type":"ImageObject","inLanguage":"de","@id":"https:\/\/laguiole.com\/de\/produit\/laguiole-messer-in-aubrac-1-stuck-12-cm-voller-griff-in-albizia-feder-und-guilloche-platten-fliegen-prestige-einzigartiges-stuck-copie\/#primaryimage","url":"https:\/\/laguiole.com\/wp-content\/uploads\/2026\/03\/Couteau_Laguiole_en_Aubrac_Plein_Manche_Genevrier_Ressort_et_Platines_Laiton_guillochees_Mouche_Prestige_PIECE_UNIQUE_00.jpg","contentUrl":"https:\/\/laguiole.com\/wp-content\/uploads\/2026\/03\/Couteau_Laguiole_en_Aubrac_Plein_Manche_Genevrier_Ressort_et_Platines_Laiton_guillochees_Mouche_Prestige_PIECE_UNIQUE_00.jpg","width":1033,"height":1033,"caption":"Couteau Laguiole en Aubrac 1 Pi\u00e8ce 12 cm Plein Manche en Genevrier Ressort et Platines Laiton guilloch\u00e9es Mouche Prestige PIECE UNIQUE"},{"@type":"BreadcrumbList","@id":"https:\/\/laguiole.com\/de\/produit\/laguiole-messer-in-aubrac-1-stuck-12-cm-voller-griff-in-albizia-feder-und-guilloche-platten-fliegen-prestige-einzigartiges-stuck-copie\/#breadcrumb","itemListElement":[{"@type":"ListItem","position":1,"name":"Accueil","item":"https:\/\/laguiole.com\/de\/"},{"@type":"ListItem","position":2,"name":"Shop","item":"https:\/\/laguiole.com\/de\/shop-2\/"},{"@type":"ListItem","position":3,"name":"Laguiole-Messer in Aubrac 1 St\u00fcck 12 cm Vollgriff in Wacholderfeder und Guilloch\u00e9 Messingplatten Flies Prestige EINZIGARTIGES ST\u00dcCK"}]},{"@type":"WebSite","@id":"https:\/\/laguiole.com\/de\/#website","url":"https:\/\/laguiole.com\/de\/","name":"Laguiole.com","description":"Laguiole - Couteau laguiole, Chateau Laguiole, Laguiole en Aubrac, Forge de Laguiole","publisher":{"@id":"https:\/\/laguiole.com\/de\/#organization"},"potentialAction":[{"@type":"SearchAction","target":{"@type":"EntryPoint","urlTemplate":"https:\/\/laguiole.com\/de\/?s={search_term_string}"},"query-input":{"@type":"PropertyValueSpecification","valueRequired":true,"valueName":"search_term_string"}}],"inLanguage":"de"},{"@type":"Organization","@id":"https:\/\/laguiole.com\/de\/#organization","name":"Laguiole.com","url":"https:\/\/laguiole.com\/de\/","logo":{"@type":"ImageObject","inLanguage":"de","@id":"https:\/\/laguiole.com\/de\/#\/schema\/logo\/image\/","url":"https:\/\/laguiole.com\/wp-content\/uploads\/2021\/02\/logo_laguiole.com-horizontal.jpg","contentUrl":"https:\/\/laguiole.com\/wp-content\/uploads\/2021\/02\/logo_laguiole.com-horizontal.jpg","width":490,"height":156,"caption":"Laguiole.com"},"image":{"@id":"https:\/\/laguiole.com\/de\/#\/schema\/logo\/image\/"},"sameAs":["https:\/\/www.facebook.com\/laguiolecom\/","https:\/\/www.instagram.com\/laguiolecom\/","https:\/\/www.youtube.com\/@laguiolecom\/videos"]}]}},"_links":{"self":[{"href":"https:\/\/laguiole.com\/de\/wp-json\/wp\/v2\/product\/50976","targetHints":{"allow":["GET"]}}],"collection":[{"href":"https:\/\/laguiole.com\/de\/wp-json\/wp\/v2\/product"}],"about":[{"href":"https:\/\/laguiole.com\/de\/wp-json\/wp\/v2\/types\/product"}],"version-history":[{"count":2,"href":"https:\/\/laguiole.com\/de\/wp-json\/wp\/v2\/product\/50976\/revisions"}],"predecessor-version":[{"id":50983,"href":"https:\/\/laguiole.com\/de\/wp-json\/wp\/v2\/product\/50976\/revisions\/50983"}],"wp:featuredmedia":[{"embeddable":true,"href":"https:\/\/laguiole.com\/de\/wp-json\/wp\/v2\/media\/51267"}],"wp:attachment":[{"href":"https:\/\/laguiole.com\/de\/wp-json\/wp\/v2\/media?parent=50976"}],"wp:term":[{"taxonomy":"product_brand","embeddable":true,"href":"https:\/\/laguiole.com\/de\/wp-json\/wp\/v2\/product_brand?post=50976"},{"taxonomy":"product_cat","embeddable":true,"href":"https:\/\/laguiole.com\/de\/wp-json\/wp\/v2\/product_cat?post=50976"},{"taxonomy":"product_tag","embeddable":true,"href":"https:\/\/laguiole.com\/de\/wp-json\/wp\/v2\/product_tag?post=50976"}],"curies":[{"name":"wp","href":"https:\/\/api.w.org\/{rel}","templated":true}]}}