{"id":50970,"date":"2026-03-10T12:16:53","date_gmt":"2026-03-10T11:16:53","guid":{"rendered":"https:\/\/laguiole.com\/?post_type=product&#038;p=50970"},"modified":"2026-03-10T12:37:42","modified_gmt":"2026-03-10T11:37:42","slug":"laguiole-messer-in-aubrac-1-stuck-12-cm-vollgriff-aus-albizia-holz-damastklinge-grune-abstandshalter-fly-prestige-einzelstuck-copie","status":"publish","type":"product","link":"https:\/\/laguiole.com\/de\/produit\/laguiole-messer-in-aubrac-1-stuck-12-cm-vollgriff-aus-albizia-holz-damastklinge-grune-abstandshalter-fly-prestige-einzelstuck-copie\/","title":{"rendered":"Laguiole-Messer in Aubrac 1 St\u00fcck 12 cm Voller Griff in Albizia Feder- und Guilloch\u00e9-Platten fliegen Prestige EINZIGARTIGES ST\u00dcCK"},"content":{"rendered":"<h2 data-section-id=\"n2otp8\" data-start=\"672\" data-end=\"746\">Handgefertigtes Messer 12 cm \u2013 Einzigartiges St\u00fcck, geformt von einem Meistermesser<\/h2>\n<p data-start=\"748\" data-end=\"991\">Entdecken Sie ein <strong data-start=\"761\" data-end=\"804\">einzigartiges 12-cm-Handmesser<\/strong>, das vollst\u00e4ndig von einem <strong data-start=\"833\" data-end=\"853\">Meistermesser<\/strong> gefertigt wird. Die Abmessung von 12 cm entspricht der <strong data-start=\"893\" data-end=\"922\">L\u00e4nge des geschlossenen Messers<\/strong>, eine ideale Gr\u00f6\u00dfe, um Eleganz, Ausgewogenheit und Griff zu vereinen. <\/p>\n<p data-start=\"993\" data-end=\"1223\">Zun\u00e4chst einmal zeichnet sich dieses Messer durch seinen <strong data-start=\"1039\" data-end=\"1060\">Griff aus Albizia<\/strong> aus, ein edles Holz, das f\u00fcr seine nat\u00fcrlichen Nuancen und seine einzigartige Maserung gesch\u00e4tzt wird. Jeder Hals hat seinen eigenen Charakter und unterstreicht die Exklusivit\u00e4t des St\u00fccks. <\/p>\n<p data-start=\"1225\" data-end=\"1381\">Als n\u00e4chstes <strong data-start=\"1237\" data-end=\"1295\">verf\u00fcgt die Edelstahlklinge \u00fcber eine Satinoberfl\u00e4che<\/strong>. Dieses Finish hebt die Reinheit der Linie hervor und verleiht eine diskrete Eleganz. <\/p>\n<p data-start=\"1383\" data-end=\"1566\">Die <strong data-start=\"1387\" data-end=\"1421\">Edelstahlplatten und die Feder,<\/strong> ebenfalls in <strong data-start=\"1436\" data-end=\"1456\">Satinlackierung<\/strong>, werden von <strong data-start=\"1463\" data-end=\"1487\">Hand guillociert<\/strong>. Diese sorgf\u00e4ltige Arbeit bringt Erleichterung und unterstreicht die Handwerkskunst. <\/p>\n<p data-start=\"1568\" data-end=\"1796\">Die <strong data-start=\"1571\" data-end=\"1590\">Prestige-Fliege<\/strong> hingegen ist <strong data-start=\"1610\" data-end=\"1654\">fein gemei\u00dfelt und leicht rautenf\u00f6rmig<\/strong>. Vollst\u00e4ndig handgefertigt, ist es fein stilisiert. Es ist eine wahre k\u00fcnstlerische Signatur und ein au\u00dfergew\u00f6hnliches Element.  <\/p>\n<p data-start=\"1798\" data-end=\"1926\">Au\u00dferdem tr\u00e4gt das Messer auf der linken Seite das <strong data-start=\"1855\" data-end=\"1874\">Sch\u00e4ferkreuz<\/strong>, das traditionelle Symbol f\u00fcr handwerkliches Besteck.<\/p>\n<h2 data-section-id=\"13eomop\" data-start=\"1928\" data-end=\"1971\">Ein Messer, das vollst\u00e4ndig von Hand geformt wurde<\/h2>\n<p data-start=\"1973\" data-end=\"2103\">Dieses Messer wird <strong data-start=\"1988\" data-end=\"2048\">von Anfang bis Ende von einem Meistermesser zusammengebaut<\/strong>. Jeder Schritt wird in seiner Werkstatt von Hand ausgef\u00fchrt. <\/p>\n<p data-start=\"2105\" data-end=\"2354\">Zun\u00e4chst formt der Becher <strong data-start=\"2132\" data-end=\"2156\">jedes St\u00fcck<\/strong> mit Pr\u00e4zision. Anschlie\u00dfend <strong data-start=\"2185\" data-end=\"2212\">arbeitet er an den Materialien<\/strong>, passt die Elemente an und fertigt die Oberfl\u00e4chen an. Schlie\u00dflich <strong data-start=\"2270\" data-end=\"2306\">setzt er das Messer mit Sorgfalt zusammen,<\/strong> um ein perfekt ausbalanciertes Objekt zu erhalten.  <\/p>\n<p data-start=\"2356\" data-end=\"2508\">Dank dieser geduldigen und leidenschaftlichen Arbeit wird jedes Detail gemeistert. Das Ergebnis ist ein <strong data-start=\"2444\" data-end=\"2468\">au\u00dfergew\u00f6hnliches Messer<\/strong>, einzigartig <strong data-start=\"2480\" data-end=\"2507\">, elegant und<\/strong> zugleich selten. <\/p>\n<p data-start=\"2510\" data-end=\"2708\">Dieses Messer ist also nicht nur ein Werkzeug. Es wurde zu einem <strong data-start=\"2579\" data-end=\"2624\">echten St\u00fcck handwerklicher Besteckkunst<\/strong>, das f\u00fcr Amateure, Sammler und Liebhaber au\u00dfergew\u00f6hnlicher Objekte gedacht war. <\/p>\n<hr data-start=\"2710\" data-end=\"2713\">\n<h2 data-section-id=\"1qr1bd9\" data-start=\"2715\" data-end=\"2734\">Merkmale<\/h2>\n<ul data-start=\"2736\" data-end=\"3189\">\n<li data-section-id=\"kac8d\" data-start=\"2736\" data-end=\"2781\">\n<p data-start=\"2738\" data-end=\"2781\"><strong data-start=\"2738\" data-end=\"2748\">Typ:<\/strong> einzigartiges handgefertigtes Messer<\/p>\n<\/li>\n<li data-section-id=\"k7za47\" data-start=\"2782\" data-end=\"2812\">\n<p data-start=\"2784\" data-end=\"2812\"><strong data-start=\"2784\" data-end=\"2804\">Geschlossene L\u00e4nge:<\/strong> 12 cm<\/p>\n<\/li>\n<li data-section-id=\"11fkwfs\" data-start=\"2813\" data-end=\"2856\">\n<p data-start=\"2815\" data-end=\"2856\"><strong data-start=\"2815\" data-end=\"2832\">Herstellung:<\/strong> vollst\u00e4ndig handgefertigt<\/p>\n<\/li>\n<li data-section-id=\"6q4uh2\" data-start=\"2857\" data-end=\"2892\">\n<p data-start=\"2859\" data-end=\"2892\"><strong data-start=\"2859\" data-end=\"2873\">Sch\u00f6pfer:<\/strong> Master Cutler<\/p>\n<\/li>\n<li data-section-id=\"1euz8tc\" data-start=\"2893\" data-end=\"2924\">\n<p data-start=\"2895\" data-end=\"2924\"><strong data-start=\"2895\" data-end=\"2907\">Griff:<\/strong> Albicienholz<\/p>\n<\/li>\n<li data-section-id=\"1k6w72t\" data-start=\"2925\" data-end=\"2973\">\n<p data-start=\"2927\" data-end=\"2973\"><strong data-start=\"2927\" data-end=\"2937\">Klinge:<\/strong> Edelstahl-Satin-Finish<\/p>\n<\/li>\n<li data-section-id=\"cuu4ix\" data-start=\"2974\" data-end=\"3037\">\n<p data-start=\"2976\" data-end=\"3037\"><strong data-start=\"2976\" data-end=\"2990\">Teller: Edelstahl-Satinlackierung<\/strong> , hand-Guilloch\u00e9<\/p>\n<\/li>\n<li data-section-id=\"1jgdwp9\" data-start=\"3038\" data-end=\"3089\">\n<p data-start=\"3040\" data-end=\"3089\"><strong data-start=\"3040\" data-end=\"3053\">Feder:<\/strong> satingeb\u00fcrsteter Edelstahl, hand-guilloch\u00e9<\/p>\n<\/li>\n<li data-section-id=\"lhhbvy\" data-start=\"3090\" data-end=\"3157\">\n<p data-start=\"3092\" data-end=\"3157\"><strong data-start=\"3092\" data-end=\"3104\">Schnurr:<\/strong> Prestige, fein gemei\u00dfelt und leicht diamantenf\u00f6rmig<\/p>\n<\/li>\n<li data-section-id=\"17rq1sa\" data-start=\"3158\" data-end=\"3189\">\n<p data-start=\"3160\" data-end=\"3189\"><strong data-start=\"3160\" data-end=\"3171\">Auszeichnung:<\/strong> Hirtenkreuz<\/p>\n<\/li>\n<\/ul>\n<hr data-start=\"3191\" data-end=\"3194\">\n<h2 data-section-id=\"1iu94hs\" data-start=\"2805\" data-end=\"2847\">Warum dieses handgefertigte Messer w\u00e4hlen?<\/h2>\n<p data-start=\"3196\" data-end=\"3361\">\u2714 <strong data-start=\"3198\" data-end=\"3214\">Einzigartiges St\u00fcck<\/strong><br data-start=\"3214\" data-end=\"3217\">\u2714 <strong data-start=\"3219\" data-end=\"3254\">Komplett handgefertigt<\/strong><br data-start=\"3254\" data-end=\"3257\">\u2714 <strong data-start=\"3259\" data-end=\"3291\">Entstehung eines Meistermessers<\/strong><br data-start=\"3291\" data-end=\"3294\">\u2714 <strong data-start=\"3296\" data-end=\"3323\">High-End-Oberfl\u00e4chen<\/strong><br data-start=\"3323\" data-end=\"3326\">\u2714 <strong data-start=\"3328\" data-end=\"3361\">Seltenes und sammelw\u00fcrdiges Objekt<\/strong><\/p>\n<p data-start=\"3196\" data-end=\"3361\">\n<h2 data-section-id=\"1iu94hs\" data-start=\"2805\" data-end=\"2847\"><\/h2>\n<p data-start=\"2849\" data-end=\"3010\">\n","protected":false},"excerpt":{"rendered":"<p>Laguiole-Klappmesser aus Aubrac<br \/>\nAlbizia,<br \/>\nGriff, Edelstahlklinge mit Satinlackierung<br \/>\n, Vollgriff<br \/>\n, Hirtenkreuz auf der linken Seite des Messers<br \/>\n, Hand-Guilloch\u00e9-Feder aus geb\u00fcrstetem<br \/>\nEdelstahl, einfache geb\u00fcrstete Edelstahlplatten, fein von Hand<br \/>\ngemei\u00dfelt, Prestige und stilisierter Fliegeform, von Hand geformt.<\/p>\n<p>Griffl\u00e4nge 12 cm<br \/>\nKlingenl\u00e4nge 10 cm<br \/>\nGesamtl\u00e4nge des offenen Messers 22 cm<\/p>\n<p>Geliefert in einer Laguiole-Eichenkiste in Aubrac mit Zertifikat<br \/>\nPersonalisierung auf der Klinge m\u00f6glich<\/p>\n<p>ST\u00dcCK UNIKAT<\/p>\n","protected":false},"featured_media":51163,"template":"","meta":{"_acf_changed":false,"_monsterinsights_skip_tracking":false,"_monsterinsights_sitenote_active":false,"_monsterinsights_sitenote_note":"","_monsterinsights_sitenote_category":0},"product_brand":[],"product_cat":[5938,5939,5943],"product_tag":[6171],"class_list":{"0":"post-50970","1":"product","2":"type-product","3":"status-publish","4":"has-post-thumbnail","6":"product_cat-klappmesser","7":"product_cat-laguiole-klappmesser","8":"product_cat-laguiole-prestiges-messer","9":"product_tag-gravurfeder","10":"pa_composition-couteau-1-stueck-nur-klinge","11":"pa_finition-gebuerstet","12":"pa_lame-gebuersteter-edelstahl","13":"pa_manche-en-bois-albizia","14":"pa_marque-laguiole-en-aubracfr","15":"pa_mitres-ohne-gehrung-vollstaendige-huelse","16":"pa_mouche-geschmiedet","17":"pa_mouche-prestige","18":"pa_platines-einzelplatin","19":"pa_platines-guilloche-muster","20":"pa_ressort-guilloche","21":"pa_taille-du-manche-12-cm","22":"tm-has-options","25":"instock","26":"taxable","27":"shipping-taxable","28":"purchasable","29":"product-type-simple"},"supplier_id":null,"supplier_sku":"","barcode":null,"atum_controlled":true,"out_stock_date":null,"out_stock_threshold":null,"inheritable":false,"inbound_stock":0,"stock_on_hold":0,"sold_today":0,"sales_last_days":0,"reserved_stock":0,"customer_returns":0,"warehouse_damage":0,"lost_in_post":0,"other_logs":0,"out_stock_days":0,"lost_sales":0,"has_location":false,"update_date":"2026-05-08T00:51:10","atum_locations":[],"atum_stock_status":"instock","restock_status":false,"low_stock_amount":"","sales_update_date":"2026-05-08T00:51:10","calc_backorders":0,"acf":[],"yoast_head":"<!-- This site is optimized with the Yoast SEO plugin v27.3 - https:\/\/yoast.com\/product\/yoast-seo-wordpress\/ -->\n<title>Einzigartiges St\u00fcck \u2013 Albibia-Stiel, Prestige-Meissel-Fliege<\/title>\n<meta name=\"description\" content=\"Entdecken Sie dieses einzigartige 12 cm gro\u00dfe handgefertigte Messer. Albizia-Griff, Satinklinge, hand-Guilloch\u00e9 Platten und Feder, gemei\u00dfelter Prestige-Lauf.\" \/>\n<meta name=\"robots\" content=\"index, follow, max-snippet:-1, max-image-preview:large, max-video-preview:-1\" \/>\n<link rel=\"canonical\" href=\"https:\/\/laguiole.com\/de\/produit\/laguiole-messer-in-aubrac-1-stuck-12-cm-vollgriff-aus-albizia-holz-damastklinge-grune-abstandshalter-fly-prestige-einzelstuck-copie\/\" \/>\n<meta property=\"og:locale\" content=\"de_DE\" \/>\n<meta property=\"og:type\" content=\"article\" \/>\n<meta property=\"og:title\" content=\"Einzigartiges St\u00fcck \u2013 Albibia-Stiel, Prestige-Meissel-Fliege\" \/>\n<meta property=\"og:description\" content=\"Entdecken Sie dieses einzigartige 12 cm gro\u00dfe handgefertigte Messer. Albizia-Griff, Satinklinge, hand-Guilloch\u00e9 Platten und Feder, gemei\u00dfelter Prestige-Lauf.\" \/>\n<meta property=\"og:url\" content=\"https:\/\/laguiole.com\/de\/produit\/laguiole-messer-in-aubrac-1-stuck-12-cm-vollgriff-aus-albizia-holz-damastklinge-grune-abstandshalter-fly-prestige-einzelstuck-copie\/\" \/>\n<meta property=\"og:site_name\" content=\"Laguiole.com \u00ae\" \/>\n<meta property=\"article:publisher\" content=\"https:\/\/www.facebook.com\/laguiolecom\/\" \/>\n<meta property=\"article:modified_time\" content=\"2026-03-10T11:37:42+00:00\" \/>\n<meta property=\"og:image\" content=\"https:\/\/laguiole.com\/wp-content\/uploads\/2023\/08\/logo_laguiole_com_\u00ae_300dpi_Noir_et_Blanc.jpg\" \/>\n\t<meta property=\"og:image:width\" content=\"1920\" \/>\n\t<meta property=\"og:image:height\" content=\"854\" \/>\n\t<meta property=\"og:image:type\" content=\"image\/jpeg\" \/>\n<meta name=\"twitter:card\" content=\"summary_large_image\" \/>\n<meta name=\"twitter:label1\" content=\"Gesch\u00e4tzte Lesezeit\" \/>\n\t<meta name=\"twitter:data1\" content=\"2\u00a0Minute\" \/>\n<script type=\"application\/ld+json\" class=\"yoast-schema-graph\">{\"@context\":\"https:\\\/\\\/schema.org\",\"@graph\":[{\"@type\":\"WebPage\",\"@id\":\"https:\\\/\\\/laguiole.com\\\/de\\\/produit\\\/laguiole-messer-in-aubrac-1-stuck-12-cm-vollgriff-aus-albizia-holz-damastklinge-grune-abstandshalter-fly-prestige-einzelstuck-copie\\\/\",\"url\":\"https:\\\/\\\/laguiole.com\\\/de\\\/produit\\\/laguiole-messer-in-aubrac-1-stuck-12-cm-vollgriff-aus-albizia-holz-damastklinge-grune-abstandshalter-fly-prestige-einzelstuck-copie\\\/\",\"name\":\"Einzigartiges St\u00fcck \u2013 Albibia-Stiel, Prestige-Meissel-Fliege\",\"isPartOf\":{\"@id\":\"https:\\\/\\\/laguiole.com\\\/de\\\/#website\"},\"primaryImageOfPage\":{\"@id\":\"https:\\\/\\\/laguiole.com\\\/de\\\/produit\\\/laguiole-messer-in-aubrac-1-stuck-12-cm-vollgriff-aus-albizia-holz-damastklinge-grune-abstandshalter-fly-prestige-einzelstuck-copie\\\/#primaryimage\"},\"image\":{\"@id\":\"https:\\\/\\\/laguiole.com\\\/de\\\/produit\\\/laguiole-messer-in-aubrac-1-stuck-12-cm-vollgriff-aus-albizia-holz-damastklinge-grune-abstandshalter-fly-prestige-einzelstuck-copie\\\/#primaryimage\"},\"thumbnailUrl\":\"https:\\\/\\\/laguiole.com\\\/wp-content\\\/uploads\\\/2026\\\/03\\\/Couteau_Laguiole_en_Aubrac_Plein_Manche_Albizia_Ressort_et_Platines_guillochees_Mouche_Prestige_PIECE_UNIQUE_00.jpg\",\"datePublished\":\"2026-03-10T11:16:53+00:00\",\"dateModified\":\"2026-03-10T11:37:42+00:00\",\"description\":\"Entdecken Sie dieses einzigartige 12 cm gro\u00dfe handgefertigte Messer. Albizia-Griff, Satinklinge, hand-Guilloch\u00e9 Platten und Feder, gemei\u00dfelter Prestige-Lauf.\",\"breadcrumb\":{\"@id\":\"https:\\\/\\\/laguiole.com\\\/de\\\/produit\\\/laguiole-messer-in-aubrac-1-stuck-12-cm-vollgriff-aus-albizia-holz-damastklinge-grune-abstandshalter-fly-prestige-einzelstuck-copie\\\/#breadcrumb\"},\"inLanguage\":\"de\",\"potentialAction\":[{\"@type\":\"ReadAction\",\"target\":[\"https:\\\/\\\/laguiole.com\\\/de\\\/produit\\\/laguiole-messer-in-aubrac-1-stuck-12-cm-vollgriff-aus-albizia-holz-damastklinge-grune-abstandshalter-fly-prestige-einzelstuck-copie\\\/\"]}]},{\"@type\":\"ImageObject\",\"inLanguage\":\"de\",\"@id\":\"https:\\\/\\\/laguiole.com\\\/de\\\/produit\\\/laguiole-messer-in-aubrac-1-stuck-12-cm-vollgriff-aus-albizia-holz-damastklinge-grune-abstandshalter-fly-prestige-einzelstuck-copie\\\/#primaryimage\",\"url\":\"https:\\\/\\\/laguiole.com\\\/wp-content\\\/uploads\\\/2026\\\/03\\\/Couteau_Laguiole_en_Aubrac_Plein_Manche_Albizia_Ressort_et_Platines_guillochees_Mouche_Prestige_PIECE_UNIQUE_00.jpg\",\"contentUrl\":\"https:\\\/\\\/laguiole.com\\\/wp-content\\\/uploads\\\/2026\\\/03\\\/Couteau_Laguiole_en_Aubrac_Plein_Manche_Albizia_Ressort_et_Platines_guillochees_Mouche_Prestige_PIECE_UNIQUE_00.jpg\",\"width\":1033,\"height\":1033,\"caption\":\"Couteau Laguiole en Aubrac 1 Pi\u00e8ce 12 cm Plein Manche en Albizia Ressort et Platines guilloch\u00e9es Mouche Prestige PIECE UNIQUE\"},{\"@type\":\"BreadcrumbList\",\"@id\":\"https:\\\/\\\/laguiole.com\\\/de\\\/produit\\\/laguiole-messer-in-aubrac-1-stuck-12-cm-vollgriff-aus-albizia-holz-damastklinge-grune-abstandshalter-fly-prestige-einzelstuck-copie\\\/#breadcrumb\",\"itemListElement\":[{\"@type\":\"ListItem\",\"position\":1,\"name\":\"Accueil\",\"item\":\"https:\\\/\\\/laguiole.com\\\/de\\\/\"},{\"@type\":\"ListItem\",\"position\":2,\"name\":\"Shop\",\"item\":\"https:\\\/\\\/laguiole.com\\\/de\\\/shop-2\\\/\"},{\"@type\":\"ListItem\",\"position\":3,\"name\":\"Laguiole-Messer in Aubrac 1 St\u00fcck 12 cm Voller Griff in Albizia Feder- und Guilloch\u00e9-Platten fliegen Prestige EINZIGARTIGES ST\u00dcCK\"}]},{\"@type\":\"WebSite\",\"@id\":\"https:\\\/\\\/laguiole.com\\\/de\\\/#website\",\"url\":\"https:\\\/\\\/laguiole.com\\\/de\\\/\",\"name\":\"Laguiole.com\",\"description\":\"Laguiole - Couteau laguiole, Chateau Laguiole, Laguiole en Aubrac, Forge de Laguiole\",\"publisher\":{\"@id\":\"https:\\\/\\\/laguiole.com\\\/de\\\/#organization\"},\"potentialAction\":[{\"@type\":\"SearchAction\",\"target\":{\"@type\":\"EntryPoint\",\"urlTemplate\":\"https:\\\/\\\/laguiole.com\\\/de\\\/?s={search_term_string}\"},\"query-input\":{\"@type\":\"PropertyValueSpecification\",\"valueRequired\":true,\"valueName\":\"search_term_string\"}}],\"inLanguage\":\"de\"},{\"@type\":\"Organization\",\"@id\":\"https:\\\/\\\/laguiole.com\\\/de\\\/#organization\",\"name\":\"Laguiole.com\",\"url\":\"https:\\\/\\\/laguiole.com\\\/de\\\/\",\"logo\":{\"@type\":\"ImageObject\",\"inLanguage\":\"de\",\"@id\":\"https:\\\/\\\/laguiole.com\\\/de\\\/#\\\/schema\\\/logo\\\/image\\\/\",\"url\":\"https:\\\/\\\/laguiole.com\\\/wp-content\\\/uploads\\\/2021\\\/02\\\/logo_laguiole.com-horizontal.jpg\",\"contentUrl\":\"https:\\\/\\\/laguiole.com\\\/wp-content\\\/uploads\\\/2021\\\/02\\\/logo_laguiole.com-horizontal.jpg\",\"width\":490,\"height\":156,\"caption\":\"Laguiole.com\"},\"image\":{\"@id\":\"https:\\\/\\\/laguiole.com\\\/de\\\/#\\\/schema\\\/logo\\\/image\\\/\"},\"sameAs\":[\"https:\\\/\\\/www.facebook.com\\\/laguiolecom\\\/\",\"https:\\\/\\\/www.instagram.com\\\/laguiolecom\\\/\",\"https:\\\/\\\/www.youtube.com\\\/@laguiolecom\\\/videos\"]}]}<\/script>\n<!-- \/ Yoast SEO plugin. -->","yoast_head_json":{"title":"Einzigartiges St\u00fcck \u2013 Albibia-Stiel, Prestige-Meissel-Fliege","description":"Entdecken Sie dieses einzigartige 12 cm gro\u00dfe handgefertigte Messer. Albizia-Griff, Satinklinge, hand-Guilloch\u00e9 Platten und Feder, gemei\u00dfelter Prestige-Lauf.","robots":{"index":"index","follow":"follow","max-snippet":"max-snippet:-1","max-image-preview":"max-image-preview:large","max-video-preview":"max-video-preview:-1"},"canonical":"https:\/\/laguiole.com\/de\/produit\/laguiole-messer-in-aubrac-1-stuck-12-cm-vollgriff-aus-albizia-holz-damastklinge-grune-abstandshalter-fly-prestige-einzelstuck-copie\/","og_locale":"de_DE","og_type":"article","og_title":"Einzigartiges St\u00fcck \u2013 Albibia-Stiel, Prestige-Meissel-Fliege","og_description":"Entdecken Sie dieses einzigartige 12 cm gro\u00dfe handgefertigte Messer. Albizia-Griff, Satinklinge, hand-Guilloch\u00e9 Platten und Feder, gemei\u00dfelter Prestige-Lauf.","og_url":"https:\/\/laguiole.com\/de\/produit\/laguiole-messer-in-aubrac-1-stuck-12-cm-vollgriff-aus-albizia-holz-damastklinge-grune-abstandshalter-fly-prestige-einzelstuck-copie\/","og_site_name":"Laguiole.com \u00ae","article_publisher":"https:\/\/www.facebook.com\/laguiolecom\/","article_modified_time":"2026-03-10T11:37:42+00:00","og_image":[{"width":1920,"height":854,"url":"https:\/\/laguiole.com\/wp-content\/uploads\/2023\/08\/logo_laguiole_com_\u00ae_300dpi_Noir_et_Blanc.jpg","type":"image\/jpeg"}],"twitter_card":"summary_large_image","twitter_misc":{"Gesch\u00e4tzte Lesezeit":"2\u00a0Minute"},"schema":{"@context":"https:\/\/schema.org","@graph":[{"@type":"WebPage","@id":"https:\/\/laguiole.com\/de\/produit\/laguiole-messer-in-aubrac-1-stuck-12-cm-vollgriff-aus-albizia-holz-damastklinge-grune-abstandshalter-fly-prestige-einzelstuck-copie\/","url":"https:\/\/laguiole.com\/de\/produit\/laguiole-messer-in-aubrac-1-stuck-12-cm-vollgriff-aus-albizia-holz-damastklinge-grune-abstandshalter-fly-prestige-einzelstuck-copie\/","name":"Einzigartiges St\u00fcck \u2013 Albibia-Stiel, Prestige-Meissel-Fliege","isPartOf":{"@id":"https:\/\/laguiole.com\/de\/#website"},"primaryImageOfPage":{"@id":"https:\/\/laguiole.com\/de\/produit\/laguiole-messer-in-aubrac-1-stuck-12-cm-vollgriff-aus-albizia-holz-damastklinge-grune-abstandshalter-fly-prestige-einzelstuck-copie\/#primaryimage"},"image":{"@id":"https:\/\/laguiole.com\/de\/produit\/laguiole-messer-in-aubrac-1-stuck-12-cm-vollgriff-aus-albizia-holz-damastklinge-grune-abstandshalter-fly-prestige-einzelstuck-copie\/#primaryimage"},"thumbnailUrl":"https:\/\/laguiole.com\/wp-content\/uploads\/2026\/03\/Couteau_Laguiole_en_Aubrac_Plein_Manche_Albizia_Ressort_et_Platines_guillochees_Mouche_Prestige_PIECE_UNIQUE_00.jpg","datePublished":"2026-03-10T11:16:53+00:00","dateModified":"2026-03-10T11:37:42+00:00","description":"Entdecken Sie dieses einzigartige 12 cm gro\u00dfe handgefertigte Messer. Albizia-Griff, Satinklinge, hand-Guilloch\u00e9 Platten und Feder, gemei\u00dfelter Prestige-Lauf.","breadcrumb":{"@id":"https:\/\/laguiole.com\/de\/produit\/laguiole-messer-in-aubrac-1-stuck-12-cm-vollgriff-aus-albizia-holz-damastklinge-grune-abstandshalter-fly-prestige-einzelstuck-copie\/#breadcrumb"},"inLanguage":"de","potentialAction":[{"@type":"ReadAction","target":["https:\/\/laguiole.com\/de\/produit\/laguiole-messer-in-aubrac-1-stuck-12-cm-vollgriff-aus-albizia-holz-damastklinge-grune-abstandshalter-fly-prestige-einzelstuck-copie\/"]}]},{"@type":"ImageObject","inLanguage":"de","@id":"https:\/\/laguiole.com\/de\/produit\/laguiole-messer-in-aubrac-1-stuck-12-cm-vollgriff-aus-albizia-holz-damastklinge-grune-abstandshalter-fly-prestige-einzelstuck-copie\/#primaryimage","url":"https:\/\/laguiole.com\/wp-content\/uploads\/2026\/03\/Couteau_Laguiole_en_Aubrac_Plein_Manche_Albizia_Ressort_et_Platines_guillochees_Mouche_Prestige_PIECE_UNIQUE_00.jpg","contentUrl":"https:\/\/laguiole.com\/wp-content\/uploads\/2026\/03\/Couteau_Laguiole_en_Aubrac_Plein_Manche_Albizia_Ressort_et_Platines_guillochees_Mouche_Prestige_PIECE_UNIQUE_00.jpg","width":1033,"height":1033,"caption":"Couteau Laguiole en Aubrac 1 Pi\u00e8ce 12 cm Plein Manche en Albizia Ressort et Platines guilloch\u00e9es Mouche Prestige PIECE UNIQUE"},{"@type":"BreadcrumbList","@id":"https:\/\/laguiole.com\/de\/produit\/laguiole-messer-in-aubrac-1-stuck-12-cm-vollgriff-aus-albizia-holz-damastklinge-grune-abstandshalter-fly-prestige-einzelstuck-copie\/#breadcrumb","itemListElement":[{"@type":"ListItem","position":1,"name":"Accueil","item":"https:\/\/laguiole.com\/de\/"},{"@type":"ListItem","position":2,"name":"Shop","item":"https:\/\/laguiole.com\/de\/shop-2\/"},{"@type":"ListItem","position":3,"name":"Laguiole-Messer in Aubrac 1 St\u00fcck 12 cm Voller Griff in Albizia Feder- und Guilloch\u00e9-Platten fliegen Prestige EINZIGARTIGES ST\u00dcCK"}]},{"@type":"WebSite","@id":"https:\/\/laguiole.com\/de\/#website","url":"https:\/\/laguiole.com\/de\/","name":"Laguiole.com","description":"Laguiole - Couteau laguiole, Chateau Laguiole, Laguiole en Aubrac, Forge de Laguiole","publisher":{"@id":"https:\/\/laguiole.com\/de\/#organization"},"potentialAction":[{"@type":"SearchAction","target":{"@type":"EntryPoint","urlTemplate":"https:\/\/laguiole.com\/de\/?s={search_term_string}"},"query-input":{"@type":"PropertyValueSpecification","valueRequired":true,"valueName":"search_term_string"}}],"inLanguage":"de"},{"@type":"Organization","@id":"https:\/\/laguiole.com\/de\/#organization","name":"Laguiole.com","url":"https:\/\/laguiole.com\/de\/","logo":{"@type":"ImageObject","inLanguage":"de","@id":"https:\/\/laguiole.com\/de\/#\/schema\/logo\/image\/","url":"https:\/\/laguiole.com\/wp-content\/uploads\/2021\/02\/logo_laguiole.com-horizontal.jpg","contentUrl":"https:\/\/laguiole.com\/wp-content\/uploads\/2021\/02\/logo_laguiole.com-horizontal.jpg","width":490,"height":156,"caption":"Laguiole.com"},"image":{"@id":"https:\/\/laguiole.com\/de\/#\/schema\/logo\/image\/"},"sameAs":["https:\/\/www.facebook.com\/laguiolecom\/","https:\/\/www.instagram.com\/laguiolecom\/","https:\/\/www.youtube.com\/@laguiolecom\/videos"]}]}},"_links":{"self":[{"href":"https:\/\/laguiole.com\/de\/wp-json\/wp\/v2\/product\/50970","targetHints":{"allow":["GET"]}}],"collection":[{"href":"https:\/\/laguiole.com\/de\/wp-json\/wp\/v2\/product"}],"about":[{"href":"https:\/\/laguiole.com\/de\/wp-json\/wp\/v2\/types\/product"}],"version-history":[{"count":1,"href":"https:\/\/laguiole.com\/de\/wp-json\/wp\/v2\/product\/50970\/revisions"}],"predecessor-version":[{"id":50974,"href":"https:\/\/laguiole.com\/de\/wp-json\/wp\/v2\/product\/50970\/revisions\/50974"}],"wp:featuredmedia":[{"embeddable":true,"href":"https:\/\/laguiole.com\/de\/wp-json\/wp\/v2\/media\/51163"}],"wp:attachment":[{"href":"https:\/\/laguiole.com\/de\/wp-json\/wp\/v2\/media?parent=50970"}],"wp:term":[{"taxonomy":"product_brand","embeddable":true,"href":"https:\/\/laguiole.com\/de\/wp-json\/wp\/v2\/product_brand?post=50970"},{"taxonomy":"product_cat","embeddable":true,"href":"https:\/\/laguiole.com\/de\/wp-json\/wp\/v2\/product_cat?post=50970"},{"taxonomy":"product_tag","embeddable":true,"href":"https:\/\/laguiole.com\/de\/wp-json\/wp\/v2\/product_tag?post=50970"}],"curies":[{"name":"wp","href":"https:\/\/api.w.org\/{rel}","templated":true}]}}