{"id":50954,"date":"2026-03-09T19:33:10","date_gmt":"2026-03-09T18:33:10","guid":{"rendered":"https:\/\/laguiole.com\/?post_type=product&#038;p=50954"},"modified":"2026-05-04T12:47:10","modified_gmt":"2026-05-04T10:47:10","slug":"forge-de-laguiole-tischloffel-im-glanzenden-edelstahl-elegance-sortiment-set-von-6-copie","status":"publish","type":"product","link":"https:\/\/laguiole.com\/de\/produit\/forge-de-laguiole-tischloffel-im-glanzenden-edelstahl-elegance-sortiment-set-von-6-copie\/","title":{"rendered":"Forge de Laguiole Tischteel\u00f6ffel aus Edelstahl mit Satin-Finish Elegance Range (Set von 6)"},"content":{"rendered":"<hr data-start=\"182\" data-end=\"185\">\n<h2 data-section-id=\"16j57sx\" data-start=\"0\" data-end=\"77\">Forge de Laguiole Kaffeel\u00f6ffel oder Dessert-Satin Edelstahlfinish \u2013 Elegance Range<\/h2>\n<h3 data-section-id=\"17jnaet\" data-start=\"79\" data-end=\"122\">Elegantes Design f\u00fcr einen eleganten Tisch<\/h3>\n<p data-start=\"123\" data-end=\"516\">Die <strong data-start=\"127\" data-end=\"217\">Forge de Laguiole Teel\u00f6ffel oder Dessertl\u00f6ffel mit satiniertem Edelstahlfinish \u2013 Die Elegance-Reihe vereint<\/strong> <strong data-start=\"228\" data-end=\"275\">minimalistisches Design und franz\u00f6sisches Know-how<\/strong>. Ihre feine und ausgewogene Linie verleiht <strong data-start=\"329\" data-end=\"383\">Ihrem Tisch sofort eine zeitgem\u00e4\u00dfe und elegante Note<\/strong>. Dank ihres schlichten Stils lassen sich diese L\u00f6ffel problemlos in jede Tischdeckung integrieren, vom klassischsten bis zum modernsten.  <\/p>\n<h3 data-section-id=\"1413s7t\" data-start=\"518\" data-end=\"564\">Solide und langlebige Einteilerkonstruktion<\/h3>\n<p data-start=\"565\" data-end=\"826\">Forge de Laguiole stellt jeden L\u00f6ffel <strong data-start=\"608\" data-end=\"648\">aus einem einzigen Edelstahlblock<\/strong> her. Dieses <strong data-start=\"685\" data-end=\"719\">Einteiler-Design garantiert Festigkeit, Hygiene und Langlebigkeit<\/strong>. Das Fehlen von Baugruppen oder Schrauben verst\u00e4rkt die Festigkeit der Abdeckung und bewahrt <strong data-start=\"800\" data-end=\"825\">die Reinheit der Leitung<\/strong>.  <\/p>\n<p data-start=\"828\" data-end=\"976\">Diese L\u00f6ffel bieten somit eine <strong data-start=\"860\" data-end=\"924\">perfekte Balance zwischen \u00c4sthetik und Herstellungsqualit\u00e4t<\/strong>, treu zu den Anforderungen franz\u00f6sischen Tafelst\u00fccks.<\/p>\n<h3 data-section-id=\"1njfc5l\" data-start=\"978\" data-end=\"1034\">Die Satin-Edelstahl-Oberfl\u00e4che: weich und moderne Eleganz<\/h3>\n<p data-start=\"1035\" data-end=\"1237\">Diese L\u00f6ffel zeichnen sich durch ihr <strong data-start=\"1073\" data-end=\"1098\">satiniertes Finish<\/strong> aus, das f\u00fcr seine diskrete Eleganz sehr gesch\u00e4tzt wird. Handwerker erreichen dieses Finish, indem <strong data-start=\"1190\" data-end=\"1236\">sie den Edelstahl sehr fein b\u00fcrsten<\/strong>. <\/p>\n<p data-start=\"1239\" data-end=\"1490\">Dieser Prozess erzeugt eine <strong data-start=\"1267\" data-end=\"1315\">leicht matte Oberfl\u00e4che, die weich und seidig ist<\/strong>. Im Gegensatz zu einem gl\u00e4nzenden Finish diffusiert Satin-Edelstahl <strong data-start=\"1371\" data-end=\"1413\">das Licht, ohne eine intensive Reflexion<\/strong>. Es schr\u00e4nkt auch die Sichtbarkeit allt\u00e4glicher Spuren und Mikrokratzer ein.  <\/p>\n<p data-start=\"1492\" data-end=\"1611\">Dank dieses <strong data-start=\"1511\" data-end=\"1532\">modernen und dezenten<\/strong> Looks <strong data-start=\"1558\" data-end=\"1585\">bringen diese L\u00f6ffel N\u00fcchternheit und Raffinesse<\/strong> in Ihr Geschirr.<\/p>\n<h3 data-section-id=\"qzq2de\" data-start=\"1613\" data-end=\"1662\">Ein L\u00f6ffel, der angenehm t\u00e4glich zu benutzen ist<\/h3>\n<p data-start=\"1663\" data-end=\"1901\">Die <strong data-start=\"1666\" data-end=\"1707\">weiche und ausgewogene Form des Beh\u00e4lters<\/strong> sorgt f\u00fcr einen angenehmen Geschmack. Es macht es einfach, <strong data-start=\"1778\" data-end=\"1811\">einen Kaffee, Tee oder ein Dessert<\/strong> zu genie\u00dfen. Sein einfaches und ergonomisches Design garantiert <strong data-start=\"1855\" data-end=\"1900\">einen nat\u00fcrlichen und angenehmen Griff<\/strong>.  <\/p>\n<p data-start=\"1903\" data-end=\"2014\">Diese L\u00f6ffel sind daher die perfekte Begleitung <strong data-start=\"1947\" data-end=\"2013\">zu allt\u00e4glichen Gourmetmomenten sowie zu eleganteren Gerichten<\/strong>.<\/p>\n<h3 data-section-id=\"pfwglr\" data-start=\"2016\" data-end=\"2066\">Perfekte Harmonie mit anderem Besteck<\/h3>\n<p data-start=\"2067\" data-end=\"2379\">Die <strong data-start=\"2071\" data-end=\"2130\">Forge de Laguiole Elegance Satin-Teel\u00f6ffel aus Edelstahl<\/strong> werden nat\u00fcrlich mit <strong data-start=\"2162\" data-end=\"2232\">den Gabeln und Essl\u00f6ffeln derselben Elegance-Reihe<\/strong> kombiniert. Sie passen auch gut zu <strong data-start=\"2266\" data-end=\"2299\">vielen Tischmessern<\/strong> und ergeben <strong data-start=\"2327\" data-end=\"2378\">so ein harmonisches und zeitloses Besteckset.<\/strong> <\/p>\n<h3 data-section-id=\"mggasu\" data-start=\"2381\" data-end=\"2417\">Praktische und stilvolle Aufbewahrung<\/h3>\n<p data-start=\"2418\" data-end=\"2587\">Forge de Laguiole liefert diese L\u00f6ffel <strong data-start=\"2456\" data-end=\"2503\">in einem eleganten und praktischen Stoffbeutel<\/strong>. Dieser Beutel verf\u00fcgt \u00fcber <strong data-start=\"2524\" data-end=\"2557\">sechs einzelne F\u00e4cher,<\/strong> die jede Deckung sch\u00fctzen. <\/p>\n<p data-start=\"2589\" data-end=\"2851\">Dann kannst <strong data-start=\"2609\" data-end=\"2663\">du die Tasche zusammenrollen und mit einer Krawatte schlie\u00dfen<\/strong>. Dieses System sch\u00fctzt das Besteck effektiv und bleibt dennoch einfach zu bedienen. Sie l\u00e4sst <strong data-start=\"2751\" data-end=\"2786\">sich leicht in einer Schublade verstauen<\/strong> und <strong data-start=\"2796\" data-end=\"2850\">nimmt viel weniger Platz ein als eine herk\u00f6mmliche Schachtel<\/strong>.  <\/p>\n<h3 data-section-id=\"14vpqnp\" data-start=\"2853\" data-end=\"2887\">Besteck, das f\u00fcr die Langlebigkeit entworfen ist<\/h3>\n<p data-start=\"2888\" data-end=\"3199\">Die <strong data-start=\"2892\" data-end=\"2970\">Forge de Laguiole Satin aus Edelstahl \u2013 Elegante Kaffeel\u00f6ffel oder Dessert verf\u00fchren<\/strong> mit <strong data-start=\"2985\" data-end=\"3057\">ihrer N\u00fcchternheit, ihrer Herstellung und ihrem zeitlosen Design<\/strong>.<\/p>\n<p data-start=\"2888\" data-end=\"3199\">Sie erg\u00e4nzen perfekt die Gabeln und Essl\u00f6ffel derselben Kollektion und schaffen <strong data-start=\"3163\" data-end=\"3198\">einen eleganten und stimmigen Tisch<\/strong>.<\/p>\n","protected":false},"excerpt":{"rendered":"<p>Set aus 6 Essl\u00f6ffeln Forge de Laguiole Elegance Herd in Edelstahl-Satinlack<br \/>\nFlacher Griff komplett aus Edelstahl Satinlack<br \/>\nGesamtgr\u00f6\u00dfe der Teel\u00f6ffel: 18 cm<br \/>\nGeschmiedet in einem Teil, fein und elegant<\/p>\n","protected":false},"featured_media":51066,"template":"","meta":{"_acf_changed":false,"_monsterinsights_skip_tracking":false,"_monsterinsights_sitenote_active":false,"_monsterinsights_sitenote_note":"","_monsterinsights_sitenote_category":0},"product_brand":[],"product_cat":[5955,5957],"product_tag":[],"class_list":{"0":"post-50954","1":"product","2":"type-product","3":"status-publish","4":"has-post-thumbnail","6":"product_cat-laguiole-tafelbesteck","7":"product_cat-loeffel","8":"pa_conditionnement-6-teiliges-set","9":"pa_finition-gebuerstet","10":"pa_finition-kumpel","11":"pa_manche-en-matiere-moderne-komplett-aus-gebuerstetem-edelstahl","12":"pa_marque-forge-de-laguiole","13":"pa_mitres-ohne-gehrung-vollstaendige-huelse","14":"tm-no-options","17":"instock","18":"taxable","19":"shipping-taxable","20":"purchasable","21":"product-type-simple"},"supplier_id":null,"supplier_sku":"","barcode":null,"atum_controlled":true,"out_stock_date":null,"out_stock_threshold":null,"inheritable":false,"inbound_stock":0,"stock_on_hold":0,"sold_today":0,"sales_last_days":0,"reserved_stock":0,"customer_returns":0,"warehouse_damage":0,"lost_in_post":0,"other_logs":0,"out_stock_days":0,"lost_sales":0,"has_location":false,"update_date":"2026-05-07T00:53:33","atum_locations":[],"atum_stock_status":"instock","restock_status":false,"low_stock_amount":"","sales_update_date":"2026-05-07T00:53:33","calc_backorders":0,"acf":[],"yoast_head":"<!-- This site is optimized with the Yoast SEO plugin v27.3 - https:\/\/yoast.com\/product\/yoast-seo-wordpress\/ -->\n<title>Forge de Laguiole Elegance Teel\u00f6ffel \u2013<\/title>\n<meta name=\"description\" content=\"Forge de Laguiole ein einteiliger Satin-Teel\u00f6ffel aus Edelstahl. Elegante matte Satinoberfl\u00e4che, schlankes Design und praktische Aufbewahrung in einem Stoffbeutel.\" \/>\n<meta name=\"robots\" content=\"index, follow, max-snippet:-1, max-image-preview:large, max-video-preview:-1\" \/>\n<link rel=\"canonical\" href=\"https:\/\/laguiole.com\/de\/produit\/forge-de-laguiole-tischloffel-im-glanzenden-edelstahl-elegance-sortiment-set-von-6-copie\/\" \/>\n<meta property=\"og:locale\" content=\"de_DE\" \/>\n<meta property=\"og:type\" content=\"article\" \/>\n<meta property=\"og:title\" content=\"Forge de Laguiole Elegance Teel\u00f6ffel \u2013\" \/>\n<meta property=\"og:description\" content=\"Forge de Laguiole ein einteiliger Satin-Teel\u00f6ffel aus Edelstahl. Elegante matte Satinoberfl\u00e4che, schlankes Design und praktische Aufbewahrung in einem Stoffbeutel.\" \/>\n<meta property=\"og:url\" content=\"https:\/\/laguiole.com\/de\/produit\/forge-de-laguiole-tischloffel-im-glanzenden-edelstahl-elegance-sortiment-set-von-6-copie\/\" \/>\n<meta property=\"og:site_name\" content=\"Laguiole.com \u00ae\" \/>\n<meta property=\"article:publisher\" content=\"https:\/\/www.facebook.com\/laguiolecom\/\" \/>\n<meta property=\"article:modified_time\" content=\"2026-05-04T10:47:10+00:00\" \/>\n<meta property=\"og:image\" content=\"https:\/\/laguiole.com\/wp-content\/uploads\/2023\/08\/logo_laguiole_com_\u00ae_300dpi_Noir_et_Blanc.jpg\" \/>\n\t<meta property=\"og:image:width\" content=\"1920\" \/>\n\t<meta property=\"og:image:height\" content=\"854\" \/>\n\t<meta property=\"og:image:type\" content=\"image\/jpeg\" \/>\n<meta name=\"twitter:card\" content=\"summary_large_image\" \/>\n<meta name=\"twitter:label1\" content=\"Gesch\u00e4tzte Lesezeit\" \/>\n\t<meta name=\"twitter:data1\" content=\"2\u00a0Minute\" \/>\n<script type=\"application\/ld+json\" class=\"yoast-schema-graph\">{\"@context\":\"https:\\\/\\\/schema.org\",\"@graph\":[{\"@type\":\"WebPage\",\"@id\":\"https:\\\/\\\/laguiole.com\\\/de\\\/produit\\\/forge-de-laguiole-tischloffel-im-glanzenden-edelstahl-elegance-sortiment-set-von-6-copie\\\/\",\"url\":\"https:\\\/\\\/laguiole.com\\\/de\\\/produit\\\/forge-de-laguiole-tischloffel-im-glanzenden-edelstahl-elegance-sortiment-set-von-6-copie\\\/\",\"name\":\"Forge de Laguiole Elegance Teel\u00f6ffel \u2013\",\"isPartOf\":{\"@id\":\"https:\\\/\\\/laguiole.com\\\/de\\\/#website\"},\"primaryImageOfPage\":{\"@id\":\"https:\\\/\\\/laguiole.com\\\/de\\\/produit\\\/forge-de-laguiole-tischloffel-im-glanzenden-edelstahl-elegance-sortiment-set-von-6-copie\\\/#primaryimage\"},\"image\":{\"@id\":\"https:\\\/\\\/laguiole.com\\\/de\\\/produit\\\/forge-de-laguiole-tischloffel-im-glanzenden-edelstahl-elegance-sortiment-set-von-6-copie\\\/#primaryimage\"},\"thumbnailUrl\":\"https:\\\/\\\/laguiole.com\\\/wp-content\\\/uploads\\\/2026\\\/03\\\/Cuilleres_a_Cafe_de_table_Forge_de_Laguiole_en_Inox_Finition_Satinee_Gamme_Elegance_Set_de_6_00.jpg\",\"datePublished\":\"2026-03-09T18:33:10+00:00\",\"dateModified\":\"2026-05-04T10:47:10+00:00\",\"description\":\"Forge de Laguiole ein einteiliger Satin-Teel\u00f6ffel aus Edelstahl. Elegante matte Satinoberfl\u00e4che, schlankes Design und praktische Aufbewahrung in einem Stoffbeutel.\",\"breadcrumb\":{\"@id\":\"https:\\\/\\\/laguiole.com\\\/de\\\/produit\\\/forge-de-laguiole-tischloffel-im-glanzenden-edelstahl-elegance-sortiment-set-von-6-copie\\\/#breadcrumb\"},\"inLanguage\":\"de\",\"potentialAction\":[{\"@type\":\"ReadAction\",\"target\":[\"https:\\\/\\\/laguiole.com\\\/de\\\/produit\\\/forge-de-laguiole-tischloffel-im-glanzenden-edelstahl-elegance-sortiment-set-von-6-copie\\\/\"]}]},{\"@type\":\"ImageObject\",\"inLanguage\":\"de\",\"@id\":\"https:\\\/\\\/laguiole.com\\\/de\\\/produit\\\/forge-de-laguiole-tischloffel-im-glanzenden-edelstahl-elegance-sortiment-set-von-6-copie\\\/#primaryimage\",\"url\":\"https:\\\/\\\/laguiole.com\\\/wp-content\\\/uploads\\\/2026\\\/03\\\/Cuilleres_a_Cafe_de_table_Forge_de_Laguiole_en_Inox_Finition_Satinee_Gamme_Elegance_Set_de_6_00.jpg\",\"contentUrl\":\"https:\\\/\\\/laguiole.com\\\/wp-content\\\/uploads\\\/2026\\\/03\\\/Cuilleres_a_Cafe_de_table_Forge_de_Laguiole_en_Inox_Finition_Satinee_Gamme_Elegance_Set_de_6_00.jpg\",\"width\":1033,\"height\":1033,\"caption\":\"Cuill\u00e8res \u00e0 Caf\u00e9 de table Forge de Laguiole en Inox Finition Satin\u00e9e Gamme El\u00e9gance (Set de 6)\"},{\"@type\":\"BreadcrumbList\",\"@id\":\"https:\\\/\\\/laguiole.com\\\/de\\\/produit\\\/forge-de-laguiole-tischloffel-im-glanzenden-edelstahl-elegance-sortiment-set-von-6-copie\\\/#breadcrumb\",\"itemListElement\":[{\"@type\":\"ListItem\",\"position\":1,\"name\":\"Accueil\",\"item\":\"https:\\\/\\\/laguiole.com\\\/de\\\/\"},{\"@type\":\"ListItem\",\"position\":2,\"name\":\"Shop\",\"item\":\"https:\\\/\\\/laguiole.com\\\/de\\\/shop-2\\\/\"},{\"@type\":\"ListItem\",\"position\":3,\"name\":\"Forge de Laguiole Tischteel\u00f6ffel aus Edelstahl mit Satin-Finish Elegance Range (Set von 6)\"}]},{\"@type\":\"WebSite\",\"@id\":\"https:\\\/\\\/laguiole.com\\\/de\\\/#website\",\"url\":\"https:\\\/\\\/laguiole.com\\\/de\\\/\",\"name\":\"Laguiole.com\",\"description\":\"Laguiole - Couteau laguiole, Chateau Laguiole, Laguiole en Aubrac, Forge de Laguiole\",\"publisher\":{\"@id\":\"https:\\\/\\\/laguiole.com\\\/de\\\/#organization\"},\"potentialAction\":[{\"@type\":\"SearchAction\",\"target\":{\"@type\":\"EntryPoint\",\"urlTemplate\":\"https:\\\/\\\/laguiole.com\\\/de\\\/?s={search_term_string}\"},\"query-input\":{\"@type\":\"PropertyValueSpecification\",\"valueRequired\":true,\"valueName\":\"search_term_string\"}}],\"inLanguage\":\"de\"},{\"@type\":\"Organization\",\"@id\":\"https:\\\/\\\/laguiole.com\\\/de\\\/#organization\",\"name\":\"Laguiole.com\",\"url\":\"https:\\\/\\\/laguiole.com\\\/de\\\/\",\"logo\":{\"@type\":\"ImageObject\",\"inLanguage\":\"de\",\"@id\":\"https:\\\/\\\/laguiole.com\\\/de\\\/#\\\/schema\\\/logo\\\/image\\\/\",\"url\":\"https:\\\/\\\/laguiole.com\\\/wp-content\\\/uploads\\\/2021\\\/02\\\/logo_laguiole.com-horizontal.jpg\",\"contentUrl\":\"https:\\\/\\\/laguiole.com\\\/wp-content\\\/uploads\\\/2021\\\/02\\\/logo_laguiole.com-horizontal.jpg\",\"width\":490,\"height\":156,\"caption\":\"Laguiole.com\"},\"image\":{\"@id\":\"https:\\\/\\\/laguiole.com\\\/de\\\/#\\\/schema\\\/logo\\\/image\\\/\"},\"sameAs\":[\"https:\\\/\\\/www.facebook.com\\\/laguiolecom\\\/\",\"https:\\\/\\\/www.instagram.com\\\/laguiolecom\\\/\",\"https:\\\/\\\/www.youtube.com\\\/@laguiolecom\\\/videos\"]}]}<\/script>\n<!-- \/ Yoast SEO plugin. -->","yoast_head_json":{"title":"Forge de Laguiole Elegance Teel\u00f6ffel \u2013","description":"Forge de Laguiole ein einteiliger Satin-Teel\u00f6ffel aus Edelstahl. Elegante matte Satinoberfl\u00e4che, schlankes Design und praktische Aufbewahrung in einem Stoffbeutel.","robots":{"index":"index","follow":"follow","max-snippet":"max-snippet:-1","max-image-preview":"max-image-preview:large","max-video-preview":"max-video-preview:-1"},"canonical":"https:\/\/laguiole.com\/de\/produit\/forge-de-laguiole-tischloffel-im-glanzenden-edelstahl-elegance-sortiment-set-von-6-copie\/","og_locale":"de_DE","og_type":"article","og_title":"Forge de Laguiole Elegance Teel\u00f6ffel \u2013","og_description":"Forge de Laguiole ein einteiliger Satin-Teel\u00f6ffel aus Edelstahl. Elegante matte Satinoberfl\u00e4che, schlankes Design und praktische Aufbewahrung in einem Stoffbeutel.","og_url":"https:\/\/laguiole.com\/de\/produit\/forge-de-laguiole-tischloffel-im-glanzenden-edelstahl-elegance-sortiment-set-von-6-copie\/","og_site_name":"Laguiole.com \u00ae","article_publisher":"https:\/\/www.facebook.com\/laguiolecom\/","article_modified_time":"2026-05-04T10:47:10+00:00","og_image":[{"width":1920,"height":854,"url":"https:\/\/laguiole.com\/wp-content\/uploads\/2023\/08\/logo_laguiole_com_\u00ae_300dpi_Noir_et_Blanc.jpg","type":"image\/jpeg"}],"twitter_card":"summary_large_image","twitter_misc":{"Gesch\u00e4tzte Lesezeit":"2\u00a0Minute"},"schema":{"@context":"https:\/\/schema.org","@graph":[{"@type":"WebPage","@id":"https:\/\/laguiole.com\/de\/produit\/forge-de-laguiole-tischloffel-im-glanzenden-edelstahl-elegance-sortiment-set-von-6-copie\/","url":"https:\/\/laguiole.com\/de\/produit\/forge-de-laguiole-tischloffel-im-glanzenden-edelstahl-elegance-sortiment-set-von-6-copie\/","name":"Forge de Laguiole Elegance Teel\u00f6ffel \u2013","isPartOf":{"@id":"https:\/\/laguiole.com\/de\/#website"},"primaryImageOfPage":{"@id":"https:\/\/laguiole.com\/de\/produit\/forge-de-laguiole-tischloffel-im-glanzenden-edelstahl-elegance-sortiment-set-von-6-copie\/#primaryimage"},"image":{"@id":"https:\/\/laguiole.com\/de\/produit\/forge-de-laguiole-tischloffel-im-glanzenden-edelstahl-elegance-sortiment-set-von-6-copie\/#primaryimage"},"thumbnailUrl":"https:\/\/laguiole.com\/wp-content\/uploads\/2026\/03\/Cuilleres_a_Cafe_de_table_Forge_de_Laguiole_en_Inox_Finition_Satinee_Gamme_Elegance_Set_de_6_00.jpg","datePublished":"2026-03-09T18:33:10+00:00","dateModified":"2026-05-04T10:47:10+00:00","description":"Forge de Laguiole ein einteiliger Satin-Teel\u00f6ffel aus Edelstahl. Elegante matte Satinoberfl\u00e4che, schlankes Design und praktische Aufbewahrung in einem Stoffbeutel.","breadcrumb":{"@id":"https:\/\/laguiole.com\/de\/produit\/forge-de-laguiole-tischloffel-im-glanzenden-edelstahl-elegance-sortiment-set-von-6-copie\/#breadcrumb"},"inLanguage":"de","potentialAction":[{"@type":"ReadAction","target":["https:\/\/laguiole.com\/de\/produit\/forge-de-laguiole-tischloffel-im-glanzenden-edelstahl-elegance-sortiment-set-von-6-copie\/"]}]},{"@type":"ImageObject","inLanguage":"de","@id":"https:\/\/laguiole.com\/de\/produit\/forge-de-laguiole-tischloffel-im-glanzenden-edelstahl-elegance-sortiment-set-von-6-copie\/#primaryimage","url":"https:\/\/laguiole.com\/wp-content\/uploads\/2026\/03\/Cuilleres_a_Cafe_de_table_Forge_de_Laguiole_en_Inox_Finition_Satinee_Gamme_Elegance_Set_de_6_00.jpg","contentUrl":"https:\/\/laguiole.com\/wp-content\/uploads\/2026\/03\/Cuilleres_a_Cafe_de_table_Forge_de_Laguiole_en_Inox_Finition_Satinee_Gamme_Elegance_Set_de_6_00.jpg","width":1033,"height":1033,"caption":"Cuill\u00e8res \u00e0 Caf\u00e9 de table Forge de Laguiole en Inox Finition Satin\u00e9e Gamme El\u00e9gance (Set de 6)"},{"@type":"BreadcrumbList","@id":"https:\/\/laguiole.com\/de\/produit\/forge-de-laguiole-tischloffel-im-glanzenden-edelstahl-elegance-sortiment-set-von-6-copie\/#breadcrumb","itemListElement":[{"@type":"ListItem","position":1,"name":"Accueil","item":"https:\/\/laguiole.com\/de\/"},{"@type":"ListItem","position":2,"name":"Shop","item":"https:\/\/laguiole.com\/de\/shop-2\/"},{"@type":"ListItem","position":3,"name":"Forge de Laguiole Tischteel\u00f6ffel aus Edelstahl mit Satin-Finish Elegance Range (Set von 6)"}]},{"@type":"WebSite","@id":"https:\/\/laguiole.com\/de\/#website","url":"https:\/\/laguiole.com\/de\/","name":"Laguiole.com","description":"Laguiole - Couteau laguiole, Chateau Laguiole, Laguiole en Aubrac, Forge de Laguiole","publisher":{"@id":"https:\/\/laguiole.com\/de\/#organization"},"potentialAction":[{"@type":"SearchAction","target":{"@type":"EntryPoint","urlTemplate":"https:\/\/laguiole.com\/de\/?s={search_term_string}"},"query-input":{"@type":"PropertyValueSpecification","valueRequired":true,"valueName":"search_term_string"}}],"inLanguage":"de"},{"@type":"Organization","@id":"https:\/\/laguiole.com\/de\/#organization","name":"Laguiole.com","url":"https:\/\/laguiole.com\/de\/","logo":{"@type":"ImageObject","inLanguage":"de","@id":"https:\/\/laguiole.com\/de\/#\/schema\/logo\/image\/","url":"https:\/\/laguiole.com\/wp-content\/uploads\/2021\/02\/logo_laguiole.com-horizontal.jpg","contentUrl":"https:\/\/laguiole.com\/wp-content\/uploads\/2021\/02\/logo_laguiole.com-horizontal.jpg","width":490,"height":156,"caption":"Laguiole.com"},"image":{"@id":"https:\/\/laguiole.com\/de\/#\/schema\/logo\/image\/"},"sameAs":["https:\/\/www.facebook.com\/laguiolecom\/","https:\/\/www.instagram.com\/laguiolecom\/","https:\/\/www.youtube.com\/@laguiolecom\/videos"]}]}},"_links":{"self":[{"href":"https:\/\/laguiole.com\/de\/wp-json\/wp\/v2\/product\/50954","targetHints":{"allow":["GET"]}}],"collection":[{"href":"https:\/\/laguiole.com\/de\/wp-json\/wp\/v2\/product"}],"about":[{"href":"https:\/\/laguiole.com\/de\/wp-json\/wp\/v2\/types\/product"}],"version-history":[{"count":1,"href":"https:\/\/laguiole.com\/de\/wp-json\/wp\/v2\/product\/50954\/revisions"}],"predecessor-version":[{"id":50957,"href":"https:\/\/laguiole.com\/de\/wp-json\/wp\/v2\/product\/50954\/revisions\/50957"}],"wp:featuredmedia":[{"embeddable":true,"href":"https:\/\/laguiole.com\/de\/wp-json\/wp\/v2\/media\/51066"}],"wp:attachment":[{"href":"https:\/\/laguiole.com\/de\/wp-json\/wp\/v2\/media?parent=50954"}],"wp:term":[{"taxonomy":"product_brand","embeddable":true,"href":"https:\/\/laguiole.com\/de\/wp-json\/wp\/v2\/product_brand?post=50954"},{"taxonomy":"product_cat","embeddable":true,"href":"https:\/\/laguiole.com\/de\/wp-json\/wp\/v2\/product_cat?post=50954"},{"taxonomy":"product_tag","embeddable":true,"href":"https:\/\/laguiole.com\/de\/wp-json\/wp\/v2\/product_tag?post=50954"}],"curies":[{"name":"wp","href":"https:\/\/api.w.org\/{rel}","templated":true}]}}